{"id":194233,"date":"2025-05-16T09:30:12","date_gmt":"2025-05-16T13:30:37","guid":{"rendered":"https:\/\/unstamps.org\/?post_type=product&#038;p=194233"},"modified":"2026-01-09T11:53:13","modified_gmt":"2026-01-09T16:53:13","slug":"100eme-anniversaire-du-musee-du-palais-imperial-de-pekin","status":"publish","type":"product","link":"https:\/\/unstamps.org\/fr\/produit\/100eme-anniversaire-du-musee-du-palais-imperial-de-pekin\/","title":{"rendered":"100\u00e8me Anniversaire Du Mus\u00e9e Du Palais Imp\u00e9rial De P\u00e9kin"},"content":{"rendered":"<p>Le 18 mai 2025, l&#8217;Administration postale des Nations Unies comm\u00e9morera la Journ\u00e9e internationale des mus\u00e9es et le 100\u00e8me anniversaire du mus\u00e9e du Palais imp\u00e9rial en \u00e9mettant une feuille d\u2019\u00e9v\u00e9nement sp\u00e9cial de New York. Les 10 timbres d&#8217;une valeur de 1,65 $ mettent en valeur la valeur culturelle et historique du mus\u00e9e du Palais en tant que site du patrimoine culturel mondial et transmettent au monde entier le charme de la culture traditionnelle chinoise.<\/p>\n<p>Le mus\u00e9e du Palais, situ\u00e9 dans la Cit\u00e9 interdite au c\u0153ur de P\u00e9kin, en Chine, a \u00e9t\u00e9 fond\u00e9 le 10 octobre 1925. Il est construit sur le site des palais imp\u00e9riaux des dynasties Ming et Qing . En 1987, la Cit\u00e9 interdite a \u00e9t\u00e9 inscrite au patrimoine culturel mondial de l&#8217;UNESCO.<\/p>\n<p>La feuille de timbres comporte des motifs floraux s\u00e9lectionn\u00e9s parmi dix reliques culturelles de la collection du mus\u00e9e. Chaque fleur &#8211; comme le magnolia, la pivoine, la fleur de prunier et le lotus &#8211; a une signification culturelle profonde et c\u00e9l\u00e8bre la beaut\u00e9 de la diversit\u00e9 et la vitalit\u00e9 \u00e9ternelle.<\/p>\n<p>Les dessins et mod\u00e8les, colonne de gauche, de haut en bas<\/p>\n<ol>\n<li>Album de fleurs et d&#8217;oiseaux : Fleur de pommier, par Yu Zhi, dynastie Qing (1644-1911)<\/li>\n<li>Lit en laque noire avec incrustation de motifs de fleurs et d&#8217;oiseaux en nacre, dynastie Ming (1368-1644)<\/li>\n<li>Coupe en or incrust\u00e9e de joyaux avec inscription \u00ab Territoire \u00e9ternel \u00bb, r\u00e8gne de Qianlong, dynastie Qing (1644-1911)<\/li>\n<li>Bonsa\u00ef au tr\u00e9sor dans un pot en or, dynastie Qing (1644-1911)<\/li>\n<li>Assiette \u00e0 tige en \u00e9mail peint avec motifs de fleurs, de fruits et de vignes, dynastie Qing (1644-1911)<\/li>\n<\/ol>\n<p>Les motifs, colonne de droite, de haut en bas<\/p>\n<ol start=\"6\">\n<li>Costume de d\u00e9esse des fleurs en satin vert brod\u00e9 d\u2019Osmanthus, de lapin et de motifs floraux ronds, dynastie Qing (1644-1911)<\/li>\n<li>Bol en \u00e9mail peint en jaune glac\u00e9 avec un motif d&#8217;orchid\u00e9e et de rocher, r\u00e8gne de Yongzheng, dynastie Qing (1644-1911)<\/li>\n<li>Plat en laque rouge sculpt\u00e9 avec Narcisse, dynastie Yuan (1279-1368)<\/li>\n<li>Bo\u00eete en bois de bouleau avec incrustations de pierres pr\u00e9cieuses symbolisant la richesse et la noblesse de la salle de jade, dynastie Ming (1368-1644)<\/li>\n<li>Carreaux \u00e9maill\u00e9s du mur-\u00e9cran \u00e0 l&#8217;int\u00e9rieur de la porte de l&#8217;observation de la droiture, salle de la culture mentale<\/li>\n<\/ol>\n<p>&nbsp;<\/p>\n<p><strong>Caract\u00e9ristiques techniques<\/strong><br \/>\n<strong>Taille du cachet<\/strong> : 40,6 mm x 29,8 mm<br \/>\n<strong>Taille de l&#8217;onglet<\/strong> : 26,6 mm x 29,8 mm<br \/>\n<strong>Format de la feuille<\/strong> : 279,4 mm x 215,9 mm<br \/>\n<strong>Nombre de pi\u00e8ces<\/strong> : 16,800<br \/>\n<strong>Imprimeur<\/strong> : Cartor Security Printing (France)<br \/>\n<strong>Projet<\/strong> : Wu Di, Zhang Lei<br \/>\n<strong>Design<\/strong> : : Zhang Panjian, Zhang Qingfeng<\/p>\n<p>Les clients qui ont des abonnements aux feuilles de timbres d\u2019\u00e9v\u00e9nements sp\u00e9ciaux (394) recevront automatiquement les feuilles de timbres par l&#8217;interm\u00e9diaire de leur compte.<\/p>\n","protected":false},"excerpt":{"rendered":"<p>Le 18 mai 2025, l&#8217;Administration postale des Nations Unies comm\u00e9morera la Journ\u00e9e internationale des mus\u00e9es et le 100\u00e8me anniversaire du mus\u00e9e du Palais imp\u00e9rial en \u00e9mettant une feuille d\u2019\u00e9v\u00e9nement sp\u00e9cial de New York. Les 10 timbres d&#8217;une valeur de 1,65 $ mettent en valeur la valeur culturelle et historique du mus\u00e9e du Palais en tant [&hellip;]<\/p>\n","protected":false},"featured_media":194223,"comment_status":"closed","ping_status":"closed","template":"","meta":{"ngg_post_thumbnail":0},"product_brand":[],"product_cat":[2953,162,140],"product_tag":[],"class_list":{"0":"post-194233","1":"product","2":"type-product","3":"status-publish","4":"has-post-thumbnail","6":"product_cat-2025-fr","7":"product_cat-feuilles-personnalisees","8":"product_cat-new-york-issuing-office-fr","9":"pa_condition-cancelled-fr","10":"pa_condition-mint-fr","12":"first","13":"outofstock","14":"shipping-taxable","15":"purchasable","16":"product-type-variable"},"yoast_head":"<!-- This site is optimized with the Yoast SEO plugin v27.4 - https:\/\/yoast.com\/product\/yoast-seo-wordpress\/ -->\n<title>100\u00e8me Anniversaire Du Mus\u00e9e Du Palais Imp\u00e9rial De P\u00e9kin - UN Timbres<\/title>\n<meta name=\"robots\" content=\"index, follow, max-snippet:-1, max-image-preview:large, max-video-preview:-1\" \/>\n<link rel=\"canonical\" href=\"https:\/\/unstamps.org\/fr\/produit\/100eme-anniversaire-du-musee-du-palais-imperial-de-pekin\/\" \/>\n<meta property=\"og:locale\" content=\"fr_FR\" \/>\n<meta property=\"og:type\" content=\"article\" \/>\n<meta property=\"og:title\" content=\"100\u00e8me Anniversaire Du Mus\u00e9e Du Palais Imp\u00e9rial De P\u00e9kin - UN Timbres\" \/>\n<meta property=\"og:description\" content=\"Le 18 mai 2025, l&#8217;Administration postale des Nations Unies comm\u00e9morera la Journ\u00e9e internationale des mus\u00e9es et le 100\u00e8me anniversaire du mus\u00e9e du Palais imp\u00e9rial en \u00e9mettant une feuille d\u2019\u00e9v\u00e9nement sp\u00e9cial de New York. Les 10 timbres d&#8217;une valeur de 1,65 $ mettent en valeur la valeur culturelle et historique du mus\u00e9e du Palais en tant [&hellip;]\" \/>\n<meta property=\"og:url\" content=\"https:\/\/unstamps.org\/fr\/produit\/100eme-anniversaire-du-musee-du-palais-imperial-de-pekin\/\" \/>\n<meta property=\"og:site_name\" content=\"UN Timbres\" \/>\n<meta property=\"article:modified_time\" content=\"2026-01-09T16:53:13+00:00\" \/>\n<meta property=\"og:image\" content=\"https:\/\/unstamps.org\/wp-content\/uploads\/2025\/05\/2025-Palace-Museum-PSS-Sheet-Mint.jpg\" \/>\n\t<meta property=\"og:image:width\" content=\"1024\" \/>\n\t<meta property=\"og:image:height\" content=\"1024\" \/>\n\t<meta property=\"og:image:type\" content=\"image\/jpeg\" \/>\n<meta name=\"twitter:card\" content=\"summary_large_image\" \/>\n<meta name=\"twitter:label1\" content=\"Dur\u00e9e de lecture estim\u00e9e\" \/>\n\t<meta name=\"twitter:data1\" content=\"2 minutes\" \/>\n<script type=\"application\/ld+json\" class=\"yoast-schema-graph\">{\"@context\":\"https:\\\/\\\/schema.org\",\"@graph\":[{\"@type\":\"WebPage\",\"@id\":\"https:\\\/\\\/unstamps.org\\\/fr\\\/produit\\\/100eme-anniversaire-du-musee-du-palais-imperial-de-pekin\\\/\",\"url\":\"https:\\\/\\\/unstamps.org\\\/fr\\\/produit\\\/100eme-anniversaire-du-musee-du-palais-imperial-de-pekin\\\/\",\"name\":\"100\u00e8me Anniversaire Du Mus\u00e9e Du Palais Imp\u00e9rial De P\u00e9kin - UN Timbres\",\"isPartOf\":{\"@id\":\"https:\\\/\\\/unstamps.org\\\/fr\\\/#website\"},\"primaryImageOfPage\":{\"@id\":\"https:\\\/\\\/unstamps.org\\\/fr\\\/produit\\\/100eme-anniversaire-du-musee-du-palais-imperial-de-pekin\\\/#primaryimage\"},\"image\":{\"@id\":\"https:\\\/\\\/unstamps.org\\\/fr\\\/produit\\\/100eme-anniversaire-du-musee-du-palais-imperial-de-pekin\\\/#primaryimage\"},\"thumbnailUrl\":\"https:\\\/\\\/unstamps.org\\\/wp-content\\\/uploads\\\/2025\\\/05\\\/2025-Palace-Museum-PSS-Sheet-Mint.jpg\",\"datePublished\":\"2025-05-16T13:30:37+00:00\",\"dateModified\":\"2026-01-09T16:53:13+00:00\",\"breadcrumb\":{\"@id\":\"https:\\\/\\\/unstamps.org\\\/fr\\\/produit\\\/100eme-anniversaire-du-musee-du-palais-imperial-de-pekin\\\/#breadcrumb\"},\"inLanguage\":\"fr-FR\",\"potentialAction\":[{\"@type\":\"ReadAction\",\"target\":[\"https:\\\/\\\/unstamps.org\\\/fr\\\/produit\\\/100eme-anniversaire-du-musee-du-palais-imperial-de-pekin\\\/\"]}]},{\"@type\":\"ImageObject\",\"inLanguage\":\"fr-FR\",\"@id\":\"https:\\\/\\\/unstamps.org\\\/fr\\\/produit\\\/100eme-anniversaire-du-musee-du-palais-imperial-de-pekin\\\/#primaryimage\",\"url\":\"https:\\\/\\\/unstamps.org\\\/wp-content\\\/uploads\\\/2025\\\/05\\\/2025-Palace-Museum-PSS-Sheet-Mint.jpg\",\"contentUrl\":\"https:\\\/\\\/unstamps.org\\\/wp-content\\\/uploads\\\/2025\\\/05\\\/2025-Palace-Museum-PSS-Sheet-Mint.jpg\",\"width\":1024,\"height\":1024},{\"@type\":\"BreadcrumbList\",\"@id\":\"https:\\\/\\\/unstamps.org\\\/fr\\\/produit\\\/100eme-anniversaire-du-musee-du-palais-imperial-de-pekin\\\/#breadcrumb\",\"itemListElement\":[{\"@type\":\"ListItem\",\"position\":1,\"name\":\"Home\",\"item\":\"https:\\\/\\\/unstamps.org\\\/fr\\\/\"},{\"@type\":\"ListItem\",\"position\":2,\"name\":\"Les produits\",\"item\":\"https:\\\/\\\/unstamps.org\\\/fr\\\/les-produits\\\/\"},{\"@type\":\"ListItem\",\"position\":3,\"name\":\"100\u00e8me Anniversaire Du Mus\u00e9e Du Palais Imp\u00e9rial De P\u00e9kin\"}]},{\"@type\":\"WebSite\",\"@id\":\"https:\\\/\\\/unstamps.org\\\/fr\\\/#website\",\"url\":\"https:\\\/\\\/unstamps.org\\\/fr\\\/\",\"name\":\"UN Stamps\",\"description\":\"United Nations Stamps\",\"publisher\":{\"@id\":\"https:\\\/\\\/unstamps.org\\\/fr\\\/#organization\"},\"potentialAction\":[{\"@type\":\"SearchAction\",\"target\":{\"@type\":\"EntryPoint\",\"urlTemplate\":\"https:\\\/\\\/unstamps.org\\\/fr\\\/?s={search_term_string}\"},\"query-input\":{\"@type\":\"PropertyValueSpecification\",\"valueRequired\":true,\"valueName\":\"search_term_string\"}}],\"inLanguage\":\"fr-FR\"},{\"@type\":\"Organization\",\"@id\":\"https:\\\/\\\/unstamps.org\\\/fr\\\/#organization\",\"name\":\"UN Stamps\",\"url\":\"https:\\\/\\\/unstamps.org\\\/fr\\\/\",\"logo\":{\"@type\":\"ImageObject\",\"inLanguage\":\"fr-FR\",\"@id\":\"https:\\\/\\\/unstamps.org\\\/fr\\\/#\\\/schema\\\/logo\\\/image\\\/\",\"url\":\"https:\\\/\\\/unstamps.org\\\/wp-content\\\/uploads\\\/2014\\\/01\\\/logo4web.jpg\",\"contentUrl\":\"https:\\\/\\\/unstamps.org\\\/wp-content\\\/uploads\\\/2014\\\/01\\\/logo4web.jpg\",\"width\":2500,\"height\":250,\"caption\":\"UN Stamps\"},\"image\":{\"@id\":\"https:\\\/\\\/unstamps.org\\\/fr\\\/#\\\/schema\\\/logo\\\/image\\\/\"}}]}<\/script>\n<!-- \/ Yoast SEO plugin. -->","yoast_head_json":{"title":"100\u00e8me Anniversaire Du Mus\u00e9e Du Palais Imp\u00e9rial De P\u00e9kin - UN Timbres","robots":{"index":"index","follow":"follow","max-snippet":"max-snippet:-1","max-image-preview":"max-image-preview:large","max-video-preview":"max-video-preview:-1"},"canonical":"https:\/\/unstamps.org\/fr\/produit\/100eme-anniversaire-du-musee-du-palais-imperial-de-pekin\/","og_locale":"fr_FR","og_type":"article","og_title":"100\u00e8me Anniversaire Du Mus\u00e9e Du Palais Imp\u00e9rial De P\u00e9kin - UN Timbres","og_description":"Le 18 mai 2025, l&#8217;Administration postale des Nations Unies comm\u00e9morera la Journ\u00e9e internationale des mus\u00e9es et le 100\u00e8me anniversaire du mus\u00e9e du Palais imp\u00e9rial en \u00e9mettant une feuille d\u2019\u00e9v\u00e9nement sp\u00e9cial de New York. Les 10 timbres d&#8217;une valeur de 1,65 $ mettent en valeur la valeur culturelle et historique du mus\u00e9e du Palais en tant [&hellip;]","og_url":"https:\/\/unstamps.org\/fr\/produit\/100eme-anniversaire-du-musee-du-palais-imperial-de-pekin\/","og_site_name":"UN Timbres","article_modified_time":"2026-01-09T16:53:13+00:00","og_image":[{"width":1024,"height":1024,"url":"https:\/\/unstamps.org\/wp-content\/uploads\/2025\/05\/2025-Palace-Museum-PSS-Sheet-Mint.jpg","type":"image\/jpeg"}],"twitter_card":"summary_large_image","twitter_misc":{"Dur\u00e9e de lecture estim\u00e9e":"2 minutes"},"schema":{"@context":"https:\/\/schema.org","@graph":[{"@type":"WebPage","@id":"https:\/\/unstamps.org\/fr\/produit\/100eme-anniversaire-du-musee-du-palais-imperial-de-pekin\/","url":"https:\/\/unstamps.org\/fr\/produit\/100eme-anniversaire-du-musee-du-palais-imperial-de-pekin\/","name":"100\u00e8me Anniversaire Du Mus\u00e9e Du Palais Imp\u00e9rial De P\u00e9kin - UN Timbres","isPartOf":{"@id":"https:\/\/unstamps.org\/fr\/#website"},"primaryImageOfPage":{"@id":"https:\/\/unstamps.org\/fr\/produit\/100eme-anniversaire-du-musee-du-palais-imperial-de-pekin\/#primaryimage"},"image":{"@id":"https:\/\/unstamps.org\/fr\/produit\/100eme-anniversaire-du-musee-du-palais-imperial-de-pekin\/#primaryimage"},"thumbnailUrl":"https:\/\/unstamps.org\/wp-content\/uploads\/2025\/05\/2025-Palace-Museum-PSS-Sheet-Mint.jpg","datePublished":"2025-05-16T13:30:37+00:00","dateModified":"2026-01-09T16:53:13+00:00","breadcrumb":{"@id":"https:\/\/unstamps.org\/fr\/produit\/100eme-anniversaire-du-musee-du-palais-imperial-de-pekin\/#breadcrumb"},"inLanguage":"fr-FR","potentialAction":[{"@type":"ReadAction","target":["https:\/\/unstamps.org\/fr\/produit\/100eme-anniversaire-du-musee-du-palais-imperial-de-pekin\/"]}]},{"@type":"ImageObject","inLanguage":"fr-FR","@id":"https:\/\/unstamps.org\/fr\/produit\/100eme-anniversaire-du-musee-du-palais-imperial-de-pekin\/#primaryimage","url":"https:\/\/unstamps.org\/wp-content\/uploads\/2025\/05\/2025-Palace-Museum-PSS-Sheet-Mint.jpg","contentUrl":"https:\/\/unstamps.org\/wp-content\/uploads\/2025\/05\/2025-Palace-Museum-PSS-Sheet-Mint.jpg","width":1024,"height":1024},{"@type":"BreadcrumbList","@id":"https:\/\/unstamps.org\/fr\/produit\/100eme-anniversaire-du-musee-du-palais-imperial-de-pekin\/#breadcrumb","itemListElement":[{"@type":"ListItem","position":1,"name":"Home","item":"https:\/\/unstamps.org\/fr\/"},{"@type":"ListItem","position":2,"name":"Les produits","item":"https:\/\/unstamps.org\/fr\/les-produits\/"},{"@type":"ListItem","position":3,"name":"100\u00e8me Anniversaire Du Mus\u00e9e Du Palais Imp\u00e9rial De P\u00e9kin"}]},{"@type":"WebSite","@id":"https:\/\/unstamps.org\/fr\/#website","url":"https:\/\/unstamps.org\/fr\/","name":"UN Stamps","description":"United Nations Stamps","publisher":{"@id":"https:\/\/unstamps.org\/fr\/#organization"},"potentialAction":[{"@type":"SearchAction","target":{"@type":"EntryPoint","urlTemplate":"https:\/\/unstamps.org\/fr\/?s={search_term_string}"},"query-input":{"@type":"PropertyValueSpecification","valueRequired":true,"valueName":"search_term_string"}}],"inLanguage":"fr-FR"},{"@type":"Organization","@id":"https:\/\/unstamps.org\/fr\/#organization","name":"UN Stamps","url":"https:\/\/unstamps.org\/fr\/","logo":{"@type":"ImageObject","inLanguage":"fr-FR","@id":"https:\/\/unstamps.org\/fr\/#\/schema\/logo\/image\/","url":"https:\/\/unstamps.org\/wp-content\/uploads\/2014\/01\/logo4web.jpg","contentUrl":"https:\/\/unstamps.org\/wp-content\/uploads\/2014\/01\/logo4web.jpg","width":2500,"height":250,"caption":"UN Stamps"},"image":{"@id":"https:\/\/unstamps.org\/fr\/#\/schema\/logo\/image\/"}}]}},"jetpack_sharing_enabled":true,"publishpress_future_action":{"enabled":false,"date":"2026-04-24 13:49:13","action":"change-status","newStatus":"private","terms":[],"taxonomy":"product_cat","extraData":[]},"publishpress_future_workflow_manual_trigger":{"enabledWorkflows":[]},"_links":{"self":[{"href":"https:\/\/unstamps.org\/fr\/wp-json\/wp\/v2\/product\/194233","targetHints":{"allow":["GET"]}}],"collection":[{"href":"https:\/\/unstamps.org\/fr\/wp-json\/wp\/v2\/product"}],"about":[{"href":"https:\/\/unstamps.org\/fr\/wp-json\/wp\/v2\/types\/product"}],"replies":[{"embeddable":true,"href":"https:\/\/unstamps.org\/fr\/wp-json\/wp\/v2\/comments?post=194233"}],"wp:featuredmedia":[{"embeddable":true,"href":"https:\/\/unstamps.org\/fr\/wp-json\/wp\/v2\/media\/194223"}],"wp:attachment":[{"href":"https:\/\/unstamps.org\/fr\/wp-json\/wp\/v2\/media?parent=194233"}],"wp:term":[{"taxonomy":"product_brand","embeddable":true,"href":"https:\/\/unstamps.org\/fr\/wp-json\/wp\/v2\/product_brand?post=194233"},{"taxonomy":"product_cat","embeddable":true,"href":"https:\/\/unstamps.org\/fr\/wp-json\/wp\/v2\/product_cat?post=194233"},{"taxonomy":"product_tag","embeddable":true,"href":"https:\/\/unstamps.org\/fr\/wp-json\/wp\/v2\/product_tag?post=194233"}],"curies":[{"name":"wp","href":"https:\/\/api.w.org\/{rel}","templated":true}]}}