{"id":193514,"date":"2025-04-21T15:05:58","date_gmt":"2025-04-21T19:06:41","guid":{"rendered":"https:\/\/unstamps.org\/?post_type=product&#038;p=193514"},"modified":"2026-01-09T11:53:12","modified_gmt":"2026-01-09T16:53:12","slug":"especes-menacees-dextinction-2025-jeu-de-timbres","status":"publish","type":"product","link":"https:\/\/unstamps.org\/fr\/produit\/especes-menacees-dextinction-2025-jeu-de-timbres\/","title":{"rendered":"Esp\u00e8ces menac\u00e9es d\u2019extinction 2025\u00a0\u2013 Jeu de timbres"},"content":{"rendered":"<p><strong>Date d\u2019\u00e9mission:<\/strong> 25 avril 2025<br \/>\n<strong>Artistes:<\/strong> Charlotte Holden (USA) &#8211; New York<br \/>\nMariana Renter\u00eda (Mexique) &#8211; Gen\u00e8ve<br \/>\nSimone Zoccante (Italie) &#8211; Vienne<br \/>\n<strong>Concepteur:<\/strong> Rorie Katz (Nations Unies)<br \/>\n<strong>Format de timbre:<\/strong> 39,2 mm x 28,6 mm<br \/>\n<strong>Timbres par feuille:<\/strong> 16 (4 dessins par feuille)<br \/>\n<strong>Imprimeur:<\/strong> Joh. Ensched\u00e9 Stamps Security Printers B.V. (Pays-Bas)<br \/>\n<strong>Reproduction:<\/strong> Lithographie offset<br \/>\n<strong>Dentelure:<\/strong> 12 \u00bd x 12 \u00be<br \/>\n<strong>Quantit\u00e9s<\/strong><br \/>\n$1,65 7,500 feuilles<br \/>\nCHF 1,90 7,500 feuilles<br \/>\n\u20ac1,50  8,500 feuilles <\/p>\n<p><strong>Les dessins<\/strong><br \/>\n<strong>New York \u2013 US$1.65<\/strong><br \/>\nAfrican Rosewood (Pterocarpus erinaceus)<br \/>\nAfrican Penguin (Spheniscus demersus)<br \/>\nBee Orchid (Ophrys apifera)<br \/>\nBall Python (Python regius)<\/p>\n<p><strong>Gen\u00e8ve \u2013 CHF 1,90<\/strong><br \/>\nBulnesia Sarmentoi (Gonopterodendron sarmientoi)<br \/>\nShort-snouted seahorse (Hippocampus hippocampus)<br \/>\nJatamansi (Nardostachys jatamansi )<br \/>\nWhite-headed duck (Oxyura leucocephala)<\/p>\n<p><strong><strong>Vienne \u2013 \u20ac1,50<\/strong><\/strong><br \/>\nGolden root (Rhodiola rosea)<br \/>\nRed-eyed treefrog (Agalychnis callidryas)<br \/>\nPygmy hippopatamus (Hexaprotodon liberiensis)<br \/>\nGrey-crowned Crane (Balearica regulorum)<\/p>\n","protected":false},"excerpt":{"rendered":"<p>Date d\u2019\u00e9mission: 25 avril 2025 Artistes: Charlotte Holden (USA) &#8211; New York Mariana Renter\u00eda (Mexique) &#8211; Gen\u00e8ve Simone Zoccante (Italie) &#8211; Vienne Concepteur: Rorie Katz (Nations Unies) Format de timbre: 39,2 mm x 28,6 mm Timbres par feuille: 16 (4 dessins par feuille) Imprimeur: Joh. Ensched\u00e9 Stamps Security Printers B.V. (Pays-Bas) Reproduction: Lithographie offset Dentelure: [&hellip;]<\/p>\n","protected":false},"featured_media":193939,"comment_status":"closed","ping_status":"closed","template":"","meta":{"ngg_post_thumbnail":0},"product_brand":[],"product_cat":[2953,202,145,488,140,156],"product_tag":[],"class_list":{"0":"post-193514","1":"product","2":"type-product","3":"status-publish","4":"has-post-thumbnail","6":"product_cat-2025-fr","7":"product_cat-especes-menacees-dextinction","8":"product_cat-geneve","9":"product_cat-jeux-de-timbres","10":"product_cat-new-york-issuing-office-fr","11":"product_cat-vienne","12":"pa_condition-cancelled-fr","13":"pa_condition-mint-fr","15":"first","16":"instock","17":"shipping-taxable","18":"purchasable","19":"product-type-variable"},"yoast_head":"<!-- This site is optimized with the Yoast SEO plugin v27.3 - https:\/\/yoast.com\/product\/yoast-seo-wordpress\/ -->\n<title>Esp\u00e8ces menac\u00e9es d\u2019extinction 2025\u00a0\u2013 Jeu de timbres - UN Timbres<\/title>\n<meta name=\"robots\" content=\"index, follow, max-snippet:-1, max-image-preview:large, max-video-preview:-1\" \/>\n<link rel=\"canonical\" href=\"https:\/\/unstamps.org\/fr\/produit\/especes-menacees-dextinction-2025-jeu-de-timbres\/\" \/>\n<meta property=\"og:locale\" content=\"fr_FR\" \/>\n<meta property=\"og:type\" content=\"article\" \/>\n<meta property=\"og:title\" content=\"Esp\u00e8ces menac\u00e9es d\u2019extinction 2025\u00a0\u2013 Jeu de timbres - UN Timbres\" \/>\n<meta property=\"og:description\" content=\"Date d\u2019\u00e9mission: 25 avril 2025 Artistes: Charlotte Holden (USA) &#8211; New York Mariana Renter\u00eda (Mexique) &#8211; Gen\u00e8ve Simone Zoccante (Italie) &#8211; Vienne Concepteur: Rorie Katz (Nations Unies) Format de timbre: 39,2 mm x 28,6 mm Timbres par feuille: 16 (4 dessins par feuille) Imprimeur: Joh. Ensched\u00e9 Stamps Security Printers B.V. (Pays-Bas) Reproduction: Lithographie offset Dentelure: [&hellip;]\" \/>\n<meta property=\"og:url\" content=\"https:\/\/unstamps.org\/fr\/produit\/especes-menacees-dextinction-2025-jeu-de-timbres\/\" \/>\n<meta property=\"og:site_name\" content=\"UN Timbres\" \/>\n<meta property=\"article:modified_time\" content=\"2026-01-09T16:53:12+00:00\" \/>\n<meta property=\"og:image\" content=\"https:\/\/unstamps.org\/wp-content\/uploads\/2025\/04\/ES24-MI-GROUP.jpg\" \/>\n\t<meta property=\"og:image:width\" content=\"1024\" \/>\n\t<meta property=\"og:image:height\" content=\"1024\" \/>\n\t<meta property=\"og:image:type\" content=\"image\/jpeg\" \/>\n<meta name=\"twitter:card\" content=\"summary_large_image\" \/>\n<meta name=\"twitter:label1\" content=\"Dur\u00e9e de lecture estim\u00e9e\" \/>\n\t<meta name=\"twitter:data1\" content=\"1 minute\" \/>\n<script type=\"application\/ld+json\" class=\"yoast-schema-graph\">{\"@context\":\"https:\\\/\\\/schema.org\",\"@graph\":[{\"@type\":\"WebPage\",\"@id\":\"https:\\\/\\\/unstamps.org\\\/fr\\\/produit\\\/especes-menacees-dextinction-2025-jeu-de-timbres\\\/\",\"url\":\"https:\\\/\\\/unstamps.org\\\/fr\\\/produit\\\/especes-menacees-dextinction-2025-jeu-de-timbres\\\/\",\"name\":\"Esp\u00e8ces menac\u00e9es d\u2019extinction 2025\u00a0\u2013 Jeu de timbres - UN Timbres\",\"isPartOf\":{\"@id\":\"https:\\\/\\\/unstamps.org\\\/fr\\\/#website\"},\"primaryImageOfPage\":{\"@id\":\"https:\\\/\\\/unstamps.org\\\/fr\\\/produit\\\/especes-menacees-dextinction-2025-jeu-de-timbres\\\/#primaryimage\"},\"image\":{\"@id\":\"https:\\\/\\\/unstamps.org\\\/fr\\\/produit\\\/especes-menacees-dextinction-2025-jeu-de-timbres\\\/#primaryimage\"},\"thumbnailUrl\":\"https:\\\/\\\/unstamps.org\\\/wp-content\\\/uploads\\\/2025\\\/04\\\/2025-Species-MI-GROUP.jpg\",\"datePublished\":\"2025-04-21T19:06:41+00:00\",\"dateModified\":\"2026-01-09T16:53:12+00:00\",\"breadcrumb\":{\"@id\":\"https:\\\/\\\/unstamps.org\\\/fr\\\/produit\\\/especes-menacees-dextinction-2025-jeu-de-timbres\\\/#breadcrumb\"},\"inLanguage\":\"fr-FR\",\"potentialAction\":[{\"@type\":\"ReadAction\",\"target\":[\"https:\\\/\\\/unstamps.org\\\/fr\\\/produit\\\/especes-menacees-dextinction-2025-jeu-de-timbres\\\/\"]}]},{\"@type\":\"ImageObject\",\"inLanguage\":\"fr-FR\",\"@id\":\"https:\\\/\\\/unstamps.org\\\/fr\\\/produit\\\/especes-menacees-dextinction-2025-jeu-de-timbres\\\/#primaryimage\",\"url\":\"https:\\\/\\\/unstamps.org\\\/wp-content\\\/uploads\\\/2025\\\/04\\\/2025-Species-MI-GROUP.jpg\",\"contentUrl\":\"https:\\\/\\\/unstamps.org\\\/wp-content\\\/uploads\\\/2025\\\/04\\\/2025-Species-MI-GROUP.jpg\",\"width\":1024,\"height\":1024},{\"@type\":\"BreadcrumbList\",\"@id\":\"https:\\\/\\\/unstamps.org\\\/fr\\\/produit\\\/especes-menacees-dextinction-2025-jeu-de-timbres\\\/#breadcrumb\",\"itemListElement\":[{\"@type\":\"ListItem\",\"position\":1,\"name\":\"Home\",\"item\":\"https:\\\/\\\/unstamps.org\\\/fr\\\/\"},{\"@type\":\"ListItem\",\"position\":2,\"name\":\"Les produits\",\"item\":\"https:\\\/\\\/unstamps.org\\\/fr\\\/les-produits\\\/\"},{\"@type\":\"ListItem\",\"position\":3,\"name\":\"Esp\u00e8ces menac\u00e9es d\u2019extinction 2025\u00a0\u2013 Jeu de timbres\"}]},{\"@type\":\"WebSite\",\"@id\":\"https:\\\/\\\/unstamps.org\\\/fr\\\/#website\",\"url\":\"https:\\\/\\\/unstamps.org\\\/fr\\\/\",\"name\":\"UN Stamps\",\"description\":\"United Nations Stamps\",\"publisher\":{\"@id\":\"https:\\\/\\\/unstamps.org\\\/fr\\\/#organization\"},\"potentialAction\":[{\"@type\":\"SearchAction\",\"target\":{\"@type\":\"EntryPoint\",\"urlTemplate\":\"https:\\\/\\\/unstamps.org\\\/fr\\\/?s={search_term_string}\"},\"query-input\":{\"@type\":\"PropertyValueSpecification\",\"valueRequired\":true,\"valueName\":\"search_term_string\"}}],\"inLanguage\":\"fr-FR\"},{\"@type\":\"Organization\",\"@id\":\"https:\\\/\\\/unstamps.org\\\/fr\\\/#organization\",\"name\":\"UN Stamps\",\"url\":\"https:\\\/\\\/unstamps.org\\\/fr\\\/\",\"logo\":{\"@type\":\"ImageObject\",\"inLanguage\":\"fr-FR\",\"@id\":\"https:\\\/\\\/unstamps.org\\\/fr\\\/#\\\/schema\\\/logo\\\/image\\\/\",\"url\":\"https:\\\/\\\/unstamps.org\\\/wp-content\\\/uploads\\\/2014\\\/01\\\/logo4web.jpg\",\"contentUrl\":\"https:\\\/\\\/unstamps.org\\\/wp-content\\\/uploads\\\/2014\\\/01\\\/logo4web.jpg\",\"width\":2500,\"height\":250,\"caption\":\"UN Stamps\"},\"image\":{\"@id\":\"https:\\\/\\\/unstamps.org\\\/fr\\\/#\\\/schema\\\/logo\\\/image\\\/\"}}]}<\/script>\n<!-- \/ Yoast SEO plugin. -->","yoast_head_json":{"title":"Esp\u00e8ces menac\u00e9es d\u2019extinction 2025\u00a0\u2013 Jeu de timbres - UN Timbres","robots":{"index":"index","follow":"follow","max-snippet":"max-snippet:-1","max-image-preview":"max-image-preview:large","max-video-preview":"max-video-preview:-1"},"canonical":"https:\/\/unstamps.org\/fr\/produit\/especes-menacees-dextinction-2025-jeu-de-timbres\/","og_locale":"fr_FR","og_type":"article","og_title":"Esp\u00e8ces menac\u00e9es d\u2019extinction 2025\u00a0\u2013 Jeu de timbres - UN Timbres","og_description":"Date d\u2019\u00e9mission: 25 avril 2025 Artistes: Charlotte Holden (USA) &#8211; New York Mariana Renter\u00eda (Mexique) &#8211; Gen\u00e8ve Simone Zoccante (Italie) &#8211; Vienne Concepteur: Rorie Katz (Nations Unies) Format de timbre: 39,2 mm x 28,6 mm Timbres par feuille: 16 (4 dessins par feuille) Imprimeur: Joh. Ensched\u00e9 Stamps Security Printers B.V. (Pays-Bas) Reproduction: Lithographie offset Dentelure: [&hellip;]","og_url":"https:\/\/unstamps.org\/fr\/produit\/especes-menacees-dextinction-2025-jeu-de-timbres\/","og_site_name":"UN Timbres","article_modified_time":"2026-01-09T16:53:12+00:00","og_image":[{"width":1024,"height":1024,"url":"https:\/\/unstamps.org\/wp-content\/uploads\/2025\/04\/ES24-MI-GROUP.jpg","type":"image\/jpeg"}],"twitter_card":"summary_large_image","twitter_misc":{"Dur\u00e9e de lecture estim\u00e9e":"1 minute"},"schema":{"@context":"https:\/\/schema.org","@graph":[{"@type":"WebPage","@id":"https:\/\/unstamps.org\/fr\/produit\/especes-menacees-dextinction-2025-jeu-de-timbres\/","url":"https:\/\/unstamps.org\/fr\/produit\/especes-menacees-dextinction-2025-jeu-de-timbres\/","name":"Esp\u00e8ces menac\u00e9es d\u2019extinction 2025\u00a0\u2013 Jeu de timbres - UN Timbres","isPartOf":{"@id":"https:\/\/unstamps.org\/fr\/#website"},"primaryImageOfPage":{"@id":"https:\/\/unstamps.org\/fr\/produit\/especes-menacees-dextinction-2025-jeu-de-timbres\/#primaryimage"},"image":{"@id":"https:\/\/unstamps.org\/fr\/produit\/especes-menacees-dextinction-2025-jeu-de-timbres\/#primaryimage"},"thumbnailUrl":"https:\/\/unstamps.org\/wp-content\/uploads\/2025\/04\/2025-Species-MI-GROUP.jpg","datePublished":"2025-04-21T19:06:41+00:00","dateModified":"2026-01-09T16:53:12+00:00","breadcrumb":{"@id":"https:\/\/unstamps.org\/fr\/produit\/especes-menacees-dextinction-2025-jeu-de-timbres\/#breadcrumb"},"inLanguage":"fr-FR","potentialAction":[{"@type":"ReadAction","target":["https:\/\/unstamps.org\/fr\/produit\/especes-menacees-dextinction-2025-jeu-de-timbres\/"]}]},{"@type":"ImageObject","inLanguage":"fr-FR","@id":"https:\/\/unstamps.org\/fr\/produit\/especes-menacees-dextinction-2025-jeu-de-timbres\/#primaryimage","url":"https:\/\/unstamps.org\/wp-content\/uploads\/2025\/04\/2025-Species-MI-GROUP.jpg","contentUrl":"https:\/\/unstamps.org\/wp-content\/uploads\/2025\/04\/2025-Species-MI-GROUP.jpg","width":1024,"height":1024},{"@type":"BreadcrumbList","@id":"https:\/\/unstamps.org\/fr\/produit\/especes-menacees-dextinction-2025-jeu-de-timbres\/#breadcrumb","itemListElement":[{"@type":"ListItem","position":1,"name":"Home","item":"https:\/\/unstamps.org\/fr\/"},{"@type":"ListItem","position":2,"name":"Les produits","item":"https:\/\/unstamps.org\/fr\/les-produits\/"},{"@type":"ListItem","position":3,"name":"Esp\u00e8ces menac\u00e9es d\u2019extinction 2025\u00a0\u2013 Jeu de timbres"}]},{"@type":"WebSite","@id":"https:\/\/unstamps.org\/fr\/#website","url":"https:\/\/unstamps.org\/fr\/","name":"UN Stamps","description":"United Nations Stamps","publisher":{"@id":"https:\/\/unstamps.org\/fr\/#organization"},"potentialAction":[{"@type":"SearchAction","target":{"@type":"EntryPoint","urlTemplate":"https:\/\/unstamps.org\/fr\/?s={search_term_string}"},"query-input":{"@type":"PropertyValueSpecification","valueRequired":true,"valueName":"search_term_string"}}],"inLanguage":"fr-FR"},{"@type":"Organization","@id":"https:\/\/unstamps.org\/fr\/#organization","name":"UN Stamps","url":"https:\/\/unstamps.org\/fr\/","logo":{"@type":"ImageObject","inLanguage":"fr-FR","@id":"https:\/\/unstamps.org\/fr\/#\/schema\/logo\/image\/","url":"https:\/\/unstamps.org\/wp-content\/uploads\/2014\/01\/logo4web.jpg","contentUrl":"https:\/\/unstamps.org\/wp-content\/uploads\/2014\/01\/logo4web.jpg","width":2500,"height":250,"caption":"UN Stamps"},"image":{"@id":"https:\/\/unstamps.org\/fr\/#\/schema\/logo\/image\/"}}]}},"jetpack_sharing_enabled":true,"publishpress_future_action":{"enabled":false,"date":"2026-04-12 13:48:36","action":"change-status","newStatus":"private","terms":[],"taxonomy":"product_cat","extraData":[]},"publishpress_future_workflow_manual_trigger":{"enabledWorkflows":[]},"_links":{"self":[{"href":"https:\/\/unstamps.org\/fr\/wp-json\/wp\/v2\/product\/193514","targetHints":{"allow":["GET"]}}],"collection":[{"href":"https:\/\/unstamps.org\/fr\/wp-json\/wp\/v2\/product"}],"about":[{"href":"https:\/\/unstamps.org\/fr\/wp-json\/wp\/v2\/types\/product"}],"replies":[{"embeddable":true,"href":"https:\/\/unstamps.org\/fr\/wp-json\/wp\/v2\/comments?post=193514"}],"wp:featuredmedia":[{"embeddable":true,"href":"https:\/\/unstamps.org\/fr\/wp-json\/wp\/v2\/media\/193939"}],"wp:attachment":[{"href":"https:\/\/unstamps.org\/fr\/wp-json\/wp\/v2\/media?parent=193514"}],"wp:term":[{"taxonomy":"product_brand","embeddable":true,"href":"https:\/\/unstamps.org\/fr\/wp-json\/wp\/v2\/product_brand?post=193514"},{"taxonomy":"product_cat","embeddable":true,"href":"https:\/\/unstamps.org\/fr\/wp-json\/wp\/v2\/product_cat?post=193514"},{"taxonomy":"product_tag","embeddable":true,"href":"https:\/\/unstamps.org\/fr\/wp-json\/wp\/v2\/product_tag?post=193514"}],"curies":[{"name":"wp","href":"https:\/\/api.w.org\/{rel}","templated":true}]}}