{"id":193256,"date":"2025-04-21T15:07:57","date_gmt":"2025-04-21T19:09:39","guid":{"rendered":"https:\/\/unstamps.org\/?post_type=product&#038;p=193256"},"modified":"2026-01-09T11:52:14","modified_gmt":"2026-01-09T16:52:14","slug":"especes-menacees-dextinction-2025","status":"publish","type":"product","link":"https:\/\/unstamps.org\/fr\/produit\/especes-menacees-dextinction-2025\/","title":{"rendered":"Esp\u00e8ces menac\u00e9es d\u2019extinction 2025"},"content":{"rendered":"<p>Le 25 avril 2025, l&#8217;Administration postale des Nations unies poursuit sa s\u00e9rie de timbres sur les esp\u00e8ces menac\u00e9es d&#8217;extinction en \u00e9mettant douze timbres, trois cartes maximum, une enveloppe en soie \u00e0 tirage limit\u00e9, et le d\u00e9pliant 2025 sur les esp\u00e8ces menac\u00e9es d&#8217;extinction.<\/p>\n<p>Depuis plus de 30 ans, l&#8217;APNU \u00e9met des timbres en soutien \u00e0 la CITES (Convention sur le commerce international des esp\u00e8ces de faune et de flore sauvages menac\u00e9es d&#8217;extinction) afin de sensibiliser le public \u00e0 la multitude d&#8217;avantages que la conservation procure aux populations.<\/p>\n<p>La s\u00e9rie de timbres des Nations unies sur les esp\u00e8ces menac\u00e9es d&#8217;extinction est constitu\u00e9e d\u2019un \u00e9ventail d&#8217;esp\u00e8ces animales et v\u00e9g\u00e9tales, provenant de diff\u00e9rents groupes taxonomiques et \u00e9cosyst\u00e8mes, toutes confront\u00e9es \u00e0 divers d\u00e9fis en mati\u00e8re de conservation.<\/p>\n<p>La s\u00e9rie de 2025 c\u00e9l\u00e8bre \u00e9galement le trenti\u00e8me anniversaire de l&#8217;Accord sur la conservation des oiseaux d&#8217;eau migrateurs d&#8217;Afrique-Eurasie (AEWA), en pr\u00e9sentant l&#8217;\u00e9rismature \u00e0 t\u00eate blanche, le manchot africain et la grue couronn\u00e9e, qui figurent \u00e0 la fois dans les annexes de la CITES et sur la liste des esp\u00e8ces de l&#8217;AEWA. Cette collaboration souligne l&#8217;importance des accords multilat\u00e9raux sur l&#8217;environnement qui travaillent en compl\u00e9mentarit\u00e9 les uns avec les autres pour atteindre des objectifs communs en mati\u00e8re de biodiversit\u00e9 mondiale.<\/p>\n<p><strong>Date d\u2019\u00e9mission:<\/strong> 25 avril 2025<br \/>\n<strong>Artistes:<\/strong> Charlotte Holden (USA) &#8211; New York<br \/>\nMariana Renter\u00eda (Mexique) &#8211; Gen\u00e8ve<br \/>\nSimone Zoccante (Italie) &#8211; Vienne<br \/>\n<strong>Concepteur:<\/strong> Rorie Katz (Nations Unies)<br \/>\n<strong>Format de timbre:<\/strong> 39,2 mm x 28,6 mm<br \/>\n<strong>Timbres par feuille:<\/strong> 16 (4 dessins par feuille)<br \/>\n<strong>Imprimeur:<\/strong> Joh. Ensched\u00e9 Stamps Security Printers B.V. (Pays-Bas)<br \/>\n<strong>Reproduction:<\/strong> Lithographie offset<br \/>\n<strong>Dentelure:<\/strong> 12 \u00bd x 12 \u00be<br \/>\n<strong>Quantit\u00e9s<\/strong><br \/>\n$1,65 7,500 feuilles<br \/>\nCHF 1,90 7,500 feuilles<br \/>\n\u20ac1,50  8,500 feuilles <\/p>\n<p><strong>Les dessins<\/strong><br \/>\n<strong>New York \u2013 US$1.65<\/strong><br \/>\nAfrican Rosewood (Pterocarpus erinaceus)<br \/>\nAfrican Penguin (Spheniscus demersus)<br \/>\nBee Orchid (Ophrys apifera)<br \/>\nBall Python (Python regius)<\/p>\n<p><strong>Gen\u00e8ve \u2013 CHF 1,90<\/strong><br \/>\nBulnesia Sarmentoi (Gonopterodendron sarmientoi)<br \/>\nShort-snouted seahorse (Hippocampus hippocampus)<br \/>\nJatamansi (Nardostachys jatamansi )<br \/>\nWhite-headed duck (Oxyura leucocephala)<\/p>\n<p><strong><strong>Vienne \u2013 \u20ac1,50<\/strong><\/strong><br \/>\nGolden root (Rhodiola rosea)<br \/>\nRed-eyed treefrog (Agalychnis callidryas)<br \/>\nPygmy hippopatamus (Hexaprotodon liberiensis)<br \/>\nGrey-crowned Crane (Balearica regulorum)<\/p>\n","protected":false},"excerpt":{"rendered":"<p>Le 25 avril 2025, l&#8217;Administration postale des Nations unies poursuit sa s\u00e9rie de timbres sur les esp\u00e8ces menac\u00e9es d&#8217;extinction en \u00e9mettant douze timbres, trois cartes maximum, une enveloppe en soie \u00e0 tirage limit\u00e9, et le d\u00e9pliant 2025 sur les esp\u00e8ces menac\u00e9es d&#8217;extinction. Depuis plus de 30 ans, l&#8217;APNU \u00e9met des timbres en soutien \u00e0 la [&hellip;]<\/p>\n","protected":false},"featured_media":193933,"comment_status":"closed","ping_status":"closed","template":"","meta":{"ngg_post_thumbnail":0},"product_brand":[],"product_cat":[2953,202,142],"product_tag":[],"class_list":{"0":"post-193256","1":"product","2":"type-product","3":"status-publish","4":"has-post-thumbnail","6":"product_cat-2025-fr","7":"product_cat-especes-menacees-dextinction","8":"product_cat-timbres-commemoratifs","10":"first","11":"instock","12":"shipping-taxable","13":"product-type-grouped"},"yoast_head":"<!-- This site is optimized with the Yoast SEO plugin v27.3 - https:\/\/yoast.com\/product\/yoast-seo-wordpress\/ -->\n<title>Esp\u00e8ces menac\u00e9es d\u2019extinction 2025 - UN Timbres<\/title>\n<meta name=\"robots\" content=\"index, follow, max-snippet:-1, max-image-preview:large, max-video-preview:-1\" \/>\n<link rel=\"canonical\" href=\"https:\/\/unstamps.org\/fr\/produit\/especes-menacees-dextinction-2025\/\" \/>\n<meta property=\"og:locale\" content=\"fr_FR\" \/>\n<meta property=\"og:type\" content=\"article\" \/>\n<meta property=\"og:title\" content=\"Esp\u00e8ces menac\u00e9es d\u2019extinction 2025 - UN Timbres\" \/>\n<meta property=\"og:description\" content=\"Le 25 avril 2025, l&#8217;Administration postale des Nations unies poursuit sa s\u00e9rie de timbres sur les esp\u00e8ces menac\u00e9es d&#8217;extinction en \u00e9mettant douze timbres, trois cartes maximum, une enveloppe en soie \u00e0 tirage limit\u00e9, et le d\u00e9pliant 2025 sur les esp\u00e8ces menac\u00e9es d&#8217;extinction. Depuis plus de 30 ans, l&#8217;APNU \u00e9met des timbres en soutien \u00e0 la [&hellip;]\" \/>\n<meta property=\"og:url\" content=\"https:\/\/unstamps.org\/fr\/produit\/especes-menacees-dextinction-2025\/\" \/>\n<meta property=\"og:site_name\" content=\"UN Timbres\" \/>\n<meta property=\"article:modified_time\" content=\"2026-01-09T16:52:14+00:00\" \/>\n<meta property=\"og:image\" content=\"https:\/\/unstamps.org\/wp-content\/uploads\/2025\/04\/2025-Species-FS-GROUP.jpg\" \/>\n\t<meta property=\"og:image:width\" content=\"1024\" \/>\n\t<meta property=\"og:image:height\" content=\"1024\" \/>\n\t<meta property=\"og:image:type\" content=\"image\/jpeg\" \/>\n<meta name=\"twitter:card\" content=\"summary_large_image\" \/>\n<meta name=\"twitter:label1\" content=\"Dur\u00e9e de lecture estim\u00e9e\" \/>\n\t<meta name=\"twitter:data1\" content=\"2 minutes\" \/>\n<script type=\"application\/ld+json\" class=\"yoast-schema-graph\">{\"@context\":\"https:\\\/\\\/schema.org\",\"@graph\":[{\"@type\":\"WebPage\",\"@id\":\"https:\\\/\\\/unstamps.org\\\/fr\\\/produit\\\/especes-menacees-dextinction-2025\\\/\",\"url\":\"https:\\\/\\\/unstamps.org\\\/fr\\\/produit\\\/especes-menacees-dextinction-2025\\\/\",\"name\":\"Esp\u00e8ces menac\u00e9es d\u2019extinction 2025 - UN Timbres\",\"isPartOf\":{\"@id\":\"https:\\\/\\\/unstamps.org\\\/fr\\\/#website\"},\"primaryImageOfPage\":{\"@id\":\"https:\\\/\\\/unstamps.org\\\/fr\\\/produit\\\/especes-menacees-dextinction-2025\\\/#primaryimage\"},\"image\":{\"@id\":\"https:\\\/\\\/unstamps.org\\\/fr\\\/produit\\\/especes-menacees-dextinction-2025\\\/#primaryimage\"},\"thumbnailUrl\":\"https:\\\/\\\/unstamps.org\\\/wp-content\\\/uploads\\\/2025\\\/04\\\/2025-Species-FS-GROUP.jpg\",\"datePublished\":\"2025-04-21T19:09:39+00:00\",\"dateModified\":\"2026-01-09T16:52:14+00:00\",\"breadcrumb\":{\"@id\":\"https:\\\/\\\/unstamps.org\\\/fr\\\/produit\\\/especes-menacees-dextinction-2025\\\/#breadcrumb\"},\"inLanguage\":\"fr-FR\",\"potentialAction\":[{\"@type\":\"ReadAction\",\"target\":[\"https:\\\/\\\/unstamps.org\\\/fr\\\/produit\\\/especes-menacees-dextinction-2025\\\/\"]}]},{\"@type\":\"ImageObject\",\"inLanguage\":\"fr-FR\",\"@id\":\"https:\\\/\\\/unstamps.org\\\/fr\\\/produit\\\/especes-menacees-dextinction-2025\\\/#primaryimage\",\"url\":\"https:\\\/\\\/unstamps.org\\\/wp-content\\\/uploads\\\/2025\\\/04\\\/2025-Species-FS-GROUP.jpg\",\"contentUrl\":\"https:\\\/\\\/unstamps.org\\\/wp-content\\\/uploads\\\/2025\\\/04\\\/2025-Species-FS-GROUP.jpg\",\"width\":1024,\"height\":1024},{\"@type\":\"BreadcrumbList\",\"@id\":\"https:\\\/\\\/unstamps.org\\\/fr\\\/produit\\\/especes-menacees-dextinction-2025\\\/#breadcrumb\",\"itemListElement\":[{\"@type\":\"ListItem\",\"position\":1,\"name\":\"Home\",\"item\":\"https:\\\/\\\/unstamps.org\\\/fr\\\/\"},{\"@type\":\"ListItem\",\"position\":2,\"name\":\"Les produits\",\"item\":\"https:\\\/\\\/unstamps.org\\\/fr\\\/les-produits\\\/\"},{\"@type\":\"ListItem\",\"position\":3,\"name\":\"Esp\u00e8ces menac\u00e9es d\u2019extinction 2025\"}]},{\"@type\":\"WebSite\",\"@id\":\"https:\\\/\\\/unstamps.org\\\/fr\\\/#website\",\"url\":\"https:\\\/\\\/unstamps.org\\\/fr\\\/\",\"name\":\"UN Stamps\",\"description\":\"United Nations Stamps\",\"publisher\":{\"@id\":\"https:\\\/\\\/unstamps.org\\\/fr\\\/#organization\"},\"potentialAction\":[{\"@type\":\"SearchAction\",\"target\":{\"@type\":\"EntryPoint\",\"urlTemplate\":\"https:\\\/\\\/unstamps.org\\\/fr\\\/?s={search_term_string}\"},\"query-input\":{\"@type\":\"PropertyValueSpecification\",\"valueRequired\":true,\"valueName\":\"search_term_string\"}}],\"inLanguage\":\"fr-FR\"},{\"@type\":\"Organization\",\"@id\":\"https:\\\/\\\/unstamps.org\\\/fr\\\/#organization\",\"name\":\"UN Stamps\",\"url\":\"https:\\\/\\\/unstamps.org\\\/fr\\\/\",\"logo\":{\"@type\":\"ImageObject\",\"inLanguage\":\"fr-FR\",\"@id\":\"https:\\\/\\\/unstamps.org\\\/fr\\\/#\\\/schema\\\/logo\\\/image\\\/\",\"url\":\"https:\\\/\\\/unstamps.org\\\/wp-content\\\/uploads\\\/2014\\\/01\\\/logo4web.jpg\",\"contentUrl\":\"https:\\\/\\\/unstamps.org\\\/wp-content\\\/uploads\\\/2014\\\/01\\\/logo4web.jpg\",\"width\":2500,\"height\":250,\"caption\":\"UN Stamps\"},\"image\":{\"@id\":\"https:\\\/\\\/unstamps.org\\\/fr\\\/#\\\/schema\\\/logo\\\/image\\\/\"}}]}<\/script>\n<!-- \/ Yoast SEO plugin. -->","yoast_head_json":{"title":"Esp\u00e8ces menac\u00e9es d\u2019extinction 2025 - UN Timbres","robots":{"index":"index","follow":"follow","max-snippet":"max-snippet:-1","max-image-preview":"max-image-preview:large","max-video-preview":"max-video-preview:-1"},"canonical":"https:\/\/unstamps.org\/fr\/produit\/especes-menacees-dextinction-2025\/","og_locale":"fr_FR","og_type":"article","og_title":"Esp\u00e8ces menac\u00e9es d\u2019extinction 2025 - UN Timbres","og_description":"Le 25 avril 2025, l&#8217;Administration postale des Nations unies poursuit sa s\u00e9rie de timbres sur les esp\u00e8ces menac\u00e9es d&#8217;extinction en \u00e9mettant douze timbres, trois cartes maximum, une enveloppe en soie \u00e0 tirage limit\u00e9, et le d\u00e9pliant 2025 sur les esp\u00e8ces menac\u00e9es d&#8217;extinction. Depuis plus de 30 ans, l&#8217;APNU \u00e9met des timbres en soutien \u00e0 la [&hellip;]","og_url":"https:\/\/unstamps.org\/fr\/produit\/especes-menacees-dextinction-2025\/","og_site_name":"UN Timbres","article_modified_time":"2026-01-09T16:52:14+00:00","og_image":[{"width":1024,"height":1024,"url":"https:\/\/unstamps.org\/wp-content\/uploads\/2025\/04\/2025-Species-FS-GROUP.jpg","type":"image\/jpeg"}],"twitter_card":"summary_large_image","twitter_misc":{"Dur\u00e9e de lecture estim\u00e9e":"2 minutes"},"schema":{"@context":"https:\/\/schema.org","@graph":[{"@type":"WebPage","@id":"https:\/\/unstamps.org\/fr\/produit\/especes-menacees-dextinction-2025\/","url":"https:\/\/unstamps.org\/fr\/produit\/especes-menacees-dextinction-2025\/","name":"Esp\u00e8ces menac\u00e9es d\u2019extinction 2025 - UN Timbres","isPartOf":{"@id":"https:\/\/unstamps.org\/fr\/#website"},"primaryImageOfPage":{"@id":"https:\/\/unstamps.org\/fr\/produit\/especes-menacees-dextinction-2025\/#primaryimage"},"image":{"@id":"https:\/\/unstamps.org\/fr\/produit\/especes-menacees-dextinction-2025\/#primaryimage"},"thumbnailUrl":"https:\/\/unstamps.org\/wp-content\/uploads\/2025\/04\/2025-Species-FS-GROUP.jpg","datePublished":"2025-04-21T19:09:39+00:00","dateModified":"2026-01-09T16:52:14+00:00","breadcrumb":{"@id":"https:\/\/unstamps.org\/fr\/produit\/especes-menacees-dextinction-2025\/#breadcrumb"},"inLanguage":"fr-FR","potentialAction":[{"@type":"ReadAction","target":["https:\/\/unstamps.org\/fr\/produit\/especes-menacees-dextinction-2025\/"]}]},{"@type":"ImageObject","inLanguage":"fr-FR","@id":"https:\/\/unstamps.org\/fr\/produit\/especes-menacees-dextinction-2025\/#primaryimage","url":"https:\/\/unstamps.org\/wp-content\/uploads\/2025\/04\/2025-Species-FS-GROUP.jpg","contentUrl":"https:\/\/unstamps.org\/wp-content\/uploads\/2025\/04\/2025-Species-FS-GROUP.jpg","width":1024,"height":1024},{"@type":"BreadcrumbList","@id":"https:\/\/unstamps.org\/fr\/produit\/especes-menacees-dextinction-2025\/#breadcrumb","itemListElement":[{"@type":"ListItem","position":1,"name":"Home","item":"https:\/\/unstamps.org\/fr\/"},{"@type":"ListItem","position":2,"name":"Les produits","item":"https:\/\/unstamps.org\/fr\/les-produits\/"},{"@type":"ListItem","position":3,"name":"Esp\u00e8ces menac\u00e9es d\u2019extinction 2025"}]},{"@type":"WebSite","@id":"https:\/\/unstamps.org\/fr\/#website","url":"https:\/\/unstamps.org\/fr\/","name":"UN Stamps","description":"United Nations Stamps","publisher":{"@id":"https:\/\/unstamps.org\/fr\/#organization"},"potentialAction":[{"@type":"SearchAction","target":{"@type":"EntryPoint","urlTemplate":"https:\/\/unstamps.org\/fr\/?s={search_term_string}"},"query-input":{"@type":"PropertyValueSpecification","valueRequired":true,"valueName":"search_term_string"}}],"inLanguage":"fr-FR"},{"@type":"Organization","@id":"https:\/\/unstamps.org\/fr\/#organization","name":"UN Stamps","url":"https:\/\/unstamps.org\/fr\/","logo":{"@type":"ImageObject","inLanguage":"fr-FR","@id":"https:\/\/unstamps.org\/fr\/#\/schema\/logo\/image\/","url":"https:\/\/unstamps.org\/wp-content\/uploads\/2014\/01\/logo4web.jpg","contentUrl":"https:\/\/unstamps.org\/wp-content\/uploads\/2014\/01\/logo4web.jpg","width":2500,"height":250,"caption":"UN Stamps"},"image":{"@id":"https:\/\/unstamps.org\/fr\/#\/schema\/logo\/image\/"}}]}},"jetpack_sharing_enabled":true,"publishpress_future_action":{"enabled":false,"date":"2026-04-21 06:09:16","action":"change-status","newStatus":"private","terms":[],"taxonomy":"product_cat","extraData":[]},"publishpress_future_workflow_manual_trigger":{"enabledWorkflows":[]},"_links":{"self":[{"href":"https:\/\/unstamps.org\/fr\/wp-json\/wp\/v2\/product\/193256","targetHints":{"allow":["GET"]}}],"collection":[{"href":"https:\/\/unstamps.org\/fr\/wp-json\/wp\/v2\/product"}],"about":[{"href":"https:\/\/unstamps.org\/fr\/wp-json\/wp\/v2\/types\/product"}],"replies":[{"embeddable":true,"href":"https:\/\/unstamps.org\/fr\/wp-json\/wp\/v2\/comments?post=193256"}],"wp:featuredmedia":[{"embeddable":true,"href":"https:\/\/unstamps.org\/fr\/wp-json\/wp\/v2\/media\/193933"}],"wp:attachment":[{"href":"https:\/\/unstamps.org\/fr\/wp-json\/wp\/v2\/media?parent=193256"}],"wp:term":[{"taxonomy":"product_brand","embeddable":true,"href":"https:\/\/unstamps.org\/fr\/wp-json\/wp\/v2\/product_brand?post=193256"},{"taxonomy":"product_cat","embeddable":true,"href":"https:\/\/unstamps.org\/fr\/wp-json\/wp\/v2\/product_cat?post=193256"},{"taxonomy":"product_tag","embeddable":true,"href":"https:\/\/unstamps.org\/fr\/wp-json\/wp\/v2\/product_tag?post=193256"}],"curies":[{"name":"wp","href":"https:\/\/api.w.org\/{rel}","templated":true}]}}