{"id":193152,"date":"2025-04-10T09:50:27","date_gmt":"2025-04-10T13:52:12","guid":{"rendered":"https:\/\/unstamps.org\/?post_type=product&#038;p=193152"},"modified":"2026-01-09T11:53:10","modified_gmt":"2026-01-09T16:53:10","slug":"expo-2025-osaka-japon","status":"publish","type":"product","link":"https:\/\/unstamps.org\/fr\/produit\/expo-2025-osaka-japon\/","title":{"rendered":"EXPO 2025 &#8211; Osaka, Japon"},"content":{"rendered":"<p>Les Nations Unies participeront \u00e0 l&#8217;Exposition universelle de 2025 (Expo 2025) \u00e0 Osaka, Kansai, Japon, du 13 avril au 13 octobre 2025. Sur le th\u00e8me \u00ab Unis pour un avenir meilleur \u00bb, le pavillon de l&#8217;ONU mettra en lumi\u00e8re les 80 ann\u00e9es d&#8217;efforts de l&#8217;organisation pour relever les d\u00e9fis et les crises mondiales, tout en exhortant \u00e0 une action collective pour atteindre les objectifs de d\u00e9veloppement durable (ODD) par le biais de la coop\u00e9ration multilat\u00e9rale. Le pavillon accueillera des expositions et des programmes de 35 entit\u00e9s de l&#8217;ONU et de 15 d\u00e9partements et bureaux du Secr\u00e9tariat de l&#8217;ONU.<\/p>\n<p>Le logo du pavillon de l&#8217;ONU repr\u00e9sente une colombe blanche portant un rameau d&#8217;olivier dont les feuilles refl\u00e8tent les couleurs des ODD. Le logo incarne l&#8217;engagement de l&#8217;ONU en faveur de la paix et de la s\u00e9curit\u00e9 en tant qu&#8217;\u00e9l\u00e9ments essentiels \u00e0 la r\u00e9alisation des ODD et d&#8217;un monde dans lequel chacun s&#8217;\u00e9panouit dans la paix, l&#8217;\u00e9galit\u00e9 et la dignit\u00e9 sur une plan\u00e8te saine.<\/p>\n<p>Le th\u00e8me g\u00e9n\u00e9ral de l&#8217;Expo 2025 Osaka Kansai est \u00ab Concevoir la soci\u00e9t\u00e9 du futur \u00bb, avec les sous-th\u00e8mes \u00ab Sauver des vies \u00bb, \u00ab Autonomiser des vies \u00bb et \u00ab Connecter des vies \u00bb. Environ 28 millions de visiteurs sont attendus.<\/p>\n<p>Pour comm\u00e9morer la participation des Nations Unies \u00e0 l&#8217;Expo 2025, l&#8217;Administration postale des Nations Unies \u00e9mettra une feuille miniature de trois timbres d\u2019une valeur de 1.65 USD, 2,50 CHF et 1,90 \u20ac respectivement, sur laquelle figureront des images du pavillon des Nations Unies \u00e0 l&#8217;Expo 2025 Osaka, Kansai.<\/p>\n<p><strong>Format de timbre:<\/strong> 35 mm x 40 mm<br \/>\n<strong>Format de feuille:<\/strong> 105 mm x 150 mm<br \/>\n<strong>Imprimeur:<\/strong> Joh Ensched\u00e9 Stamps Security Printers (Pays Bas)<\/p>\n","protected":false},"excerpt":{"rendered":"<p>Les Nations Unies participeront \u00e0 l&#8217;Exposition universelle de 2025 (Expo 2025) \u00e0 Osaka, Kansai, Japon, du 13 avril au 13 octobre 2025. Sur le th\u00e8me \u00ab Unis pour un avenir meilleur \u00bb, le pavillon de l&#8217;ONU mettra en lumi\u00e8re les 80 ann\u00e9es d&#8217;efforts de l&#8217;organisation pour relever les d\u00e9fis et les crises mondiales, tout en [&hellip;]<\/p>\n","protected":false},"featured_media":193136,"comment_status":"closed","ping_status":"closed","template":"","meta":{"ngg_post_thumbnail":0},"product_brand":[],"product_cat":[2953,884,145,140,156],"product_tag":[],"class_list":{"0":"post-193152","1":"product","2":"type-product","3":"status-publish","4":"has-post-thumbnail","6":"product_cat-2025-fr","7":"product_cat-event-sheets-fr","8":"product_cat-geneve","9":"product_cat-new-york-issuing-office-fr","10":"product_cat-vienne","11":"pa_condition-cancelled-fr","12":"pa_condition-mint-fr","14":"first","15":"instock","16":"shipping-taxable","17":"purchasable","18":"product-type-variable"},"yoast_head":"<!-- This site is optimized with the Yoast SEO plugin v27.3 - https:\/\/yoast.com\/product\/yoast-seo-wordpress\/ -->\n<title>EXPO 2025 - Osaka, Japon - UN Timbres<\/title>\n<meta name=\"robots\" content=\"index, follow, max-snippet:-1, max-image-preview:large, max-video-preview:-1\" \/>\n<link rel=\"canonical\" href=\"https:\/\/unstamps.org\/fr\/produit\/expo-2025-osaka-japon\/\" \/>\n<meta property=\"og:locale\" content=\"fr_FR\" \/>\n<meta property=\"og:type\" content=\"article\" \/>\n<meta property=\"og:title\" content=\"EXPO 2025 - Osaka, Japon - UN Timbres\" \/>\n<meta property=\"og:description\" content=\"Les Nations Unies participeront \u00e0 l&#8217;Exposition universelle de 2025 (Expo 2025) \u00e0 Osaka, Kansai, Japon, du 13 avril au 13 octobre 2025. Sur le th\u00e8me \u00ab Unis pour un avenir meilleur \u00bb, le pavillon de l&#8217;ONU mettra en lumi\u00e8re les 80 ann\u00e9es d&#8217;efforts de l&#8217;organisation pour relever les d\u00e9fis et les crises mondiales, tout en [&hellip;]\" \/>\n<meta property=\"og:url\" content=\"https:\/\/unstamps.org\/fr\/produit\/expo-2025-osaka-japon\/\" \/>\n<meta property=\"og:site_name\" content=\"UN Timbres\" \/>\n<meta property=\"article:modified_time\" content=\"2026-01-09T16:53:10+00:00\" \/>\n<meta property=\"og:image\" content=\"https:\/\/unstamps.org\/wp-content\/uploads\/2025\/04\/2025-Osaka-Minisheet-Mint.jpg\" \/>\n\t<meta property=\"og:image:width\" content=\"1024\" \/>\n\t<meta property=\"og:image:height\" content=\"1024\" \/>\n\t<meta property=\"og:image:type\" content=\"image\/jpeg\" \/>\n<meta name=\"twitter:card\" content=\"summary_large_image\" \/>\n<meta name=\"twitter:label1\" content=\"Dur\u00e9e de lecture estim\u00e9e\" \/>\n\t<meta name=\"twitter:data1\" content=\"1 minute\" \/>\n<script type=\"application\/ld+json\" class=\"yoast-schema-graph\">{\"@context\":\"https:\\\/\\\/schema.org\",\"@graph\":[{\"@type\":\"WebPage\",\"@id\":\"https:\\\/\\\/unstamps.org\\\/fr\\\/produit\\\/expo-2025-osaka-japon\\\/\",\"url\":\"https:\\\/\\\/unstamps.org\\\/fr\\\/produit\\\/expo-2025-osaka-japon\\\/\",\"name\":\"EXPO 2025 - Osaka, Japon - UN Timbres\",\"isPartOf\":{\"@id\":\"https:\\\/\\\/unstamps.org\\\/fr\\\/#website\"},\"primaryImageOfPage\":{\"@id\":\"https:\\\/\\\/unstamps.org\\\/fr\\\/produit\\\/expo-2025-osaka-japon\\\/#primaryimage\"},\"image\":{\"@id\":\"https:\\\/\\\/unstamps.org\\\/fr\\\/produit\\\/expo-2025-osaka-japon\\\/#primaryimage\"},\"thumbnailUrl\":\"https:\\\/\\\/unstamps.org\\\/wp-content\\\/uploads\\\/2025\\\/04\\\/2025-Osaka-Minisheet-Mint.jpg\",\"datePublished\":\"2025-04-10T13:52:12+00:00\",\"dateModified\":\"2026-01-09T16:53:10+00:00\",\"breadcrumb\":{\"@id\":\"https:\\\/\\\/unstamps.org\\\/fr\\\/produit\\\/expo-2025-osaka-japon\\\/#breadcrumb\"},\"inLanguage\":\"fr-FR\",\"potentialAction\":[{\"@type\":\"ReadAction\",\"target\":[\"https:\\\/\\\/unstamps.org\\\/fr\\\/produit\\\/expo-2025-osaka-japon\\\/\"]}]},{\"@type\":\"ImageObject\",\"inLanguage\":\"fr-FR\",\"@id\":\"https:\\\/\\\/unstamps.org\\\/fr\\\/produit\\\/expo-2025-osaka-japon\\\/#primaryimage\",\"url\":\"https:\\\/\\\/unstamps.org\\\/wp-content\\\/uploads\\\/2025\\\/04\\\/2025-Osaka-Minisheet-Mint.jpg\",\"contentUrl\":\"https:\\\/\\\/unstamps.org\\\/wp-content\\\/uploads\\\/2025\\\/04\\\/2025-Osaka-Minisheet-Mint.jpg\",\"width\":1024,\"height\":1024},{\"@type\":\"BreadcrumbList\",\"@id\":\"https:\\\/\\\/unstamps.org\\\/fr\\\/produit\\\/expo-2025-osaka-japon\\\/#breadcrumb\",\"itemListElement\":[{\"@type\":\"ListItem\",\"position\":1,\"name\":\"Home\",\"item\":\"https:\\\/\\\/unstamps.org\\\/fr\\\/\"},{\"@type\":\"ListItem\",\"position\":2,\"name\":\"Les produits\",\"item\":\"https:\\\/\\\/unstamps.org\\\/fr\\\/les-produits\\\/\"},{\"@type\":\"ListItem\",\"position\":3,\"name\":\"EXPO 2025 &#8211; Osaka, Japon\"}]},{\"@type\":\"WebSite\",\"@id\":\"https:\\\/\\\/unstamps.org\\\/fr\\\/#website\",\"url\":\"https:\\\/\\\/unstamps.org\\\/fr\\\/\",\"name\":\"UN Stamps\",\"description\":\"United Nations Stamps\",\"publisher\":{\"@id\":\"https:\\\/\\\/unstamps.org\\\/fr\\\/#organization\"},\"potentialAction\":[{\"@type\":\"SearchAction\",\"target\":{\"@type\":\"EntryPoint\",\"urlTemplate\":\"https:\\\/\\\/unstamps.org\\\/fr\\\/?s={search_term_string}\"},\"query-input\":{\"@type\":\"PropertyValueSpecification\",\"valueRequired\":true,\"valueName\":\"search_term_string\"}}],\"inLanguage\":\"fr-FR\"},{\"@type\":\"Organization\",\"@id\":\"https:\\\/\\\/unstamps.org\\\/fr\\\/#organization\",\"name\":\"UN Stamps\",\"url\":\"https:\\\/\\\/unstamps.org\\\/fr\\\/\",\"logo\":{\"@type\":\"ImageObject\",\"inLanguage\":\"fr-FR\",\"@id\":\"https:\\\/\\\/unstamps.org\\\/fr\\\/#\\\/schema\\\/logo\\\/image\\\/\",\"url\":\"https:\\\/\\\/unstamps.org\\\/wp-content\\\/uploads\\\/2014\\\/01\\\/logo4web.jpg\",\"contentUrl\":\"https:\\\/\\\/unstamps.org\\\/wp-content\\\/uploads\\\/2014\\\/01\\\/logo4web.jpg\",\"width\":2500,\"height\":250,\"caption\":\"UN Stamps\"},\"image\":{\"@id\":\"https:\\\/\\\/unstamps.org\\\/fr\\\/#\\\/schema\\\/logo\\\/image\\\/\"}}]}<\/script>\n<!-- \/ Yoast SEO plugin. -->","yoast_head_json":{"title":"EXPO 2025 - Osaka, Japon - UN Timbres","robots":{"index":"index","follow":"follow","max-snippet":"max-snippet:-1","max-image-preview":"max-image-preview:large","max-video-preview":"max-video-preview:-1"},"canonical":"https:\/\/unstamps.org\/fr\/produit\/expo-2025-osaka-japon\/","og_locale":"fr_FR","og_type":"article","og_title":"EXPO 2025 - Osaka, Japon - UN Timbres","og_description":"Les Nations Unies participeront \u00e0 l&#8217;Exposition universelle de 2025 (Expo 2025) \u00e0 Osaka, Kansai, Japon, du 13 avril au 13 octobre 2025. Sur le th\u00e8me \u00ab Unis pour un avenir meilleur \u00bb, le pavillon de l&#8217;ONU mettra en lumi\u00e8re les 80 ann\u00e9es d&#8217;efforts de l&#8217;organisation pour relever les d\u00e9fis et les crises mondiales, tout en [&hellip;]","og_url":"https:\/\/unstamps.org\/fr\/produit\/expo-2025-osaka-japon\/","og_site_name":"UN Timbres","article_modified_time":"2026-01-09T16:53:10+00:00","og_image":[{"width":1024,"height":1024,"url":"https:\/\/unstamps.org\/wp-content\/uploads\/2025\/04\/2025-Osaka-Minisheet-Mint.jpg","type":"image\/jpeg"}],"twitter_card":"summary_large_image","twitter_misc":{"Dur\u00e9e de lecture estim\u00e9e":"1 minute"},"schema":{"@context":"https:\/\/schema.org","@graph":[{"@type":"WebPage","@id":"https:\/\/unstamps.org\/fr\/produit\/expo-2025-osaka-japon\/","url":"https:\/\/unstamps.org\/fr\/produit\/expo-2025-osaka-japon\/","name":"EXPO 2025 - Osaka, Japon - UN Timbres","isPartOf":{"@id":"https:\/\/unstamps.org\/fr\/#website"},"primaryImageOfPage":{"@id":"https:\/\/unstamps.org\/fr\/produit\/expo-2025-osaka-japon\/#primaryimage"},"image":{"@id":"https:\/\/unstamps.org\/fr\/produit\/expo-2025-osaka-japon\/#primaryimage"},"thumbnailUrl":"https:\/\/unstamps.org\/wp-content\/uploads\/2025\/04\/2025-Osaka-Minisheet-Mint.jpg","datePublished":"2025-04-10T13:52:12+00:00","dateModified":"2026-01-09T16:53:10+00:00","breadcrumb":{"@id":"https:\/\/unstamps.org\/fr\/produit\/expo-2025-osaka-japon\/#breadcrumb"},"inLanguage":"fr-FR","potentialAction":[{"@type":"ReadAction","target":["https:\/\/unstamps.org\/fr\/produit\/expo-2025-osaka-japon\/"]}]},{"@type":"ImageObject","inLanguage":"fr-FR","@id":"https:\/\/unstamps.org\/fr\/produit\/expo-2025-osaka-japon\/#primaryimage","url":"https:\/\/unstamps.org\/wp-content\/uploads\/2025\/04\/2025-Osaka-Minisheet-Mint.jpg","contentUrl":"https:\/\/unstamps.org\/wp-content\/uploads\/2025\/04\/2025-Osaka-Minisheet-Mint.jpg","width":1024,"height":1024},{"@type":"BreadcrumbList","@id":"https:\/\/unstamps.org\/fr\/produit\/expo-2025-osaka-japon\/#breadcrumb","itemListElement":[{"@type":"ListItem","position":1,"name":"Home","item":"https:\/\/unstamps.org\/fr\/"},{"@type":"ListItem","position":2,"name":"Les produits","item":"https:\/\/unstamps.org\/fr\/les-produits\/"},{"@type":"ListItem","position":3,"name":"EXPO 2025 &#8211; Osaka, Japon"}]},{"@type":"WebSite","@id":"https:\/\/unstamps.org\/fr\/#website","url":"https:\/\/unstamps.org\/fr\/","name":"UN Stamps","description":"United Nations Stamps","publisher":{"@id":"https:\/\/unstamps.org\/fr\/#organization"},"potentialAction":[{"@type":"SearchAction","target":{"@type":"EntryPoint","urlTemplate":"https:\/\/unstamps.org\/fr\/?s={search_term_string}"},"query-input":{"@type":"PropertyValueSpecification","valueRequired":true,"valueName":"search_term_string"}}],"inLanguage":"fr-FR"},{"@type":"Organization","@id":"https:\/\/unstamps.org\/fr\/#organization","name":"UN Stamps","url":"https:\/\/unstamps.org\/fr\/","logo":{"@type":"ImageObject","inLanguage":"fr-FR","@id":"https:\/\/unstamps.org\/fr\/#\/schema\/logo\/image\/","url":"https:\/\/unstamps.org\/wp-content\/uploads\/2014\/01\/logo4web.jpg","contentUrl":"https:\/\/unstamps.org\/wp-content\/uploads\/2014\/01\/logo4web.jpg","width":2500,"height":250,"caption":"UN Stamps"},"image":{"@id":"https:\/\/unstamps.org\/fr\/#\/schema\/logo\/image\/"}}]}},"jetpack_sharing_enabled":true,"publishpress_future_action":{"enabled":false,"date":"2026-04-15 09:05:52","action":"change-status","newStatus":"private","terms":[],"taxonomy":"product_cat","extraData":[]},"publishpress_future_workflow_manual_trigger":{"enabledWorkflows":[]},"_links":{"self":[{"href":"https:\/\/unstamps.org\/fr\/wp-json\/wp\/v2\/product\/193152","targetHints":{"allow":["GET"]}}],"collection":[{"href":"https:\/\/unstamps.org\/fr\/wp-json\/wp\/v2\/product"}],"about":[{"href":"https:\/\/unstamps.org\/fr\/wp-json\/wp\/v2\/types\/product"}],"replies":[{"embeddable":true,"href":"https:\/\/unstamps.org\/fr\/wp-json\/wp\/v2\/comments?post=193152"}],"wp:featuredmedia":[{"embeddable":true,"href":"https:\/\/unstamps.org\/fr\/wp-json\/wp\/v2\/media\/193136"}],"wp:attachment":[{"href":"https:\/\/unstamps.org\/fr\/wp-json\/wp\/v2\/media?parent=193152"}],"wp:term":[{"taxonomy":"product_brand","embeddable":true,"href":"https:\/\/unstamps.org\/fr\/wp-json\/wp\/v2\/product_brand?post=193152"},{"taxonomy":"product_cat","embeddable":true,"href":"https:\/\/unstamps.org\/fr\/wp-json\/wp\/v2\/product_cat?post=193152"},{"taxonomy":"product_tag","embeddable":true,"href":"https:\/\/unstamps.org\/fr\/wp-json\/wp\/v2\/product_tag?post=193152"}],"curies":[{"name":"wp","href":"https:\/\/api.w.org\/{rel}","templated":true}]}}