{"id":190958,"date":"2025-01-15T13:12:36","date_gmt":"2025-01-15T18:13:57","guid":{"rendered":"https:\/\/unstamps.org\/?post_type=product&#038;p=190958"},"modified":"2026-01-12T15:46:20","modified_gmt":"2026-01-12T20:46:20","slug":"calendrier-lunaire-chinois-annee-du-serpent","status":"publish","type":"product","link":"https:\/\/unstamps.org\/fr\/produit\/calendrier-lunaire-chinois-annee-du-serpent\/","title":{"rendered":"Calendrier lunaire chinois \u2013 \u00ab Ann\u00e9e du Serpent \u00bb"},"content":{"rendered":"<p>Le 17 janvier 2025, l\u2019UNPA c\u00e9l\u00e8bre le calendrier lunaire chinois \u2013 Ann\u00e9e du serpent avec l\u2019\u00e9mission d\u2019une feuille d\u2019\u00e9v\u00e9nement sp\u00e9ciale de 10 timbres. Le Nouvel An chinois commence officiellement le 29 janvier 2025 et se poursuit jusqu\u2019au 16 f\u00e9vrier 2026.<\/p>\n<p>Les dix timbres \u00e0 1,65 $ et le motif d\u2019arri\u00e8re-plan repr\u00e9sentent quatre serpents s\u2019enla\u00e7ant et s\u2019enroulant l\u2019un autour de l\u2019autre. Dans la culture chinoise, la connexion circulaire de la t\u00eate \u00e0 la queue signifie une continuit\u00e9 sans fin. La couleur rouge vif \u00e9voque l\u2019exub\u00e9rance et l\u2019\u00e9nergie de la vie, sans cesse renouvel\u00e9e. L\u2019\u00e9treinte unie des serpents, rappelant un n\u0153ud chinois et le jeu populaire pour enfants \u00ab Sautillons dans quatre directions \u00bb, ajoute une touche l\u00e9g\u00e8re tout en restant fid\u00e8le \u00e0 l\u2019\u00e9poque. Chaque serpent, avec son motif unique, s&#8217;entrelace pour repr\u00e9senter la diversit\u00e9 des nations du monde, unies dans l&#8217;harmonie. \u00c0 l&#8217;aide de lignes minimalistes, les lys de la paix sont d\u00e9licatement esquiss\u00e9s, soulignant le message d&#8217;unit\u00e9, d&#8217;amiti\u00e9, et de coexistence pacifique.<\/p>\n<p>Les onglets \u00e0 gauche des timbres figurent le logo des Nations Unies sur un fond dor\u00e9.<\/p>\n<p>Les timbres et le motif d&#8217;arri\u00e8re-plan ont \u00e9t\u00e9 illustr\u00e9s par l&#8217;artiste chinois Tiger Pan, qui a \u00e9galement illustr\u00e9 la s\u00e9rie du calendrier lunaire des Nations Unies pour l&#8217;ann\u00e9e du Chien 2018, l&#8217;ann\u00e9e du Tigre 2022, l&#8217;ann\u00e9e du Lapin 2023 et l&#8217;ann\u00e9e du Dragon 2024.<\/p>\n<p>L&#8217;APNU proposera \u00e9galement une carte postale de l&#8217;ann\u00e9e du serpent et une enveloppe premier jour figurant le m\u00eame motif que les timbres.<\/p>\n<p><strong>Sp\u00e9cifications :<\/strong><br \/>\n<strong>Taille du timbre :<\/strong> 40,6 mm x 29,8 mm<br \/>\n<strong>Taille de la vignette :<\/strong> 26,6 mm x 29,8 mm<br \/>\n<strong>Taille de la feuille :<\/strong>279,4 mm x 215,9 mm<br \/>\n<strong>Imprimeur :<\/strong>Cartor Security Printing (France)<\/p>\n","protected":false},"excerpt":{"rendered":"<p>Le 17 janvier 2025, l\u2019UNPA c\u00e9l\u00e8bre le calendrier lunaire chinois \u2013 Ann\u00e9e du serpent avec l\u2019\u00e9mission d\u2019une feuille d\u2019\u00e9v\u00e9nement sp\u00e9ciale de 10 timbres. Le Nouvel An chinois commence officiellement le 29 janvier 2025 et se poursuit jusqu\u2019au 16 f\u00e9vrier 2026. Les dix timbres \u00e0 1,65 $ et le motif d\u2019arri\u00e8re-plan repr\u00e9sentent quatre serpents s\u2019enla\u00e7ant et [&hellip;]<\/p>\n","protected":false},"featured_media":191007,"comment_status":"closed","ping_status":"closed","template":"","meta":{"ngg_post_thumbnail":0},"product_brand":[],"product_cat":[2953,162,140],"product_tag":[],"class_list":{"0":"post-190958","1":"product","2":"type-product","3":"status-publish","4":"has-post-thumbnail","6":"product_cat-2025-fr","7":"product_cat-feuilles-personnalisees","8":"product_cat-new-york-issuing-office-fr","9":"pa_condition-cancelled-fr","10":"pa_condition-mint-fr","12":"first","13":"instock","14":"shipping-taxable","15":"purchasable","16":"product-type-variable"},"yoast_head":"<!-- This site is optimized with the Yoast SEO plugin v27.4 - https:\/\/yoast.com\/product\/yoast-seo-wordpress\/ -->\n<title>Calendrier lunaire chinois \u2013 \u00ab Ann\u00e9e du Serpent \u00bb - UN Timbres<\/title>\n<meta name=\"robots\" content=\"index, follow, max-snippet:-1, max-image-preview:large, max-video-preview:-1\" \/>\n<link rel=\"canonical\" href=\"https:\/\/unstamps.org\/fr\/produit\/calendrier-lunaire-chinois-annee-du-serpent\/\" \/>\n<meta property=\"og:locale\" content=\"fr_FR\" \/>\n<meta property=\"og:type\" content=\"article\" \/>\n<meta property=\"og:title\" content=\"Calendrier lunaire chinois \u2013 \u00ab Ann\u00e9e du Serpent \u00bb - UN Timbres\" \/>\n<meta property=\"og:description\" content=\"Le 17 janvier 2025, l\u2019UNPA c\u00e9l\u00e8bre le calendrier lunaire chinois \u2013 Ann\u00e9e du serpent avec l\u2019\u00e9mission d\u2019une feuille d\u2019\u00e9v\u00e9nement sp\u00e9ciale de 10 timbres. Le Nouvel An chinois commence officiellement le 29 janvier 2025 et se poursuit jusqu\u2019au 16 f\u00e9vrier 2026. Les dix timbres \u00e0 1,65 $ et le motif d\u2019arri\u00e8re-plan repr\u00e9sentent quatre serpents s\u2019enla\u00e7ant et [&hellip;]\" \/>\n<meta property=\"og:url\" content=\"https:\/\/unstamps.org\/fr\/produit\/calendrier-lunaire-chinois-annee-du-serpent\/\" \/>\n<meta property=\"og:site_name\" content=\"UN Timbres\" \/>\n<meta property=\"article:modified_time\" content=\"2026-01-12T20:46:20+00:00\" \/>\n<meta property=\"og:image\" content=\"https:\/\/unstamps.org\/wp-content\/uploads\/2025\/01\/2025-Lunar-Snake-PSS-Mint-Web.jpg\" \/>\n\t<meta property=\"og:image:width\" content=\"1024\" \/>\n\t<meta property=\"og:image:height\" content=\"1024\" \/>\n\t<meta property=\"og:image:type\" content=\"image\/jpeg\" \/>\n<meta name=\"twitter:card\" content=\"summary_large_image\" \/>\n<meta name=\"twitter:label1\" content=\"Dur\u00e9e de lecture estim\u00e9e\" \/>\n\t<meta name=\"twitter:data1\" content=\"1 minute\" \/>\n<script type=\"application\/ld+json\" class=\"yoast-schema-graph\">{\"@context\":\"https:\\\/\\\/schema.org\",\"@graph\":[{\"@type\":\"WebPage\",\"@id\":\"https:\\\/\\\/unstamps.org\\\/fr\\\/produit\\\/calendrier-lunaire-chinois-annee-du-serpent\\\/\",\"url\":\"https:\\\/\\\/unstamps.org\\\/fr\\\/produit\\\/calendrier-lunaire-chinois-annee-du-serpent\\\/\",\"name\":\"Calendrier lunaire chinois \u2013 \u00ab Ann\u00e9e du Serpent \u00bb - UN Timbres\",\"isPartOf\":{\"@id\":\"https:\\\/\\\/unstamps.org\\\/fr\\\/#website\"},\"primaryImageOfPage\":{\"@id\":\"https:\\\/\\\/unstamps.org\\\/fr\\\/produit\\\/calendrier-lunaire-chinois-annee-du-serpent\\\/#primaryimage\"},\"image\":{\"@id\":\"https:\\\/\\\/unstamps.org\\\/fr\\\/produit\\\/calendrier-lunaire-chinois-annee-du-serpent\\\/#primaryimage\"},\"thumbnailUrl\":\"https:\\\/\\\/unstamps.org\\\/wp-content\\\/uploads\\\/2025\\\/01\\\/2025-Lunar-Snake-PSS-Mint-Web.jpg\",\"datePublished\":\"2025-01-15T18:13:57+00:00\",\"dateModified\":\"2026-01-12T20:46:20+00:00\",\"breadcrumb\":{\"@id\":\"https:\\\/\\\/unstamps.org\\\/fr\\\/produit\\\/calendrier-lunaire-chinois-annee-du-serpent\\\/#breadcrumb\"},\"inLanguage\":\"fr-FR\",\"potentialAction\":[{\"@type\":\"ReadAction\",\"target\":[\"https:\\\/\\\/unstamps.org\\\/fr\\\/produit\\\/calendrier-lunaire-chinois-annee-du-serpent\\\/\"]}]},{\"@type\":\"ImageObject\",\"inLanguage\":\"fr-FR\",\"@id\":\"https:\\\/\\\/unstamps.org\\\/fr\\\/produit\\\/calendrier-lunaire-chinois-annee-du-serpent\\\/#primaryimage\",\"url\":\"https:\\\/\\\/unstamps.org\\\/wp-content\\\/uploads\\\/2025\\\/01\\\/2025-Lunar-Snake-PSS-Mint-Web.jpg\",\"contentUrl\":\"https:\\\/\\\/unstamps.org\\\/wp-content\\\/uploads\\\/2025\\\/01\\\/2025-Lunar-Snake-PSS-Mint-Web.jpg\",\"width\":1024,\"height\":1024},{\"@type\":\"BreadcrumbList\",\"@id\":\"https:\\\/\\\/unstamps.org\\\/fr\\\/produit\\\/calendrier-lunaire-chinois-annee-du-serpent\\\/#breadcrumb\",\"itemListElement\":[{\"@type\":\"ListItem\",\"position\":1,\"name\":\"Home\",\"item\":\"https:\\\/\\\/unstamps.org\\\/fr\\\/\"},{\"@type\":\"ListItem\",\"position\":2,\"name\":\"Les produits\",\"item\":\"https:\\\/\\\/unstamps.org\\\/fr\\\/les-produits\\\/\"},{\"@type\":\"ListItem\",\"position\":3,\"name\":\"Calendrier lunaire chinois \u2013 \u00ab Ann\u00e9e du Serpent \u00bb\"}]},{\"@type\":\"WebSite\",\"@id\":\"https:\\\/\\\/unstamps.org\\\/fr\\\/#website\",\"url\":\"https:\\\/\\\/unstamps.org\\\/fr\\\/\",\"name\":\"UN Stamps\",\"description\":\"United Nations Stamps\",\"publisher\":{\"@id\":\"https:\\\/\\\/unstamps.org\\\/fr\\\/#organization\"},\"potentialAction\":[{\"@type\":\"SearchAction\",\"target\":{\"@type\":\"EntryPoint\",\"urlTemplate\":\"https:\\\/\\\/unstamps.org\\\/fr\\\/?s={search_term_string}\"},\"query-input\":{\"@type\":\"PropertyValueSpecification\",\"valueRequired\":true,\"valueName\":\"search_term_string\"}}],\"inLanguage\":\"fr-FR\"},{\"@type\":\"Organization\",\"@id\":\"https:\\\/\\\/unstamps.org\\\/fr\\\/#organization\",\"name\":\"UN Stamps\",\"url\":\"https:\\\/\\\/unstamps.org\\\/fr\\\/\",\"logo\":{\"@type\":\"ImageObject\",\"inLanguage\":\"fr-FR\",\"@id\":\"https:\\\/\\\/unstamps.org\\\/fr\\\/#\\\/schema\\\/logo\\\/image\\\/\",\"url\":\"https:\\\/\\\/unstamps.org\\\/wp-content\\\/uploads\\\/2014\\\/01\\\/logo4web.jpg\",\"contentUrl\":\"https:\\\/\\\/unstamps.org\\\/wp-content\\\/uploads\\\/2014\\\/01\\\/logo4web.jpg\",\"width\":2500,\"height\":250,\"caption\":\"UN Stamps\"},\"image\":{\"@id\":\"https:\\\/\\\/unstamps.org\\\/fr\\\/#\\\/schema\\\/logo\\\/image\\\/\"}}]}<\/script>\n<!-- \/ Yoast SEO plugin. -->","yoast_head_json":{"title":"Calendrier lunaire chinois \u2013 \u00ab Ann\u00e9e du Serpent \u00bb - UN Timbres","robots":{"index":"index","follow":"follow","max-snippet":"max-snippet:-1","max-image-preview":"max-image-preview:large","max-video-preview":"max-video-preview:-1"},"canonical":"https:\/\/unstamps.org\/fr\/produit\/calendrier-lunaire-chinois-annee-du-serpent\/","og_locale":"fr_FR","og_type":"article","og_title":"Calendrier lunaire chinois \u2013 \u00ab Ann\u00e9e du Serpent \u00bb - UN Timbres","og_description":"Le 17 janvier 2025, l\u2019UNPA c\u00e9l\u00e8bre le calendrier lunaire chinois \u2013 Ann\u00e9e du serpent avec l\u2019\u00e9mission d\u2019une feuille d\u2019\u00e9v\u00e9nement sp\u00e9ciale de 10 timbres. Le Nouvel An chinois commence officiellement le 29 janvier 2025 et se poursuit jusqu\u2019au 16 f\u00e9vrier 2026. Les dix timbres \u00e0 1,65 $ et le motif d\u2019arri\u00e8re-plan repr\u00e9sentent quatre serpents s\u2019enla\u00e7ant et [&hellip;]","og_url":"https:\/\/unstamps.org\/fr\/produit\/calendrier-lunaire-chinois-annee-du-serpent\/","og_site_name":"UN Timbres","article_modified_time":"2026-01-12T20:46:20+00:00","og_image":[{"width":1024,"height":1024,"url":"https:\/\/unstamps.org\/wp-content\/uploads\/2025\/01\/2025-Lunar-Snake-PSS-Mint-Web.jpg","type":"image\/jpeg"}],"twitter_card":"summary_large_image","twitter_misc":{"Dur\u00e9e de lecture estim\u00e9e":"1 minute"},"schema":{"@context":"https:\/\/schema.org","@graph":[{"@type":"WebPage","@id":"https:\/\/unstamps.org\/fr\/produit\/calendrier-lunaire-chinois-annee-du-serpent\/","url":"https:\/\/unstamps.org\/fr\/produit\/calendrier-lunaire-chinois-annee-du-serpent\/","name":"Calendrier lunaire chinois \u2013 \u00ab Ann\u00e9e du Serpent \u00bb - UN Timbres","isPartOf":{"@id":"https:\/\/unstamps.org\/fr\/#website"},"primaryImageOfPage":{"@id":"https:\/\/unstamps.org\/fr\/produit\/calendrier-lunaire-chinois-annee-du-serpent\/#primaryimage"},"image":{"@id":"https:\/\/unstamps.org\/fr\/produit\/calendrier-lunaire-chinois-annee-du-serpent\/#primaryimage"},"thumbnailUrl":"https:\/\/unstamps.org\/wp-content\/uploads\/2025\/01\/2025-Lunar-Snake-PSS-Mint-Web.jpg","datePublished":"2025-01-15T18:13:57+00:00","dateModified":"2026-01-12T20:46:20+00:00","breadcrumb":{"@id":"https:\/\/unstamps.org\/fr\/produit\/calendrier-lunaire-chinois-annee-du-serpent\/#breadcrumb"},"inLanguage":"fr-FR","potentialAction":[{"@type":"ReadAction","target":["https:\/\/unstamps.org\/fr\/produit\/calendrier-lunaire-chinois-annee-du-serpent\/"]}]},{"@type":"ImageObject","inLanguage":"fr-FR","@id":"https:\/\/unstamps.org\/fr\/produit\/calendrier-lunaire-chinois-annee-du-serpent\/#primaryimage","url":"https:\/\/unstamps.org\/wp-content\/uploads\/2025\/01\/2025-Lunar-Snake-PSS-Mint-Web.jpg","contentUrl":"https:\/\/unstamps.org\/wp-content\/uploads\/2025\/01\/2025-Lunar-Snake-PSS-Mint-Web.jpg","width":1024,"height":1024},{"@type":"BreadcrumbList","@id":"https:\/\/unstamps.org\/fr\/produit\/calendrier-lunaire-chinois-annee-du-serpent\/#breadcrumb","itemListElement":[{"@type":"ListItem","position":1,"name":"Home","item":"https:\/\/unstamps.org\/fr\/"},{"@type":"ListItem","position":2,"name":"Les produits","item":"https:\/\/unstamps.org\/fr\/les-produits\/"},{"@type":"ListItem","position":3,"name":"Calendrier lunaire chinois \u2013 \u00ab Ann\u00e9e du Serpent \u00bb"}]},{"@type":"WebSite","@id":"https:\/\/unstamps.org\/fr\/#website","url":"https:\/\/unstamps.org\/fr\/","name":"UN Stamps","description":"United Nations Stamps","publisher":{"@id":"https:\/\/unstamps.org\/fr\/#organization"},"potentialAction":[{"@type":"SearchAction","target":{"@type":"EntryPoint","urlTemplate":"https:\/\/unstamps.org\/fr\/?s={search_term_string}"},"query-input":{"@type":"PropertyValueSpecification","valueRequired":true,"valueName":"search_term_string"}}],"inLanguage":"fr-FR"},{"@type":"Organization","@id":"https:\/\/unstamps.org\/fr\/#organization","name":"UN Stamps","url":"https:\/\/unstamps.org\/fr\/","logo":{"@type":"ImageObject","inLanguage":"fr-FR","@id":"https:\/\/unstamps.org\/fr\/#\/schema\/logo\/image\/","url":"https:\/\/unstamps.org\/wp-content\/uploads\/2014\/01\/logo4web.jpg","contentUrl":"https:\/\/unstamps.org\/wp-content\/uploads\/2014\/01\/logo4web.jpg","width":2500,"height":250,"caption":"UN Stamps"},"image":{"@id":"https:\/\/unstamps.org\/fr\/#\/schema\/logo\/image\/"}}]}},"jetpack_sharing_enabled":true,"publishpress_future_action":{"enabled":false,"date":"2026-05-05 09:44:06","action":"change-status","newStatus":"private","terms":[],"taxonomy":"product_cat","extraData":[]},"publishpress_future_workflow_manual_trigger":{"enabledWorkflows":[]},"_links":{"self":[{"href":"https:\/\/unstamps.org\/fr\/wp-json\/wp\/v2\/product\/190958","targetHints":{"allow":["GET"]}}],"collection":[{"href":"https:\/\/unstamps.org\/fr\/wp-json\/wp\/v2\/product"}],"about":[{"href":"https:\/\/unstamps.org\/fr\/wp-json\/wp\/v2\/types\/product"}],"replies":[{"embeddable":true,"href":"https:\/\/unstamps.org\/fr\/wp-json\/wp\/v2\/comments?post=190958"}],"wp:featuredmedia":[{"embeddable":true,"href":"https:\/\/unstamps.org\/fr\/wp-json\/wp\/v2\/media\/191007"}],"wp:attachment":[{"href":"https:\/\/unstamps.org\/fr\/wp-json\/wp\/v2\/media?parent=190958"}],"wp:term":[{"taxonomy":"product_brand","embeddable":true,"href":"https:\/\/unstamps.org\/fr\/wp-json\/wp\/v2\/product_brand?post=190958"},{"taxonomy":"product_cat","embeddable":true,"href":"https:\/\/unstamps.org\/fr\/wp-json\/wp\/v2\/product_cat?post=190958"},{"taxonomy":"product_tag","embeddable":true,"href":"https:\/\/unstamps.org\/fr\/wp-json\/wp\/v2\/product_tag?post=190958"}],"curies":[{"name":"wp","href":"https:\/\/api.w.org\/{rel}","templated":true}]}}