{"id":190401,"date":"2024-12-04T11:10:59","date_gmt":"2024-12-04T16:43:07","guid":{"rendered":"https:\/\/unstamps.org\/?post_type=product&#038;p=190401"},"modified":"2026-01-09T11:59:01","modified_gmt":"2026-01-09T16:59:01","slug":"depliants-annuels-2024-jeux-complets","status":"publish","type":"product","link":"https:\/\/unstamps.org\/fr\/produit\/depliants-annuels-2024-jeux-complets\/","title":{"rendered":"D\u00e9pliants annuels 2024 &#8211; Jeux Complets"},"content":{"rendered":"<p>Les d\u00e9pliants annuels de New York, de Gen\u00e8ve et de Vienne avec chacun des timbres \u00e9mis en 2024 sortiront le 26 novembre 2024. Les d\u00e9pliants sont imprim\u00e9s en couleur et fournissent des informations contextuelles sur chaque \u00e9mission. Les timbres et feuillets souvenirs neufs ne sont pas fix\u00e9s dans l\u2019album, car des cartes de classement sont pr\u00e9vues \u00e0 cet effet. <\/p>\n<p>Il convient de noter que les timbres de la s\u00e9rie \u00ab Esp\u00e8ces menac\u00e9es d\u2019extinction 2024 \u00bb ne seront pas inclus dans les d\u00e9pliants annuels de New York, Gen\u00e8ve et Vienne. Ils sont pr\u00e9sent\u00e9s dans leur propre d\u00e9pliant distinct. <\/p>\n<p>Le 26 novembre 2024 sera le dernier jour de vente des d\u00e9pliants annuels de 2022 de New York, Gen\u00e8ve et Vienne.<\/p>\n","protected":false},"excerpt":{"rendered":"<p>Les d\u00e9pliants annuels de New York, de Gen\u00e8ve et de Vienne avec chacun des timbres \u00e9mis en 2024 sortiront le 26 novembre 2024. Les d\u00e9pliants sont imprim\u00e9s en couleur et fournissent des informations contextuelles sur chaque \u00e9mission. Les timbres et feuillets souvenirs neufs ne sont pas fix\u00e9s dans l\u2019album, car des cartes de classement sont [&hellip;]<\/p>\n","protected":false},"featured_media":190388,"comment_status":"closed","ping_status":"closed","template":"","meta":{"ngg_post_thumbnail":0},"product_brand":[],"product_cat":[2945,179,145,140,156],"product_tag":[],"class_list":{"0":"post-190401","1":"product","2":"type-product","3":"status-publish","4":"has-post-thumbnail","6":"product_cat-2024-fr","7":"product_cat-depliants-annuels","8":"product_cat-geneve","9":"product_cat-new-york-issuing-office-fr","10":"product_cat-vienne","11":"pa_condition-cancelled-fr","12":"pa_condition-mint-fr","14":"first","15":"instock","16":"shipping-taxable","17":"purchasable","18":"product-type-variable"},"yoast_head":"<!-- This site is optimized with the Yoast SEO plugin v27.3 - https:\/\/yoast.com\/product\/yoast-seo-wordpress\/ -->\n<title>D\u00e9pliants annuels 2024 &#8211; Jeux Complets - UN Timbres<\/title>\n<meta name=\"robots\" content=\"index, follow, max-snippet:-1, max-image-preview:large, max-video-preview:-1\" \/>\n<link rel=\"canonical\" href=\"https:\/\/unstamps.org\/fr\/produit\/depliants-annuels-2024-jeux-complets\/\" \/>\n<meta property=\"og:locale\" content=\"fr_FR\" \/>\n<meta property=\"og:type\" content=\"article\" \/>\n<meta property=\"og:title\" content=\"D\u00e9pliants annuels 2024 &#8211; Jeux Complets - UN Timbres\" \/>\n<meta property=\"og:description\" content=\"Les d\u00e9pliants annuels de New York, de Gen\u00e8ve et de Vienne avec chacun des timbres \u00e9mis en 2024 sortiront le 26 novembre 2024. Les d\u00e9pliants sont imprim\u00e9s en couleur et fournissent des informations contextuelles sur chaque \u00e9mission. Les timbres et feuillets souvenirs neufs ne sont pas fix\u00e9s dans l\u2019album, car des cartes de classement sont [&hellip;]\" \/>\n<meta property=\"og:url\" content=\"https:\/\/unstamps.org\/fr\/produit\/depliants-annuels-2024-jeux-complets\/\" \/>\n<meta property=\"og:site_name\" content=\"UN Timbres\" \/>\n<meta property=\"article:modified_time\" content=\"2026-01-09T16:59:01+00:00\" \/>\n<meta property=\"og:image\" content=\"https:\/\/unstamps.org\/wp-content\/uploads\/2024\/12\/2024-Annual-Collection-GROUP.jpg\" \/>\n\t<meta property=\"og:image:width\" content=\"1024\" \/>\n\t<meta property=\"og:image:height\" content=\"1024\" \/>\n\t<meta property=\"og:image:type\" content=\"image\/jpeg\" \/>\n<meta name=\"twitter:card\" content=\"summary_large_image\" \/>\n<meta name=\"twitter:label1\" content=\"Dur\u00e9e de lecture estim\u00e9e\" \/>\n\t<meta name=\"twitter:data1\" content=\"1 minute\" \/>\n<script type=\"application\/ld+json\" class=\"yoast-schema-graph\">{\"@context\":\"https:\\\/\\\/schema.org\",\"@graph\":[{\"@type\":\"WebPage\",\"@id\":\"https:\\\/\\\/unstamps.org\\\/fr\\\/produit\\\/depliants-annuels-2024-jeux-complets\\\/\",\"url\":\"https:\\\/\\\/unstamps.org\\\/fr\\\/produit\\\/depliants-annuels-2024-jeux-complets\\\/\",\"name\":\"D\u00e9pliants annuels 2024 &#8211; Jeux Complets - UN Timbres\",\"isPartOf\":{\"@id\":\"https:\\\/\\\/unstamps.org\\\/fr\\\/#website\"},\"primaryImageOfPage\":{\"@id\":\"https:\\\/\\\/unstamps.org\\\/fr\\\/produit\\\/depliants-annuels-2024-jeux-complets\\\/#primaryimage\"},\"image\":{\"@id\":\"https:\\\/\\\/unstamps.org\\\/fr\\\/produit\\\/depliants-annuels-2024-jeux-complets\\\/#primaryimage\"},\"thumbnailUrl\":\"https:\\\/\\\/unstamps.org\\\/wp-content\\\/uploads\\\/2024\\\/12\\\/2024-Annual-Collection-GROUP.jpg\",\"datePublished\":\"2024-12-04T16:43:07+00:00\",\"dateModified\":\"2026-01-09T16:59:01+00:00\",\"breadcrumb\":{\"@id\":\"https:\\\/\\\/unstamps.org\\\/fr\\\/produit\\\/depliants-annuels-2024-jeux-complets\\\/#breadcrumb\"},\"inLanguage\":\"fr-FR\",\"potentialAction\":[{\"@type\":\"ReadAction\",\"target\":[\"https:\\\/\\\/unstamps.org\\\/fr\\\/produit\\\/depliants-annuels-2024-jeux-complets\\\/\"]}]},{\"@type\":\"ImageObject\",\"inLanguage\":\"fr-FR\",\"@id\":\"https:\\\/\\\/unstamps.org\\\/fr\\\/produit\\\/depliants-annuels-2024-jeux-complets\\\/#primaryimage\",\"url\":\"https:\\\/\\\/unstamps.org\\\/wp-content\\\/uploads\\\/2024\\\/12\\\/2024-Annual-Collection-GROUP.jpg\",\"contentUrl\":\"https:\\\/\\\/unstamps.org\\\/wp-content\\\/uploads\\\/2024\\\/12\\\/2024-Annual-Collection-GROUP.jpg\",\"width\":1024,\"height\":1024},{\"@type\":\"BreadcrumbList\",\"@id\":\"https:\\\/\\\/unstamps.org\\\/fr\\\/produit\\\/depliants-annuels-2024-jeux-complets\\\/#breadcrumb\",\"itemListElement\":[{\"@type\":\"ListItem\",\"position\":1,\"name\":\"Home\",\"item\":\"https:\\\/\\\/unstamps.org\\\/fr\\\/\"},{\"@type\":\"ListItem\",\"position\":2,\"name\":\"Les produits\",\"item\":\"https:\\\/\\\/unstamps.org\\\/fr\\\/les-produits\\\/\"},{\"@type\":\"ListItem\",\"position\":3,\"name\":\"D\u00e9pliants annuels 2024 &#8211; Jeux Complets\"}]},{\"@type\":\"WebSite\",\"@id\":\"https:\\\/\\\/unstamps.org\\\/fr\\\/#website\",\"url\":\"https:\\\/\\\/unstamps.org\\\/fr\\\/\",\"name\":\"UN Stamps\",\"description\":\"United Nations Stamps\",\"publisher\":{\"@id\":\"https:\\\/\\\/unstamps.org\\\/fr\\\/#organization\"},\"potentialAction\":[{\"@type\":\"SearchAction\",\"target\":{\"@type\":\"EntryPoint\",\"urlTemplate\":\"https:\\\/\\\/unstamps.org\\\/fr\\\/?s={search_term_string}\"},\"query-input\":{\"@type\":\"PropertyValueSpecification\",\"valueRequired\":true,\"valueName\":\"search_term_string\"}}],\"inLanguage\":\"fr-FR\"},{\"@type\":\"Organization\",\"@id\":\"https:\\\/\\\/unstamps.org\\\/fr\\\/#organization\",\"name\":\"UN Stamps\",\"url\":\"https:\\\/\\\/unstamps.org\\\/fr\\\/\",\"logo\":{\"@type\":\"ImageObject\",\"inLanguage\":\"fr-FR\",\"@id\":\"https:\\\/\\\/unstamps.org\\\/fr\\\/#\\\/schema\\\/logo\\\/image\\\/\",\"url\":\"https:\\\/\\\/unstamps.org\\\/wp-content\\\/uploads\\\/2014\\\/01\\\/logo4web.jpg\",\"contentUrl\":\"https:\\\/\\\/unstamps.org\\\/wp-content\\\/uploads\\\/2014\\\/01\\\/logo4web.jpg\",\"width\":2500,\"height\":250,\"caption\":\"UN Stamps\"},\"image\":{\"@id\":\"https:\\\/\\\/unstamps.org\\\/fr\\\/#\\\/schema\\\/logo\\\/image\\\/\"}}]}<\/script>\n<!-- \/ Yoast SEO plugin. -->","yoast_head_json":{"title":"D\u00e9pliants annuels 2024 &#8211; Jeux Complets - UN Timbres","robots":{"index":"index","follow":"follow","max-snippet":"max-snippet:-1","max-image-preview":"max-image-preview:large","max-video-preview":"max-video-preview:-1"},"canonical":"https:\/\/unstamps.org\/fr\/produit\/depliants-annuels-2024-jeux-complets\/","og_locale":"fr_FR","og_type":"article","og_title":"D\u00e9pliants annuels 2024 &#8211; Jeux Complets - UN Timbres","og_description":"Les d\u00e9pliants annuels de New York, de Gen\u00e8ve et de Vienne avec chacun des timbres \u00e9mis en 2024 sortiront le 26 novembre 2024. Les d\u00e9pliants sont imprim\u00e9s en couleur et fournissent des informations contextuelles sur chaque \u00e9mission. Les timbres et feuillets souvenirs neufs ne sont pas fix\u00e9s dans l\u2019album, car des cartes de classement sont [&hellip;]","og_url":"https:\/\/unstamps.org\/fr\/produit\/depliants-annuels-2024-jeux-complets\/","og_site_name":"UN Timbres","article_modified_time":"2026-01-09T16:59:01+00:00","og_image":[{"width":1024,"height":1024,"url":"https:\/\/unstamps.org\/wp-content\/uploads\/2024\/12\/2024-Annual-Collection-GROUP.jpg","type":"image\/jpeg"}],"twitter_card":"summary_large_image","twitter_misc":{"Dur\u00e9e de lecture estim\u00e9e":"1 minute"},"schema":{"@context":"https:\/\/schema.org","@graph":[{"@type":"WebPage","@id":"https:\/\/unstamps.org\/fr\/produit\/depliants-annuels-2024-jeux-complets\/","url":"https:\/\/unstamps.org\/fr\/produit\/depliants-annuels-2024-jeux-complets\/","name":"D\u00e9pliants annuels 2024 &#8211; Jeux Complets - UN Timbres","isPartOf":{"@id":"https:\/\/unstamps.org\/fr\/#website"},"primaryImageOfPage":{"@id":"https:\/\/unstamps.org\/fr\/produit\/depliants-annuels-2024-jeux-complets\/#primaryimage"},"image":{"@id":"https:\/\/unstamps.org\/fr\/produit\/depliants-annuels-2024-jeux-complets\/#primaryimage"},"thumbnailUrl":"https:\/\/unstamps.org\/wp-content\/uploads\/2024\/12\/2024-Annual-Collection-GROUP.jpg","datePublished":"2024-12-04T16:43:07+00:00","dateModified":"2026-01-09T16:59:01+00:00","breadcrumb":{"@id":"https:\/\/unstamps.org\/fr\/produit\/depliants-annuels-2024-jeux-complets\/#breadcrumb"},"inLanguage":"fr-FR","potentialAction":[{"@type":"ReadAction","target":["https:\/\/unstamps.org\/fr\/produit\/depliants-annuels-2024-jeux-complets\/"]}]},{"@type":"ImageObject","inLanguage":"fr-FR","@id":"https:\/\/unstamps.org\/fr\/produit\/depliants-annuels-2024-jeux-complets\/#primaryimage","url":"https:\/\/unstamps.org\/wp-content\/uploads\/2024\/12\/2024-Annual-Collection-GROUP.jpg","contentUrl":"https:\/\/unstamps.org\/wp-content\/uploads\/2024\/12\/2024-Annual-Collection-GROUP.jpg","width":1024,"height":1024},{"@type":"BreadcrumbList","@id":"https:\/\/unstamps.org\/fr\/produit\/depliants-annuels-2024-jeux-complets\/#breadcrumb","itemListElement":[{"@type":"ListItem","position":1,"name":"Home","item":"https:\/\/unstamps.org\/fr\/"},{"@type":"ListItem","position":2,"name":"Les produits","item":"https:\/\/unstamps.org\/fr\/les-produits\/"},{"@type":"ListItem","position":3,"name":"D\u00e9pliants annuels 2024 &#8211; Jeux Complets"}]},{"@type":"WebSite","@id":"https:\/\/unstamps.org\/fr\/#website","url":"https:\/\/unstamps.org\/fr\/","name":"UN Stamps","description":"United Nations Stamps","publisher":{"@id":"https:\/\/unstamps.org\/fr\/#organization"},"potentialAction":[{"@type":"SearchAction","target":{"@type":"EntryPoint","urlTemplate":"https:\/\/unstamps.org\/fr\/?s={search_term_string}"},"query-input":{"@type":"PropertyValueSpecification","valueRequired":true,"valueName":"search_term_string"}}],"inLanguage":"fr-FR"},{"@type":"Organization","@id":"https:\/\/unstamps.org\/fr\/#organization","name":"UN Stamps","url":"https:\/\/unstamps.org\/fr\/","logo":{"@type":"ImageObject","inLanguage":"fr-FR","@id":"https:\/\/unstamps.org\/fr\/#\/schema\/logo\/image\/","url":"https:\/\/unstamps.org\/wp-content\/uploads\/2014\/01\/logo4web.jpg","contentUrl":"https:\/\/unstamps.org\/wp-content\/uploads\/2014\/01\/logo4web.jpg","width":2500,"height":250,"caption":"UN Stamps"},"image":{"@id":"https:\/\/unstamps.org\/fr\/#\/schema\/logo\/image\/"}}]}},"jetpack_sharing_enabled":true,"publishpress_future_action":{"enabled":false,"date":"2026-04-19 02:53:23","action":"change-status","newStatus":"private","terms":[],"taxonomy":"product_cat","extraData":[]},"publishpress_future_workflow_manual_trigger":{"enabledWorkflows":[]},"_links":{"self":[{"href":"https:\/\/unstamps.org\/fr\/wp-json\/wp\/v2\/product\/190401","targetHints":{"allow":["GET"]}}],"collection":[{"href":"https:\/\/unstamps.org\/fr\/wp-json\/wp\/v2\/product"}],"about":[{"href":"https:\/\/unstamps.org\/fr\/wp-json\/wp\/v2\/types\/product"}],"replies":[{"embeddable":true,"href":"https:\/\/unstamps.org\/fr\/wp-json\/wp\/v2\/comments?post=190401"}],"wp:featuredmedia":[{"embeddable":true,"href":"https:\/\/unstamps.org\/fr\/wp-json\/wp\/v2\/media\/190388"}],"wp:attachment":[{"href":"https:\/\/unstamps.org\/fr\/wp-json\/wp\/v2\/media?parent=190401"}],"wp:term":[{"taxonomy":"product_brand","embeddable":true,"href":"https:\/\/unstamps.org\/fr\/wp-json\/wp\/v2\/product_brand?post=190401"},{"taxonomy":"product_cat","embeddable":true,"href":"https:\/\/unstamps.org\/fr\/wp-json\/wp\/v2\/product_cat?post=190401"},{"taxonomy":"product_tag","embeddable":true,"href":"https:\/\/unstamps.org\/fr\/wp-json\/wp\/v2\/product_tag?post=190401"}],"curies":[{"name":"wp","href":"https:\/\/api.w.org\/{rel}","templated":true}]}}