{"id":189307,"date":"2024-10-25T09:34:13","date_gmt":"2024-10-25T13:34:44","guid":{"rendered":"https:\/\/unstamps.org\/?post_type=product&#038;p=189307"},"modified":"2026-01-09T11:58:55","modified_gmt":"2026-01-09T16:58:55","slug":"apnu-ge-55th-anniversaire","status":"publish","type":"product","link":"https:\/\/unstamps.org\/fr\/produit\/apnu-ge-55th-anniversaire\/","title":{"rendered":"APNU &#8211; GE 55TH Anniversaire"},"content":{"rendered":"<p>Le 24 octobre 2024, l&#8217;Administration postale des Nations Unies \u00e9mettra une nouvelle feuille sp\u00e9ciale pour comm\u00e9morer le 55\u00e8me anniversaire du bureau de l&#8217;APNU \u00e0 Gen\u00e8ve.<\/p>\n<p>Le 11 d\u00e9cembre 1968, un accord entre les Nations Unies et l&#8217;Entreprise suisse des postes, t\u00e9l\u00e9phone et t\u00e9l\u00e9graphes (PTT) a permis l&#8217;ouverture du bureau de l&#8217;APNU \u00e0 Gen\u00e8ve. Les premiers timbres de l&#8217;ONU en francs suisses ont \u00e9t\u00e9 \u00e9mis le 4 octobre 1969.<\/p>\n<p>La feuille de 10 timbres d&#8217;une valeur de 1,20 CHF chacun pr\u00e9sente diverses images et illustrations du si\u00e8ge des Nations Unies \u00e0 Gen\u00e8ve. Les onglets \u00e0 droite des timbres contiennent une illustration abstraite des divers \u00e9l\u00e9ments architecturaux du Palais des Nations.<\/p>\n<p>La feuille a \u00e9t\u00e9 con\u00e7ue par Sergio Baradat (Nations Unies).<\/p>\n<p><strong>Caract\u00e9ristiques :<\/strong><br \/>\nTaille du tampon: 40,6 mm x 29,8 mm<br \/>\nTaille de l&#8217;onglet: 26,6 mm x 29,8 mm<br \/>\nTaille de la feuille: 279,4 mm x 215,9 mm<\/p>\n<p>Les clients ayant des commandes permanentes pour des feuilles d\u2019\u00e9v\u00e9nements sp\u00e9ciaux \u00e0 Gen\u00e8ve (art. 594) recevront automatiquement cet article via leur abonnement.<\/p>\n","protected":false},"excerpt":{"rendered":"<p>Le 24 octobre 2024, l&#8217;Administration postale des Nations Unies \u00e9mettra une nouvelle feuille sp\u00e9ciale pour comm\u00e9morer le 55\u00e8me anniversaire du bureau de l&#8217;APNU \u00e0 Gen\u00e8ve. Le 11 d\u00e9cembre 1968, un accord entre les Nations Unies et l&#8217;Entreprise suisse des postes, t\u00e9l\u00e9phone et t\u00e9l\u00e9graphes (PTT) a permis l&#8217;ouverture du bureau de l&#8217;APNU \u00e0 Gen\u00e8ve. Les premiers [&hellip;]<\/p>\n","protected":false},"featured_media":189326,"comment_status":"closed","ping_status":"closed","template":"","meta":{"ngg_post_thumbnail":0},"product_brand":[],"product_cat":[2945,162,145],"product_tag":[],"class_list":{"0":"post-189307","1":"product","2":"type-product","3":"status-publish","4":"has-post-thumbnail","6":"product_cat-2024-fr","7":"product_cat-feuilles-personnalisees","8":"product_cat-geneve","9":"pa_condition-cancelled-fr","10":"pa_condition-mint-fr","12":"first","13":"instock","14":"shipping-taxable","15":"purchasable","16":"product-type-variable"},"yoast_head":"<!-- This site is optimized with the Yoast SEO plugin v27.3 - https:\/\/yoast.com\/product\/yoast-seo-wordpress\/ -->\n<title>APNU &#8211; GE 55TH Anniversaire - UN Timbres<\/title>\n<meta name=\"robots\" content=\"index, follow, max-snippet:-1, max-image-preview:large, max-video-preview:-1\" \/>\n<link rel=\"canonical\" href=\"https:\/\/unstamps.org\/fr\/produit\/apnu-ge-55th-anniversaire\/\" \/>\n<meta property=\"og:locale\" content=\"fr_FR\" \/>\n<meta property=\"og:type\" content=\"article\" \/>\n<meta property=\"og:title\" content=\"APNU &#8211; GE 55TH Anniversaire - UN Timbres\" \/>\n<meta property=\"og:description\" content=\"Le 24 octobre 2024, l&#8217;Administration postale des Nations Unies \u00e9mettra une nouvelle feuille sp\u00e9ciale pour comm\u00e9morer le 55\u00e8me anniversaire du bureau de l&#8217;APNU \u00e0 Gen\u00e8ve. Le 11 d\u00e9cembre 1968, un accord entre les Nations Unies et l&#8217;Entreprise suisse des postes, t\u00e9l\u00e9phone et t\u00e9l\u00e9graphes (PTT) a permis l&#8217;ouverture du bureau de l&#8217;APNU \u00e0 Gen\u00e8ve. Les premiers [&hellip;]\" \/>\n<meta property=\"og:url\" content=\"https:\/\/unstamps.org\/fr\/produit\/apnu-ge-55th-anniversaire\/\" \/>\n<meta property=\"og:site_name\" content=\"UN Timbres\" \/>\n<meta property=\"article:modified_time\" content=\"2026-01-09T16:58:55+00:00\" \/>\n<meta property=\"og:image\" content=\"https:\/\/unstamps.org\/wp-content\/uploads\/2024\/10\/2024-PSS-GE-mint.jpg\" \/>\n\t<meta property=\"og:image:width\" content=\"1024\" \/>\n\t<meta property=\"og:image:height\" content=\"1024\" \/>\n\t<meta property=\"og:image:type\" content=\"image\/jpeg\" \/>\n<meta name=\"twitter:card\" content=\"summary_large_image\" \/>\n<meta name=\"twitter:label1\" content=\"Dur\u00e9e de lecture estim\u00e9e\" \/>\n\t<meta name=\"twitter:data1\" content=\"1 minute\" \/>\n<script type=\"application\/ld+json\" class=\"yoast-schema-graph\">{\"@context\":\"https:\\\/\\\/schema.org\",\"@graph\":[{\"@type\":\"WebPage\",\"@id\":\"https:\\\/\\\/unstamps.org\\\/fr\\\/produit\\\/apnu-ge-55th-anniversaire\\\/\",\"url\":\"https:\\\/\\\/unstamps.org\\\/fr\\\/produit\\\/apnu-ge-55th-anniversaire\\\/\",\"name\":\"APNU &#8211; GE 55TH Anniversaire - UN Timbres\",\"isPartOf\":{\"@id\":\"https:\\\/\\\/unstamps.org\\\/fr\\\/#website\"},\"primaryImageOfPage\":{\"@id\":\"https:\\\/\\\/unstamps.org\\\/fr\\\/produit\\\/apnu-ge-55th-anniversaire\\\/#primaryimage\"},\"image\":{\"@id\":\"https:\\\/\\\/unstamps.org\\\/fr\\\/produit\\\/apnu-ge-55th-anniversaire\\\/#primaryimage\"},\"thumbnailUrl\":\"https:\\\/\\\/unstamps.org\\\/wp-content\\\/uploads\\\/2024\\\/10\\\/2024-PSS-GE-mint.jpg\",\"datePublished\":\"2024-10-25T13:34:44+00:00\",\"dateModified\":\"2026-01-09T16:58:55+00:00\",\"breadcrumb\":{\"@id\":\"https:\\\/\\\/unstamps.org\\\/fr\\\/produit\\\/apnu-ge-55th-anniversaire\\\/#breadcrumb\"},\"inLanguage\":\"fr-FR\",\"potentialAction\":[{\"@type\":\"ReadAction\",\"target\":[\"https:\\\/\\\/unstamps.org\\\/fr\\\/produit\\\/apnu-ge-55th-anniversaire\\\/\"]}]},{\"@type\":\"ImageObject\",\"inLanguage\":\"fr-FR\",\"@id\":\"https:\\\/\\\/unstamps.org\\\/fr\\\/produit\\\/apnu-ge-55th-anniversaire\\\/#primaryimage\",\"url\":\"https:\\\/\\\/unstamps.org\\\/wp-content\\\/uploads\\\/2024\\\/10\\\/2024-PSS-GE-mint.jpg\",\"contentUrl\":\"https:\\\/\\\/unstamps.org\\\/wp-content\\\/uploads\\\/2024\\\/10\\\/2024-PSS-GE-mint.jpg\",\"width\":1024,\"height\":1024},{\"@type\":\"BreadcrumbList\",\"@id\":\"https:\\\/\\\/unstamps.org\\\/fr\\\/produit\\\/apnu-ge-55th-anniversaire\\\/#breadcrumb\",\"itemListElement\":[{\"@type\":\"ListItem\",\"position\":1,\"name\":\"Home\",\"item\":\"https:\\\/\\\/unstamps.org\\\/fr\\\/\"},{\"@type\":\"ListItem\",\"position\":2,\"name\":\"Les produits\",\"item\":\"https:\\\/\\\/unstamps.org\\\/fr\\\/les-produits\\\/\"},{\"@type\":\"ListItem\",\"position\":3,\"name\":\"APNU &#8211; GE 55TH Anniversaire\"}]},{\"@type\":\"WebSite\",\"@id\":\"https:\\\/\\\/unstamps.org\\\/fr\\\/#website\",\"url\":\"https:\\\/\\\/unstamps.org\\\/fr\\\/\",\"name\":\"UN Stamps\",\"description\":\"United Nations Stamps\",\"publisher\":{\"@id\":\"https:\\\/\\\/unstamps.org\\\/fr\\\/#organization\"},\"potentialAction\":[{\"@type\":\"SearchAction\",\"target\":{\"@type\":\"EntryPoint\",\"urlTemplate\":\"https:\\\/\\\/unstamps.org\\\/fr\\\/?s={search_term_string}\"},\"query-input\":{\"@type\":\"PropertyValueSpecification\",\"valueRequired\":true,\"valueName\":\"search_term_string\"}}],\"inLanguage\":\"fr-FR\"},{\"@type\":\"Organization\",\"@id\":\"https:\\\/\\\/unstamps.org\\\/fr\\\/#organization\",\"name\":\"UN Stamps\",\"url\":\"https:\\\/\\\/unstamps.org\\\/fr\\\/\",\"logo\":{\"@type\":\"ImageObject\",\"inLanguage\":\"fr-FR\",\"@id\":\"https:\\\/\\\/unstamps.org\\\/fr\\\/#\\\/schema\\\/logo\\\/image\\\/\",\"url\":\"https:\\\/\\\/unstamps.org\\\/wp-content\\\/uploads\\\/2014\\\/01\\\/logo4web.jpg\",\"contentUrl\":\"https:\\\/\\\/unstamps.org\\\/wp-content\\\/uploads\\\/2014\\\/01\\\/logo4web.jpg\",\"width\":2500,\"height\":250,\"caption\":\"UN Stamps\"},\"image\":{\"@id\":\"https:\\\/\\\/unstamps.org\\\/fr\\\/#\\\/schema\\\/logo\\\/image\\\/\"}}]}<\/script>\n<!-- \/ Yoast SEO plugin. -->","yoast_head_json":{"title":"APNU &#8211; GE 55TH Anniversaire - UN Timbres","robots":{"index":"index","follow":"follow","max-snippet":"max-snippet:-1","max-image-preview":"max-image-preview:large","max-video-preview":"max-video-preview:-1"},"canonical":"https:\/\/unstamps.org\/fr\/produit\/apnu-ge-55th-anniversaire\/","og_locale":"fr_FR","og_type":"article","og_title":"APNU &#8211; GE 55TH Anniversaire - UN Timbres","og_description":"Le 24 octobre 2024, l&#8217;Administration postale des Nations Unies \u00e9mettra une nouvelle feuille sp\u00e9ciale pour comm\u00e9morer le 55\u00e8me anniversaire du bureau de l&#8217;APNU \u00e0 Gen\u00e8ve. Le 11 d\u00e9cembre 1968, un accord entre les Nations Unies et l&#8217;Entreprise suisse des postes, t\u00e9l\u00e9phone et t\u00e9l\u00e9graphes (PTT) a permis l&#8217;ouverture du bureau de l&#8217;APNU \u00e0 Gen\u00e8ve. Les premiers [&hellip;]","og_url":"https:\/\/unstamps.org\/fr\/produit\/apnu-ge-55th-anniversaire\/","og_site_name":"UN Timbres","article_modified_time":"2026-01-09T16:58:55+00:00","og_image":[{"width":1024,"height":1024,"url":"https:\/\/unstamps.org\/wp-content\/uploads\/2024\/10\/2024-PSS-GE-mint.jpg","type":"image\/jpeg"}],"twitter_card":"summary_large_image","twitter_misc":{"Dur\u00e9e de lecture estim\u00e9e":"1 minute"},"schema":{"@context":"https:\/\/schema.org","@graph":[{"@type":"WebPage","@id":"https:\/\/unstamps.org\/fr\/produit\/apnu-ge-55th-anniversaire\/","url":"https:\/\/unstamps.org\/fr\/produit\/apnu-ge-55th-anniversaire\/","name":"APNU &#8211; GE 55TH Anniversaire - UN Timbres","isPartOf":{"@id":"https:\/\/unstamps.org\/fr\/#website"},"primaryImageOfPage":{"@id":"https:\/\/unstamps.org\/fr\/produit\/apnu-ge-55th-anniversaire\/#primaryimage"},"image":{"@id":"https:\/\/unstamps.org\/fr\/produit\/apnu-ge-55th-anniversaire\/#primaryimage"},"thumbnailUrl":"https:\/\/unstamps.org\/wp-content\/uploads\/2024\/10\/2024-PSS-GE-mint.jpg","datePublished":"2024-10-25T13:34:44+00:00","dateModified":"2026-01-09T16:58:55+00:00","breadcrumb":{"@id":"https:\/\/unstamps.org\/fr\/produit\/apnu-ge-55th-anniversaire\/#breadcrumb"},"inLanguage":"fr-FR","potentialAction":[{"@type":"ReadAction","target":["https:\/\/unstamps.org\/fr\/produit\/apnu-ge-55th-anniversaire\/"]}]},{"@type":"ImageObject","inLanguage":"fr-FR","@id":"https:\/\/unstamps.org\/fr\/produit\/apnu-ge-55th-anniversaire\/#primaryimage","url":"https:\/\/unstamps.org\/wp-content\/uploads\/2024\/10\/2024-PSS-GE-mint.jpg","contentUrl":"https:\/\/unstamps.org\/wp-content\/uploads\/2024\/10\/2024-PSS-GE-mint.jpg","width":1024,"height":1024},{"@type":"BreadcrumbList","@id":"https:\/\/unstamps.org\/fr\/produit\/apnu-ge-55th-anniversaire\/#breadcrumb","itemListElement":[{"@type":"ListItem","position":1,"name":"Home","item":"https:\/\/unstamps.org\/fr\/"},{"@type":"ListItem","position":2,"name":"Les produits","item":"https:\/\/unstamps.org\/fr\/les-produits\/"},{"@type":"ListItem","position":3,"name":"APNU &#8211; GE 55TH Anniversaire"}]},{"@type":"WebSite","@id":"https:\/\/unstamps.org\/fr\/#website","url":"https:\/\/unstamps.org\/fr\/","name":"UN Stamps","description":"United Nations Stamps","publisher":{"@id":"https:\/\/unstamps.org\/fr\/#organization"},"potentialAction":[{"@type":"SearchAction","target":{"@type":"EntryPoint","urlTemplate":"https:\/\/unstamps.org\/fr\/?s={search_term_string}"},"query-input":{"@type":"PropertyValueSpecification","valueRequired":true,"valueName":"search_term_string"}}],"inLanguage":"fr-FR"},{"@type":"Organization","@id":"https:\/\/unstamps.org\/fr\/#organization","name":"UN Stamps","url":"https:\/\/unstamps.org\/fr\/","logo":{"@type":"ImageObject","inLanguage":"fr-FR","@id":"https:\/\/unstamps.org\/fr\/#\/schema\/logo\/image\/","url":"https:\/\/unstamps.org\/wp-content\/uploads\/2014\/01\/logo4web.jpg","contentUrl":"https:\/\/unstamps.org\/wp-content\/uploads\/2014\/01\/logo4web.jpg","width":2500,"height":250,"caption":"UN Stamps"},"image":{"@id":"https:\/\/unstamps.org\/fr\/#\/schema\/logo\/image\/"}}]}},"jetpack_sharing_enabled":true,"publishpress_future_action":{"enabled":false,"date":"2026-04-15 08:24:57","action":"change-status","newStatus":"private","terms":[],"taxonomy":"product_cat","extraData":[]},"publishpress_future_workflow_manual_trigger":{"enabledWorkflows":[]},"_links":{"self":[{"href":"https:\/\/unstamps.org\/fr\/wp-json\/wp\/v2\/product\/189307","targetHints":{"allow":["GET"]}}],"collection":[{"href":"https:\/\/unstamps.org\/fr\/wp-json\/wp\/v2\/product"}],"about":[{"href":"https:\/\/unstamps.org\/fr\/wp-json\/wp\/v2\/types\/product"}],"replies":[{"embeddable":true,"href":"https:\/\/unstamps.org\/fr\/wp-json\/wp\/v2\/comments?post=189307"}],"wp:featuredmedia":[{"embeddable":true,"href":"https:\/\/unstamps.org\/fr\/wp-json\/wp\/v2\/media\/189326"}],"wp:attachment":[{"href":"https:\/\/unstamps.org\/fr\/wp-json\/wp\/v2\/media?parent=189307"}],"wp:term":[{"taxonomy":"product_brand","embeddable":true,"href":"https:\/\/unstamps.org\/fr\/wp-json\/wp\/v2\/product_brand?post=189307"},{"taxonomy":"product_cat","embeddable":true,"href":"https:\/\/unstamps.org\/fr\/wp-json\/wp\/v2\/product_cat?post=189307"},{"taxonomy":"product_tag","embeddable":true,"href":"https:\/\/unstamps.org\/fr\/wp-json\/wp\/v2\/product_tag?post=189307"}],"curies":[{"name":"wp","href":"https:\/\/api.w.org\/{rel}","templated":true}]}}