{"id":187877,"date":"2024-08-12T13:06:56","date_gmt":"2024-08-12T17:07:44","guid":{"rendered":"https:\/\/unstamps.org\/?post_type=product&#038;p=187877"},"modified":"2026-01-09T11:58:52","modified_gmt":"2026-01-09T16:58:52","slug":"2024-patrimoine-mondial-republique-de-coree-jeu-de-carnets-de-timbres","status":"publish","type":"product","link":"https:\/\/unstamps.org\/fr\/produit\/2024-patrimoine-mondial-republique-de-coree-jeu-de-carnets-de-timbres\/","title":{"rendered":"2024 PATRIMOINE MONDIAL \u2013 R\u00e9publique de Cor\u00e9e &#8211; Jeu de carnets de timbres"},"content":{"rendered":"<p><strong>Date d\u2019\u00e9mission:<\/strong> 15 ao\u00fbt 2024<br \/>\n<strong>Dessinateur:<\/strong> Sergio Baradat (Nations Unies)<br \/>\n<strong>Photos:<\/strong> Shutterstock<br \/>\n<strong>Imprimeur:<\/strong> Royal Joh Ensched\u00e9 (Pays-Bas)<br \/>\n<strong>Reproduction:<\/strong> Lithographie offset<br \/>\n<strong>Tirages:<\/strong><br \/>\n&#8211; New York (US$ 0.56, US$ 0.73) 4.500 carnets<br \/>\n&#8211; Gen\u00e8ve (CHF 0,35, CHF 0,55) 4.500 carnets<br \/>\n&#8211; Vienne (\u20ac 0,45, \u20ac 0,50) 5.500 carnets<\/p>\n","protected":false},"excerpt":{"rendered":"<p>Date d\u2019\u00e9mission: 15 ao\u00fbt 2024 Dessinateur: Sergio Baradat (Nations Unies) Photos: Shutterstock Imprimeur: Royal Joh Ensched\u00e9 (Pays-Bas) Reproduction: Lithographie offset Tirages: &#8211; New York (US$ 0.56, US$ 0.73) 4.500 carnets &#8211; Gen\u00e8ve (CHF 0,35, CHF 0,55) 4.500 carnets &#8211; Vienne (\u20ac 0,45, \u20ac 0,50) 5.500 carnets<\/p>\n","protected":false},"featured_media":187964,"comment_status":"closed","ping_status":"closed","template":"","meta":{"ngg_post_thumbnail":0},"product_brand":[],"product_cat":[2945,165,145,140,205,156],"product_tag":[],"class_list":{"0":"post-187877","1":"product","2":"type-product","3":"status-publish","4":"has-post-thumbnail","6":"product_cat-2024-fr","7":"product_cat-carnets-de-timbres","8":"product_cat-geneve","9":"product_cat-new-york-issuing-office-fr","10":"product_cat-unesco-fr","11":"product_cat-vienne","12":"pa_condition-cancelled-fr","13":"pa_condition-mint-fr","15":"first","16":"instock","17":"shipping-taxable","18":"purchasable","19":"product-type-variable"},"yoast_head":"<!-- This site is optimized with the Yoast SEO plugin v27.3 - https:\/\/yoast.com\/product\/yoast-seo-wordpress\/ -->\n<title>2024 PATRIMOINE MONDIAL \u2013 R\u00e9publique de Cor\u00e9e &#8211; Jeu de carnets de timbres - UN Timbres<\/title>\n<meta name=\"robots\" content=\"index, follow, max-snippet:-1, max-image-preview:large, max-video-preview:-1\" \/>\n<link rel=\"canonical\" href=\"https:\/\/unstamps.org\/fr\/produit\/2024-patrimoine-mondial-republique-de-coree-jeu-de-carnets-de-timbres\/\" \/>\n<meta property=\"og:locale\" content=\"fr_FR\" \/>\n<meta property=\"og:type\" content=\"article\" \/>\n<meta property=\"og:title\" content=\"2024 PATRIMOINE MONDIAL \u2013 R\u00e9publique de Cor\u00e9e &#8211; Jeu de carnets de timbres - UN Timbres\" \/>\n<meta property=\"og:description\" content=\"Date d\u2019\u00e9mission: 15 ao\u00fbt 2024 Dessinateur: Sergio Baradat (Nations Unies) Photos: Shutterstock Imprimeur: Royal Joh Ensched\u00e9 (Pays-Bas) Reproduction: Lithographie offset Tirages: &#8211; New York (US$ 0.56, US$ 0.73) 4.500 carnets &#8211; Gen\u00e8ve (CHF 0,35, CHF 0,55) 4.500 carnets &#8211; Vienne (\u20ac 0,45, \u20ac 0,50) 5.500 carnets\" \/>\n<meta property=\"og:url\" content=\"https:\/\/unstamps.org\/fr\/produit\/2024-patrimoine-mondial-republique-de-coree-jeu-de-carnets-de-timbres\/\" \/>\n<meta property=\"og:site_name\" content=\"UN Timbres\" \/>\n<meta property=\"article:modified_time\" content=\"2026-01-09T16:58:52+00:00\" \/>\n<meta property=\"og:image\" content=\"https:\/\/unstamps.org\/wp-content\/uploads\/2024\/08\/Korea-WH-Prestige-Book-GROUP.jpg\" \/>\n\t<meta property=\"og:image:width\" content=\"1024\" \/>\n\t<meta property=\"og:image:height\" content=\"1024\" \/>\n\t<meta property=\"og:image:type\" content=\"image\/jpeg\" \/>\n<meta name=\"twitter:card\" content=\"summary_large_image\" \/>\n<script type=\"application\/ld+json\" class=\"yoast-schema-graph\">{\"@context\":\"https:\\\/\\\/schema.org\",\"@graph\":[{\"@type\":\"WebPage\",\"@id\":\"https:\\\/\\\/unstamps.org\\\/fr\\\/produit\\\/2024-patrimoine-mondial-republique-de-coree-jeu-de-carnets-de-timbres\\\/\",\"url\":\"https:\\\/\\\/unstamps.org\\\/fr\\\/produit\\\/2024-patrimoine-mondial-republique-de-coree-jeu-de-carnets-de-timbres\\\/\",\"name\":\"2024 PATRIMOINE MONDIAL \u2013 R\u00e9publique de Cor\u00e9e &#8211; Jeu de carnets de timbres - UN Timbres\",\"isPartOf\":{\"@id\":\"https:\\\/\\\/unstamps.org\\\/fr\\\/#website\"},\"primaryImageOfPage\":{\"@id\":\"https:\\\/\\\/unstamps.org\\\/fr\\\/produit\\\/2024-patrimoine-mondial-republique-de-coree-jeu-de-carnets-de-timbres\\\/#primaryimage\"},\"image\":{\"@id\":\"https:\\\/\\\/unstamps.org\\\/fr\\\/produit\\\/2024-patrimoine-mondial-republique-de-coree-jeu-de-carnets-de-timbres\\\/#primaryimage\"},\"thumbnailUrl\":\"https:\\\/\\\/unstamps.org\\\/wp-content\\\/uploads\\\/2024\\\/08\\\/Korea-WH-Prestige-Book-GROUP.jpg\",\"datePublished\":\"2024-08-12T17:07:44+00:00\",\"dateModified\":\"2026-01-09T16:58:52+00:00\",\"breadcrumb\":{\"@id\":\"https:\\\/\\\/unstamps.org\\\/fr\\\/produit\\\/2024-patrimoine-mondial-republique-de-coree-jeu-de-carnets-de-timbres\\\/#breadcrumb\"},\"inLanguage\":\"fr-FR\",\"potentialAction\":[{\"@type\":\"ReadAction\",\"target\":[\"https:\\\/\\\/unstamps.org\\\/fr\\\/produit\\\/2024-patrimoine-mondial-republique-de-coree-jeu-de-carnets-de-timbres\\\/\"]}]},{\"@type\":\"ImageObject\",\"inLanguage\":\"fr-FR\",\"@id\":\"https:\\\/\\\/unstamps.org\\\/fr\\\/produit\\\/2024-patrimoine-mondial-republique-de-coree-jeu-de-carnets-de-timbres\\\/#primaryimage\",\"url\":\"https:\\\/\\\/unstamps.org\\\/wp-content\\\/uploads\\\/2024\\\/08\\\/Korea-WH-Prestige-Book-GROUP.jpg\",\"contentUrl\":\"https:\\\/\\\/unstamps.org\\\/wp-content\\\/uploads\\\/2024\\\/08\\\/Korea-WH-Prestige-Book-GROUP.jpg\",\"width\":1024,\"height\":1024},{\"@type\":\"BreadcrumbList\",\"@id\":\"https:\\\/\\\/unstamps.org\\\/fr\\\/produit\\\/2024-patrimoine-mondial-republique-de-coree-jeu-de-carnets-de-timbres\\\/#breadcrumb\",\"itemListElement\":[{\"@type\":\"ListItem\",\"position\":1,\"name\":\"Home\",\"item\":\"https:\\\/\\\/unstamps.org\\\/fr\\\/\"},{\"@type\":\"ListItem\",\"position\":2,\"name\":\"Les produits\",\"item\":\"https:\\\/\\\/unstamps.org\\\/fr\\\/les-produits\\\/\"},{\"@type\":\"ListItem\",\"position\":3,\"name\":\"2024 PATRIMOINE MONDIAL \u2013 R\u00e9publique de Cor\u00e9e &#8211; Jeu de carnets de timbres\"}]},{\"@type\":\"WebSite\",\"@id\":\"https:\\\/\\\/unstamps.org\\\/fr\\\/#website\",\"url\":\"https:\\\/\\\/unstamps.org\\\/fr\\\/\",\"name\":\"UN Stamps\",\"description\":\"United Nations Stamps\",\"publisher\":{\"@id\":\"https:\\\/\\\/unstamps.org\\\/fr\\\/#organization\"},\"potentialAction\":[{\"@type\":\"SearchAction\",\"target\":{\"@type\":\"EntryPoint\",\"urlTemplate\":\"https:\\\/\\\/unstamps.org\\\/fr\\\/?s={search_term_string}\"},\"query-input\":{\"@type\":\"PropertyValueSpecification\",\"valueRequired\":true,\"valueName\":\"search_term_string\"}}],\"inLanguage\":\"fr-FR\"},{\"@type\":\"Organization\",\"@id\":\"https:\\\/\\\/unstamps.org\\\/fr\\\/#organization\",\"name\":\"UN Stamps\",\"url\":\"https:\\\/\\\/unstamps.org\\\/fr\\\/\",\"logo\":{\"@type\":\"ImageObject\",\"inLanguage\":\"fr-FR\",\"@id\":\"https:\\\/\\\/unstamps.org\\\/fr\\\/#\\\/schema\\\/logo\\\/image\\\/\",\"url\":\"https:\\\/\\\/unstamps.org\\\/wp-content\\\/uploads\\\/2014\\\/01\\\/logo4web.jpg\",\"contentUrl\":\"https:\\\/\\\/unstamps.org\\\/wp-content\\\/uploads\\\/2014\\\/01\\\/logo4web.jpg\",\"width\":2500,\"height\":250,\"caption\":\"UN Stamps\"},\"image\":{\"@id\":\"https:\\\/\\\/unstamps.org\\\/fr\\\/#\\\/schema\\\/logo\\\/image\\\/\"}}]}<\/script>\n<!-- \/ Yoast SEO plugin. -->","yoast_head_json":{"title":"2024 PATRIMOINE MONDIAL \u2013 R\u00e9publique de Cor\u00e9e &#8211; Jeu de carnets de timbres - UN Timbres","robots":{"index":"index","follow":"follow","max-snippet":"max-snippet:-1","max-image-preview":"max-image-preview:large","max-video-preview":"max-video-preview:-1"},"canonical":"https:\/\/unstamps.org\/fr\/produit\/2024-patrimoine-mondial-republique-de-coree-jeu-de-carnets-de-timbres\/","og_locale":"fr_FR","og_type":"article","og_title":"2024 PATRIMOINE MONDIAL \u2013 R\u00e9publique de Cor\u00e9e &#8211; Jeu de carnets de timbres - UN Timbres","og_description":"Date d\u2019\u00e9mission: 15 ao\u00fbt 2024 Dessinateur: Sergio Baradat (Nations Unies) Photos: Shutterstock Imprimeur: Royal Joh Ensched\u00e9 (Pays-Bas) Reproduction: Lithographie offset Tirages: &#8211; New York (US$ 0.56, US$ 0.73) 4.500 carnets &#8211; Gen\u00e8ve (CHF 0,35, CHF 0,55) 4.500 carnets &#8211; Vienne (\u20ac 0,45, \u20ac 0,50) 5.500 carnets","og_url":"https:\/\/unstamps.org\/fr\/produit\/2024-patrimoine-mondial-republique-de-coree-jeu-de-carnets-de-timbres\/","og_site_name":"UN Timbres","article_modified_time":"2026-01-09T16:58:52+00:00","og_image":[{"width":1024,"height":1024,"url":"https:\/\/unstamps.org\/wp-content\/uploads\/2024\/08\/Korea-WH-Prestige-Book-GROUP.jpg","type":"image\/jpeg"}],"twitter_card":"summary_large_image","schema":{"@context":"https:\/\/schema.org","@graph":[{"@type":"WebPage","@id":"https:\/\/unstamps.org\/fr\/produit\/2024-patrimoine-mondial-republique-de-coree-jeu-de-carnets-de-timbres\/","url":"https:\/\/unstamps.org\/fr\/produit\/2024-patrimoine-mondial-republique-de-coree-jeu-de-carnets-de-timbres\/","name":"2024 PATRIMOINE MONDIAL \u2013 R\u00e9publique de Cor\u00e9e &#8211; Jeu de carnets de timbres - UN Timbres","isPartOf":{"@id":"https:\/\/unstamps.org\/fr\/#website"},"primaryImageOfPage":{"@id":"https:\/\/unstamps.org\/fr\/produit\/2024-patrimoine-mondial-republique-de-coree-jeu-de-carnets-de-timbres\/#primaryimage"},"image":{"@id":"https:\/\/unstamps.org\/fr\/produit\/2024-patrimoine-mondial-republique-de-coree-jeu-de-carnets-de-timbres\/#primaryimage"},"thumbnailUrl":"https:\/\/unstamps.org\/wp-content\/uploads\/2024\/08\/Korea-WH-Prestige-Book-GROUP.jpg","datePublished":"2024-08-12T17:07:44+00:00","dateModified":"2026-01-09T16:58:52+00:00","breadcrumb":{"@id":"https:\/\/unstamps.org\/fr\/produit\/2024-patrimoine-mondial-republique-de-coree-jeu-de-carnets-de-timbres\/#breadcrumb"},"inLanguage":"fr-FR","potentialAction":[{"@type":"ReadAction","target":["https:\/\/unstamps.org\/fr\/produit\/2024-patrimoine-mondial-republique-de-coree-jeu-de-carnets-de-timbres\/"]}]},{"@type":"ImageObject","inLanguage":"fr-FR","@id":"https:\/\/unstamps.org\/fr\/produit\/2024-patrimoine-mondial-republique-de-coree-jeu-de-carnets-de-timbres\/#primaryimage","url":"https:\/\/unstamps.org\/wp-content\/uploads\/2024\/08\/Korea-WH-Prestige-Book-GROUP.jpg","contentUrl":"https:\/\/unstamps.org\/wp-content\/uploads\/2024\/08\/Korea-WH-Prestige-Book-GROUP.jpg","width":1024,"height":1024},{"@type":"BreadcrumbList","@id":"https:\/\/unstamps.org\/fr\/produit\/2024-patrimoine-mondial-republique-de-coree-jeu-de-carnets-de-timbres\/#breadcrumb","itemListElement":[{"@type":"ListItem","position":1,"name":"Home","item":"https:\/\/unstamps.org\/fr\/"},{"@type":"ListItem","position":2,"name":"Les produits","item":"https:\/\/unstamps.org\/fr\/les-produits\/"},{"@type":"ListItem","position":3,"name":"2024 PATRIMOINE MONDIAL \u2013 R\u00e9publique de Cor\u00e9e &#8211; Jeu de carnets de timbres"}]},{"@type":"WebSite","@id":"https:\/\/unstamps.org\/fr\/#website","url":"https:\/\/unstamps.org\/fr\/","name":"UN Stamps","description":"United Nations Stamps","publisher":{"@id":"https:\/\/unstamps.org\/fr\/#organization"},"potentialAction":[{"@type":"SearchAction","target":{"@type":"EntryPoint","urlTemplate":"https:\/\/unstamps.org\/fr\/?s={search_term_string}"},"query-input":{"@type":"PropertyValueSpecification","valueRequired":true,"valueName":"search_term_string"}}],"inLanguage":"fr-FR"},{"@type":"Organization","@id":"https:\/\/unstamps.org\/fr\/#organization","name":"UN Stamps","url":"https:\/\/unstamps.org\/fr\/","logo":{"@type":"ImageObject","inLanguage":"fr-FR","@id":"https:\/\/unstamps.org\/fr\/#\/schema\/logo\/image\/","url":"https:\/\/unstamps.org\/wp-content\/uploads\/2014\/01\/logo4web.jpg","contentUrl":"https:\/\/unstamps.org\/wp-content\/uploads\/2014\/01\/logo4web.jpg","width":2500,"height":250,"caption":"UN Stamps"},"image":{"@id":"https:\/\/unstamps.org\/fr\/#\/schema\/logo\/image\/"}}]}},"jetpack_sharing_enabled":true,"publishpress_future_action":{"enabled":false,"date":"2026-04-16 09:51:37","action":"change-status","newStatus":"private","terms":[],"taxonomy":"product_cat","extraData":[]},"publishpress_future_workflow_manual_trigger":{"enabledWorkflows":[]},"_links":{"self":[{"href":"https:\/\/unstamps.org\/fr\/wp-json\/wp\/v2\/product\/187877","targetHints":{"allow":["GET"]}}],"collection":[{"href":"https:\/\/unstamps.org\/fr\/wp-json\/wp\/v2\/product"}],"about":[{"href":"https:\/\/unstamps.org\/fr\/wp-json\/wp\/v2\/types\/product"}],"replies":[{"embeddable":true,"href":"https:\/\/unstamps.org\/fr\/wp-json\/wp\/v2\/comments?post=187877"}],"wp:featuredmedia":[{"embeddable":true,"href":"https:\/\/unstamps.org\/fr\/wp-json\/wp\/v2\/media\/187964"}],"wp:attachment":[{"href":"https:\/\/unstamps.org\/fr\/wp-json\/wp\/v2\/media?parent=187877"}],"wp:term":[{"taxonomy":"product_brand","embeddable":true,"href":"https:\/\/unstamps.org\/fr\/wp-json\/wp\/v2\/product_brand?post=187877"},{"taxonomy":"product_cat","embeddable":true,"href":"https:\/\/unstamps.org\/fr\/wp-json\/wp\/v2\/product_cat?post=187877"},{"taxonomy":"product_tag","embeddable":true,"href":"https:\/\/unstamps.org\/fr\/wp-json\/wp\/v2\/product_tag?post=187877"}],"curies":[{"name":"wp","href":"https:\/\/api.w.org\/{rel}","templated":true}]}}