{"id":184623,"date":"2024-04-23T10:34:11","date_gmt":"2024-04-23T14:36:52","guid":{"rendered":"https:\/\/unstamps.org\/?post_type=product&#038;p=184623"},"modified":"2026-01-09T11:58:37","modified_gmt":"2026-01-09T16:58:37","slug":"especes-menacees-dextinction-2024-depliant-souvenir","status":"publish","type":"product","link":"https:\/\/unstamps.org\/fr\/produit\/especes-menacees-dextinction-2024-depliant-souvenir\/","title":{"rendered":"Esp\u00e8ces menac\u00e9es d\u2019extinction 2024 \u2013 D\u00e9pliant souvenir"},"content":{"rendered":"<p>Cette collection 2024 sera contenue dans un album con\u00e7u sp\u00e9cialement \u00e0 cet effet. Chacune des 12 esp\u00e8ces menac\u00e9es d\u2019extinction figurera sur une page distincte de cet album. Les descriptions sont donn\u00e9es en anglais, en fran\u00e7ais et en allemand, et chaque timbre est mis en valeur par des photographies en couleurs de l\u2019esp\u00e8ce en question. Le d\u00e9pliant est disponible en condition neuve et oblit\u00e9r\u00e9e.<\/p>\n","protected":false},"excerpt":{"rendered":"<p>Cette collection 2024 sera contenue dans un album con\u00e7u sp\u00e9cialement \u00e0 cet effet. Chacune des 12 esp\u00e8ces menac\u00e9es d\u2019extinction figurera sur une page distincte de cet album. Les descriptions sont donn\u00e9es en anglais, en fran\u00e7ais et en allemand, et chaque timbre est mis en valeur par des photographies en couleurs de l\u2019esp\u00e8ce en question. Le [&hellip;]<\/p>\n","protected":false},"featured_media":185067,"comment_status":"closed","ping_status":"closed","template":"","meta":{"ngg_post_thumbnail":0},"product_brand":[],"product_cat":[2945,179,202,145,140,156],"product_tag":[],"class_list":{"0":"post-184623","1":"product","2":"type-product","3":"status-publish","4":"has-post-thumbnail","6":"product_cat-2024-fr","7":"product_cat-depliants-annuels","8":"product_cat-especes-menacees-dextinction","9":"product_cat-geneve","10":"product_cat-new-york-issuing-office-fr","11":"product_cat-vienne","12":"pa_condition-cancelled-fr","13":"pa_condition-mint-fr","15":"first","16":"instock","17":"shipping-taxable","18":"purchasable","19":"product-type-variable"},"yoast_head":"<!-- This site is optimized with the Yoast SEO plugin v27.4 - https:\/\/yoast.com\/product\/yoast-seo-wordpress\/ -->\n<title>Esp\u00e8ces menac\u00e9es d\u2019extinction 2024 \u2013 D\u00e9pliant souvenir - UN Timbres<\/title>\n<meta name=\"robots\" content=\"index, follow, max-snippet:-1, max-image-preview:large, max-video-preview:-1\" \/>\n<link rel=\"canonical\" href=\"https:\/\/unstamps.org\/fr\/produit\/especes-menacees-dextinction-2024-depliant-souvenir\/\" \/>\n<meta property=\"og:locale\" content=\"fr_FR\" \/>\n<meta property=\"og:type\" content=\"article\" \/>\n<meta property=\"og:title\" content=\"Esp\u00e8ces menac\u00e9es d\u2019extinction 2024 \u2013 D\u00e9pliant souvenir - UN Timbres\" \/>\n<meta property=\"og:description\" content=\"Cette collection 2024 sera contenue dans un album con\u00e7u sp\u00e9cialement \u00e0 cet effet. Chacune des 12 esp\u00e8ces menac\u00e9es d\u2019extinction figurera sur une page distincte de cet album. Les descriptions sont donn\u00e9es en anglais, en fran\u00e7ais et en allemand, et chaque timbre est mis en valeur par des photographies en couleurs de l\u2019esp\u00e8ce en question. Le [&hellip;]\" \/>\n<meta property=\"og:url\" content=\"https:\/\/unstamps.org\/fr\/produit\/especes-menacees-dextinction-2024-depliant-souvenir\/\" \/>\n<meta property=\"og:site_name\" content=\"UN Timbres\" \/>\n<meta property=\"article:modified_time\" content=\"2026-01-09T16:58:37+00:00\" \/>\n<meta name=\"twitter:card\" content=\"summary_large_image\" \/>\n<script type=\"application\/ld+json\" class=\"yoast-schema-graph\">{\"@context\":\"https:\\\/\\\/schema.org\",\"@graph\":[{\"@type\":\"WebPage\",\"@id\":\"https:\\\/\\\/unstamps.org\\\/fr\\\/produit\\\/especes-menacees-dextinction-2024-depliant-souvenir\\\/\",\"url\":\"https:\\\/\\\/unstamps.org\\\/fr\\\/produit\\\/especes-menacees-dextinction-2024-depliant-souvenir\\\/\",\"name\":\"Esp\u00e8ces menac\u00e9es d\u2019extinction 2024 \u2013 D\u00e9pliant souvenir - UN Timbres\",\"isPartOf\":{\"@id\":\"https:\\\/\\\/unstamps.org\\\/fr\\\/#website\"},\"primaryImageOfPage\":{\"@id\":\"https:\\\/\\\/unstamps.org\\\/fr\\\/produit\\\/especes-menacees-dextinction-2024-depliant-souvenir\\\/#primaryimage\"},\"image\":{\"@id\":\"https:\\\/\\\/unstamps.org\\\/fr\\\/produit\\\/especes-menacees-dextinction-2024-depliant-souvenir\\\/#primaryimage\"},\"thumbnailUrl\":\"https:\\\/\\\/unstamps.org\\\/wp-content\\\/uploads\\\/2024\\\/04\\\/ES24-Annual-Collection.jpg\",\"datePublished\":\"2024-04-23T14:36:52+00:00\",\"dateModified\":\"2026-01-09T16:58:37+00:00\",\"breadcrumb\":{\"@id\":\"https:\\\/\\\/unstamps.org\\\/fr\\\/produit\\\/especes-menacees-dextinction-2024-depliant-souvenir\\\/#breadcrumb\"},\"inLanguage\":\"fr-FR\",\"potentialAction\":[{\"@type\":\"ReadAction\",\"target\":[\"https:\\\/\\\/unstamps.org\\\/fr\\\/produit\\\/especes-menacees-dextinction-2024-depliant-souvenir\\\/\"]}]},{\"@type\":\"ImageObject\",\"inLanguage\":\"fr-FR\",\"@id\":\"https:\\\/\\\/unstamps.org\\\/fr\\\/produit\\\/especes-menacees-dextinction-2024-depliant-souvenir\\\/#primaryimage\",\"url\":\"https:\\\/\\\/unstamps.org\\\/wp-content\\\/uploads\\\/2024\\\/04\\\/ES24-Annual-Collection.jpg\",\"contentUrl\":\"https:\\\/\\\/unstamps.org\\\/wp-content\\\/uploads\\\/2024\\\/04\\\/ES24-Annual-Collection.jpg\",\"width\":1024,\"height\":1024},{\"@type\":\"BreadcrumbList\",\"@id\":\"https:\\\/\\\/unstamps.org\\\/fr\\\/produit\\\/especes-menacees-dextinction-2024-depliant-souvenir\\\/#breadcrumb\",\"itemListElement\":[{\"@type\":\"ListItem\",\"position\":1,\"name\":\"Home\",\"item\":\"https:\\\/\\\/unstamps.org\\\/fr\\\/\"},{\"@type\":\"ListItem\",\"position\":2,\"name\":\"Les produits\",\"item\":\"https:\\\/\\\/unstamps.org\\\/fr\\\/les-produits\\\/\"},{\"@type\":\"ListItem\",\"position\":3,\"name\":\"Esp\u00e8ces menac\u00e9es d\u2019extinction 2024 \u2013 D\u00e9pliant souvenir\"}]},{\"@type\":\"WebSite\",\"@id\":\"https:\\\/\\\/unstamps.org\\\/fr\\\/#website\",\"url\":\"https:\\\/\\\/unstamps.org\\\/fr\\\/\",\"name\":\"UN Stamps\",\"description\":\"United Nations Stamps\",\"publisher\":{\"@id\":\"https:\\\/\\\/unstamps.org\\\/fr\\\/#organization\"},\"potentialAction\":[{\"@type\":\"SearchAction\",\"target\":{\"@type\":\"EntryPoint\",\"urlTemplate\":\"https:\\\/\\\/unstamps.org\\\/fr\\\/?s={search_term_string}\"},\"query-input\":{\"@type\":\"PropertyValueSpecification\",\"valueRequired\":true,\"valueName\":\"search_term_string\"}}],\"inLanguage\":\"fr-FR\"},{\"@type\":\"Organization\",\"@id\":\"https:\\\/\\\/unstamps.org\\\/fr\\\/#organization\",\"name\":\"UN Stamps\",\"url\":\"https:\\\/\\\/unstamps.org\\\/fr\\\/\",\"logo\":{\"@type\":\"ImageObject\",\"inLanguage\":\"fr-FR\",\"@id\":\"https:\\\/\\\/unstamps.org\\\/fr\\\/#\\\/schema\\\/logo\\\/image\\\/\",\"url\":\"https:\\\/\\\/unstamps.org\\\/wp-content\\\/uploads\\\/2014\\\/01\\\/logo4web.jpg\",\"contentUrl\":\"https:\\\/\\\/unstamps.org\\\/wp-content\\\/uploads\\\/2014\\\/01\\\/logo4web.jpg\",\"width\":2500,\"height\":250,\"caption\":\"UN Stamps\"},\"image\":{\"@id\":\"https:\\\/\\\/unstamps.org\\\/fr\\\/#\\\/schema\\\/logo\\\/image\\\/\"}}]}<\/script>\n<!-- \/ Yoast SEO plugin. -->","yoast_head_json":{"title":"Esp\u00e8ces menac\u00e9es d\u2019extinction 2024 \u2013 D\u00e9pliant souvenir - UN Timbres","robots":{"index":"index","follow":"follow","max-snippet":"max-snippet:-1","max-image-preview":"max-image-preview:large","max-video-preview":"max-video-preview:-1"},"canonical":"https:\/\/unstamps.org\/fr\/produit\/especes-menacees-dextinction-2024-depliant-souvenir\/","og_locale":"fr_FR","og_type":"article","og_title":"Esp\u00e8ces menac\u00e9es d\u2019extinction 2024 \u2013 D\u00e9pliant souvenir - UN Timbres","og_description":"Cette collection 2024 sera contenue dans un album con\u00e7u sp\u00e9cialement \u00e0 cet effet. Chacune des 12 esp\u00e8ces menac\u00e9es d\u2019extinction figurera sur une page distincte de cet album. Les descriptions sont donn\u00e9es en anglais, en fran\u00e7ais et en allemand, et chaque timbre est mis en valeur par des photographies en couleurs de l\u2019esp\u00e8ce en question. Le [&hellip;]","og_url":"https:\/\/unstamps.org\/fr\/produit\/especes-menacees-dextinction-2024-depliant-souvenir\/","og_site_name":"UN Timbres","article_modified_time":"2026-01-09T16:58:37+00:00","twitter_card":"summary_large_image","schema":{"@context":"https:\/\/schema.org","@graph":[{"@type":"WebPage","@id":"https:\/\/unstamps.org\/fr\/produit\/especes-menacees-dextinction-2024-depliant-souvenir\/","url":"https:\/\/unstamps.org\/fr\/produit\/especes-menacees-dextinction-2024-depliant-souvenir\/","name":"Esp\u00e8ces menac\u00e9es d\u2019extinction 2024 \u2013 D\u00e9pliant souvenir - UN Timbres","isPartOf":{"@id":"https:\/\/unstamps.org\/fr\/#website"},"primaryImageOfPage":{"@id":"https:\/\/unstamps.org\/fr\/produit\/especes-menacees-dextinction-2024-depliant-souvenir\/#primaryimage"},"image":{"@id":"https:\/\/unstamps.org\/fr\/produit\/especes-menacees-dextinction-2024-depliant-souvenir\/#primaryimage"},"thumbnailUrl":"https:\/\/unstamps.org\/wp-content\/uploads\/2024\/04\/ES24-Annual-Collection.jpg","datePublished":"2024-04-23T14:36:52+00:00","dateModified":"2026-01-09T16:58:37+00:00","breadcrumb":{"@id":"https:\/\/unstamps.org\/fr\/produit\/especes-menacees-dextinction-2024-depliant-souvenir\/#breadcrumb"},"inLanguage":"fr-FR","potentialAction":[{"@type":"ReadAction","target":["https:\/\/unstamps.org\/fr\/produit\/especes-menacees-dextinction-2024-depliant-souvenir\/"]}]},{"@type":"ImageObject","inLanguage":"fr-FR","@id":"https:\/\/unstamps.org\/fr\/produit\/especes-menacees-dextinction-2024-depliant-souvenir\/#primaryimage","url":"https:\/\/unstamps.org\/wp-content\/uploads\/2024\/04\/ES24-Annual-Collection.jpg","contentUrl":"https:\/\/unstamps.org\/wp-content\/uploads\/2024\/04\/ES24-Annual-Collection.jpg","width":1024,"height":1024},{"@type":"BreadcrumbList","@id":"https:\/\/unstamps.org\/fr\/produit\/especes-menacees-dextinction-2024-depliant-souvenir\/#breadcrumb","itemListElement":[{"@type":"ListItem","position":1,"name":"Home","item":"https:\/\/unstamps.org\/fr\/"},{"@type":"ListItem","position":2,"name":"Les produits","item":"https:\/\/unstamps.org\/fr\/les-produits\/"},{"@type":"ListItem","position":3,"name":"Esp\u00e8ces menac\u00e9es d\u2019extinction 2024 \u2013 D\u00e9pliant souvenir"}]},{"@type":"WebSite","@id":"https:\/\/unstamps.org\/fr\/#website","url":"https:\/\/unstamps.org\/fr\/","name":"UN Stamps","description":"United Nations Stamps","publisher":{"@id":"https:\/\/unstamps.org\/fr\/#organization"},"potentialAction":[{"@type":"SearchAction","target":{"@type":"EntryPoint","urlTemplate":"https:\/\/unstamps.org\/fr\/?s={search_term_string}"},"query-input":{"@type":"PropertyValueSpecification","valueRequired":true,"valueName":"search_term_string"}}],"inLanguage":"fr-FR"},{"@type":"Organization","@id":"https:\/\/unstamps.org\/fr\/#organization","name":"UN Stamps","url":"https:\/\/unstamps.org\/fr\/","logo":{"@type":"ImageObject","inLanguage":"fr-FR","@id":"https:\/\/unstamps.org\/fr\/#\/schema\/logo\/image\/","url":"https:\/\/unstamps.org\/wp-content\/uploads\/2014\/01\/logo4web.jpg","contentUrl":"https:\/\/unstamps.org\/wp-content\/uploads\/2014\/01\/logo4web.jpg","width":2500,"height":250,"caption":"UN Stamps"},"image":{"@id":"https:\/\/unstamps.org\/fr\/#\/schema\/logo\/image\/"}}]}},"jetpack_sharing_enabled":true,"publishpress_future_action":{"enabled":false,"date":"2026-04-21 18:18:57","action":"change-status","newStatus":"private","terms":[],"taxonomy":"product_cat","extraData":[]},"publishpress_future_workflow_manual_trigger":{"enabledWorkflows":[]},"_links":{"self":[{"href":"https:\/\/unstamps.org\/fr\/wp-json\/wp\/v2\/product\/184623","targetHints":{"allow":["GET"]}}],"collection":[{"href":"https:\/\/unstamps.org\/fr\/wp-json\/wp\/v2\/product"}],"about":[{"href":"https:\/\/unstamps.org\/fr\/wp-json\/wp\/v2\/types\/product"}],"replies":[{"embeddable":true,"href":"https:\/\/unstamps.org\/fr\/wp-json\/wp\/v2\/comments?post=184623"}],"wp:featuredmedia":[{"embeddable":true,"href":"https:\/\/unstamps.org\/fr\/wp-json\/wp\/v2\/media\/185067"}],"wp:attachment":[{"href":"https:\/\/unstamps.org\/fr\/wp-json\/wp\/v2\/media?parent=184623"}],"wp:term":[{"taxonomy":"product_brand","embeddable":true,"href":"https:\/\/unstamps.org\/fr\/wp-json\/wp\/v2\/product_brand?post=184623"},{"taxonomy":"product_cat","embeddable":true,"href":"https:\/\/unstamps.org\/fr\/wp-json\/wp\/v2\/product_cat?post=184623"},{"taxonomy":"product_tag","embeddable":true,"href":"https:\/\/unstamps.org\/fr\/wp-json\/wp\/v2\/product_tag?post=184623"}],"curies":[{"name":"wp","href":"https:\/\/api.w.org\/{rel}","templated":true}]}}