{"id":184431,"date":"2024-04-23T14:45:13","date_gmt":"2024-04-23T18:45:57","guid":{"rendered":"https:\/\/unstamps.org\/?post_type=product&#038;p=184431"},"modified":"2026-01-09T11:56:05","modified_gmt":"2026-01-09T16:56:05","slug":"especes-menacees-dextinction-2024","status":"publish","type":"product","link":"https:\/\/unstamps.org\/fr\/produit\/especes-menacees-dextinction-2024\/","title":{"rendered":"Esp\u00e8ces menac\u00e9es d\u2019extinction 2024"},"content":{"rendered":"<p>Le 26 avril 2024, l\u2019APNU poursuit sa s\u00e9rie de timbres sur les esp\u00e8ces menac\u00e9es d\u2019extinction, avec l\u2019\u00e9mission de 12 nouveaux timbres.<\/p>\n<p>La s\u00e9rie de timbres des Nations Unies sur les esp\u00e8ces menac\u00e9es d&#8217;extinction de 2024 rassemble un large \u00e9ventail de faune et de flore, y compris des esp\u00e8ces au centre des d\u00e9cisions adopt\u00e9es par les Parties \u00e0 la Convention sur le commerce international des esp\u00e8ces de faune et de flore sauvages menac\u00e9es d&#8217;extinction (CITES), ainsi que des r\u00e9centes discussions relatives \u00e0 la conservation, \u00e0 la gestion, et au commerce durables de ces esp\u00e8ces sauvages.<\/p>\n<p>L&#8217;objectif principal de la Convention \u00e9tant de veiller \u00e0 ce que le commerce international des animaux et des plantes sauvages soit l\u00e9gal, durable et tra\u00e7able, la CITES s&#8217;efforce de maintenir et de veiller \u00e0 la survie \u00e0 l&#8217;\u00e9tat sauvage des esp\u00e8ces inscrites dans ses annexes.<\/p>\n<p>Depuis plus de 30 ans, l\u2019Administration postale des Nations Unies \u00e9met des timbres pour c\u00e9l\u00e9brer la beaut\u00e9 et la diversit\u00e9 de la faune et de la flore sauvages, et attirer l\u2019attention sur tous les bienfaits que leur conservation garantit \u00e0 l\u2019humanit\u00e9.<\/p>\n<p><strong>Les dessins<\/strong><br \/>\n<strong>New York \u2013 US$1.55<\/strong><br \/>\nRhynchobatus djiddensis (Grande raie-guitare)<br \/>\nOrchis anatolica (Orchis d&#8217;Anatolie)<br \/>\nNeofelis nebulosa (Panth\u00e8re n\u00e9buleuse)<br \/>\nPycnonotus zeylanicus (Bulbul \u00e0 t\u00eate jaune)<\/p>\n<p><strong>Gen\u00e8ve \u2013 CHF 1,90<\/strong><br \/>\nPotamotrygon albimaculata (Raie d&#8217;eau douce \u00e0 taches blanches)<br \/>\nAquilaria malaccensis (Bois d\u2019alo\u00e8s)<br \/>\nVicugna vicugna (Vigogne)<br \/>\nIsurus oxyrinchus (Requin-taupe bleu)<\/p>\n<p><strong><strong>Vienne \u2013 \u20ac1,50<\/strong><\/strong><br \/>\nSphyrna lewini (Requin-marteau halicorne)<br \/>\nOphrys cilicica (Ophrys de Cilicie)<br \/>\nLama guanicoe (Guanaco)<br \/>\nCopsychus malabaricus (Shama \u00e0 croupion blanc)<\/p>\n<p><strong>L\u2019Artiste<\/strong><br \/>\nJulia Izabela est une artiste de S\u00e3o Paulo (Br\u00e9sil). Depuis 2015, elle vit \u00e0 Milan (Italie), o\u00f9 elle travaille en tant qu\u2019illustratrice ind\u00e9pendante. Sa plus grande source d\u2019inspiration est la nature et sa grande diversit\u00e9 de formes et de couleurs. Elle souhaite que son art rende compte de la fascination qu\u2019exerce la nature par sa beaut\u00e9, des formes microscopiques aux formes macroscopiques.<\/p>\n<p>Julia Izabela a entam\u00e9 son parcours universitaire en \u00e9tudiant la biologie. Elle a commenc\u00e9 par effectuer une licence \u00e0 S\u00e3o Paulo, et a ensuite \u00e9t\u00e9 dipl\u00f4m\u00e9e de la Facult\u00e9 des sciences de l\u2019Universit\u00e9 de Lisbonne (Faculdade de Ci\u00eancias da Universidade de Lisboa), o\u00f9 elle a \u00e9galement suivi un cours d\u2019illustration scientifique \u00e0 l\u2019Institut des arts et des m\u00e9tiers de l\u2019Universit\u00e9 autonome de Lisbonne (Instituto de Artes e Of\u00edcios da Universidade Aut\u00f3noma de Lisboa). En 2016, elle a remport\u00e9 le premier prix du concours d\u2019illustration Lucca Junior du festival Lucca Comics &amp; Games en Italie, avec son aquarelle \u00ab Ground Control \u00bb.<\/p>\n<p>Depuis 2017, Julia Izabela travaille dans des domaines tels que le design textile et la publication \u00e9ditoriale, et m\u00e8ne diff\u00e9rents projets artistiques. En 2019 et 2020, elle a travaill\u00e9 pour l\u2019Universit\u00e9 de Milan-Bicocca (Universit\u00e0 degli Studi di Milano Bicocca), cr\u00e9ant des illustrations, des projets et des animations pour le site Web de didactique de la biologie Digital Diorama.<\/p>\n<p>C\u2019est la premi\u00e8re fois qu\u2019elle illustre des timbres pour l\u2019Administration postale des Nations Unies.<\/p>\n","protected":false},"excerpt":{"rendered":"<p>Le 26 avril 2024, l\u2019APNU poursuit sa s\u00e9rie de timbres sur les esp\u00e8ces menac\u00e9es d\u2019extinction, avec l\u2019\u00e9mission de 12 nouveaux timbres. La s\u00e9rie de timbres des Nations Unies sur les esp\u00e8ces menac\u00e9es d&#8217;extinction de 2024 rassemble un large \u00e9ventail de faune et de flore, y compris des esp\u00e8ces au centre des d\u00e9cisions adopt\u00e9es par les [&hellip;]<\/p>\n","protected":false},"featured_media":185004,"comment_status":"closed","ping_status":"closed","template":"","meta":{"ngg_post_thumbnail":0},"product_brand":[],"product_cat":[2945,202,142],"product_tag":[],"class_list":{"0":"post-184431","1":"product","2":"type-product","3":"status-publish","4":"has-post-thumbnail","6":"product_cat-2024-fr","7":"product_cat-especes-menacees-dextinction","8":"product_cat-timbres-commemoratifs","10":"first","11":"instock","12":"shipping-taxable","13":"product-type-grouped"},"yoast_head":"<!-- This site is optimized with the Yoast SEO plugin v27.4 - https:\/\/yoast.com\/product\/yoast-seo-wordpress\/ -->\n<title>Esp\u00e8ces menac\u00e9es d\u2019extinction 2024 - UN Timbres<\/title>\n<meta name=\"robots\" content=\"index, follow, max-snippet:-1, max-image-preview:large, max-video-preview:-1\" \/>\n<link rel=\"canonical\" href=\"https:\/\/unstamps.org\/fr\/produit\/especes-menacees-dextinction-2024\/\" \/>\n<meta property=\"og:locale\" content=\"fr_FR\" \/>\n<meta property=\"og:type\" content=\"article\" \/>\n<meta property=\"og:title\" content=\"Esp\u00e8ces menac\u00e9es d\u2019extinction 2024 - UN Timbres\" \/>\n<meta property=\"og:description\" content=\"Le 26 avril 2024, l\u2019APNU poursuit sa s\u00e9rie de timbres sur les esp\u00e8ces menac\u00e9es d\u2019extinction, avec l\u2019\u00e9mission de 12 nouveaux timbres. La s\u00e9rie de timbres des Nations Unies sur les esp\u00e8ces menac\u00e9es d&#8217;extinction de 2024 rassemble un large \u00e9ventail de faune et de flore, y compris des esp\u00e8ces au centre des d\u00e9cisions adopt\u00e9es par les [&hellip;]\" \/>\n<meta property=\"og:url\" content=\"https:\/\/unstamps.org\/fr\/produit\/especes-menacees-dextinction-2024\/\" \/>\n<meta property=\"og:site_name\" content=\"UN Timbres\" \/>\n<meta property=\"article:modified_time\" content=\"2026-01-09T16:56:05+00:00\" \/>\n<meta property=\"og:image\" content=\"https:\/\/unstamps.org\/wp-content\/uploads\/2024\/04\/ES24-MI-GROUP.jpg\" \/>\n\t<meta property=\"og:image:width\" content=\"1024\" \/>\n\t<meta property=\"og:image:height\" content=\"1024\" \/>\n\t<meta property=\"og:image:type\" content=\"image\/jpeg\" \/>\n<meta name=\"twitter:card\" content=\"summary_large_image\" \/>\n<meta name=\"twitter:label1\" content=\"Dur\u00e9e de lecture estim\u00e9e\" \/>\n\t<meta name=\"twitter:data1\" content=\"3 minutes\" \/>\n<script type=\"application\/ld+json\" class=\"yoast-schema-graph\">{\"@context\":\"https:\\\/\\\/schema.org\",\"@graph\":[{\"@type\":\"WebPage\",\"@id\":\"https:\\\/\\\/unstamps.org\\\/fr\\\/produit\\\/especes-menacees-dextinction-2024\\\/\",\"url\":\"https:\\\/\\\/unstamps.org\\\/fr\\\/produit\\\/especes-menacees-dextinction-2024\\\/\",\"name\":\"Esp\u00e8ces menac\u00e9es d\u2019extinction 2024 - UN Timbres\",\"isPartOf\":{\"@id\":\"https:\\\/\\\/unstamps.org\\\/fr\\\/#website\"},\"primaryImageOfPage\":{\"@id\":\"https:\\\/\\\/unstamps.org\\\/fr\\\/produit\\\/especes-menacees-dextinction-2024\\\/#primaryimage\"},\"image\":{\"@id\":\"https:\\\/\\\/unstamps.org\\\/fr\\\/produit\\\/especes-menacees-dextinction-2024\\\/#primaryimage\"},\"thumbnailUrl\":\"https:\\\/\\\/unstamps.org\\\/wp-content\\\/uploads\\\/2024\\\/04\\\/ES24-MI-GROUP.jpg\",\"datePublished\":\"2024-04-23T18:45:57+00:00\",\"dateModified\":\"2026-01-09T16:56:05+00:00\",\"breadcrumb\":{\"@id\":\"https:\\\/\\\/unstamps.org\\\/fr\\\/produit\\\/especes-menacees-dextinction-2024\\\/#breadcrumb\"},\"inLanguage\":\"fr-FR\",\"potentialAction\":[{\"@type\":\"ReadAction\",\"target\":[\"https:\\\/\\\/unstamps.org\\\/fr\\\/produit\\\/especes-menacees-dextinction-2024\\\/\"]}]},{\"@type\":\"ImageObject\",\"inLanguage\":\"fr-FR\",\"@id\":\"https:\\\/\\\/unstamps.org\\\/fr\\\/produit\\\/especes-menacees-dextinction-2024\\\/#primaryimage\",\"url\":\"https:\\\/\\\/unstamps.org\\\/wp-content\\\/uploads\\\/2024\\\/04\\\/ES24-MI-GROUP.jpg\",\"contentUrl\":\"https:\\\/\\\/unstamps.org\\\/wp-content\\\/uploads\\\/2024\\\/04\\\/ES24-MI-GROUP.jpg\",\"width\":1024,\"height\":1024},{\"@type\":\"BreadcrumbList\",\"@id\":\"https:\\\/\\\/unstamps.org\\\/fr\\\/produit\\\/especes-menacees-dextinction-2024\\\/#breadcrumb\",\"itemListElement\":[{\"@type\":\"ListItem\",\"position\":1,\"name\":\"Home\",\"item\":\"https:\\\/\\\/unstamps.org\\\/fr\\\/\"},{\"@type\":\"ListItem\",\"position\":2,\"name\":\"Les produits\",\"item\":\"https:\\\/\\\/unstamps.org\\\/fr\\\/les-produits\\\/\"},{\"@type\":\"ListItem\",\"position\":3,\"name\":\"Esp\u00e8ces menac\u00e9es d\u2019extinction 2024\"}]},{\"@type\":\"WebSite\",\"@id\":\"https:\\\/\\\/unstamps.org\\\/fr\\\/#website\",\"url\":\"https:\\\/\\\/unstamps.org\\\/fr\\\/\",\"name\":\"UN Stamps\",\"description\":\"United Nations Stamps\",\"publisher\":{\"@id\":\"https:\\\/\\\/unstamps.org\\\/fr\\\/#organization\"},\"potentialAction\":[{\"@type\":\"SearchAction\",\"target\":{\"@type\":\"EntryPoint\",\"urlTemplate\":\"https:\\\/\\\/unstamps.org\\\/fr\\\/?s={search_term_string}\"},\"query-input\":{\"@type\":\"PropertyValueSpecification\",\"valueRequired\":true,\"valueName\":\"search_term_string\"}}],\"inLanguage\":\"fr-FR\"},{\"@type\":\"Organization\",\"@id\":\"https:\\\/\\\/unstamps.org\\\/fr\\\/#organization\",\"name\":\"UN Stamps\",\"url\":\"https:\\\/\\\/unstamps.org\\\/fr\\\/\",\"logo\":{\"@type\":\"ImageObject\",\"inLanguage\":\"fr-FR\",\"@id\":\"https:\\\/\\\/unstamps.org\\\/fr\\\/#\\\/schema\\\/logo\\\/image\\\/\",\"url\":\"https:\\\/\\\/unstamps.org\\\/wp-content\\\/uploads\\\/2014\\\/01\\\/logo4web.jpg\",\"contentUrl\":\"https:\\\/\\\/unstamps.org\\\/wp-content\\\/uploads\\\/2014\\\/01\\\/logo4web.jpg\",\"width\":2500,\"height\":250,\"caption\":\"UN Stamps\"},\"image\":{\"@id\":\"https:\\\/\\\/unstamps.org\\\/fr\\\/#\\\/schema\\\/logo\\\/image\\\/\"}}]}<\/script>\n<!-- \/ Yoast SEO plugin. -->","yoast_head_json":{"title":"Esp\u00e8ces menac\u00e9es d\u2019extinction 2024 - UN Timbres","robots":{"index":"index","follow":"follow","max-snippet":"max-snippet:-1","max-image-preview":"max-image-preview:large","max-video-preview":"max-video-preview:-1"},"canonical":"https:\/\/unstamps.org\/fr\/produit\/especes-menacees-dextinction-2024\/","og_locale":"fr_FR","og_type":"article","og_title":"Esp\u00e8ces menac\u00e9es d\u2019extinction 2024 - UN Timbres","og_description":"Le 26 avril 2024, l\u2019APNU poursuit sa s\u00e9rie de timbres sur les esp\u00e8ces menac\u00e9es d\u2019extinction, avec l\u2019\u00e9mission de 12 nouveaux timbres. La s\u00e9rie de timbres des Nations Unies sur les esp\u00e8ces menac\u00e9es d&#8217;extinction de 2024 rassemble un large \u00e9ventail de faune et de flore, y compris des esp\u00e8ces au centre des d\u00e9cisions adopt\u00e9es par les [&hellip;]","og_url":"https:\/\/unstamps.org\/fr\/produit\/especes-menacees-dextinction-2024\/","og_site_name":"UN Timbres","article_modified_time":"2026-01-09T16:56:05+00:00","og_image":[{"width":1024,"height":1024,"url":"https:\/\/unstamps.org\/wp-content\/uploads\/2024\/04\/ES24-MI-GROUP.jpg","type":"image\/jpeg"}],"twitter_card":"summary_large_image","twitter_misc":{"Dur\u00e9e de lecture estim\u00e9e":"3 minutes"},"schema":{"@context":"https:\/\/schema.org","@graph":[{"@type":"WebPage","@id":"https:\/\/unstamps.org\/fr\/produit\/especes-menacees-dextinction-2024\/","url":"https:\/\/unstamps.org\/fr\/produit\/especes-menacees-dextinction-2024\/","name":"Esp\u00e8ces menac\u00e9es d\u2019extinction 2024 - UN Timbres","isPartOf":{"@id":"https:\/\/unstamps.org\/fr\/#website"},"primaryImageOfPage":{"@id":"https:\/\/unstamps.org\/fr\/produit\/especes-menacees-dextinction-2024\/#primaryimage"},"image":{"@id":"https:\/\/unstamps.org\/fr\/produit\/especes-menacees-dextinction-2024\/#primaryimage"},"thumbnailUrl":"https:\/\/unstamps.org\/wp-content\/uploads\/2024\/04\/ES24-MI-GROUP.jpg","datePublished":"2024-04-23T18:45:57+00:00","dateModified":"2026-01-09T16:56:05+00:00","breadcrumb":{"@id":"https:\/\/unstamps.org\/fr\/produit\/especes-menacees-dextinction-2024\/#breadcrumb"},"inLanguage":"fr-FR","potentialAction":[{"@type":"ReadAction","target":["https:\/\/unstamps.org\/fr\/produit\/especes-menacees-dextinction-2024\/"]}]},{"@type":"ImageObject","inLanguage":"fr-FR","@id":"https:\/\/unstamps.org\/fr\/produit\/especes-menacees-dextinction-2024\/#primaryimage","url":"https:\/\/unstamps.org\/wp-content\/uploads\/2024\/04\/ES24-MI-GROUP.jpg","contentUrl":"https:\/\/unstamps.org\/wp-content\/uploads\/2024\/04\/ES24-MI-GROUP.jpg","width":1024,"height":1024},{"@type":"BreadcrumbList","@id":"https:\/\/unstamps.org\/fr\/produit\/especes-menacees-dextinction-2024\/#breadcrumb","itemListElement":[{"@type":"ListItem","position":1,"name":"Home","item":"https:\/\/unstamps.org\/fr\/"},{"@type":"ListItem","position":2,"name":"Les produits","item":"https:\/\/unstamps.org\/fr\/les-produits\/"},{"@type":"ListItem","position":3,"name":"Esp\u00e8ces menac\u00e9es d\u2019extinction 2024"}]},{"@type":"WebSite","@id":"https:\/\/unstamps.org\/fr\/#website","url":"https:\/\/unstamps.org\/fr\/","name":"UN Stamps","description":"United Nations Stamps","publisher":{"@id":"https:\/\/unstamps.org\/fr\/#organization"},"potentialAction":[{"@type":"SearchAction","target":{"@type":"EntryPoint","urlTemplate":"https:\/\/unstamps.org\/fr\/?s={search_term_string}"},"query-input":{"@type":"PropertyValueSpecification","valueRequired":true,"valueName":"search_term_string"}}],"inLanguage":"fr-FR"},{"@type":"Organization","@id":"https:\/\/unstamps.org\/fr\/#organization","name":"UN Stamps","url":"https:\/\/unstamps.org\/fr\/","logo":{"@type":"ImageObject","inLanguage":"fr-FR","@id":"https:\/\/unstamps.org\/fr\/#\/schema\/logo\/image\/","url":"https:\/\/unstamps.org\/wp-content\/uploads\/2014\/01\/logo4web.jpg","contentUrl":"https:\/\/unstamps.org\/wp-content\/uploads\/2014\/01\/logo4web.jpg","width":2500,"height":250,"caption":"UN Stamps"},"image":{"@id":"https:\/\/unstamps.org\/fr\/#\/schema\/logo\/image\/"}}]}},"jetpack_sharing_enabled":true,"publishpress_future_action":{"enabled":false,"date":"2026-04-26 21:20:17","action":"change-status","newStatus":"private","terms":[],"taxonomy":"product_cat","extraData":[]},"publishpress_future_workflow_manual_trigger":{"enabledWorkflows":[]},"_links":{"self":[{"href":"https:\/\/unstamps.org\/fr\/wp-json\/wp\/v2\/product\/184431","targetHints":{"allow":["GET"]}}],"collection":[{"href":"https:\/\/unstamps.org\/fr\/wp-json\/wp\/v2\/product"}],"about":[{"href":"https:\/\/unstamps.org\/fr\/wp-json\/wp\/v2\/types\/product"}],"replies":[{"embeddable":true,"href":"https:\/\/unstamps.org\/fr\/wp-json\/wp\/v2\/comments?post=184431"}],"wp:featuredmedia":[{"embeddable":true,"href":"https:\/\/unstamps.org\/fr\/wp-json\/wp\/v2\/media\/185004"}],"wp:attachment":[{"href":"https:\/\/unstamps.org\/fr\/wp-json\/wp\/v2\/media?parent=184431"}],"wp:term":[{"taxonomy":"product_brand","embeddable":true,"href":"https:\/\/unstamps.org\/fr\/wp-json\/wp\/v2\/product_brand?post=184431"},{"taxonomy":"product_cat","embeddable":true,"href":"https:\/\/unstamps.org\/fr\/wp-json\/wp\/v2\/product_cat?post=184431"},{"taxonomy":"product_tag","embeddable":true,"href":"https:\/\/unstamps.org\/fr\/wp-json\/wp\/v2\/product_tag?post=184431"}],"curies":[{"name":"wp","href":"https:\/\/api.w.org\/{rel}","templated":true}]}}