{"id":180122,"date":"2023-11-06T11:10:24","date_gmt":"2023-11-06T16:11:26","guid":{"rendered":"https:\/\/unstamps.org\/?post_type=product&#038;p=180122"},"modified":"2026-01-09T11:58:31","modified_gmt":"2026-01-09T16:58:31","slug":"marie-curie-ge-timbre-ordinaire-chf-230","status":"publish","type":"product","link":"https:\/\/unstamps.org\/fr\/produit\/marie-curie-ge-timbre-ordinaire-chf-230\/","title":{"rendered":"Marie Curie \u2013 GE Timbre Ordinaire \u2013 CHF 2,30"},"content":{"rendered":"<p>Le 7 novembre 2023, l\u2019Administration postale des Nations Unies \u00e9mettra un timbre de 2,30 francs suisses en l\u2019honneur de Marie Curie. La citation sur le timbre, en fran\u00e7ais, se lit comme suit :<\/p>\n<p>\u00ab Dans la vie rien n\u2019est \u00e0 craindre, tout est \u00e0 comprendre \u00bb<\/p>\n<p>Le timbre de CHF 2,30 fait partie d\u2019une s\u00e9rie de timbres ordinaires illustr\u00e9e par Martin M\u00f6rck (Norv\u00e8ge).<\/p>\n<p>Marie Curie est surtout connue pour ses recherches d\u2019avant-garde sur la radioactivit\u00e9 et pour sa d\u00e9couverte de deux \u00e9l\u00e9ments, le polonium et le radium. Elle a \u00e9t\u00e9 la premi\u00e8re femme \u00e0 remporter un prix Nobel, la premi\u00e8re personne \u00e0 remporter deux fois un prix Nobel et la seule personne \u00e0 remporter un prix Nobel dans deux domaines scientifiques.  <\/p>\n<p>N\u00e9e Marya Sk\u0142odowska \u00e0 Varsovie, en Pologne, le 7 novembre 1867, elle \u00e9tait la plus jeune de cinq enfants. Malgr\u00e9 la pauvret\u00e9 de sa famille et son acc\u00e8s limit\u00e9 \u00e0 l\u2019enseignement des sciences, combin\u00e9s au fait qu\u2019elle \u00e9tait une femme, Marie a surmont\u00e9 de nombreux obstacles pour poursuivre sa passion et sa carri\u00e8re scientifique.<\/p>\n<p>En 1891, elle se rend \u00e0 Paris pour \u00e9tudier la physique et les math\u00e9matiques \u00e0 la Sorbonne. C\u2019est l\u00e0 qu\u2019elle rencontre Pierre Curie, professeur \u00e0 l\u2019\u00c9cole de physique, o\u00f9 ils travaillent ensemble sur l\u2019\u00e9tude de la radioactivit\u00e9 et de la recherche. Ils se marient en 1895. <\/p>\n<p>En 1903, Marie et Pierre Curie ont re\u00e7u le prix Nobel de physique, conjointement avec Henri Becquerel, pour leurs travaux combin\u00e9s, bien que s\u00e9par\u00e9s, sur la radioactivit\u00e9, un terme que Curie a invent\u00e9 elle-m\u00eame. La m\u00eame ann\u00e9e, Marie a pass\u00e9 sa th\u00e8se de doctorat en physique. Apr\u00e8s la mort de son mari en 1906, elle reprend sa chaire \u00e0 la Sorbonne, devenant ainsi la premi\u00e8re professeure de l\u2019institution.<\/p>\n<p>En 1911, Marie Curie a remport\u00e9 un deuxi\u00e8me prix Nobel de chimie (avec son mari) pour sa d\u00e9couverte de deux nouveaux \u00e9l\u00e9ments : le polonium (du nom de son pays natal) et le radium. <\/p>\n<p>Les recherches de Marie Curie ont pos\u00e9 les bases de la science nucl\u00e9aire moderne, des rayons X \u00e0 la radioth\u00e9rapie contre le cancer. Elle s\u2019est d\u00e9marqu\u00e9e non seulement par son talent brillant et son d\u00e9vouement, mais aussi par l\u2019inspiration des femmes et des filles en sciences.<\/p>\n<p><strong>Date d\u2019\u00e9mission:<\/strong> 7 novembre 2023<br \/>\n<strong>Artiste:<\/strong>Martin M\u00f6rck (Norv\u00e8ge)<br \/>\n<strong>Dessin:<\/strong>Rorie Katz (Nations Unies)<br \/>\n<strong>Valeur:<\/strong> CHF 2,30<br \/>\n<strong>Format de timbres:<\/strong> 50mm x 35mm<br \/>\n<strong>Timbres par feuille:\u00a0<\/strong>20<br \/>\n<strong>Imprimeur:<\/strong> Joh Ensched\u00e9 Stamps BV (Pays-Bas)<br \/>\n<strong>Reproduction:<\/strong> Lithografie offset avec Duotone<br \/>\n<strong>Dentelure:<\/strong> 14 x 14 \u00bc<br \/>\n<strong>Tirage des timbres:\u00a0<\/strong>9.000 feuilles (180.000 timbres)<\/p>\n","protected":false},"excerpt":{"rendered":"<p>Le 7 novembre 2023, l\u2019Administration postale des Nations Unies \u00e9mettra un timbre de 2,30 francs suisses en l\u2019honneur de Marie Curie. La citation sur le timbre, en fran\u00e7ais, se lit comme suit : \u00ab Dans la vie rien n\u2019est \u00e0 craindre, tout est \u00e0 comprendre \u00bb Le timbre de CHF 2,30 fait partie d\u2019une s\u00e9rie [&hellip;]<\/p>\n","protected":false},"featured_media":180216,"comment_status":"closed","ping_status":"closed","template":"","meta":{"ngg_post_thumbnail":0},"product_brand":[],"product_cat":[2932,145,143,153],"product_tag":[],"class_list":{"0":"post-180122","1":"product","2":"type-product","3":"status-publish","4":"has-post-thumbnail","6":"product_cat-2023-fr","7":"product_cat-geneve","8":"product_cat-timbres-individuels","9":"product_cat-timbres-ordinaires","10":"pa_condition-cancelled-fr","11":"pa_condition-mint-fr","13":"first","14":"instock","15":"shipping-taxable","16":"purchasable","17":"product-type-variable"},"yoast_head":"<!-- This site is optimized with the Yoast SEO plugin v27.3 - https:\/\/yoast.com\/product\/yoast-seo-wordpress\/ -->\n<title>Marie Curie \u2013 GE Timbre Ordinaire \u2013 CHF 2,30 - UN Timbres<\/title>\n<meta name=\"robots\" content=\"index, follow, max-snippet:-1, max-image-preview:large, max-video-preview:-1\" \/>\n<link rel=\"canonical\" href=\"https:\/\/unstamps.org\/fr\/produit\/marie-curie-ge-timbre-ordinaire-chf-230\/\" \/>\n<meta property=\"og:locale\" content=\"fr_FR\" \/>\n<meta property=\"og:type\" content=\"article\" \/>\n<meta property=\"og:title\" content=\"Marie Curie \u2013 GE Timbre Ordinaire \u2013 CHF 2,30 - UN Timbres\" \/>\n<meta property=\"og:description\" content=\"Le 7 novembre 2023, l\u2019Administration postale des Nations Unies \u00e9mettra un timbre de 2,30 francs suisses en l\u2019honneur de Marie Curie. La citation sur le timbre, en fran\u00e7ais, se lit comme suit : \u00ab Dans la vie rien n\u2019est \u00e0 craindre, tout est \u00e0 comprendre \u00bb Le timbre de CHF 2,30 fait partie d\u2019une s\u00e9rie [&hellip;]\" \/>\n<meta property=\"og:url\" content=\"https:\/\/unstamps.org\/fr\/produit\/marie-curie-ge-timbre-ordinaire-chf-230\/\" \/>\n<meta property=\"og:site_name\" content=\"UN Timbres\" \/>\n<meta property=\"article:modified_time\" content=\"2026-01-09T16:58:31+00:00\" \/>\n<meta property=\"og:image\" content=\"https:\/\/unstamps.org\/wp-content\/uploads\/2023\/11\/Curie-Web-Single.jpg\" \/>\n\t<meta property=\"og:image:width\" content=\"1024\" \/>\n\t<meta property=\"og:image:height\" content=\"1024\" \/>\n\t<meta property=\"og:image:type\" content=\"image\/jpeg\" \/>\n<meta name=\"twitter:card\" content=\"summary_large_image\" \/>\n<meta name=\"twitter:label1\" content=\"Dur\u00e9e de lecture estim\u00e9e\" \/>\n\t<meta name=\"twitter:data1\" content=\"2 minutes\" \/>\n<script type=\"application\/ld+json\" class=\"yoast-schema-graph\">{\"@context\":\"https:\\\/\\\/schema.org\",\"@graph\":[{\"@type\":\"WebPage\",\"@id\":\"https:\\\/\\\/unstamps.org\\\/fr\\\/produit\\\/marie-curie-ge-timbre-ordinaire-chf-230\\\/\",\"url\":\"https:\\\/\\\/unstamps.org\\\/fr\\\/produit\\\/marie-curie-ge-timbre-ordinaire-chf-230\\\/\",\"name\":\"Marie Curie \u2013 GE Timbre Ordinaire \u2013 CHF 2,30 - UN Timbres\",\"isPartOf\":{\"@id\":\"https:\\\/\\\/unstamps.org\\\/fr\\\/#website\"},\"primaryImageOfPage\":{\"@id\":\"https:\\\/\\\/unstamps.org\\\/fr\\\/produit\\\/marie-curie-ge-timbre-ordinaire-chf-230\\\/#primaryimage\"},\"image\":{\"@id\":\"https:\\\/\\\/unstamps.org\\\/fr\\\/produit\\\/marie-curie-ge-timbre-ordinaire-chf-230\\\/#primaryimage\"},\"thumbnailUrl\":\"https:\\\/\\\/unstamps.org\\\/wp-content\\\/uploads\\\/2023\\\/11\\\/Curie-Web-Single.jpg\",\"datePublished\":\"2023-11-06T16:11:26+00:00\",\"dateModified\":\"2026-01-09T16:58:31+00:00\",\"breadcrumb\":{\"@id\":\"https:\\\/\\\/unstamps.org\\\/fr\\\/produit\\\/marie-curie-ge-timbre-ordinaire-chf-230\\\/#breadcrumb\"},\"inLanguage\":\"fr-FR\",\"potentialAction\":[{\"@type\":\"ReadAction\",\"target\":[\"https:\\\/\\\/unstamps.org\\\/fr\\\/produit\\\/marie-curie-ge-timbre-ordinaire-chf-230\\\/\"]}]},{\"@type\":\"ImageObject\",\"inLanguage\":\"fr-FR\",\"@id\":\"https:\\\/\\\/unstamps.org\\\/fr\\\/produit\\\/marie-curie-ge-timbre-ordinaire-chf-230\\\/#primaryimage\",\"url\":\"https:\\\/\\\/unstamps.org\\\/wp-content\\\/uploads\\\/2023\\\/11\\\/Curie-Web-Single.jpg\",\"contentUrl\":\"https:\\\/\\\/unstamps.org\\\/wp-content\\\/uploads\\\/2023\\\/11\\\/Curie-Web-Single.jpg\",\"width\":1024,\"height\":1024},{\"@type\":\"BreadcrumbList\",\"@id\":\"https:\\\/\\\/unstamps.org\\\/fr\\\/produit\\\/marie-curie-ge-timbre-ordinaire-chf-230\\\/#breadcrumb\",\"itemListElement\":[{\"@type\":\"ListItem\",\"position\":1,\"name\":\"Home\",\"item\":\"https:\\\/\\\/unstamps.org\\\/fr\\\/\"},{\"@type\":\"ListItem\",\"position\":2,\"name\":\"Les produits\",\"item\":\"https:\\\/\\\/unstamps.org\\\/fr\\\/les-produits\\\/\"},{\"@type\":\"ListItem\",\"position\":3,\"name\":\"Marie Curie \u2013 GE Timbre Ordinaire \u2013 CHF 2,30\"}]},{\"@type\":\"WebSite\",\"@id\":\"https:\\\/\\\/unstamps.org\\\/fr\\\/#website\",\"url\":\"https:\\\/\\\/unstamps.org\\\/fr\\\/\",\"name\":\"UN Stamps\",\"description\":\"United Nations Stamps\",\"publisher\":{\"@id\":\"https:\\\/\\\/unstamps.org\\\/fr\\\/#organization\"},\"potentialAction\":[{\"@type\":\"SearchAction\",\"target\":{\"@type\":\"EntryPoint\",\"urlTemplate\":\"https:\\\/\\\/unstamps.org\\\/fr\\\/?s={search_term_string}\"},\"query-input\":{\"@type\":\"PropertyValueSpecification\",\"valueRequired\":true,\"valueName\":\"search_term_string\"}}],\"inLanguage\":\"fr-FR\"},{\"@type\":\"Organization\",\"@id\":\"https:\\\/\\\/unstamps.org\\\/fr\\\/#organization\",\"name\":\"UN Stamps\",\"url\":\"https:\\\/\\\/unstamps.org\\\/fr\\\/\",\"logo\":{\"@type\":\"ImageObject\",\"inLanguage\":\"fr-FR\",\"@id\":\"https:\\\/\\\/unstamps.org\\\/fr\\\/#\\\/schema\\\/logo\\\/image\\\/\",\"url\":\"https:\\\/\\\/unstamps.org\\\/wp-content\\\/uploads\\\/2014\\\/01\\\/logo4web.jpg\",\"contentUrl\":\"https:\\\/\\\/unstamps.org\\\/wp-content\\\/uploads\\\/2014\\\/01\\\/logo4web.jpg\",\"width\":2500,\"height\":250,\"caption\":\"UN Stamps\"},\"image\":{\"@id\":\"https:\\\/\\\/unstamps.org\\\/fr\\\/#\\\/schema\\\/logo\\\/image\\\/\"}}]}<\/script>\n<!-- \/ Yoast SEO plugin. -->","yoast_head_json":{"title":"Marie Curie \u2013 GE Timbre Ordinaire \u2013 CHF 2,30 - UN Timbres","robots":{"index":"index","follow":"follow","max-snippet":"max-snippet:-1","max-image-preview":"max-image-preview:large","max-video-preview":"max-video-preview:-1"},"canonical":"https:\/\/unstamps.org\/fr\/produit\/marie-curie-ge-timbre-ordinaire-chf-230\/","og_locale":"fr_FR","og_type":"article","og_title":"Marie Curie \u2013 GE Timbre Ordinaire \u2013 CHF 2,30 - UN Timbres","og_description":"Le 7 novembre 2023, l\u2019Administration postale des Nations Unies \u00e9mettra un timbre de 2,30 francs suisses en l\u2019honneur de Marie Curie. La citation sur le timbre, en fran\u00e7ais, se lit comme suit : \u00ab Dans la vie rien n\u2019est \u00e0 craindre, tout est \u00e0 comprendre \u00bb Le timbre de CHF 2,30 fait partie d\u2019une s\u00e9rie [&hellip;]","og_url":"https:\/\/unstamps.org\/fr\/produit\/marie-curie-ge-timbre-ordinaire-chf-230\/","og_site_name":"UN Timbres","article_modified_time":"2026-01-09T16:58:31+00:00","og_image":[{"width":1024,"height":1024,"url":"https:\/\/unstamps.org\/wp-content\/uploads\/2023\/11\/Curie-Web-Single.jpg","type":"image\/jpeg"}],"twitter_card":"summary_large_image","twitter_misc":{"Dur\u00e9e de lecture estim\u00e9e":"2 minutes"},"schema":{"@context":"https:\/\/schema.org","@graph":[{"@type":"WebPage","@id":"https:\/\/unstamps.org\/fr\/produit\/marie-curie-ge-timbre-ordinaire-chf-230\/","url":"https:\/\/unstamps.org\/fr\/produit\/marie-curie-ge-timbre-ordinaire-chf-230\/","name":"Marie Curie \u2013 GE Timbre Ordinaire \u2013 CHF 2,30 - UN Timbres","isPartOf":{"@id":"https:\/\/unstamps.org\/fr\/#website"},"primaryImageOfPage":{"@id":"https:\/\/unstamps.org\/fr\/produit\/marie-curie-ge-timbre-ordinaire-chf-230\/#primaryimage"},"image":{"@id":"https:\/\/unstamps.org\/fr\/produit\/marie-curie-ge-timbre-ordinaire-chf-230\/#primaryimage"},"thumbnailUrl":"https:\/\/unstamps.org\/wp-content\/uploads\/2023\/11\/Curie-Web-Single.jpg","datePublished":"2023-11-06T16:11:26+00:00","dateModified":"2026-01-09T16:58:31+00:00","breadcrumb":{"@id":"https:\/\/unstamps.org\/fr\/produit\/marie-curie-ge-timbre-ordinaire-chf-230\/#breadcrumb"},"inLanguage":"fr-FR","potentialAction":[{"@type":"ReadAction","target":["https:\/\/unstamps.org\/fr\/produit\/marie-curie-ge-timbre-ordinaire-chf-230\/"]}]},{"@type":"ImageObject","inLanguage":"fr-FR","@id":"https:\/\/unstamps.org\/fr\/produit\/marie-curie-ge-timbre-ordinaire-chf-230\/#primaryimage","url":"https:\/\/unstamps.org\/wp-content\/uploads\/2023\/11\/Curie-Web-Single.jpg","contentUrl":"https:\/\/unstamps.org\/wp-content\/uploads\/2023\/11\/Curie-Web-Single.jpg","width":1024,"height":1024},{"@type":"BreadcrumbList","@id":"https:\/\/unstamps.org\/fr\/produit\/marie-curie-ge-timbre-ordinaire-chf-230\/#breadcrumb","itemListElement":[{"@type":"ListItem","position":1,"name":"Home","item":"https:\/\/unstamps.org\/fr\/"},{"@type":"ListItem","position":2,"name":"Les produits","item":"https:\/\/unstamps.org\/fr\/les-produits\/"},{"@type":"ListItem","position":3,"name":"Marie Curie \u2013 GE Timbre Ordinaire \u2013 CHF 2,30"}]},{"@type":"WebSite","@id":"https:\/\/unstamps.org\/fr\/#website","url":"https:\/\/unstamps.org\/fr\/","name":"UN Stamps","description":"United Nations Stamps","publisher":{"@id":"https:\/\/unstamps.org\/fr\/#organization"},"potentialAction":[{"@type":"SearchAction","target":{"@type":"EntryPoint","urlTemplate":"https:\/\/unstamps.org\/fr\/?s={search_term_string}"},"query-input":{"@type":"PropertyValueSpecification","valueRequired":true,"valueName":"search_term_string"}}],"inLanguage":"fr-FR"},{"@type":"Organization","@id":"https:\/\/unstamps.org\/fr\/#organization","name":"UN Stamps","url":"https:\/\/unstamps.org\/fr\/","logo":{"@type":"ImageObject","inLanguage":"fr-FR","@id":"https:\/\/unstamps.org\/fr\/#\/schema\/logo\/image\/","url":"https:\/\/unstamps.org\/wp-content\/uploads\/2014\/01\/logo4web.jpg","contentUrl":"https:\/\/unstamps.org\/wp-content\/uploads\/2014\/01\/logo4web.jpg","width":2500,"height":250,"caption":"UN Stamps"},"image":{"@id":"https:\/\/unstamps.org\/fr\/#\/schema\/logo\/image\/"}}]}},"jetpack_sharing_enabled":true,"publishpress_future_action":{"enabled":false,"date":"2026-04-16 06:27:30","action":"change-status","newStatus":"private","terms":[],"taxonomy":"product_cat","extraData":[]},"publishpress_future_workflow_manual_trigger":{"enabledWorkflows":[]},"_links":{"self":[{"href":"https:\/\/unstamps.org\/fr\/wp-json\/wp\/v2\/product\/180122","targetHints":{"allow":["GET"]}}],"collection":[{"href":"https:\/\/unstamps.org\/fr\/wp-json\/wp\/v2\/product"}],"about":[{"href":"https:\/\/unstamps.org\/fr\/wp-json\/wp\/v2\/types\/product"}],"replies":[{"embeddable":true,"href":"https:\/\/unstamps.org\/fr\/wp-json\/wp\/v2\/comments?post=180122"}],"wp:featuredmedia":[{"embeddable":true,"href":"https:\/\/unstamps.org\/fr\/wp-json\/wp\/v2\/media\/180216"}],"wp:attachment":[{"href":"https:\/\/unstamps.org\/fr\/wp-json\/wp\/v2\/media?parent=180122"}],"wp:term":[{"taxonomy":"product_brand","embeddable":true,"href":"https:\/\/unstamps.org\/fr\/wp-json\/wp\/v2\/product_brand?post=180122"},{"taxonomy":"product_cat","embeddable":true,"href":"https:\/\/unstamps.org\/fr\/wp-json\/wp\/v2\/product_cat?post=180122"},{"taxonomy":"product_tag","embeddable":true,"href":"https:\/\/unstamps.org\/fr\/wp-json\/wp\/v2\/product_tag?post=180122"}],"curies":[{"name":"wp","href":"https:\/\/api.w.org\/{rel}","templated":true}]}}