{"id":169127,"date":"2022-11-16T12:31:38","date_gmt":"2022-11-16T17:40:31","guid":{"rendered":"https:\/\/unstamps.org\/?post_type=product&#038;p=169127"},"modified":"2026-01-09T12:03:10","modified_gmt":"2026-01-09T17:03:10","slug":"timbre-crypto-onu-serie-ii","status":"publish","type":"product","link":"https:\/\/unstamps.org\/fr\/produit\/timbre-crypto-onu-serie-ii\/","title":{"rendered":"TIMBRE CRYPTO ONU (S\u00e9rie II)"},"content":{"rendered":"<p>Lanc\u00e9e en 2020, il s\u2019agit de la deuxi\u00e8me s\u00e9rie de timbres cryptographiques des Nations Unies \u00e9mise par l\u2019APNU. Les timbres de cette s\u00e9rie comportent des symboles de paix et le mot \u00ab paix \u00bb en six langues.<\/p>\n<p>Les timbres, qui ont \u00e9t\u00e9 d\u00e9velopp\u00e9s en collaboration avec le Bureau des technologies de l\u2019information et de la communication des Nations Unies, relient une nouvelle g\u00e9n\u00e9ration de timbres des Nations Unies \u00e0 la technologie blockchain.<\/p>\n<p>Chaque timbre comprend un code secret unique cach\u00e9 derri\u00e8re une zone de grattage. Sept variantes du dessin de la paix qui peuvent \u00eatre obtenues (y compris une variante en \u00e9dition limit\u00e9e) lorsque les timbres num\u00e9riques sont activ\u00e9s en ligne.<\/p>\n<p>Pour en savoir plus sur le fonctionnement des timbres cryptographiques des Nations Unies et sur la fa\u00e7on de les activer et de les frapper, veuillez visiter <a href=\"https:\/\/crypto.unstamps.org\/\">crypto.unstamps.org<\/a><\/p>\n<p><strong>Date d\u2019\u00e9mission:<\/strong> 18 novembre 2022<br \/>\n<strong>Artiste:<\/strong> Sergio Baradat (Nations Unies)<br \/>\n<strong>Valeurs:<\/strong> $4.50, CHF 3,80, \u20ac 3,65<br \/>\n<strong>Taille du timbre:<\/strong> 25 mm x 35 mm<br \/>\n<strong>Taille de la feuille:<\/strong> 84 mm x 55 mm<br \/>\n<strong>Format:<\/strong> Mini-feuilles d\u2019un timbre<br \/>\n<strong>Imprimeur:<\/strong> Royal Joh Ensched\u00e9 (Pays-Bas)<br \/>\n<strong>Reproduction:<\/strong> Hexachrome plus feuille<\/p>\n<p><strong>Tirage:<\/strong><br \/>\n$4,50 \u00a0 30.000 feuiles miniatures<br \/>\nCHF 3,80 \u00a0 30.000 feuiles miniatures<br \/>\n\u20ac 3,65 \u00a0 30.000 feuiles miniatures<\/p>\n","protected":false},"excerpt":{"rendered":"<p>Lanc\u00e9e en 2020, il s\u2019agit de la deuxi\u00e8me s\u00e9rie de timbres cryptographiques des Nations Unies \u00e9mise par l\u2019APNU. Les timbres de cette s\u00e9rie comportent des symboles de paix et le mot \u00ab paix \u00bb en six langues. Les timbres, qui ont \u00e9t\u00e9 d\u00e9velopp\u00e9s en collaboration avec le Bureau des technologies de l\u2019information et de la [&hellip;]<\/p>\n","protected":false},"featured_media":169306,"comment_status":"closed","ping_status":"closed","template":"","meta":{"ngg_post_thumbnail":0},"product_brand":[],"product_cat":[2891,2926,153],"product_tag":[],"class_list":{"0":"post-169127","1":"product","2":"type-product","3":"status-publish","4":"has-post-thumbnail","6":"product_cat-2022-fr","7":"product_cat-crypto-fr","8":"product_cat-timbres-ordinaires","10":"first","11":"instock","12":"shipping-taxable","13":"product-type-grouped"},"yoast_head":"<!-- This site is optimized with the Yoast SEO plugin v27.3 - https:\/\/yoast.com\/product\/yoast-seo-wordpress\/ -->\n<title>TIMBRE CRYPTO ONU (S\u00e9rie II) - UN Timbres<\/title>\n<meta name=\"robots\" content=\"index, follow, max-snippet:-1, max-image-preview:large, max-video-preview:-1\" \/>\n<link rel=\"canonical\" href=\"https:\/\/unstamps.org\/fr\/produit\/timbre-crypto-onu-serie-ii\/\" \/>\n<meta property=\"og:locale\" content=\"fr_FR\" \/>\n<meta property=\"og:type\" content=\"article\" \/>\n<meta property=\"og:title\" content=\"TIMBRE CRYPTO ONU (S\u00e9rie II) - UN Timbres\" \/>\n<meta property=\"og:description\" content=\"Lanc\u00e9e en 2020, il s\u2019agit de la deuxi\u00e8me s\u00e9rie de timbres cryptographiques des Nations Unies \u00e9mise par l\u2019APNU. Les timbres de cette s\u00e9rie comportent des symboles de paix et le mot \u00ab paix \u00bb en six langues. Les timbres, qui ont \u00e9t\u00e9 d\u00e9velopp\u00e9s en collaboration avec le Bureau des technologies de l\u2019information et de la [&hellip;]\" \/>\n<meta property=\"og:url\" content=\"https:\/\/unstamps.org\/fr\/produit\/timbre-crypto-onu-serie-ii\/\" \/>\n<meta property=\"og:site_name\" content=\"UN Timbres\" \/>\n<meta property=\"article:modified_time\" content=\"2026-01-09T17:03:10+00:00\" \/>\n<meta property=\"og:image\" content=\"https:\/\/unstamps.org\/wp-content\/uploads\/2022\/11\/Crypto-GROUP-web.jpg\" \/>\n\t<meta property=\"og:image:width\" content=\"1024\" \/>\n\t<meta property=\"og:image:height\" content=\"1024\" \/>\n\t<meta property=\"og:image:type\" content=\"image\/jpeg\" \/>\n<meta name=\"twitter:card\" content=\"summary_large_image\" \/>\n<meta name=\"twitter:label1\" content=\"Dur\u00e9e de lecture estim\u00e9e\" \/>\n\t<meta name=\"twitter:data1\" content=\"1 minute\" \/>\n<script type=\"application\/ld+json\" class=\"yoast-schema-graph\">{\"@context\":\"https:\\\/\\\/schema.org\",\"@graph\":[{\"@type\":\"WebPage\",\"@id\":\"https:\\\/\\\/unstamps.org\\\/fr\\\/produit\\\/timbre-crypto-onu-serie-ii\\\/\",\"url\":\"https:\\\/\\\/unstamps.org\\\/fr\\\/produit\\\/timbre-crypto-onu-serie-ii\\\/\",\"name\":\"TIMBRE CRYPTO ONU (S\u00e9rie II) - UN Timbres\",\"isPartOf\":{\"@id\":\"https:\\\/\\\/unstamps.org\\\/fr\\\/#website\"},\"primaryImageOfPage\":{\"@id\":\"https:\\\/\\\/unstamps.org\\\/fr\\\/produit\\\/timbre-crypto-onu-serie-ii\\\/#primaryimage\"},\"image\":{\"@id\":\"https:\\\/\\\/unstamps.org\\\/fr\\\/produit\\\/timbre-crypto-onu-serie-ii\\\/#primaryimage\"},\"thumbnailUrl\":\"https:\\\/\\\/unstamps.org\\\/wp-content\\\/uploads\\\/2022\\\/11\\\/Crypto-GROUP-web.jpg\",\"datePublished\":\"2022-11-16T17:40:31+00:00\",\"dateModified\":\"2026-01-09T17:03:10+00:00\",\"breadcrumb\":{\"@id\":\"https:\\\/\\\/unstamps.org\\\/fr\\\/produit\\\/timbre-crypto-onu-serie-ii\\\/#breadcrumb\"},\"inLanguage\":\"fr-FR\",\"potentialAction\":[{\"@type\":\"ReadAction\",\"target\":[\"https:\\\/\\\/unstamps.org\\\/fr\\\/produit\\\/timbre-crypto-onu-serie-ii\\\/\"]}]},{\"@type\":\"ImageObject\",\"inLanguage\":\"fr-FR\",\"@id\":\"https:\\\/\\\/unstamps.org\\\/fr\\\/produit\\\/timbre-crypto-onu-serie-ii\\\/#primaryimage\",\"url\":\"https:\\\/\\\/unstamps.org\\\/wp-content\\\/uploads\\\/2022\\\/11\\\/Crypto-GROUP-web.jpg\",\"contentUrl\":\"https:\\\/\\\/unstamps.org\\\/wp-content\\\/uploads\\\/2022\\\/11\\\/Crypto-GROUP-web.jpg\",\"width\":1024,\"height\":1024},{\"@type\":\"BreadcrumbList\",\"@id\":\"https:\\\/\\\/unstamps.org\\\/fr\\\/produit\\\/timbre-crypto-onu-serie-ii\\\/#breadcrumb\",\"itemListElement\":[{\"@type\":\"ListItem\",\"position\":1,\"name\":\"Home\",\"item\":\"https:\\\/\\\/unstamps.org\\\/fr\\\/\"},{\"@type\":\"ListItem\",\"position\":2,\"name\":\"Les produits\",\"item\":\"https:\\\/\\\/unstamps.org\\\/fr\\\/les-produits\\\/\"},{\"@type\":\"ListItem\",\"position\":3,\"name\":\"TIMBRE CRYPTO ONU (S\u00e9rie II)\"}]},{\"@type\":\"WebSite\",\"@id\":\"https:\\\/\\\/unstamps.org\\\/fr\\\/#website\",\"url\":\"https:\\\/\\\/unstamps.org\\\/fr\\\/\",\"name\":\"UN Stamps\",\"description\":\"United Nations Stamps\",\"publisher\":{\"@id\":\"https:\\\/\\\/unstamps.org\\\/fr\\\/#organization\"},\"potentialAction\":[{\"@type\":\"SearchAction\",\"target\":{\"@type\":\"EntryPoint\",\"urlTemplate\":\"https:\\\/\\\/unstamps.org\\\/fr\\\/?s={search_term_string}\"},\"query-input\":{\"@type\":\"PropertyValueSpecification\",\"valueRequired\":true,\"valueName\":\"search_term_string\"}}],\"inLanguage\":\"fr-FR\"},{\"@type\":\"Organization\",\"@id\":\"https:\\\/\\\/unstamps.org\\\/fr\\\/#organization\",\"name\":\"UN Stamps\",\"url\":\"https:\\\/\\\/unstamps.org\\\/fr\\\/\",\"logo\":{\"@type\":\"ImageObject\",\"inLanguage\":\"fr-FR\",\"@id\":\"https:\\\/\\\/unstamps.org\\\/fr\\\/#\\\/schema\\\/logo\\\/image\\\/\",\"url\":\"https:\\\/\\\/unstamps.org\\\/wp-content\\\/uploads\\\/2014\\\/01\\\/logo4web.jpg\",\"contentUrl\":\"https:\\\/\\\/unstamps.org\\\/wp-content\\\/uploads\\\/2014\\\/01\\\/logo4web.jpg\",\"width\":2500,\"height\":250,\"caption\":\"UN Stamps\"},\"image\":{\"@id\":\"https:\\\/\\\/unstamps.org\\\/fr\\\/#\\\/schema\\\/logo\\\/image\\\/\"}}]}<\/script>\n<!-- \/ Yoast SEO plugin. -->","yoast_head_json":{"title":"TIMBRE CRYPTO ONU (S\u00e9rie II) - UN Timbres","robots":{"index":"index","follow":"follow","max-snippet":"max-snippet:-1","max-image-preview":"max-image-preview:large","max-video-preview":"max-video-preview:-1"},"canonical":"https:\/\/unstamps.org\/fr\/produit\/timbre-crypto-onu-serie-ii\/","og_locale":"fr_FR","og_type":"article","og_title":"TIMBRE CRYPTO ONU (S\u00e9rie II) - UN Timbres","og_description":"Lanc\u00e9e en 2020, il s\u2019agit de la deuxi\u00e8me s\u00e9rie de timbres cryptographiques des Nations Unies \u00e9mise par l\u2019APNU. Les timbres de cette s\u00e9rie comportent des symboles de paix et le mot \u00ab paix \u00bb en six langues. Les timbres, qui ont \u00e9t\u00e9 d\u00e9velopp\u00e9s en collaboration avec le Bureau des technologies de l\u2019information et de la [&hellip;]","og_url":"https:\/\/unstamps.org\/fr\/produit\/timbre-crypto-onu-serie-ii\/","og_site_name":"UN Timbres","article_modified_time":"2026-01-09T17:03:10+00:00","og_image":[{"width":1024,"height":1024,"url":"https:\/\/unstamps.org\/wp-content\/uploads\/2022\/11\/Crypto-GROUP-web.jpg","type":"image\/jpeg"}],"twitter_card":"summary_large_image","twitter_misc":{"Dur\u00e9e de lecture estim\u00e9e":"1 minute"},"schema":{"@context":"https:\/\/schema.org","@graph":[{"@type":"WebPage","@id":"https:\/\/unstamps.org\/fr\/produit\/timbre-crypto-onu-serie-ii\/","url":"https:\/\/unstamps.org\/fr\/produit\/timbre-crypto-onu-serie-ii\/","name":"TIMBRE CRYPTO ONU (S\u00e9rie II) - UN Timbres","isPartOf":{"@id":"https:\/\/unstamps.org\/fr\/#website"},"primaryImageOfPage":{"@id":"https:\/\/unstamps.org\/fr\/produit\/timbre-crypto-onu-serie-ii\/#primaryimage"},"image":{"@id":"https:\/\/unstamps.org\/fr\/produit\/timbre-crypto-onu-serie-ii\/#primaryimage"},"thumbnailUrl":"https:\/\/unstamps.org\/wp-content\/uploads\/2022\/11\/Crypto-GROUP-web.jpg","datePublished":"2022-11-16T17:40:31+00:00","dateModified":"2026-01-09T17:03:10+00:00","breadcrumb":{"@id":"https:\/\/unstamps.org\/fr\/produit\/timbre-crypto-onu-serie-ii\/#breadcrumb"},"inLanguage":"fr-FR","potentialAction":[{"@type":"ReadAction","target":["https:\/\/unstamps.org\/fr\/produit\/timbre-crypto-onu-serie-ii\/"]}]},{"@type":"ImageObject","inLanguage":"fr-FR","@id":"https:\/\/unstamps.org\/fr\/produit\/timbre-crypto-onu-serie-ii\/#primaryimage","url":"https:\/\/unstamps.org\/wp-content\/uploads\/2022\/11\/Crypto-GROUP-web.jpg","contentUrl":"https:\/\/unstamps.org\/wp-content\/uploads\/2022\/11\/Crypto-GROUP-web.jpg","width":1024,"height":1024},{"@type":"BreadcrumbList","@id":"https:\/\/unstamps.org\/fr\/produit\/timbre-crypto-onu-serie-ii\/#breadcrumb","itemListElement":[{"@type":"ListItem","position":1,"name":"Home","item":"https:\/\/unstamps.org\/fr\/"},{"@type":"ListItem","position":2,"name":"Les produits","item":"https:\/\/unstamps.org\/fr\/les-produits\/"},{"@type":"ListItem","position":3,"name":"TIMBRE CRYPTO ONU (S\u00e9rie II)"}]},{"@type":"WebSite","@id":"https:\/\/unstamps.org\/fr\/#website","url":"https:\/\/unstamps.org\/fr\/","name":"UN Stamps","description":"United Nations Stamps","publisher":{"@id":"https:\/\/unstamps.org\/fr\/#organization"},"potentialAction":[{"@type":"SearchAction","target":{"@type":"EntryPoint","urlTemplate":"https:\/\/unstamps.org\/fr\/?s={search_term_string}"},"query-input":{"@type":"PropertyValueSpecification","valueRequired":true,"valueName":"search_term_string"}}],"inLanguage":"fr-FR"},{"@type":"Organization","@id":"https:\/\/unstamps.org\/fr\/#organization","name":"UN Stamps","url":"https:\/\/unstamps.org\/fr\/","logo":{"@type":"ImageObject","inLanguage":"fr-FR","@id":"https:\/\/unstamps.org\/fr\/#\/schema\/logo\/image\/","url":"https:\/\/unstamps.org\/wp-content\/uploads\/2014\/01\/logo4web.jpg","contentUrl":"https:\/\/unstamps.org\/wp-content\/uploads\/2014\/01\/logo4web.jpg","width":2500,"height":250,"caption":"UN Stamps"},"image":{"@id":"https:\/\/unstamps.org\/fr\/#\/schema\/logo\/image\/"}}]}},"jetpack_sharing_enabled":true,"publishpress_future_action":{"enabled":false,"date":"2026-04-16 09:25:27","action":"change-status","newStatus":"private","terms":[],"taxonomy":"product_cat","extraData":[]},"publishpress_future_workflow_manual_trigger":{"enabledWorkflows":[]},"_links":{"self":[{"href":"https:\/\/unstamps.org\/fr\/wp-json\/wp\/v2\/product\/169127","targetHints":{"allow":["GET"]}}],"collection":[{"href":"https:\/\/unstamps.org\/fr\/wp-json\/wp\/v2\/product"}],"about":[{"href":"https:\/\/unstamps.org\/fr\/wp-json\/wp\/v2\/types\/product"}],"replies":[{"embeddable":true,"href":"https:\/\/unstamps.org\/fr\/wp-json\/wp\/v2\/comments?post=169127"}],"wp:featuredmedia":[{"embeddable":true,"href":"https:\/\/unstamps.org\/fr\/wp-json\/wp\/v2\/media\/169306"}],"wp:attachment":[{"href":"https:\/\/unstamps.org\/fr\/wp-json\/wp\/v2\/media?parent=169127"}],"wp:term":[{"taxonomy":"product_brand","embeddable":true,"href":"https:\/\/unstamps.org\/fr\/wp-json\/wp\/v2\/product_brand?post=169127"},{"taxonomy":"product_cat","embeddable":true,"href":"https:\/\/unstamps.org\/fr\/wp-json\/wp\/v2\/product_cat?post=169127"},{"taxonomy":"product_tag","embeddable":true,"href":"https:\/\/unstamps.org\/fr\/wp-json\/wp\/v2\/product_tag?post=169127"}],"curies":[{"name":"wp","href":"https:\/\/api.w.org\/{rel}","templated":true}]}}