{"id":163982,"date":"2022-03-22T02:00:08","date_gmt":"2022-03-22T06:00:08","guid":{"rendered":"https:\/\/unstamps.org\/?post_type=product&#038;p=163982"},"modified":"2026-01-09T12:04:17","modified_gmt":"2026-01-09T17:04:17","slug":"wangari-maathai-vi-timbre-ordinaire-e085-feuille-entiere","status":"publish","type":"product","link":"https:\/\/unstamps.org\/fr\/produit\/wangari-maathai-vi-timbre-ordinaire-e085-feuille-entiere\/","title":{"rendered":"Wangari Maathai &#8211; VI Timbre Ordinaire \u2013 \u20ac0,85 &#8211; Feuille enti\u00e8re"},"content":{"rendered":"<p>Le 1er avril 2022, l\u2019APNU \u00e9mettra un timbre ordinaire pour comm\u00e9morer l\u2019anniversaire de la naissance de Wangari Maathai, qui n\u00e9e le 1er avril 1940. La citation sur le timbre, qui est en allemand, se lit comme suit : \u00ab Quand nous plantons des arbres, nous plantons les graines de la paix et de l\u2019espoir \u00bb. Le timbre de \u20ac 0,85 fait partie d\u2019une s\u00e9rie de timbres ordinaires illustr\u00e9s par Martin M\u00f6rck (Norv\u00e8ge).<\/p>\n<p>Pendant de nombreuses d\u00e9cennies, Wangari Maathai a activement contribu\u00e9 \u00e0 faire avancer les id\u00e9aux et les objectifs de l\u2019Organisation des Nations Unies. Reconnue mondialement pour son action pour l\u2019avancement des droits de l\u2019homme et de l\u2019autonomisation des femmes, Mme Maathai \u00e9tait une pionni\u00e8re dans l\u2019articulation des liens entre les droits de l\u2019homme, la pauvret\u00e9, l\u2019environnement, la protection et la s\u00e9curit\u00e9. Elle a re\u00e7u le prix Nobel de la paix en 2004.<\/p>\n<p>N\u00e9e au Kenya, fille d\u2019agriculteurs des hauts plateaux du Mont Kenya, Mme Maathai a \u00e9t\u00e9 la premi\u00e8re femme d\u2019Afrique de l\u2019Est et centrale \u00e0 obtenir un Doctorat. En 1977, elle a \u00e9t\u00e9 nomm\u00e9e professeure agr\u00e9g\u00e9e de l&#8217;Anatomie v\u00e9t\u00e9rinaire \u00e0 l\u2019Universit\u00e9 de Nairobi et, la m\u00eame ann\u00e9e, elle a fond\u00e9 le Mouvement de la ceinture verte. L\u2019organisation environnementale e a aid\u00e9 les femmes et leurs familles \u00e0 planter plus de 40 millions d\u2019arbres \u00e0 travers le Kenya pour prot\u00e9ger l\u2019environnement et promouvoir des moyens de subsistance durables.<\/p>\n<p>En reconnaissance de son profond engagement, le Secr\u00e9taire-G\u00e9n\u00e9ral l\u2019a nomm\u00e9e Messag\u00e8re de la paix des Nations Unies en d\u00e9cembre 2009. Elle a tout particuli\u00e8rement agit sur les questions d\u2019environnement et le changement climatique, une mission qu\u2019elle a jou\u00e9e efficacement et avec beaucoup d\u2019enthousiasme jusqu\u2019\u00e0 son d\u00e9c\u00e8s, le 25 septembre 2011.<\/p>\n<p>&nbsp;<\/p>\n<p><strong>Date d\u2019\u00e9mission:<\/strong> 1er avril 2022<br \/>\n<strong>Artiste:<\/strong> M\u00f6rck (Norv\u00e8ge) sur la base d\u2019une photographie prise par Ricardo Medina (Puerto Rico)<br \/>\n<strong>Dessinatrice:<\/strong> Rorie Katz (Nations Unies)<br \/>\n<strong>Valeur:<\/strong> \u20ac 0,85<br \/>\n<strong>Taille du timbre:<\/strong> 50 mm x 35 mm<br \/>\n<strong>Timbres par feuille:<\/strong> 20<br \/>\n<strong>Imprimeur:<\/strong> Cartor Security Printer (France)<br \/>\n<strong>Reproduction:<\/strong> Lithographie offset \u2013 Duotone<br \/>\n<strong>Dentelure:<\/strong> 14 x 14 \u00bc<br \/>\n<strong>Tirage:<\/strong> 10.000 feuilles (200.000 timbres)<\/p>\n","protected":false},"excerpt":{"rendered":"<p>Le 1er avril 2022, l\u2019APNU \u00e9mettra un timbre ordinaire pour comm\u00e9morer l\u2019anniversaire de la naissance de Wangari Maathai, qui n\u00e9e le 1er avril 1940. La citation sur le timbre, qui est en allemand, se lit comme suit : \u00ab Quand nous plantons des arbres, nous plantons les graines de la paix et de l\u2019espoir \u00bb. [&hellip;]<\/p>\n","protected":false},"featured_media":164006,"comment_status":"closed","ping_status":"closed","template":"","meta":{"ngg_post_thumbnail":0},"product_brand":[],"product_cat":[2891,222,153,156],"product_tag":[],"class_list":{"0":"post-163982","1":"product","2":"type-product","3":"status-publish","4":"has-post-thumbnail","6":"product_cat-2022-fr","7":"product_cat-feuille-entiere","8":"product_cat-timbres-ordinaires","9":"product_cat-vienne","10":"pa_condition-cancelled-fr","11":"pa_condition-mint-fr","13":"first","14":"instock","15":"shipping-taxable","16":"purchasable","17":"product-type-variable"},"yoast_head":"<!-- This site is optimized with the Yoast SEO plugin v27.3 - https:\/\/yoast.com\/product\/yoast-seo-wordpress\/ -->\n<title>Wangari Maathai - VI Timbre Ordinaire \u2013 \u20ac0,85 - Feuille enti\u00e8re - UN Timbres<\/title>\n<meta name=\"robots\" content=\"index, follow, max-snippet:-1, max-image-preview:large, max-video-preview:-1\" \/>\n<link rel=\"canonical\" href=\"https:\/\/unstamps.org\/fr\/produit\/wangari-maathai-vi-timbre-ordinaire-e085-feuille-entiere\/\" \/>\n<meta property=\"og:locale\" content=\"fr_FR\" \/>\n<meta property=\"og:type\" content=\"article\" \/>\n<meta property=\"og:title\" content=\"Wangari Maathai - VI Timbre Ordinaire \u2013 \u20ac0,85 - Feuille enti\u00e8re - UN Timbres\" \/>\n<meta property=\"og:description\" content=\"Le 1er avril 2022, l\u2019APNU \u00e9mettra un timbre ordinaire pour comm\u00e9morer l\u2019anniversaire de la naissance de Wangari Maathai, qui n\u00e9e le 1er avril 1940. La citation sur le timbre, qui est en allemand, se lit comme suit : \u00ab Quand nous plantons des arbres, nous plantons les graines de la paix et de l\u2019espoir \u00bb. [&hellip;]\" \/>\n<meta property=\"og:url\" content=\"https:\/\/unstamps.org\/fr\/produit\/wangari-maathai-vi-timbre-ordinaire-e085-feuille-entiere\/\" \/>\n<meta property=\"og:site_name\" content=\"UN Timbres\" \/>\n<meta property=\"article:modified_time\" content=\"2026-01-09T17:04:17+00:00\" \/>\n<meta property=\"og:image\" content=\"https:\/\/unstamps.org\/wp-content\/uploads\/2022\/03\/Wangari-FS-Web.jpg\" \/>\n\t<meta property=\"og:image:width\" content=\"1024\" \/>\n\t<meta property=\"og:image:height\" content=\"1024\" \/>\n\t<meta property=\"og:image:type\" content=\"image\/jpeg\" \/>\n<meta name=\"twitter:card\" content=\"summary_large_image\" \/>\n<meta name=\"twitter:label1\" content=\"Dur\u00e9e de lecture estim\u00e9e\" \/>\n\t<meta name=\"twitter:data1\" content=\"2 minutes\" \/>\n<script type=\"application\/ld+json\" class=\"yoast-schema-graph\">{\"@context\":\"https:\\\/\\\/schema.org\",\"@graph\":[{\"@type\":\"WebPage\",\"@id\":\"https:\\\/\\\/unstamps.org\\\/fr\\\/produit\\\/wangari-maathai-vi-timbre-ordinaire-e085-feuille-entiere\\\/\",\"url\":\"https:\\\/\\\/unstamps.org\\\/fr\\\/produit\\\/wangari-maathai-vi-timbre-ordinaire-e085-feuille-entiere\\\/\",\"name\":\"Wangari Maathai - VI Timbre Ordinaire \u2013 \u20ac0,85 - Feuille enti\u00e8re - UN Timbres\",\"isPartOf\":{\"@id\":\"https:\\\/\\\/unstamps.org\\\/fr\\\/#website\"},\"primaryImageOfPage\":{\"@id\":\"https:\\\/\\\/unstamps.org\\\/fr\\\/produit\\\/wangari-maathai-vi-timbre-ordinaire-e085-feuille-entiere\\\/#primaryimage\"},\"image\":{\"@id\":\"https:\\\/\\\/unstamps.org\\\/fr\\\/produit\\\/wangari-maathai-vi-timbre-ordinaire-e085-feuille-entiere\\\/#primaryimage\"},\"thumbnailUrl\":\"https:\\\/\\\/unstamps.org\\\/wp-content\\\/uploads\\\/2022\\\/03\\\/Wangari-FS-Web.jpg\",\"datePublished\":\"2022-03-22T06:00:08+00:00\",\"dateModified\":\"2026-01-09T17:04:17+00:00\",\"breadcrumb\":{\"@id\":\"https:\\\/\\\/unstamps.org\\\/fr\\\/produit\\\/wangari-maathai-vi-timbre-ordinaire-e085-feuille-entiere\\\/#breadcrumb\"},\"inLanguage\":\"fr-FR\",\"potentialAction\":[{\"@type\":\"ReadAction\",\"target\":[\"https:\\\/\\\/unstamps.org\\\/fr\\\/produit\\\/wangari-maathai-vi-timbre-ordinaire-e085-feuille-entiere\\\/\"]}]},{\"@type\":\"ImageObject\",\"inLanguage\":\"fr-FR\",\"@id\":\"https:\\\/\\\/unstamps.org\\\/fr\\\/produit\\\/wangari-maathai-vi-timbre-ordinaire-e085-feuille-entiere\\\/#primaryimage\",\"url\":\"https:\\\/\\\/unstamps.org\\\/wp-content\\\/uploads\\\/2022\\\/03\\\/Wangari-FS-Web.jpg\",\"contentUrl\":\"https:\\\/\\\/unstamps.org\\\/wp-content\\\/uploads\\\/2022\\\/03\\\/Wangari-FS-Web.jpg\",\"width\":1024,\"height\":1024},{\"@type\":\"BreadcrumbList\",\"@id\":\"https:\\\/\\\/unstamps.org\\\/fr\\\/produit\\\/wangari-maathai-vi-timbre-ordinaire-e085-feuille-entiere\\\/#breadcrumb\",\"itemListElement\":[{\"@type\":\"ListItem\",\"position\":1,\"name\":\"Home\",\"item\":\"https:\\\/\\\/unstamps.org\\\/fr\\\/\"},{\"@type\":\"ListItem\",\"position\":2,\"name\":\"Les produits\",\"item\":\"https:\\\/\\\/unstamps.org\\\/fr\\\/les-produits\\\/\"},{\"@type\":\"ListItem\",\"position\":3,\"name\":\"Wangari Maathai &#8211; VI Timbre Ordinaire \u2013 \u20ac0,85 &#8211; Feuille enti\u00e8re\"}]},{\"@type\":\"WebSite\",\"@id\":\"https:\\\/\\\/unstamps.org\\\/fr\\\/#website\",\"url\":\"https:\\\/\\\/unstamps.org\\\/fr\\\/\",\"name\":\"UN Stamps\",\"description\":\"United Nations Stamps\",\"publisher\":{\"@id\":\"https:\\\/\\\/unstamps.org\\\/fr\\\/#organization\"},\"potentialAction\":[{\"@type\":\"SearchAction\",\"target\":{\"@type\":\"EntryPoint\",\"urlTemplate\":\"https:\\\/\\\/unstamps.org\\\/fr\\\/?s={search_term_string}\"},\"query-input\":{\"@type\":\"PropertyValueSpecification\",\"valueRequired\":true,\"valueName\":\"search_term_string\"}}],\"inLanguage\":\"fr-FR\"},{\"@type\":\"Organization\",\"@id\":\"https:\\\/\\\/unstamps.org\\\/fr\\\/#organization\",\"name\":\"UN Stamps\",\"url\":\"https:\\\/\\\/unstamps.org\\\/fr\\\/\",\"logo\":{\"@type\":\"ImageObject\",\"inLanguage\":\"fr-FR\",\"@id\":\"https:\\\/\\\/unstamps.org\\\/fr\\\/#\\\/schema\\\/logo\\\/image\\\/\",\"url\":\"https:\\\/\\\/unstamps.org\\\/wp-content\\\/uploads\\\/2014\\\/01\\\/logo4web.jpg\",\"contentUrl\":\"https:\\\/\\\/unstamps.org\\\/wp-content\\\/uploads\\\/2014\\\/01\\\/logo4web.jpg\",\"width\":2500,\"height\":250,\"caption\":\"UN Stamps\"},\"image\":{\"@id\":\"https:\\\/\\\/unstamps.org\\\/fr\\\/#\\\/schema\\\/logo\\\/image\\\/\"}}]}<\/script>\n<!-- \/ Yoast SEO plugin. -->","yoast_head_json":{"title":"Wangari Maathai - VI Timbre Ordinaire \u2013 \u20ac0,85 - Feuille enti\u00e8re - UN Timbres","robots":{"index":"index","follow":"follow","max-snippet":"max-snippet:-1","max-image-preview":"max-image-preview:large","max-video-preview":"max-video-preview:-1"},"canonical":"https:\/\/unstamps.org\/fr\/produit\/wangari-maathai-vi-timbre-ordinaire-e085-feuille-entiere\/","og_locale":"fr_FR","og_type":"article","og_title":"Wangari Maathai - VI Timbre Ordinaire \u2013 \u20ac0,85 - Feuille enti\u00e8re - UN Timbres","og_description":"Le 1er avril 2022, l\u2019APNU \u00e9mettra un timbre ordinaire pour comm\u00e9morer l\u2019anniversaire de la naissance de Wangari Maathai, qui n\u00e9e le 1er avril 1940. La citation sur le timbre, qui est en allemand, se lit comme suit : \u00ab Quand nous plantons des arbres, nous plantons les graines de la paix et de l\u2019espoir \u00bb. [&hellip;]","og_url":"https:\/\/unstamps.org\/fr\/produit\/wangari-maathai-vi-timbre-ordinaire-e085-feuille-entiere\/","og_site_name":"UN Timbres","article_modified_time":"2026-01-09T17:04:17+00:00","og_image":[{"width":1024,"height":1024,"url":"https:\/\/unstamps.org\/wp-content\/uploads\/2022\/03\/Wangari-FS-Web.jpg","type":"image\/jpeg"}],"twitter_card":"summary_large_image","twitter_misc":{"Dur\u00e9e de lecture estim\u00e9e":"2 minutes"},"schema":{"@context":"https:\/\/schema.org","@graph":[{"@type":"WebPage","@id":"https:\/\/unstamps.org\/fr\/produit\/wangari-maathai-vi-timbre-ordinaire-e085-feuille-entiere\/","url":"https:\/\/unstamps.org\/fr\/produit\/wangari-maathai-vi-timbre-ordinaire-e085-feuille-entiere\/","name":"Wangari Maathai - VI Timbre Ordinaire \u2013 \u20ac0,85 - Feuille enti\u00e8re - UN Timbres","isPartOf":{"@id":"https:\/\/unstamps.org\/fr\/#website"},"primaryImageOfPage":{"@id":"https:\/\/unstamps.org\/fr\/produit\/wangari-maathai-vi-timbre-ordinaire-e085-feuille-entiere\/#primaryimage"},"image":{"@id":"https:\/\/unstamps.org\/fr\/produit\/wangari-maathai-vi-timbre-ordinaire-e085-feuille-entiere\/#primaryimage"},"thumbnailUrl":"https:\/\/unstamps.org\/wp-content\/uploads\/2022\/03\/Wangari-FS-Web.jpg","datePublished":"2022-03-22T06:00:08+00:00","dateModified":"2026-01-09T17:04:17+00:00","breadcrumb":{"@id":"https:\/\/unstamps.org\/fr\/produit\/wangari-maathai-vi-timbre-ordinaire-e085-feuille-entiere\/#breadcrumb"},"inLanguage":"fr-FR","potentialAction":[{"@type":"ReadAction","target":["https:\/\/unstamps.org\/fr\/produit\/wangari-maathai-vi-timbre-ordinaire-e085-feuille-entiere\/"]}]},{"@type":"ImageObject","inLanguage":"fr-FR","@id":"https:\/\/unstamps.org\/fr\/produit\/wangari-maathai-vi-timbre-ordinaire-e085-feuille-entiere\/#primaryimage","url":"https:\/\/unstamps.org\/wp-content\/uploads\/2022\/03\/Wangari-FS-Web.jpg","contentUrl":"https:\/\/unstamps.org\/wp-content\/uploads\/2022\/03\/Wangari-FS-Web.jpg","width":1024,"height":1024},{"@type":"BreadcrumbList","@id":"https:\/\/unstamps.org\/fr\/produit\/wangari-maathai-vi-timbre-ordinaire-e085-feuille-entiere\/#breadcrumb","itemListElement":[{"@type":"ListItem","position":1,"name":"Home","item":"https:\/\/unstamps.org\/fr\/"},{"@type":"ListItem","position":2,"name":"Les produits","item":"https:\/\/unstamps.org\/fr\/les-produits\/"},{"@type":"ListItem","position":3,"name":"Wangari Maathai &#8211; VI Timbre Ordinaire \u2013 \u20ac0,85 &#8211; Feuille enti\u00e8re"}]},{"@type":"WebSite","@id":"https:\/\/unstamps.org\/fr\/#website","url":"https:\/\/unstamps.org\/fr\/","name":"UN Stamps","description":"United Nations Stamps","publisher":{"@id":"https:\/\/unstamps.org\/fr\/#organization"},"potentialAction":[{"@type":"SearchAction","target":{"@type":"EntryPoint","urlTemplate":"https:\/\/unstamps.org\/fr\/?s={search_term_string}"},"query-input":{"@type":"PropertyValueSpecification","valueRequired":true,"valueName":"search_term_string"}}],"inLanguage":"fr-FR"},{"@type":"Organization","@id":"https:\/\/unstamps.org\/fr\/#organization","name":"UN Stamps","url":"https:\/\/unstamps.org\/fr\/","logo":{"@type":"ImageObject","inLanguage":"fr-FR","@id":"https:\/\/unstamps.org\/fr\/#\/schema\/logo\/image\/","url":"https:\/\/unstamps.org\/wp-content\/uploads\/2014\/01\/logo4web.jpg","contentUrl":"https:\/\/unstamps.org\/wp-content\/uploads\/2014\/01\/logo4web.jpg","width":2500,"height":250,"caption":"UN Stamps"},"image":{"@id":"https:\/\/unstamps.org\/fr\/#\/schema\/logo\/image\/"}}]}},"jetpack_sharing_enabled":true,"publishpress_future_action":{"enabled":false,"date":"2026-04-15 06:35:20","action":"change-status","newStatus":"private","terms":[],"taxonomy":"product_cat","extraData":[]},"publishpress_future_workflow_manual_trigger":{"enabledWorkflows":[]},"_links":{"self":[{"href":"https:\/\/unstamps.org\/fr\/wp-json\/wp\/v2\/product\/163982","targetHints":{"allow":["GET"]}}],"collection":[{"href":"https:\/\/unstamps.org\/fr\/wp-json\/wp\/v2\/product"}],"about":[{"href":"https:\/\/unstamps.org\/fr\/wp-json\/wp\/v2\/types\/product"}],"replies":[{"embeddable":true,"href":"https:\/\/unstamps.org\/fr\/wp-json\/wp\/v2\/comments?post=163982"}],"wp:featuredmedia":[{"embeddable":true,"href":"https:\/\/unstamps.org\/fr\/wp-json\/wp\/v2\/media\/164006"}],"wp:attachment":[{"href":"https:\/\/unstamps.org\/fr\/wp-json\/wp\/v2\/media?parent=163982"}],"wp:term":[{"taxonomy":"product_brand","embeddable":true,"href":"https:\/\/unstamps.org\/fr\/wp-json\/wp\/v2\/product_brand?post=163982"},{"taxonomy":"product_cat","embeddable":true,"href":"https:\/\/unstamps.org\/fr\/wp-json\/wp\/v2\/product_cat?post=163982"},{"taxonomy":"product_tag","embeddable":true,"href":"https:\/\/unstamps.org\/fr\/wp-json\/wp\/v2\/product_tag?post=163982"}],"curies":[{"name":"wp","href":"https:\/\/api.w.org\/{rel}","templated":true}]}}