{"id":155684,"date":"2021-08-11T11:32:27","date_gmt":"2021-08-11T15:33:25","guid":{"rendered":"https:\/\/unstamps.org\/?post_type=product&#038;p=155684"},"modified":"2026-01-09T10:26:25","modified_gmt":"2026-01-09T15:26:25","slug":"mere-teresa-ny-timbre-ordinaire-us-180","status":"publish","type":"product","link":"https:\/\/unstamps.org\/fr\/produit\/mere-teresa-ny-timbre-ordinaire-us-180\/","title":{"rendered":"M\u00e8re Teresa \u2013 NY Timbre Ordinaire \u2013 US$ 1,80"},"content":{"rendered":"<p>Le 12 ao\u00fbt 2021, l\u2019APNU \u00e9met un timbre d\u00e9finitif en l\u2019honneur de M\u00e8re Teresa.<br \/>\nLa citation sur le timbre, qui est en anglais, se traduit comme suit : \u00ab Nous ne pouvons pas tous faire de grandes choses. Mais nous pouvons faire de petites choses avec beaucoup d\u2019amour. \u00bb<\/p>\n<p>M\u00e8re Teresa, religieuse et missionnaire de renom, est n\u00e9e Agnes Gonxha Bojaxhiu en Mac\u00e9doine en 1910. Sa famille \u00e9tait d\u2019origine albanaise. \u00c0 l\u2019\u00e2ge de douze ans, elle ressentait fortement l\u2019appel de Dieu et savait qu\u2019elle voulait \u00eatre missionnaire. \u00c0 l\u2019\u00e2ge de dix-huit ans, elle se rend en Inde, o\u00f9 elle se consacre \u00e0 aider les indigents. En 1948, elle est devenue citoyenne indienne et a fond\u00e9 l\u2019ordre des Missionnaires de la Charit\u00e9 \u00e0 Kolkota (Calcutta) en 1950, qui devint renomm\u00e9 pour l\u2019aide qu\u2019il apporta au plus pauvres et auxmourants dans la r\u00e9gion.<\/p>\n<p>Pendant plus de 45 ans, elle a servi les pauvres, les malades, les orphelins et les mourants, tout en guidant l\u2019expansion des Missionnaires de la Charit\u00e9, d\u2019abord en Inde, puis dans d\u2019autres pays, y compris la construction d\u2019hospices et de foyers pour les plus pauvres et les sans-abris. <\/p>\n<p>Le travail de M\u00e8re Teresa a \u00e9t\u00e9 reconnu et acclam\u00e9 dans le monde entier. Elle a re\u00e7u de nombreux prix et distinctions, dont le prix Nobel de la paix en 1979 \u00ab pour le travail entrepris dans la lutte pour vaincre la pauvret\u00e9 et la d\u00e9tresse, qui constituent \u00e9galement une menace pour la paix \u00bb. <\/p>\n<p>M\u00e8re Teresa est d\u00e9c\u00e9d\u00e9e le 5 septembre 1997, \u00e0 l\u2019\u00e2ge de 87 ans. Les Nations Unies ont d\u00e9sign\u00e9 le 5 septembre de chaque ann\u00e9e comme journ\u00e9e internationale de la charit\u00e9, qui est l\u2019anniversaire de la mort de M\u00e8re Teresa.<\/p>\n<p><strong>Date d\u2019\u00e9mission:<\/strong> 12 ao\u00fbt 2021<br \/>\n<strong>Artiste:<\/strong>Martin M\u00f6rck (Norv\u00e8ge)<br \/>\n<strong>Dessin:<\/strong>Rorie Katz (Nations Unies)<br \/>\n<strong>Valeur:<\/strong> US$ 1,80<br \/>\n<strong>Format de timbres:<\/strong> 50mm x 35mm<br \/>\n<strong>Timbres par feuille:\u00a0<\/strong>20<br \/>\n<strong>Imprimeur:<\/strong> Joh Ensched\u00e9 Stamps BV (Pays-Bas)<br \/>\n<strong>Reproduction:<\/strong> Lithografie offset avec Duotone<br \/>\n<strong>Dentelure:<\/strong> 14 x 14 \u00bc<br \/>\n<strong>Tirage des timbres:\u00a0<\/strong>8.000 feuilles (160.000 timbres)<\/p>\n","protected":false},"excerpt":{"rendered":"<p>Le 12 ao\u00fbt 2021, l\u2019APNU \u00e9met un timbre d\u00e9finitif en l\u2019honneur de M\u00e8re Teresa. La citation sur le timbre, qui est en anglais, se traduit comme suit : \u00ab Nous ne pouvons pas tous faire de grandes choses. Mais nous pouvons faire de petites choses avec beaucoup d\u2019amour. \u00bb M\u00e8re Teresa, religieuse et missionnaire de [&hellip;]<\/p>\n","protected":false},"featured_media":155783,"comment_status":"closed","ping_status":"closed","template":"","meta":{"ngg_post_thumbnail":0},"product_brand":[],"product_cat":[1083,140,143,153],"product_tag":[],"class_list":{"0":"post-155684","1":"product","2":"type-product","3":"status-publish","4":"has-post-thumbnail","6":"product_cat-2021-annee","7":"product_cat-new-york-issuing-office-fr","8":"product_cat-timbres-individuels","9":"product_cat-timbres-ordinaires","10":"pa_condition-cancelled-fr","11":"pa_condition-mint-fr","13":"first","14":"instock","15":"shipping-taxable","16":"purchasable","17":"product-type-variable"},"yoast_head":"<!-- This site is optimized with the Yoast SEO plugin v27.3 - https:\/\/yoast.com\/product\/yoast-seo-wordpress\/ -->\n<title>M\u00e8re Teresa \u2013 NY Timbre Ordinaire \u2013 US$ 1,80 - UN Timbres<\/title>\n<meta name=\"robots\" content=\"index, follow, max-snippet:-1, max-image-preview:large, max-video-preview:-1\" \/>\n<link rel=\"canonical\" href=\"https:\/\/unstamps.org\/fr\/produit\/mere-teresa-ny-timbre-ordinaire-us-180\/\" \/>\n<meta property=\"og:locale\" content=\"fr_FR\" \/>\n<meta property=\"og:type\" content=\"article\" \/>\n<meta property=\"og:title\" content=\"M\u00e8re Teresa \u2013 NY Timbre Ordinaire \u2013 US$ 1,80 - UN Timbres\" \/>\n<meta property=\"og:description\" content=\"Le 12 ao\u00fbt 2021, l\u2019APNU \u00e9met un timbre d\u00e9finitif en l\u2019honneur de M\u00e8re Teresa. La citation sur le timbre, qui est en anglais, se traduit comme suit : \u00ab Nous ne pouvons pas tous faire de grandes choses. Mais nous pouvons faire de petites choses avec beaucoup d\u2019amour. \u00bb M\u00e8re Teresa, religieuse et missionnaire de [&hellip;]\" \/>\n<meta property=\"og:url\" content=\"https:\/\/unstamps.org\/fr\/produit\/mere-teresa-ny-timbre-ordinaire-us-180\/\" \/>\n<meta property=\"og:site_name\" content=\"UN Timbres\" \/>\n<meta property=\"article:modified_time\" content=\"2026-01-09T15:26:25+00:00\" \/>\n<meta property=\"og:image\" content=\"https:\/\/unstamps.org\/wp-content\/uploads\/2021\/08\/Mother-Teresa-Single-Web.jpg\" \/>\n\t<meta property=\"og:image:width\" content=\"1024\" \/>\n\t<meta property=\"og:image:height\" content=\"1024\" \/>\n\t<meta property=\"og:image:type\" content=\"image\/jpeg\" \/>\n<meta name=\"twitter:card\" content=\"summary_large_image\" \/>\n<meta name=\"twitter:label1\" content=\"Dur\u00e9e de lecture estim\u00e9e\" \/>\n\t<meta name=\"twitter:data1\" content=\"2 minutes\" \/>\n<script type=\"application\/ld+json\" class=\"yoast-schema-graph\">{\"@context\":\"https:\\\/\\\/schema.org\",\"@graph\":[{\"@type\":\"WebPage\",\"@id\":\"https:\\\/\\\/unstamps.org\\\/fr\\\/produit\\\/mere-teresa-ny-timbre-ordinaire-us-180\\\/\",\"url\":\"https:\\\/\\\/unstamps.org\\\/fr\\\/produit\\\/mere-teresa-ny-timbre-ordinaire-us-180\\\/\",\"name\":\"M\u00e8re Teresa \u2013 NY Timbre Ordinaire \u2013 US$ 1,80 - UN Timbres\",\"isPartOf\":{\"@id\":\"https:\\\/\\\/unstamps.org\\\/fr\\\/#website\"},\"primaryImageOfPage\":{\"@id\":\"https:\\\/\\\/unstamps.org\\\/fr\\\/produit\\\/mere-teresa-ny-timbre-ordinaire-us-180\\\/#primaryimage\"},\"image\":{\"@id\":\"https:\\\/\\\/unstamps.org\\\/fr\\\/produit\\\/mere-teresa-ny-timbre-ordinaire-us-180\\\/#primaryimage\"},\"thumbnailUrl\":\"https:\\\/\\\/unstamps.org\\\/wp-content\\\/uploads\\\/2021\\\/08\\\/Mother-Teresa-Single-Web.jpg\",\"datePublished\":\"2021-08-11T15:33:25+00:00\",\"dateModified\":\"2026-01-09T15:26:25+00:00\",\"breadcrumb\":{\"@id\":\"https:\\\/\\\/unstamps.org\\\/fr\\\/produit\\\/mere-teresa-ny-timbre-ordinaire-us-180\\\/#breadcrumb\"},\"inLanguage\":\"fr-FR\",\"potentialAction\":[{\"@type\":\"ReadAction\",\"target\":[\"https:\\\/\\\/unstamps.org\\\/fr\\\/produit\\\/mere-teresa-ny-timbre-ordinaire-us-180\\\/\"]}]},{\"@type\":\"ImageObject\",\"inLanguage\":\"fr-FR\",\"@id\":\"https:\\\/\\\/unstamps.org\\\/fr\\\/produit\\\/mere-teresa-ny-timbre-ordinaire-us-180\\\/#primaryimage\",\"url\":\"https:\\\/\\\/unstamps.org\\\/wp-content\\\/uploads\\\/2021\\\/08\\\/Mother-Teresa-Single-Web.jpg\",\"contentUrl\":\"https:\\\/\\\/unstamps.org\\\/wp-content\\\/uploads\\\/2021\\\/08\\\/Mother-Teresa-Single-Web.jpg\",\"width\":1024,\"height\":1024},{\"@type\":\"BreadcrumbList\",\"@id\":\"https:\\\/\\\/unstamps.org\\\/fr\\\/produit\\\/mere-teresa-ny-timbre-ordinaire-us-180\\\/#breadcrumb\",\"itemListElement\":[{\"@type\":\"ListItem\",\"position\":1,\"name\":\"Home\",\"item\":\"https:\\\/\\\/unstamps.org\\\/fr\\\/\"},{\"@type\":\"ListItem\",\"position\":2,\"name\":\"Les produits\",\"item\":\"https:\\\/\\\/unstamps.org\\\/fr\\\/les-produits\\\/\"},{\"@type\":\"ListItem\",\"position\":3,\"name\":\"M\u00e8re Teresa \u2013 NY Timbre Ordinaire \u2013 US$ 1,80\"}]},{\"@type\":\"WebSite\",\"@id\":\"https:\\\/\\\/unstamps.org\\\/fr\\\/#website\",\"url\":\"https:\\\/\\\/unstamps.org\\\/fr\\\/\",\"name\":\"UN Stamps\",\"description\":\"United Nations Stamps\",\"publisher\":{\"@id\":\"https:\\\/\\\/unstamps.org\\\/fr\\\/#organization\"},\"potentialAction\":[{\"@type\":\"SearchAction\",\"target\":{\"@type\":\"EntryPoint\",\"urlTemplate\":\"https:\\\/\\\/unstamps.org\\\/fr\\\/?s={search_term_string}\"},\"query-input\":{\"@type\":\"PropertyValueSpecification\",\"valueRequired\":true,\"valueName\":\"search_term_string\"}}],\"inLanguage\":\"fr-FR\"},{\"@type\":\"Organization\",\"@id\":\"https:\\\/\\\/unstamps.org\\\/fr\\\/#organization\",\"name\":\"UN Stamps\",\"url\":\"https:\\\/\\\/unstamps.org\\\/fr\\\/\",\"logo\":{\"@type\":\"ImageObject\",\"inLanguage\":\"fr-FR\",\"@id\":\"https:\\\/\\\/unstamps.org\\\/fr\\\/#\\\/schema\\\/logo\\\/image\\\/\",\"url\":\"https:\\\/\\\/unstamps.org\\\/wp-content\\\/uploads\\\/2014\\\/01\\\/logo4web.jpg\",\"contentUrl\":\"https:\\\/\\\/unstamps.org\\\/wp-content\\\/uploads\\\/2014\\\/01\\\/logo4web.jpg\",\"width\":2500,\"height\":250,\"caption\":\"UN Stamps\"},\"image\":{\"@id\":\"https:\\\/\\\/unstamps.org\\\/fr\\\/#\\\/schema\\\/logo\\\/image\\\/\"}}]}<\/script>\n<!-- \/ Yoast SEO plugin. -->","yoast_head_json":{"title":"M\u00e8re Teresa \u2013 NY Timbre Ordinaire \u2013 US$ 1,80 - UN Timbres","robots":{"index":"index","follow":"follow","max-snippet":"max-snippet:-1","max-image-preview":"max-image-preview:large","max-video-preview":"max-video-preview:-1"},"canonical":"https:\/\/unstamps.org\/fr\/produit\/mere-teresa-ny-timbre-ordinaire-us-180\/","og_locale":"fr_FR","og_type":"article","og_title":"M\u00e8re Teresa \u2013 NY Timbre Ordinaire \u2013 US$ 1,80 - UN Timbres","og_description":"Le 12 ao\u00fbt 2021, l\u2019APNU \u00e9met un timbre d\u00e9finitif en l\u2019honneur de M\u00e8re Teresa. La citation sur le timbre, qui est en anglais, se traduit comme suit : \u00ab Nous ne pouvons pas tous faire de grandes choses. Mais nous pouvons faire de petites choses avec beaucoup d\u2019amour. \u00bb M\u00e8re Teresa, religieuse et missionnaire de [&hellip;]","og_url":"https:\/\/unstamps.org\/fr\/produit\/mere-teresa-ny-timbre-ordinaire-us-180\/","og_site_name":"UN Timbres","article_modified_time":"2026-01-09T15:26:25+00:00","og_image":[{"width":1024,"height":1024,"url":"https:\/\/unstamps.org\/wp-content\/uploads\/2021\/08\/Mother-Teresa-Single-Web.jpg","type":"image\/jpeg"}],"twitter_card":"summary_large_image","twitter_misc":{"Dur\u00e9e de lecture estim\u00e9e":"2 minutes"},"schema":{"@context":"https:\/\/schema.org","@graph":[{"@type":"WebPage","@id":"https:\/\/unstamps.org\/fr\/produit\/mere-teresa-ny-timbre-ordinaire-us-180\/","url":"https:\/\/unstamps.org\/fr\/produit\/mere-teresa-ny-timbre-ordinaire-us-180\/","name":"M\u00e8re Teresa \u2013 NY Timbre Ordinaire \u2013 US$ 1,80 - UN Timbres","isPartOf":{"@id":"https:\/\/unstamps.org\/fr\/#website"},"primaryImageOfPage":{"@id":"https:\/\/unstamps.org\/fr\/produit\/mere-teresa-ny-timbre-ordinaire-us-180\/#primaryimage"},"image":{"@id":"https:\/\/unstamps.org\/fr\/produit\/mere-teresa-ny-timbre-ordinaire-us-180\/#primaryimage"},"thumbnailUrl":"https:\/\/unstamps.org\/wp-content\/uploads\/2021\/08\/Mother-Teresa-Single-Web.jpg","datePublished":"2021-08-11T15:33:25+00:00","dateModified":"2026-01-09T15:26:25+00:00","breadcrumb":{"@id":"https:\/\/unstamps.org\/fr\/produit\/mere-teresa-ny-timbre-ordinaire-us-180\/#breadcrumb"},"inLanguage":"fr-FR","potentialAction":[{"@type":"ReadAction","target":["https:\/\/unstamps.org\/fr\/produit\/mere-teresa-ny-timbre-ordinaire-us-180\/"]}]},{"@type":"ImageObject","inLanguage":"fr-FR","@id":"https:\/\/unstamps.org\/fr\/produit\/mere-teresa-ny-timbre-ordinaire-us-180\/#primaryimage","url":"https:\/\/unstamps.org\/wp-content\/uploads\/2021\/08\/Mother-Teresa-Single-Web.jpg","contentUrl":"https:\/\/unstamps.org\/wp-content\/uploads\/2021\/08\/Mother-Teresa-Single-Web.jpg","width":1024,"height":1024},{"@type":"BreadcrumbList","@id":"https:\/\/unstamps.org\/fr\/produit\/mere-teresa-ny-timbre-ordinaire-us-180\/#breadcrumb","itemListElement":[{"@type":"ListItem","position":1,"name":"Home","item":"https:\/\/unstamps.org\/fr\/"},{"@type":"ListItem","position":2,"name":"Les produits","item":"https:\/\/unstamps.org\/fr\/les-produits\/"},{"@type":"ListItem","position":3,"name":"M\u00e8re Teresa \u2013 NY Timbre Ordinaire \u2013 US$ 1,80"}]},{"@type":"WebSite","@id":"https:\/\/unstamps.org\/fr\/#website","url":"https:\/\/unstamps.org\/fr\/","name":"UN Stamps","description":"United Nations Stamps","publisher":{"@id":"https:\/\/unstamps.org\/fr\/#organization"},"potentialAction":[{"@type":"SearchAction","target":{"@type":"EntryPoint","urlTemplate":"https:\/\/unstamps.org\/fr\/?s={search_term_string}"},"query-input":{"@type":"PropertyValueSpecification","valueRequired":true,"valueName":"search_term_string"}}],"inLanguage":"fr-FR"},{"@type":"Organization","@id":"https:\/\/unstamps.org\/fr\/#organization","name":"UN Stamps","url":"https:\/\/unstamps.org\/fr\/","logo":{"@type":"ImageObject","inLanguage":"fr-FR","@id":"https:\/\/unstamps.org\/fr\/#\/schema\/logo\/image\/","url":"https:\/\/unstamps.org\/wp-content\/uploads\/2014\/01\/logo4web.jpg","contentUrl":"https:\/\/unstamps.org\/wp-content\/uploads\/2014\/01\/logo4web.jpg","width":2500,"height":250,"caption":"UN Stamps"},"image":{"@id":"https:\/\/unstamps.org\/fr\/#\/schema\/logo\/image\/"}}]}},"jetpack_sharing_enabled":true,"publishpress_future_action":{"enabled":false,"date":"2026-04-19 01:57:35","action":"change-status","newStatus":"private","terms":[],"taxonomy":"product_cat","extraData":[]},"publishpress_future_workflow_manual_trigger":{"enabledWorkflows":[]},"_links":{"self":[{"href":"https:\/\/unstamps.org\/fr\/wp-json\/wp\/v2\/product\/155684","targetHints":{"allow":["GET"]}}],"collection":[{"href":"https:\/\/unstamps.org\/fr\/wp-json\/wp\/v2\/product"}],"about":[{"href":"https:\/\/unstamps.org\/fr\/wp-json\/wp\/v2\/types\/product"}],"replies":[{"embeddable":true,"href":"https:\/\/unstamps.org\/fr\/wp-json\/wp\/v2\/comments?post=155684"}],"wp:featuredmedia":[{"embeddable":true,"href":"https:\/\/unstamps.org\/fr\/wp-json\/wp\/v2\/media\/155783"}],"wp:attachment":[{"href":"https:\/\/unstamps.org\/fr\/wp-json\/wp\/v2\/media?parent=155684"}],"wp:term":[{"taxonomy":"product_brand","embeddable":true,"href":"https:\/\/unstamps.org\/fr\/wp-json\/wp\/v2\/product_brand?post=155684"},{"taxonomy":"product_cat","embeddable":true,"href":"https:\/\/unstamps.org\/fr\/wp-json\/wp\/v2\/product_cat?post=155684"},{"taxonomy":"product_tag","embeddable":true,"href":"https:\/\/unstamps.org\/fr\/wp-json\/wp\/v2\/product_tag?post=155684"}],"curies":[{"name":"wp","href":"https:\/\/api.w.org\/{rel}","templated":true}]}}