{"id":1349,"date":"2013-12-12T09:00:17","date_gmt":"2013-12-12T14:01:52","guid":{"rendered":"http:\/\/unstamps.org\/?post_type=product&#038;p=1349"},"modified":"2024-01-26T10:06:29","modified_gmt":"2024-01-26T15:06:29","slug":"e-065-2008-feuille-entiere-neuf","status":"publish","type":"product","link":"https:\/\/unstamps.org\/fr\/produit\/e-065-2008-feuille-entiere-neuf\/","title":{"rendered":"2008 VI Timbres Ordinaires \u2013 \u20ac 0,65 \u2013 Feuille Enti\u00e8re"},"content":{"rendered":"<div>\n<div id=\"prod-descr-denomination\">\n<div><strong>\u20ac 0,65 (2008) Feuille Enti\u00e8re<\/strong><\/div>\n<div><\/div>\n<div>Valeur:<\/div>\n<p>\u20ac 0,65 (feuille de 20 timbres)<\/p>\n<\/div>\n<div id=\"prod-descr-printing\">\n<div>Imprimeur:<\/div>\n<p>Lithographie offset par Joh. Ensched\u00e9 Stamps Security Printers B.V. (Pays Bas)<\/p>\n<\/div>\n<div id=\"prod-descr-quantity\">\n<div>Quantit\u00e9:<\/div>\n<p>320 000 timbres (16 000 feuilles)<\/p>\n<\/div>\n<div id=\"prod-descr-specification\">\n<div>Sp\u00e9cification:<\/div>\n<p><strong>Format:<\/strong> La feuille de timbres de \u20ac 0,65 est horizontale. Le timbre de \u20ac 0,65 est de 30 mm de haut sur 40 mm de large.<\/p>\n<p><strong>Dentelure:<\/strong> 14 x 13,25<\/p>\n<p><strong>Inscriptions marginales:<\/strong> Les quatre feuilles comportent quatre inscriptions marginales, deux dans la marge de gauche et deux dans la marge de droite. Les inscriptions marginales consistent en l&#8217;embl\u00e8me des Nations Unies, avec au-dessus les mots \u00abVereinte Nationen\u00bb, et au-dessous le mill\u00e9sime \u00ab2008\u00bb. Un symbole copyright para\u00eetra dans la marge inf\u00e9rieure \u00e0 gauche.<\/p>\n<p><strong>Dessinateur:<\/strong> Les photographies ont \u00e9t\u00e9 adapt\u00e9es par Rorie Katz (Nations Unies).<\/p>\n<\/div>\n<\/div>\n","protected":false},"excerpt":{"rendered":"<p>\u20ac 0,65 (2008) Feuille Enti\u00e8re Valeur: \u20ac 0,65 (feuille de 20 timbres) Imprimeur: Lithographie offset par Joh. Ensched\u00e9 Stamps Security Printers B.V. (Pays Bas) Quantit\u00e9: 320 000 timbres (16 000 feuilles) Sp\u00e9cification: Format: La feuille de timbres de \u20ac 0,65 est horizontale. Le timbre de \u20ac 0,65 est de 30 mm de haut sur 40 [&hellip;]<\/p>\n","protected":false},"featured_media":21506,"comment_status":"open","ping_status":"closed","template":"","meta":{"ngg_post_thumbnail":0},"product_brand":[],"product_cat":[353,222,156],"product_tag":[],"class_list":{"0":"post-1349","1":"product","2":"type-product","3":"status-publish","4":"has-post-thumbnail","6":"product_cat-2008-annee","7":"product_cat-feuille-entiere","8":"product_cat-vienne","9":"pa_condition-cancelled-fr","10":"pa_condition-mint-fr","11":"pa_condition-neuf","12":"pa_condition-oblitere-3","14":"first","15":"outofstock","16":"shipping-taxable","17":"product-type-variable"},"yoast_head":"<!-- This site is optimized with the Yoast SEO plugin v27.5 - https:\/\/yoast.com\/product\/yoast-seo-wordpress\/ -->\n<title>2008 VI Timbres Ordinaires \u2013 \u20ac 0,65 \u2013 Feuille Enti\u00e8re - UN Timbres<\/title>\n<meta name=\"robots\" content=\"index, follow, max-snippet:-1, max-image-preview:large, max-video-preview:-1\" \/>\n<link rel=\"canonical\" href=\"https:\/\/unstamps.org\/fr\/produit\/e-065-2008-feuille-entiere-neuf\/\" \/>\n<meta property=\"og:locale\" content=\"fr_FR\" \/>\n<meta property=\"og:type\" content=\"article\" \/>\n<meta property=\"og:title\" content=\"2008 VI Timbres Ordinaires \u2013 \u20ac 0,65 \u2013 Feuille Enti\u00e8re - UN Timbres\" \/>\n<meta property=\"og:description\" content=\"\u20ac 0,65 (2008) Feuille Enti\u00e8re Valeur: \u20ac 0,65 (feuille de 20 timbres) Imprimeur: Lithographie offset par Joh. Ensched\u00e9 Stamps Security Printers B.V. (Pays Bas) Quantit\u00e9: 320 000 timbres (16 000 feuilles) Sp\u00e9cification: Format: La feuille de timbres de \u20ac 0,65 est horizontale. Le timbre de \u20ac 0,65 est de 30 mm de haut sur 40 [&hellip;]\" \/>\n<meta property=\"og:url\" content=\"https:\/\/unstamps.org\/fr\/produit\/e-065-2008-feuille-entiere-neuf\/\" \/>\n<meta property=\"og:site_name\" content=\"UN Timbres\" \/>\n<meta property=\"article:modified_time\" content=\"2024-01-26T15:06:29+00:00\" \/>\n<meta property=\"og:image\" content=\"https:\/\/unstamps.org\/wp-content\/uploads\/2014\/10\/DEF08_VI_EUR0.65_fullsheet.jpg\" \/>\n\t<meta property=\"og:image:width\" content=\"1024\" \/>\n\t<meta property=\"og:image:height\" content=\"1024\" \/>\n\t<meta property=\"og:image:type\" content=\"image\/jpeg\" \/>\n<meta name=\"twitter:card\" content=\"summary_large_image\" \/>\n<meta name=\"twitter:label1\" content=\"Dur\u00e9e de lecture estim\u00e9e\" \/>\n\t<meta name=\"twitter:data1\" content=\"1 minute\" \/>\n<script type=\"application\/ld+json\" class=\"yoast-schema-graph\">{\"@context\":\"https:\\\/\\\/schema.org\",\"@graph\":[{\"@type\":\"WebPage\",\"@id\":\"https:\\\/\\\/unstamps.org\\\/fr\\\/produit\\\/e-065-2008-feuille-entiere-neuf\\\/\",\"url\":\"https:\\\/\\\/unstamps.org\\\/fr\\\/produit\\\/e-065-2008-feuille-entiere-neuf\\\/\",\"name\":\"2008 VI Timbres Ordinaires \u2013 \u20ac 0,65 \u2013 Feuille Enti\u00e8re - UN Timbres\",\"isPartOf\":{\"@id\":\"https:\\\/\\\/unstamps.org\\\/fr\\\/#website\"},\"primaryImageOfPage\":{\"@id\":\"https:\\\/\\\/unstamps.org\\\/fr\\\/produit\\\/e-065-2008-feuille-entiere-neuf\\\/#primaryimage\"},\"image\":{\"@id\":\"https:\\\/\\\/unstamps.org\\\/fr\\\/produit\\\/e-065-2008-feuille-entiere-neuf\\\/#primaryimage\"},\"thumbnailUrl\":\"https:\\\/\\\/unstamps.org\\\/wp-content\\\/uploads\\\/2014\\\/10\\\/DEF08_VI_EUR0.65_fullsheet.jpg\",\"datePublished\":\"2013-12-12T14:01:52+00:00\",\"dateModified\":\"2024-01-26T15:06:29+00:00\",\"breadcrumb\":{\"@id\":\"https:\\\/\\\/unstamps.org\\\/fr\\\/produit\\\/e-065-2008-feuille-entiere-neuf\\\/#breadcrumb\"},\"inLanguage\":\"fr-FR\",\"potentialAction\":[{\"@type\":\"ReadAction\",\"target\":[\"https:\\\/\\\/unstamps.org\\\/fr\\\/produit\\\/e-065-2008-feuille-entiere-neuf\\\/\"]}]},{\"@type\":\"ImageObject\",\"inLanguage\":\"fr-FR\",\"@id\":\"https:\\\/\\\/unstamps.org\\\/fr\\\/produit\\\/e-065-2008-feuille-entiere-neuf\\\/#primaryimage\",\"url\":\"https:\\\/\\\/unstamps.org\\\/wp-content\\\/uploads\\\/2014\\\/10\\\/DEF08_VI_EUR0.65_fullsheet.jpg\",\"contentUrl\":\"https:\\\/\\\/unstamps.org\\\/wp-content\\\/uploads\\\/2014\\\/10\\\/DEF08_VI_EUR0.65_fullsheet.jpg\",\"width\":1024,\"height\":1024},{\"@type\":\"BreadcrumbList\",\"@id\":\"https:\\\/\\\/unstamps.org\\\/fr\\\/produit\\\/e-065-2008-feuille-entiere-neuf\\\/#breadcrumb\",\"itemListElement\":[{\"@type\":\"ListItem\",\"position\":1,\"name\":\"Home\",\"item\":\"https:\\\/\\\/unstamps.org\\\/fr\\\/\"},{\"@type\":\"ListItem\",\"position\":2,\"name\":\"Les produits\",\"item\":\"https:\\\/\\\/unstamps.org\\\/fr\\\/les-produits\\\/\"},{\"@type\":\"ListItem\",\"position\":3,\"name\":\"2008 VI Timbres Ordinaires \u2013 \u20ac 0,65 \u2013 Feuille Enti\u00e8re\"}]},{\"@type\":\"WebSite\",\"@id\":\"https:\\\/\\\/unstamps.org\\\/fr\\\/#website\",\"url\":\"https:\\\/\\\/unstamps.org\\\/fr\\\/\",\"name\":\"UN Stamps\",\"description\":\"United Nations Stamps\",\"publisher\":{\"@id\":\"https:\\\/\\\/unstamps.org\\\/fr\\\/#organization\"},\"potentialAction\":[{\"@type\":\"SearchAction\",\"target\":{\"@type\":\"EntryPoint\",\"urlTemplate\":\"https:\\\/\\\/unstamps.org\\\/fr\\\/?s={search_term_string}\"},\"query-input\":{\"@type\":\"PropertyValueSpecification\",\"valueRequired\":true,\"valueName\":\"search_term_string\"}}],\"inLanguage\":\"fr-FR\"},{\"@type\":\"Organization\",\"@id\":\"https:\\\/\\\/unstamps.org\\\/fr\\\/#organization\",\"name\":\"UN Stamps\",\"url\":\"https:\\\/\\\/unstamps.org\\\/fr\\\/\",\"logo\":{\"@type\":\"ImageObject\",\"inLanguage\":\"fr-FR\",\"@id\":\"https:\\\/\\\/unstamps.org\\\/fr\\\/#\\\/schema\\\/logo\\\/image\\\/\",\"url\":\"https:\\\/\\\/unstamps.org\\\/wp-content\\\/uploads\\\/2014\\\/01\\\/logo4web.jpg\",\"contentUrl\":\"https:\\\/\\\/unstamps.org\\\/wp-content\\\/uploads\\\/2014\\\/01\\\/logo4web.jpg\",\"width\":2500,\"height\":250,\"caption\":\"UN Stamps\"},\"image\":{\"@id\":\"https:\\\/\\\/unstamps.org\\\/fr\\\/#\\\/schema\\\/logo\\\/image\\\/\"}}]}<\/script>\n<!-- \/ Yoast SEO plugin. -->","yoast_head_json":{"title":"2008 VI Timbres Ordinaires \u2013 \u20ac 0,65 \u2013 Feuille Enti\u00e8re - UN Timbres","robots":{"index":"index","follow":"follow","max-snippet":"max-snippet:-1","max-image-preview":"max-image-preview:large","max-video-preview":"max-video-preview:-1"},"canonical":"https:\/\/unstamps.org\/fr\/produit\/e-065-2008-feuille-entiere-neuf\/","og_locale":"fr_FR","og_type":"article","og_title":"2008 VI Timbres Ordinaires \u2013 \u20ac 0,65 \u2013 Feuille Enti\u00e8re - UN Timbres","og_description":"\u20ac 0,65 (2008) Feuille Enti\u00e8re Valeur: \u20ac 0,65 (feuille de 20 timbres) Imprimeur: Lithographie offset par Joh. Ensched\u00e9 Stamps Security Printers B.V. (Pays Bas) Quantit\u00e9: 320 000 timbres (16 000 feuilles) Sp\u00e9cification: Format: La feuille de timbres de \u20ac 0,65 est horizontale. Le timbre de \u20ac 0,65 est de 30 mm de haut sur 40 [&hellip;]","og_url":"https:\/\/unstamps.org\/fr\/produit\/e-065-2008-feuille-entiere-neuf\/","og_site_name":"UN Timbres","article_modified_time":"2024-01-26T15:06:29+00:00","og_image":[{"width":1024,"height":1024,"url":"https:\/\/unstamps.org\/wp-content\/uploads\/2014\/10\/DEF08_VI_EUR0.65_fullsheet.jpg","type":"image\/jpeg"}],"twitter_card":"summary_large_image","twitter_misc":{"Dur\u00e9e de lecture estim\u00e9e":"1 minute"},"schema":{"@context":"https:\/\/schema.org","@graph":[{"@type":"WebPage","@id":"https:\/\/unstamps.org\/fr\/produit\/e-065-2008-feuille-entiere-neuf\/","url":"https:\/\/unstamps.org\/fr\/produit\/e-065-2008-feuille-entiere-neuf\/","name":"2008 VI Timbres Ordinaires \u2013 \u20ac 0,65 \u2013 Feuille Enti\u00e8re - UN Timbres","isPartOf":{"@id":"https:\/\/unstamps.org\/fr\/#website"},"primaryImageOfPage":{"@id":"https:\/\/unstamps.org\/fr\/produit\/e-065-2008-feuille-entiere-neuf\/#primaryimage"},"image":{"@id":"https:\/\/unstamps.org\/fr\/produit\/e-065-2008-feuille-entiere-neuf\/#primaryimage"},"thumbnailUrl":"https:\/\/unstamps.org\/wp-content\/uploads\/2014\/10\/DEF08_VI_EUR0.65_fullsheet.jpg","datePublished":"2013-12-12T14:01:52+00:00","dateModified":"2024-01-26T15:06:29+00:00","breadcrumb":{"@id":"https:\/\/unstamps.org\/fr\/produit\/e-065-2008-feuille-entiere-neuf\/#breadcrumb"},"inLanguage":"fr-FR","potentialAction":[{"@type":"ReadAction","target":["https:\/\/unstamps.org\/fr\/produit\/e-065-2008-feuille-entiere-neuf\/"]}]},{"@type":"ImageObject","inLanguage":"fr-FR","@id":"https:\/\/unstamps.org\/fr\/produit\/e-065-2008-feuille-entiere-neuf\/#primaryimage","url":"https:\/\/unstamps.org\/wp-content\/uploads\/2014\/10\/DEF08_VI_EUR0.65_fullsheet.jpg","contentUrl":"https:\/\/unstamps.org\/wp-content\/uploads\/2014\/10\/DEF08_VI_EUR0.65_fullsheet.jpg","width":1024,"height":1024},{"@type":"BreadcrumbList","@id":"https:\/\/unstamps.org\/fr\/produit\/e-065-2008-feuille-entiere-neuf\/#breadcrumb","itemListElement":[{"@type":"ListItem","position":1,"name":"Home","item":"https:\/\/unstamps.org\/fr\/"},{"@type":"ListItem","position":2,"name":"Les produits","item":"https:\/\/unstamps.org\/fr\/les-produits\/"},{"@type":"ListItem","position":3,"name":"2008 VI Timbres Ordinaires \u2013 \u20ac 0,65 \u2013 Feuille Enti\u00e8re"}]},{"@type":"WebSite","@id":"https:\/\/unstamps.org\/fr\/#website","url":"https:\/\/unstamps.org\/fr\/","name":"UN Stamps","description":"United Nations Stamps","publisher":{"@id":"https:\/\/unstamps.org\/fr\/#organization"},"potentialAction":[{"@type":"SearchAction","target":{"@type":"EntryPoint","urlTemplate":"https:\/\/unstamps.org\/fr\/?s={search_term_string}"},"query-input":{"@type":"PropertyValueSpecification","valueRequired":true,"valueName":"search_term_string"}}],"inLanguage":"fr-FR"},{"@type":"Organization","@id":"https:\/\/unstamps.org\/fr\/#organization","name":"UN Stamps","url":"https:\/\/unstamps.org\/fr\/","logo":{"@type":"ImageObject","inLanguage":"fr-FR","@id":"https:\/\/unstamps.org\/fr\/#\/schema\/logo\/image\/","url":"https:\/\/unstamps.org\/wp-content\/uploads\/2014\/01\/logo4web.jpg","contentUrl":"https:\/\/unstamps.org\/wp-content\/uploads\/2014\/01\/logo4web.jpg","width":2500,"height":250,"caption":"UN Stamps"},"image":{"@id":"https:\/\/unstamps.org\/fr\/#\/schema\/logo\/image\/"}}]}},"jetpack_sharing_enabled":true,"publishpress_future_action":{"enabled":false,"date":"2026-05-07 16:27:24","action":"change-status","newStatus":"private","terms":[],"taxonomy":"product_cat","extraData":[]},"publishpress_future_workflow_manual_trigger":{"enabledWorkflows":[]},"_links":{"self":[{"href":"https:\/\/unstamps.org\/fr\/wp-json\/wp\/v2\/product\/1349","targetHints":{"allow":["GET"]}}],"collection":[{"href":"https:\/\/unstamps.org\/fr\/wp-json\/wp\/v2\/product"}],"about":[{"href":"https:\/\/unstamps.org\/fr\/wp-json\/wp\/v2\/types\/product"}],"replies":[{"embeddable":true,"href":"https:\/\/unstamps.org\/fr\/wp-json\/wp\/v2\/comments?post=1349"}],"wp:featuredmedia":[{"embeddable":true,"href":"https:\/\/unstamps.org\/fr\/wp-json\/wp\/v2\/media\/21506"}],"wp:attachment":[{"href":"https:\/\/unstamps.org\/fr\/wp-json\/wp\/v2\/media?parent=1349"}],"wp:term":[{"taxonomy":"product_brand","embeddable":true,"href":"https:\/\/unstamps.org\/fr\/wp-json\/wp\/v2\/product_brand?post=1349"},{"taxonomy":"product_cat","embeddable":true,"href":"https:\/\/unstamps.org\/fr\/wp-json\/wp\/v2\/product_cat?post=1349"},{"taxonomy":"product_tag","embeddable":true,"href":"https:\/\/unstamps.org\/fr\/wp-json\/wp\/v2\/product_tag?post=1349"}],"curies":[{"name":"wp","href":"https:\/\/api.w.org\/{rel}","templated":true}]}}