{"id":121931,"date":"2020-11-23T10:39:42","date_gmt":"2020-11-23T15:42:11","guid":{"rendered":"https:\/\/unstamps.org\/?post_type=product&#038;p=121931"},"modified":"2026-01-09T10:54:31","modified_gmt":"2026-01-09T15:54:31","slug":"crypto-onu-e-7-00-feuille-miniature","status":"publish","type":"product","link":"https:\/\/unstamps.org\/fr\/produit\/crypto-onu-e-7-00-feuille-miniature\/","title":{"rendered":"CRYPTO ONU &#8211; \u20ac 7.00 Feuille miniature"},"content":{"rendered":"<p>Pour en savoir davantage sur les timbres crypto des Nations Unies et la mani\u00e8re de les obtenir, veuillez consulter le site <a href=\"https:\/\/unstamps.org\/crypto\/\" target=\"_blank\" rel=\"noopener noreferrer\">https:\/\/crypto.unstamps.org\/<\/a>.<\/p>\n<p><em><strong>Veuillez noter qu\u2019il n\u2019y a pas d\u2019\u00e9change ou de retour des produits des timbres crypto, s\u2019il y a des dommages \u00e0 la zone \u00e0 gratter et\/ou si le code est r\u00e9v\u00e9l\u00e9.<\/strong><\/em><\/p>\n<p><strong>Date d\u2019\u00e9mission:<\/strong> 24 novembre 2020<br \/>\n<strong>Dessinateur:<\/strong> Sergio Baradat (Nations Unies)<br \/>\n<strong>Valeur:<\/strong> \u20ac 7,00<br \/>\n<strong>Format de timbre:<\/strong> 25 mm x 35 mm<br \/>\n<strong>Format de feuille:<\/strong> 84 mm x 55 mm<br \/>\n<strong>Format d\u2019\u00e9mission:<\/strong> Feuille miniature d&#8217;une timbres<br \/>\n<strong>Imprimeur:<\/strong> Royal Joh Ensched\u00e9 (Pays-Bas)<br \/>\n<strong>Reproduction:<\/strong> Hexachrome, foil<br \/>\n<strong>Tirage:<\/strong> 30.000 feuiles miniatures<\/p>\n","protected":false},"excerpt":{"rendered":"<p>Pour en savoir davantage sur les timbres crypto des Nations Unies et la mani\u00e8re de les obtenir, veuillez consulter le site https:\/\/crypto.unstamps.org\/. Veuillez noter qu\u2019il n\u2019y a pas d\u2019\u00e9change ou de retour des produits des timbres crypto, s\u2019il y a des dommages \u00e0 la zone \u00e0 gratter et\/ou si le code est r\u00e9v\u00e9l\u00e9. Date d\u2019\u00e9mission: [&hellip;]<\/p>\n","protected":false},"featured_media":122787,"comment_status":"closed","ping_status":"closed","template":"","meta":{"ngg_post_thumbnail":0},"product_brand":[],"product_cat":[1032,2926,174,156],"product_tag":[],"class_list":{"0":"post-121931","1":"product","2":"type-product","3":"status-publish","4":"has-post-thumbnail","6":"product_cat-2020_fr","7":"product_cat-crypto-fr","8":"product_cat-feuilles-miniature","9":"product_cat-vienne","10":"pa_condition-cancelled-fr","11":"pa_condition-mint-fr","13":"first","14":"instock","15":"shipping-taxable","16":"purchasable","17":"product-type-variable","18":"has-default-attributes"},"yoast_head":"<!-- This site is optimized with the Yoast SEO plugin v27.3 - https:\/\/yoast.com\/product\/yoast-seo-wordpress\/ -->\n<title>CRYPTO ONU &#8211; \u20ac 7.00 Feuille miniature - UN Timbres<\/title>\n<meta name=\"robots\" content=\"index, follow, max-snippet:-1, max-image-preview:large, max-video-preview:-1\" \/>\n<link rel=\"canonical\" href=\"https:\/\/unstamps.org\/fr\/produit\/crypto-onu-e-7-00-feuille-miniature\/\" \/>\n<meta property=\"og:locale\" content=\"fr_FR\" \/>\n<meta property=\"og:type\" content=\"article\" \/>\n<meta property=\"og:title\" content=\"CRYPTO ONU &#8211; \u20ac 7.00 Feuille miniature - UN Timbres\" \/>\n<meta property=\"og:description\" content=\"Pour en savoir davantage sur les timbres crypto des Nations Unies et la mani\u00e8re de les obtenir, veuillez consulter le site https:\/\/crypto.unstamps.org\/. Veuillez noter qu\u2019il n\u2019y a pas d\u2019\u00e9change ou de retour des produits des timbres crypto, s\u2019il y a des dommages \u00e0 la zone \u00e0 gratter et\/ou si le code est r\u00e9v\u00e9l\u00e9. Date d\u2019\u00e9mission: [&hellip;]\" \/>\n<meta property=\"og:url\" content=\"https:\/\/unstamps.org\/fr\/produit\/crypto-onu-e-7-00-feuille-miniature\/\" \/>\n<meta property=\"og:site_name\" content=\"UN Timbres\" \/>\n<meta property=\"article:modified_time\" content=\"2026-01-09T15:54:31+00:00\" \/>\n<meta property=\"og:image\" content=\"https:\/\/unstamps.org\/wp-content\/uploads\/2020\/11\/Crypto-VI-Sheet.jpg\" \/>\n\t<meta property=\"og:image:width\" content=\"1024\" \/>\n\t<meta property=\"og:image:height\" content=\"1024\" \/>\n\t<meta property=\"og:image:type\" content=\"image\/jpeg\" \/>\n<meta name=\"twitter:card\" content=\"summary_large_image\" \/>\n<meta name=\"twitter:label1\" content=\"Dur\u00e9e de lecture estim\u00e9e\" \/>\n\t<meta name=\"twitter:data1\" content=\"1 minute\" \/>\n<script type=\"application\/ld+json\" class=\"yoast-schema-graph\">{\"@context\":\"https:\\\/\\\/schema.org\",\"@graph\":[{\"@type\":\"WebPage\",\"@id\":\"https:\\\/\\\/unstamps.org\\\/fr\\\/produit\\\/crypto-onu-e-7-00-feuille-miniature\\\/\",\"url\":\"https:\\\/\\\/unstamps.org\\\/fr\\\/produit\\\/crypto-onu-e-7-00-feuille-miniature\\\/\",\"name\":\"CRYPTO ONU &#8211; \u20ac 7.00 Feuille miniature - UN Timbres\",\"isPartOf\":{\"@id\":\"https:\\\/\\\/unstamps.org\\\/fr\\\/#website\"},\"primaryImageOfPage\":{\"@id\":\"https:\\\/\\\/unstamps.org\\\/fr\\\/produit\\\/crypto-onu-e-7-00-feuille-miniature\\\/#primaryimage\"},\"image\":{\"@id\":\"https:\\\/\\\/unstamps.org\\\/fr\\\/produit\\\/crypto-onu-e-7-00-feuille-miniature\\\/#primaryimage\"},\"thumbnailUrl\":\"https:\\\/\\\/unstamps.org\\\/wp-content\\\/uploads\\\/2020\\\/11\\\/Crypto-VI-Sheet.jpg\",\"datePublished\":\"2020-11-23T15:42:11+00:00\",\"dateModified\":\"2026-01-09T15:54:31+00:00\",\"breadcrumb\":{\"@id\":\"https:\\\/\\\/unstamps.org\\\/fr\\\/produit\\\/crypto-onu-e-7-00-feuille-miniature\\\/#breadcrumb\"},\"inLanguage\":\"fr-FR\",\"potentialAction\":[{\"@type\":\"ReadAction\",\"target\":[\"https:\\\/\\\/unstamps.org\\\/fr\\\/produit\\\/crypto-onu-e-7-00-feuille-miniature\\\/\"]}]},{\"@type\":\"ImageObject\",\"inLanguage\":\"fr-FR\",\"@id\":\"https:\\\/\\\/unstamps.org\\\/fr\\\/produit\\\/crypto-onu-e-7-00-feuille-miniature\\\/#primaryimage\",\"url\":\"https:\\\/\\\/unstamps.org\\\/wp-content\\\/uploads\\\/2020\\\/11\\\/Crypto-VI-Sheet.jpg\",\"contentUrl\":\"https:\\\/\\\/unstamps.org\\\/wp-content\\\/uploads\\\/2020\\\/11\\\/Crypto-VI-Sheet.jpg\",\"width\":1024,\"height\":1024},{\"@type\":\"BreadcrumbList\",\"@id\":\"https:\\\/\\\/unstamps.org\\\/fr\\\/produit\\\/crypto-onu-e-7-00-feuille-miniature\\\/#breadcrumb\",\"itemListElement\":[{\"@type\":\"ListItem\",\"position\":1,\"name\":\"Home\",\"item\":\"https:\\\/\\\/unstamps.org\\\/fr\\\/\"},{\"@type\":\"ListItem\",\"position\":2,\"name\":\"Les produits\",\"item\":\"https:\\\/\\\/unstamps.org\\\/fr\\\/les-produits\\\/\"},{\"@type\":\"ListItem\",\"position\":3,\"name\":\"CRYPTO ONU &#8211; \u20ac 7.00 Feuille miniature\"}]},{\"@type\":\"WebSite\",\"@id\":\"https:\\\/\\\/unstamps.org\\\/fr\\\/#website\",\"url\":\"https:\\\/\\\/unstamps.org\\\/fr\\\/\",\"name\":\"UN Stamps\",\"description\":\"United Nations Stamps\",\"publisher\":{\"@id\":\"https:\\\/\\\/unstamps.org\\\/fr\\\/#organization\"},\"potentialAction\":[{\"@type\":\"SearchAction\",\"target\":{\"@type\":\"EntryPoint\",\"urlTemplate\":\"https:\\\/\\\/unstamps.org\\\/fr\\\/?s={search_term_string}\"},\"query-input\":{\"@type\":\"PropertyValueSpecification\",\"valueRequired\":true,\"valueName\":\"search_term_string\"}}],\"inLanguage\":\"fr-FR\"},{\"@type\":\"Organization\",\"@id\":\"https:\\\/\\\/unstamps.org\\\/fr\\\/#organization\",\"name\":\"UN Stamps\",\"url\":\"https:\\\/\\\/unstamps.org\\\/fr\\\/\",\"logo\":{\"@type\":\"ImageObject\",\"inLanguage\":\"fr-FR\",\"@id\":\"https:\\\/\\\/unstamps.org\\\/fr\\\/#\\\/schema\\\/logo\\\/image\\\/\",\"url\":\"https:\\\/\\\/unstamps.org\\\/wp-content\\\/uploads\\\/2014\\\/01\\\/logo4web.jpg\",\"contentUrl\":\"https:\\\/\\\/unstamps.org\\\/wp-content\\\/uploads\\\/2014\\\/01\\\/logo4web.jpg\",\"width\":2500,\"height\":250,\"caption\":\"UN Stamps\"},\"image\":{\"@id\":\"https:\\\/\\\/unstamps.org\\\/fr\\\/#\\\/schema\\\/logo\\\/image\\\/\"}}]}<\/script>\n<!-- \/ Yoast SEO plugin. -->","yoast_head_json":{"title":"CRYPTO ONU &#8211; \u20ac 7.00 Feuille miniature - UN Timbres","robots":{"index":"index","follow":"follow","max-snippet":"max-snippet:-1","max-image-preview":"max-image-preview:large","max-video-preview":"max-video-preview:-1"},"canonical":"https:\/\/unstamps.org\/fr\/produit\/crypto-onu-e-7-00-feuille-miniature\/","og_locale":"fr_FR","og_type":"article","og_title":"CRYPTO ONU &#8211; \u20ac 7.00 Feuille miniature - UN Timbres","og_description":"Pour en savoir davantage sur les timbres crypto des Nations Unies et la mani\u00e8re de les obtenir, veuillez consulter le site https:\/\/crypto.unstamps.org\/. Veuillez noter qu\u2019il n\u2019y a pas d\u2019\u00e9change ou de retour des produits des timbres crypto, s\u2019il y a des dommages \u00e0 la zone \u00e0 gratter et\/ou si le code est r\u00e9v\u00e9l\u00e9. Date d\u2019\u00e9mission: [&hellip;]","og_url":"https:\/\/unstamps.org\/fr\/produit\/crypto-onu-e-7-00-feuille-miniature\/","og_site_name":"UN Timbres","article_modified_time":"2026-01-09T15:54:31+00:00","og_image":[{"width":1024,"height":1024,"url":"https:\/\/unstamps.org\/wp-content\/uploads\/2020\/11\/Crypto-VI-Sheet.jpg","type":"image\/jpeg"}],"twitter_card":"summary_large_image","twitter_misc":{"Dur\u00e9e de lecture estim\u00e9e":"1 minute"},"schema":{"@context":"https:\/\/schema.org","@graph":[{"@type":"WebPage","@id":"https:\/\/unstamps.org\/fr\/produit\/crypto-onu-e-7-00-feuille-miniature\/","url":"https:\/\/unstamps.org\/fr\/produit\/crypto-onu-e-7-00-feuille-miniature\/","name":"CRYPTO ONU &#8211; \u20ac 7.00 Feuille miniature - UN Timbres","isPartOf":{"@id":"https:\/\/unstamps.org\/fr\/#website"},"primaryImageOfPage":{"@id":"https:\/\/unstamps.org\/fr\/produit\/crypto-onu-e-7-00-feuille-miniature\/#primaryimage"},"image":{"@id":"https:\/\/unstamps.org\/fr\/produit\/crypto-onu-e-7-00-feuille-miniature\/#primaryimage"},"thumbnailUrl":"https:\/\/unstamps.org\/wp-content\/uploads\/2020\/11\/Crypto-VI-Sheet.jpg","datePublished":"2020-11-23T15:42:11+00:00","dateModified":"2026-01-09T15:54:31+00:00","breadcrumb":{"@id":"https:\/\/unstamps.org\/fr\/produit\/crypto-onu-e-7-00-feuille-miniature\/#breadcrumb"},"inLanguage":"fr-FR","potentialAction":[{"@type":"ReadAction","target":["https:\/\/unstamps.org\/fr\/produit\/crypto-onu-e-7-00-feuille-miniature\/"]}]},{"@type":"ImageObject","inLanguage":"fr-FR","@id":"https:\/\/unstamps.org\/fr\/produit\/crypto-onu-e-7-00-feuille-miniature\/#primaryimage","url":"https:\/\/unstamps.org\/wp-content\/uploads\/2020\/11\/Crypto-VI-Sheet.jpg","contentUrl":"https:\/\/unstamps.org\/wp-content\/uploads\/2020\/11\/Crypto-VI-Sheet.jpg","width":1024,"height":1024},{"@type":"BreadcrumbList","@id":"https:\/\/unstamps.org\/fr\/produit\/crypto-onu-e-7-00-feuille-miniature\/#breadcrumb","itemListElement":[{"@type":"ListItem","position":1,"name":"Home","item":"https:\/\/unstamps.org\/fr\/"},{"@type":"ListItem","position":2,"name":"Les produits","item":"https:\/\/unstamps.org\/fr\/les-produits\/"},{"@type":"ListItem","position":3,"name":"CRYPTO ONU &#8211; \u20ac 7.00 Feuille miniature"}]},{"@type":"WebSite","@id":"https:\/\/unstamps.org\/fr\/#website","url":"https:\/\/unstamps.org\/fr\/","name":"UN Stamps","description":"United Nations Stamps","publisher":{"@id":"https:\/\/unstamps.org\/fr\/#organization"},"potentialAction":[{"@type":"SearchAction","target":{"@type":"EntryPoint","urlTemplate":"https:\/\/unstamps.org\/fr\/?s={search_term_string}"},"query-input":{"@type":"PropertyValueSpecification","valueRequired":true,"valueName":"search_term_string"}}],"inLanguage":"fr-FR"},{"@type":"Organization","@id":"https:\/\/unstamps.org\/fr\/#organization","name":"UN Stamps","url":"https:\/\/unstamps.org\/fr\/","logo":{"@type":"ImageObject","inLanguage":"fr-FR","@id":"https:\/\/unstamps.org\/fr\/#\/schema\/logo\/image\/","url":"https:\/\/unstamps.org\/wp-content\/uploads\/2014\/01\/logo4web.jpg","contentUrl":"https:\/\/unstamps.org\/wp-content\/uploads\/2014\/01\/logo4web.jpg","width":2500,"height":250,"caption":"UN Stamps"},"image":{"@id":"https:\/\/unstamps.org\/fr\/#\/schema\/logo\/image\/"}}]}},"jetpack_sharing_enabled":true,"publishpress_future_action":{"enabled":false,"date":"2026-04-11 15:16:31","action":"change-status","newStatus":"private","terms":[],"taxonomy":"product_cat","extraData":[]},"publishpress_future_workflow_manual_trigger":{"enabledWorkflows":[]},"_links":{"self":[{"href":"https:\/\/unstamps.org\/fr\/wp-json\/wp\/v2\/product\/121931","targetHints":{"allow":["GET"]}}],"collection":[{"href":"https:\/\/unstamps.org\/fr\/wp-json\/wp\/v2\/product"}],"about":[{"href":"https:\/\/unstamps.org\/fr\/wp-json\/wp\/v2\/types\/product"}],"replies":[{"embeddable":true,"href":"https:\/\/unstamps.org\/fr\/wp-json\/wp\/v2\/comments?post=121931"}],"wp:featuredmedia":[{"embeddable":true,"href":"https:\/\/unstamps.org\/fr\/wp-json\/wp\/v2\/media\/122787"}],"wp:attachment":[{"href":"https:\/\/unstamps.org\/fr\/wp-json\/wp\/v2\/media?parent=121931"}],"wp:term":[{"taxonomy":"product_brand","embeddable":true,"href":"https:\/\/unstamps.org\/fr\/wp-json\/wp\/v2\/product_brand?post=121931"},{"taxonomy":"product_cat","embeddable":true,"href":"https:\/\/unstamps.org\/fr\/wp-json\/wp\/v2\/product_cat?post=121931"},{"taxonomy":"product_tag","embeddable":true,"href":"https:\/\/unstamps.org\/fr\/wp-json\/wp\/v2\/product_tag?post=121931"}],"curies":[{"name":"wp","href":"https:\/\/api.w.org\/{rel}","templated":true}]}}