{"id":121897,"date":"2020-11-23T11:40:53","date_gmt":"2020-11-23T16:44:17","guid":{"rendered":"https:\/\/unstamps.org\/?post_type=product&#038;p=121897"},"modified":"2025-01-09T12:22:10","modified_gmt":"2025-01-09T17:22:10","slug":"timbre-crypto-onu","status":"publish","type":"product","link":"https:\/\/unstamps.org\/fr\/produit\/timbre-crypto-onu\/","title":{"rendered":"TIMBRE CRYPTO ONU"},"content":{"rendered":"<p>En d\u00e9cembre 2018, le Secr\u00e9taire g\u00e9n\u00e9ral de l\u2019Organisation des Nations Unies, Ant\u00f3nio Guterres, a lanc\u00e9 pour la premi\u00e8re fois une strat\u00e9gie de l\u2019ONU en mati\u00e8re de nouvelles technologies. Cette initiative a pour objet d\u2019\u00e9tablir la mani\u00e8re dont le syst\u00e8me des Nations Unies favorisera l\u2019utilisation de nouvelles technologies telles que l\u2019intelligence artificielle, la biotechnologie, les cha\u00eenes de blocs et la robotique en vue d\u2019acc\u00e9l\u00e9rer la r\u00e9alisation du Programme de d\u00e9veloppement durable \u00e0 l\u2019horizon 2030 et de simplifier la mise en ad\u00e9quation de ces technologies avec les valeurs consacr\u00e9es dans la Charte des Nations Unies, la D\u00e9claration universelle des droits de l\u2019homme et les normes et r\u00e8gles du droit international.<\/p>\n<p>Le Secr\u00e9taire g\u00e9n\u00e9ral a recens\u00e9 cinq principes directeurs qui sous-tendent cette strat\u00e9gie :<\/p>\n<p><strong>Prot\u00e9ger et promouvoir les valeurs mondiales.<\/strong><\/p>\n<p><strong>Favoriser l\u2019inclusion et la transparence.<\/strong><\/p>\n<p><strong>Travailler en partenariat.<\/strong><\/p>\n<p><strong>S\u2019appuyer sur les capacit\u00e9s et les mandats existants.<\/strong><\/p>\n<p><strong>Faire preuve d\u2019humilit\u00e9 et continuer \u00e0 apprendre.<\/strong><\/p>\n<p>Conform\u00e9ment \u00e0 cette nouvelle strat\u00e9gie, l\u2019Administration postale des Nations Unies est heureuse d\u2019annoncer l\u2019\u00e9mission de ses premiers timbres crypto. Ces timbres ont \u00e9t\u00e9 mis au point en collaboration avec le Bureau de l\u2019informatique et des communications des Nations Unies et utilisent la cha\u00eene de blocs Ethereum. Le 24 novembre 2020, l\u2019APNU \u00e9mettra trois feuilles miniatures d\u2019un timbre chacune, dans des valeurs faciales de US$ 7.75, CHF 8,00 et \u20ac 7,00.<br \/>\nPour en savoir davantage sur les timbres crypto des Nations Unies et la mani\u00e8re de les obtenir, veuillez consulter le site <a href=\"https:\/\/unstamps.org\/crypto\/\" target=\"_blank\" rel=\"noopener noreferrer\">https:\/\/crypto.unstamps.org\/<\/a>.<\/p>\n<p><em><strong>Veuillez noter qu\u2019il n\u2019y a pas d\u2019\u00e9change ou de retour des produits des timbres crypto, s\u2019il y a des dommages \u00e0 la zone \u00e0 gratter et\/ou si le code est r\u00e9v\u00e9l\u00e9.<\/strong><\/em><\/p>\n<p><strong>Date d\u2019\u00e9mission:<\/strong> 24 novembre 2020<br \/>\n<strong>Dessinateur:<\/strong> Sergio Baradat (Nations Unies)<br \/>\n<strong>Valeurs:<\/strong> US$ 7.75, CHF 8,00, \u20ac 7,00<br \/>\n<strong>Format de timbre:<\/strong> 25 mm x 35 mm<br \/>\n<strong>Format de feuille:<\/strong> 84 mm x 55 mm<br \/>\n<strong>Format d\u2019\u00e9mission:<\/strong> Feuille miniature d&#8217;une timbres<br \/>\n<strong>Imprimeur:<\/strong> Royal Joh Ensched\u00e9 (Pays-Bas)<br \/>\n<strong>Reproduction:<\/strong> Hexachrome, foil<br \/>\n<strong>Tirage:<\/strong><br \/>\n&#8211; US$ 7.75 30.000 feuiles miniatures<br \/>\n&#8211; CHF 8,00 30.000 feuiles miniatures<br \/>\n&#8211; \u20ac 7,00 30.000 feuiles miniatures<\/p>\n<p><img loading=\"lazy\" decoding=\"async\" class=\"aligncenter size-full wp-image-122824\" src=\"https:\/\/unstamps.org\/wp-content\/uploads\/2020\/11\/Crypto-Cancel.jpg\" alt=\"\" width=\"1278\" height=\"438\" srcset=\"https:\/\/unstamps.org\/wp-content\/uploads\/2020\/11\/Crypto-Cancel.jpg 1278w, https:\/\/unstamps.org\/wp-content\/uploads\/2020\/11\/Crypto-Cancel-860x295.jpg 860w, https:\/\/unstamps.org\/wp-content\/uploads\/2020\/11\/Crypto-Cancel-768x263.jpg 768w, https:\/\/unstamps.org\/wp-content\/uploads\/2020\/11\/Crypto-Cancel-1170x401.jpg 1170w, https:\/\/unstamps.org\/wp-content\/uploads\/2020\/11\/Crypto-Cancel-600x206.jpg 600w\" sizes=\"auto, (max-width: 1278px) 100vw, 1278px\" \/><\/p>\n","protected":false},"excerpt":{"rendered":"<p>En d\u00e9cembre 2018, le Secr\u00e9taire g\u00e9n\u00e9ral de l\u2019Organisation des Nations Unies, Ant\u00f3nio Guterres, a lanc\u00e9 pour la premi\u00e8re fois une strat\u00e9gie de l\u2019ONU en mati\u00e8re de nouvelles technologies. Cette initiative a pour objet d\u2019\u00e9tablir la mani\u00e8re dont le syst\u00e8me des Nations Unies favorisera l\u2019utilisation de nouvelles technologies telles que l\u2019intelligence artificielle, la biotechnologie, les cha\u00eenes [&hellip;]<\/p>\n","protected":false},"featured_media":122812,"comment_status":"closed","ping_status":"closed","template":"","meta":{"ngg_post_thumbnail":0},"product_brand":[],"product_cat":[1032,2926,142],"product_tag":[],"class_list":{"0":"post-121897","1":"product","2":"type-product","3":"status-publish","4":"has-post-thumbnail","6":"product_cat-2020_fr","7":"product_cat-crypto-fr","8":"product_cat-timbres-commemoratifs","10":"first","11":"instock","12":"shipping-taxable","13":"product-type-grouped"},"yoast_head":"<!-- This site is optimized with the Yoast SEO plugin v27.4 - https:\/\/yoast.com\/product\/yoast-seo-wordpress\/ -->\n<title>TIMBRE CRYPTO ONU - UN Timbres<\/title>\n<meta name=\"robots\" content=\"index, follow, max-snippet:-1, max-image-preview:large, max-video-preview:-1\" \/>\n<link rel=\"canonical\" href=\"https:\/\/unstamps.org\/fr\/produit\/timbre-crypto-onu\/\" \/>\n<meta property=\"og:locale\" content=\"fr_FR\" \/>\n<meta property=\"og:type\" content=\"article\" \/>\n<meta property=\"og:title\" content=\"TIMBRE CRYPTO ONU - UN Timbres\" \/>\n<meta property=\"og:description\" content=\"En d\u00e9cembre 2018, le Secr\u00e9taire g\u00e9n\u00e9ral de l\u2019Organisation des Nations Unies, Ant\u00f3nio Guterres, a lanc\u00e9 pour la premi\u00e8re fois une strat\u00e9gie de l\u2019ONU en mati\u00e8re de nouvelles technologies. Cette initiative a pour objet d\u2019\u00e9tablir la mani\u00e8re dont le syst\u00e8me des Nations Unies favorisera l\u2019utilisation de nouvelles technologies telles que l\u2019intelligence artificielle, la biotechnologie, les cha\u00eenes [&hellip;]\" \/>\n<meta property=\"og:url\" content=\"https:\/\/unstamps.org\/fr\/produit\/timbre-crypto-onu\/\" \/>\n<meta property=\"og:site_name\" content=\"UN Timbres\" \/>\n<meta property=\"article:modified_time\" content=\"2025-01-09T17:22:10+00:00\" \/>\n<meta property=\"og:image\" content=\"https:\/\/unstamps.org\/wp-content\/uploads\/2020\/11\/Crypto-Sheet-Group.jpg\" \/>\n\t<meta property=\"og:image:width\" content=\"1024\" \/>\n\t<meta property=\"og:image:height\" content=\"1024\" \/>\n\t<meta property=\"og:image:type\" content=\"image\/jpeg\" \/>\n<meta name=\"twitter:card\" content=\"summary_large_image\" \/>\n<meta name=\"twitter:label1\" content=\"Dur\u00e9e de lecture estim\u00e9e\" \/>\n\t<meta name=\"twitter:data1\" content=\"2 minutes\" \/>\n<script type=\"application\/ld+json\" class=\"yoast-schema-graph\">{\"@context\":\"https:\\\/\\\/schema.org\",\"@graph\":[{\"@type\":\"WebPage\",\"@id\":\"https:\\\/\\\/unstamps.org\\\/fr\\\/produit\\\/timbre-crypto-onu\\\/\",\"url\":\"https:\\\/\\\/unstamps.org\\\/fr\\\/produit\\\/timbre-crypto-onu\\\/\",\"name\":\"TIMBRE CRYPTO ONU - UN Timbres\",\"isPartOf\":{\"@id\":\"https:\\\/\\\/unstamps.org\\\/fr\\\/#website\"},\"primaryImageOfPage\":{\"@id\":\"https:\\\/\\\/unstamps.org\\\/fr\\\/produit\\\/timbre-crypto-onu\\\/#primaryimage\"},\"image\":{\"@id\":\"https:\\\/\\\/unstamps.org\\\/fr\\\/produit\\\/timbre-crypto-onu\\\/#primaryimage\"},\"thumbnailUrl\":\"https:\\\/\\\/unstamps.org\\\/wp-content\\\/uploads\\\/2020\\\/11\\\/Crypto-Sheet-Group.jpg\",\"datePublished\":\"2020-11-23T16:44:17+00:00\",\"dateModified\":\"2025-01-09T17:22:10+00:00\",\"breadcrumb\":{\"@id\":\"https:\\\/\\\/unstamps.org\\\/fr\\\/produit\\\/timbre-crypto-onu\\\/#breadcrumb\"},\"inLanguage\":\"fr-FR\",\"potentialAction\":[{\"@type\":\"ReadAction\",\"target\":[\"https:\\\/\\\/unstamps.org\\\/fr\\\/produit\\\/timbre-crypto-onu\\\/\"]}]},{\"@type\":\"ImageObject\",\"inLanguage\":\"fr-FR\",\"@id\":\"https:\\\/\\\/unstamps.org\\\/fr\\\/produit\\\/timbre-crypto-onu\\\/#primaryimage\",\"url\":\"https:\\\/\\\/unstamps.org\\\/wp-content\\\/uploads\\\/2020\\\/11\\\/Crypto-Sheet-Group.jpg\",\"contentUrl\":\"https:\\\/\\\/unstamps.org\\\/wp-content\\\/uploads\\\/2020\\\/11\\\/Crypto-Sheet-Group.jpg\",\"width\":1024,\"height\":1024},{\"@type\":\"BreadcrumbList\",\"@id\":\"https:\\\/\\\/unstamps.org\\\/fr\\\/produit\\\/timbre-crypto-onu\\\/#breadcrumb\",\"itemListElement\":[{\"@type\":\"ListItem\",\"position\":1,\"name\":\"Home\",\"item\":\"https:\\\/\\\/unstamps.org\\\/fr\\\/\"},{\"@type\":\"ListItem\",\"position\":2,\"name\":\"Les produits\",\"item\":\"https:\\\/\\\/unstamps.org\\\/fr\\\/les-produits\\\/\"},{\"@type\":\"ListItem\",\"position\":3,\"name\":\"TIMBRE CRYPTO ONU\"}]},{\"@type\":\"WebSite\",\"@id\":\"https:\\\/\\\/unstamps.org\\\/fr\\\/#website\",\"url\":\"https:\\\/\\\/unstamps.org\\\/fr\\\/\",\"name\":\"UN Stamps\",\"description\":\"United Nations Stamps\",\"publisher\":{\"@id\":\"https:\\\/\\\/unstamps.org\\\/fr\\\/#organization\"},\"potentialAction\":[{\"@type\":\"SearchAction\",\"target\":{\"@type\":\"EntryPoint\",\"urlTemplate\":\"https:\\\/\\\/unstamps.org\\\/fr\\\/?s={search_term_string}\"},\"query-input\":{\"@type\":\"PropertyValueSpecification\",\"valueRequired\":true,\"valueName\":\"search_term_string\"}}],\"inLanguage\":\"fr-FR\"},{\"@type\":\"Organization\",\"@id\":\"https:\\\/\\\/unstamps.org\\\/fr\\\/#organization\",\"name\":\"UN Stamps\",\"url\":\"https:\\\/\\\/unstamps.org\\\/fr\\\/\",\"logo\":{\"@type\":\"ImageObject\",\"inLanguage\":\"fr-FR\",\"@id\":\"https:\\\/\\\/unstamps.org\\\/fr\\\/#\\\/schema\\\/logo\\\/image\\\/\",\"url\":\"https:\\\/\\\/unstamps.org\\\/wp-content\\\/uploads\\\/2014\\\/01\\\/logo4web.jpg\",\"contentUrl\":\"https:\\\/\\\/unstamps.org\\\/wp-content\\\/uploads\\\/2014\\\/01\\\/logo4web.jpg\",\"width\":2500,\"height\":250,\"caption\":\"UN Stamps\"},\"image\":{\"@id\":\"https:\\\/\\\/unstamps.org\\\/fr\\\/#\\\/schema\\\/logo\\\/image\\\/\"}}]}<\/script>\n<!-- \/ Yoast SEO plugin. -->","yoast_head_json":{"title":"TIMBRE CRYPTO ONU - UN Timbres","robots":{"index":"index","follow":"follow","max-snippet":"max-snippet:-1","max-image-preview":"max-image-preview:large","max-video-preview":"max-video-preview:-1"},"canonical":"https:\/\/unstamps.org\/fr\/produit\/timbre-crypto-onu\/","og_locale":"fr_FR","og_type":"article","og_title":"TIMBRE CRYPTO ONU - UN Timbres","og_description":"En d\u00e9cembre 2018, le Secr\u00e9taire g\u00e9n\u00e9ral de l\u2019Organisation des Nations Unies, Ant\u00f3nio Guterres, a lanc\u00e9 pour la premi\u00e8re fois une strat\u00e9gie de l\u2019ONU en mati\u00e8re de nouvelles technologies. Cette initiative a pour objet d\u2019\u00e9tablir la mani\u00e8re dont le syst\u00e8me des Nations Unies favorisera l\u2019utilisation de nouvelles technologies telles que l\u2019intelligence artificielle, la biotechnologie, les cha\u00eenes [&hellip;]","og_url":"https:\/\/unstamps.org\/fr\/produit\/timbre-crypto-onu\/","og_site_name":"UN Timbres","article_modified_time":"2025-01-09T17:22:10+00:00","og_image":[{"width":1024,"height":1024,"url":"https:\/\/unstamps.org\/wp-content\/uploads\/2020\/11\/Crypto-Sheet-Group.jpg","type":"image\/jpeg"}],"twitter_card":"summary_large_image","twitter_misc":{"Dur\u00e9e de lecture estim\u00e9e":"2 minutes"},"schema":{"@context":"https:\/\/schema.org","@graph":[{"@type":"WebPage","@id":"https:\/\/unstamps.org\/fr\/produit\/timbre-crypto-onu\/","url":"https:\/\/unstamps.org\/fr\/produit\/timbre-crypto-onu\/","name":"TIMBRE CRYPTO ONU - UN Timbres","isPartOf":{"@id":"https:\/\/unstamps.org\/fr\/#website"},"primaryImageOfPage":{"@id":"https:\/\/unstamps.org\/fr\/produit\/timbre-crypto-onu\/#primaryimage"},"image":{"@id":"https:\/\/unstamps.org\/fr\/produit\/timbre-crypto-onu\/#primaryimage"},"thumbnailUrl":"https:\/\/unstamps.org\/wp-content\/uploads\/2020\/11\/Crypto-Sheet-Group.jpg","datePublished":"2020-11-23T16:44:17+00:00","dateModified":"2025-01-09T17:22:10+00:00","breadcrumb":{"@id":"https:\/\/unstamps.org\/fr\/produit\/timbre-crypto-onu\/#breadcrumb"},"inLanguage":"fr-FR","potentialAction":[{"@type":"ReadAction","target":["https:\/\/unstamps.org\/fr\/produit\/timbre-crypto-onu\/"]}]},{"@type":"ImageObject","inLanguage":"fr-FR","@id":"https:\/\/unstamps.org\/fr\/produit\/timbre-crypto-onu\/#primaryimage","url":"https:\/\/unstamps.org\/wp-content\/uploads\/2020\/11\/Crypto-Sheet-Group.jpg","contentUrl":"https:\/\/unstamps.org\/wp-content\/uploads\/2020\/11\/Crypto-Sheet-Group.jpg","width":1024,"height":1024},{"@type":"BreadcrumbList","@id":"https:\/\/unstamps.org\/fr\/produit\/timbre-crypto-onu\/#breadcrumb","itemListElement":[{"@type":"ListItem","position":1,"name":"Home","item":"https:\/\/unstamps.org\/fr\/"},{"@type":"ListItem","position":2,"name":"Les produits","item":"https:\/\/unstamps.org\/fr\/les-produits\/"},{"@type":"ListItem","position":3,"name":"TIMBRE CRYPTO ONU"}]},{"@type":"WebSite","@id":"https:\/\/unstamps.org\/fr\/#website","url":"https:\/\/unstamps.org\/fr\/","name":"UN Stamps","description":"United Nations Stamps","publisher":{"@id":"https:\/\/unstamps.org\/fr\/#organization"},"potentialAction":[{"@type":"SearchAction","target":{"@type":"EntryPoint","urlTemplate":"https:\/\/unstamps.org\/fr\/?s={search_term_string}"},"query-input":{"@type":"PropertyValueSpecification","valueRequired":true,"valueName":"search_term_string"}}],"inLanguage":"fr-FR"},{"@type":"Organization","@id":"https:\/\/unstamps.org\/fr\/#organization","name":"UN Stamps","url":"https:\/\/unstamps.org\/fr\/","logo":{"@type":"ImageObject","inLanguage":"fr-FR","@id":"https:\/\/unstamps.org\/fr\/#\/schema\/logo\/image\/","url":"https:\/\/unstamps.org\/wp-content\/uploads\/2014\/01\/logo4web.jpg","contentUrl":"https:\/\/unstamps.org\/wp-content\/uploads\/2014\/01\/logo4web.jpg","width":2500,"height":250,"caption":"UN Stamps"},"image":{"@id":"https:\/\/unstamps.org\/fr\/#\/schema\/logo\/image\/"}}]}},"jetpack_sharing_enabled":true,"publishpress_future_action":{"enabled":false,"date":"2026-04-27 01:39:09","action":"change-status","newStatus":"private","terms":[],"taxonomy":"product_cat","extraData":[]},"publishpress_future_workflow_manual_trigger":{"enabledWorkflows":[]},"_links":{"self":[{"href":"https:\/\/unstamps.org\/fr\/wp-json\/wp\/v2\/product\/121897","targetHints":{"allow":["GET"]}}],"collection":[{"href":"https:\/\/unstamps.org\/fr\/wp-json\/wp\/v2\/product"}],"about":[{"href":"https:\/\/unstamps.org\/fr\/wp-json\/wp\/v2\/types\/product"}],"replies":[{"embeddable":true,"href":"https:\/\/unstamps.org\/fr\/wp-json\/wp\/v2\/comments?post=121897"}],"wp:featuredmedia":[{"embeddable":true,"href":"https:\/\/unstamps.org\/fr\/wp-json\/wp\/v2\/media\/122812"}],"wp:attachment":[{"href":"https:\/\/unstamps.org\/fr\/wp-json\/wp\/v2\/media?parent=121897"}],"wp:term":[{"taxonomy":"product_brand","embeddable":true,"href":"https:\/\/unstamps.org\/fr\/wp-json\/wp\/v2\/product_brand?post=121897"},{"taxonomy":"product_cat","embeddable":true,"href":"https:\/\/unstamps.org\/fr\/wp-json\/wp\/v2\/product_cat?post=121897"},{"taxonomy":"product_tag","embeddable":true,"href":"https:\/\/unstamps.org\/fr\/wp-json\/wp\/v2\/product_tag?post=121897"}],"curies":[{"name":"wp","href":"https:\/\/api.w.org\/{rel}","templated":true}]}}