{"id":11235,"date":"2014-04-30T15:18:08","date_gmt":"2014-04-30T19:18:08","guid":{"rendered":"http:\/\/staging.unstamps.sixoverground.com\/shop\/journee-internationale-du-jazz-2014-e-070-feuille-miniature\/"},"modified":"2024-07-12T10:56:15","modified_gmt":"2024-07-12T14:56:15","slug":"journee-internationale-du-jazz-2014-e-070-feuille-miniature","status":"publish","type":"product","link":"https:\/\/unstamps.org\/fr\/produit\/journee-internationale-du-jazz-2014-e-070-feuille-miniature\/","title":{"rendered":"Journ\u00e9e internationale du jazz 2014 \u2013 \u20ac 0,70 \u2013 Feuille miniature"},"content":{"rendered":"<p><strong>D\u00e9tails techniques:<\/strong>\u00a0<\/p>\n<p><strong>Format des Feuilles:<\/strong>\u00a0140 mm x 170 mm\u00a0<\/p>\n<p><strong>Format des Timbres:<\/strong>\u00a040 mm x 30 mm\u00a0<\/p>\n<p><strong>Dentelure:<\/strong>\u00a013-13,25\u00a0<\/p>\n<p><strong>Timbres par feuille:<\/strong>\u00a012\u00a0<\/p>\n<p><strong>Quantit\u00e9:<\/strong>\u00a0600.000 timbres (50.000 feuilles)\u00a0<\/p>\n<p><strong>Dessinateur:<\/strong>\u00a0Sergio Baradat (Nations Unies)<\/p>\n<p><strong>Imprimeur:<\/strong>\u00a0Cartor Security Printing (France)<\/p>\n<p><strong>Reproduction:<\/strong>\u00a0Lithographie offset<\/p>\n<p><strong>Unit\u00e9s de vente:<\/strong>\u00a0La feuille miniature de 12 timbres constituera l&#8217;unit\u00e9 de vente unique pr\u00e9vue pour cette \u00e9mission. Les clients abonn\u00e9s aux timbres se-tenant (Art. 09) et feuilles miniature (Art. 10) recevront une feuille miniature automatiquement.<\/p>\n","protected":false},"excerpt":{"rendered":"<p>D\u00e9tails techniques:\u00a0 Format des Feuilles:\u00a0140 mm x 170 mm\u00a0 Format des Timbres:\u00a040 mm x 30 mm\u00a0 Dentelure:\u00a013-13,25\u00a0 Timbres par feuille:\u00a012\u00a0 Quantit\u00e9:\u00a0600.000 timbres (50.000 feuilles)\u00a0 Dessinateur:\u00a0Sergio Baradat (Nations Unies) Imprimeur:\u00a0Cartor Security Printing (France) Reproduction:\u00a0Lithographie offset Unit\u00e9s de vente:\u00a0La feuille miniature de 12 timbres constituera l&#8217;unit\u00e9 de vente unique pr\u00e9vue pour cette \u00e9mission. Les clients abonn\u00e9s aux [&hellip;]<\/p>\n","protected":false},"featured_media":11154,"comment_status":"open","ping_status":"closed","template":"","meta":{"ngg_post_thumbnail":0},"product_brand":[],"product_cat":[390,174,156],"product_tag":[],"class_list":{"0":"post-11235","1":"product","2":"type-product","3":"status-publish","4":"has-post-thumbnail","6":"product_cat-2014-year-fr","7":"product_cat-feuilles-miniature","8":"product_cat-vienne","9":"pa_condition-neuf","10":"pa_condition-oblitere-3","11":"brands-2014-journee-internationale-du-jazz","13":"first","14":"instock","15":"shipping-taxable","16":"purchasable","17":"product-type-variable"},"yoast_head":"<!-- This site is optimized with the Yoast SEO plugin v27.3 - https:\/\/yoast.com\/product\/yoast-seo-wordpress\/ -->\n<title>Journ\u00e9e internationale du jazz 2014 \u2013 \u20ac 0,70 \u2013 Feuille miniature - UN Timbres<\/title>\n<meta name=\"robots\" content=\"index, follow, max-snippet:-1, max-image-preview:large, max-video-preview:-1\" \/>\n<link rel=\"canonical\" href=\"https:\/\/unstamps.org\/fr\/produit\/journee-internationale-du-jazz-2014-e-070-feuille-miniature\/\" \/>\n<meta property=\"og:locale\" content=\"fr_FR\" \/>\n<meta property=\"og:type\" content=\"article\" \/>\n<meta property=\"og:title\" content=\"Journ\u00e9e internationale du jazz 2014 \u2013 \u20ac 0,70 \u2013 Feuille miniature - UN Timbres\" \/>\n<meta property=\"og:description\" content=\"D\u00e9tails techniques:\u00a0 Format des Feuilles:\u00a0140 mm x 170 mm\u00a0 Format des Timbres:\u00a040 mm x 30 mm\u00a0 Dentelure:\u00a013-13,25\u00a0 Timbres par feuille:\u00a012\u00a0 Quantit\u00e9:\u00a0600.000 timbres (50.000 feuilles)\u00a0 Dessinateur:\u00a0Sergio Baradat (Nations Unies) Imprimeur:\u00a0Cartor Security Printing (France) Reproduction:\u00a0Lithographie offset Unit\u00e9s de vente:\u00a0La feuille miniature de 12 timbres constituera l&#8217;unit\u00e9 de vente unique pr\u00e9vue pour cette \u00e9mission. Les clients abonn\u00e9s aux [&hellip;]\" \/>\n<meta property=\"og:url\" content=\"https:\/\/unstamps.org\/fr\/produit\/journee-internationale-du-jazz-2014-e-070-feuille-miniature\/\" \/>\n<meta property=\"og:site_name\" content=\"UN Timbres\" \/>\n<meta property=\"article:modified_time\" content=\"2024-07-12T14:56:15+00:00\" \/>\n<meta property=\"og:image\" content=\"https:\/\/unstamps.org\/wp-content\/uploads\/2014\/04\/JAZZ14_e0.70_sheet_m.jpg\" \/>\n\t<meta property=\"og:image:width\" content=\"1024\" \/>\n\t<meta property=\"og:image:height\" content=\"1024\" \/>\n\t<meta property=\"og:image:type\" content=\"image\/jpeg\" \/>\n<meta name=\"twitter:card\" content=\"summary_large_image\" \/>\n<script type=\"application\/ld+json\" class=\"yoast-schema-graph\">{\"@context\":\"https:\\\/\\\/schema.org\",\"@graph\":[{\"@type\":\"WebPage\",\"@id\":\"https:\\\/\\\/unstamps.org\\\/fr\\\/produit\\\/journee-internationale-du-jazz-2014-e-070-feuille-miniature\\\/\",\"url\":\"https:\\\/\\\/unstamps.org\\\/fr\\\/produit\\\/journee-internationale-du-jazz-2014-e-070-feuille-miniature\\\/\",\"name\":\"Journ\u00e9e internationale du jazz 2014 \u2013 \u20ac 0,70 \u2013 Feuille miniature - UN Timbres\",\"isPartOf\":{\"@id\":\"https:\\\/\\\/unstamps.org\\\/fr\\\/#website\"},\"primaryImageOfPage\":{\"@id\":\"https:\\\/\\\/unstamps.org\\\/fr\\\/produit\\\/journee-internationale-du-jazz-2014-e-070-feuille-miniature\\\/#primaryimage\"},\"image\":{\"@id\":\"https:\\\/\\\/unstamps.org\\\/fr\\\/produit\\\/journee-internationale-du-jazz-2014-e-070-feuille-miniature\\\/#primaryimage\"},\"thumbnailUrl\":\"https:\\\/\\\/unstamps.org\\\/wp-content\\\/uploads\\\/2014\\\/04\\\/JAZZ14_e0.70_sheet_m.jpg\",\"datePublished\":\"2014-04-30T19:18:08+00:00\",\"dateModified\":\"2024-07-12T14:56:15+00:00\",\"breadcrumb\":{\"@id\":\"https:\\\/\\\/unstamps.org\\\/fr\\\/produit\\\/journee-internationale-du-jazz-2014-e-070-feuille-miniature\\\/#breadcrumb\"},\"inLanguage\":\"fr-FR\",\"potentialAction\":[{\"@type\":\"ReadAction\",\"target\":[\"https:\\\/\\\/unstamps.org\\\/fr\\\/produit\\\/journee-internationale-du-jazz-2014-e-070-feuille-miniature\\\/\"]}]},{\"@type\":\"ImageObject\",\"inLanguage\":\"fr-FR\",\"@id\":\"https:\\\/\\\/unstamps.org\\\/fr\\\/produit\\\/journee-internationale-du-jazz-2014-e-070-feuille-miniature\\\/#primaryimage\",\"url\":\"https:\\\/\\\/unstamps.org\\\/wp-content\\\/uploads\\\/2014\\\/04\\\/JAZZ14_e0.70_sheet_m.jpg\",\"contentUrl\":\"https:\\\/\\\/unstamps.org\\\/wp-content\\\/uploads\\\/2014\\\/04\\\/JAZZ14_e0.70_sheet_m.jpg\",\"width\":1024,\"height\":1024,\"caption\":\"Journ\u00e9e internationale du jazz 2014 \u2013 \u20ac 0,70\"},{\"@type\":\"BreadcrumbList\",\"@id\":\"https:\\\/\\\/unstamps.org\\\/fr\\\/produit\\\/journee-internationale-du-jazz-2014-e-070-feuille-miniature\\\/#breadcrumb\",\"itemListElement\":[{\"@type\":\"ListItem\",\"position\":1,\"name\":\"Home\",\"item\":\"https:\\\/\\\/unstamps.org\\\/fr\\\/\"},{\"@type\":\"ListItem\",\"position\":2,\"name\":\"Les produits\",\"item\":\"https:\\\/\\\/unstamps.org\\\/fr\\\/les-produits\\\/\"},{\"@type\":\"ListItem\",\"position\":3,\"name\":\"Journ\u00e9e internationale du jazz 2014 \u2013 \u20ac 0,70 \u2013 Feuille miniature\"}]},{\"@type\":\"WebSite\",\"@id\":\"https:\\\/\\\/unstamps.org\\\/fr\\\/#website\",\"url\":\"https:\\\/\\\/unstamps.org\\\/fr\\\/\",\"name\":\"UN Stamps\",\"description\":\"United Nations Stamps\",\"publisher\":{\"@id\":\"https:\\\/\\\/unstamps.org\\\/fr\\\/#organization\"},\"potentialAction\":[{\"@type\":\"SearchAction\",\"target\":{\"@type\":\"EntryPoint\",\"urlTemplate\":\"https:\\\/\\\/unstamps.org\\\/fr\\\/?s={search_term_string}\"},\"query-input\":{\"@type\":\"PropertyValueSpecification\",\"valueRequired\":true,\"valueName\":\"search_term_string\"}}],\"inLanguage\":\"fr-FR\"},{\"@type\":\"Organization\",\"@id\":\"https:\\\/\\\/unstamps.org\\\/fr\\\/#organization\",\"name\":\"UN Stamps\",\"url\":\"https:\\\/\\\/unstamps.org\\\/fr\\\/\",\"logo\":{\"@type\":\"ImageObject\",\"inLanguage\":\"fr-FR\",\"@id\":\"https:\\\/\\\/unstamps.org\\\/fr\\\/#\\\/schema\\\/logo\\\/image\\\/\",\"url\":\"https:\\\/\\\/unstamps.org\\\/wp-content\\\/uploads\\\/2014\\\/01\\\/logo4web.jpg\",\"contentUrl\":\"https:\\\/\\\/unstamps.org\\\/wp-content\\\/uploads\\\/2014\\\/01\\\/logo4web.jpg\",\"width\":2500,\"height\":250,\"caption\":\"UN Stamps\"},\"image\":{\"@id\":\"https:\\\/\\\/unstamps.org\\\/fr\\\/#\\\/schema\\\/logo\\\/image\\\/\"}}]}<\/script>\n<!-- \/ Yoast SEO plugin. -->","yoast_head_json":{"title":"Journ\u00e9e internationale du jazz 2014 \u2013 \u20ac 0,70 \u2013 Feuille miniature - UN Timbres","robots":{"index":"index","follow":"follow","max-snippet":"max-snippet:-1","max-image-preview":"max-image-preview:large","max-video-preview":"max-video-preview:-1"},"canonical":"https:\/\/unstamps.org\/fr\/produit\/journee-internationale-du-jazz-2014-e-070-feuille-miniature\/","og_locale":"fr_FR","og_type":"article","og_title":"Journ\u00e9e internationale du jazz 2014 \u2013 \u20ac 0,70 \u2013 Feuille miniature - UN Timbres","og_description":"D\u00e9tails techniques:\u00a0 Format des Feuilles:\u00a0140 mm x 170 mm\u00a0 Format des Timbres:\u00a040 mm x 30 mm\u00a0 Dentelure:\u00a013-13,25\u00a0 Timbres par feuille:\u00a012\u00a0 Quantit\u00e9:\u00a0600.000 timbres (50.000 feuilles)\u00a0 Dessinateur:\u00a0Sergio Baradat (Nations Unies) Imprimeur:\u00a0Cartor Security Printing (France) Reproduction:\u00a0Lithographie offset Unit\u00e9s de vente:\u00a0La feuille miniature de 12 timbres constituera l&#8217;unit\u00e9 de vente unique pr\u00e9vue pour cette \u00e9mission. Les clients abonn\u00e9s aux [&hellip;]","og_url":"https:\/\/unstamps.org\/fr\/produit\/journee-internationale-du-jazz-2014-e-070-feuille-miniature\/","og_site_name":"UN Timbres","article_modified_time":"2024-07-12T14:56:15+00:00","og_image":[{"width":1024,"height":1024,"url":"https:\/\/unstamps.org\/wp-content\/uploads\/2014\/04\/JAZZ14_e0.70_sheet_m.jpg","type":"image\/jpeg"}],"twitter_card":"summary_large_image","schema":{"@context":"https:\/\/schema.org","@graph":[{"@type":"WebPage","@id":"https:\/\/unstamps.org\/fr\/produit\/journee-internationale-du-jazz-2014-e-070-feuille-miniature\/","url":"https:\/\/unstamps.org\/fr\/produit\/journee-internationale-du-jazz-2014-e-070-feuille-miniature\/","name":"Journ\u00e9e internationale du jazz 2014 \u2013 \u20ac 0,70 \u2013 Feuille miniature - UN Timbres","isPartOf":{"@id":"https:\/\/unstamps.org\/fr\/#website"},"primaryImageOfPage":{"@id":"https:\/\/unstamps.org\/fr\/produit\/journee-internationale-du-jazz-2014-e-070-feuille-miniature\/#primaryimage"},"image":{"@id":"https:\/\/unstamps.org\/fr\/produit\/journee-internationale-du-jazz-2014-e-070-feuille-miniature\/#primaryimage"},"thumbnailUrl":"https:\/\/unstamps.org\/wp-content\/uploads\/2014\/04\/JAZZ14_e0.70_sheet_m.jpg","datePublished":"2014-04-30T19:18:08+00:00","dateModified":"2024-07-12T14:56:15+00:00","breadcrumb":{"@id":"https:\/\/unstamps.org\/fr\/produit\/journee-internationale-du-jazz-2014-e-070-feuille-miniature\/#breadcrumb"},"inLanguage":"fr-FR","potentialAction":[{"@type":"ReadAction","target":["https:\/\/unstamps.org\/fr\/produit\/journee-internationale-du-jazz-2014-e-070-feuille-miniature\/"]}]},{"@type":"ImageObject","inLanguage":"fr-FR","@id":"https:\/\/unstamps.org\/fr\/produit\/journee-internationale-du-jazz-2014-e-070-feuille-miniature\/#primaryimage","url":"https:\/\/unstamps.org\/wp-content\/uploads\/2014\/04\/JAZZ14_e0.70_sheet_m.jpg","contentUrl":"https:\/\/unstamps.org\/wp-content\/uploads\/2014\/04\/JAZZ14_e0.70_sheet_m.jpg","width":1024,"height":1024,"caption":"Journ\u00e9e internationale du jazz 2014 \u2013 \u20ac 0,70"},{"@type":"BreadcrumbList","@id":"https:\/\/unstamps.org\/fr\/produit\/journee-internationale-du-jazz-2014-e-070-feuille-miniature\/#breadcrumb","itemListElement":[{"@type":"ListItem","position":1,"name":"Home","item":"https:\/\/unstamps.org\/fr\/"},{"@type":"ListItem","position":2,"name":"Les produits","item":"https:\/\/unstamps.org\/fr\/les-produits\/"},{"@type":"ListItem","position":3,"name":"Journ\u00e9e internationale du jazz 2014 \u2013 \u20ac 0,70 \u2013 Feuille miniature"}]},{"@type":"WebSite","@id":"https:\/\/unstamps.org\/fr\/#website","url":"https:\/\/unstamps.org\/fr\/","name":"UN Stamps","description":"United Nations Stamps","publisher":{"@id":"https:\/\/unstamps.org\/fr\/#organization"},"potentialAction":[{"@type":"SearchAction","target":{"@type":"EntryPoint","urlTemplate":"https:\/\/unstamps.org\/fr\/?s={search_term_string}"},"query-input":{"@type":"PropertyValueSpecification","valueRequired":true,"valueName":"search_term_string"}}],"inLanguage":"fr-FR"},{"@type":"Organization","@id":"https:\/\/unstamps.org\/fr\/#organization","name":"UN Stamps","url":"https:\/\/unstamps.org\/fr\/","logo":{"@type":"ImageObject","inLanguage":"fr-FR","@id":"https:\/\/unstamps.org\/fr\/#\/schema\/logo\/image\/","url":"https:\/\/unstamps.org\/wp-content\/uploads\/2014\/01\/logo4web.jpg","contentUrl":"https:\/\/unstamps.org\/wp-content\/uploads\/2014\/01\/logo4web.jpg","width":2500,"height":250,"caption":"UN Stamps"},"image":{"@id":"https:\/\/unstamps.org\/fr\/#\/schema\/logo\/image\/"}}]}},"jetpack_sharing_enabled":true,"publishpress_future_action":{"enabled":false,"date":"2026-04-15 17:50:36","action":"change-status","newStatus":"private","terms":[],"taxonomy":"product_cat","extraData":[]},"publishpress_future_workflow_manual_trigger":{"enabledWorkflows":[]},"_links":{"self":[{"href":"https:\/\/unstamps.org\/fr\/wp-json\/wp\/v2\/product\/11235","targetHints":{"allow":["GET"]}}],"collection":[{"href":"https:\/\/unstamps.org\/fr\/wp-json\/wp\/v2\/product"}],"about":[{"href":"https:\/\/unstamps.org\/fr\/wp-json\/wp\/v2\/types\/product"}],"replies":[{"embeddable":true,"href":"https:\/\/unstamps.org\/fr\/wp-json\/wp\/v2\/comments?post=11235"}],"wp:featuredmedia":[{"embeddable":true,"href":"https:\/\/unstamps.org\/fr\/wp-json\/wp\/v2\/media\/11154"}],"wp:attachment":[{"href":"https:\/\/unstamps.org\/fr\/wp-json\/wp\/v2\/media?parent=11235"}],"wp:term":[{"taxonomy":"product_brand","embeddable":true,"href":"https:\/\/unstamps.org\/fr\/wp-json\/wp\/v2\/product_brand?post=11235"},{"taxonomy":"product_cat","embeddable":true,"href":"https:\/\/unstamps.org\/fr\/wp-json\/wp\/v2\/product_cat?post=11235"},{"taxonomy":"product_tag","embeddable":true,"href":"https:\/\/unstamps.org\/fr\/wp-json\/wp\/v2\/product_tag?post=11235"}],"curies":[{"name":"wp","href":"https:\/\/api.w.org\/{rel}","templated":true}]}}