{"id":1063,"date":"2013-12-11T09:10:37","date_gmt":"2013-12-11T14:10:37","guid":{"rendered":"http:\/\/unstamps.org\/?post_type=product&#038;p=1063"},"modified":"2024-01-26T10:00:05","modified_gmt":"2024-01-26T15:00:05","slug":"f-s-010-oblitere","status":"publish","type":"product","link":"https:\/\/unstamps.org\/fr\/produit\/f-s-010-oblitere\/","title":{"rendered":"F.s. 0,10 &#8211; Oblit\u00e9r\u00e9"},"content":{"rendered":"<p><strong>D\u00e9tails techniques<\/strong><\/p>\n<p><strong>Format:<\/strong>\u00a032 mm de large sur 26 mm de haut, de dentelure \u00e0 dentelure<\/p>\n<p><strong>Dentelure:<\/strong>\u00a013<\/p>\n<p><strong>Inscriptions marginales<\/strong><br \/>\nLes feuilles verticales de 20 timbres ont quatre inscriptions marginales, deux dans la marge de gauche et deux dans la marge de droite. L&#8217;inscription marginale est constitu\u00e9e de l&#8217;embl\u00e8me des Nations Unies avec le texte \u00ab Nations Unies \u00bb au-dessus de l&#8217;embl\u00e8me et l&#8217;ann\u00e9e \u00ab 2011 \u00bb au-dessous de l&#8217;embl\u00e8me. Un symbole du copyright avec l&#8217;ann\u00e9e 2011 appara\u00eetra dans la marge de bas.<\/p>\n<p><strong>L&#8217;Artiste et les dessins<\/strong><br \/>\nLes motifs ont \u00e9t\u00e9 dessin\u00e9s \u00e0 la main par Scott Solberg (Nations Unies) et repr\u00e9sentent les vues panoramiques des b\u00e2timents des Nations Unies \u00e0 New York, \u00e0 Gen\u00e8ve et \u00e0 Vienne.<\/p>\n<p><strong>Impression et quantit\u00e9s<\/strong><br \/>\nUne quantit\u00e9 de 400.000 timbres (20.000 feuilles) de chaque valeur a \u00e9t\u00e9 imprim\u00e9e en off set par Cartor Security Printing (France).<\/p>\n","protected":false},"excerpt":{"rendered":"<p>D\u00e9tails techniques Format:\u00a032 mm de large sur 26 mm de haut, de dentelure \u00e0 dentelure Dentelure:\u00a013 Inscriptions marginales Les feuilles verticales de 20 timbres ont quatre inscriptions marginales, deux dans la marge de gauche et deux dans la marge de droite. L&#8217;inscription marginale est constitu\u00e9e de l&#8217;embl\u00e8me des Nations Unies avec le texte \u00ab Nations [&hellip;]<\/p>\n","protected":false},"featured_media":1871,"comment_status":"open","ping_status":"closed","template":"","meta":{"ngg_post_thumbnail":0},"product_brand":[],"product_cat":[46,153],"product_tag":[],"class_list":{"0":"post-1063","1":"product","2":"type-product","3":"status-publish","4":"has-post-thumbnail","6":"product_cat-definitive","7":"product_cat-timbres-ordinaires","9":"first","10":"instock","11":"shipping-taxable","12":"purchasable","13":"product-type-simple"},"yoast_head":"<!-- This site is optimized with the Yoast SEO plugin v27.6 - https:\/\/yoast.com\/product\/yoast-seo-wordpress\/ -->\n<title>F.s. 0,10 &#8211; Oblit\u00e9r\u00e9 - UN Timbres<\/title>\n<meta name=\"robots\" content=\"index, follow, max-snippet:-1, max-image-preview:large, max-video-preview:-1\" \/>\n<link rel=\"canonical\" href=\"https:\/\/unstamps.org\/fr\/produit\/f-s-010-oblitere\/\" \/>\n<meta property=\"og:locale\" content=\"fr_FR\" \/>\n<meta property=\"og:type\" content=\"article\" \/>\n<meta property=\"og:title\" content=\"F.s. 0,10 &#8211; Oblit\u00e9r\u00e9 - UN Timbres\" \/>\n<meta property=\"og:description\" content=\"D\u00e9tails techniques Format:\u00a032 mm de large sur 26 mm de haut, de dentelure \u00e0 dentelure Dentelure:\u00a013 Inscriptions marginales Les feuilles verticales de 20 timbres ont quatre inscriptions marginales, deux dans la marge de gauche et deux dans la marge de droite. L&#8217;inscription marginale est constitu\u00e9e de l&#8217;embl\u00e8me des Nations Unies avec le texte \u00ab Nations [&hellip;]\" \/>\n<meta property=\"og:url\" content=\"https:\/\/unstamps.org\/fr\/produit\/f-s-010-oblitere\/\" \/>\n<meta property=\"og:site_name\" content=\"UN Timbres\" \/>\n<meta property=\"article:modified_time\" content=\"2024-01-26T15:00:05+00:00\" \/>\n<meta property=\"og:image\" content=\"https:\/\/unstamps.org\/wp-content\/uploads\/2013\/12\/DEF-G-2011_fs0.10_single.jpg\" \/>\n\t<meta property=\"og:image:width\" content=\"1024\" \/>\n\t<meta property=\"og:image:height\" content=\"1024\" \/>\n\t<meta property=\"og:image:type\" content=\"image\/jpeg\" \/>\n<meta name=\"twitter:card\" content=\"summary_large_image\" \/>\n<meta name=\"twitter:label1\" content=\"Dur\u00e9e de lecture estim\u00e9e\" \/>\n\t<meta name=\"twitter:data1\" content=\"1 minute\" \/>\n<script type=\"application\/ld+json\" class=\"yoast-schema-graph\">{\"@context\":\"https:\\\/\\\/schema.org\",\"@graph\":[{\"@type\":\"WebPage\",\"@id\":\"https:\\\/\\\/unstamps.org\\\/fr\\\/produit\\\/f-s-010-oblitere\\\/\",\"url\":\"https:\\\/\\\/unstamps.org\\\/fr\\\/produit\\\/f-s-010-oblitere\\\/\",\"name\":\"F.s. 0,10 &#8211; Oblit\u00e9r\u00e9 - UN Timbres\",\"isPartOf\":{\"@id\":\"https:\\\/\\\/unstamps.org\\\/fr\\\/#website\"},\"primaryImageOfPage\":{\"@id\":\"https:\\\/\\\/unstamps.org\\\/fr\\\/produit\\\/f-s-010-oblitere\\\/#primaryimage\"},\"image\":{\"@id\":\"https:\\\/\\\/unstamps.org\\\/fr\\\/produit\\\/f-s-010-oblitere\\\/#primaryimage\"},\"thumbnailUrl\":\"https:\\\/\\\/unstamps.org\\\/wp-content\\\/uploads\\\/2013\\\/12\\\/DEF-G-2011_fs0.10_single.jpg\",\"datePublished\":\"2013-12-11T14:10:37+00:00\",\"dateModified\":\"2024-01-26T15:00:05+00:00\",\"breadcrumb\":{\"@id\":\"https:\\\/\\\/unstamps.org\\\/fr\\\/produit\\\/f-s-010-oblitere\\\/#breadcrumb\"},\"inLanguage\":\"fr-FR\",\"potentialAction\":[{\"@type\":\"ReadAction\",\"target\":[\"https:\\\/\\\/unstamps.org\\\/fr\\\/produit\\\/f-s-010-oblitere\\\/\"]}]},{\"@type\":\"ImageObject\",\"inLanguage\":\"fr-FR\",\"@id\":\"https:\\\/\\\/unstamps.org\\\/fr\\\/produit\\\/f-s-010-oblitere\\\/#primaryimage\",\"url\":\"https:\\\/\\\/unstamps.org\\\/wp-content\\\/uploads\\\/2013\\\/12\\\/DEF-G-2011_fs0.10_single.jpg\",\"contentUrl\":\"https:\\\/\\\/unstamps.org\\\/wp-content\\\/uploads\\\/2013\\\/12\\\/DEF-G-2011_fs0.10_single.jpg\",\"width\":1024,\"height\":1024},{\"@type\":\"BreadcrumbList\",\"@id\":\"https:\\\/\\\/unstamps.org\\\/fr\\\/produit\\\/f-s-010-oblitere\\\/#breadcrumb\",\"itemListElement\":[{\"@type\":\"ListItem\",\"position\":1,\"name\":\"Home\",\"item\":\"https:\\\/\\\/unstamps.org\\\/fr\\\/\"},{\"@type\":\"ListItem\",\"position\":2,\"name\":\"Les produits\",\"item\":\"https:\\\/\\\/unstamps.org\\\/fr\\\/les-produits\\\/\"},{\"@type\":\"ListItem\",\"position\":3,\"name\":\"F.s. 0,10 &#8211; Oblit\u00e9r\u00e9\"}]},{\"@type\":\"WebSite\",\"@id\":\"https:\\\/\\\/unstamps.org\\\/fr\\\/#website\",\"url\":\"https:\\\/\\\/unstamps.org\\\/fr\\\/\",\"name\":\"UN Stamps\",\"description\":\"United Nations Stamps\",\"publisher\":{\"@id\":\"https:\\\/\\\/unstamps.org\\\/fr\\\/#organization\"},\"potentialAction\":[{\"@type\":\"SearchAction\",\"target\":{\"@type\":\"EntryPoint\",\"urlTemplate\":\"https:\\\/\\\/unstamps.org\\\/fr\\\/?s={search_term_string}\"},\"query-input\":{\"@type\":\"PropertyValueSpecification\",\"valueRequired\":true,\"valueName\":\"search_term_string\"}}],\"inLanguage\":\"fr-FR\"},{\"@type\":\"Organization\",\"@id\":\"https:\\\/\\\/unstamps.org\\\/fr\\\/#organization\",\"name\":\"UN Stamps\",\"url\":\"https:\\\/\\\/unstamps.org\\\/fr\\\/\",\"logo\":{\"@type\":\"ImageObject\",\"inLanguage\":\"fr-FR\",\"@id\":\"https:\\\/\\\/unstamps.org\\\/fr\\\/#\\\/schema\\\/logo\\\/image\\\/\",\"url\":\"https:\\\/\\\/unstamps.org\\\/wp-content\\\/uploads\\\/2014\\\/01\\\/logo4web.jpg\",\"contentUrl\":\"https:\\\/\\\/unstamps.org\\\/wp-content\\\/uploads\\\/2014\\\/01\\\/logo4web.jpg\",\"width\":2500,\"height\":250,\"caption\":\"UN Stamps\"},\"image\":{\"@id\":\"https:\\\/\\\/unstamps.org\\\/fr\\\/#\\\/schema\\\/logo\\\/image\\\/\"}}]}<\/script>\n<!-- \/ Yoast SEO plugin. -->","yoast_head_json":{"title":"F.s. 0,10 &#8211; Oblit\u00e9r\u00e9 - UN Timbres","robots":{"index":"index","follow":"follow","max-snippet":"max-snippet:-1","max-image-preview":"max-image-preview:large","max-video-preview":"max-video-preview:-1"},"canonical":"https:\/\/unstamps.org\/fr\/produit\/f-s-010-oblitere\/","og_locale":"fr_FR","og_type":"article","og_title":"F.s. 0,10 &#8211; Oblit\u00e9r\u00e9 - UN Timbres","og_description":"D\u00e9tails techniques Format:\u00a032 mm de large sur 26 mm de haut, de dentelure \u00e0 dentelure Dentelure:\u00a013 Inscriptions marginales Les feuilles verticales de 20 timbres ont quatre inscriptions marginales, deux dans la marge de gauche et deux dans la marge de droite. L&#8217;inscription marginale est constitu\u00e9e de l&#8217;embl\u00e8me des Nations Unies avec le texte \u00ab Nations [&hellip;]","og_url":"https:\/\/unstamps.org\/fr\/produit\/f-s-010-oblitere\/","og_site_name":"UN Timbres","article_modified_time":"2024-01-26T15:00:05+00:00","og_image":[{"width":1024,"height":1024,"url":"https:\/\/unstamps.org\/wp-content\/uploads\/2013\/12\/DEF-G-2011_fs0.10_single.jpg","type":"image\/jpeg"}],"twitter_card":"summary_large_image","twitter_misc":{"Dur\u00e9e de lecture estim\u00e9e":"1 minute"},"schema":{"@context":"https:\/\/schema.org","@graph":[{"@type":"WebPage","@id":"https:\/\/unstamps.org\/fr\/produit\/f-s-010-oblitere\/","url":"https:\/\/unstamps.org\/fr\/produit\/f-s-010-oblitere\/","name":"F.s. 0,10 &#8211; Oblit\u00e9r\u00e9 - UN Timbres","isPartOf":{"@id":"https:\/\/unstamps.org\/fr\/#website"},"primaryImageOfPage":{"@id":"https:\/\/unstamps.org\/fr\/produit\/f-s-010-oblitere\/#primaryimage"},"image":{"@id":"https:\/\/unstamps.org\/fr\/produit\/f-s-010-oblitere\/#primaryimage"},"thumbnailUrl":"https:\/\/unstamps.org\/wp-content\/uploads\/2013\/12\/DEF-G-2011_fs0.10_single.jpg","datePublished":"2013-12-11T14:10:37+00:00","dateModified":"2024-01-26T15:00:05+00:00","breadcrumb":{"@id":"https:\/\/unstamps.org\/fr\/produit\/f-s-010-oblitere\/#breadcrumb"},"inLanguage":"fr-FR","potentialAction":[{"@type":"ReadAction","target":["https:\/\/unstamps.org\/fr\/produit\/f-s-010-oblitere\/"]}]},{"@type":"ImageObject","inLanguage":"fr-FR","@id":"https:\/\/unstamps.org\/fr\/produit\/f-s-010-oblitere\/#primaryimage","url":"https:\/\/unstamps.org\/wp-content\/uploads\/2013\/12\/DEF-G-2011_fs0.10_single.jpg","contentUrl":"https:\/\/unstamps.org\/wp-content\/uploads\/2013\/12\/DEF-G-2011_fs0.10_single.jpg","width":1024,"height":1024},{"@type":"BreadcrumbList","@id":"https:\/\/unstamps.org\/fr\/produit\/f-s-010-oblitere\/#breadcrumb","itemListElement":[{"@type":"ListItem","position":1,"name":"Home","item":"https:\/\/unstamps.org\/fr\/"},{"@type":"ListItem","position":2,"name":"Les produits","item":"https:\/\/unstamps.org\/fr\/les-produits\/"},{"@type":"ListItem","position":3,"name":"F.s. 0,10 &#8211; Oblit\u00e9r\u00e9"}]},{"@type":"WebSite","@id":"https:\/\/unstamps.org\/fr\/#website","url":"https:\/\/unstamps.org\/fr\/","name":"UN Stamps","description":"United Nations Stamps","publisher":{"@id":"https:\/\/unstamps.org\/fr\/#organization"},"potentialAction":[{"@type":"SearchAction","target":{"@type":"EntryPoint","urlTemplate":"https:\/\/unstamps.org\/fr\/?s={search_term_string}"},"query-input":{"@type":"PropertyValueSpecification","valueRequired":true,"valueName":"search_term_string"}}],"inLanguage":"fr-FR"},{"@type":"Organization","@id":"https:\/\/unstamps.org\/fr\/#organization","name":"UN Stamps","url":"https:\/\/unstamps.org\/fr\/","logo":{"@type":"ImageObject","inLanguage":"fr-FR","@id":"https:\/\/unstamps.org\/fr\/#\/schema\/logo\/image\/","url":"https:\/\/unstamps.org\/wp-content\/uploads\/2014\/01\/logo4web.jpg","contentUrl":"https:\/\/unstamps.org\/wp-content\/uploads\/2014\/01\/logo4web.jpg","width":2500,"height":250,"caption":"UN Stamps"},"image":{"@id":"https:\/\/unstamps.org\/fr\/#\/schema\/logo\/image\/"}}]}},"jetpack_sharing_enabled":true,"publishpress_future_action":{"enabled":false,"date":"2026-05-22 12:11:50","action":"change-status","newStatus":"private","terms":[],"taxonomy":"product_cat","extraData":[]},"publishpress_future_workflow_manual_trigger":{"enabledWorkflows":[]},"_links":{"self":[{"href":"https:\/\/unstamps.org\/fr\/wp-json\/wp\/v2\/product\/1063","targetHints":{"allow":["GET"]}}],"collection":[{"href":"https:\/\/unstamps.org\/fr\/wp-json\/wp\/v2\/product"}],"about":[{"href":"https:\/\/unstamps.org\/fr\/wp-json\/wp\/v2\/types\/product"}],"replies":[{"embeddable":true,"href":"https:\/\/unstamps.org\/fr\/wp-json\/wp\/v2\/comments?post=1063"}],"wp:featuredmedia":[{"embeddable":true,"href":"https:\/\/unstamps.org\/fr\/wp-json\/wp\/v2\/media\/1871"}],"wp:attachment":[{"href":"https:\/\/unstamps.org\/fr\/wp-json\/wp\/v2\/media?parent=1063"}],"wp:term":[{"taxonomy":"product_brand","embeddable":true,"href":"https:\/\/unstamps.org\/fr\/wp-json\/wp\/v2\/product_brand?post=1063"},{"taxonomy":"product_cat","embeddable":true,"href":"https:\/\/unstamps.org\/fr\/wp-json\/wp\/v2\/product_cat?post=1063"},{"taxonomy":"product_tag","embeddable":true,"href":"https:\/\/unstamps.org\/fr\/wp-json\/wp\/v2\/product_tag?post=1063"}],"curies":[{"name":"wp","href":"https:\/\/api.w.org\/{rel}","templated":true}]}}