{"id":104045,"date":"2020-05-06T19:33:52","date_gmt":"2020-05-06T23:33:52","guid":{"rendered":"https:\/\/unstamps.org\/?post_type=product&#038;p=104045"},"modified":"2026-01-09T10:26:23","modified_gmt":"2026-01-09T15:26:23","slug":"quarantieme-anniversaire-de-leradication-de-la-variole-chf-170","status":"publish","type":"product","link":"https:\/\/unstamps.org\/fr\/produit\/quarantieme-anniversaire-de-leradication-de-la-variole-chf-170\/","title":{"rendered":"Quaranti\u00e8me anniversaire de l\u2019\u00e9radication de la Variole \u2013 CHF 1,70"},"content":{"rendered":"<p>En d\u00e9cembre 2019, l\u2019Organisation mondiale de la Sant\u00e9 (OMS) a c\u00e9l\u00e9br\u00e9 le quaranti\u00e8me anniversaire de l\u2019\u00e9radication de la variole. La disparition de cette maladie a \u00e9t\u00e9 confirm\u00e9e le 9 d\u00e9cembre 1979, journ\u00e9e historique. Cinq mois plus tard, en mai 1980, la trente-troisi\u00e8me Assembl\u00e9e mondiale de la Sant\u00e9 d\u00e9clarait officiellement que \u00ab tous les peuples du monde \u00e9taient d\u00e9sormais lib\u00e9r\u00e9s de la variole \u00bb.<\/p>\n<p>Une plaque de bronze marquant la fin d\u2019un fl\u00e9au qui a touch\u00e9 des millions de personnes pendant des milliers d\u2019ann\u00e9es a \u00e9t\u00e9 d\u00e9voil\u00e9e \u00e0 Gen\u00e8ve, au si\u00e8ge de l\u2019OMS, dans la m\u00eame salle de r\u00e9union o\u00f9, quarante ans plus t\u00f4t, les 19 membres de la Commission mondiale pour la certification de l\u2019\u00e9radication de la variole avaient certifi\u00e9 que la variole \u00e9tait d\u00e9sormais \u00e9radiqu\u00e9e de la surface du globe.<\/p>\n<p>Avant d\u2019\u00eatre vaincue, la variole a frapp\u00e9 l\u2019humanit\u00e9 pendant au moins 3000 ans, emportant 300 millions de personnes au cours du seul XXe si\u00e8cle. Le dernier cas end\u00e9mique a \u00e9t\u00e9 signal\u00e9 en 1977 en Somalie, o\u00f9 la flamb\u00e9e a \u00e9t\u00e9 rapidement endigu\u00e9e.<\/p>\n<p>Le succ\u00e8s du programme d\u2019\u00e9radication de la variole a permis de d\u00e9velopper des connaissances et des outils essentiels pour la surveillance et a d\u00e9montr\u00e9 les avantages de la vaccination en anneau et l\u2019importance de la promotion de la sant\u00e9 dans la lutte contre des maladies comme la poliomy\u00e9lite ou la maladie \u00e0 virus Ebola. Ce programme a \u00e9galement permis de jeter les bases n\u00e9cessaires \u00e0 la mise en place de programmes de vaccination nationaux plus solides, partout dans le monde, contribuant \u00e0 instaurer des soins de sant\u00e9 primaires dans de nombreux pays et cr\u00e9ant une dynamique en faveur de la couverture sanitaire universelle.<\/p>\n<p><strong>Date d\u2019\u00e9mission:<\/strong> 8 mai 2020<br \/>\n<strong>Dessinateur:<\/strong> Sergio Baradat (Nations Unies)<br \/>\n<strong>Valeur:<\/strong> CHF 1,70<br \/>\n<strong>Format de timbre:<\/strong> 40 mm x 30 mm<br \/>\n<strong>Timbres par feuille:<\/strong> 20<br \/>\n<strong>Imprimeur:<\/strong> Cartor Security Printing (France)<br \/>\n<strong>Reproduction:<\/strong> Lithographie offset<br \/>\n<strong>Dentelure:<\/strong> 13 x 13 1\/4<br \/>\n<strong>Tirage:<\/strong> 12.000 feuilles (240.000 timbres)<\/p>\n","protected":false},"excerpt":{"rendered":"<p>En d\u00e9cembre 2019, l\u2019Organisation mondiale de la Sant\u00e9 (OMS) a c\u00e9l\u00e9br\u00e9 le quaranti\u00e8me anniversaire de l\u2019\u00e9radication de la variole. La disparition de cette maladie a \u00e9t\u00e9 confirm\u00e9e le 9 d\u00e9cembre 1979, journ\u00e9e historique. Cinq mois plus tard, en mai 1980, la trente-troisi\u00e8me Assembl\u00e9e mondiale de la Sant\u00e9 d\u00e9clarait officiellement que \u00ab tous les peuples du [&hellip;]<\/p>\n","protected":false},"featured_media":104378,"comment_status":"closed","ping_status":"closed","template":"","meta":{"ngg_post_thumbnail":0},"product_brand":[],"product_cat":[1032,145,143,153],"product_tag":[1969,1457,1630],"class_list":{"0":"post-104045","1":"product","2":"type-product","3":"status-publish","4":"has-post-thumbnail","6":"product_cat-2020_fr","7":"product_cat-geneve","8":"product_cat-timbres-individuels","9":"product_cat-timbres-ordinaires","10":"product_tag-definitive-fr","11":"product_tag-ge-40th-anniversary-of-eradication-of-smallpox-fr","12":"product_tag-single-stamp-fr","13":"pa_condition-cancelled-fr","14":"pa_condition-mint-fr","16":"first","17":"instock","18":"shipping-taxable","19":"purchasable","20":"product-type-variable"},"yoast_head":"<!-- This site is optimized with the Yoast SEO plugin v27.3 - https:\/\/yoast.com\/product\/yoast-seo-wordpress\/ -->\n<title>Quaranti\u00e8me anniversaire de l\u2019\u00e9radication de la Variole \u2013 CHF 1,70 - UN Timbres<\/title>\n<meta name=\"robots\" content=\"index, follow, max-snippet:-1, max-image-preview:large, max-video-preview:-1\" \/>\n<link rel=\"canonical\" href=\"https:\/\/unstamps.org\/fr\/produit\/quarantieme-anniversaire-de-leradication-de-la-variole-chf-170\/\" \/>\n<meta property=\"og:locale\" content=\"fr_FR\" \/>\n<meta property=\"og:type\" content=\"article\" \/>\n<meta property=\"og:title\" content=\"Quaranti\u00e8me anniversaire de l\u2019\u00e9radication de la Variole \u2013 CHF 1,70 - UN Timbres\" \/>\n<meta property=\"og:description\" content=\"En d\u00e9cembre 2019, l\u2019Organisation mondiale de la Sant\u00e9 (OMS) a c\u00e9l\u00e9br\u00e9 le quaranti\u00e8me anniversaire de l\u2019\u00e9radication de la variole. La disparition de cette maladie a \u00e9t\u00e9 confirm\u00e9e le 9 d\u00e9cembre 1979, journ\u00e9e historique. Cinq mois plus tard, en mai 1980, la trente-troisi\u00e8me Assembl\u00e9e mondiale de la Sant\u00e9 d\u00e9clarait officiellement que \u00ab tous les peuples du [&hellip;]\" \/>\n<meta property=\"og:url\" content=\"https:\/\/unstamps.org\/fr\/produit\/quarantieme-anniversaire-de-leradication-de-la-variole-chf-170\/\" \/>\n<meta property=\"og:site_name\" content=\"UN Timbres\" \/>\n<meta property=\"article:modified_time\" content=\"2026-01-09T15:26:23+00:00\" \/>\n<meta property=\"og:image\" content=\"https:\/\/unstamps.org\/wp-content\/uploads\/2020\/05\/Smallpox_Single.jpg\" \/>\n\t<meta property=\"og:image:width\" content=\"1024\" \/>\n\t<meta property=\"og:image:height\" content=\"1024\" \/>\n\t<meta property=\"og:image:type\" content=\"image\/jpeg\" \/>\n<meta name=\"twitter:card\" content=\"summary_large_image\" \/>\n<meta name=\"twitter:label1\" content=\"Dur\u00e9e de lecture estim\u00e9e\" \/>\n\t<meta name=\"twitter:data1\" content=\"2 minutes\" \/>\n<script type=\"application\/ld+json\" class=\"yoast-schema-graph\">{\"@context\":\"https:\\\/\\\/schema.org\",\"@graph\":[{\"@type\":\"WebPage\",\"@id\":\"https:\\\/\\\/unstamps.org\\\/fr\\\/produit\\\/quarantieme-anniversaire-de-leradication-de-la-variole-chf-170\\\/\",\"url\":\"https:\\\/\\\/unstamps.org\\\/fr\\\/produit\\\/quarantieme-anniversaire-de-leradication-de-la-variole-chf-170\\\/\",\"name\":\"Quaranti\u00e8me anniversaire de l\u2019\u00e9radication de la Variole \u2013 CHF 1,70 - UN Timbres\",\"isPartOf\":{\"@id\":\"https:\\\/\\\/unstamps.org\\\/fr\\\/#website\"},\"primaryImageOfPage\":{\"@id\":\"https:\\\/\\\/unstamps.org\\\/fr\\\/produit\\\/quarantieme-anniversaire-de-leradication-de-la-variole-chf-170\\\/#primaryimage\"},\"image\":{\"@id\":\"https:\\\/\\\/unstamps.org\\\/fr\\\/produit\\\/quarantieme-anniversaire-de-leradication-de-la-variole-chf-170\\\/#primaryimage\"},\"thumbnailUrl\":\"https:\\\/\\\/unstamps.org\\\/wp-content\\\/uploads\\\/2020\\\/05\\\/Smallpox_Single.jpg\",\"datePublished\":\"2020-05-06T23:33:52+00:00\",\"dateModified\":\"2026-01-09T15:26:23+00:00\",\"breadcrumb\":{\"@id\":\"https:\\\/\\\/unstamps.org\\\/fr\\\/produit\\\/quarantieme-anniversaire-de-leradication-de-la-variole-chf-170\\\/#breadcrumb\"},\"inLanguage\":\"fr-FR\",\"potentialAction\":[{\"@type\":\"ReadAction\",\"target\":[\"https:\\\/\\\/unstamps.org\\\/fr\\\/produit\\\/quarantieme-anniversaire-de-leradication-de-la-variole-chf-170\\\/\"]}]},{\"@type\":\"ImageObject\",\"inLanguage\":\"fr-FR\",\"@id\":\"https:\\\/\\\/unstamps.org\\\/fr\\\/produit\\\/quarantieme-anniversaire-de-leradication-de-la-variole-chf-170\\\/#primaryimage\",\"url\":\"https:\\\/\\\/unstamps.org\\\/wp-content\\\/uploads\\\/2020\\\/05\\\/Smallpox_Single.jpg\",\"contentUrl\":\"https:\\\/\\\/unstamps.org\\\/wp-content\\\/uploads\\\/2020\\\/05\\\/Smallpox_Single.jpg\",\"width\":1024,\"height\":1024},{\"@type\":\"BreadcrumbList\",\"@id\":\"https:\\\/\\\/unstamps.org\\\/fr\\\/produit\\\/quarantieme-anniversaire-de-leradication-de-la-variole-chf-170\\\/#breadcrumb\",\"itemListElement\":[{\"@type\":\"ListItem\",\"position\":1,\"name\":\"Home\",\"item\":\"https:\\\/\\\/unstamps.org\\\/fr\\\/\"},{\"@type\":\"ListItem\",\"position\":2,\"name\":\"Les produits\",\"item\":\"https:\\\/\\\/unstamps.org\\\/fr\\\/les-produits\\\/\"},{\"@type\":\"ListItem\",\"position\":3,\"name\":\"Quaranti\u00e8me anniversaire de l\u2019\u00e9radication de la Variole \u2013 CHF 1,70\"}]},{\"@type\":\"WebSite\",\"@id\":\"https:\\\/\\\/unstamps.org\\\/fr\\\/#website\",\"url\":\"https:\\\/\\\/unstamps.org\\\/fr\\\/\",\"name\":\"UN Stamps\",\"description\":\"United Nations Stamps\",\"publisher\":{\"@id\":\"https:\\\/\\\/unstamps.org\\\/fr\\\/#organization\"},\"potentialAction\":[{\"@type\":\"SearchAction\",\"target\":{\"@type\":\"EntryPoint\",\"urlTemplate\":\"https:\\\/\\\/unstamps.org\\\/fr\\\/?s={search_term_string}\"},\"query-input\":{\"@type\":\"PropertyValueSpecification\",\"valueRequired\":true,\"valueName\":\"search_term_string\"}}],\"inLanguage\":\"fr-FR\"},{\"@type\":\"Organization\",\"@id\":\"https:\\\/\\\/unstamps.org\\\/fr\\\/#organization\",\"name\":\"UN Stamps\",\"url\":\"https:\\\/\\\/unstamps.org\\\/fr\\\/\",\"logo\":{\"@type\":\"ImageObject\",\"inLanguage\":\"fr-FR\",\"@id\":\"https:\\\/\\\/unstamps.org\\\/fr\\\/#\\\/schema\\\/logo\\\/image\\\/\",\"url\":\"https:\\\/\\\/unstamps.org\\\/wp-content\\\/uploads\\\/2014\\\/01\\\/logo4web.jpg\",\"contentUrl\":\"https:\\\/\\\/unstamps.org\\\/wp-content\\\/uploads\\\/2014\\\/01\\\/logo4web.jpg\",\"width\":2500,\"height\":250,\"caption\":\"UN Stamps\"},\"image\":{\"@id\":\"https:\\\/\\\/unstamps.org\\\/fr\\\/#\\\/schema\\\/logo\\\/image\\\/\"}}]}<\/script>\n<!-- \/ Yoast SEO plugin. -->","yoast_head_json":{"title":"Quaranti\u00e8me anniversaire de l\u2019\u00e9radication de la Variole \u2013 CHF 1,70 - UN Timbres","robots":{"index":"index","follow":"follow","max-snippet":"max-snippet:-1","max-image-preview":"max-image-preview:large","max-video-preview":"max-video-preview:-1"},"canonical":"https:\/\/unstamps.org\/fr\/produit\/quarantieme-anniversaire-de-leradication-de-la-variole-chf-170\/","og_locale":"fr_FR","og_type":"article","og_title":"Quaranti\u00e8me anniversaire de l\u2019\u00e9radication de la Variole \u2013 CHF 1,70 - UN Timbres","og_description":"En d\u00e9cembre 2019, l\u2019Organisation mondiale de la Sant\u00e9 (OMS) a c\u00e9l\u00e9br\u00e9 le quaranti\u00e8me anniversaire de l\u2019\u00e9radication de la variole. La disparition de cette maladie a \u00e9t\u00e9 confirm\u00e9e le 9 d\u00e9cembre 1979, journ\u00e9e historique. Cinq mois plus tard, en mai 1980, la trente-troisi\u00e8me Assembl\u00e9e mondiale de la Sant\u00e9 d\u00e9clarait officiellement que \u00ab tous les peuples du [&hellip;]","og_url":"https:\/\/unstamps.org\/fr\/produit\/quarantieme-anniversaire-de-leradication-de-la-variole-chf-170\/","og_site_name":"UN Timbres","article_modified_time":"2026-01-09T15:26:23+00:00","og_image":[{"width":1024,"height":1024,"url":"https:\/\/unstamps.org\/wp-content\/uploads\/2020\/05\/Smallpox_Single.jpg","type":"image\/jpeg"}],"twitter_card":"summary_large_image","twitter_misc":{"Dur\u00e9e de lecture estim\u00e9e":"2 minutes"},"schema":{"@context":"https:\/\/schema.org","@graph":[{"@type":"WebPage","@id":"https:\/\/unstamps.org\/fr\/produit\/quarantieme-anniversaire-de-leradication-de-la-variole-chf-170\/","url":"https:\/\/unstamps.org\/fr\/produit\/quarantieme-anniversaire-de-leradication-de-la-variole-chf-170\/","name":"Quaranti\u00e8me anniversaire de l\u2019\u00e9radication de la Variole \u2013 CHF 1,70 - UN Timbres","isPartOf":{"@id":"https:\/\/unstamps.org\/fr\/#website"},"primaryImageOfPage":{"@id":"https:\/\/unstamps.org\/fr\/produit\/quarantieme-anniversaire-de-leradication-de-la-variole-chf-170\/#primaryimage"},"image":{"@id":"https:\/\/unstamps.org\/fr\/produit\/quarantieme-anniversaire-de-leradication-de-la-variole-chf-170\/#primaryimage"},"thumbnailUrl":"https:\/\/unstamps.org\/wp-content\/uploads\/2020\/05\/Smallpox_Single.jpg","datePublished":"2020-05-06T23:33:52+00:00","dateModified":"2026-01-09T15:26:23+00:00","breadcrumb":{"@id":"https:\/\/unstamps.org\/fr\/produit\/quarantieme-anniversaire-de-leradication-de-la-variole-chf-170\/#breadcrumb"},"inLanguage":"fr-FR","potentialAction":[{"@type":"ReadAction","target":["https:\/\/unstamps.org\/fr\/produit\/quarantieme-anniversaire-de-leradication-de-la-variole-chf-170\/"]}]},{"@type":"ImageObject","inLanguage":"fr-FR","@id":"https:\/\/unstamps.org\/fr\/produit\/quarantieme-anniversaire-de-leradication-de-la-variole-chf-170\/#primaryimage","url":"https:\/\/unstamps.org\/wp-content\/uploads\/2020\/05\/Smallpox_Single.jpg","contentUrl":"https:\/\/unstamps.org\/wp-content\/uploads\/2020\/05\/Smallpox_Single.jpg","width":1024,"height":1024},{"@type":"BreadcrumbList","@id":"https:\/\/unstamps.org\/fr\/produit\/quarantieme-anniversaire-de-leradication-de-la-variole-chf-170\/#breadcrumb","itemListElement":[{"@type":"ListItem","position":1,"name":"Home","item":"https:\/\/unstamps.org\/fr\/"},{"@type":"ListItem","position":2,"name":"Les produits","item":"https:\/\/unstamps.org\/fr\/les-produits\/"},{"@type":"ListItem","position":3,"name":"Quaranti\u00e8me anniversaire de l\u2019\u00e9radication de la Variole \u2013 CHF 1,70"}]},{"@type":"WebSite","@id":"https:\/\/unstamps.org\/fr\/#website","url":"https:\/\/unstamps.org\/fr\/","name":"UN Stamps","description":"United Nations Stamps","publisher":{"@id":"https:\/\/unstamps.org\/fr\/#organization"},"potentialAction":[{"@type":"SearchAction","target":{"@type":"EntryPoint","urlTemplate":"https:\/\/unstamps.org\/fr\/?s={search_term_string}"},"query-input":{"@type":"PropertyValueSpecification","valueRequired":true,"valueName":"search_term_string"}}],"inLanguage":"fr-FR"},{"@type":"Organization","@id":"https:\/\/unstamps.org\/fr\/#organization","name":"UN Stamps","url":"https:\/\/unstamps.org\/fr\/","logo":{"@type":"ImageObject","inLanguage":"fr-FR","@id":"https:\/\/unstamps.org\/fr\/#\/schema\/logo\/image\/","url":"https:\/\/unstamps.org\/wp-content\/uploads\/2014\/01\/logo4web.jpg","contentUrl":"https:\/\/unstamps.org\/wp-content\/uploads\/2014\/01\/logo4web.jpg","width":2500,"height":250,"caption":"UN Stamps"},"image":{"@id":"https:\/\/unstamps.org\/fr\/#\/schema\/logo\/image\/"}}]}},"jetpack_sharing_enabled":true,"publishpress_future_action":{"enabled":false,"date":"2026-04-21 12:34:36","action":"change-status","newStatus":"private","terms":[],"taxonomy":"product_cat","extraData":[]},"publishpress_future_workflow_manual_trigger":{"enabledWorkflows":[]},"_links":{"self":[{"href":"https:\/\/unstamps.org\/fr\/wp-json\/wp\/v2\/product\/104045","targetHints":{"allow":["GET"]}}],"collection":[{"href":"https:\/\/unstamps.org\/fr\/wp-json\/wp\/v2\/product"}],"about":[{"href":"https:\/\/unstamps.org\/fr\/wp-json\/wp\/v2\/types\/product"}],"replies":[{"embeddable":true,"href":"https:\/\/unstamps.org\/fr\/wp-json\/wp\/v2\/comments?post=104045"}],"wp:featuredmedia":[{"embeddable":true,"href":"https:\/\/unstamps.org\/fr\/wp-json\/wp\/v2\/media\/104378"}],"wp:attachment":[{"href":"https:\/\/unstamps.org\/fr\/wp-json\/wp\/v2\/media?parent=104045"}],"wp:term":[{"taxonomy":"product_brand","embeddable":true,"href":"https:\/\/unstamps.org\/fr\/wp-json\/wp\/v2\/product_brand?post=104045"},{"taxonomy":"product_cat","embeddable":true,"href":"https:\/\/unstamps.org\/fr\/wp-json\/wp\/v2\/product_cat?post=104045"},{"taxonomy":"product_tag","embeddable":true,"href":"https:\/\/unstamps.org\/fr\/wp-json\/wp\/v2\/product_tag?post=104045"}],"curies":[{"name":"wp","href":"https:\/\/api.w.org\/{rel}","templated":true}]}}