{"id":103703,"date":"2020-04-30T09:49:43","date_gmt":"2020-04-30T13:49:43","guid":{"rendered":"https:\/\/unstamps.org\/?post_type=product&#038;p=103703"},"modified":"2026-01-09T10:54:26","modified_gmt":"2026-01-09T15:54:26","slug":"florence-nightingale-vi-timbre-ordinaire-e-135-feuille-entiere","status":"publish","type":"product","link":"https:\/\/unstamps.org\/fr\/produit\/florence-nightingale-vi-timbre-ordinaire-e-135-feuille-entiere\/","title":{"rendered":"Florence Nightingale \u2013 VI Timbre Ordinaire \u2013 \u20ac 1,35 Feuille enti\u00e8re"},"content":{"rendered":"<p>L\u2019Organisation mondiale de la Sant\u00e9 a proclam\u00e9 que 2020 serait l<strong>\u2019Ann\u00e9e internationale des sages femmes et du personnel infirmier<\/strong> afin de reconna\u00eetre le r\u00f4le essentiel que ces professionnels jouent dans le monde entier en mati\u00e8re de sant\u00e9. Cette ann\u00e9e marque \u00e9galement le <strong>bicentenaire de la naissance de la fondatrice des soins infirmiers modernes, Florence Nightingale<\/strong> (1820-1910).<\/p>\n<p>Florence Nightingale est n\u00e9e le 12 mai 1820 \u00e0 Florence (Italie), ville qui lui a donn\u00e9 son pr\u00e9nom. Elle s\u2019est fait conna\u00eetre en encadrant et en formant des infirmi\u00e8res pendant la guerre de Crim\u00e9e, o\u00f9 elle a organis\u00e9 les soins pour des soldats bless\u00e9s. Ses rondes de nuit lui ont valu le surnom de \u00ab La Dame \u00e0 la lampe \u00bb.<\/p>\n<p>Au cours de sa carri\u00e8re, Florence Nightingale a jet\u00e9 les bases des soins infirmiers professionnels en fondant la Nightingale Training School for Nurses chez l\u2019h\u00f4pital Saint Thomas de Londres en 1860. Son action en faveur de la r\u00e9forme des soins a eu une grande influence sur leur qualit\u00e9 au XIXe et au XXe si\u00e8cles.<\/p>\n<p>Les membres du personnel infirmier sont souvent appel\u00e9s des soignants. Partout dans le monde, ce personnel et les sages-femmes jouent un r\u00f4le essentiel dans la promotion de la sant\u00e9, la pr\u00e9vention des maladies et la prestation de soins, quel que soit le contexte. Ils sont souvent le premier, voire le seul, recours de la population en mati\u00e8re de sant\u00e9 et de soins.<\/p>\n<p>Le personnel infirmier et les sages-femmes jouent un r\u00f4le essentiel dans la prestation de soins et forment les cat\u00e9gories professionnelles les plus importantes au sein du personnel sanitaire (ils repr\u00e9sentent 50 % de ce personnel \u00e0 l\u2019\u00e9chelle mondiale). Pr\u00e8s de 70 % des membres du personnel du secteur sanitaire et social sont des femmes. Ils travaillent souvent dans des circonstances difficiles et sont sous-estim\u00e9s, en sous-effectif et surmen\u00e9s.<\/p>\n<p>Cette ann\u00e9e de distinction pour le personnel infirmier et les sages-femmes est l\u2019occasion de rendre hommage \u00e0 leur travail, d\u2019insister sur les situations difficiles auxquelles ils font souvent face et de plaider pour une intensification des efforts visant \u00e0 pallier la p\u00e9nurie de personnel de sant\u00e9 dans le monde.<br \/>\nPour de plus amples informations sur cette campagne, veuillez consulter la page suivante : <a href=\"https:\/\/www.who.int\/fr\/news-room\/campaigns\/year-of-the-nurse-and-the-midwife-2020\">https:\/\/www.who.int\/fr\/news-room\/campaigns\/year-of-the-nurse-and-the-midwife-2020<\/a>.<\/p>\n<p>#SupportNursesAndMidwives #Nurses2020 #midwives2020<\/p>\n<p><strong>Date d\u2019\u00e9mission:<\/strong> 12 mai 2020<br \/>\n<strong>Artiste:<\/strong> Martin M\u00f6rck (Norv\u00e8ge)<br \/>\n<strong>Dessinateur:<\/strong> Rorie Katz (Nations Unies)<br \/>\n<strong>Valeur:<\/strong> \u20ac 1,35<br \/>\n<strong>Format de timbre:<\/strong> 50 mm x 35 mm<br \/>\n<strong>Timbres par feuille:<\/strong> 20<br \/>\n<strong>Imprimeur:<\/strong> Joh. Ensched\u00e9 Stamps Security Printers B.V. (Pays-Bas)<br \/>\n<strong>Reproduction:<\/strong> Lithographie offset \u2013 Duotone<br \/>\n<strong>Dentelure:<\/strong> 14 x 14 1\/4<br \/>\n<strong>Tirage:<\/strong> 12.000 feuilles (240.000 timbres)<\/p>\n","protected":false},"excerpt":{"rendered":"<p>L\u2019Organisation mondiale de la Sant\u00e9 a proclam\u00e9 que 2020 serait l\u2019Ann\u00e9e internationale des sages femmes et du personnel infirmier afin de reconna\u00eetre le r\u00f4le essentiel que ces professionnels jouent dans le monde entier en mati\u00e8re de sant\u00e9. Cette ann\u00e9e marque \u00e9galement le bicentenaire de la naissance de la fondatrice des soins infirmiers modernes, Florence Nightingale [&hellip;]<\/p>\n","protected":false},"featured_media":104298,"comment_status":"closed","ping_status":"closed","template":"","meta":{"ngg_post_thumbnail":0},"product_brand":[],"product_cat":[1032,222,153,156],"product_tag":[2004,1436,2415,1707],"class_list":{"0":"post-103703","1":"product","2":"type-product","3":"status-publish","4":"has-post-thumbnail","6":"product_cat-2020_fr","7":"product_cat-feuille-entiere","8":"product_cat-timbres-ordinaires","9":"product_cat-vienne","10":"product_tag-definitives-fr","11":"product_tag-florence-nightingale-fr","12":"product_tag-full-sheet-fr","13":"product_tag-vi-fr","14":"pa_condition-cancelled-fr","15":"pa_condition-mint-fr","17":"first","18":"instock","19":"shipping-taxable","20":"purchasable","21":"product-type-variable"},"yoast_head":"<!-- This site is optimized with the Yoast SEO plugin v27.4 - https:\/\/yoast.com\/product\/yoast-seo-wordpress\/ -->\n<title>Florence Nightingale \u2013 VI Timbre Ordinaire \u2013 \u20ac 1,35 Feuille enti\u00e8re - UN Timbres<\/title>\n<meta name=\"robots\" content=\"index, follow, max-snippet:-1, max-image-preview:large, max-video-preview:-1\" \/>\n<link rel=\"canonical\" href=\"https:\/\/unstamps.org\/fr\/produit\/florence-nightingale-vi-timbre-ordinaire-e-135-feuille-entiere\/\" \/>\n<meta property=\"og:locale\" content=\"fr_FR\" \/>\n<meta property=\"og:type\" content=\"article\" \/>\n<meta property=\"og:title\" content=\"Florence Nightingale \u2013 VI Timbre Ordinaire \u2013 \u20ac 1,35 Feuille enti\u00e8re - UN Timbres\" \/>\n<meta property=\"og:description\" content=\"L\u2019Organisation mondiale de la Sant\u00e9 a proclam\u00e9 que 2020 serait l\u2019Ann\u00e9e internationale des sages femmes et du personnel infirmier afin de reconna\u00eetre le r\u00f4le essentiel que ces professionnels jouent dans le monde entier en mati\u00e8re de sant\u00e9. Cette ann\u00e9e marque \u00e9galement le bicentenaire de la naissance de la fondatrice des soins infirmiers modernes, Florence Nightingale [&hellip;]\" \/>\n<meta property=\"og:url\" content=\"https:\/\/unstamps.org\/fr\/produit\/florence-nightingale-vi-timbre-ordinaire-e-135-feuille-entiere\/\" \/>\n<meta property=\"og:site_name\" content=\"UN Timbres\" \/>\n<meta property=\"article:modified_time\" content=\"2026-01-09T15:54:26+00:00\" \/>\n<meta property=\"og:image\" content=\"https:\/\/unstamps.org\/wp-content\/uploads\/2020\/04\/Florence_Full_Sheet.jpg\" \/>\n\t<meta property=\"og:image:width\" content=\"1024\" \/>\n\t<meta property=\"og:image:height\" content=\"1024\" \/>\n\t<meta property=\"og:image:type\" content=\"image\/jpeg\" \/>\n<meta name=\"twitter:card\" content=\"summary_large_image\" \/>\n<meta name=\"twitter:label1\" content=\"Dur\u00e9e de lecture estim\u00e9e\" \/>\n\t<meta name=\"twitter:data1\" content=\"2 minutes\" \/>\n<script type=\"application\/ld+json\" class=\"yoast-schema-graph\">{\"@context\":\"https:\\\/\\\/schema.org\",\"@graph\":[{\"@type\":\"WebPage\",\"@id\":\"https:\\\/\\\/unstamps.org\\\/fr\\\/produit\\\/florence-nightingale-vi-timbre-ordinaire-e-135-feuille-entiere\\\/\",\"url\":\"https:\\\/\\\/unstamps.org\\\/fr\\\/produit\\\/florence-nightingale-vi-timbre-ordinaire-e-135-feuille-entiere\\\/\",\"name\":\"Florence Nightingale \u2013 VI Timbre Ordinaire \u2013 \u20ac 1,35 Feuille enti\u00e8re - UN Timbres\",\"isPartOf\":{\"@id\":\"https:\\\/\\\/unstamps.org\\\/fr\\\/#website\"},\"primaryImageOfPage\":{\"@id\":\"https:\\\/\\\/unstamps.org\\\/fr\\\/produit\\\/florence-nightingale-vi-timbre-ordinaire-e-135-feuille-entiere\\\/#primaryimage\"},\"image\":{\"@id\":\"https:\\\/\\\/unstamps.org\\\/fr\\\/produit\\\/florence-nightingale-vi-timbre-ordinaire-e-135-feuille-entiere\\\/#primaryimage\"},\"thumbnailUrl\":\"https:\\\/\\\/unstamps.org\\\/wp-content\\\/uploads\\\/2020\\\/04\\\/Florence_Full_Sheet.jpg\",\"datePublished\":\"2020-04-30T13:49:43+00:00\",\"dateModified\":\"2026-01-09T15:54:26+00:00\",\"breadcrumb\":{\"@id\":\"https:\\\/\\\/unstamps.org\\\/fr\\\/produit\\\/florence-nightingale-vi-timbre-ordinaire-e-135-feuille-entiere\\\/#breadcrumb\"},\"inLanguage\":\"fr-FR\",\"potentialAction\":[{\"@type\":\"ReadAction\",\"target\":[\"https:\\\/\\\/unstamps.org\\\/fr\\\/produit\\\/florence-nightingale-vi-timbre-ordinaire-e-135-feuille-entiere\\\/\"]}]},{\"@type\":\"ImageObject\",\"inLanguage\":\"fr-FR\",\"@id\":\"https:\\\/\\\/unstamps.org\\\/fr\\\/produit\\\/florence-nightingale-vi-timbre-ordinaire-e-135-feuille-entiere\\\/#primaryimage\",\"url\":\"https:\\\/\\\/unstamps.org\\\/wp-content\\\/uploads\\\/2020\\\/04\\\/Florence_Full_Sheet.jpg\",\"contentUrl\":\"https:\\\/\\\/unstamps.org\\\/wp-content\\\/uploads\\\/2020\\\/04\\\/Florence_Full_Sheet.jpg\",\"width\":1024,\"height\":1024},{\"@type\":\"BreadcrumbList\",\"@id\":\"https:\\\/\\\/unstamps.org\\\/fr\\\/produit\\\/florence-nightingale-vi-timbre-ordinaire-e-135-feuille-entiere\\\/#breadcrumb\",\"itemListElement\":[{\"@type\":\"ListItem\",\"position\":1,\"name\":\"Home\",\"item\":\"https:\\\/\\\/unstamps.org\\\/fr\\\/\"},{\"@type\":\"ListItem\",\"position\":2,\"name\":\"Les produits\",\"item\":\"https:\\\/\\\/unstamps.org\\\/fr\\\/les-produits\\\/\"},{\"@type\":\"ListItem\",\"position\":3,\"name\":\"Florence Nightingale \u2013 VI Timbre Ordinaire \u2013 \u20ac 1,35 Feuille enti\u00e8re\"}]},{\"@type\":\"WebSite\",\"@id\":\"https:\\\/\\\/unstamps.org\\\/fr\\\/#website\",\"url\":\"https:\\\/\\\/unstamps.org\\\/fr\\\/\",\"name\":\"UN Stamps\",\"description\":\"United Nations Stamps\",\"publisher\":{\"@id\":\"https:\\\/\\\/unstamps.org\\\/fr\\\/#organization\"},\"potentialAction\":[{\"@type\":\"SearchAction\",\"target\":{\"@type\":\"EntryPoint\",\"urlTemplate\":\"https:\\\/\\\/unstamps.org\\\/fr\\\/?s={search_term_string}\"},\"query-input\":{\"@type\":\"PropertyValueSpecification\",\"valueRequired\":true,\"valueName\":\"search_term_string\"}}],\"inLanguage\":\"fr-FR\"},{\"@type\":\"Organization\",\"@id\":\"https:\\\/\\\/unstamps.org\\\/fr\\\/#organization\",\"name\":\"UN Stamps\",\"url\":\"https:\\\/\\\/unstamps.org\\\/fr\\\/\",\"logo\":{\"@type\":\"ImageObject\",\"inLanguage\":\"fr-FR\",\"@id\":\"https:\\\/\\\/unstamps.org\\\/fr\\\/#\\\/schema\\\/logo\\\/image\\\/\",\"url\":\"https:\\\/\\\/unstamps.org\\\/wp-content\\\/uploads\\\/2014\\\/01\\\/logo4web.jpg\",\"contentUrl\":\"https:\\\/\\\/unstamps.org\\\/wp-content\\\/uploads\\\/2014\\\/01\\\/logo4web.jpg\",\"width\":2500,\"height\":250,\"caption\":\"UN Stamps\"},\"image\":{\"@id\":\"https:\\\/\\\/unstamps.org\\\/fr\\\/#\\\/schema\\\/logo\\\/image\\\/\"}}]}<\/script>\n<!-- \/ Yoast SEO plugin. -->","yoast_head_json":{"title":"Florence Nightingale \u2013 VI Timbre Ordinaire \u2013 \u20ac 1,35 Feuille enti\u00e8re - UN Timbres","robots":{"index":"index","follow":"follow","max-snippet":"max-snippet:-1","max-image-preview":"max-image-preview:large","max-video-preview":"max-video-preview:-1"},"canonical":"https:\/\/unstamps.org\/fr\/produit\/florence-nightingale-vi-timbre-ordinaire-e-135-feuille-entiere\/","og_locale":"fr_FR","og_type":"article","og_title":"Florence Nightingale \u2013 VI Timbre Ordinaire \u2013 \u20ac 1,35 Feuille enti\u00e8re - UN Timbres","og_description":"L\u2019Organisation mondiale de la Sant\u00e9 a proclam\u00e9 que 2020 serait l\u2019Ann\u00e9e internationale des sages femmes et du personnel infirmier afin de reconna\u00eetre le r\u00f4le essentiel que ces professionnels jouent dans le monde entier en mati\u00e8re de sant\u00e9. Cette ann\u00e9e marque \u00e9galement le bicentenaire de la naissance de la fondatrice des soins infirmiers modernes, Florence Nightingale [&hellip;]","og_url":"https:\/\/unstamps.org\/fr\/produit\/florence-nightingale-vi-timbre-ordinaire-e-135-feuille-entiere\/","og_site_name":"UN Timbres","article_modified_time":"2026-01-09T15:54:26+00:00","og_image":[{"width":1024,"height":1024,"url":"https:\/\/unstamps.org\/wp-content\/uploads\/2020\/04\/Florence_Full_Sheet.jpg","type":"image\/jpeg"}],"twitter_card":"summary_large_image","twitter_misc":{"Dur\u00e9e de lecture estim\u00e9e":"2 minutes"},"schema":{"@context":"https:\/\/schema.org","@graph":[{"@type":"WebPage","@id":"https:\/\/unstamps.org\/fr\/produit\/florence-nightingale-vi-timbre-ordinaire-e-135-feuille-entiere\/","url":"https:\/\/unstamps.org\/fr\/produit\/florence-nightingale-vi-timbre-ordinaire-e-135-feuille-entiere\/","name":"Florence Nightingale \u2013 VI Timbre Ordinaire \u2013 \u20ac 1,35 Feuille enti\u00e8re - UN Timbres","isPartOf":{"@id":"https:\/\/unstamps.org\/fr\/#website"},"primaryImageOfPage":{"@id":"https:\/\/unstamps.org\/fr\/produit\/florence-nightingale-vi-timbre-ordinaire-e-135-feuille-entiere\/#primaryimage"},"image":{"@id":"https:\/\/unstamps.org\/fr\/produit\/florence-nightingale-vi-timbre-ordinaire-e-135-feuille-entiere\/#primaryimage"},"thumbnailUrl":"https:\/\/unstamps.org\/wp-content\/uploads\/2020\/04\/Florence_Full_Sheet.jpg","datePublished":"2020-04-30T13:49:43+00:00","dateModified":"2026-01-09T15:54:26+00:00","breadcrumb":{"@id":"https:\/\/unstamps.org\/fr\/produit\/florence-nightingale-vi-timbre-ordinaire-e-135-feuille-entiere\/#breadcrumb"},"inLanguage":"fr-FR","potentialAction":[{"@type":"ReadAction","target":["https:\/\/unstamps.org\/fr\/produit\/florence-nightingale-vi-timbre-ordinaire-e-135-feuille-entiere\/"]}]},{"@type":"ImageObject","inLanguage":"fr-FR","@id":"https:\/\/unstamps.org\/fr\/produit\/florence-nightingale-vi-timbre-ordinaire-e-135-feuille-entiere\/#primaryimage","url":"https:\/\/unstamps.org\/wp-content\/uploads\/2020\/04\/Florence_Full_Sheet.jpg","contentUrl":"https:\/\/unstamps.org\/wp-content\/uploads\/2020\/04\/Florence_Full_Sheet.jpg","width":1024,"height":1024},{"@type":"BreadcrumbList","@id":"https:\/\/unstamps.org\/fr\/produit\/florence-nightingale-vi-timbre-ordinaire-e-135-feuille-entiere\/#breadcrumb","itemListElement":[{"@type":"ListItem","position":1,"name":"Home","item":"https:\/\/unstamps.org\/fr\/"},{"@type":"ListItem","position":2,"name":"Les produits","item":"https:\/\/unstamps.org\/fr\/les-produits\/"},{"@type":"ListItem","position":3,"name":"Florence Nightingale \u2013 VI Timbre Ordinaire \u2013 \u20ac 1,35 Feuille enti\u00e8re"}]},{"@type":"WebSite","@id":"https:\/\/unstamps.org\/fr\/#website","url":"https:\/\/unstamps.org\/fr\/","name":"UN Stamps","description":"United Nations Stamps","publisher":{"@id":"https:\/\/unstamps.org\/fr\/#organization"},"potentialAction":[{"@type":"SearchAction","target":{"@type":"EntryPoint","urlTemplate":"https:\/\/unstamps.org\/fr\/?s={search_term_string}"},"query-input":{"@type":"PropertyValueSpecification","valueRequired":true,"valueName":"search_term_string"}}],"inLanguage":"fr-FR"},{"@type":"Organization","@id":"https:\/\/unstamps.org\/fr\/#organization","name":"UN Stamps","url":"https:\/\/unstamps.org\/fr\/","logo":{"@type":"ImageObject","inLanguage":"fr-FR","@id":"https:\/\/unstamps.org\/fr\/#\/schema\/logo\/image\/","url":"https:\/\/unstamps.org\/wp-content\/uploads\/2014\/01\/logo4web.jpg","contentUrl":"https:\/\/unstamps.org\/wp-content\/uploads\/2014\/01\/logo4web.jpg","width":2500,"height":250,"caption":"UN Stamps"},"image":{"@id":"https:\/\/unstamps.org\/fr\/#\/schema\/logo\/image\/"}}]}},"jetpack_sharing_enabled":true,"publishpress_future_action":{"enabled":false,"date":"2026-04-28 17:23:08","action":"change-status","newStatus":"private","terms":[],"taxonomy":"product_cat","extraData":[]},"publishpress_future_workflow_manual_trigger":{"enabledWorkflows":[]},"_links":{"self":[{"href":"https:\/\/unstamps.org\/fr\/wp-json\/wp\/v2\/product\/103703","targetHints":{"allow":["GET"]}}],"collection":[{"href":"https:\/\/unstamps.org\/fr\/wp-json\/wp\/v2\/product"}],"about":[{"href":"https:\/\/unstamps.org\/fr\/wp-json\/wp\/v2\/types\/product"}],"replies":[{"embeddable":true,"href":"https:\/\/unstamps.org\/fr\/wp-json\/wp\/v2\/comments?post=103703"}],"wp:featuredmedia":[{"embeddable":true,"href":"https:\/\/unstamps.org\/fr\/wp-json\/wp\/v2\/media\/104298"}],"wp:attachment":[{"href":"https:\/\/unstamps.org\/fr\/wp-json\/wp\/v2\/media?parent=103703"}],"wp:term":[{"taxonomy":"product_brand","embeddable":true,"href":"https:\/\/unstamps.org\/fr\/wp-json\/wp\/v2\/product_brand?post=103703"},{"taxonomy":"product_cat","embeddable":true,"href":"https:\/\/unstamps.org\/fr\/wp-json\/wp\/v2\/product_cat?post=103703"},{"taxonomy":"product_tag","embeddable":true,"href":"https:\/\/unstamps.org\/fr\/wp-json\/wp\/v2\/product_tag?post=103703"}],"curies":[{"name":"wp","href":"https:\/\/api.w.org\/{rel}","templated":true}]}}