{"id":99885,"date":"2020-03-19T17:51:11","date_gmt":"2020-03-19T21:51:11","guid":{"rendered":"https:\/\/unstamps.org\/?page_id=99885"},"modified":"2020-05-04T17:57:47","modified_gmt":"2020-05-04T21:57:47","slug":"hello-kitty-fr","status":"publish","type":"page","link":"https:\/\/unstamps.org\/fr\/hello-kitty-fr\/","title":{"rendered":"HELLO KITTY"},"content":{"rendered":"ngg_shortcode_0_placeholder\n<h4>L&#8217;\u00e9mission de timbres de l\u2019ONU HELLO KITTY et LES OBJECTIFS MONDIAUX n&#8217;est pas vendue en ligne. Pour acheter ces timbres, veuillez contacter:<br \/>\nLe bureau de l&#8217;APNU \u00e0 New York par courriel \u00e0 unpanyinquiries@un.org ou par t\u00e9l\u00e9phone au +1 800 234 8672<br \/>\nLe bureau de l\u2019APNU \u00e0 Vienne par courriel \u00e0 UNPA-Europe@un.org ou par t\u00e9l\u00e9phone au + 43 1 26060 4032 ou 4025<\/h4>\n<p>Le 19 mars 2020, l\u2019APNU \u00e9mettra une s\u00e9rie de six feuilles miniatures repr\u00e9sentant Hello Kitty et les objectifs mondiaux aussi connu sous le nom les objectifs de d\u00e9veloppement durable. Ces timbres auto-adh\u00e9sifs sont vides et comprendront plusieurs \u00e9l\u00e9ments Hello Kitty sur les vignettes qui pourront \u00eatre incorpor\u00e9s dans l\u2019illustration, pour cr\u00e9er son dessin personnel.<\/p>\n<p>L\u2019ONU et la soci\u00e9t\u00e9 Sanrio ont mis en place une collaboration strat\u00e9gique pour promouvoir les objectifs de d\u00e9veloppement durable. Dans le cadre de la collaboration, Hello Kitty y pr\u00e9sente six des 17 objectifs de d\u00e9veloppement durable par une nouvelle s\u00e9rie mondiale de vid\u00e9os sur la cha\u00eene YouTube Hello Kitty (#HelloGlobalGoals).<\/p>\n<p>Les six objectifs suivants illustrent les timbres de l\u2019ONU : l\u2019objectif 3 (Bonne sant\u00e9 et bien-\u00eatre), l\u2019objectif 4 (\u00c9ducation de qualit\u00e9), l\u2019objectif 5 (\u00c9galit\u00e9 entre les sexes), l\u2019objectif 11 (Villes et communaut\u00e9s durables), l\u2019objectif 13 (Mesures relatives \u00e0 la lutte contre les changements climatiques) et l\u2019objectif 14 (Vie aquatique).<\/p>\n<p>\u00ab Hello Kitty et sa masse d\u2019abonn\u00e9s se rallient \u00e0 la campagne mondiale que nous menons pour informer les jeunes du monde entier sur les objectifs de d\u00e9veloppement durable et leur expliquer pourquoi ils ont int\u00e9r\u00eat \u00e0 s\u2019investir dans leur r\u00e9alisation \u00bb, a d\u00e9clar\u00e9 Melissa Fleming, Secr\u00e9taire g\u00e9n\u00e9rale adjointe \u00e0 la communication globale \u00e0 l\u2019ONU.<\/p>\n<p>Trois carnets en accord\u00e9on contenant six feuilles de timbres diff\u00e9rentes accompagneront cette s\u00e9rie.<\/p>\n<p><strong>CARNETS EN ACCORD\u00c9ON<\/strong><\/p>\n<p>Pour accompagner la s\u00e9rie, l\u2019APNU \u00e9mettra trois carnets en accord\u00e9on contenant chacun six feuilles miniatures d\u2019un timbre de la m\u00eame valeur faciale (US$ 1,20 pour New York, CHF 2,00 pour Gen\u00e8ve et \u20ac 1,80 pour Vienne).<\/p>\n<p><strong>Date d\u2019\u00e9mission:<\/strong> 19 mars 2020<br \/>\n<strong>Artiste:<\/strong> Sanrio<br \/>\n<strong>Dessinateur:<\/strong> Rorie Katz (Nations Unies)<br \/>\n<strong>Valeurs:<\/strong> US$ 1,20, CHF 2,00, \u20ac 1,80<br \/>\n<strong>Format de timbres:<\/strong> 60 mm x 60 mm<br \/>\n<strong>Format de feuilles:<\/strong> 180 mm x 110 mm<br \/>\n<strong>Format:<\/strong> 6 feuilles miniatures de 1 timbre de chaque (2 feuilles par monnaie)<br \/>\n<strong>Imprimeurs:<\/strong><br \/>\n&#8211; Cartor Security Printing (France) \u2013 timbres<br \/>\n&#8211; La Poste (France) \u2013 d\u00e9pliant en accord\u00e9on<br \/>\n<strong>Reproduction:<\/strong> Lithographie offset<br \/>\n<strong>Tirage:<\/strong><br \/>\nUS$ 1,20 &#8211; objectif 3&nbsp; &nbsp;20.000 feuilles miniatures<br \/>\nUS$ 1,20 &#8211; objectif 4&nbsp; &nbsp;20.000 feuilles miniatures<br \/>\nCHF 2,00 &#8211; objectif 5&nbsp; &nbsp;23.000 feuilles miniatures<br \/>\nCHF 2,00 &#8211; objectif 11&nbsp; &nbsp;23.000 feuilles miniatures<br \/>\n\u20ac 1,80 &#8211; objectif 13&nbsp; &nbsp;26.000 feuilles miniatures<br \/>\n\u20ac 1,80 &#8211; objectif 14&nbsp; &nbsp;26.000 feuilles miniatures<br \/>\n<strong>Carnets en accord\u00e9on:<\/strong><br \/>\nNew York&nbsp; &nbsp;5.000 carnets<br \/>\nGen\u00e8ve&nbsp; &nbsp;5.000 carnets<br \/>\nVienne&nbsp; &nbsp;5.000 carnets<\/p>\n","protected":false},"excerpt":{"rendered":"<p>&nbsp; L&#8217;\u00e9mission de timbres de l\u2019ONU HELLO KITTY et LES OBJECTIFS MONDIAUX n&#8217;est pas vendue en ligne. Pour acheter ces timbres, veuillez contacter: Le bureau de l&#8217;APNU \u00e0 New York par courriel \u00e0 unpanyinquiries@un.org ou par t\u00e9l\u00e9phone au +1 800 234 8672 Le bureau de l\u2019APNU \u00e0 Vienne par courriel \u00e0 UNPA-Europe@un.org ou par t\u00e9l\u00e9phone [&hellip;]<\/p>\n","protected":false},"author":20833,"featured_media":0,"parent":0,"menu_order":0,"comment_status":"closed","ping_status":"closed","template":"","meta":{"ngg_post_thumbnail":0,"footnotes":""},"class_list":["post-99885","page","type-page","status-publish","hentry"],"yoast_head":"<!-- This site is optimized with the Yoast SEO plugin v27.4 - https:\/\/yoast.com\/product\/yoast-seo-wordpress\/ -->\n<title>HELLO KITTY - UN Timbres<\/title>\n<meta name=\"robots\" content=\"index, follow, max-snippet:-1, max-image-preview:large, max-video-preview:-1\" \/>\n<link rel=\"canonical\" href=\"https:\/\/unstamps.org\/fr\/hello-kitty-fr\/\" \/>\n<meta property=\"og:locale\" content=\"fr_FR\" \/>\n<meta property=\"og:type\" content=\"article\" \/>\n<meta property=\"og:title\" content=\"HELLO KITTY - UN Timbres\" \/>\n<meta property=\"og:description\" content=\"&nbsp; L&#8217;\u00e9mission de timbres de l\u2019ONU HELLO KITTY et LES OBJECTIFS MONDIAUX n&#8217;est pas vendue en ligne. Pour acheter ces timbres, veuillez contacter: Le bureau de l&#8217;APNU \u00e0 New York par courriel \u00e0 unpanyinquiries@un.org ou par t\u00e9l\u00e9phone au +1 800 234 8672 Le bureau de l\u2019APNU \u00e0 Vienne par courriel \u00e0 UNPA-Europe@un.org ou par t\u00e9l\u00e9phone [&hellip;]\" \/>\n<meta property=\"og:url\" content=\"https:\/\/unstamps.org\/fr\/hello-kitty-fr\/\" \/>\n<meta property=\"og:site_name\" content=\"UN Timbres\" \/>\n<meta property=\"article:modified_time\" content=\"2020-05-04T21:57:47+00:00\" \/>\n<meta name=\"twitter:card\" content=\"summary_large_image\" \/>\n<meta name=\"twitter:label1\" content=\"Dur\u00e9e de lecture estim\u00e9e\" \/>\n\t<meta name=\"twitter:data1\" content=\"2 minutes\" \/>\n<script type=\"application\/ld+json\" class=\"yoast-schema-graph\">{\"@context\":\"https:\\\/\\\/schema.org\",\"@graph\":[{\"@type\":\"WebPage\",\"@id\":\"https:\\\/\\\/unstamps.org\\\/fr\\\/hello-kitty-fr\\\/\",\"url\":\"https:\\\/\\\/unstamps.org\\\/fr\\\/hello-kitty-fr\\\/\",\"name\":\"HELLO KITTY - UN Timbres\",\"isPartOf\":{\"@id\":\"https:\\\/\\\/unstamps.org\\\/fr\\\/#website\"},\"datePublished\":\"2020-03-19T21:51:11+00:00\",\"dateModified\":\"2020-05-04T21:57:47+00:00\",\"breadcrumb\":{\"@id\":\"https:\\\/\\\/unstamps.org\\\/fr\\\/hello-kitty-fr\\\/#breadcrumb\"},\"inLanguage\":\"fr-FR\",\"potentialAction\":[{\"@type\":\"ReadAction\",\"target\":[\"https:\\\/\\\/unstamps.org\\\/fr\\\/hello-kitty-fr\\\/\"]}]},{\"@type\":\"BreadcrumbList\",\"@id\":\"https:\\\/\\\/unstamps.org\\\/fr\\\/hello-kitty-fr\\\/#breadcrumb\",\"itemListElement\":[{\"@type\":\"ListItem\",\"position\":1,\"name\":\"Home\",\"item\":\"https:\\\/\\\/unstamps.org\\\/fr\\\/\"},{\"@type\":\"ListItem\",\"position\":2,\"name\":\"HELLO KITTY\"}]},{\"@type\":\"WebSite\",\"@id\":\"https:\\\/\\\/unstamps.org\\\/fr\\\/#website\",\"url\":\"https:\\\/\\\/unstamps.org\\\/fr\\\/\",\"name\":\"UN Stamps\",\"description\":\"United Nations Stamps\",\"publisher\":{\"@id\":\"https:\\\/\\\/unstamps.org\\\/fr\\\/#organization\"},\"potentialAction\":[{\"@type\":\"SearchAction\",\"target\":{\"@type\":\"EntryPoint\",\"urlTemplate\":\"https:\\\/\\\/unstamps.org\\\/fr\\\/?s={search_term_string}\"},\"query-input\":{\"@type\":\"PropertyValueSpecification\",\"valueRequired\":true,\"valueName\":\"search_term_string\"}}],\"inLanguage\":\"fr-FR\"},{\"@type\":\"Organization\",\"@id\":\"https:\\\/\\\/unstamps.org\\\/fr\\\/#organization\",\"name\":\"UN Stamps\",\"url\":\"https:\\\/\\\/unstamps.org\\\/fr\\\/\",\"logo\":{\"@type\":\"ImageObject\",\"inLanguage\":\"fr-FR\",\"@id\":\"https:\\\/\\\/unstamps.org\\\/fr\\\/#\\\/schema\\\/logo\\\/image\\\/\",\"url\":\"https:\\\/\\\/unstamps.org\\\/wp-content\\\/uploads\\\/2014\\\/01\\\/logo4web.jpg\",\"contentUrl\":\"https:\\\/\\\/unstamps.org\\\/wp-content\\\/uploads\\\/2014\\\/01\\\/logo4web.jpg\",\"width\":2500,\"height\":250,\"caption\":\"UN Stamps\"},\"image\":{\"@id\":\"https:\\\/\\\/unstamps.org\\\/fr\\\/#\\\/schema\\\/logo\\\/image\\\/\"}}]}<\/script>\n<!-- \/ Yoast SEO plugin. -->","yoast_head_json":{"title":"HELLO KITTY - UN Timbres","robots":{"index":"index","follow":"follow","max-snippet":"max-snippet:-1","max-image-preview":"max-image-preview:large","max-video-preview":"max-video-preview:-1"},"canonical":"https:\/\/unstamps.org\/fr\/hello-kitty-fr\/","og_locale":"fr_FR","og_type":"article","og_title":"HELLO KITTY - UN Timbres","og_description":"&nbsp; L&#8217;\u00e9mission de timbres de l\u2019ONU HELLO KITTY et LES OBJECTIFS MONDIAUX n&#8217;est pas vendue en ligne. Pour acheter ces timbres, veuillez contacter: Le bureau de l&#8217;APNU \u00e0 New York par courriel \u00e0 unpanyinquiries@un.org ou par t\u00e9l\u00e9phone au +1 800 234 8672 Le bureau de l\u2019APNU \u00e0 Vienne par courriel \u00e0 UNPA-Europe@un.org ou par t\u00e9l\u00e9phone [&hellip;]","og_url":"https:\/\/unstamps.org\/fr\/hello-kitty-fr\/","og_site_name":"UN Timbres","article_modified_time":"2020-05-04T21:57:47+00:00","twitter_card":"summary_large_image","twitter_misc":{"Dur\u00e9e de lecture estim\u00e9e":"2 minutes"},"schema":{"@context":"https:\/\/schema.org","@graph":[{"@type":"WebPage","@id":"https:\/\/unstamps.org\/fr\/hello-kitty-fr\/","url":"https:\/\/unstamps.org\/fr\/hello-kitty-fr\/","name":"HELLO KITTY - UN Timbres","isPartOf":{"@id":"https:\/\/unstamps.org\/fr\/#website"},"datePublished":"2020-03-19T21:51:11+00:00","dateModified":"2020-05-04T21:57:47+00:00","breadcrumb":{"@id":"https:\/\/unstamps.org\/fr\/hello-kitty-fr\/#breadcrumb"},"inLanguage":"fr-FR","potentialAction":[{"@type":"ReadAction","target":["https:\/\/unstamps.org\/fr\/hello-kitty-fr\/"]}]},{"@type":"BreadcrumbList","@id":"https:\/\/unstamps.org\/fr\/hello-kitty-fr\/#breadcrumb","itemListElement":[{"@type":"ListItem","position":1,"name":"Home","item":"https:\/\/unstamps.org\/fr\/"},{"@type":"ListItem","position":2,"name":"HELLO KITTY"}]},{"@type":"WebSite","@id":"https:\/\/unstamps.org\/fr\/#website","url":"https:\/\/unstamps.org\/fr\/","name":"UN Stamps","description":"United Nations Stamps","publisher":{"@id":"https:\/\/unstamps.org\/fr\/#organization"},"potentialAction":[{"@type":"SearchAction","target":{"@type":"EntryPoint","urlTemplate":"https:\/\/unstamps.org\/fr\/?s={search_term_string}"},"query-input":{"@type":"PropertyValueSpecification","valueRequired":true,"valueName":"search_term_string"}}],"inLanguage":"fr-FR"},{"@type":"Organization","@id":"https:\/\/unstamps.org\/fr\/#organization","name":"UN Stamps","url":"https:\/\/unstamps.org\/fr\/","logo":{"@type":"ImageObject","inLanguage":"fr-FR","@id":"https:\/\/unstamps.org\/fr\/#\/schema\/logo\/image\/","url":"https:\/\/unstamps.org\/wp-content\/uploads\/2014\/01\/logo4web.jpg","contentUrl":"https:\/\/unstamps.org\/wp-content\/uploads\/2014\/01\/logo4web.jpg","width":2500,"height":250,"caption":"UN Stamps"},"image":{"@id":"https:\/\/unstamps.org\/fr\/#\/schema\/logo\/image\/"}}]}},"jetpack_sharing_enabled":true,"publishpress_future_action":{"enabled":false,"date":"2026-04-30 05:04:33","action":"change-status","newStatus":"draft","terms":[],"taxonomy":"translation_priority","extraData":[]},"publishpress_future_workflow_manual_trigger":{"enabledWorkflows":[]},"_links":{"self":[{"href":"https:\/\/unstamps.org\/fr\/wp-json\/wp\/v2\/pages\/99885","targetHints":{"allow":["GET"]}}],"collection":[{"href":"https:\/\/unstamps.org\/fr\/wp-json\/wp\/v2\/pages"}],"about":[{"href":"https:\/\/unstamps.org\/fr\/wp-json\/wp\/v2\/types\/page"}],"author":[{"embeddable":true,"href":"https:\/\/unstamps.org\/fr\/wp-json\/wp\/v2\/users\/20833"}],"replies":[{"embeddable":true,"href":"https:\/\/unstamps.org\/fr\/wp-json\/wp\/v2\/comments?post=99885"}],"version-history":[{"count":0,"href":"https:\/\/unstamps.org\/fr\/wp-json\/wp\/v2\/pages\/99885\/revisions"}],"wp:attachment":[{"href":"https:\/\/unstamps.org\/fr\/wp-json\/wp\/v2\/media?parent=99885"}],"curies":[{"name":"wp","href":"https:\/\/api.w.org\/{rel}","templated":true}]}}