{"id":6210,"date":"2014-01-28T12:16:19","date_gmt":"2014-01-28T17:16:19","guid":{"rendered":"http:\/\/unstamps.org\/?page_id=6210"},"modified":"2025-11-24T11:00:37","modified_gmt":"2025-11-24T16:00:37","slug":"programme-des-emissions","status":"publish","type":"page","link":"https:\/\/unstamps.org\/fr\/programme-des-emissions\/","title":{"rendered":"Programme des \u00e9missions"},"content":{"rendered":"<p>Les informations sont provisoires et sous r\u00e8serve de modifications de dates et de valeurs faciales. Veuillez consulter le site r\u00e8guli\u00e8rement pour conna\u00eetre les derni\u00e8res mises \u00e0 jour.<\/p>\n<table border=\"0\" width=\"100%\" cellspacing=\"1\" cellpadding=\"20\">\n<tbody>\n<tr>\n<td colspan=\"2\" valign=\"top\" height=\"98\">\n<h1 style=\"text-align: center;\">Programme des \u00e9missions 2026<\/h1>\n<p style=\"text-align: center;\">(soumis \u00e0 d&#8217;\u00e8ventuelles modifications de sujets, dates et valeurs faciales)<\/p>\n<\/td>\n<\/tr>\n<tr>\n<td valign=\"top\" width=\"25%\"><strong>12 janvier<\/strong><\/td>\n<td valign=\"top\">\n<ul>\n<li><strong>80 ans de la Revue des Nations Unies<\/strong><br \/>\nNew York feuille personnalis\u00e9e de 10 timbres \u2013 US$ 1,70<\/li>\n<\/ul>\n<\/td>\n<\/tr>\n<tr>\n<td valign=\"top\" width=\"25%\"><strong>16 janvier<\/strong><\/td>\n<td valign=\"top\">\n<ul>\n<li><strong>Calendrier lunaire chinois \u2013 Ann\u00e9e du Cheval <\/strong><br \/>\nNew York feuille personnalis\u00e9e de 10 timbres \u2013 US$ 1,70<\/li>\n<\/ul>\n<\/td>\n<\/tr>\n<tr>\n<td valign=\"top\" width=\"25%\"><strong>15 f\u00e9vrier<\/strong><\/td>\n<td valign=\"top\">\n<ul>\n<li><strong>Collections d&#8217;art des Nations Unies<\/strong><br \/>\n$0,78, $1.70, CHF1,00, CHF 1,90, \u20ac1,00, \u20ac1,90 (Feuilles de 10 timbres)\n<\/li>\n<\/ul>\n<\/td>\n<\/tr>\n<tr>\n<td valign=\"top\" width=\"25%\"><strong>20 mars<\/strong><\/td>\n<td valign=\"top\">\n<ul>\n<li><strong>Journ\u00e9e internationale des for\u00eats<\/strong><br \/>\n$1.70, CHF1,70, \u20ac1,40 (Feuilles de 10 timbres)<\/li>\n<\/ul>\n<\/td>\n<\/tr>\n<tr>\n<td valign=\"top\" width=\"25%\"><strong>24 avril<\/strong><\/td>\n<td valign=\"top\">\n<ul>\n<li><strong>Esp\u00e8ces menac\u00e9es d\u2019extinction<\/strong><br \/>\n$1.70, CHF1,90, \u20ac1,50 &#8211; 3 feuilles miniature de 16 timbres \u2013 4 dessins par feuille<br \/>\n3 cartes maximum<br \/>\nD\u00e9pliant souvenir \u00ab Esp\u00e8ces menac\u00e9es d\u2019extinction \u00bb<br \/>\nEnveloppe sp\u00e9ciale en soie \u2013 \u00c9dition limit\u00e9e<\/li>\n<\/ul>\n<\/td>\n<\/tr>\n<tr>\n<td valign=\"top\" width=\"25%\"><strong>23 mai<\/strong><\/td>\n<td valign=\"top\">\n<ul>\n<li><strong>Costumes nationaux<\/strong><br \/>\n$0.78, $1.70, CHF1,20, CHF1,90, \u20ac1,20, \u20ac1,90 (Feuilles de 4 timbres) <\/li>\n<\/ul>\n<\/td>\n<\/tr>\n<tr>\n<td valign=\"top\" width=\"25%\"><strong>25 mai<\/strong><\/td>\n<td valign=\"top\">\n<ul>\n<li><strong>Am\u00e9rique 250<\/strong><br \/>\nNew York feuille personnalis\u00e9e de 10 timbres \u2013 US$ 1,70<\/li>\n<\/ul>\n<\/td>\n<\/tr>\n<tr>\n<td valign=\"top\" width=\"25%\"><strong>26 mai<\/strong><\/td>\n<td valign=\"top\">\n<ul>\n<li><strong>75e anniversaire de l&#8217;APNU \u00e0 New York<\/strong><br \/>\nNew York feuille personnalis\u00e9e de 10 timbres \u2013 US$ 1,70\n<\/li>\n<\/ul>\n<\/td>\n<\/tr>\n<tr>\n<td valign=\"top\" width=\"25%\"><strong>14 ao\u00fbt<\/strong><\/td>\n<td valign=\"top\">\n<ul>\n<li><strong>Ann\u00e9e internationale des volontaires pour le d\u00e9veloppement durable<\/strong><br \/>\n$0.78, CHF1,20, \u20ac1,20 (Feuilles de 10 timbres)<br \/>\nCarte souvenir <\/li>\n<\/ul>\n<\/td>\n<\/tr>\n<tr>\n<td valign=\"top\" width=\"25%\"><strong>4 septembre<\/strong><\/td>\n<td valign=\"top\">\n<ul>\n<li><strong>Patrimoine mondial de l\u2019UNESCO<\/strong><br \/>\n78\u00a2, $1.70, CHF1,20, CHF1,90, \u20ac1,00, \u20ac1,20 &#8211; Feuilles de 20 timbres<br \/>\nCarnets de timbres\n<\/li>\n<\/ul>\n<\/td>\n<\/tr>\n<tr>\n<td valign=\"top\" width=\"25%\"><strong>23 octobre<\/strong><\/td>\n<td valign=\"top\">\n<ul>\n<li><strong>C\u00e9l\u00e9brations<br \/>\n<\/strong>$1.70, CHF 1,20, \u20ac1,20 (NY, GE, VI feuilles d\u2019\u00e9v\u00e9nement sp\u00e9ciaux de 10 timbres)\n<\/li>\n<\/ul>\n<\/td>\n<\/tr>\n<tr>\n<td valign=\"top\" width=\"25%\"><strong>6 novembre<\/strong><\/td>\n<td valign=\"top\">\n<ul>\n<li><strong>80e anniversaire de l&#8217;UNICEF<br \/>\n<\/strong>$0.78, $1.70, CHF 1,20, CHF 1,90, \u20ac1,20, \u20ac1,40 (Feuilles de 10 timbres)<br \/>\n2026 D\u00e9pliants annuels de New York, Gen\u00e8ve, Vienne <\/li>\n<\/ul>\n<\/td>\n<\/tr>\n<tr>\n<td valign=\"top\" width=\"25%\"><strong>2 d\u00e9cembre <\/strong><\/td>\n<td valign=\"top\">\n<ul>\n<li><strong>Conf\u00e9rence des Nations Unies sur l&#8217;eau aux \u00c9mirats arabes unis <\/strong><br \/>\n$1.70, CHF 2,50, \u20ac1,90 &#8211; Feuille miniature sp\u00e9ciale de 3 timbres\n<\/li>\n<\/ul>\n<\/td>\n<\/tr>\n<\/tbody>\n<\/table>\n","protected":false},"excerpt":{"rendered":"<p>Les informations sont provisoires et sous r\u00e8serve de modifications de dates et de valeurs faciales. Veuillez consulter le site r\u00e8guli\u00e8rement pour conna\u00eetre les derni\u00e8res mises \u00e0 jour. Programme des \u00e9missions 2026 (soumis \u00e0 d&#8217;\u00e8ventuelles modifications de sujets, dates et valeurs faciales) 12 janvier 80 ans de la Revue des Nations Unies New York feuille personnalis\u00e9e [&hellip;]<\/p>\n","protected":false},"author":2,"featured_media":0,"parent":0,"menu_order":0,"comment_status":"open","ping_status":"open","template":"","meta":{"ngg_post_thumbnail":0,"footnotes":""},"class_list":["post-6210","page","type-page","status-publish","hentry"],"yoast_head":"<!-- This site is optimized with the Yoast SEO plugin v27.5 - https:\/\/yoast.com\/product\/yoast-seo-wordpress\/ -->\n<title>Programme des \u00e9missions - UN Timbres<\/title>\n<meta name=\"robots\" content=\"index, follow, max-snippet:-1, max-image-preview:large, max-video-preview:-1\" \/>\n<link rel=\"canonical\" href=\"https:\/\/unstamps.org\/fr\/programme-des-emissions\/\" \/>\n<meta property=\"og:locale\" content=\"fr_FR\" \/>\n<meta property=\"og:type\" content=\"article\" \/>\n<meta property=\"og:title\" content=\"Programme des \u00e9missions - UN Timbres\" \/>\n<meta property=\"og:description\" content=\"Les informations sont provisoires et sous r\u00e8serve de modifications de dates et de valeurs faciales. Veuillez consulter le site r\u00e8guli\u00e8rement pour conna\u00eetre les derni\u00e8res mises \u00e0 jour. Programme des \u00e9missions 2026 (soumis \u00e0 d&#8217;\u00e8ventuelles modifications de sujets, dates et valeurs faciales) 12 janvier 80 ans de la Revue des Nations Unies New York feuille personnalis\u00e9e [&hellip;]\" \/>\n<meta property=\"og:url\" content=\"https:\/\/unstamps.org\/fr\/programme-des-emissions\/\" \/>\n<meta property=\"og:site_name\" content=\"UN Timbres\" \/>\n<meta property=\"article:modified_time\" content=\"2025-11-24T16:00:37+00:00\" \/>\n<meta name=\"twitter:card\" content=\"summary_large_image\" \/>\n<meta name=\"twitter:label1\" content=\"Dur\u00e9e de lecture estim\u00e9e\" \/>\n\t<meta name=\"twitter:data1\" content=\"2 minutes\" \/>\n<script type=\"application\/ld+json\" class=\"yoast-schema-graph\">{\"@context\":\"https:\\\/\\\/schema.org\",\"@graph\":[{\"@type\":\"WebPage\",\"@id\":\"https:\\\/\\\/unstamps.org\\\/fr\\\/programme-des-emissions\\\/\",\"url\":\"https:\\\/\\\/unstamps.org\\\/fr\\\/programme-des-emissions\\\/\",\"name\":\"Programme des \u00e9missions - UN Timbres\",\"isPartOf\":{\"@id\":\"https:\\\/\\\/unstamps.org\\\/fr\\\/#website\"},\"datePublished\":\"2014-01-28T17:16:19+00:00\",\"dateModified\":\"2025-11-24T16:00:37+00:00\",\"breadcrumb\":{\"@id\":\"https:\\\/\\\/unstamps.org\\\/fr\\\/programme-des-emissions\\\/#breadcrumb\"},\"inLanguage\":\"fr-FR\",\"potentialAction\":[{\"@type\":\"ReadAction\",\"target\":[\"https:\\\/\\\/unstamps.org\\\/fr\\\/programme-des-emissions\\\/\"]}]},{\"@type\":\"BreadcrumbList\",\"@id\":\"https:\\\/\\\/unstamps.org\\\/fr\\\/programme-des-emissions\\\/#breadcrumb\",\"itemListElement\":[{\"@type\":\"ListItem\",\"position\":1,\"name\":\"Home\",\"item\":\"https:\\\/\\\/unstamps.org\\\/fr\\\/\"},{\"@type\":\"ListItem\",\"position\":2,\"name\":\"Programme des \u00e9missions\"}]},{\"@type\":\"WebSite\",\"@id\":\"https:\\\/\\\/unstamps.org\\\/fr\\\/#website\",\"url\":\"https:\\\/\\\/unstamps.org\\\/fr\\\/\",\"name\":\"UN Stamps\",\"description\":\"United Nations Stamps\",\"publisher\":{\"@id\":\"https:\\\/\\\/unstamps.org\\\/fr\\\/#organization\"},\"potentialAction\":[{\"@type\":\"SearchAction\",\"target\":{\"@type\":\"EntryPoint\",\"urlTemplate\":\"https:\\\/\\\/unstamps.org\\\/fr\\\/?s={search_term_string}\"},\"query-input\":{\"@type\":\"PropertyValueSpecification\",\"valueRequired\":true,\"valueName\":\"search_term_string\"}}],\"inLanguage\":\"fr-FR\"},{\"@type\":\"Organization\",\"@id\":\"https:\\\/\\\/unstamps.org\\\/fr\\\/#organization\",\"name\":\"UN Stamps\",\"url\":\"https:\\\/\\\/unstamps.org\\\/fr\\\/\",\"logo\":{\"@type\":\"ImageObject\",\"inLanguage\":\"fr-FR\",\"@id\":\"https:\\\/\\\/unstamps.org\\\/fr\\\/#\\\/schema\\\/logo\\\/image\\\/\",\"url\":\"https:\\\/\\\/unstamps.org\\\/wp-content\\\/uploads\\\/2014\\\/01\\\/logo4web.jpg\",\"contentUrl\":\"https:\\\/\\\/unstamps.org\\\/wp-content\\\/uploads\\\/2014\\\/01\\\/logo4web.jpg\",\"width\":2500,\"height\":250,\"caption\":\"UN Stamps\"},\"image\":{\"@id\":\"https:\\\/\\\/unstamps.org\\\/fr\\\/#\\\/schema\\\/logo\\\/image\\\/\"}}]}<\/script>\n<!-- \/ Yoast SEO plugin. -->","yoast_head_json":{"title":"Programme des \u00e9missions - UN Timbres","robots":{"index":"index","follow":"follow","max-snippet":"max-snippet:-1","max-image-preview":"max-image-preview:large","max-video-preview":"max-video-preview:-1"},"canonical":"https:\/\/unstamps.org\/fr\/programme-des-emissions\/","og_locale":"fr_FR","og_type":"article","og_title":"Programme des \u00e9missions - UN Timbres","og_description":"Les informations sont provisoires et sous r\u00e8serve de modifications de dates et de valeurs faciales. Veuillez consulter le site r\u00e8guli\u00e8rement pour conna\u00eetre les derni\u00e8res mises \u00e0 jour. Programme des \u00e9missions 2026 (soumis \u00e0 d&#8217;\u00e8ventuelles modifications de sujets, dates et valeurs faciales) 12 janvier 80 ans de la Revue des Nations Unies New York feuille personnalis\u00e9e [&hellip;]","og_url":"https:\/\/unstamps.org\/fr\/programme-des-emissions\/","og_site_name":"UN Timbres","article_modified_time":"2025-11-24T16:00:37+00:00","twitter_card":"summary_large_image","twitter_misc":{"Dur\u00e9e de lecture estim\u00e9e":"2 minutes"},"schema":{"@context":"https:\/\/schema.org","@graph":[{"@type":"WebPage","@id":"https:\/\/unstamps.org\/fr\/programme-des-emissions\/","url":"https:\/\/unstamps.org\/fr\/programme-des-emissions\/","name":"Programme des \u00e9missions - UN Timbres","isPartOf":{"@id":"https:\/\/unstamps.org\/fr\/#website"},"datePublished":"2014-01-28T17:16:19+00:00","dateModified":"2025-11-24T16:00:37+00:00","breadcrumb":{"@id":"https:\/\/unstamps.org\/fr\/programme-des-emissions\/#breadcrumb"},"inLanguage":"fr-FR","potentialAction":[{"@type":"ReadAction","target":["https:\/\/unstamps.org\/fr\/programme-des-emissions\/"]}]},{"@type":"BreadcrumbList","@id":"https:\/\/unstamps.org\/fr\/programme-des-emissions\/#breadcrumb","itemListElement":[{"@type":"ListItem","position":1,"name":"Home","item":"https:\/\/unstamps.org\/fr\/"},{"@type":"ListItem","position":2,"name":"Programme des \u00e9missions"}]},{"@type":"WebSite","@id":"https:\/\/unstamps.org\/fr\/#website","url":"https:\/\/unstamps.org\/fr\/","name":"UN Stamps","description":"United Nations Stamps","publisher":{"@id":"https:\/\/unstamps.org\/fr\/#organization"},"potentialAction":[{"@type":"SearchAction","target":{"@type":"EntryPoint","urlTemplate":"https:\/\/unstamps.org\/fr\/?s={search_term_string}"},"query-input":{"@type":"PropertyValueSpecification","valueRequired":true,"valueName":"search_term_string"}}],"inLanguage":"fr-FR"},{"@type":"Organization","@id":"https:\/\/unstamps.org\/fr\/#organization","name":"UN Stamps","url":"https:\/\/unstamps.org\/fr\/","logo":{"@type":"ImageObject","inLanguage":"fr-FR","@id":"https:\/\/unstamps.org\/fr\/#\/schema\/logo\/image\/","url":"https:\/\/unstamps.org\/wp-content\/uploads\/2014\/01\/logo4web.jpg","contentUrl":"https:\/\/unstamps.org\/wp-content\/uploads\/2014\/01\/logo4web.jpg","width":2500,"height":250,"caption":"UN Stamps"},"image":{"@id":"https:\/\/unstamps.org\/fr\/#\/schema\/logo\/image\/"}}]}},"jetpack_sharing_enabled":true,"publishpress_future_action":{"enabled":false,"date":"2026-05-09 02:10:29","action":"change-status","newStatus":"draft","terms":[],"taxonomy":"translation_priority","extraData":[]},"publishpress_future_workflow_manual_trigger":{"enabledWorkflows":[]},"_links":{"self":[{"href":"https:\/\/unstamps.org\/fr\/wp-json\/wp\/v2\/pages\/6210","targetHints":{"allow":["GET"]}}],"collection":[{"href":"https:\/\/unstamps.org\/fr\/wp-json\/wp\/v2\/pages"}],"about":[{"href":"https:\/\/unstamps.org\/fr\/wp-json\/wp\/v2\/types\/page"}],"author":[{"embeddable":true,"href":"https:\/\/unstamps.org\/fr\/wp-json\/wp\/v2\/users\/2"}],"replies":[{"embeddable":true,"href":"https:\/\/unstamps.org\/fr\/wp-json\/wp\/v2\/comments?post=6210"}],"version-history":[{"count":0,"href":"https:\/\/unstamps.org\/fr\/wp-json\/wp\/v2\/pages\/6210\/revisions"}],"wp:attachment":[{"href":"https:\/\/unstamps.org\/fr\/wp-json\/wp\/v2\/media?parent=6210"}],"curies":[{"name":"wp","href":"https:\/\/api.w.org\/{rel}","templated":true}]}}