{"id":6205,"date":"2014-01-28T12:06:24","date_gmt":"2014-01-28T17:06:24","guid":{"rendered":"http:\/\/unstamps.org\/?page_id=6205"},"modified":"2025-08-01T11:17:14","modified_gmt":"2025-08-01T15:17:14","slug":"contact-aide","status":"publish","type":"page","link":"https:\/\/unstamps.org\/fr\/contact-aide\/","title":{"rendered":"Contact"},"content":{"rendered":"<p>Le bureau de l&#8217;APNU-New York est responsable de tous les clients hors de l&#8217;Europe. Le bureau de l&#8217;APNU-Europe \u00e0 Vienne est en charge de tous les clients europ\u00e9ens.<\/p>\n<h3>SIEGE DE L&#8217;ORGANISATION DES NATIONS UNIES, NEW YORK<\/h3>\n<p>United Nations Postal Administration<br \/>\nP.O. Box 5900, Grand Central Station<br \/>\nNew York, N.Y. 10163-5900<br \/>\nT\u00e9l. : 1-212-963-7684 ou 1-800-234-UNPA (num\u00e9ro vert U.S.A.)<br \/>\nT\u00e9l. : 1-929-437-2991<br \/>\nEmail:&nbsp;<a href=\"mailto:unpanyinquiries@un.org\"><strong>unpanyinquiries@un.org<\/strong><\/a><\/p>\n<h3>COMPTOIR DE VENTE APNU ET BOUTIQUE DES TIMBRES PERSONNALIS\u00c9S, NEW YORK<\/h3>\n<p>Situ\u00e9 dans le hall du b\u00e2timent de l&#8217;Assembl\u00e9e g\u00e9n\u00e9rale<br \/>\n1st Avenue and 45th Street<br \/>\nNew York, NY 10017<\/p>\n<p>Le comptoir philat\u00e9lique est ouvert de lundi \u00e0 vendredi de 9 h 00 \u00e0 17 h 00.<br \/>\nLes entr\u00e9es pour les visiteurs du compound de l&#8217;ONU ferment \u00e0 16:45 h. Nous recommendons \u00e0 venir plus t\u00f4t.<br \/>\nLe comptoir peut, \u00e0 tout moment, \u00eatre ferm\u00e9 pour mesure de s\u00e9curit\u00e9.<br \/>\nPour toute confirmation sur les heures d&#8217;ouverture, veuillez appeler au (212) 963-7698.<br \/>\nFerm\u00e9 pour les vacances officielles de l&#8217;ONU en 2025:<\/p>\n<ul>\n<li>1er janvier &#8212; Jour de l&#8217;An<\/li>\n<li>31 mars &#8212; Eid al-Fitr<\/li>\n<li>18 avril &#8212; Vendredi Saint<\/li>\n<li>26 mai &#8212; Memorial Day<\/li>\n<li>6 juin &#8212; Eid al-Adha<\/li>\n<li>4 juillet &#8212; Jour de l&#8217;Ind\u00e9pendance<\/li>\n<li>1 septembre &#8212; F\u00eate du Travail<\/li>\n<li>27 novembre &#8212; Jour de Thanksgiving<\/li>\n<li>25 d\u00e9cembre &#8212; Jour de No\u00ebl<\/li>\n<\/ul>\n<h3>BUREAUX DE L&#8217;APNU, EUROPE<\/h3>\n<p>Veuillez contacter&nbsp;le bureau de Vienne&nbsp;\u00e0:<\/p>\n<p>Postverwaltung der Vereinten Nationen<br \/>\nInternationales Zentrum Wien<br \/>\nPostfach 900<br \/>\n1400 Wien &#8211; Vereinte Nationen<br \/>\n\u00d6sterreich<\/p>\n<p>T\u00e9l: Lundi &#8211; jeudi de 10h \u00e0 15h<br \/>\n+43(1)26060-4032 et 4025 allemand + anglais<br \/>\n+43(1)26060-4020 fran\u00e7ais<br \/>\n+43(1)26060-4025 espagnol<br \/>\n+43(1)26060-4022 italien<br \/>\nFax: +43(1)26060-5825<br \/>\nEmail:&nbsp;<a href=\"mailto:UNPA-Europe@un.org\"><strong>UNPA-Europe@un.org<\/strong><\/a><\/p>\n<p>COMPTOIR DE VENTE APNU, VIENNE<br \/>\nCheckpoint 1, Centre international de Vienne (UNO-City)<br \/>\nWagramer Stra\u00dfe 5, 1400 Vienne &#8211; Nations Unies<br \/>\nAutriche<\/p>\n<p>Heures d&#8217;ouverture:<br \/>\nLundi \u00e0 vendredi de 11h 30 \u00e0 16h 30<\/p>\n<p>Le comptoir de timbres de l\u2019Administration postale des Nations Unies situ\u00e9 \u00e0 l\u2019int\u00e9rieur du Centre International de Vienne est ouvert. Les visiteurs peuvent acheter des timbres des Nations Unies et envoyer des lettres affranchies avec les timbres de l\u2019ONU du lundi au vendredi de 11h30 \u00e0 16h30.<\/p>\n<p>Ferm\u00e9 pour les vacances officielles de l&#8217;ONU:<\/p>\n<ul>\n<li>1er janvier &#8212; Jour de l&#8217;An<\/li>\n<li>31 mars &#8212; Eid al-Fitr<\/li>\n<li>18 avril &#8212; Vendredi Saint<\/li>\n<li>21 avril &#8212; Lundi de P\u00e2ques<\/li>\n<li>1er mai &#8212; 1er mai<\/li>\n<li>6 juin &#8212; Eid al-Adha<\/li>\n<li>27 octobre &#8212; F\u00eate nationale autrichienne<\/li>\n<li>25 d\u00e9cembre &#8212; Jour de No\u00ebl<\/li>\n<li>26 d\u00e9cembre &#8212;St. La f\u00eate d&#8217;\u00c9tienne<\/li>\n<\/ul>\n<p>Autres jours de fermeture:<\/p>\n<ul>\n<li>31.1.2025<\/li>\n<li>28.2.2025<\/li>\n<li>31.3.2025<\/li>\n<li>30.4.2025<\/li>\n<li>31.5.2025<\/li>\n<li>30.6.2025<\/li>\n<li>31.7.2025<\/li>\n<li>31.8.2025<\/li>\n<li>30.9.2025<\/li>\n<li>31.10.2025<\/li>\n<li>29.11.2025<\/li>\n<li>23.12.2025 &#8211; 12.01.2026<\/li>\n<\/ul>\n<p>R\u00e9ouverture le 13 janvier 2026<\/p>\n<p>Les collectionneurs peuvent \u00e9galement se rendre au comptoir de l&#8217;APNU \u00e0 Gen\u00e8ve pour obtenir tous les produits philat\u00e9liques, \u00e0 l&#8217;adresse suivante:<\/p>\n<p>COMPTOIR DE VENTE APNU, GEN\u00c8VE<br \/>\nPalais des Nations, Porte 39<br \/>\nCH-1211 Gen\u00e8ve 10<br \/>\nSuisse<\/p>\n<p>T\u00e9l.: 00412291 73784<\/p>\n<p>Heures d&#8217;ouvertures:<br \/>\nLundi \u00e0 vendredi de 11h \u00e0 17h<\/p>\n<p>Le comptoir de timbres de l\u2019Administration postale des Nations Unies au Palais des Nations \u00e0 Gen\u00e8ve est ouvert. Les visiteurs peuvent acheter des timbres des Nations Unies et envoyer des lettres affranchies avec les timbres de l\u2019ONU du lundi au vendredi de 11h \u00e0 17h.<\/p>\n<p>Ferm\u00e9 pour les vacances officielles de l&#8217;ONU:<\/p>\n<ul>\n<li>1er janvier &#8212; Jour de l&#8217;An<\/li>\n<li>31 mars &#8212; Eid al-Fitr<\/li>\n<li>18 avril &#8212; Vendredi Saint<\/li>\n<li>21 avril &#8212; Lundi de P\u00e2ques<\/li>\n<li>6 juin &#8212; Eid al-Adha<\/li>\n<li>9 juin &#8212; Lundi de Pentec\u00f4te<\/li>\n<li>1er ao\u00fbt &#8212; F\u00eate nationale suisse<\/li>\n<li>11 septembre &#8212;<\/li>\n<li>25 d\u00e9cembre &#8212; Jour de No\u00ebl<\/li>\n<\/ul>\n<p>Autres jours de fermeture:<\/p>\n<ul>\n<li>31.1.2025<\/li>\n<li>28.2.2025<\/li>\n<li>31.3.2025<\/li>\n<li>30.4.2025<\/li>\n<li>31.5.2025<\/li>\n<li>30.6.2025<\/li>\n<li>31.7.2025<\/li>\n<li>31.8.2025<\/li>\n<li>30.9.2025<\/li>\n<li>31.10.2025<\/li>\n<li>30.11.2025<\/li>\n<li>19.12.2025 &#8211; 12.01.26<\/li>\n<\/ul>\n<p>R\u00e9ouverture le 13 janvier 2026<\/p>\n<h3>SI\u00c8GE DE L\u2019APNU EN CHINE<\/h3>\n<p>T\u00e9l.: +8610-85320960<br \/>\nEmail: <a href=\"mailto:unpa-asia@un.org\"><strong>UNPA-Asia@un.org<\/strong><\/a><\/p>\n<p>ou \u00e9crire \u00e0:<br \/>\nAdministration postale des Nations Unies<br \/>\n2 Liang Ma He Nan Lu,<br \/>\nP\u00e9kin 100600, R\u00e9publique populaire de Chine<\/p>\n","protected":false},"excerpt":{"rendered":"<p>Le bureau de l&#8217;APNU-New York est responsable de tous les clients hors de l&#8217;Europe. Le bureau de l&#8217;APNU-Europe \u00e0 Vienne est en charge de tous les clients europ\u00e9ens. SIEGE DE L&#8217;ORGANISATION DES NATIONS UNIES, NEW YORK United Nations Postal Administration P.O. Box 5900, Grand Central Station New York, N.Y. 10163-5900 T\u00e9l. : 1-212-963-7684 ou 1-800-234-UNPA [&hellip;]<\/p>\n","protected":false},"author":2,"featured_media":0,"parent":0,"menu_order":0,"comment_status":"open","ping_status":"open","template":"","meta":{"ngg_post_thumbnail":0,"footnotes":""},"class_list":["post-6205","page","type-page","status-publish","hentry"],"yoast_head":"<!-- This site is optimized with the Yoast SEO plugin v27.6 - https:\/\/yoast.com\/product\/yoast-seo-wordpress\/ -->\n<title>Contact - UN Timbres<\/title>\n<meta name=\"robots\" content=\"index, follow, max-snippet:-1, max-image-preview:large, max-video-preview:-1\" \/>\n<link rel=\"canonical\" href=\"https:\/\/unstamps.org\/fr\/contact-aide\/\" \/>\n<meta property=\"og:locale\" content=\"fr_FR\" \/>\n<meta property=\"og:type\" content=\"article\" \/>\n<meta property=\"og:title\" content=\"Contact - UN Timbres\" \/>\n<meta property=\"og:description\" content=\"Le bureau de l&#8217;APNU-New York est responsable de tous les clients hors de l&#8217;Europe. Le bureau de l&#8217;APNU-Europe \u00e0 Vienne est en charge de tous les clients europ\u00e9ens. SIEGE DE L&#8217;ORGANISATION DES NATIONS UNIES, NEW YORK United Nations Postal Administration P.O. Box 5900, Grand Central Station New York, N.Y. 10163-5900 T\u00e9l. : 1-212-963-7684 ou 1-800-234-UNPA [&hellip;]\" \/>\n<meta property=\"og:url\" content=\"https:\/\/unstamps.org\/fr\/contact-aide\/\" \/>\n<meta property=\"og:site_name\" content=\"UN Timbres\" \/>\n<meta property=\"article:modified_time\" content=\"2025-08-01T15:17:14+00:00\" \/>\n<meta name=\"twitter:card\" content=\"summary_large_image\" \/>\n<meta name=\"twitter:label1\" content=\"Dur\u00e9e de lecture estim\u00e9e\" \/>\n\t<meta name=\"twitter:data1\" content=\"3 minutes\" \/>\n<script type=\"application\/ld+json\" class=\"yoast-schema-graph\">{\"@context\":\"https:\\\/\\\/schema.org\",\"@graph\":[{\"@type\":\"WebPage\",\"@id\":\"https:\\\/\\\/unstamps.org\\\/fr\\\/contact-aide\\\/\",\"url\":\"https:\\\/\\\/unstamps.org\\\/fr\\\/contact-aide\\\/\",\"name\":\"Contact - UN Timbres\",\"isPartOf\":{\"@id\":\"https:\\\/\\\/unstamps.org\\\/fr\\\/#website\"},\"datePublished\":\"2014-01-28T17:06:24+00:00\",\"dateModified\":\"2025-08-01T15:17:14+00:00\",\"breadcrumb\":{\"@id\":\"https:\\\/\\\/unstamps.org\\\/fr\\\/contact-aide\\\/#breadcrumb\"},\"inLanguage\":\"fr-FR\",\"potentialAction\":[{\"@type\":\"ReadAction\",\"target\":[\"https:\\\/\\\/unstamps.org\\\/fr\\\/contact-aide\\\/\"]}]},{\"@type\":\"BreadcrumbList\",\"@id\":\"https:\\\/\\\/unstamps.org\\\/fr\\\/contact-aide\\\/#breadcrumb\",\"itemListElement\":[{\"@type\":\"ListItem\",\"position\":1,\"name\":\"Home\",\"item\":\"https:\\\/\\\/unstamps.org\\\/fr\\\/\"},{\"@type\":\"ListItem\",\"position\":2,\"name\":\"Contact\"}]},{\"@type\":\"WebSite\",\"@id\":\"https:\\\/\\\/unstamps.org\\\/fr\\\/#website\",\"url\":\"https:\\\/\\\/unstamps.org\\\/fr\\\/\",\"name\":\"UN Stamps\",\"description\":\"United Nations Stamps\",\"publisher\":{\"@id\":\"https:\\\/\\\/unstamps.org\\\/fr\\\/#organization\"},\"potentialAction\":[{\"@type\":\"SearchAction\",\"target\":{\"@type\":\"EntryPoint\",\"urlTemplate\":\"https:\\\/\\\/unstamps.org\\\/fr\\\/?s={search_term_string}\"},\"query-input\":{\"@type\":\"PropertyValueSpecification\",\"valueRequired\":true,\"valueName\":\"search_term_string\"}}],\"inLanguage\":\"fr-FR\"},{\"@type\":\"Organization\",\"@id\":\"https:\\\/\\\/unstamps.org\\\/fr\\\/#organization\",\"name\":\"UN Stamps\",\"url\":\"https:\\\/\\\/unstamps.org\\\/fr\\\/\",\"logo\":{\"@type\":\"ImageObject\",\"inLanguage\":\"fr-FR\",\"@id\":\"https:\\\/\\\/unstamps.org\\\/fr\\\/#\\\/schema\\\/logo\\\/image\\\/\",\"url\":\"https:\\\/\\\/unstamps.org\\\/wp-content\\\/uploads\\\/2014\\\/01\\\/logo4web.jpg\",\"contentUrl\":\"https:\\\/\\\/unstamps.org\\\/wp-content\\\/uploads\\\/2014\\\/01\\\/logo4web.jpg\",\"width\":2500,\"height\":250,\"caption\":\"UN Stamps\"},\"image\":{\"@id\":\"https:\\\/\\\/unstamps.org\\\/fr\\\/#\\\/schema\\\/logo\\\/image\\\/\"}}]}<\/script>\n<!-- \/ Yoast SEO plugin. -->","yoast_head_json":{"title":"Contact - UN Timbres","robots":{"index":"index","follow":"follow","max-snippet":"max-snippet:-1","max-image-preview":"max-image-preview:large","max-video-preview":"max-video-preview:-1"},"canonical":"https:\/\/unstamps.org\/fr\/contact-aide\/","og_locale":"fr_FR","og_type":"article","og_title":"Contact - UN Timbres","og_description":"Le bureau de l&#8217;APNU-New York est responsable de tous les clients hors de l&#8217;Europe. Le bureau de l&#8217;APNU-Europe \u00e0 Vienne est en charge de tous les clients europ\u00e9ens. SIEGE DE L&#8217;ORGANISATION DES NATIONS UNIES, NEW YORK United Nations Postal Administration P.O. Box 5900, Grand Central Station New York, N.Y. 10163-5900 T\u00e9l. : 1-212-963-7684 ou 1-800-234-UNPA [&hellip;]","og_url":"https:\/\/unstamps.org\/fr\/contact-aide\/","og_site_name":"UN Timbres","article_modified_time":"2025-08-01T15:17:14+00:00","twitter_card":"summary_large_image","twitter_misc":{"Dur\u00e9e de lecture estim\u00e9e":"3 minutes"},"schema":{"@context":"https:\/\/schema.org","@graph":[{"@type":"WebPage","@id":"https:\/\/unstamps.org\/fr\/contact-aide\/","url":"https:\/\/unstamps.org\/fr\/contact-aide\/","name":"Contact - UN Timbres","isPartOf":{"@id":"https:\/\/unstamps.org\/fr\/#website"},"datePublished":"2014-01-28T17:06:24+00:00","dateModified":"2025-08-01T15:17:14+00:00","breadcrumb":{"@id":"https:\/\/unstamps.org\/fr\/contact-aide\/#breadcrumb"},"inLanguage":"fr-FR","potentialAction":[{"@type":"ReadAction","target":["https:\/\/unstamps.org\/fr\/contact-aide\/"]}]},{"@type":"BreadcrumbList","@id":"https:\/\/unstamps.org\/fr\/contact-aide\/#breadcrumb","itemListElement":[{"@type":"ListItem","position":1,"name":"Home","item":"https:\/\/unstamps.org\/fr\/"},{"@type":"ListItem","position":2,"name":"Contact"}]},{"@type":"WebSite","@id":"https:\/\/unstamps.org\/fr\/#website","url":"https:\/\/unstamps.org\/fr\/","name":"UN Stamps","description":"United Nations Stamps","publisher":{"@id":"https:\/\/unstamps.org\/fr\/#organization"},"potentialAction":[{"@type":"SearchAction","target":{"@type":"EntryPoint","urlTemplate":"https:\/\/unstamps.org\/fr\/?s={search_term_string}"},"query-input":{"@type":"PropertyValueSpecification","valueRequired":true,"valueName":"search_term_string"}}],"inLanguage":"fr-FR"},{"@type":"Organization","@id":"https:\/\/unstamps.org\/fr\/#organization","name":"UN Stamps","url":"https:\/\/unstamps.org\/fr\/","logo":{"@type":"ImageObject","inLanguage":"fr-FR","@id":"https:\/\/unstamps.org\/fr\/#\/schema\/logo\/image\/","url":"https:\/\/unstamps.org\/wp-content\/uploads\/2014\/01\/logo4web.jpg","contentUrl":"https:\/\/unstamps.org\/wp-content\/uploads\/2014\/01\/logo4web.jpg","width":2500,"height":250,"caption":"UN Stamps"},"image":{"@id":"https:\/\/unstamps.org\/fr\/#\/schema\/logo\/image\/"}}]}},"jetpack_sharing_enabled":true,"publishpress_future_action":{"enabled":false,"date":"2026-05-22 09:37:57","action":"change-status","newStatus":"draft","terms":[],"taxonomy":"translation_priority","extraData":[]},"publishpress_future_workflow_manual_trigger":{"enabledWorkflows":[]},"_links":{"self":[{"href":"https:\/\/unstamps.org\/fr\/wp-json\/wp\/v2\/pages\/6205","targetHints":{"allow":["GET"]}}],"collection":[{"href":"https:\/\/unstamps.org\/fr\/wp-json\/wp\/v2\/pages"}],"about":[{"href":"https:\/\/unstamps.org\/fr\/wp-json\/wp\/v2\/types\/page"}],"author":[{"embeddable":true,"href":"https:\/\/unstamps.org\/fr\/wp-json\/wp\/v2\/users\/2"}],"replies":[{"embeddable":true,"href":"https:\/\/unstamps.org\/fr\/wp-json\/wp\/v2\/comments?post=6205"}],"version-history":[{"count":0,"href":"https:\/\/unstamps.org\/fr\/wp-json\/wp\/v2\/pages\/6205\/revisions"}],"wp:attachment":[{"href":"https:\/\/unstamps.org\/fr\/wp-json\/wp\/v2\/media?parent=6205"}],"curies":[{"name":"wp","href":"https:\/\/api.w.org\/{rel}","templated":true}]}}