{"id":6184,"date":"2014-01-28T11:32:50","date_gmt":"2014-01-28T16:32:50","guid":{"rendered":"http:\/\/unstamps.org\/?page_id=6184"},"modified":"2014-10-02T08:46:07","modified_gmt":"2014-10-02T12:46:07","slug":"apnu-programme-dordre-permanent","status":"publish","type":"page","link":"https:\/\/unstamps.org\/fr\/a-propos-de-lapnu\/apnu-programme-dordre-permanent\/","title":{"rendered":"Ordre permanent"},"content":{"rendered":"\n<div class=\"wpcf7 no-js\" id=\"wpcf7-f10649-o1\" lang=\"en-US\" dir=\"ltr\" data-wpcf7-id=\"10649\">\n<div class=\"screen-reader-response\"><p role=\"status\" aria-live=\"polite\" aria-atomic=\"true\"><\/p> <ul><\/ul><\/div>\n<form action=\"\/fr\/wp-json\/wp\/v2\/pages\/6184#wpcf7-f10649-o1\" method=\"post\" class=\"wpcf7-form init\" aria-label=\"Contact form\" novalidate=\"novalidate\" data-status=\"init\">\n<fieldset class=\"hidden-fields-container\"><input type=\"hidden\" name=\"_wpcf7\" value=\"10649\" \/><input type=\"hidden\" name=\"_wpcf7_version\" value=\"6.1.5\" \/><input type=\"hidden\" name=\"_wpcf7_locale\" value=\"en_US\" \/><input type=\"hidden\" name=\"_wpcf7_unit_tag\" value=\"wpcf7-f10649-o1\" \/><input type=\"hidden\" name=\"_wpcf7_container_post\" value=\"0\" \/><input type=\"hidden\" name=\"_wpcf7_posted_data_hash\" value=\"\" \/>\n<\/fieldset>\n<p><strong>Voulez-vous un moyen plus facile de maintenir votre collection de timbres \u00e0 jour? <\/strong><br \/>\nNotre ordre permanent vous donne la possibilit\u00e9 de recevoir tous les timbres et produits d\u00e8s qu'ils sont \u00e9mis.\n<\/p>\n<p>Veuillez passer un ordre permanent aupr\u00e8s de l'Administration postale des Nations Unies en utilsant cette formule et vous recevrez les \u00e9missions futures.\n<\/p>\n<p><strong>Quels produits voulez-vous recevoir?<\/strong>\n<\/p>\n<p><span class=\"wpcf7-form-control-wrap\" data-name=\"stamps-souvenir-sheets\"><span class=\"wpcf7-form-control wpcf7-checkbox\"><span class=\"wpcf7-list-item first last\"><input type=\"checkbox\" name=\"stamps-souvenir-sheets[]\" value=\"Timbres et feuilles souvenir\" \/><span class=\"wpcf7-list-item-label\">Timbres et feuilles souvenir<\/span><\/span><\/span><\/span>\n<\/p>\n<p><span class=\"wpcf7-form-control-wrap\" data-name=\"first-day-covers\"><span class=\"wpcf7-form-control wpcf7-checkbox\"><span class=\"wpcf7-list-item first last\"><input type=\"checkbox\" name=\"first-day-covers[]\" value=\"Enveloppes premier jour\" \/><span class=\"wpcf7-list-item-label\">Enveloppes premier jour<\/span><\/span><\/span><\/span>\n<\/p>\n<p><span class=\"wpcf7-form-control-wrap\" data-name=\"miniature-sheets\"><span class=\"wpcf7-form-control wpcf7-checkbox\"><span class=\"wpcf7-list-item first last\"><input type=\"checkbox\" name=\"miniature-sheets[]\" value=\"Feuilles miniature\" \/><span class=\"wpcf7-list-item-label\">Feuilles miniature<\/span><\/span><\/span><\/span>\n<\/p>\n<p><span class=\"wpcf7-form-control-wrap\" data-name=\"booklets\"><span class=\"wpcf7-form-control wpcf7-checkbox\"><span class=\"wpcf7-list-item first last\"><input type=\"checkbox\" name=\"booklets[]\" value=\"Carnets de timbres\" \/><span class=\"wpcf7-list-item-label\">Carnets de timbres<\/span><\/span><\/span><\/span>\n<\/p>\n<p><span class=\"wpcf7-form-control-wrap\" data-name=\"annual-collection-folders\"><span class=\"wpcf7-form-control wpcf7-checkbox\"><span class=\"wpcf7-list-item first last\"><input type=\"checkbox\" name=\"annual-collection-folders[]\" value=\"D\u00e9pliants annuels\" \/><span class=\"wpcf7-list-item-label\">D\u00e9pliants annuels<\/span><\/span><\/span><\/span>\n<\/p>\n<p><span class=\"wpcf7-form-control-wrap\" data-name=\"personalized-sheets\"><span class=\"wpcf7-form-control wpcf7-checkbox\"><span class=\"wpcf7-list-item first last\"><input type=\"checkbox\" name=\"personalized-sheets[]\" value=\"Feuilles des timbres personnalis\u00e9s\" \/><span class=\"wpcf7-list-item-label\">Feuilles des timbres personnalis\u00e9s<\/span><\/span><\/span><\/span>\n<\/p>\n<p>Si vous avez des commandes plus d\u00e9taill\u00e9es, veuillez voir la formule compl\u00e8te d'ordre permanent de l'APNU.\n<\/p>\n<ul>\n\t<li>\n\t\t<p><a href=\"\/wp-content\/uploads\/2017\/08\/standing_order_form_en1.pdf\" target=\"_blank\">Anglais<\/a>\n\t\t<\/p>\n\t<\/li>\n\t<li>\n\t\t<p><a href=\"\/wp-content\/uploads\/2017\/08\/standing_order_form_fr1.pdf\" target=\"_blank\"> Fran\u00e7ais<\/a>\n\t\t<\/p>\n\t<\/li>\n\t<li>\n\t\t<p><a href=\"\/wp-content\/uploads\/2017\/08\/standing_order_form_de1.pdf\" target=\"_blank\"> Allemand<\/a>\n\t\t<\/p>\n\t<\/li>\n\t<li>\n\t\t<p><a href=\"\/wp-content\/uploads\/2017\/08\/standing_order_form_it1.pdf\" target=\"_blank\"> Italien<\/a>\n\t\t<\/p>\n\t<\/li>\n\t<li>\n\t\t<p><a href=\"\/wp-content\/uploads\/2017\/08\/standing_order_form_zh.pdf\" target=\"_blank\"> Chinois<\/a>\n\t\t<\/p>\n\t<\/li>\n<\/ul>\n<h3>D\u00c9TAILS DE LIVRAISON\n<\/h3>\n<p>Je souhaite l'envoi de mon abonnement\n<\/p>\n<p><span class=\"wpcf7-form-control-wrap\" data-name=\"annual\"><span class=\"wpcf7-form-control wpcf7-checkbox\"><span class=\"wpcf7-list-item first last\"><input type=\"checkbox\" name=\"annual[]\" value=\"une fois par an\" \/><span class=\"wpcf7-list-item-label\">une fois par an<\/span><\/span><\/span><\/span>\n<\/p>\n<p><span class=\"wpcf7-form-control-wrap\" data-name=\"semi-annual\"><span class=\"wpcf7-form-control wpcf7-checkbox\"><span class=\"wpcf7-list-item first last\"><input type=\"checkbox\" name=\"semi-annual[]\" value=\"deux fois par an\" \/><span class=\"wpcf7-list-item-label\">deux fois par an<\/span><\/span><\/span><\/span>\n<\/p>\n<p><span class=\"wpcf7-form-control-wrap\" data-name=\"date-of-issue\"><span class=\"wpcf7-form-control wpcf7-checkbox\"><span class=\"wpcf7-list-item first last\"><input type=\"checkbox\" name=\"date-of-issue[]\" value=\"\u00e0 chaque \u00e9mission\" \/><span class=\"wpcf7-list-item-label\">\u00e0 chaque \u00e9mission<\/span><\/span><\/span><\/span>\n<\/p>\n<p>Voulez-vous livraison en recommand\u00e9?<br \/>\n<span class=\"wpcf7-form-control-wrap\" data-name=\"registered-mail\"><span class=\"wpcf7-form-control wpcf7-radio\"><span class=\"wpcf7-list-item first\"><input type=\"radio\" name=\"registered-mail\" value=\"Oui\" \/><span class=\"wpcf7-list-item-label\">Oui<\/span><\/span><span class=\"wpcf7-list-item last\"><input type=\"radio\" name=\"registered-mail\" value=\"Non\" \/><span class=\"wpcf7-list-item-label\">Non<\/span><\/span><\/span><\/span>\n<\/p>\n<h3>D\u00c9TAILS DE PAIEMENT\n<\/h3>\n<p><span class=\"wpcf7-form-control-wrap\" data-name=\"charge-future-orders\"><span class=\"wpcf7-form-control wpcf7-checkbox\"><span class=\"wpcf7-list-item first last\"><input type=\"checkbox\" name=\"charge-future-orders[]\" value=\"Veuillez pr\u00e9lever les co\u00fbts de tous mes ordres  de ma carte de cr\u00e9dit\" \/><span class=\"wpcf7-list-item-label\">Veuillez pr\u00e9lever les co\u00fbts de tous mes ordres  de ma carte de cr\u00e9dit<\/span><\/span><\/span><\/span><br \/>\n<span class=\"wpcf7-form-control-wrap\" data-name=\"card-type\"><span class=\"wpcf7-form-control wpcf7-radio\"><span class=\"wpcf7-list-item first\"><input type=\"radio\" name=\"card-type\" value=\"Visa\" \/><span class=\"wpcf7-list-item-label\">Visa<\/span><\/span><span class=\"wpcf7-list-item last\"><input type=\"radio\" name=\"card-type\" value=\"MasterCard\" \/><span class=\"wpcf7-list-item-label\">MasterCard<\/span><\/span><\/span><\/span>\n<\/p>\n<div class=\"control-group\">\n\t<p><label class=\"control-label\">Carte de cr\u00e9dit:<\/label>\n\t<\/p>\n\t<div class=\"controls\">\n\t\t<p><span class=\"wpcf7-form-control-wrap\" data-name=\"credit-card-number\"><input size=\"40\" maxlength=\"400\" class=\"wpcf7-form-control wpcf7-text\" aria-invalid=\"false\" value=\"\" type=\"text\" name=\"credit-card-number\" \/><\/span>\n\t\t<\/p>\n\t<\/div>\n<\/div>\n<div class=\"control-group\">\n\t<p><label class=\"control-label\">Date d'expiration (obligatoire):<\/label>\n\t<\/p>\n\t<div class=\"controls\">\n\t\t<p><label>M<\/label><span class=\"wpcf7-form-control-wrap\" data-name=\"credit-card-month\"><input size=\"40\" maxlength=\"400\" class=\"wpcf7-form-control wpcf7-text\" aria-invalid=\"false\" value=\"\" type=\"text\" name=\"credit-card-month\" \/><\/span><br \/>\n<label>A<\/label><span class=\"wpcf7-form-control-wrap\" data-name=\"credit-card-year\"><input size=\"40\" maxlength=\"400\" class=\"wpcf7-form-control wpcf7-text\" aria-invalid=\"false\" value=\"\" type=\"text\" name=\"credit-card-year\" \/><\/span>\n\t\t<\/p>\n\t<\/div>\n<\/div>\n<h3>ADRESSE\n<\/h3>\n<div class=\"control-group\">\n\t<p><label class=\"control-label\">Num\u00e9ro de client (s'il existe):<\/label>\n\t<\/p>\n\t<div class=\"controls\">\n\t\t<p><span class=\"wpcf7-form-control-wrap\" data-name=\"customer-number\"><input size=\"40\" maxlength=\"400\" class=\"wpcf7-form-control wpcf7-text\" aria-invalid=\"false\" value=\"\" type=\"text\" name=\"customer-number\" \/><\/span>\n\t\t<\/p>\n\t<\/div>\n<\/div>\n<div class=\"control-group\">\n\t<p><label class=\"control-label\">Pr\u00e9nom:<\/label>\n\t<\/p>\n\t<div class=\"controls\">\n\t\t<p><span class=\"wpcf7-form-control-wrap\" data-name=\"first-name\"><input size=\"40\" maxlength=\"400\" class=\"wpcf7-form-control wpcf7-text wpcf7-validates-as-required\" aria-required=\"true\" aria-invalid=\"false\" value=\"\" type=\"text\" name=\"first-name\" \/><\/span>\n\t\t<\/p>\n\t<\/div>\n<\/div>\n<div class=\"control-group\">\n\t<p><label class=\"control-label\">Nom:<\/label>\n\t<\/p>\n\t<div class=\"controls\">\n\t\t<p><span class=\"wpcf7-form-control-wrap\" data-name=\"last-name\"><input size=\"40\" maxlength=\"400\" class=\"wpcf7-form-control wpcf7-text wpcf7-validates-as-required\" aria-required=\"true\" aria-invalid=\"false\" value=\"\" type=\"text\" name=\"last-name\" \/><\/span>\n\t\t<\/p>\n\t<\/div>\n<\/div>\n<div class=\"control-group\">\n\t<p><label class=\"control-label\">Adresse:<\/label>\n\t<\/p>\n\t<div class=\"controls\">\n\t\t<p><span class=\"wpcf7-form-control-wrap\" data-name=\"address\"><input size=\"40\" maxlength=\"400\" class=\"wpcf7-form-control wpcf7-text wpcf7-validates-as-required\" aria-required=\"true\" aria-invalid=\"false\" value=\"\" type=\"text\" name=\"address\" \/><\/span>\n\t\t<\/p>\n\t<\/div>\n<\/div>\n<div class=\"control-group\">\n\t<p><label class=\"control-label\">Ville:<\/label>\n\t<\/p>\n\t<div class=\"controls\">\n\t\t<p><span class=\"wpcf7-form-control-wrap\" data-name=\"city\"><input size=\"40\" maxlength=\"400\" class=\"wpcf7-form-control wpcf7-text wpcf7-validates-as-required\" aria-required=\"true\" aria-invalid=\"false\" value=\"\" type=\"text\" name=\"city\" \/><\/span>\n\t\t<\/p>\n\t<\/div>\n<\/div>\n<div class=\"control-group\">\n\t<p><label class=\"control-label\">D\u00e9partement:<\/label>\n\t<\/p>\n\t<div class=\"controls\">\n\t\t<p><span class=\"wpcf7-form-control-wrap\" data-name=\"state\"><input size=\"40\" maxlength=\"400\" class=\"wpcf7-form-control wpcf7-text wpcf7-validates-as-required\" aria-required=\"true\" aria-invalid=\"false\" value=\"\" type=\"text\" name=\"state\" \/><\/span>\n\t\t<\/p>\n\t<\/div>\n<\/div>\n<div class=\"control-group\">\n\t<p><label class=\"control-label\">Code postal:<\/label>\n\t<\/p>\n\t<div class=\"controls\">\n\t\t<p><span class=\"wpcf7-form-control-wrap\" data-name=\"zip\"><input size=\"40\" maxlength=\"400\" class=\"wpcf7-form-control wpcf7-text wpcf7-validates-as-required\" aria-required=\"true\" aria-invalid=\"false\" value=\"\" type=\"text\" name=\"zip\" \/><\/span>\n\t\t<\/p>\n\t<\/div>\n<\/div>\n<div class=\"control-group\">\n\t<p><label class=\"control-label\">Pays:<\/label>\n\t<\/p>\n\t<div class=\"controls\">\n\t\t<p><span class=\"wpcf7-form-control-wrap\" data-name=\"country\"><input size=\"40\" maxlength=\"400\" class=\"wpcf7-form-control wpcf7-text wpcf7-validates-as-required\" aria-required=\"true\" aria-invalid=\"false\" value=\"\" type=\"text\" name=\"country\" \/><\/span>\n\t\t<\/p>\n\t<\/div>\n<\/div>\n<div class=\"control-group\">\n\t<p><label class=\"control-label\">Adresse e-mail:<\/label>\n\t<\/p>\n\t<div class=\"controls\">\n\t\t<p><span class=\"wpcf7-form-control-wrap\" data-name=\"email\"><input size=\"40\" maxlength=\"400\" class=\"wpcf7-form-control wpcf7-text wpcf7-validates-as-required\" aria-required=\"true\" aria-invalid=\"false\" value=\"\" type=\"text\" name=\"email\" \/><\/span>\n\t\t<\/p>\n\t<\/div>\n<\/div>\n<div class=\"control-group\">\n\t<p><label class=\"control-label\">T\u00e9l\u00e9phone:<\/label>\n\t<\/p>\n\t<div class=\"controls\">\n\t\t<p><span class=\"wpcf7-form-control-wrap\" data-name=\"phone\"><input size=\"40\" maxlength=\"400\" class=\"wpcf7-form-control wpcf7-text wpcf7-validates-as-required\" aria-required=\"true\" aria-invalid=\"false\" value=\"\" type=\"text\" name=\"phone\" \/><\/span>\n\t\t<\/p>\n\t<\/div>\n<\/div>\n<p><input class=\"wpcf7-form-control wpcf7-submit has-spinner\" type=\"submit\" value=\"ENVOYER\" \/>\n<\/p><p style=\"display: none !important;\" class=\"akismet-fields-container\" data-prefix=\"_wpcf7_ak_\"><label>&#916;<textarea name=\"_wpcf7_ak_hp_textarea\" cols=\"45\" rows=\"8\" maxlength=\"100\"><\/textarea><\/label><input type=\"hidden\" id=\"ak_js_1\" name=\"_wpcf7_ak_js\" value=\"180\"\/><script>document.getElementById( \"ak_js_1\" ).setAttribute( \"value\", ( new Date() ).getTime() );<\/script><\/p><div class=\"wpcf7-response-output\" aria-hidden=\"true\"><\/div>\n<\/form>\n<\/div>\n\n","protected":false},"excerpt":{"rendered":"","protected":false},"author":2,"featured_media":0,"parent":5421,"menu_order":0,"comment_status":"open","ping_status":"open","template":"","meta":{"ngg_post_thumbnail":0,"footnotes":""},"class_list":["post-6184","page","type-page","status-publish","hentry"],"yoast_head":"<!-- This site is optimized with the Yoast SEO plugin v27.3 - https:\/\/yoast.com\/product\/yoast-seo-wordpress\/ -->\n<title>Ordre permanent - UN Timbres<\/title>\n<meta name=\"robots\" content=\"index, follow, max-snippet:-1, max-image-preview:large, max-video-preview:-1\" \/>\n<link rel=\"canonical\" href=\"https:\/\/unstamps.org\/fr\/a-propos-de-lapnu\/apnu-programme-dordre-permanent\/\" \/>\n<meta property=\"og:locale\" content=\"fr_FR\" \/>\n<meta property=\"og:type\" content=\"article\" \/>\n<meta property=\"og:title\" content=\"Ordre permanent - UN Timbres\" \/>\n<meta property=\"og:url\" content=\"https:\/\/unstamps.org\/fr\/a-propos-de-lapnu\/apnu-programme-dordre-permanent\/\" \/>\n<meta property=\"og:site_name\" content=\"UN Timbres\" \/>\n<meta property=\"article:modified_time\" content=\"2014-10-02T12:46:07+00:00\" \/>\n<meta name=\"twitter:card\" content=\"summary_large_image\" \/>\n<script type=\"application\/ld+json\" class=\"yoast-schema-graph\">{\"@context\":\"https:\\\/\\\/schema.org\",\"@graph\":[{\"@type\":\"WebPage\",\"@id\":\"https:\\\/\\\/unstamps.org\\\/fr\\\/a-propos-de-lapnu\\\/apnu-programme-dordre-permanent\\\/\",\"url\":\"https:\\\/\\\/unstamps.org\\\/fr\\\/a-propos-de-lapnu\\\/apnu-programme-dordre-permanent\\\/\",\"name\":\"Ordre permanent - UN Timbres\",\"isPartOf\":{\"@id\":\"https:\\\/\\\/unstamps.org\\\/fr\\\/#website\"},\"datePublished\":\"2014-01-28T16:32:50+00:00\",\"dateModified\":\"2014-10-02T12:46:07+00:00\",\"breadcrumb\":{\"@id\":\"https:\\\/\\\/unstamps.org\\\/fr\\\/a-propos-de-lapnu\\\/apnu-programme-dordre-permanent\\\/#breadcrumb\"},\"inLanguage\":\"fr-FR\",\"potentialAction\":[{\"@type\":\"ReadAction\",\"target\":[\"https:\\\/\\\/unstamps.org\\\/fr\\\/a-propos-de-lapnu\\\/apnu-programme-dordre-permanent\\\/\"]}]},{\"@type\":\"BreadcrumbList\",\"@id\":\"https:\\\/\\\/unstamps.org\\\/fr\\\/a-propos-de-lapnu\\\/apnu-programme-dordre-permanent\\\/#breadcrumb\",\"itemListElement\":[{\"@type\":\"ListItem\",\"position\":1,\"name\":\"Home\",\"item\":\"https:\\\/\\\/unstamps.org\\\/fr\\\/\"},{\"@type\":\"ListItem\",\"position\":2,\"name\":\"\u00c0 propos de l&#8217;APNU\",\"item\":\"https:\\\/\\\/unstamps.org\\\/fr\\\/a-propos-de-lapnu\\\/\"},{\"@type\":\"ListItem\",\"position\":3,\"name\":\"Ordre permanent\"}]},{\"@type\":\"WebSite\",\"@id\":\"https:\\\/\\\/unstamps.org\\\/fr\\\/#website\",\"url\":\"https:\\\/\\\/unstamps.org\\\/fr\\\/\",\"name\":\"UN Stamps\",\"description\":\"United Nations Stamps\",\"publisher\":{\"@id\":\"https:\\\/\\\/unstamps.org\\\/fr\\\/#organization\"},\"potentialAction\":[{\"@type\":\"SearchAction\",\"target\":{\"@type\":\"EntryPoint\",\"urlTemplate\":\"https:\\\/\\\/unstamps.org\\\/fr\\\/?s={search_term_string}\"},\"query-input\":{\"@type\":\"PropertyValueSpecification\",\"valueRequired\":true,\"valueName\":\"search_term_string\"}}],\"inLanguage\":\"fr-FR\"},{\"@type\":\"Organization\",\"@id\":\"https:\\\/\\\/unstamps.org\\\/fr\\\/#organization\",\"name\":\"UN Stamps\",\"url\":\"https:\\\/\\\/unstamps.org\\\/fr\\\/\",\"logo\":{\"@type\":\"ImageObject\",\"inLanguage\":\"fr-FR\",\"@id\":\"https:\\\/\\\/unstamps.org\\\/fr\\\/#\\\/schema\\\/logo\\\/image\\\/\",\"url\":\"https:\\\/\\\/unstamps.org\\\/wp-content\\\/uploads\\\/2014\\\/01\\\/logo4web.jpg\",\"contentUrl\":\"https:\\\/\\\/unstamps.org\\\/wp-content\\\/uploads\\\/2014\\\/01\\\/logo4web.jpg\",\"width\":2500,\"height\":250,\"caption\":\"UN Stamps\"},\"image\":{\"@id\":\"https:\\\/\\\/unstamps.org\\\/fr\\\/#\\\/schema\\\/logo\\\/image\\\/\"}}]}<\/script>\n<!-- \/ Yoast SEO plugin. -->","yoast_head_json":{"title":"Ordre permanent - UN Timbres","robots":{"index":"index","follow":"follow","max-snippet":"max-snippet:-1","max-image-preview":"max-image-preview:large","max-video-preview":"max-video-preview:-1"},"canonical":"https:\/\/unstamps.org\/fr\/a-propos-de-lapnu\/apnu-programme-dordre-permanent\/","og_locale":"fr_FR","og_type":"article","og_title":"Ordre permanent - UN Timbres","og_url":"https:\/\/unstamps.org\/fr\/a-propos-de-lapnu\/apnu-programme-dordre-permanent\/","og_site_name":"UN Timbres","article_modified_time":"2014-10-02T12:46:07+00:00","twitter_card":"summary_large_image","schema":{"@context":"https:\/\/schema.org","@graph":[{"@type":"WebPage","@id":"https:\/\/unstamps.org\/fr\/a-propos-de-lapnu\/apnu-programme-dordre-permanent\/","url":"https:\/\/unstamps.org\/fr\/a-propos-de-lapnu\/apnu-programme-dordre-permanent\/","name":"Ordre permanent - UN Timbres","isPartOf":{"@id":"https:\/\/unstamps.org\/fr\/#website"},"datePublished":"2014-01-28T16:32:50+00:00","dateModified":"2014-10-02T12:46:07+00:00","breadcrumb":{"@id":"https:\/\/unstamps.org\/fr\/a-propos-de-lapnu\/apnu-programme-dordre-permanent\/#breadcrumb"},"inLanguage":"fr-FR","potentialAction":[{"@type":"ReadAction","target":["https:\/\/unstamps.org\/fr\/a-propos-de-lapnu\/apnu-programme-dordre-permanent\/"]}]},{"@type":"BreadcrumbList","@id":"https:\/\/unstamps.org\/fr\/a-propos-de-lapnu\/apnu-programme-dordre-permanent\/#breadcrumb","itemListElement":[{"@type":"ListItem","position":1,"name":"Home","item":"https:\/\/unstamps.org\/fr\/"},{"@type":"ListItem","position":2,"name":"\u00c0 propos de l&#8217;APNU","item":"https:\/\/unstamps.org\/fr\/a-propos-de-lapnu\/"},{"@type":"ListItem","position":3,"name":"Ordre permanent"}]},{"@type":"WebSite","@id":"https:\/\/unstamps.org\/fr\/#website","url":"https:\/\/unstamps.org\/fr\/","name":"UN Stamps","description":"United Nations Stamps","publisher":{"@id":"https:\/\/unstamps.org\/fr\/#organization"},"potentialAction":[{"@type":"SearchAction","target":{"@type":"EntryPoint","urlTemplate":"https:\/\/unstamps.org\/fr\/?s={search_term_string}"},"query-input":{"@type":"PropertyValueSpecification","valueRequired":true,"valueName":"search_term_string"}}],"inLanguage":"fr-FR"},{"@type":"Organization","@id":"https:\/\/unstamps.org\/fr\/#organization","name":"UN Stamps","url":"https:\/\/unstamps.org\/fr\/","logo":{"@type":"ImageObject","inLanguage":"fr-FR","@id":"https:\/\/unstamps.org\/fr\/#\/schema\/logo\/image\/","url":"https:\/\/unstamps.org\/wp-content\/uploads\/2014\/01\/logo4web.jpg","contentUrl":"https:\/\/unstamps.org\/wp-content\/uploads\/2014\/01\/logo4web.jpg","width":2500,"height":250,"caption":"UN Stamps"},"image":{"@id":"https:\/\/unstamps.org\/fr\/#\/schema\/logo\/image\/"}}]}},"jetpack_sharing_enabled":true,"publishpress_future_action":{"enabled":false,"date":"2026-04-12 16:27:24","action":"change-status","newStatus":"draft","terms":[],"taxonomy":"translation_priority","extraData":[]},"publishpress_future_workflow_manual_trigger":{"enabledWorkflows":[]},"_links":{"self":[{"href":"https:\/\/unstamps.org\/fr\/wp-json\/wp\/v2\/pages\/6184","targetHints":{"allow":["GET"]}}],"collection":[{"href":"https:\/\/unstamps.org\/fr\/wp-json\/wp\/v2\/pages"}],"about":[{"href":"https:\/\/unstamps.org\/fr\/wp-json\/wp\/v2\/types\/page"}],"author":[{"embeddable":true,"href":"https:\/\/unstamps.org\/fr\/wp-json\/wp\/v2\/users\/2"}],"replies":[{"embeddable":true,"href":"https:\/\/unstamps.org\/fr\/wp-json\/wp\/v2\/comments?post=6184"}],"version-history":[{"count":0,"href":"https:\/\/unstamps.org\/fr\/wp-json\/wp\/v2\/pages\/6184\/revisions"}],"up":[{"embeddable":true,"href":"https:\/\/unstamps.org\/fr\/wp-json\/wp\/v2\/pages\/5421"}],"wp:attachment":[{"href":"https:\/\/unstamps.org\/fr\/wp-json\/wp\/v2\/media?parent=6184"}],"curies":[{"name":"wp","href":"https:\/\/api.w.org\/{rel}","templated":true}]}}