{"id":5827,"date":"2014-01-23T17:16:09","date_gmt":"2014-01-23T22:16:09","guid":{"rendered":"http:\/\/unstamps.org\/?page_id=5827"},"modified":"2018-06-07T06:10:11","modified_gmt":"2018-06-07T10:10:11","slug":"ce-que-vous-devriez-savoir","status":"publish","type":"page","link":"https:\/\/unstamps.org\/fr\/a-propos-de-lapnu\/ce-que-vous-devriez-savoir\/","title":{"rendered":"Ce que vous devriez savoir"},"content":{"rendered":"<h3>Timbres des Nations Unies comme affranchissement<\/h3>\n<p>Les timbres des Nations Unies en US$ peuvent seulement \u00eatre utilis\u00e9s comme affranchissement pour du courrier qui est post\u00e9 au Si\u00e8ge des Nations Unies \u00e0 New York City. Du courrier affranchi avec des timbres en francs suisses doit \u00eatre post\u00e9 au Palais des Nations \u00e0 Gen\u00e8ve (Suisse) et les timbres des Nations Unies en Euro ne sont uniquement valables comme affranchissement sur du courrier post\u00e9 au Centre International de Vienne.<\/p>\n<p><strong>Prix<br \/>\n<\/strong>Les timbres sont vendus \u00e0 la valeur faciale.\u00a0Les valeurs faciales des timbres de l&#8217;APNU, Gen\u00e8ve et l&#8217;APNU, Vienne sont converties en US$. La valeur en US$ est soumise aux fluctuations du taux de change. Des timbres et produits philat\u00e9liques de l&#8217;Administration Postale des Nations Unies sont exempt\u00e9s de TVA (taxe \u00e0 la valeur ajout\u00e9e).<\/p>\n<p><strong>Commandes<br \/>\n<\/strong>Toutes les commandes sont livr\u00e9es selon la disponibilit\u00e9 des produits. Au cas o\u00f9 une commande ne peut \u00eatre livr\u00e9e enti\u00e8rement, la diff\u00e9rence par rapport au montant vers\u00e9 par le client sera cr\u00e9dit\u00e9e sur son compte.<\/p>\n<p><strong>Inscriptions marginales (I.M.)<br \/>\n<\/strong>D&#8217;une mani\u00e8re g\u00e9n\u00e9rale, les inscriptions marginales apparaissent quatre fois sur chaque feuille et se composent de l&#8217;embl\u00e8me des Nations Unies et d&#8217;un texte appropri\u00e9. Pour obtenir une inscription marginale, il faut commander un bloc d&#8217;au moins 4 timbres de la cat\u00e9gorie comm\u00e9morative, ordinaire ou avion, ind\u00e9pendamment de leur valeur faciale.<\/p>\n<p>L&#8217;inscription marginale peut \u00e9galement \u00eatre obtenue en commandant une enveloppe premier jour avec un bloc de quatre timbres.<\/p>\n<p>Les quatre positions disponibles sont comme suit\u00a0:<\/p>\n<p><a href=\"https:\/\/unstamps.org\/wp-content\/uploads\/2015\/04\/mi_b4_image001_fr.jpg\"><img loading=\"lazy\" decoding=\"async\" class=\"alignnone size-full wp-image-25159\" src=\"https:\/\/unstamps.org\/wp-content\/uploads\/2015\/04\/mi_b4_image001_fr.jpg\" alt=\"mi_b4_image001_fr\" width=\"412\" height=\"114\" \/><\/a><\/p>\n<p><strong>Vente et \u00c9change<br \/>\n<\/strong>L&#8217;APNU a toujours le soucis de fournir du mat\u00e9riel d&#8217;une excellente qualit\u00e9 philat\u00e9lique. Par cons\u00e9quent, toutes les ventes sont d\u00e9finitives et les \u00e9changes ou retours ne sont pas accept\u00e9s sauf s&#8217;ils ont \u00e9t\u00e9 re\u00e7us endommag\u00e9s.<\/p>\n<p><strong>Conditions de vente<br \/>\n<\/strong>L&#8217;Administration postale des Nations Unies se r\u00e9serve le droit \u00e0 tout moment de limiter les quantit\u00e9s des commandes individuelles et de refuser l&#8217;oblit\u00e9ration officielle des Nations Unies sur du mat\u00e9riel inappropri\u00e9.<\/p>\n<p><strong>Frais d&#8217;affranchissement et de service<br \/>\n<\/strong>Actuellement pour toutes les commandes par internet des frais de service de US$ 5,00 sont factur\u00e9s. Toutes les commandes d\u00e9passant une valeur de US$ 200,00 sont envoy\u00e9es par recommand\u00e9. Ces frais de l&#8217;enregistrement sont factur\u00e9s sur le compte client.<\/p>\n","protected":false},"excerpt":{"rendered":"<p>Timbres des Nations Unies comme affranchissement Les timbres des Nations Unies en US$ peuvent seulement \u00eatre utilis\u00e9s comme affranchissement pour du courrier qui est post\u00e9 au Si\u00e8ge des Nations Unies \u00e0 New York City. Du courrier affranchi avec des timbres en francs suisses doit \u00eatre post\u00e9 au Palais des Nations \u00e0 Gen\u00e8ve (Suisse) et les [&hellip;]<\/p>\n","protected":false},"author":2,"featured_media":0,"parent":5421,"menu_order":0,"comment_status":"open","ping_status":"open","template":"","meta":{"ngg_post_thumbnail":0,"footnotes":""},"class_list":["post-5827","page","type-page","status-publish","hentry"],"yoast_head":"<!-- This site is optimized with the Yoast SEO plugin v27.4 - https:\/\/yoast.com\/product\/yoast-seo-wordpress\/ -->\n<title>Ce que vous devriez savoir - UN Timbres<\/title>\n<meta name=\"robots\" content=\"index, follow, max-snippet:-1, max-image-preview:large, max-video-preview:-1\" \/>\n<link rel=\"canonical\" href=\"https:\/\/unstamps.org\/fr\/a-propos-de-lapnu\/ce-que-vous-devriez-savoir\/\" \/>\n<meta property=\"og:locale\" content=\"fr_FR\" \/>\n<meta property=\"og:type\" content=\"article\" \/>\n<meta property=\"og:title\" content=\"Ce que vous devriez savoir - UN Timbres\" \/>\n<meta property=\"og:description\" content=\"Timbres des Nations Unies comme affranchissement Les timbres des Nations Unies en US$ peuvent seulement \u00eatre utilis\u00e9s comme affranchissement pour du courrier qui est post\u00e9 au Si\u00e8ge des Nations Unies \u00e0 New York City. Du courrier affranchi avec des timbres en francs suisses doit \u00eatre post\u00e9 au Palais des Nations \u00e0 Gen\u00e8ve (Suisse) et les [&hellip;]\" \/>\n<meta property=\"og:url\" content=\"https:\/\/unstamps.org\/fr\/a-propos-de-lapnu\/ce-que-vous-devriez-savoir\/\" \/>\n<meta property=\"og:site_name\" content=\"UN Timbres\" \/>\n<meta property=\"article:modified_time\" content=\"2018-06-07T10:10:11+00:00\" \/>\n<meta property=\"og:image\" content=\"https:\/\/unstamps.org\/wp-content\/uploads\/2015\/04\/mi_b4_image001_fr.jpg\" \/>\n<meta name=\"twitter:card\" content=\"summary_large_image\" \/>\n<meta name=\"twitter:label1\" content=\"Dur\u00e9e de lecture estim\u00e9e\" \/>\n\t<meta name=\"twitter:data1\" content=\"2 minutes\" \/>\n<script type=\"application\/ld+json\" class=\"yoast-schema-graph\">{\"@context\":\"https:\\\/\\\/schema.org\",\"@graph\":[{\"@type\":\"WebPage\",\"@id\":\"https:\\\/\\\/unstamps.org\\\/fr\\\/a-propos-de-lapnu\\\/ce-que-vous-devriez-savoir\\\/\",\"url\":\"https:\\\/\\\/unstamps.org\\\/fr\\\/a-propos-de-lapnu\\\/ce-que-vous-devriez-savoir\\\/\",\"name\":\"Ce que vous devriez savoir - UN Timbres\",\"isPartOf\":{\"@id\":\"https:\\\/\\\/unstamps.org\\\/fr\\\/#website\"},\"primaryImageOfPage\":{\"@id\":\"https:\\\/\\\/unstamps.org\\\/fr\\\/a-propos-de-lapnu\\\/ce-que-vous-devriez-savoir\\\/#primaryimage\"},\"image\":{\"@id\":\"https:\\\/\\\/unstamps.org\\\/fr\\\/a-propos-de-lapnu\\\/ce-que-vous-devriez-savoir\\\/#primaryimage\"},\"thumbnailUrl\":\"https:\\\/\\\/unstamps.org\\\/wp-content\\\/uploads\\\/2015\\\/04\\\/mi_b4_image001_fr.jpg\",\"datePublished\":\"2014-01-23T22:16:09+00:00\",\"dateModified\":\"2018-06-07T10:10:11+00:00\",\"breadcrumb\":{\"@id\":\"https:\\\/\\\/unstamps.org\\\/fr\\\/a-propos-de-lapnu\\\/ce-que-vous-devriez-savoir\\\/#breadcrumb\"},\"inLanguage\":\"fr-FR\",\"potentialAction\":[{\"@type\":\"ReadAction\",\"target\":[\"https:\\\/\\\/unstamps.org\\\/fr\\\/a-propos-de-lapnu\\\/ce-que-vous-devriez-savoir\\\/\"]}]},{\"@type\":\"ImageObject\",\"inLanguage\":\"fr-FR\",\"@id\":\"https:\\\/\\\/unstamps.org\\\/fr\\\/a-propos-de-lapnu\\\/ce-que-vous-devriez-savoir\\\/#primaryimage\",\"url\":\"https:\\\/\\\/unstamps.org\\\/wp-content\\\/uploads\\\/2015\\\/04\\\/mi_b4_image001_fr.jpg\",\"contentUrl\":\"https:\\\/\\\/unstamps.org\\\/wp-content\\\/uploads\\\/2015\\\/04\\\/mi_b4_image001_fr.jpg\"},{\"@type\":\"BreadcrumbList\",\"@id\":\"https:\\\/\\\/unstamps.org\\\/fr\\\/a-propos-de-lapnu\\\/ce-que-vous-devriez-savoir\\\/#breadcrumb\",\"itemListElement\":[{\"@type\":\"ListItem\",\"position\":1,\"name\":\"Home\",\"item\":\"https:\\\/\\\/unstamps.org\\\/fr\\\/\"},{\"@type\":\"ListItem\",\"position\":2,\"name\":\"\u00c0 propos de l&#8217;APNU\",\"item\":\"https:\\\/\\\/unstamps.org\\\/fr\\\/a-propos-de-lapnu\\\/\"},{\"@type\":\"ListItem\",\"position\":3,\"name\":\"Ce que vous devriez savoir\"}]},{\"@type\":\"WebSite\",\"@id\":\"https:\\\/\\\/unstamps.org\\\/fr\\\/#website\",\"url\":\"https:\\\/\\\/unstamps.org\\\/fr\\\/\",\"name\":\"UN Stamps\",\"description\":\"United Nations Stamps\",\"publisher\":{\"@id\":\"https:\\\/\\\/unstamps.org\\\/fr\\\/#organization\"},\"potentialAction\":[{\"@type\":\"SearchAction\",\"target\":{\"@type\":\"EntryPoint\",\"urlTemplate\":\"https:\\\/\\\/unstamps.org\\\/fr\\\/?s={search_term_string}\"},\"query-input\":{\"@type\":\"PropertyValueSpecification\",\"valueRequired\":true,\"valueName\":\"search_term_string\"}}],\"inLanguage\":\"fr-FR\"},{\"@type\":\"Organization\",\"@id\":\"https:\\\/\\\/unstamps.org\\\/fr\\\/#organization\",\"name\":\"UN Stamps\",\"url\":\"https:\\\/\\\/unstamps.org\\\/fr\\\/\",\"logo\":{\"@type\":\"ImageObject\",\"inLanguage\":\"fr-FR\",\"@id\":\"https:\\\/\\\/unstamps.org\\\/fr\\\/#\\\/schema\\\/logo\\\/image\\\/\",\"url\":\"https:\\\/\\\/unstamps.org\\\/wp-content\\\/uploads\\\/2014\\\/01\\\/logo4web.jpg\",\"contentUrl\":\"https:\\\/\\\/unstamps.org\\\/wp-content\\\/uploads\\\/2014\\\/01\\\/logo4web.jpg\",\"width\":2500,\"height\":250,\"caption\":\"UN Stamps\"},\"image\":{\"@id\":\"https:\\\/\\\/unstamps.org\\\/fr\\\/#\\\/schema\\\/logo\\\/image\\\/\"}}]}<\/script>\n<!-- \/ Yoast SEO plugin. -->","yoast_head_json":{"title":"Ce que vous devriez savoir - UN Timbres","robots":{"index":"index","follow":"follow","max-snippet":"max-snippet:-1","max-image-preview":"max-image-preview:large","max-video-preview":"max-video-preview:-1"},"canonical":"https:\/\/unstamps.org\/fr\/a-propos-de-lapnu\/ce-que-vous-devriez-savoir\/","og_locale":"fr_FR","og_type":"article","og_title":"Ce que vous devriez savoir - UN Timbres","og_description":"Timbres des Nations Unies comme affranchissement Les timbres des Nations Unies en US$ peuvent seulement \u00eatre utilis\u00e9s comme affranchissement pour du courrier qui est post\u00e9 au Si\u00e8ge des Nations Unies \u00e0 New York City. Du courrier affranchi avec des timbres en francs suisses doit \u00eatre post\u00e9 au Palais des Nations \u00e0 Gen\u00e8ve (Suisse) et les [&hellip;]","og_url":"https:\/\/unstamps.org\/fr\/a-propos-de-lapnu\/ce-que-vous-devriez-savoir\/","og_site_name":"UN Timbres","article_modified_time":"2018-06-07T10:10:11+00:00","og_image":[{"url":"https:\/\/unstamps.org\/wp-content\/uploads\/2015\/04\/mi_b4_image001_fr.jpg","type":"","width":"","height":""}],"twitter_card":"summary_large_image","twitter_misc":{"Dur\u00e9e de lecture estim\u00e9e":"2 minutes"},"schema":{"@context":"https:\/\/schema.org","@graph":[{"@type":"WebPage","@id":"https:\/\/unstamps.org\/fr\/a-propos-de-lapnu\/ce-que-vous-devriez-savoir\/","url":"https:\/\/unstamps.org\/fr\/a-propos-de-lapnu\/ce-que-vous-devriez-savoir\/","name":"Ce que vous devriez savoir - UN Timbres","isPartOf":{"@id":"https:\/\/unstamps.org\/fr\/#website"},"primaryImageOfPage":{"@id":"https:\/\/unstamps.org\/fr\/a-propos-de-lapnu\/ce-que-vous-devriez-savoir\/#primaryimage"},"image":{"@id":"https:\/\/unstamps.org\/fr\/a-propos-de-lapnu\/ce-que-vous-devriez-savoir\/#primaryimage"},"thumbnailUrl":"https:\/\/unstamps.org\/wp-content\/uploads\/2015\/04\/mi_b4_image001_fr.jpg","datePublished":"2014-01-23T22:16:09+00:00","dateModified":"2018-06-07T10:10:11+00:00","breadcrumb":{"@id":"https:\/\/unstamps.org\/fr\/a-propos-de-lapnu\/ce-que-vous-devriez-savoir\/#breadcrumb"},"inLanguage":"fr-FR","potentialAction":[{"@type":"ReadAction","target":["https:\/\/unstamps.org\/fr\/a-propos-de-lapnu\/ce-que-vous-devriez-savoir\/"]}]},{"@type":"ImageObject","inLanguage":"fr-FR","@id":"https:\/\/unstamps.org\/fr\/a-propos-de-lapnu\/ce-que-vous-devriez-savoir\/#primaryimage","url":"https:\/\/unstamps.org\/wp-content\/uploads\/2015\/04\/mi_b4_image001_fr.jpg","contentUrl":"https:\/\/unstamps.org\/wp-content\/uploads\/2015\/04\/mi_b4_image001_fr.jpg"},{"@type":"BreadcrumbList","@id":"https:\/\/unstamps.org\/fr\/a-propos-de-lapnu\/ce-que-vous-devriez-savoir\/#breadcrumb","itemListElement":[{"@type":"ListItem","position":1,"name":"Home","item":"https:\/\/unstamps.org\/fr\/"},{"@type":"ListItem","position":2,"name":"\u00c0 propos de l&#8217;APNU","item":"https:\/\/unstamps.org\/fr\/a-propos-de-lapnu\/"},{"@type":"ListItem","position":3,"name":"Ce que vous devriez savoir"}]},{"@type":"WebSite","@id":"https:\/\/unstamps.org\/fr\/#website","url":"https:\/\/unstamps.org\/fr\/","name":"UN Stamps","description":"United Nations Stamps","publisher":{"@id":"https:\/\/unstamps.org\/fr\/#organization"},"potentialAction":[{"@type":"SearchAction","target":{"@type":"EntryPoint","urlTemplate":"https:\/\/unstamps.org\/fr\/?s={search_term_string}"},"query-input":{"@type":"PropertyValueSpecification","valueRequired":true,"valueName":"search_term_string"}}],"inLanguage":"fr-FR"},{"@type":"Organization","@id":"https:\/\/unstamps.org\/fr\/#organization","name":"UN Stamps","url":"https:\/\/unstamps.org\/fr\/","logo":{"@type":"ImageObject","inLanguage":"fr-FR","@id":"https:\/\/unstamps.org\/fr\/#\/schema\/logo\/image\/","url":"https:\/\/unstamps.org\/wp-content\/uploads\/2014\/01\/logo4web.jpg","contentUrl":"https:\/\/unstamps.org\/wp-content\/uploads\/2014\/01\/logo4web.jpg","width":2500,"height":250,"caption":"UN Stamps"},"image":{"@id":"https:\/\/unstamps.org\/fr\/#\/schema\/logo\/image\/"}}]}},"jetpack_sharing_enabled":true,"publishpress_future_action":{"enabled":false,"date":"2026-04-28 05:33:21","action":"change-status","newStatus":"draft","terms":[],"taxonomy":"translation_priority","extraData":[]},"publishpress_future_workflow_manual_trigger":{"enabledWorkflows":[]},"_links":{"self":[{"href":"https:\/\/unstamps.org\/fr\/wp-json\/wp\/v2\/pages\/5827","targetHints":{"allow":["GET"]}}],"collection":[{"href":"https:\/\/unstamps.org\/fr\/wp-json\/wp\/v2\/pages"}],"about":[{"href":"https:\/\/unstamps.org\/fr\/wp-json\/wp\/v2\/types\/page"}],"author":[{"embeddable":true,"href":"https:\/\/unstamps.org\/fr\/wp-json\/wp\/v2\/users\/2"}],"replies":[{"embeddable":true,"href":"https:\/\/unstamps.org\/fr\/wp-json\/wp\/v2\/comments?post=5827"}],"version-history":[{"count":0,"href":"https:\/\/unstamps.org\/fr\/wp-json\/wp\/v2\/pages\/5827\/revisions"}],"up":[{"embeddable":true,"href":"https:\/\/unstamps.org\/fr\/wp-json\/wp\/v2\/pages\/5421"}],"wp:attachment":[{"href":"https:\/\/unstamps.org\/fr\/wp-json\/wp\/v2\/media?parent=5827"}],"curies":[{"name":"wp","href":"https:\/\/api.w.org\/{rel}","templated":true}]}}