{"id":5819,"date":"2014-01-23T17:01:08","date_gmt":"2014-01-23T22:01:08","guid":{"rendered":"http:\/\/unstamps.org\/?page_id=5819"},"modified":"2025-05-16T11:03:25","modified_gmt":"2025-05-16T15:03:25","slug":"exposition-philatelique","status":"publish","type":"page","link":"https:\/\/unstamps.org\/fr\/a-propos-de-lapnu\/exposition-philatelique\/","title":{"rendered":"Expositions Philat\u00e9liques"},"content":{"rendered":"<h1 style=\"text-align: center;\"><span class=\"heading\">2025 Exposition philat\u00e9lique<\/span><\/h1>\n<table border=\"0\" width=\"100%\" cellpadding=\"5\" bgcolor=\"#eeeeee\">\n<tbody>\n<tr>\n<td>Pour obtenir le programme de participation aux expositions philat\u00e9liques veuillez cliquer sur le lien correspondant ci-dessous. Ce programme de participation n&#8217;est que provisoire et est mis \u00e0 jour r\u00e9guli\u00e8rement . Veuillez visiter notre site pour obtenir la toute derni\u00e8re information concernant notre participation aux expositions.&nbsp;&nbsp;&nbsp;&nbsp;&nbsp;&nbsp;<\/p>\n<table border=\"0\" width=\"100%\" cellspacing=\"0\" cellpadding=\"10\">\n<tbody>\n<tr bgcolor=\"#eeeeee\">\n<td valign=\"middle\" width=\"16%\">\n<p style=\"text-align: center;\"><a href=\"#nyshow\"> <strong>APNU-New York<\/strong><\/a><\/p>\n<\/td>\n<td valign=\"middle\" width=\"33%\">\n<p style=\"text-align: center;\"><a href=\"#vishow\"> <strong>APNU-Europe<\/strong><\/a><\/p>\n<\/td>\n<\/tr>\n<\/tbody>\n<\/table>\n<\/td>\n<\/tr>\n<\/tbody>\n<\/table>\n<p><a id=\"nyshow\" name=\"nyshow\"><\/a><\/p>\n<p style=\"text-align: left;\"><span class=\"highlight\">Le bureau de l&#8217;APNU-New York participera aux expositions philat\u00e9liques suivantes:<\/span><\/p>\n<p><!---\n\n\n<tr bgcolor=\"#cccccc\">\n\n\n<td colspan=\"100\" valign=\"top\">* Etant donn\u00e9 que le premier jour de l'exposition indiqu\u00e9e coincide avec le premier jour d'\u00e9mission de timbres de l'APNU, un cachet sp\u00e9cial sera disponible. Pour l'obtenir, veuillez envoyer \u00e0 l'adresse ci-dessous une enveloppe \u00e0 vos nom et adresse affranchie uniquement des timbres des Nations Unies New York (les timbres des Nations Unies, Gen\u00e8ve et de Vienne ne seront pas accept\u00e9s). Le cachet d'exposition sera appos\u00e9 sur ces enveloppes qui seront renvoy\u00e9es normalement par la poste. Les demandes pour ce cachet doivent \u00eatre re\u00e7ues avant la date de l'exposition indiqu\u00e9e. <strong>UN SHOW CACHET <\/strong>\n<strong>SARASOTA'22<\/strong> *\n<strong>Garfield-Perry March Party<\/strong> **\n<strong>NAPEX '22<\/strong> ***\nc\/o Malli Hui United Nations Postal Administration P.O. Box 5900, Grand Central Station New York, NY 10163-5900<\/td>\n\n\n<\/tr>\n\n\n<\/tbody>\n\n\n<\/table>\n\n\n---><br \/>\n<a id=\"vishow\" name=\"vishow\"><\/a><!---\n\n\n\n<hr>\n\n\n\n\n<p style=\"text-align: left;\"><span class=\"highlight\">Ci-dessous, vous trouverez les dates provisories auxquelles l'APNU-Europe participera:<\/span><\/p>\n\n\n\n\n\n<table border=\"0\" width=\"100%\" cellspacing=\"2\" cellpadding=\"10\">\n\n\n<tbody>\n\n\n<tr>\n\n\n<td valign=\"top\" width=\"25%\">27 - 29 ao\u00fbt<\/td>\n\n\n\n\n<td colspan=\"102\" valign=\"top\"><strong>\u201cphila\u201d-Toscana<\/strong>\nGmunden, Autriche<\/td>\n\n\n<\/tr>\n\n\n\n\n<tr>\n\n\n<td valign=\"top\">10 - 11 septembre<\/td>\n\n\n\n\n<td colspan=\"102\" valign=\"top\"><strong>Sberatel\n<\/strong>R\u00e9publique Tch\u00e8que<\/td>\n\n\n<\/tr>\n\n\n\n\n<tr>\n\n\n<td valign=\"top\" width=\"25%\">24 - 26 septembre<\/td>\n\n\n\n\n<td colspan=\"102\" valign=\"top\"><strong>\u00d6VEBRIA\n<\/strong>St. P\u00f6lten, Autriche<\/td>\n\n\n<\/tr>\n\n\n\n\n<tr>\n\n\n<td valign=\"top\" width=\"25%\">4 - 6 novembre<\/td>\n\n\n\n\n<td colspan=\"102\" valign=\"top\"><strong>Salon philat\u00e9lique\n<\/strong>Paris, France<\/td>\n\n\n<\/tr>\n\n\n\n\n<tr>\n\n\n<td valign=\"top\" width=\"25%\">26 - 28 novembre<\/td>\n\n\n\n\n<td colspan=\"102\" valign=\"top\"><strong>Veronafil\n<\/strong>Verona, Italie<\/td>\n\n\n<\/tr>\n\n\n\n\n<tr>\n\n\n<td valign=\"top\" width=\"25%\">10 - 11 d\u00e9cembre<\/td>\n\n\n\n\n<td colspan=\"102\" valign=\"top\"><strong>Numiphil\n<\/strong>Vienne, Autriche<\/td>\n\n\n<\/tr>\n\n\n<\/tbody>\n\n\n<\/table>\n\n\n--><\/p>\n<table border=\"0\" width=\"100%\" cellspacing=\"2\" cellpadding=\"10\">\n<tbody>\n<tr>\n<td valign=\"top\">26 &#8211; 27 avril<\/td>\n<td colspan=\"99\" valign=\"top\"><strong>PLYMOUTH SHOW<\/strong><br \/>\nHellenic Cultural Center<br \/>\n36375 Joy Road<br \/>\nWestland, Michigan<\/td>\n<\/tr>\n<tr>\n<td valign=\"top\">6 &#8211; 8 juin<\/td>\n<td colspan=\"99\" valign=\"top\"><strong>NAPEX<\/strong><br \/>\nMcLean Hilton at Tyson\u2019s Corner<br \/>\n7920 Jones Branch Drive<br \/>\nMcLean, Virginia<\/td>\n<\/tr>\n<tr>\n<td valign=\"top\">14 &#8211; 17 ao\u00fbt * <\/td>\n<td colspan=\"99\" valign=\"top\"><strong>Great American Stamp Show<\/strong><br \/>\nRenaissance Schamburg Convention Center<br \/>\n1551 Thoreau Dr. N<br \/>\nSchaumburg, Illinois<\/td>\n<\/tr>\n<tr>\n<td valign=\"top\">17 &#8211; 21 septembre<\/td>\n<td colspan=\"99\" valign=\"top\"><strong>PHILAKOREA 2025<\/strong><br \/>\nCOEX Le West Convention Center<br \/>\n513 Yeongdong-daero, Gangnam District<br \/>\nSeoul, South Korea<\/td>\n<\/tr>\n<tr>\n<td valign=\"top\">31 oct &#8211; 21 nov<\/td>\n<td colspan=\"99\" valign=\"top\"><strong>AAPEX<\/strong><br \/>\nMorris Lawrence Building<br \/>\nWashtenaw Community College<br \/>\n4800 E. Huron River Drive<br \/>\nAnn Arbor, Michigan<\/td>\n<\/tr>\n<tr>\n<td valign=\"top\">21 &#8211; 23 novembre<\/td>\n<td colspan=\"99\" valign=\"top\"><strong>CHICAGOPEX<\/strong><br \/>\nWestin Chicago Northwest<br \/>\n400 Park Blvd.<br \/>\nItasca, Illinois<\/td>\n<\/tr>\n<tr bgcolor=\"#cccccc\">\n<td colspan=\"100\" valign=\"top\">* Etant donn\u00e9 que le premier jour de l&#8217;exposition indiqu\u00e9e coincide avec le premier jour d&#8217;\u00e9mission de timbres de l&#8217;APNU, un cachet sp\u00e9cial sera disponible. Pour l&#8217;obtenir, veuillez envoyer \u00e0 l&#8217;adresse ci-dessous une enveloppe \u00e0 vos nom et adresse affranchie uniquement des timbres des Nations Unies New York (les timbres des Nations Unies, Gen\u00e8ve et de Vienne ne seront pas accept\u00e9s). Le cachet d&#8217;exposition sera appos\u00e9 sur ces enveloppes qui seront renvoy\u00e9es normalement par la poste. Les demandes pour ce cachet doivent \u00eatre re\u00e7ues avant la date de l&#8217;exposition indiqu\u00e9e. <strong>UN SHOW CACHET <\/strong><br \/>\n<strong>Great American Stamp Show<\/strong> *<br \/>\nc\/o Malli Hui United Nations Postal Administration P.O. Box 5900, Grand Central Station New York, NY 10163-5900<\/td>\n<\/tr>\n<\/tbody>\n<\/table>\n","protected":false},"excerpt":{"rendered":"<p>2025 Exposition philat\u00e9lique Pour obtenir le programme de participation aux expositions philat\u00e9liques veuillez cliquer sur le lien correspondant ci-dessous. Ce programme de participation n&#8217;est que provisoire et est mis \u00e0 jour r\u00e9guli\u00e8rement . Veuillez visiter notre site pour obtenir la toute derni\u00e8re information concernant notre participation aux expositions.&nbsp;&nbsp;&nbsp;&nbsp;&nbsp;&nbsp; APNU-New York APNU-Europe Le bureau de l&#8217;APNU-New [&hellip;]<\/p>\n","protected":false},"author":2,"featured_media":0,"parent":5421,"menu_order":0,"comment_status":"open","ping_status":"open","template":"","meta":{"ngg_post_thumbnail":0,"footnotes":""},"class_list":["post-5819","page","type-page","status-publish","hentry"],"yoast_head":"<!-- This site is optimized with the Yoast SEO plugin v27.4 - https:\/\/yoast.com\/product\/yoast-seo-wordpress\/ -->\n<title>Expositions Philat\u00e9liques - UN Timbres<\/title>\n<meta name=\"robots\" content=\"index, follow, max-snippet:-1, max-image-preview:large, max-video-preview:-1\" \/>\n<link rel=\"canonical\" href=\"https:\/\/unstamps.org\/fr\/a-propos-de-lapnu\/exposition-philatelique\/\" \/>\n<meta property=\"og:locale\" content=\"fr_FR\" \/>\n<meta property=\"og:type\" content=\"article\" \/>\n<meta property=\"og:title\" content=\"Expositions Philat\u00e9liques - UN Timbres\" \/>\n<meta property=\"og:description\" content=\"2025 Exposition philat\u00e9lique Pour obtenir le programme de participation aux expositions philat\u00e9liques veuillez cliquer sur le lien correspondant ci-dessous. Ce programme de participation n&#8217;est que provisoire et est mis \u00e0 jour r\u00e9guli\u00e8rement . Veuillez visiter notre site pour obtenir la toute derni\u00e8re information concernant notre participation aux expositions.&nbsp;&nbsp;&nbsp;&nbsp;&nbsp;&nbsp; APNU-New York APNU-Europe Le bureau de l&#8217;APNU-New [&hellip;]\" \/>\n<meta property=\"og:url\" content=\"https:\/\/unstamps.org\/fr\/a-propos-de-lapnu\/exposition-philatelique\/\" \/>\n<meta property=\"og:site_name\" content=\"UN Timbres\" \/>\n<meta property=\"article:modified_time\" content=\"2025-05-16T15:03:25+00:00\" \/>\n<meta name=\"twitter:card\" content=\"summary_large_image\" \/>\n<meta name=\"twitter:label1\" content=\"Dur\u00e9e de lecture estim\u00e9e\" \/>\n\t<meta name=\"twitter:data1\" content=\"2 minutes\" \/>\n<script type=\"application\/ld+json\" class=\"yoast-schema-graph\">{\"@context\":\"https:\\\/\\\/schema.org\",\"@graph\":[{\"@type\":\"WebPage\",\"@id\":\"https:\\\/\\\/unstamps.org\\\/fr\\\/a-propos-de-lapnu\\\/exposition-philatelique\\\/\",\"url\":\"https:\\\/\\\/unstamps.org\\\/fr\\\/a-propos-de-lapnu\\\/exposition-philatelique\\\/\",\"name\":\"Expositions Philat\u00e9liques - UN Timbres\",\"isPartOf\":{\"@id\":\"https:\\\/\\\/unstamps.org\\\/fr\\\/#website\"},\"datePublished\":\"2014-01-23T22:01:08+00:00\",\"dateModified\":\"2025-05-16T15:03:25+00:00\",\"breadcrumb\":{\"@id\":\"https:\\\/\\\/unstamps.org\\\/fr\\\/a-propos-de-lapnu\\\/exposition-philatelique\\\/#breadcrumb\"},\"inLanguage\":\"fr-FR\",\"potentialAction\":[{\"@type\":\"ReadAction\",\"target\":[\"https:\\\/\\\/unstamps.org\\\/fr\\\/a-propos-de-lapnu\\\/exposition-philatelique\\\/\"]}]},{\"@type\":\"BreadcrumbList\",\"@id\":\"https:\\\/\\\/unstamps.org\\\/fr\\\/a-propos-de-lapnu\\\/exposition-philatelique\\\/#breadcrumb\",\"itemListElement\":[{\"@type\":\"ListItem\",\"position\":1,\"name\":\"Home\",\"item\":\"https:\\\/\\\/unstamps.org\\\/fr\\\/\"},{\"@type\":\"ListItem\",\"position\":2,\"name\":\"\u00c0 propos de l&#8217;APNU\",\"item\":\"https:\\\/\\\/unstamps.org\\\/fr\\\/a-propos-de-lapnu\\\/\"},{\"@type\":\"ListItem\",\"position\":3,\"name\":\"Expositions Philat\u00e9liques\"}]},{\"@type\":\"WebSite\",\"@id\":\"https:\\\/\\\/unstamps.org\\\/fr\\\/#website\",\"url\":\"https:\\\/\\\/unstamps.org\\\/fr\\\/\",\"name\":\"UN Stamps\",\"description\":\"United Nations Stamps\",\"publisher\":{\"@id\":\"https:\\\/\\\/unstamps.org\\\/fr\\\/#organization\"},\"potentialAction\":[{\"@type\":\"SearchAction\",\"target\":{\"@type\":\"EntryPoint\",\"urlTemplate\":\"https:\\\/\\\/unstamps.org\\\/fr\\\/?s={search_term_string}\"},\"query-input\":{\"@type\":\"PropertyValueSpecification\",\"valueRequired\":true,\"valueName\":\"search_term_string\"}}],\"inLanguage\":\"fr-FR\"},{\"@type\":\"Organization\",\"@id\":\"https:\\\/\\\/unstamps.org\\\/fr\\\/#organization\",\"name\":\"UN Stamps\",\"url\":\"https:\\\/\\\/unstamps.org\\\/fr\\\/\",\"logo\":{\"@type\":\"ImageObject\",\"inLanguage\":\"fr-FR\",\"@id\":\"https:\\\/\\\/unstamps.org\\\/fr\\\/#\\\/schema\\\/logo\\\/image\\\/\",\"url\":\"https:\\\/\\\/unstamps.org\\\/wp-content\\\/uploads\\\/2014\\\/01\\\/logo4web.jpg\",\"contentUrl\":\"https:\\\/\\\/unstamps.org\\\/wp-content\\\/uploads\\\/2014\\\/01\\\/logo4web.jpg\",\"width\":2500,\"height\":250,\"caption\":\"UN Stamps\"},\"image\":{\"@id\":\"https:\\\/\\\/unstamps.org\\\/fr\\\/#\\\/schema\\\/logo\\\/image\\\/\"}}]}<\/script>\n<!-- \/ Yoast SEO plugin. -->","yoast_head_json":{"title":"Expositions Philat\u00e9liques - UN Timbres","robots":{"index":"index","follow":"follow","max-snippet":"max-snippet:-1","max-image-preview":"max-image-preview:large","max-video-preview":"max-video-preview:-1"},"canonical":"https:\/\/unstamps.org\/fr\/a-propos-de-lapnu\/exposition-philatelique\/","og_locale":"fr_FR","og_type":"article","og_title":"Expositions Philat\u00e9liques - UN Timbres","og_description":"2025 Exposition philat\u00e9lique Pour obtenir le programme de participation aux expositions philat\u00e9liques veuillez cliquer sur le lien correspondant ci-dessous. Ce programme de participation n&#8217;est que provisoire et est mis \u00e0 jour r\u00e9guli\u00e8rement . Veuillez visiter notre site pour obtenir la toute derni\u00e8re information concernant notre participation aux expositions.&nbsp;&nbsp;&nbsp;&nbsp;&nbsp;&nbsp; APNU-New York APNU-Europe Le bureau de l&#8217;APNU-New [&hellip;]","og_url":"https:\/\/unstamps.org\/fr\/a-propos-de-lapnu\/exposition-philatelique\/","og_site_name":"UN Timbres","article_modified_time":"2025-05-16T15:03:25+00:00","twitter_card":"summary_large_image","twitter_misc":{"Dur\u00e9e de lecture estim\u00e9e":"2 minutes"},"schema":{"@context":"https:\/\/schema.org","@graph":[{"@type":"WebPage","@id":"https:\/\/unstamps.org\/fr\/a-propos-de-lapnu\/exposition-philatelique\/","url":"https:\/\/unstamps.org\/fr\/a-propos-de-lapnu\/exposition-philatelique\/","name":"Expositions Philat\u00e9liques - UN Timbres","isPartOf":{"@id":"https:\/\/unstamps.org\/fr\/#website"},"datePublished":"2014-01-23T22:01:08+00:00","dateModified":"2025-05-16T15:03:25+00:00","breadcrumb":{"@id":"https:\/\/unstamps.org\/fr\/a-propos-de-lapnu\/exposition-philatelique\/#breadcrumb"},"inLanguage":"fr-FR","potentialAction":[{"@type":"ReadAction","target":["https:\/\/unstamps.org\/fr\/a-propos-de-lapnu\/exposition-philatelique\/"]}]},{"@type":"BreadcrumbList","@id":"https:\/\/unstamps.org\/fr\/a-propos-de-lapnu\/exposition-philatelique\/#breadcrumb","itemListElement":[{"@type":"ListItem","position":1,"name":"Home","item":"https:\/\/unstamps.org\/fr\/"},{"@type":"ListItem","position":2,"name":"\u00c0 propos de l&#8217;APNU","item":"https:\/\/unstamps.org\/fr\/a-propos-de-lapnu\/"},{"@type":"ListItem","position":3,"name":"Expositions Philat\u00e9liques"}]},{"@type":"WebSite","@id":"https:\/\/unstamps.org\/fr\/#website","url":"https:\/\/unstamps.org\/fr\/","name":"UN Stamps","description":"United Nations Stamps","publisher":{"@id":"https:\/\/unstamps.org\/fr\/#organization"},"potentialAction":[{"@type":"SearchAction","target":{"@type":"EntryPoint","urlTemplate":"https:\/\/unstamps.org\/fr\/?s={search_term_string}"},"query-input":{"@type":"PropertyValueSpecification","valueRequired":true,"valueName":"search_term_string"}}],"inLanguage":"fr-FR"},{"@type":"Organization","@id":"https:\/\/unstamps.org\/fr\/#organization","name":"UN Stamps","url":"https:\/\/unstamps.org\/fr\/","logo":{"@type":"ImageObject","inLanguage":"fr-FR","@id":"https:\/\/unstamps.org\/fr\/#\/schema\/logo\/image\/","url":"https:\/\/unstamps.org\/wp-content\/uploads\/2014\/01\/logo4web.jpg","contentUrl":"https:\/\/unstamps.org\/wp-content\/uploads\/2014\/01\/logo4web.jpg","width":2500,"height":250,"caption":"UN Stamps"},"image":{"@id":"https:\/\/unstamps.org\/fr\/#\/schema\/logo\/image\/"}}]}},"jetpack_sharing_enabled":true,"publishpress_future_action":{"enabled":false,"date":"2026-04-27 23:45:39","action":"change-status","newStatus":"draft","terms":[],"taxonomy":"translation_priority","extraData":[]},"publishpress_future_workflow_manual_trigger":{"enabledWorkflows":[]},"_links":{"self":[{"href":"https:\/\/unstamps.org\/fr\/wp-json\/wp\/v2\/pages\/5819","targetHints":{"allow":["GET"]}}],"collection":[{"href":"https:\/\/unstamps.org\/fr\/wp-json\/wp\/v2\/pages"}],"about":[{"href":"https:\/\/unstamps.org\/fr\/wp-json\/wp\/v2\/types\/page"}],"author":[{"embeddable":true,"href":"https:\/\/unstamps.org\/fr\/wp-json\/wp\/v2\/users\/2"}],"replies":[{"embeddable":true,"href":"https:\/\/unstamps.org\/fr\/wp-json\/wp\/v2\/comments?post=5819"}],"version-history":[{"count":0,"href":"https:\/\/unstamps.org\/fr\/wp-json\/wp\/v2\/pages\/5819\/revisions"}],"up":[{"embeddable":true,"href":"https:\/\/unstamps.org\/fr\/wp-json\/wp\/v2\/pages\/5421"}],"wp:attachment":[{"href":"https:\/\/unstamps.org\/fr\/wp-json\/wp\/v2\/media?parent=5819"}],"curies":[{"name":"wp","href":"https:\/\/api.w.org\/{rel}","templated":true}]}}