{"id":5787,"date":"2014-01-23T16:32:22","date_gmt":"2014-01-23T21:32:22","guid":{"rendered":"http:\/\/unstamps.org\/?page_id=5787"},"modified":"2014-01-23T16:48:08","modified_gmt":"2014-01-23T21:48:08","slug":"avis","status":"publish","type":"page","link":"https:\/\/unstamps.org\/fr\/a-propos-de-lapnu\/avis\/","title":{"rendered":"Avis"},"content":{"rendered":"<h2>Retards dans le traitement des commandes<\/h2>\n<p>En raison des mesures de s\u00e9curit\u00e9 renforc\u00e9es aux Nations Unies, tout le courrier adress\u00e9 au si\u00e8ge \u00e0 New York est soumis \u00e0 des contr\u00f4les strictes. Ceci entra\u00eene des retards pour toutes les lettres et commandes adress\u00e9es \u00e0 l&#8217;Administration postale des Nations Unies. Le d\u00e9lai entre l&#8217;envoi jusqu&#8217;et l&#8217;arriv\u00e9e aupr\u00e8s de l&#8217;APNU est environ de 2 \u00e0 3 semaines. Par cons\u00e9quent, certains clients ont d\u00fb attendre la livraison de leurs commandes plus longtemps que d&#8217;habitude.<\/p>\n<p>Nombreux sont les clients qui ont appel\u00e9 l&#8217;APNU pour demander des nouvelles au sujet de leurs commandes et ont ainsi presque bloqu\u00e9 notre r\u00e9seau t\u00e9l\u00e9phonique. Soyez assur\u00e9s que nous faisons tout notre possible pour traiter vos commandes aussi rapidement que possible. Nous vous remercions de votre patience, les questions de s\u00e9curit\u00e9 \u00e9tant malheureusement ind\u00e9pendant de notre volont\u00e9.<\/p>\n","protected":false},"excerpt":{"rendered":"<p>Retards dans le traitement des commandes En raison des mesures de s\u00e9curit\u00e9 renforc\u00e9es aux Nations Unies, tout le courrier adress\u00e9 au si\u00e8ge \u00e0 New York est soumis \u00e0 des contr\u00f4les strictes. Ceci entra\u00eene des retards pour toutes les lettres et commandes adress\u00e9es \u00e0 l&#8217;Administration postale des Nations Unies. Le d\u00e9lai entre l&#8217;envoi jusqu&#8217;et l&#8217;arriv\u00e9e aupr\u00e8s [&hellip;]<\/p>\n","protected":false},"author":2,"featured_media":0,"parent":5421,"menu_order":0,"comment_status":"open","ping_status":"open","template":"","meta":{"ngg_post_thumbnail":0,"footnotes":""},"class_list":["post-5787","page","type-page","status-publish","hentry"],"yoast_head":"<!-- This site is optimized with the Yoast SEO plugin v27.3 - https:\/\/yoast.com\/product\/yoast-seo-wordpress\/ -->\n<title>Avis - UN Timbres<\/title>\n<meta name=\"robots\" content=\"index, follow, max-snippet:-1, max-image-preview:large, max-video-preview:-1\" \/>\n<link rel=\"canonical\" href=\"https:\/\/unstamps.org\/fr\/a-propos-de-lapnu\/avis\/\" \/>\n<meta property=\"og:locale\" content=\"fr_FR\" \/>\n<meta property=\"og:type\" content=\"article\" \/>\n<meta property=\"og:title\" content=\"Avis - UN Timbres\" \/>\n<meta property=\"og:description\" content=\"Retards dans le traitement des commandes En raison des mesures de s\u00e9curit\u00e9 renforc\u00e9es aux Nations Unies, tout le courrier adress\u00e9 au si\u00e8ge \u00e0 New York est soumis \u00e0 des contr\u00f4les strictes. Ceci entra\u00eene des retards pour toutes les lettres et commandes adress\u00e9es \u00e0 l&#8217;Administration postale des Nations Unies. Le d\u00e9lai entre l&#8217;envoi jusqu&#8217;et l&#8217;arriv\u00e9e aupr\u00e8s [&hellip;]\" \/>\n<meta property=\"og:url\" content=\"https:\/\/unstamps.org\/fr\/a-propos-de-lapnu\/avis\/\" \/>\n<meta property=\"og:site_name\" content=\"UN Timbres\" \/>\n<meta property=\"article:modified_time\" content=\"2014-01-23T21:48:08+00:00\" \/>\n<meta name=\"twitter:card\" content=\"summary_large_image\" \/>\n<meta name=\"twitter:label1\" content=\"Dur\u00e9e de lecture estim\u00e9e\" \/>\n\t<meta name=\"twitter:data1\" content=\"1 minute\" \/>\n<script type=\"application\/ld+json\" class=\"yoast-schema-graph\">{\"@context\":\"https:\\\/\\\/schema.org\",\"@graph\":[{\"@type\":\"WebPage\",\"@id\":\"https:\\\/\\\/unstamps.org\\\/fr\\\/a-propos-de-lapnu\\\/avis\\\/\",\"url\":\"https:\\\/\\\/unstamps.org\\\/fr\\\/a-propos-de-lapnu\\\/avis\\\/\",\"name\":\"Avis - UN Timbres\",\"isPartOf\":{\"@id\":\"https:\\\/\\\/unstamps.org\\\/fr\\\/#website\"},\"datePublished\":\"2014-01-23T21:32:22+00:00\",\"dateModified\":\"2014-01-23T21:48:08+00:00\",\"breadcrumb\":{\"@id\":\"https:\\\/\\\/unstamps.org\\\/fr\\\/a-propos-de-lapnu\\\/avis\\\/#breadcrumb\"},\"inLanguage\":\"fr-FR\",\"potentialAction\":[{\"@type\":\"ReadAction\",\"target\":[\"https:\\\/\\\/unstamps.org\\\/fr\\\/a-propos-de-lapnu\\\/avis\\\/\"]}]},{\"@type\":\"BreadcrumbList\",\"@id\":\"https:\\\/\\\/unstamps.org\\\/fr\\\/a-propos-de-lapnu\\\/avis\\\/#breadcrumb\",\"itemListElement\":[{\"@type\":\"ListItem\",\"position\":1,\"name\":\"Home\",\"item\":\"https:\\\/\\\/unstamps.org\\\/fr\\\/\"},{\"@type\":\"ListItem\",\"position\":2,\"name\":\"\u00c0 propos de l&#8217;APNU\",\"item\":\"https:\\\/\\\/unstamps.org\\\/fr\\\/a-propos-de-lapnu\\\/\"},{\"@type\":\"ListItem\",\"position\":3,\"name\":\"Avis\"}]},{\"@type\":\"WebSite\",\"@id\":\"https:\\\/\\\/unstamps.org\\\/fr\\\/#website\",\"url\":\"https:\\\/\\\/unstamps.org\\\/fr\\\/\",\"name\":\"UN Stamps\",\"description\":\"United Nations Stamps\",\"publisher\":{\"@id\":\"https:\\\/\\\/unstamps.org\\\/fr\\\/#organization\"},\"potentialAction\":[{\"@type\":\"SearchAction\",\"target\":{\"@type\":\"EntryPoint\",\"urlTemplate\":\"https:\\\/\\\/unstamps.org\\\/fr\\\/?s={search_term_string}\"},\"query-input\":{\"@type\":\"PropertyValueSpecification\",\"valueRequired\":true,\"valueName\":\"search_term_string\"}}],\"inLanguage\":\"fr-FR\"},{\"@type\":\"Organization\",\"@id\":\"https:\\\/\\\/unstamps.org\\\/fr\\\/#organization\",\"name\":\"UN Stamps\",\"url\":\"https:\\\/\\\/unstamps.org\\\/fr\\\/\",\"logo\":{\"@type\":\"ImageObject\",\"inLanguage\":\"fr-FR\",\"@id\":\"https:\\\/\\\/unstamps.org\\\/fr\\\/#\\\/schema\\\/logo\\\/image\\\/\",\"url\":\"https:\\\/\\\/unstamps.org\\\/wp-content\\\/uploads\\\/2014\\\/01\\\/logo4web.jpg\",\"contentUrl\":\"https:\\\/\\\/unstamps.org\\\/wp-content\\\/uploads\\\/2014\\\/01\\\/logo4web.jpg\",\"width\":2500,\"height\":250,\"caption\":\"UN Stamps\"},\"image\":{\"@id\":\"https:\\\/\\\/unstamps.org\\\/fr\\\/#\\\/schema\\\/logo\\\/image\\\/\"}}]}<\/script>\n<!-- \/ Yoast SEO plugin. -->","yoast_head_json":{"title":"Avis - UN Timbres","robots":{"index":"index","follow":"follow","max-snippet":"max-snippet:-1","max-image-preview":"max-image-preview:large","max-video-preview":"max-video-preview:-1"},"canonical":"https:\/\/unstamps.org\/fr\/a-propos-de-lapnu\/avis\/","og_locale":"fr_FR","og_type":"article","og_title":"Avis - UN Timbres","og_description":"Retards dans le traitement des commandes En raison des mesures de s\u00e9curit\u00e9 renforc\u00e9es aux Nations Unies, tout le courrier adress\u00e9 au si\u00e8ge \u00e0 New York est soumis \u00e0 des contr\u00f4les strictes. Ceci entra\u00eene des retards pour toutes les lettres et commandes adress\u00e9es \u00e0 l&#8217;Administration postale des Nations Unies. Le d\u00e9lai entre l&#8217;envoi jusqu&#8217;et l&#8217;arriv\u00e9e aupr\u00e8s [&hellip;]","og_url":"https:\/\/unstamps.org\/fr\/a-propos-de-lapnu\/avis\/","og_site_name":"UN Timbres","article_modified_time":"2014-01-23T21:48:08+00:00","twitter_card":"summary_large_image","twitter_misc":{"Dur\u00e9e de lecture estim\u00e9e":"1 minute"},"schema":{"@context":"https:\/\/schema.org","@graph":[{"@type":"WebPage","@id":"https:\/\/unstamps.org\/fr\/a-propos-de-lapnu\/avis\/","url":"https:\/\/unstamps.org\/fr\/a-propos-de-lapnu\/avis\/","name":"Avis - UN Timbres","isPartOf":{"@id":"https:\/\/unstamps.org\/fr\/#website"},"datePublished":"2014-01-23T21:32:22+00:00","dateModified":"2014-01-23T21:48:08+00:00","breadcrumb":{"@id":"https:\/\/unstamps.org\/fr\/a-propos-de-lapnu\/avis\/#breadcrumb"},"inLanguage":"fr-FR","potentialAction":[{"@type":"ReadAction","target":["https:\/\/unstamps.org\/fr\/a-propos-de-lapnu\/avis\/"]}]},{"@type":"BreadcrumbList","@id":"https:\/\/unstamps.org\/fr\/a-propos-de-lapnu\/avis\/#breadcrumb","itemListElement":[{"@type":"ListItem","position":1,"name":"Home","item":"https:\/\/unstamps.org\/fr\/"},{"@type":"ListItem","position":2,"name":"\u00c0 propos de l&#8217;APNU","item":"https:\/\/unstamps.org\/fr\/a-propos-de-lapnu\/"},{"@type":"ListItem","position":3,"name":"Avis"}]},{"@type":"WebSite","@id":"https:\/\/unstamps.org\/fr\/#website","url":"https:\/\/unstamps.org\/fr\/","name":"UN Stamps","description":"United Nations Stamps","publisher":{"@id":"https:\/\/unstamps.org\/fr\/#organization"},"potentialAction":[{"@type":"SearchAction","target":{"@type":"EntryPoint","urlTemplate":"https:\/\/unstamps.org\/fr\/?s={search_term_string}"},"query-input":{"@type":"PropertyValueSpecification","valueRequired":true,"valueName":"search_term_string"}}],"inLanguage":"fr-FR"},{"@type":"Organization","@id":"https:\/\/unstamps.org\/fr\/#organization","name":"UN Stamps","url":"https:\/\/unstamps.org\/fr\/","logo":{"@type":"ImageObject","inLanguage":"fr-FR","@id":"https:\/\/unstamps.org\/fr\/#\/schema\/logo\/image\/","url":"https:\/\/unstamps.org\/wp-content\/uploads\/2014\/01\/logo4web.jpg","contentUrl":"https:\/\/unstamps.org\/wp-content\/uploads\/2014\/01\/logo4web.jpg","width":2500,"height":250,"caption":"UN Stamps"},"image":{"@id":"https:\/\/unstamps.org\/fr\/#\/schema\/logo\/image\/"}}]}},"jetpack_sharing_enabled":true,"publishpress_future_action":{"enabled":false,"date":"2026-04-11 01:00:37","action":"change-status","newStatus":"draft","terms":[],"taxonomy":"translation_priority","extraData":[]},"publishpress_future_workflow_manual_trigger":{"enabledWorkflows":[]},"_links":{"self":[{"href":"https:\/\/unstamps.org\/fr\/wp-json\/wp\/v2\/pages\/5787","targetHints":{"allow":["GET"]}}],"collection":[{"href":"https:\/\/unstamps.org\/fr\/wp-json\/wp\/v2\/pages"}],"about":[{"href":"https:\/\/unstamps.org\/fr\/wp-json\/wp\/v2\/types\/page"}],"author":[{"embeddable":true,"href":"https:\/\/unstamps.org\/fr\/wp-json\/wp\/v2\/users\/2"}],"replies":[{"embeddable":true,"href":"https:\/\/unstamps.org\/fr\/wp-json\/wp\/v2\/comments?post=5787"}],"version-history":[{"count":0,"href":"https:\/\/unstamps.org\/fr\/wp-json\/wp\/v2\/pages\/5787\/revisions"}],"up":[{"embeddable":true,"href":"https:\/\/unstamps.org\/fr\/wp-json\/wp\/v2\/pages\/5421"}],"wp:attachment":[{"href":"https:\/\/unstamps.org\/fr\/wp-json\/wp\/v2\/media?parent=5787"}],"curies":[{"name":"wp","href":"https:\/\/api.w.org\/{rel}","templated":true}]}}