{"id":5549,"date":"2014-01-22T09:29:23","date_gmt":"2014-01-22T14:29:23","guid":{"rendered":"http:\/\/unstamps.org\/?page_id=5549"},"modified":"2026-02-09T05:20:28","modified_gmt":"2026-02-09T10:20:28","slug":"tarifs-postaux","status":"publish","type":"page","link":"https:\/\/unstamps.org\/fr\/a-propos-de-lapnu\/tarifs-postaux\/","title":{"rendered":"Tarifs postaux"},"content":{"rendered":"<p style=\"text-align: left;\">Nous indiquons ci-apr\u00e8s les tarifs postaux les plus utilis\u00e9s pour du courrier affranchi avec des timbres des Nations Unies exp\u00e9di\u00e9 depuis les trois bureaux.<\/p>\n<h3 style=\"text-align: center;\">Nouveaux tarifs d&#8217;affranchissement \u00e0 partir du 5.10.2025<\/h3>\n<p style=\"text-align: left;\"><strong>Courrier depuis le Si\u00e8ge des Nations Unies \u00e0 New York &#8211; timbres des Nations Unies seulement en US$<\/strong><\/p>\n<table border=\"0\" width=\"100%\" cellpadding=\"0\">\n<tbody>\n<tr bgcolor=\"#eeeeee\">\n<td valign=\"top\" width=\"50%\">New York vers destinataires aux Etats Unis<\/td>\n<td width=\"57%\">78 Cent pour la 1 \u00e8re once (1 oz. = 28,349 g) et 29 Cent pour chaque once suppl\u00e9mentaire jusqu&#8217;\u00e0 3.5 onces maximum. Pour un poids sup\u00e9rieur \u00e0 3.5 onces voir la liste \u00ab flat-size rates \u00bb de USPS.<\/td>\n<\/tr>\n<tr>\n<td valign=\"top\" width=\"50%\">New York vers tous les autres pays<\/td>\n<td width=\"57%\">US$ 1,70 pour 1 oz.<\/td>\n<\/tr>\n<\/tbody>\n<\/table>\n<table border=\"0\" width=\"100%\" cellpadding=\"0\">\n<tbody>\n<tr>\n<td><strong>Frais de service:<\/strong><\/td>\n<\/tr>\n<tr bgcolor=\"#cccccc\">\n<td valign=\"top\" bgcolor=\"#cccccc\" width=\"50%\"><strong>Valeur de commande<\/strong><\/td>\n<td><strong>Taxe<\/strong><\/td>\n<\/tr>\n<tr bgcolor=\"#eeeeee\">\n<td valign=\"top\" width=\"46%\" height=\"19\">US$ 0,01 et plus<\/td>\n<td>US$ 3,00<\/td>\n<\/tr>\n<tr>\n<td><strong>Taxe de recommandation &#8211; Etats Unies d&#8217;Am\u00e9rique:<\/strong><\/td>\n<\/tr>\n<tr bgcolor=\"#cccccc\">\n<td valign=\"top\" width=\"46%\"><strong>Valeur de commande<\/strong><\/td>\n<td width=\"54%\"><strong>Taxe<\/strong><\/td>\n<\/tr>\n<tr bgcolor=\"#eeeeee\">\n<td valign=\"top\" width=\"46%\">US$ 0,01 jusqu&#8217;\u00e0 US$ 100,00<\/td>\n<td>US$ 20,40<\/td>\n<\/tr>\n<tr>\n<td valign=\"top\" width=\"46%\">US$ 100,01 jusqu&#8217;\u00e0 US$ 500,00<\/td>\n<td>US$ 23,50<\/td>\n<\/tr>\n<tr bgcolor=\"#eeeeee\">\n<td valign=\"top\" width=\"46%\">US$ 500,01 jusqu&#8217;\u00e0 US$ 1.000,00<\/td>\n<td>US$ 26,40<\/td>\n<\/tr>\n<tr>\n<td><strong>Taxe de recommandation &#8211; Tous les autres pays:<\/strong><\/td>\n<\/tr>\n<tr bgcolor=\"#cccccc\">\n<td valign=\"top\" width=\"46%\"><strong>Valeur de commande<\/strong><\/td>\n<td><strong>Taxe<\/strong><\/td>\n<\/tr>\n<tr bgcolor=\"#eeeeee\">\n<td valign=\"top\" width=\"46%\">US$ 0,01 et plus<\/td>\n<td>US$ 23,40<\/td>\n<\/tr>\n<\/tbody>\n<\/table>\n<p><em>Envoyer vos plis pr\u00e9par\u00e9s \u00e0:<\/em><br \/>\nUnited Nations Postal Administration<br \/>\nP.O. Box 5900, Grand Central Station<br \/>\nNew York, N.Y. 10163-5900<br \/>\nU.S.A.<br \/>\n<em>Marquer sur l&#8217;emballage:<\/em> FOR MAILING<\/p>\n<h3 style=\"text-align: center;\">Nouveaux tarifs d&#8217;affranchissement \u00e0 partir du 1er janvier 2024<\/h3>\n<p><strong>Courrier depuis le Palais des Nations \u00e0 Gen\u00e8ve &#8211; timbres des Nations Unies seulement en francs suisses<\/strong><\/p>\n<table border=\"0\" width=\"100%\" cellpadding=\"0\">\n<tbody>\n<tr bgcolor=\"#eeeeee\">\n<td valign=\"top\" width=\"50%\">Gen\u00e8ve vers destinations suisses<\/td>\n<td width=\"50%\">CHF 1,20<\/td>\n<\/tr>\n<tr>\n<td valign=\"top\" width=\"50%\">Gen\u00e8ve vers l&#8217;Europe<\/td>\n<td width=\"50%\">CHF 1,90<\/td>\n<\/tr>\n<tr bgcolor=\"#eeeeee\">\n<td valign=\"top\" width=\"50%\">Gen\u00e8ve vers tous les autres pays<\/td>\n<td width=\"50%\">CHF 2,50<\/td>\n<\/tr>\n<\/tbody>\n<\/table>\n<p><strong><em>Les tarifs s&#8217;appliquent aux lettres jusqu&#8217;\u00e0 20 gr.<\/em><\/strong><\/p>\n<table border=\"0\" width=\"100%\" cellpadding=\"0\">\n<tbody>\n<tr>\n<td><strong>Taxe de recommandation:<\/strong><\/td>\n<\/tr>\n<tr bgcolor=\"#eeeeee\">\n<td valign=\"top\" width=\"50%\">Gen\u00e8ve vers destinations suisses<\/td>\n<td width=\"50%\">CHF 6,50<\/td>\n<\/tr>\n<tr>\n<td valign=\"top\" width=\"50%\">Gen\u00e8ve vers tous les autres pays<\/td>\n<td width=\"50%\">CHF 6,50<\/td>\n<\/tr>\n<\/tbody>\n<\/table>\n<p><em>Envoyer vos plis pr\u00e9par\u00e9s \u00e0:<\/em><br \/>\nAdministration postale des Nations Unies<br \/>\nPalais des Nations<br \/>\nCH-1211 Gen\u00e8ve 10<br \/>\nSuisse<br \/>\n<em>Marquer sur l&#8217;emballage:<\/em> FOR MAILING<\/p>\n<h3 style=\"text-align: center;\">Nouveaux tarifs d&#8217;affranchissement \u00e0 partir du 1er janvier 2026<\/h3>\n<p><strong>Courrier depuis le Centre International de Vienne &#8211; timbres des Nations Unies seulement en Euro<\/strong><\/p>\n<table border=\"0\" width=\"100%\" cellpadding=\"0\">\n<tbody>\n<tr bgcolor=\"#eeeeee\">\n<td valign=\"top\" width=\"50%\">Vienne vers destinations en Autriche<\/td>\n<td width=\"50%\">\u20ac 1.00<\/td>\n<\/tr>\n<tr>\n<td valign=\"top\" width=\"50%\">Vienne vers l&#8217;Europe<\/td>\n<td width=\"50%\">\u20ac 1,25<\/td>\n<\/tr>\n<tr bgcolor=\"#eeeeee\">\n<td valign=\"top\" width=\"50%\">Vienne vers tous les autres pays<\/td>\n<td width=\"50%\">\u20ac 2,00<\/td>\n<\/tr>\n<\/tbody>\n<\/table>\n<p><strong> <em>Les tarifs s&#8217;appliquent aux lettres jusqu&#8217;\u00e0 20 gr.<\/em><\/strong><\/p>\n<table border=\"0\" width=\"100%\" cellpadding=\"0\">\n<tbody>\n<tr>\n<td><strong>Taxe de recommandation:<\/strong><\/td>\n<\/tr>\n<tr bgcolor=\"#eeeeee\">\n<td valign=\"top\" width=\"50%\">Vienne vers destinations en Autriche<\/td>\n<td width=\"50%\">\u20ac 3,50<\/td>\n<\/tr>\n<tr>\n<td valign=\"top\" width=\"50%\">Vienne vers tous les autres pays<\/td>\n<td width=\"50%\">\u20ac 3,95<\/td>\n<\/tr>\n<\/tbody>\n<\/table>\n<p><em>Envoyer vos plis pr\u00e9par\u00e9s \u00e0:<br \/>\n<\/em> Postverwaltung der Vereinten Nationen<br \/>\nPostfach 900<br \/>\nInternationales Zentrum Wien<br \/>\n1400 Wien<br \/>\n\u00d6sterreich<br \/>\n<em>Marquer sur l&#8217;emballage:<\/em> FOR MAILING<\/p>\n","protected":false},"excerpt":{"rendered":"<p>Nous indiquons ci-apr\u00e8s les tarifs postaux les plus utilis\u00e9s pour du courrier affranchi avec des timbres des Nations Unies exp\u00e9di\u00e9 depuis les trois bureaux. Nouveaux tarifs d&#8217;affranchissement \u00e0 partir du 5.10.2025 Courrier depuis le Si\u00e8ge des Nations Unies \u00e0 New York &#8211; timbres des Nations Unies seulement en US$ New York vers destinataires aux Etats [&hellip;]<\/p>\n","protected":false},"author":2,"featured_media":0,"parent":5421,"menu_order":0,"comment_status":"open","ping_status":"open","template":"","meta":{"ngg_post_thumbnail":0,"footnotes":""},"class_list":["post-5549","page","type-page","status-publish","hentry"],"yoast_head":"<!-- This site is optimized with the Yoast SEO plugin v27.4 - https:\/\/yoast.com\/product\/yoast-seo-wordpress\/ -->\n<title>Tarifs postaux - UN Timbres<\/title>\n<meta name=\"robots\" content=\"index, follow, max-snippet:-1, max-image-preview:large, max-video-preview:-1\" \/>\n<link rel=\"canonical\" href=\"https:\/\/unstamps.org\/fr\/a-propos-de-lapnu\/tarifs-postaux\/\" \/>\n<meta property=\"og:locale\" content=\"fr_FR\" \/>\n<meta property=\"og:type\" content=\"article\" \/>\n<meta property=\"og:title\" content=\"Tarifs postaux - UN Timbres\" \/>\n<meta property=\"og:description\" content=\"Nous indiquons ci-apr\u00e8s les tarifs postaux les plus utilis\u00e9s pour du courrier affranchi avec des timbres des Nations Unies exp\u00e9di\u00e9 depuis les trois bureaux. Nouveaux tarifs d&#8217;affranchissement \u00e0 partir du 5.10.2025 Courrier depuis le Si\u00e8ge des Nations Unies \u00e0 New York &#8211; timbres des Nations Unies seulement en US$ New York vers destinataires aux Etats [&hellip;]\" \/>\n<meta property=\"og:url\" content=\"https:\/\/unstamps.org\/fr\/a-propos-de-lapnu\/tarifs-postaux\/\" \/>\n<meta property=\"og:site_name\" content=\"UN Timbres\" \/>\n<meta property=\"article:modified_time\" content=\"2026-02-09T10:20:28+00:00\" \/>\n<meta name=\"twitter:card\" content=\"summary_large_image\" \/>\n<meta name=\"twitter:label1\" content=\"Dur\u00e9e de lecture estim\u00e9e\" \/>\n\t<meta name=\"twitter:data1\" content=\"2 minutes\" \/>\n<script type=\"application\/ld+json\" class=\"yoast-schema-graph\">{\"@context\":\"https:\\\/\\\/schema.org\",\"@graph\":[{\"@type\":\"WebPage\",\"@id\":\"https:\\\/\\\/unstamps.org\\\/fr\\\/a-propos-de-lapnu\\\/tarifs-postaux\\\/\",\"url\":\"https:\\\/\\\/unstamps.org\\\/fr\\\/a-propos-de-lapnu\\\/tarifs-postaux\\\/\",\"name\":\"Tarifs postaux - UN Timbres\",\"isPartOf\":{\"@id\":\"https:\\\/\\\/unstamps.org\\\/fr\\\/#website\"},\"datePublished\":\"2014-01-22T14:29:23+00:00\",\"dateModified\":\"2026-02-09T10:20:28+00:00\",\"breadcrumb\":{\"@id\":\"https:\\\/\\\/unstamps.org\\\/fr\\\/a-propos-de-lapnu\\\/tarifs-postaux\\\/#breadcrumb\"},\"inLanguage\":\"fr-FR\",\"potentialAction\":[{\"@type\":\"ReadAction\",\"target\":[\"https:\\\/\\\/unstamps.org\\\/fr\\\/a-propos-de-lapnu\\\/tarifs-postaux\\\/\"]}]},{\"@type\":\"BreadcrumbList\",\"@id\":\"https:\\\/\\\/unstamps.org\\\/fr\\\/a-propos-de-lapnu\\\/tarifs-postaux\\\/#breadcrumb\",\"itemListElement\":[{\"@type\":\"ListItem\",\"position\":1,\"name\":\"Home\",\"item\":\"https:\\\/\\\/unstamps.org\\\/fr\\\/\"},{\"@type\":\"ListItem\",\"position\":2,\"name\":\"\u00c0 propos de l&#8217;APNU\",\"item\":\"https:\\\/\\\/unstamps.org\\\/fr\\\/a-propos-de-lapnu\\\/\"},{\"@type\":\"ListItem\",\"position\":3,\"name\":\"Tarifs postaux\"}]},{\"@type\":\"WebSite\",\"@id\":\"https:\\\/\\\/unstamps.org\\\/fr\\\/#website\",\"url\":\"https:\\\/\\\/unstamps.org\\\/fr\\\/\",\"name\":\"UN Stamps\",\"description\":\"United Nations Stamps\",\"publisher\":{\"@id\":\"https:\\\/\\\/unstamps.org\\\/fr\\\/#organization\"},\"potentialAction\":[{\"@type\":\"SearchAction\",\"target\":{\"@type\":\"EntryPoint\",\"urlTemplate\":\"https:\\\/\\\/unstamps.org\\\/fr\\\/?s={search_term_string}\"},\"query-input\":{\"@type\":\"PropertyValueSpecification\",\"valueRequired\":true,\"valueName\":\"search_term_string\"}}],\"inLanguage\":\"fr-FR\"},{\"@type\":\"Organization\",\"@id\":\"https:\\\/\\\/unstamps.org\\\/fr\\\/#organization\",\"name\":\"UN Stamps\",\"url\":\"https:\\\/\\\/unstamps.org\\\/fr\\\/\",\"logo\":{\"@type\":\"ImageObject\",\"inLanguage\":\"fr-FR\",\"@id\":\"https:\\\/\\\/unstamps.org\\\/fr\\\/#\\\/schema\\\/logo\\\/image\\\/\",\"url\":\"https:\\\/\\\/unstamps.org\\\/wp-content\\\/uploads\\\/2014\\\/01\\\/logo4web.jpg\",\"contentUrl\":\"https:\\\/\\\/unstamps.org\\\/wp-content\\\/uploads\\\/2014\\\/01\\\/logo4web.jpg\",\"width\":2500,\"height\":250,\"caption\":\"UN Stamps\"},\"image\":{\"@id\":\"https:\\\/\\\/unstamps.org\\\/fr\\\/#\\\/schema\\\/logo\\\/image\\\/\"}}]}<\/script>\n<!-- \/ Yoast SEO plugin. -->","yoast_head_json":{"title":"Tarifs postaux - UN Timbres","robots":{"index":"index","follow":"follow","max-snippet":"max-snippet:-1","max-image-preview":"max-image-preview:large","max-video-preview":"max-video-preview:-1"},"canonical":"https:\/\/unstamps.org\/fr\/a-propos-de-lapnu\/tarifs-postaux\/","og_locale":"fr_FR","og_type":"article","og_title":"Tarifs postaux - UN Timbres","og_description":"Nous indiquons ci-apr\u00e8s les tarifs postaux les plus utilis\u00e9s pour du courrier affranchi avec des timbres des Nations Unies exp\u00e9di\u00e9 depuis les trois bureaux. Nouveaux tarifs d&#8217;affranchissement \u00e0 partir du 5.10.2025 Courrier depuis le Si\u00e8ge des Nations Unies \u00e0 New York &#8211; timbres des Nations Unies seulement en US$ New York vers destinataires aux Etats [&hellip;]","og_url":"https:\/\/unstamps.org\/fr\/a-propos-de-lapnu\/tarifs-postaux\/","og_site_name":"UN Timbres","article_modified_time":"2026-02-09T10:20:28+00:00","twitter_card":"summary_large_image","twitter_misc":{"Dur\u00e9e de lecture estim\u00e9e":"2 minutes"},"schema":{"@context":"https:\/\/schema.org","@graph":[{"@type":"WebPage","@id":"https:\/\/unstamps.org\/fr\/a-propos-de-lapnu\/tarifs-postaux\/","url":"https:\/\/unstamps.org\/fr\/a-propos-de-lapnu\/tarifs-postaux\/","name":"Tarifs postaux - UN Timbres","isPartOf":{"@id":"https:\/\/unstamps.org\/fr\/#website"},"datePublished":"2014-01-22T14:29:23+00:00","dateModified":"2026-02-09T10:20:28+00:00","breadcrumb":{"@id":"https:\/\/unstamps.org\/fr\/a-propos-de-lapnu\/tarifs-postaux\/#breadcrumb"},"inLanguage":"fr-FR","potentialAction":[{"@type":"ReadAction","target":["https:\/\/unstamps.org\/fr\/a-propos-de-lapnu\/tarifs-postaux\/"]}]},{"@type":"BreadcrumbList","@id":"https:\/\/unstamps.org\/fr\/a-propos-de-lapnu\/tarifs-postaux\/#breadcrumb","itemListElement":[{"@type":"ListItem","position":1,"name":"Home","item":"https:\/\/unstamps.org\/fr\/"},{"@type":"ListItem","position":2,"name":"\u00c0 propos de l&#8217;APNU","item":"https:\/\/unstamps.org\/fr\/a-propos-de-lapnu\/"},{"@type":"ListItem","position":3,"name":"Tarifs postaux"}]},{"@type":"WebSite","@id":"https:\/\/unstamps.org\/fr\/#website","url":"https:\/\/unstamps.org\/fr\/","name":"UN Stamps","description":"United Nations Stamps","publisher":{"@id":"https:\/\/unstamps.org\/fr\/#organization"},"potentialAction":[{"@type":"SearchAction","target":{"@type":"EntryPoint","urlTemplate":"https:\/\/unstamps.org\/fr\/?s={search_term_string}"},"query-input":{"@type":"PropertyValueSpecification","valueRequired":true,"valueName":"search_term_string"}}],"inLanguage":"fr-FR"},{"@type":"Organization","@id":"https:\/\/unstamps.org\/fr\/#organization","name":"UN Stamps","url":"https:\/\/unstamps.org\/fr\/","logo":{"@type":"ImageObject","inLanguage":"fr-FR","@id":"https:\/\/unstamps.org\/fr\/#\/schema\/logo\/image\/","url":"https:\/\/unstamps.org\/wp-content\/uploads\/2014\/01\/logo4web.jpg","contentUrl":"https:\/\/unstamps.org\/wp-content\/uploads\/2014\/01\/logo4web.jpg","width":2500,"height":250,"caption":"UN Stamps"},"image":{"@id":"https:\/\/unstamps.org\/fr\/#\/schema\/logo\/image\/"}}]}},"jetpack_sharing_enabled":true,"publishpress_future_action":{"enabled":false,"date":"2026-05-03 00:29:52","action":"change-status","newStatus":"draft","terms":[],"taxonomy":"translation_priority","extraData":[]},"publishpress_future_workflow_manual_trigger":{"enabledWorkflows":[]},"_links":{"self":[{"href":"https:\/\/unstamps.org\/fr\/wp-json\/wp\/v2\/pages\/5549","targetHints":{"allow":["GET"]}}],"collection":[{"href":"https:\/\/unstamps.org\/fr\/wp-json\/wp\/v2\/pages"}],"about":[{"href":"https:\/\/unstamps.org\/fr\/wp-json\/wp\/v2\/types\/page"}],"author":[{"embeddable":true,"href":"https:\/\/unstamps.org\/fr\/wp-json\/wp\/v2\/users\/2"}],"replies":[{"embeddable":true,"href":"https:\/\/unstamps.org\/fr\/wp-json\/wp\/v2\/comments?post=5549"}],"version-history":[{"count":0,"href":"https:\/\/unstamps.org\/fr\/wp-json\/wp\/v2\/pages\/5549\/revisions"}],"up":[{"embeddable":true,"href":"https:\/\/unstamps.org\/fr\/wp-json\/wp\/v2\/pages\/5421"}],"wp:attachment":[{"href":"https:\/\/unstamps.org\/fr\/wp-json\/wp\/v2\/media?parent=5549"}],"curies":[{"name":"wp","href":"https:\/\/api.w.org\/{rel}","templated":true}]}}