{"id":5427,"date":"2014-01-21T19:53:33","date_gmt":"2014-01-22T00:53:33","guid":{"rendered":"http:\/\/unstamps.org\/?page_id=5427"},"modified":"2015-06-25T11:29:16","modified_gmt":"2015-06-25T15:29:16","slug":"glossaire","status":"publish","type":"page","link":"https:\/\/unstamps.org\/fr\/a-propos-de-lapnu\/glossaire\/","title":{"rendered":"Glossaire"},"content":{"rendered":"<h3>Glossaire<\/h3>\n<p><strong style=\"font-size: 14px; line-height: 1.5em;\">* TIMBRES COMMEMORATIFS<\/strong><\/p>\n<p>Ils sont \u00e9mis sur des th\u00e8mes sp\u00e9cifiques aux Nations Unies pour attirer notre attention sur des probl\u00e8mes d&#8217;ordre mondial. Le maintien de la paix, l&#8217;environnement, la sant\u00e9 mondiale et les droits de l&#8217;homme sont quelques-uns des sujets des timbres comm\u00e9moratifs. Ils restent en vente pendant une ann\u00e9e seulement \u00e0 partir de la date d&#8217;\u00e9mission.<\/p>\n<p>*\u00a0<strong>FEUILLETS SOUVENIR<\/strong><br \/>\nLes feuillets souvenir sont g\u00e9n\u00e9ralement \u00e9mis \u00e0 l&#8217;occasion de chaque cinqui\u00e8me anniversaire de la cr\u00e9ation des Nations Unies. D&#8217;autres feuillets sont \u00e9mis occasionnellement. Ils restent en vente durant une ann\u00e9e.<\/p>\n<p>*\u00a0<strong>FEUILLES MINIATURE COMMEMORATIVES<\/strong><br \/>\nLes feuilles miniature avec des \u00e9l\u00e9ments d&#8217;illustration sp\u00e9ciaux ont 16 timbres au maximum. Elles restent \u00e9galement en vente pendant une ann\u00e9e.<\/p>\n<p>*\u00a0<strong>SERIES Pluriannuelles DE TIMBRES COMMEMORATIFS<\/strong><br \/>\nLes s\u00e9ries pluriannuelles de timbres comm\u00e9moratifs sont parfois incluses dans le programme philat\u00e9lique. Afin de traiter convenablement certains sujets, la s\u00e9rie est \u00e9mise pendant plusieurs ann\u00e9es de suite. Elle forme \u00e0 elle seule une petite collection th\u00e9matique au sein de la vaste collection de timbres des Nations Unies. A ce jour, plusieurs s\u00e9ries pluriannuelles ont \u00e9t\u00e9 \u00e9mises sur diff\u00e9rents th\u00e8mes comme les droits de l&#8217;homme, les esp\u00e8ces menac\u00e9es, les drapeaux des Etats membres des Nations Unies, l&#8217;art autochtone et le patrimoine mondial. La dur\u00e9e de vente de ces timbres varie d&#8217;une s\u00e9rie \u00e0 l&#8217;autre, \u00e0 savoir de 12 \u00e0 24 mois.<\/p>\n<p><strong>TIMBRES ORDINAIRES<br \/>\n<\/strong>Ce sont des timbres \u00e9mis pour affranchir le courrier r\u00e9gulier et pour correspondre aux nouveaux tarifs postaux. Ils restent en vente pendant une p\u00e9riode ind\u00e9termin\u00e9e. Si besoin est, ces timbres peuvent \u00eatre r\u00e9imprim\u00e9s.<\/p>\n<p><strong>ENTIERS POSTAUX<br \/>\n<\/strong>Des entiers postaux sont \u00e9mis de temps \u00e0 autre pour correspondre aux nouveaux tarifs postaux et restent en vente durant une p\u00e9riode ind\u00e9termin\u00e9e. Si besoin est, les entiers postaux peuvent \u00eatre r\u00e9imprim\u00e9s.<\/p>\n<p><strong>ENVELOPPES PREMIER JOUR<br \/>\n<\/strong>Des enveloppes sp\u00e9ciales premier jour avec les timbres coll\u00e9s et l&#8217;oblit\u00e9ration 1 er jour d&#8217;\u00e9mission sont \u00e9mises \u00e0 chaque \u00e9mission de timbres. Pour les trois bureaux, New York, Gen\u00e8ve et Vienne une seule enveloppe premier jour \u00ab officielle \u00bb existe, sp\u00e9cialement dessin\u00e9e pour chaque \u00e9mission. Les enveloppes sont disponibles d\u00e8s le jour d&#8217;\u00e9mission dans quelques-unes ou toutes les cat\u00e9gories suivantes :<\/p>\n<ul>\n<li>Simple (pair seulement pour New York)<\/li>\n<li>Bloc de 4 avec inscription marginale<\/li>\n<li>Combin\u00e9e &#8211; avec deux timbres ou plus de la m\u00eame monnaie<\/li>\n<li>Jumbo &#8211; feuille miniature compl\u00e8te<\/li>\n<li>Triple &#8211; tous les timbres des trois bureaux<\/li>\n<\/ul>\n<p>Ces enveloppes sont en vente durant 180\u00a0jours \u00e0 partir du jour d&#8217;\u00e9mission, jusqu&#8217;\u00e0 \u00e9puisement du stock.<\/p>\n<p><strong>CARTES SOUVENIR<br \/>\n<\/strong>Les cartes souvenir sont g\u00e9n\u00e9ralement \u00e9mises avec une \u00e9mission de timbres comm\u00e9moratifs. La carte reproduit les nouveaux timbres ainsi que les timbres d&#8217;anciennes \u00e9missions sur des th\u00e8mes similaires. Les cartes contiennent un message du Secr\u00e9taire-g\u00e9n\u00e9ral et sont disponibles neuves ou avec la plus petite valeur dans chaque monnaie, oblit\u00e9r\u00e9e premier jour. Les cartes souvenir restent en vente pendant 6 mois.<\/p>\n<p><strong>CARTES MAXIMUM<br \/>\n<\/strong>Elles sont \u00e9mises occasionnellement avec une \u00e9mission comm\u00e9morative. Les cartes sont disponibles avec le timbre correspondant oblit\u00e9r\u00e9. Cet article reste en vente pendant trois mois. Les cartes sont \u00e9galement disponibles sans timbre.<\/p>\n<p><strong>DEPLIANTS ANNUELS<br \/>\n<\/strong>Les d\u00e9pliants annuels sont disponibles avec des timbres neufs ou oblit\u00e9r\u00e9s (avec l&#8217;oblit\u00e9ration ordinaire de la date de la derni\u00e8re \u00e9mission de l&#8217;ann\u00e9e). Ils contiennent un exemplaire de chaque timbre comm\u00e9moratif et r\u00e9gulier ainsi que les feuillets souvenir \u00e9mis durant l&#8217;ann\u00e9e et sont mis en vente avec la derni\u00e8re \u00e9mission de l&#8217;ann\u00e9e. Le d\u00e9pliant est compl\u00e9t\u00e9 par des informations techniques sur chaque \u00e9mission avec des espaces pr\u00e9vus pour coller les timbres. Un d\u00e9pliant diff\u00e9rent est \u00e9mis pour chacune des trois monnaies (timbres de New York, Gen\u00e8ve et Vienne) qui reste en vente pendant une p\u00e9riode de deux ans, jusqu&#8217;\u00e0 \u00e9puisement du stock. Pour les s\u00e9ries comm\u00e9moratives pluriannuelles, des d\u00e9pliants individuels sont \u00e9mis, comme par exemple les \u00ab Esp\u00e8ces menac\u00e9es d&#8217;extinction \u00bb (disponibles neuf ou oblit\u00e9r\u00e9) et la \u00ab S\u00e9rie des drapeaux \u00bb dont la dur\u00e9e de vente diff\u00e8re d&#8217;une \u00e9mission \u00e0 l&#8217;autre.<\/p>\n<p><strong>CARNETS DE TIMBRES<br \/>\n<\/strong>Les carnets de timbres sont \u00e9mis occasionnellement et dans les trois monnaies. Un carnet est un livret de plusieurs pages contenant les diff\u00e9rents timbres sur un th\u00e8me commun avec des illustrations et des textes explicatifs. Le premier carnet de timbres fut \u00e9mis en 1995. Ils sont disponibles neufs et oblit\u00e9r\u00e9s et restent en vente durant 24 mois \u00e0 partir de la date d&#8217;\u00e9mission, jusqu&#8217;\u00e0 \u00e9puisement du stock. Les timbres du carnet ne sont pas inclus dans le d\u00e9pliant annuel.<\/p>\n<p><strong>CARTES D&#8217;EXPOSITION<\/strong><br \/>\nLes cartes d&#8217;exposition sont \u00e9mises \u00e0 l&#8217;occasion de la participation de l&#8217;APNU aux expositions philat\u00e9liques dans le monde entier (New York seulement si la participation co\u00efncide avec le premier jour d&#8217;\u00e9mission). Chaque carte contient un timbre oblit\u00e9r\u00e9 de la date d&#8217;ouverture de l&#8217;exposition ainsi qu&#8217;un cachet souvenir. Elles sont en vente pendant six mois \u00e0 partir de la date d&#8217;\u00e9mission.<\/p>\n<p><strong>PRODUITS DIVERS<br \/>\n<\/strong>Les produits divers repr\u00e9sentent une cat\u00e9gorie sp\u00e9ciale d&#8217;abonnement consacr\u00e9e aux produits sp\u00e9ciaux tels que des enveloppes, des feuilles de timbres pour des \u00e9v\u00e9nements particuliers, des d\u00e9pliants philat\u00e9liques cr\u00e9\u00e9s conjointement avec d&#8217;autres administrations postales nationales ainsi que tout autre article philat\u00e9lique sp\u00e9cial. Les tirages de ces produits sont g\u00e9n\u00e9ralement limit\u00e9s et par cons\u00e9quent, leurs p\u00e9riodes de vente varient.<\/p>\n<p><strong>INSCRIPTIONS MARGINALES (I.M.)<br \/>\n<\/strong>Normalement les inscriptions marginales se composent de l&#8217;embl\u00e8me des Nations Unies et d&#8217;un texte, situ\u00e9es \u00e0 quatre endroits de chaque feuille. Comme r\u00e8gle, une inscription marginale ne peut \u00eatre obtenue qu&#8217;avec une commande minimum de :<\/p>\n<p>(a) 4 timbres comm\u00e9moratifs<br \/>\n(b) ou ordinaires, ind\u00e9pendamment de la valeur faciale.<\/p>\n<p>La formule de commande contient une case pour indiquer la position pr\u00e9f\u00e9r\u00e9e des inscriptions marginales.<\/p>\n<p><a href=\"https:\/\/unstamps.org\/wp-content\/uploads\/2015\/04\/mi_b4_image001_fr.jpg\"><img loading=\"lazy\" decoding=\"async\" class=\"alignnone size-full wp-image-25159\" src=\"https:\/\/unstamps.org\/wp-content\/uploads\/2015\/04\/mi_b4_image001_fr.jpg\" alt=\"mi_b4_image001_fr\" width=\"412\" height=\"114\" \/><\/a><\/p>\n<p><strong>FORMATS SPECIAUX<\/strong>:<br \/>\nQuelques-unes des \u00e9missions des timbres des Nations Unies ont un format sp\u00e9cial, tels que des se-tenants de deux timbres\/quatre timbres ou des bandes de se-tenants de cinq timbres. Pour r\u00e9pondre aux demandes des clients \u00e0 ces formats, une nouvelle cat\u00e9gorie a \u00e9t\u00e9 ajout\u00e9e \u00e0 l&#8217;abonnement de mani\u00e8re que vous puissiez souscrire un abonnement s\u00e9par\u00e9 pour vos demandes de se-tenants. En cas d&#8217;\u00e9missions avec des formats sp\u00e9ciaux, cet abonnement remplace votre abonnement normal pour des timbres comm\u00e9moratifs.<\/p>\n<p><strong>REIMPRESSIONS DE TIMBRES ORDINAIRES ET D&#8217;ENTIERS POSTAUX<br \/>\n<\/strong>Des r\u00e9impressions ont lieu si n\u00e9cessaire. En raison de l&#8217;int\u00e9r\u00eat des clients pour les r\u00e9impressions, une nouvelle cat\u00e9gorie fut \u00e9galement ajout\u00e9e \u00e0 l&#8217;abonnement pour ces produits (neuf ou oblit\u00e9r\u00e9).<\/p>\n<p><strong>FEUILLES PERSONNALISEES<br \/>\n<\/strong>Cet article est seulement disponible pour les visiteurs du B\u00e2timent des Nations Unies \u00e0 New York. La feuille consiste en 10 timbres perfor\u00e9s avec des vignettes blanches \u00e0 c\u00f4t\u00e9 de chaque timbre r\u00e9serv\u00e9es \u00e0 votre photographie. Chaque feuille contient quatre fois cinq motifs diff\u00e9rents des vues des Nations Unies \u00e0 New York.<br \/>\n<strong><br \/>\nFEUILLES PERSONNALISEES GENERIQUES<\/strong>:<br \/>\nLes collectionneurs ne pouvant se rendre au comptoir de vente de l&#8217;APNU au centre des visiteurs du si\u00e8ge des Nations Unies \u00e0 New York pourront commander par courrier une feuille personnalis\u00e9e g\u00e9n\u00e9rique. A l&#8217;endroit vide pr\u00e9vu pour la photographie plusieurs images g\u00e9n\u00e9riques sur les th\u00e8mes sp\u00e9ciaux des Nations Unies sont imprim\u00e9es.<\/p>\n<p><strong>FEUILLES PERSONNALISEES POUR EVENEMENTS SPECIAUX<br \/>\n<\/strong>L&#8217;APNU cr\u00e9e pour certaines expositions philat\u00e9liques des feuilles personnalis\u00e9es sp\u00e9ciales. Des illustrations sont imprim\u00e9es \u00e0 l&#8217;endroit vide pr\u00e9vu pour la photographie et le blanc transversal avec un texte ou un dessin. Les feuilles peuvent \u00eatre obtenues uniquement \u00e0 l&#8217;exposition et sont \u00e9galement envoy\u00e9es automatiquement aux abonn\u00e9s des produits divers.<\/p>\n<p><strong>ENVELOPPE BLANCHE<br \/>\n<\/strong>Il s&#8217;agit d&#8217;une enveloppe premier jour sans timbre. Un dessin est pr\u00e9par\u00e9 pour chaque \u00e9mission.<\/p>\n<p><strong>\u00ab STAMP PACKS \u00bb<br \/>\n<\/strong>Des \u00ab Stamp Packs \u00bb sont des collections de timbres oblit\u00e9r\u00e9s des Nations Unies sur des th\u00e8mes tels que les Esp\u00e8ces menac\u00e9es d&#8217;extinction, la Paix, les Droits de l&#8217;homme, les Drapeaux, l&#8217;Espace et les Oc\u00e9ans.<\/p>\n<p><em><strong>* pas de r\u00e9impression<\/strong><\/em><\/p>\n","protected":false},"excerpt":{"rendered":"<p>Glossaire * TIMBRES COMMEMORATIFS Ils sont \u00e9mis sur des th\u00e8mes sp\u00e9cifiques aux Nations Unies pour attirer notre attention sur des probl\u00e8mes d&#8217;ordre mondial. Le maintien de la paix, l&#8217;environnement, la sant\u00e9 mondiale et les droits de l&#8217;homme sont quelques-uns des sujets des timbres comm\u00e9moratifs. Ils restent en vente pendant une ann\u00e9e seulement \u00e0 partir de [&hellip;]<\/p>\n","protected":false},"author":2,"featured_media":0,"parent":5421,"menu_order":0,"comment_status":"open","ping_status":"open","template":"","meta":{"ngg_post_thumbnail":0,"footnotes":""},"class_list":["post-5427","page","type-page","status-publish","hentry"],"yoast_head":"<!-- This site is optimized with the Yoast SEO plugin v27.4 - https:\/\/yoast.com\/product\/yoast-seo-wordpress\/ -->\n<title>Glossaire - UN Timbres<\/title>\n<meta name=\"robots\" content=\"index, follow, max-snippet:-1, max-image-preview:large, max-video-preview:-1\" \/>\n<link rel=\"canonical\" href=\"https:\/\/unstamps.org\/fr\/a-propos-de-lapnu\/glossaire\/\" \/>\n<meta property=\"og:locale\" content=\"fr_FR\" \/>\n<meta property=\"og:type\" content=\"article\" \/>\n<meta property=\"og:title\" content=\"Glossaire - UN Timbres\" \/>\n<meta property=\"og:description\" content=\"Glossaire * TIMBRES COMMEMORATIFS Ils sont \u00e9mis sur des th\u00e8mes sp\u00e9cifiques aux Nations Unies pour attirer notre attention sur des probl\u00e8mes d&#8217;ordre mondial. Le maintien de la paix, l&#8217;environnement, la sant\u00e9 mondiale et les droits de l&#8217;homme sont quelques-uns des sujets des timbres comm\u00e9moratifs. Ils restent en vente pendant une ann\u00e9e seulement \u00e0 partir de [&hellip;]\" \/>\n<meta property=\"og:url\" content=\"https:\/\/unstamps.org\/fr\/a-propos-de-lapnu\/glossaire\/\" \/>\n<meta property=\"og:site_name\" content=\"UN Timbres\" \/>\n<meta property=\"article:modified_time\" content=\"2015-06-25T15:29:16+00:00\" \/>\n<meta property=\"og:image\" content=\"https:\/\/unstamps.org\/wp-content\/uploads\/2015\/04\/mi_b4_image001_fr.jpg\" \/>\n<meta name=\"twitter:card\" content=\"summary_large_image\" \/>\n<meta name=\"twitter:label1\" content=\"Dur\u00e9e de lecture estim\u00e9e\" \/>\n\t<meta name=\"twitter:data1\" content=\"7 minutes\" \/>\n<script type=\"application\/ld+json\" class=\"yoast-schema-graph\">{\"@context\":\"https:\\\/\\\/schema.org\",\"@graph\":[{\"@type\":\"WebPage\",\"@id\":\"https:\\\/\\\/unstamps.org\\\/fr\\\/a-propos-de-lapnu\\\/glossaire\\\/\",\"url\":\"https:\\\/\\\/unstamps.org\\\/fr\\\/a-propos-de-lapnu\\\/glossaire\\\/\",\"name\":\"Glossaire - UN Timbres\",\"isPartOf\":{\"@id\":\"https:\\\/\\\/unstamps.org\\\/fr\\\/#website\"},\"primaryImageOfPage\":{\"@id\":\"https:\\\/\\\/unstamps.org\\\/fr\\\/a-propos-de-lapnu\\\/glossaire\\\/#primaryimage\"},\"image\":{\"@id\":\"https:\\\/\\\/unstamps.org\\\/fr\\\/a-propos-de-lapnu\\\/glossaire\\\/#primaryimage\"},\"thumbnailUrl\":\"https:\\\/\\\/unstamps.org\\\/wp-content\\\/uploads\\\/2015\\\/04\\\/mi_b4_image001_fr.jpg\",\"datePublished\":\"2014-01-22T00:53:33+00:00\",\"dateModified\":\"2015-06-25T15:29:16+00:00\",\"breadcrumb\":{\"@id\":\"https:\\\/\\\/unstamps.org\\\/fr\\\/a-propos-de-lapnu\\\/glossaire\\\/#breadcrumb\"},\"inLanguage\":\"fr-FR\",\"potentialAction\":[{\"@type\":\"ReadAction\",\"target\":[\"https:\\\/\\\/unstamps.org\\\/fr\\\/a-propos-de-lapnu\\\/glossaire\\\/\"]}]},{\"@type\":\"ImageObject\",\"inLanguage\":\"fr-FR\",\"@id\":\"https:\\\/\\\/unstamps.org\\\/fr\\\/a-propos-de-lapnu\\\/glossaire\\\/#primaryimage\",\"url\":\"https:\\\/\\\/unstamps.org\\\/wp-content\\\/uploads\\\/2015\\\/04\\\/mi_b4_image001_fr.jpg\",\"contentUrl\":\"https:\\\/\\\/unstamps.org\\\/wp-content\\\/uploads\\\/2015\\\/04\\\/mi_b4_image001_fr.jpg\"},{\"@type\":\"BreadcrumbList\",\"@id\":\"https:\\\/\\\/unstamps.org\\\/fr\\\/a-propos-de-lapnu\\\/glossaire\\\/#breadcrumb\",\"itemListElement\":[{\"@type\":\"ListItem\",\"position\":1,\"name\":\"Home\",\"item\":\"https:\\\/\\\/unstamps.org\\\/fr\\\/\"},{\"@type\":\"ListItem\",\"position\":2,\"name\":\"\u00c0 propos de l&#8217;APNU\",\"item\":\"https:\\\/\\\/unstamps.org\\\/fr\\\/a-propos-de-lapnu\\\/\"},{\"@type\":\"ListItem\",\"position\":3,\"name\":\"Glossaire\"}]},{\"@type\":\"WebSite\",\"@id\":\"https:\\\/\\\/unstamps.org\\\/fr\\\/#website\",\"url\":\"https:\\\/\\\/unstamps.org\\\/fr\\\/\",\"name\":\"UN Stamps\",\"description\":\"United Nations Stamps\",\"publisher\":{\"@id\":\"https:\\\/\\\/unstamps.org\\\/fr\\\/#organization\"},\"potentialAction\":[{\"@type\":\"SearchAction\",\"target\":{\"@type\":\"EntryPoint\",\"urlTemplate\":\"https:\\\/\\\/unstamps.org\\\/fr\\\/?s={search_term_string}\"},\"query-input\":{\"@type\":\"PropertyValueSpecification\",\"valueRequired\":true,\"valueName\":\"search_term_string\"}}],\"inLanguage\":\"fr-FR\"},{\"@type\":\"Organization\",\"@id\":\"https:\\\/\\\/unstamps.org\\\/fr\\\/#organization\",\"name\":\"UN Stamps\",\"url\":\"https:\\\/\\\/unstamps.org\\\/fr\\\/\",\"logo\":{\"@type\":\"ImageObject\",\"inLanguage\":\"fr-FR\",\"@id\":\"https:\\\/\\\/unstamps.org\\\/fr\\\/#\\\/schema\\\/logo\\\/image\\\/\",\"url\":\"https:\\\/\\\/unstamps.org\\\/wp-content\\\/uploads\\\/2014\\\/01\\\/logo4web.jpg\",\"contentUrl\":\"https:\\\/\\\/unstamps.org\\\/wp-content\\\/uploads\\\/2014\\\/01\\\/logo4web.jpg\",\"width\":2500,\"height\":250,\"caption\":\"UN Stamps\"},\"image\":{\"@id\":\"https:\\\/\\\/unstamps.org\\\/fr\\\/#\\\/schema\\\/logo\\\/image\\\/\"}}]}<\/script>\n<!-- \/ Yoast SEO plugin. -->","yoast_head_json":{"title":"Glossaire - UN Timbres","robots":{"index":"index","follow":"follow","max-snippet":"max-snippet:-1","max-image-preview":"max-image-preview:large","max-video-preview":"max-video-preview:-1"},"canonical":"https:\/\/unstamps.org\/fr\/a-propos-de-lapnu\/glossaire\/","og_locale":"fr_FR","og_type":"article","og_title":"Glossaire - UN Timbres","og_description":"Glossaire * TIMBRES COMMEMORATIFS Ils sont \u00e9mis sur des th\u00e8mes sp\u00e9cifiques aux Nations Unies pour attirer notre attention sur des probl\u00e8mes d&#8217;ordre mondial. Le maintien de la paix, l&#8217;environnement, la sant\u00e9 mondiale et les droits de l&#8217;homme sont quelques-uns des sujets des timbres comm\u00e9moratifs. Ils restent en vente pendant une ann\u00e9e seulement \u00e0 partir de [&hellip;]","og_url":"https:\/\/unstamps.org\/fr\/a-propos-de-lapnu\/glossaire\/","og_site_name":"UN Timbres","article_modified_time":"2015-06-25T15:29:16+00:00","og_image":[{"url":"https:\/\/unstamps.org\/wp-content\/uploads\/2015\/04\/mi_b4_image001_fr.jpg","type":"","width":"","height":""}],"twitter_card":"summary_large_image","twitter_misc":{"Dur\u00e9e de lecture estim\u00e9e":"7 minutes"},"schema":{"@context":"https:\/\/schema.org","@graph":[{"@type":"WebPage","@id":"https:\/\/unstamps.org\/fr\/a-propos-de-lapnu\/glossaire\/","url":"https:\/\/unstamps.org\/fr\/a-propos-de-lapnu\/glossaire\/","name":"Glossaire - UN Timbres","isPartOf":{"@id":"https:\/\/unstamps.org\/fr\/#website"},"primaryImageOfPage":{"@id":"https:\/\/unstamps.org\/fr\/a-propos-de-lapnu\/glossaire\/#primaryimage"},"image":{"@id":"https:\/\/unstamps.org\/fr\/a-propos-de-lapnu\/glossaire\/#primaryimage"},"thumbnailUrl":"https:\/\/unstamps.org\/wp-content\/uploads\/2015\/04\/mi_b4_image001_fr.jpg","datePublished":"2014-01-22T00:53:33+00:00","dateModified":"2015-06-25T15:29:16+00:00","breadcrumb":{"@id":"https:\/\/unstamps.org\/fr\/a-propos-de-lapnu\/glossaire\/#breadcrumb"},"inLanguage":"fr-FR","potentialAction":[{"@type":"ReadAction","target":["https:\/\/unstamps.org\/fr\/a-propos-de-lapnu\/glossaire\/"]}]},{"@type":"ImageObject","inLanguage":"fr-FR","@id":"https:\/\/unstamps.org\/fr\/a-propos-de-lapnu\/glossaire\/#primaryimage","url":"https:\/\/unstamps.org\/wp-content\/uploads\/2015\/04\/mi_b4_image001_fr.jpg","contentUrl":"https:\/\/unstamps.org\/wp-content\/uploads\/2015\/04\/mi_b4_image001_fr.jpg"},{"@type":"BreadcrumbList","@id":"https:\/\/unstamps.org\/fr\/a-propos-de-lapnu\/glossaire\/#breadcrumb","itemListElement":[{"@type":"ListItem","position":1,"name":"Home","item":"https:\/\/unstamps.org\/fr\/"},{"@type":"ListItem","position":2,"name":"\u00c0 propos de l&#8217;APNU","item":"https:\/\/unstamps.org\/fr\/a-propos-de-lapnu\/"},{"@type":"ListItem","position":3,"name":"Glossaire"}]},{"@type":"WebSite","@id":"https:\/\/unstamps.org\/fr\/#website","url":"https:\/\/unstamps.org\/fr\/","name":"UN Stamps","description":"United Nations Stamps","publisher":{"@id":"https:\/\/unstamps.org\/fr\/#organization"},"potentialAction":[{"@type":"SearchAction","target":{"@type":"EntryPoint","urlTemplate":"https:\/\/unstamps.org\/fr\/?s={search_term_string}"},"query-input":{"@type":"PropertyValueSpecification","valueRequired":true,"valueName":"search_term_string"}}],"inLanguage":"fr-FR"},{"@type":"Organization","@id":"https:\/\/unstamps.org\/fr\/#organization","name":"UN Stamps","url":"https:\/\/unstamps.org\/fr\/","logo":{"@type":"ImageObject","inLanguage":"fr-FR","@id":"https:\/\/unstamps.org\/fr\/#\/schema\/logo\/image\/","url":"https:\/\/unstamps.org\/wp-content\/uploads\/2014\/01\/logo4web.jpg","contentUrl":"https:\/\/unstamps.org\/wp-content\/uploads\/2014\/01\/logo4web.jpg","width":2500,"height":250,"caption":"UN Stamps"},"image":{"@id":"https:\/\/unstamps.org\/fr\/#\/schema\/logo\/image\/"}}]}},"jetpack_sharing_enabled":true,"publishpress_future_action":{"enabled":false,"date":"2026-05-02 04:50:09","action":"change-status","newStatus":"draft","terms":[],"taxonomy":"translation_priority","extraData":[]},"publishpress_future_workflow_manual_trigger":{"enabledWorkflows":[]},"_links":{"self":[{"href":"https:\/\/unstamps.org\/fr\/wp-json\/wp\/v2\/pages\/5427","targetHints":{"allow":["GET"]}}],"collection":[{"href":"https:\/\/unstamps.org\/fr\/wp-json\/wp\/v2\/pages"}],"about":[{"href":"https:\/\/unstamps.org\/fr\/wp-json\/wp\/v2\/types\/page"}],"author":[{"embeddable":true,"href":"https:\/\/unstamps.org\/fr\/wp-json\/wp\/v2\/users\/2"}],"replies":[{"embeddable":true,"href":"https:\/\/unstamps.org\/fr\/wp-json\/wp\/v2\/comments?post=5427"}],"version-history":[{"count":0,"href":"https:\/\/unstamps.org\/fr\/wp-json\/wp\/v2\/pages\/5427\/revisions"}],"up":[{"embeddable":true,"href":"https:\/\/unstamps.org\/fr\/wp-json\/wp\/v2\/pages\/5421"}],"wp:attachment":[{"href":"https:\/\/unstamps.org\/fr\/wp-json\/wp\/v2\/media?parent=5427"}],"curies":[{"name":"wp","href":"https:\/\/api.w.org\/{rel}","templated":true}]}}