{"id":4008,"date":"2014-01-16T21:53:20","date_gmt":"2014-01-17T02:53:20","guid":{"rendered":"http:\/\/unstamps.org\/?page_id=4008"},"modified":"2015-06-05T16:01:10","modified_gmt":"2015-06-05T20:01:10","slug":"les-timbres-de-lonu-sont-des-messagers-de-paix","status":"publish","type":"page","link":"https:\/\/unstamps.org\/fr\/a-propos-de-lapnu\/les-timbres-de-lonu-sont-des-messagers-de-paix\/","title":{"rendered":"Histoire"},"content":{"rendered":"<div id=\"information\">\n<p>Les Droits de l&#8217;homme, l&#8217;environnement, les esp\u00e8ces en danger et la paix sont des sujets de pr\u00e9occupation pour les hommes et les femmes du monde entier. Ce sont \u00e9galement des sujets mis en avant sur ces timbres par l&#8217;Administration postale des Nations Unies (APNU).<\/p>\n<p>Comme les timbres des Nations Unies refl\u00e8tent le travail de l&#8217;Organisation mondiale, ils d\u00e9passent les limites habituelles de la philat\u00e9lie pour attirer l&#8217;attention sur les probl\u00e8mes importants du monde et rappeler l&#8217;engagement de l&#8217;ONU \u00e0 poursuivre les objectifs qui lui ont \u00e9t\u00e9 assign\u00e9s.<\/p>\n<p>Les Nations Unies sont la seule Organisation du monde autoris\u00e9e \u00e0 \u00e9mettre des timbres postaux alors qu&#8217;elle n&#8217;est ni un Etat ni un territoire. C&#8217;est aussi la seule autorit\u00e9 postale \u00e0 \u00e9mettre des timbres dans trois monnaies diff\u00e9rentes, \u00e0 savoir le dollar am\u00e9ricain, le franc suisse et l&#8217;euro.<\/p>\n<p>Les timbres des Nations Unies sont des \u0153uvres d&#8217;art en miniature, ils ont gagn\u00e9 des r\u00e9compenses internationales de dessin. Ils sont con\u00e7us par des artistes du monde entier et imprim\u00e9s dans diff\u00e9rents pays par les meilleurs imprimeurs de documents s\u00e9curis\u00e9s.<\/p>\n<p>Les collectionneurs de timbres appr\u00e9cient les timbres des Nations Unies, non seulement pour leurs motifs innovateurs et leurs sujets universels, mais aussi parce qu&#8217;il est encore possible de constituer une collection de tous les timbres \u00e9mis par les Nations Unies. Depuis sa cr\u00e9ation en 1951, l&#8217;APNU a \u00e9mis plus de mille timbres.<\/p>\n<\/div>\n<h3><strong>Sujets universels<\/strong><\/h3>\n<p>Les timbres de l&#8217;ONU ont illustr\u00e9 les objectifs et les r\u00e9alisations des Nations Unies et de l&#8217;ensemble de ses organisations.<\/p>\n<p>Certains timbres c\u00e9l\u00e8brent la r\u00e9alisation d&#8217;un objectif, comme par exemple en 1991 l&#8217;\u00e9mission du timbre\u00a0<strong>Namibie : Naissance d&#8217;une nation &#8211; mission accomplie<\/strong>, qui c\u00e9l\u00e8bre la naissance de la Namibie. D&#8217;autres sujets comme l&#8217;\u00e9mission de 2002\u00a0<strong>ONUSIDA &#8211; Connaissance<\/strong>rappellent l&#8217;existence de probl\u00e8mes qui continuent \u00e0 toucher de nombreux hommes et femmes dans le monde entier. Les timbres comm\u00e9morent aussi des \u00e9v\u00e8nements importants de la vie de l&#8217;Organisation internationale, tel le 50 \u00e8me anniversaire des Nations Unies en 1995.<\/p>\n<p>Des \u00e9missions plus r\u00e9centes ont eu pour sujet l&#8217;environnement, la paix dans le monde et la promesse d&#8217;un monde meilleur. Comme l&#8217;environnement est de plus en plus menac\u00e9, diff\u00e9rents pays ont r\u00e9alis\u00e9 que les probl\u00e8mes, ainsi que les solutions, \u00e9taient mondiaux. C&#8217;est pourquoi les Nations Unies, par l&#8217;interm\u00e9diaire de nombre de ses organes, a fait de la protection de l&#8217;environnement une priorit\u00e9. Les s\u00e9ries de timbres\u00a0<strong>Esp\u00e8ces en danger<\/strong>, avec leurs magnifiques illustrations repr\u00e9sentant 12 esp\u00e8ces en danger chaque ann\u00e9e, attirent l&#8217;attention sur ce grave probl\u00e8me.<\/p>\n<p><strong>Timbres des Nations Unies<\/strong><\/p>\n<p>Les timbres des Nations Unies sont \u00e9mis simultan\u00e9ment par les bureaux des Nations Unis \u00e0 New York, Gen\u00e8ve et Vienne. Chaque \u00e9mission comporte un motif commun avec une valeur nominale diff\u00e9rente pour chaque bureau. Les timbres peuvent \u00eatre achet\u00e9s directement aupr\u00e8s des bureaux de l&#8217;APNU, ou par courrier ou aupr\u00e8s de revendeurs de timbres. Ils peuvent \u00eatre utilis\u00e9s pour affranchir le courrier exp\u00e9di\u00e9 \u00e0 partir des bureaux de l&#8217;ONU \u00e0 New York, Gen\u00e8ve et Vienne.<\/p>\n<p>Son r\u00e8glement impose \u00e0 l&#8217;Administration postale des Nations Unies de limiter son activit\u00e9 \u00e0 la vente de timbres ainsi que des entiers postaux. En g\u00e9n\u00e9ral, il y a six nouvelles \u00e9missions comm\u00e9moratives par an et les timbres restent en vente pendant douze mois seulement. Pass\u00e9 ce d\u00e9lai tous les timbres non \u00e9coul\u00e9s sont d\u00e9truits. Les timbres comm\u00e9moratifs sont appel\u00e9s ainsi parce qu&#8217;ils comm\u00e9morent un th\u00e8me sp\u00e9cifique. Ils ne sont jamais imprim\u00e9s une deuxi\u00e8me fois, m\u00eame s&#8217;ils sont \u00e9puis\u00e9s en moins de douze mois. Les timbres ordinaires ont une dur\u00e9e de vente illimit\u00e9e et une valeur faciale r\u00e9pondant aux tarifs postaux en vigueur. Les timbres ordinaires peuvent \u00eatre r\u00e9imprim\u00e9s si n\u00e9cessaire.<\/p>\n<p>Les timbres de l&#8217;ONU sont imprim\u00e9s dans le monde entier par des imprimeurs de documents s\u00e9curis\u00e9s, aussi bien par des imprimeries nationales que des entreprises priv\u00e9es. Pour l&#8217;impression des timbres de l&#8217;ONU, les imprimeurs recourent au m\u00eames contr\u00f4les de s\u00e9curit\u00e9 que pour l&#8217;impression des billets de banque. Les collectionneurs appr\u00e9cient la grande qualit\u00e9 des timbres qui sont soumis \u00e0 de nombreux contr\u00f4les de qualit\u00e9, en effet l&#8217;APNU les v\u00e9rifie afin de d\u00e9tecter le moindre d\u00e9faut. Ceci fait de l&#8217;ONU l&#8217;une des administrations postales produisant les timbres de la meilleure qualit\u00e9.<\/p>\n<p><strong>Timbres personnalis\u00e9s<\/strong><\/p>\n<p>Les bureaux de l&#8217;Administration postale des Nations Unies \u00e0 New York, \u00e0 Gen\u00e8ve, et \u00e0 Vienne offrent un produit unique des timbres personnalis\u00e9s pour perp\u00e9tuer le souvenir \u00e0 des visiteurs des Nations Unies. Au comptoir de vente des timbres personnalis\u00e9s nous prenons des photos des personnes individuelles ainsi que de petites groupes et r\u00e9alisons une feuille personnalis\u00e9e. Pour avoir un souvenir unique nous imprimons la photo du visiteur \u00e0 cot\u00e9 d&#8217;un timbre des Nations Unies. Les timbres personnalis\u00e9s peuvent servir comme souvenir mais on peut les utiliser pour l&#8217;affranchissement des cartes et des lettres adress\u00e9es \u00e0 la famille et \u00e0 des amis partout au monde.<\/p>\n<p><strong>Dessins prim\u00e9s<\/strong><\/p>\n<p>Les \u0153uvres des grands artistes de renomm\u00e9e mondiale comme Marc Chagall (France), Friedensreich Hundertwasser (Autriche), Hans Erni (Suisse), Vincent Van Gogh (Pays-Bas), Paul Klee (Allemagne) et Peter Max (Etats-Unis) sont expos\u00e9es dans les grands mus\u00e9es du monde, elles sont aussi repr\u00e9sent\u00e9es sur les timbres des Nations Unies.<\/p>\n<p>Pour repr\u00e9senter les activit\u00e9s des Nations Unies, les timbres pr\u00e9sentent une vari\u00e9t\u00e9 infinie de styles et de motifs. De la repr\u00e9sentation graphique simple aux illustrations provoquant l&#8217;\u00e9motion, les timbres repr\u00e9sentent l&#8217;espoir et le d\u00e9sespoir, la tristesse et la joie, ou, plus simplement, le souvenir, le respect et la r\u00e9flexion.<\/p>\n<p><strong>Histoire des timbres des Nations Unies<\/strong><\/p>\n<p>C&#8217;est l&#8217;Argentine qui, en 1947, a propos\u00e9 que les Nations Unies \u00e9mettent ses propres timbres.<br \/>\nUn accord a \u00e9t\u00e9 pass\u00e9 en 1951 avec l&#8217;Administration postale am\u00e9ricaine, il pr\u00e9voyait que les timbres soient libell\u00e9s en monnaie am\u00e9ricaine et utilis\u00e9s seulement au Si\u00e8ge de l&#8217;ONU.<\/p>\n<p>Les premiers timbres des Nations Unies, libell\u00e9s en dollar am\u00e9ricain, ont \u00e9t\u00e9 \u00e9mis le 24 octobre 1951, la journ\u00e9e des Nations Unies. Les timbres ont connu un succ\u00e8s imm\u00e9diat et ont \u00e9t\u00e9 \u00e9puis\u00e9s en quelques jours.<\/p>\n<p>Des accords du m\u00eame type ont \u00e9t\u00e9 pass\u00e9s avec les administrations postales suisse et autrichienne.<br \/>\nUn accord pass\u00e9 le 11 d\u00e9cembre 1968 entre les Nations Unies et la Soci\u00e9t\u00e9 suisse des Poste, t\u00e9l\u00e9phone et t\u00e9l\u00e9graphe a permis au bureau de Gen\u00e8ve de l&#8217;APNU d&#8217;\u00e9mettre les premiers timbres de l&#8217;ONU libell\u00e9s en franc suisse le 4 octobre 1969.<\/p>\n<p>Un accord du m\u00eame type, pass\u00e9 avec le gouvernement autrichien le 28 juin 1979, a permis au bureau de Vienne de l&#8217;APNU d&#8217;\u00e9mettre les premiers timbres de l&#8217;ONU libell\u00e9s en schilling le 24 ao\u00fbt 1979.<\/p>\n<p><strong>Philat\u00e9listes<\/strong><\/p>\n<p>La beaut\u00e9, le caract\u00e8re unique et la signification particuli\u00e8re des timbres de l&#8217;ONU ainsi que leur histoire souvent curieuse et leur conception originale, suscitent toujours la fascination et leur conf\u00e8rent une grande valeur pour les collectionneurs.<\/p>\n<p>Bien que la philat\u00e9lie soit l&#8217;un des passe-temps les plus pratiqu\u00e9s du monde, l&#8217;\u00e2ge moyen des collectionneurs augmente et l&#8217;avenir de la philat\u00e9lie d\u00e9pend de la jeunesse. Pour encourager les jeunes \u00e0 go\u00fbter les plaisirs de la philat\u00e9lie, l&#8217;APNU a lanc\u00e9 les Fun Packs.<\/p>\n","protected":false},"excerpt":{"rendered":"<p>Les Droits de l&#8217;homme, l&#8217;environnement, les esp\u00e8ces en danger et la paix sont des sujets de pr\u00e9occupation pour les hommes et les femmes du monde entier. Ce sont \u00e9galement des sujets mis en avant sur ces timbres par l&#8217;Administration postale des Nations Unies (APNU). Comme les timbres des Nations Unies refl\u00e8tent le travail de l&#8217;Organisation [&hellip;]<\/p>\n","protected":false},"author":2,"featured_media":0,"parent":5421,"menu_order":0,"comment_status":"open","ping_status":"open","template":"","meta":{"ngg_post_thumbnail":0,"footnotes":""},"class_list":["post-4008","page","type-page","status-publish","hentry"],"yoast_head":"<!-- This site is optimized with the Yoast SEO plugin v27.4 - https:\/\/yoast.com\/product\/yoast-seo-wordpress\/ -->\n<title>Histoire - UN Timbres<\/title>\n<meta name=\"robots\" content=\"index, follow, max-snippet:-1, max-image-preview:large, max-video-preview:-1\" \/>\n<link rel=\"canonical\" href=\"https:\/\/unstamps.org\/fr\/a-propos-de-lapnu\/les-timbres-de-lonu-sont-des-messagers-de-paix\/\" \/>\n<meta property=\"og:locale\" content=\"fr_FR\" \/>\n<meta property=\"og:type\" content=\"article\" \/>\n<meta property=\"og:title\" content=\"Histoire - UN Timbres\" \/>\n<meta property=\"og:description\" content=\"Les Droits de l&#8217;homme, l&#8217;environnement, les esp\u00e8ces en danger et la paix sont des sujets de pr\u00e9occupation pour les hommes et les femmes du monde entier. Ce sont \u00e9galement des sujets mis en avant sur ces timbres par l&#8217;Administration postale des Nations Unies (APNU). Comme les timbres des Nations Unies refl\u00e8tent le travail de l&#8217;Organisation [&hellip;]\" \/>\n<meta property=\"og:url\" content=\"https:\/\/unstamps.org\/fr\/a-propos-de-lapnu\/les-timbres-de-lonu-sont-des-messagers-de-paix\/\" \/>\n<meta property=\"og:site_name\" content=\"UN Timbres\" \/>\n<meta property=\"article:modified_time\" content=\"2015-06-05T20:01:10+00:00\" \/>\n<meta name=\"twitter:card\" content=\"summary_large_image\" \/>\n<meta name=\"twitter:label1\" content=\"Dur\u00e9e de lecture estim\u00e9e\" \/>\n\t<meta name=\"twitter:data1\" content=\"6 minutes\" \/>\n<script type=\"application\/ld+json\" class=\"yoast-schema-graph\">{\"@context\":\"https:\\\/\\\/schema.org\",\"@graph\":[{\"@type\":\"WebPage\",\"@id\":\"https:\\\/\\\/unstamps.org\\\/fr\\\/a-propos-de-lapnu\\\/les-timbres-de-lonu-sont-des-messagers-de-paix\\\/\",\"url\":\"https:\\\/\\\/unstamps.org\\\/fr\\\/a-propos-de-lapnu\\\/les-timbres-de-lonu-sont-des-messagers-de-paix\\\/\",\"name\":\"Histoire - UN Timbres\",\"isPartOf\":{\"@id\":\"https:\\\/\\\/unstamps.org\\\/fr\\\/#website\"},\"datePublished\":\"2014-01-17T02:53:20+00:00\",\"dateModified\":\"2015-06-05T20:01:10+00:00\",\"breadcrumb\":{\"@id\":\"https:\\\/\\\/unstamps.org\\\/fr\\\/a-propos-de-lapnu\\\/les-timbres-de-lonu-sont-des-messagers-de-paix\\\/#breadcrumb\"},\"inLanguage\":\"fr-FR\",\"potentialAction\":[{\"@type\":\"ReadAction\",\"target\":[\"https:\\\/\\\/unstamps.org\\\/fr\\\/a-propos-de-lapnu\\\/les-timbres-de-lonu-sont-des-messagers-de-paix\\\/\"]}]},{\"@type\":\"BreadcrumbList\",\"@id\":\"https:\\\/\\\/unstamps.org\\\/fr\\\/a-propos-de-lapnu\\\/les-timbres-de-lonu-sont-des-messagers-de-paix\\\/#breadcrumb\",\"itemListElement\":[{\"@type\":\"ListItem\",\"position\":1,\"name\":\"Home\",\"item\":\"https:\\\/\\\/unstamps.org\\\/fr\\\/\"},{\"@type\":\"ListItem\",\"position\":2,\"name\":\"\u00c0 propos de l&#8217;APNU\",\"item\":\"https:\\\/\\\/unstamps.org\\\/fr\\\/a-propos-de-lapnu\\\/\"},{\"@type\":\"ListItem\",\"position\":3,\"name\":\"Histoire\"}]},{\"@type\":\"WebSite\",\"@id\":\"https:\\\/\\\/unstamps.org\\\/fr\\\/#website\",\"url\":\"https:\\\/\\\/unstamps.org\\\/fr\\\/\",\"name\":\"UN Stamps\",\"description\":\"United Nations Stamps\",\"publisher\":{\"@id\":\"https:\\\/\\\/unstamps.org\\\/fr\\\/#organization\"},\"potentialAction\":[{\"@type\":\"SearchAction\",\"target\":{\"@type\":\"EntryPoint\",\"urlTemplate\":\"https:\\\/\\\/unstamps.org\\\/fr\\\/?s={search_term_string}\"},\"query-input\":{\"@type\":\"PropertyValueSpecification\",\"valueRequired\":true,\"valueName\":\"search_term_string\"}}],\"inLanguage\":\"fr-FR\"},{\"@type\":\"Organization\",\"@id\":\"https:\\\/\\\/unstamps.org\\\/fr\\\/#organization\",\"name\":\"UN Stamps\",\"url\":\"https:\\\/\\\/unstamps.org\\\/fr\\\/\",\"logo\":{\"@type\":\"ImageObject\",\"inLanguage\":\"fr-FR\",\"@id\":\"https:\\\/\\\/unstamps.org\\\/fr\\\/#\\\/schema\\\/logo\\\/image\\\/\",\"url\":\"https:\\\/\\\/unstamps.org\\\/wp-content\\\/uploads\\\/2014\\\/01\\\/logo4web.jpg\",\"contentUrl\":\"https:\\\/\\\/unstamps.org\\\/wp-content\\\/uploads\\\/2014\\\/01\\\/logo4web.jpg\",\"width\":2500,\"height\":250,\"caption\":\"UN Stamps\"},\"image\":{\"@id\":\"https:\\\/\\\/unstamps.org\\\/fr\\\/#\\\/schema\\\/logo\\\/image\\\/\"}}]}<\/script>\n<!-- \/ Yoast SEO plugin. -->","yoast_head_json":{"title":"Histoire - UN Timbres","robots":{"index":"index","follow":"follow","max-snippet":"max-snippet:-1","max-image-preview":"max-image-preview:large","max-video-preview":"max-video-preview:-1"},"canonical":"https:\/\/unstamps.org\/fr\/a-propos-de-lapnu\/les-timbres-de-lonu-sont-des-messagers-de-paix\/","og_locale":"fr_FR","og_type":"article","og_title":"Histoire - UN Timbres","og_description":"Les Droits de l&#8217;homme, l&#8217;environnement, les esp\u00e8ces en danger et la paix sont des sujets de pr\u00e9occupation pour les hommes et les femmes du monde entier. Ce sont \u00e9galement des sujets mis en avant sur ces timbres par l&#8217;Administration postale des Nations Unies (APNU). Comme les timbres des Nations Unies refl\u00e8tent le travail de l&#8217;Organisation [&hellip;]","og_url":"https:\/\/unstamps.org\/fr\/a-propos-de-lapnu\/les-timbres-de-lonu-sont-des-messagers-de-paix\/","og_site_name":"UN Timbres","article_modified_time":"2015-06-05T20:01:10+00:00","twitter_card":"summary_large_image","twitter_misc":{"Dur\u00e9e de lecture estim\u00e9e":"6 minutes"},"schema":{"@context":"https:\/\/schema.org","@graph":[{"@type":"WebPage","@id":"https:\/\/unstamps.org\/fr\/a-propos-de-lapnu\/les-timbres-de-lonu-sont-des-messagers-de-paix\/","url":"https:\/\/unstamps.org\/fr\/a-propos-de-lapnu\/les-timbres-de-lonu-sont-des-messagers-de-paix\/","name":"Histoire - UN Timbres","isPartOf":{"@id":"https:\/\/unstamps.org\/fr\/#website"},"datePublished":"2014-01-17T02:53:20+00:00","dateModified":"2015-06-05T20:01:10+00:00","breadcrumb":{"@id":"https:\/\/unstamps.org\/fr\/a-propos-de-lapnu\/les-timbres-de-lonu-sont-des-messagers-de-paix\/#breadcrumb"},"inLanguage":"fr-FR","potentialAction":[{"@type":"ReadAction","target":["https:\/\/unstamps.org\/fr\/a-propos-de-lapnu\/les-timbres-de-lonu-sont-des-messagers-de-paix\/"]}]},{"@type":"BreadcrumbList","@id":"https:\/\/unstamps.org\/fr\/a-propos-de-lapnu\/les-timbres-de-lonu-sont-des-messagers-de-paix\/#breadcrumb","itemListElement":[{"@type":"ListItem","position":1,"name":"Home","item":"https:\/\/unstamps.org\/fr\/"},{"@type":"ListItem","position":2,"name":"\u00c0 propos de l&#8217;APNU","item":"https:\/\/unstamps.org\/fr\/a-propos-de-lapnu\/"},{"@type":"ListItem","position":3,"name":"Histoire"}]},{"@type":"WebSite","@id":"https:\/\/unstamps.org\/fr\/#website","url":"https:\/\/unstamps.org\/fr\/","name":"UN Stamps","description":"United Nations Stamps","publisher":{"@id":"https:\/\/unstamps.org\/fr\/#organization"},"potentialAction":[{"@type":"SearchAction","target":{"@type":"EntryPoint","urlTemplate":"https:\/\/unstamps.org\/fr\/?s={search_term_string}"},"query-input":{"@type":"PropertyValueSpecification","valueRequired":true,"valueName":"search_term_string"}}],"inLanguage":"fr-FR"},{"@type":"Organization","@id":"https:\/\/unstamps.org\/fr\/#organization","name":"UN Stamps","url":"https:\/\/unstamps.org\/fr\/","logo":{"@type":"ImageObject","inLanguage":"fr-FR","@id":"https:\/\/unstamps.org\/fr\/#\/schema\/logo\/image\/","url":"https:\/\/unstamps.org\/wp-content\/uploads\/2014\/01\/logo4web.jpg","contentUrl":"https:\/\/unstamps.org\/wp-content\/uploads\/2014\/01\/logo4web.jpg","width":2500,"height":250,"caption":"UN Stamps"},"image":{"@id":"https:\/\/unstamps.org\/fr\/#\/schema\/logo\/image\/"}}]}},"jetpack_sharing_enabled":true,"publishpress_future_action":{"enabled":false,"date":"2026-04-29 21:22:44","action":"change-status","newStatus":"draft","terms":[],"taxonomy":"translation_priority","extraData":[]},"publishpress_future_workflow_manual_trigger":{"enabledWorkflows":[]},"_links":{"self":[{"href":"https:\/\/unstamps.org\/fr\/wp-json\/wp\/v2\/pages\/4008","targetHints":{"allow":["GET"]}}],"collection":[{"href":"https:\/\/unstamps.org\/fr\/wp-json\/wp\/v2\/pages"}],"about":[{"href":"https:\/\/unstamps.org\/fr\/wp-json\/wp\/v2\/types\/page"}],"author":[{"embeddable":true,"href":"https:\/\/unstamps.org\/fr\/wp-json\/wp\/v2\/users\/2"}],"replies":[{"embeddable":true,"href":"https:\/\/unstamps.org\/fr\/wp-json\/wp\/v2\/comments?post=4008"}],"version-history":[{"count":0,"href":"https:\/\/unstamps.org\/fr\/wp-json\/wp\/v2\/pages\/4008\/revisions"}],"up":[{"embeddable":true,"href":"https:\/\/unstamps.org\/fr\/wp-json\/wp\/v2\/pages\/5421"}],"wp:attachment":[{"href":"https:\/\/unstamps.org\/fr\/wp-json\/wp\/v2\/media?parent=4008"}],"curies":[{"name":"wp","href":"https:\/\/api.w.org\/{rel}","templated":true}]}}