{"id":179348,"date":"2023-09-14T10:29:53","date_gmt":"2023-09-14T14:29:53","guid":{"rendered":"https:\/\/unstamps.org\/?page_id=179348"},"modified":"2023-09-14T10:50:03","modified_gmt":"2023-09-14T14:50:03","slug":"videos","status":"publish","type":"page","link":"https:\/\/unstamps.org\/fr\/nouveaute\/videos\/","title":{"rendered":"Vid\u00e9os"},"content":{"rendered":"\n<h2 class=\"wp-block-heading\">L&#8217;Administration postale des Nations Unies c\u00e9l\u00e8bre son 65\u00e8me anniversaire (vid\u00e9o en anglais)<\/h2>\n\n\n\n<div style=\"height:30px\" aria-hidden=\"true\" class=\"wp-block-spacer\"><\/div>\n\n\n\n<figure class=\"wp-block-embed is-type-video is-provider-youtube wp-block-embed-youtube wp-embed-aspect-16-9 wp-has-aspect-ratio\"><div class=\"wp-block-embed__wrapper\">\n<iframe loading=\"lazy\" title=\"UN POSTAL ADMINISTRATION CELEBRATES 65 YEARS OF SERVICE\" width=\"1170\" height=\"658\" src=\"https:\/\/www.youtube.com\/embed\/mArWuORgaw8?feature=oembed\" frameborder=\"0\" allow=\"accelerometer; autoplay; clipboard-write; encrypted-media; gyroscope; picture-in-picture; web-share\" allowfullscreen><\/iframe>\n<\/div><\/figure>\n\n\n\n<div style=\"height:25px\" aria-hidden=\"true\" class=\"wp-block-spacer\"><\/div>\n\n\n\n<h2 class=\"wp-block-heading\">Vid\u00e9os relatives aux \u00e9missions de timbres de l&#8217;APNU<\/h2>\n\n\n\n<ul class=\"wp-block-list\">\n<li><a href=\"https:\/\/unstamps.org\/fr\/corps-esprit-et-ame\/\">2023: Corps, Esprit et \u00c2me<\/a><\/li>\n\n\n\n<li><a href=\"https:\/\/unstamps.org\/fr\/calendrier-lunaire-chinois-annee-du-lapin\/\">2023: Calendrier Lunaire Chinois Ann\u00e9e du Lapin<\/a><\/li>\n\n\n\n<li><a href=\"https:\/\/unstamps.org\/fr\/timbre-crypto-onu-serie-ii-video\/\">2022: Timbres Crypto s\u00e9ries 2<\/a><\/li>\n\n\n\n<li><a href=\"https:\/\/unstamps.org\/fr\/calendrier-lunaire-chinois-annee-du-tigre\/\">2022: Calendrier Lunaire Chinois Ann\u00e9e du Tigre<\/a><\/li>\n\n\n\n<li><a href=\"https:\/\/unstamps.org\/fr\/journee-mondiale-des-toilettes\/\">2021: Journ\u00e9e Mondiale des Toilettes<\/a><\/li>\n\n\n\n<li><a href=\"https:\/\/unstamps.org\/unpa-video\/\">2021: 70\u00e8me anniversaire de l&#8217;APNU \u00e0 New York<\/a><\/li>\n\n\n\n<li><a href=\"https:\/\/unstamps.org\/fr\/unis-contre-le-racisme-et-la-discrimination\/\">2021: Unis contre le Racisme et la Discrimination<\/a><\/li>\n\n\n\n<li><a href=\"https:\/\/unstamps.org\/covid-19-launch\/\">2020: COVID-19<\/a><a href=\"https:\/\/unstamps.org\/covid-19-launch\/https:\/\/unstamps.org\/fr\/covid-19-video\/\"> Nous sommes tous dans le m\u00eame bateau<\/a><\/li>\n<\/ul>\n","protected":false},"excerpt":{"rendered":"<p>L&#8217;Administration postale des Nations Unies c\u00e9l\u00e8bre son 65\u00e8me anniversaire (vid\u00e9o en anglais) Vid\u00e9os relatives aux \u00e9missions de timbres de l&#8217;APNU<\/p>\n","protected":false},"author":29073,"featured_media":0,"parent":6457,"menu_order":1,"comment_status":"closed","ping_status":"closed","template":"","meta":{"ngg_post_thumbnail":0,"footnotes":""},"class_list":["post-179348","page","type-page","status-publish","hentry"],"yoast_head":"<!-- This site is optimized with the Yoast SEO plugin v27.3 - https:\/\/yoast.com\/product\/yoast-seo-wordpress\/ -->\n<title>Vid\u00e9os - UN Timbres<\/title>\n<meta name=\"robots\" content=\"index, follow, max-snippet:-1, max-image-preview:large, max-video-preview:-1\" \/>\n<link rel=\"canonical\" href=\"https:\/\/unstamps.org\/fr\/nouveaute\/videos\/\" \/>\n<meta property=\"og:locale\" content=\"fr_FR\" \/>\n<meta property=\"og:type\" content=\"article\" \/>\n<meta property=\"og:title\" content=\"Vid\u00e9os - UN Timbres\" \/>\n<meta property=\"og:description\" content=\"L&#8217;Administration postale des Nations Unies c\u00e9l\u00e8bre son 65\u00e8me anniversaire (vid\u00e9o en anglais) Vid\u00e9os relatives aux \u00e9missions de timbres de l&#8217;APNU\" \/>\n<meta property=\"og:url\" content=\"https:\/\/unstamps.org\/fr\/nouveaute\/videos\/\" \/>\n<meta property=\"og:site_name\" content=\"UN Timbres\" \/>\n<meta property=\"article:modified_time\" content=\"2023-09-14T14:50:03+00:00\" \/>\n<meta name=\"twitter:card\" content=\"summary_large_image\" \/>\n<meta name=\"twitter:label1\" content=\"Dur\u00e9e de lecture estim\u00e9e\" \/>\n\t<meta name=\"twitter:data1\" content=\"1 minute\" \/>\n<script type=\"application\/ld+json\" class=\"yoast-schema-graph\">{\"@context\":\"https:\\\/\\\/schema.org\",\"@graph\":[{\"@type\":\"WebPage\",\"@id\":\"https:\\\/\\\/unstamps.org\\\/fr\\\/nouveaute\\\/videos\\\/\",\"url\":\"https:\\\/\\\/unstamps.org\\\/fr\\\/nouveaute\\\/videos\\\/\",\"name\":\"Vid\u00e9os - UN Timbres\",\"isPartOf\":{\"@id\":\"https:\\\/\\\/unstamps.org\\\/fr\\\/#website\"},\"datePublished\":\"2023-09-14T14:29:53+00:00\",\"dateModified\":\"2023-09-14T14:50:03+00:00\",\"breadcrumb\":{\"@id\":\"https:\\\/\\\/unstamps.org\\\/fr\\\/nouveaute\\\/videos\\\/#breadcrumb\"},\"inLanguage\":\"fr-FR\",\"potentialAction\":[{\"@type\":\"ReadAction\",\"target\":[\"https:\\\/\\\/unstamps.org\\\/fr\\\/nouveaute\\\/videos\\\/\"]}]},{\"@type\":\"BreadcrumbList\",\"@id\":\"https:\\\/\\\/unstamps.org\\\/fr\\\/nouveaute\\\/videos\\\/#breadcrumb\",\"itemListElement\":[{\"@type\":\"ListItem\",\"position\":1,\"name\":\"Home\",\"item\":\"https:\\\/\\\/unstamps.org\\\/fr\\\/\"},{\"@type\":\"ListItem\",\"position\":2,\"name\":\"Nouveaut\u00e9\",\"item\":\"https:\\\/\\\/unstamps.org\\\/fr\\\/nouveaute\\\/\"},{\"@type\":\"ListItem\",\"position\":3,\"name\":\"Vid\u00e9os\"}]},{\"@type\":\"WebSite\",\"@id\":\"https:\\\/\\\/unstamps.org\\\/fr\\\/#website\",\"url\":\"https:\\\/\\\/unstamps.org\\\/fr\\\/\",\"name\":\"UN Stamps\",\"description\":\"United Nations Stamps\",\"publisher\":{\"@id\":\"https:\\\/\\\/unstamps.org\\\/fr\\\/#organization\"},\"potentialAction\":[{\"@type\":\"SearchAction\",\"target\":{\"@type\":\"EntryPoint\",\"urlTemplate\":\"https:\\\/\\\/unstamps.org\\\/fr\\\/?s={search_term_string}\"},\"query-input\":{\"@type\":\"PropertyValueSpecification\",\"valueRequired\":true,\"valueName\":\"search_term_string\"}}],\"inLanguage\":\"fr-FR\"},{\"@type\":\"Organization\",\"@id\":\"https:\\\/\\\/unstamps.org\\\/fr\\\/#organization\",\"name\":\"UN Stamps\",\"url\":\"https:\\\/\\\/unstamps.org\\\/fr\\\/\",\"logo\":{\"@type\":\"ImageObject\",\"inLanguage\":\"fr-FR\",\"@id\":\"https:\\\/\\\/unstamps.org\\\/fr\\\/#\\\/schema\\\/logo\\\/image\\\/\",\"url\":\"https:\\\/\\\/unstamps.org\\\/wp-content\\\/uploads\\\/2014\\\/01\\\/logo4web.jpg\",\"contentUrl\":\"https:\\\/\\\/unstamps.org\\\/wp-content\\\/uploads\\\/2014\\\/01\\\/logo4web.jpg\",\"width\":2500,\"height\":250,\"caption\":\"UN Stamps\"},\"image\":{\"@id\":\"https:\\\/\\\/unstamps.org\\\/fr\\\/#\\\/schema\\\/logo\\\/image\\\/\"}}]}<\/script>\n<!-- \/ Yoast SEO plugin. -->","yoast_head_json":{"title":"Vid\u00e9os - UN Timbres","robots":{"index":"index","follow":"follow","max-snippet":"max-snippet:-1","max-image-preview":"max-image-preview:large","max-video-preview":"max-video-preview:-1"},"canonical":"https:\/\/unstamps.org\/fr\/nouveaute\/videos\/","og_locale":"fr_FR","og_type":"article","og_title":"Vid\u00e9os - UN Timbres","og_description":"L&#8217;Administration postale des Nations Unies c\u00e9l\u00e8bre son 65\u00e8me anniversaire (vid\u00e9o en anglais) Vid\u00e9os relatives aux \u00e9missions de timbres de l&#8217;APNU","og_url":"https:\/\/unstamps.org\/fr\/nouveaute\/videos\/","og_site_name":"UN Timbres","article_modified_time":"2023-09-14T14:50:03+00:00","twitter_card":"summary_large_image","twitter_misc":{"Dur\u00e9e de lecture estim\u00e9e":"1 minute"},"schema":{"@context":"https:\/\/schema.org","@graph":[{"@type":"WebPage","@id":"https:\/\/unstamps.org\/fr\/nouveaute\/videos\/","url":"https:\/\/unstamps.org\/fr\/nouveaute\/videos\/","name":"Vid\u00e9os - UN Timbres","isPartOf":{"@id":"https:\/\/unstamps.org\/fr\/#website"},"datePublished":"2023-09-14T14:29:53+00:00","dateModified":"2023-09-14T14:50:03+00:00","breadcrumb":{"@id":"https:\/\/unstamps.org\/fr\/nouveaute\/videos\/#breadcrumb"},"inLanguage":"fr-FR","potentialAction":[{"@type":"ReadAction","target":["https:\/\/unstamps.org\/fr\/nouveaute\/videos\/"]}]},{"@type":"BreadcrumbList","@id":"https:\/\/unstamps.org\/fr\/nouveaute\/videos\/#breadcrumb","itemListElement":[{"@type":"ListItem","position":1,"name":"Home","item":"https:\/\/unstamps.org\/fr\/"},{"@type":"ListItem","position":2,"name":"Nouveaut\u00e9","item":"https:\/\/unstamps.org\/fr\/nouveaute\/"},{"@type":"ListItem","position":3,"name":"Vid\u00e9os"}]},{"@type":"WebSite","@id":"https:\/\/unstamps.org\/fr\/#website","url":"https:\/\/unstamps.org\/fr\/","name":"UN Stamps","description":"United Nations Stamps","publisher":{"@id":"https:\/\/unstamps.org\/fr\/#organization"},"potentialAction":[{"@type":"SearchAction","target":{"@type":"EntryPoint","urlTemplate":"https:\/\/unstamps.org\/fr\/?s={search_term_string}"},"query-input":{"@type":"PropertyValueSpecification","valueRequired":true,"valueName":"search_term_string"}}],"inLanguage":"fr-FR"},{"@type":"Organization","@id":"https:\/\/unstamps.org\/fr\/#organization","name":"UN Stamps","url":"https:\/\/unstamps.org\/fr\/","logo":{"@type":"ImageObject","inLanguage":"fr-FR","@id":"https:\/\/unstamps.org\/fr\/#\/schema\/logo\/image\/","url":"https:\/\/unstamps.org\/wp-content\/uploads\/2014\/01\/logo4web.jpg","contentUrl":"https:\/\/unstamps.org\/wp-content\/uploads\/2014\/01\/logo4web.jpg","width":2500,"height":250,"caption":"UN Stamps"},"image":{"@id":"https:\/\/unstamps.org\/fr\/#\/schema\/logo\/image\/"}}]}},"jetpack_sharing_enabled":true,"publishpress_future_action":{"enabled":false,"date":"2026-04-12 11:28:36","action":"change-status","newStatus":"draft","terms":[],"taxonomy":"translation_priority","extraData":[]},"publishpress_future_workflow_manual_trigger":{"enabledWorkflows":[]},"_links":{"self":[{"href":"https:\/\/unstamps.org\/fr\/wp-json\/wp\/v2\/pages\/179348","targetHints":{"allow":["GET"]}}],"collection":[{"href":"https:\/\/unstamps.org\/fr\/wp-json\/wp\/v2\/pages"}],"about":[{"href":"https:\/\/unstamps.org\/fr\/wp-json\/wp\/v2\/types\/page"}],"author":[{"embeddable":true,"href":"https:\/\/unstamps.org\/fr\/wp-json\/wp\/v2\/users\/29073"}],"replies":[{"embeddable":true,"href":"https:\/\/unstamps.org\/fr\/wp-json\/wp\/v2\/comments?post=179348"}],"version-history":[{"count":0,"href":"https:\/\/unstamps.org\/fr\/wp-json\/wp\/v2\/pages\/179348\/revisions"}],"up":[{"embeddable":true,"href":"https:\/\/unstamps.org\/fr\/wp-json\/wp\/v2\/pages\/6457"}],"wp:attachment":[{"href":"https:\/\/unstamps.org\/fr\/wp-json\/wp\/v2\/media?parent=179348"}],"curies":[{"name":"wp","href":"https:\/\/api.w.org\/{rel}","templated":true}]}}