{"id":10862,"date":"2014-04-22T05:50:31","date_gmt":"2014-04-22T09:50:31","guid":{"rendered":"http:\/\/staging.unstamps.sixoverground.com\/?page_id=10862"},"modified":"2026-03-09T15:36:12","modified_gmt":"2026-03-09T19:36:12","slug":"fascination-5","status":"publish","type":"page","link":"https:\/\/unstamps.org\/fr\/fascination-5\/","title":{"rendered":"Bulletin"},"content":{"rendered":"<p><strong>Chargements des publications philat\u00e9liques<\/strong><\/p>\n<p><span class=\"highlight\"> Les journaux en PDF \u00e9tant des fichiers tr\u00e8s lourds, le temps de t\u00e9l\u00e9chargement peut prendre beaucoup de temps. Veuillez \u00eatre patients.<br><strong>Tous les communiqu\u00e9s de presse contiennent une formule de commande pour votre utilisation.<\/strong><\/span><\/p>\n<table border=\"0\" cellspacing=\"10\">\n<tbody>\n<tr valign=\"top\">\n<td align=\"right\"><img loading=\"lazy\" decoding=\"async\" class=\"alignright wp-image-108052 size-full\" src=\"https:\/\/unstamps.org\/wp-content\/uploads\/2026\/03\/Bulletin149.jpg\" alt=\"\" width=\"500\" height=\"364\"><\/td>\n<td><strong>Journal philat\u00e9lique<\/strong>&nbsp;&nbsp;&nbsp;&nbsp;&nbsp;&nbsp;&nbsp;&nbsp;&nbsp;&nbsp;&nbsp;&nbsp;&nbsp;&nbsp;&nbsp;&nbsp;&nbsp;&nbsp;&nbsp;&nbsp;<hr>\n<p><a href=\"https:\/\/unstamps.org\/wp-content\/uploads\/2026\/03\/bulletin_149.pdf\" target=\"_blank\" rel=\"noopener noreferrer\"> <img loading=\"lazy\" decoding=\"async\" src=\"https:\/\/unstamps.org\/wp-content\/uploads\/2014\/04\/pdf_icon.gif\" alt=\"\" width=\"16\" height=\"16\" border=\"0\"><\/a> <a href=\"https:\/\/unstamps.org\/wp-content\/uploads\/2026\/03\/bulletin_149.pdf\" target=\"_blank\" rel=\"noopener noreferrer\">Bulletin 149<\/a><\/p>\n<p>Le <em>journal philat\u00e9lique<\/em> \u00e9mis par l&#8217;APNU, New York permet \u00e0 ses lecteurs de toujours se tenir inform\u00e9s des derni\u00e8res nouvelles concernant les timbres des Nations Unies et des produits divers. Il fournit des informations pour contacter l&#8217;APNU en cas de probl\u00e8mes, pour les commandes, des demandes de renseignements etc. Chaque journal commence par une d\u00e9claration du Chef de l&#8217;APNU, New York et contient \u00e9galement les informations d\u00e9taill\u00e9es sur les futures \u00e9missions de l&#8217;APNU, une liste de tous les timbres et autres produits actuellement disponibles et leurs derniers jour de vente, un aper\u00e7u de la future \u00e9mission et bien d&#8217;autres informations encore.<\/p>\n<p><strong>Editions pr\u00e9c\u00e9dentes<\/strong><\/p>\n<a href=\"https:\/\/unstamps.org\/wp-content\/uploads\/2025\/10\/bulletin_148.pdf\" target=\"_blank\" rel=\"noopener noreferrer\"> <img loading=\"lazy\" decoding=\"async\" src=\"https:\/\/unstamps.org\/wp-content\/uploads\/2014\/04\/pdf_icon.gif\" alt=\"\" width=\"16\" height=\"16\" border=\"0\"><\/a> <a href=\"https:\/\/unstamps.org\/wp-content\/uploads\/2025\/10\/bulletin_148.pdf\" target=\"_blank\" rel=\"noopener noreferrer\">Bulletin 148<\/a><br>\n<a href=\"https:\/\/unstamps.org\/wp-content\/uploads\/2025\/06\/bulletin_147.pdf\" target=\"_blank\" rel=\"noopener noreferrer\"> <img loading=\"lazy\" decoding=\"async\" src=\"https:\/\/unstamps.org\/wp-content\/uploads\/2014\/04\/pdf_icon.gif\" alt=\"\" width=\"16\" height=\"16\" border=\"0\"><\/a> <a href=\"https:\/\/unstamps.org\/wp-content\/uploads\/2025\/06\/bulletin_147.pdf\" target=\"_blank\" rel=\"noopener noreferrer\">Bulletin 147<\/a><br><a href=\"https:\/\/unstamps.org\/wp-content\/uploads\/2025\/03\/bulletin_146.pdf\" target=\"_blank\" rel=\"noopener noreferrer\"> <img loading=\"lazy\" decoding=\"async\" src=\"https:\/\/unstamps.org\/wp-content\/uploads\/2014\/04\/pdf_icon.gif\" alt=\"\" width=\"16\" height=\"16\" border=\"0\"><\/a> <a href=\"https:\/\/unstamps.org\/wp-content\/uploads\/2025\/03\/bulletin_146.pdf\" target=\"_blank\" rel=\"noopener noreferrer\">Bulletin 146<\/a><br><a href=\"https:\/\/unstamps.org\/wp-content\/uploads\/2024\/11\/bulletin_145.pdf\" target=\"_blank\" rel=\"noopener noreferrer\"> <img loading=\"lazy\" decoding=\"async\" src=\"https:\/\/unstamps.org\/wp-content\/uploads\/2014\/04\/pdf_icon.gif\" alt=\"\" width=\"16\" height=\"16\" border=\"0\"><\/a> <a href=\"https:\/\/unstamps.org\/wp-content\/uploads\/2024\/11\/bulletin_145.pdf\" target=\"_blank\" rel=\"noopener noreferrer\">Bulletin 145<\/a><\/td>\n<\/tr>\n<tr>\n<td align=\"center\">&nbsp;<\/td>\n<td style=\"text-align: justify;\">&nbsp;<\/td>\n<\/tr>\n<tr align=\"top\">\n<td style=\"text-align: justify;\"><strong>&#8216;Fascination&#8217; &#8211; Le journal philat\u00e9lique des collectionneurs des timbres des Nations Unies<\/strong>&nbsp;&nbsp;&nbsp;&nbsp;&nbsp;&nbsp;&nbsp;&nbsp;&nbsp;&nbsp;&nbsp;&nbsp;&nbsp;&nbsp;&nbsp;&nbsp;&nbsp;&nbsp;&nbsp;&nbsp;<hr>\n<p><a href=\"https:\/\/unstamps.org\/wp-content\/uploads\/2024\/10\/Fasc374_E.pdf\" target=\"_blank\" rel=\"noopener noreferrer\"><img loading=\"lazy\" decoding=\"async\" src=\"https:\/\/unstamps.org\/wp-content\/uploads\/2014\/04\/pdf_icon.gif\" alt=\"\" width=\"16\" height=\"16\" border=\"0\"><\/a> <a href=\"https:\/\/unstamps.org\/wp-content\/uploads\/2026\/02\/Fasc378_E.pdf\">378<\/a>&nbsp;<em>Version anglaise<\/em><br><a href=\"https:\/\/unstamps.org\/wp-content\/uploads\/2024\/10\/Fasc374_F.pdf\" target=\"_blank\" rel=\"noopener noreferrer\"><img loading=\"lazy\" decoding=\"async\" src=\"https:\/\/unstamps.org\/wp-content\/uploads\/2014\/04\/pdf_icon.gif\" alt=\"\" width=\"16\" height=\"16\" border=\"0\"><\/a> <a href=\"https:\/\/unstamps.org\/wp-content\/uploads\/2026\/02\/Fasc378_F.pdf\">378<\/a>&nbsp;<em>Version fran\u00e7aise<\/em><br><a href=\"https:\/\/unstamps.org\/wp-content\/uploads\/2024\/10\/Fasc374_D.pdf\" target=\"_blank\" rel=\"noopener noreferrer\"><img loading=\"lazy\" decoding=\"async\" src=\"https:\/\/unstamps.org\/wp-content\/uploads\/2014\/04\/pdf_icon.gif\" alt=\"\" width=\"16\" height=\"16\" border=\"0\"><\/a> <a href=\"https:\/\/unstamps.org\/wp-content\/uploads\/2026\/02\/Fasc378_D.pdf\">378<\/a>&nbsp;<em>Version allemande<\/em><br><a href=\"https:\/\/unstamps.org\/wp-content\/uploads\/2024\/10\/Fasc374_I.pdf\" target=\"_blank\" rel=\"noopener noreferrer\"><img loading=\"lazy\" decoding=\"async\" src=\"https:\/\/unstamps.org\/wp-content\/uploads\/2014\/04\/pdf_icon.gif\" alt=\"\" width=\"16\" height=\"16\" border=\"0\"><\/a> <a href=\"https:\/\/unstamps.org\/wp-content\/uploads\/2026\/02\/Fasc378_I.pdf\">378<\/a>&nbsp;<em>Version italienne<\/em><\/p>\n<p>Le journal <em>Fascination<\/em> est \u00e9mis par l&#8217;Administration postale des Nations Unies &#8211; Europe trois fois par an en quatre langues (anglais, fran\u00e7ais, allemand et italien). Imprim\u00e9 en couleur, il fournit aux collectionneurs et aux philat\u00e9listes des informations importantes sur les nouvelles \u00e9missions de timbres et autres produits philat\u00e9liques de l&#8217;APNU. Une liste de mat\u00e9riel disponible et une formule de commande sont \u00e9galement fournies. Nos clients re\u00e7oivent le magazine gratuitement.<\/p>\n<\/td>\n<td align=\"center\" valign=\"top\"><img loading=\"lazy\" decoding=\"async\" class=\"alignnone size-full wp-image-199662\" src=\"https:\/\/unstamps.org\/wp-content\/uploads\/2026\/02\/covers-for-web.png\" alt=\"\" width=\"870\" height=\"704\"><\/td>\n<\/tr>\n<tr>\n<td>\n<p style=\"text-align: justify;\"><strong>Editions pr\u00e9c\u00e9dentes<\/strong><\/p>\n<table border=\"0\" width=\"462\">\n<tbody>\n<tr>\n<td>Anglais<\/td>\n<td>Fran\u00e7ais<\/td>\n<td>Allemand<\/td>\n<td>Italien<\/td>\n<\/tr>\n<tr>\n<td><a href=\"https:\/\/unstamps.org\/wp-content\/uploads\/2020\/09\/362E_web.pdf\" target=\"_blank\" rel=\"noopener noreferrer\"><img loading=\"lazy\" decoding=\"async\" src=\"https:\/\/unstamps.org\/wp-content\/uploads\/2014\/04\/pdf_icon.gif\" alt=\"\" width=\"16\" height=\"16\" border=\"0\"><\/a> <a href=\"https:\/\/unstamps.org\/wp-content\/uploads\/2025\/09\/Fasc377_E.pdf\">377<\/a><\/td>\n<td><a href=\"https:\/\/unstamps.org\/wp-content\/uploads\/2020\/09\/362F_web.pdf\" target=\"_blank\" rel=\"noopener noreferrer\"><img loading=\"lazy\" decoding=\"async\" src=\"https:\/\/unstamps.org\/wp-content\/uploads\/2014\/04\/pdf_icon.gif\" alt=\"\" width=\"16\" height=\"16\" border=\"0\"><\/a> <a href=\"https:\/\/unstamps.org\/wp-content\/uploads\/2025\/09\/Fasc377_F.pdf\">377<\/a><\/td>\n<td><a href=\"https:\/\/unstamps.org\/wp-content\/uploads\/2020\/09\/362D_web.pdf\" target=\"_blank\" rel=\"noopener noreferrer\"><img loading=\"lazy\" decoding=\"async\" src=\"https:\/\/unstamps.org\/wp-content\/uploads\/2014\/04\/pdf_icon.gif\" alt=\"\" width=\"16\" height=\"16\" border=\"0\"><\/a> <a href=\"https:\/\/unstamps.org\/wp-content\/uploads\/2025\/09\/Fasc377_D.pdf\">377<\/a><\/td>\n<td><a href=\"https:\/\/unstamps.org\/wp-content\/uploads\/2020\/09\/362I_web.pdf\" target=\"_blank\" rel=\"noopener noreferrer\"><img loading=\"lazy\" decoding=\"async\" src=\"https:\/\/unstamps.org\/wp-content\/uploads\/2014\/04\/pdf_icon.gif\" alt=\"\" width=\"16\" height=\"16\" border=\"0\"><\/a> <a href=\"https:\/\/unstamps.org\/wp-content\/uploads\/2025\/09\/Fasc377_I.pdf\">377<\/a><\/td>\n<\/tr>\n<tr>\n<td><a href=\"https:\/\/unstamps.org\/wp-content\/uploads\/2020\/09\/362E_web.pdf\" target=\"_blank\" rel=\"noopener noreferrer\"><img loading=\"lazy\" decoding=\"async\" src=\"https:\/\/unstamps.org\/wp-content\/uploads\/2014\/04\/pdf_icon.gif\" alt=\"\" width=\"16\" height=\"16\" border=\"0\"><\/a> <a href=\"https:\/\/unstamps.org\/wp-content\/uploads\/2025\/09\/Fasc377_E.pdf\">376<\/a><\/td>\n<td><a href=\"https:\/\/unstamps.org\/wp-content\/uploads\/2020\/09\/362F_web.pdf\" target=\"_blank\" rel=\"noopener noreferrer\"><img loading=\"lazy\" decoding=\"async\" src=\"https:\/\/unstamps.org\/wp-content\/uploads\/2014\/04\/pdf_icon.gif\" alt=\"\" width=\"16\" height=\"16\" border=\"0\"><\/a> <a href=\"https:\/\/unstamps.org\/wp-content\/uploads\/2025\/05\/Fasc376_F.pdf\">376<\/a><\/td>\n<td><a href=\"https:\/\/unstamps.org\/wp-content\/uploads\/2020\/09\/362D_web.pdf\" target=\"_blank\" rel=\"noopener noreferrer\"><img loading=\"lazy\" decoding=\"async\" src=\"https:\/\/unstamps.org\/wp-content\/uploads\/2014\/04\/pdf_icon.gif\" alt=\"\" width=\"16\" height=\"16\" border=\"0\"><\/a> <a href=\"https:\/\/unstamps.org\/wp-content\/uploads\/2025\/05\/Fasc376_D.pdf\">376<\/a><\/td>\n<td><a href=\"https:\/\/unstamps.org\/wp-content\/uploads\/2020\/09\/362I_web.pdf\" target=\"_blank\" rel=\"noopener noreferrer\"><img loading=\"lazy\" decoding=\"async\" src=\"https:\/\/unstamps.org\/wp-content\/uploads\/2014\/04\/pdf_icon.gif\" alt=\"\" width=\"16\" height=\"16\" border=\"0\"><\/a> <a href=\"https:\/\/unstamps.org\/wp-content\/uploads\/2025\/05\/Fasc376_I.pdf\">376<\/a><\/td>\n<\/tr>\n<tr>\n<td><a href=\"https:\/\/unstamps.org\/wp-content\/uploads\/2020\/09\/362E_web.pdf\" target=\"_blank\" rel=\"noopener noreferrer\"><img loading=\"lazy\" decoding=\"async\" src=\"https:\/\/unstamps.org\/wp-content\/uploads\/2014\/04\/pdf_icon.gif\" alt=\"\" width=\"16\" height=\"16\" border=\"0\"><\/a> <a href=\"https:\/\/unstamps.org\/wp-content\/web\/Fasc375_E.pdf\">375<\/a><\/td>\n<td><a href=\"https:\/\/unstamps.org\/wp-content\/uploads\/2020\/09\/362F_web.pdf\" target=\"_blank\" rel=\"noopener noreferrer\"><img loading=\"lazy\" decoding=\"async\" src=\"https:\/\/unstamps.org\/wp-content\/uploads\/2014\/04\/pdf_icon.gif\" alt=\"\" width=\"16\" height=\"16\" border=\"0\"><\/a> <a href=\"https:\/\/unstamps.org\/wp-content\/web\/Fasc375_E.pdf\">375<\/a><\/td>\n<td><a href=\"https:\/\/unstamps.org\/wp-content\/uploads\/2020\/09\/362D_web.pdf\" target=\"_blank\" rel=\"noopener noreferrer\"><img loading=\"lazy\" decoding=\"async\" src=\"https:\/\/unstamps.org\/wp-content\/uploads\/2014\/04\/pdf_icon.gif\" alt=\"\" width=\"16\" height=\"16\" border=\"0\"><\/a> <a href=\"https:\/\/unstamps.org\/wp-content\/web\/Fasc375_D.pdf\">375<\/a><\/td>\n<td><a href=\"https:\/\/unstamps.org\/wp-content\/uploads\/2020\/09\/362I_web.pdf\" target=\"_blank\" rel=\"noopener noreferrer\"><img loading=\"lazy\" decoding=\"async\" src=\"https:\/\/unstamps.org\/wp-content\/uploads\/2014\/04\/pdf_icon.gif\" alt=\"\" width=\"16\" height=\"16\" border=\"0\"><\/a> <a href=\"https:\/\/unstamps.org\/wp-content\/web\/Fasc375_I.pdf\">375<\/a><\/td>\n<\/tr>\n<tr>\n<td><a href=\"https:\/\/unstamps.org\/wp-content\/uploads\/2020\/09\/362E_web.pdf\" target=\"_blank\" rel=\"noopener noreferrer\"><img loading=\"lazy\" decoding=\"async\" src=\"https:\/\/unstamps.org\/wp-content\/uploads\/2014\/04\/pdf_icon.gif\" alt=\"\" width=\"16\" height=\"16\" border=\"0\"><\/a> <a href=\"https:\/\/unstamps.org\/wp-content\/uploads\/2024\/10\/Fasc374_E.pdf\">374<\/a><\/td>\n<td><a href=\"https:\/\/unstamps.org\/wp-content\/uploads\/2020\/09\/362F_web.pdf\" target=\"_blank\" rel=\"noopener noreferrer\"><img loading=\"lazy\" decoding=\"async\" src=\"https:\/\/unstamps.org\/wp-content\/uploads\/2014\/04\/pdf_icon.gif\" alt=\"\" width=\"16\" height=\"16\" border=\"0\"><\/a> <a href=\"https:\/\/unstamps.org\/wp-content\/uploads\/2024\/10\/Fasc374_F.pdf\">374<\/a><\/td>\n<td><a href=\"https:\/\/unstamps.org\/wp-content\/uploads\/2020\/09\/362D_web.pdf\" target=\"_blank\" rel=\"noopener noreferrer\"><img loading=\"lazy\" decoding=\"async\" src=\"https:\/\/unstamps.org\/wp-content\/uploads\/2014\/04\/pdf_icon.gif\" alt=\"\" width=\"16\" height=\"16\" border=\"0\"><\/a> <a href=\"https:\/\/unstamps.org\/wp-content\/uploads\/2024\/10\/Fasc374_D.pdf\">374<\/a><\/td>\n<td><a href=\"https:\/\/unstamps.org\/wp-content\/uploads\/2020\/09\/362I_web.pdf\" target=\"_blank\" rel=\"noopener noreferrer\"><img loading=\"lazy\" decoding=\"async\" src=\"https:\/\/unstamps.org\/wp-content\/uploads\/2014\/04\/pdf_icon.gif\" alt=\"\" width=\"16\" height=\"16\" border=\"0\"><\/a> <a href=\"https:\/\/unstamps.org\/wp-content\/uploads\/2024\/10\/Fasc374.pdf\">374<\/a><\/td>\n<\/tr>\n<tr>\n<td><a href=\"https:\/\/unstamps.org\/wp-content\/uploads\/2020\/09\/362E_web.pdf\" target=\"_blank\" rel=\"noopener noreferrer\"><img loading=\"lazy\" decoding=\"async\" src=\"https:\/\/unstamps.org\/wp-content\/uploads\/2014\/04\/pdf_icon.gif\" alt=\"\" width=\"16\" height=\"16\" border=\"0\"><\/a> <a href=\"https:\/\/unstamps.org\/wp-content\/uploads\/2024\/06\/Fasc373_E.pdf\">373<\/a><\/td>\n<td><a href=\"https:\/\/unstamps.org\/wp-content\/uploads\/2020\/09\/362F_web.pdf\" target=\"_blank\" rel=\"noopener noreferrer\"><img loading=\"lazy\" decoding=\"async\" src=\"https:\/\/unstamps.org\/wp-content\/uploads\/2014\/04\/pdf_icon.gif\" alt=\"\" width=\"16\" height=\"16\" border=\"0\"><\/a> <a href=\"https:\/\/unstamps.org\/wp-content\/uploads\/2024\/06\/Fasc373_F.pdf\">373<\/a><\/td>\n<td><a href=\"https:\/\/unstamps.org\/wp-content\/uploads\/2020\/09\/362D_web.pdf\" target=\"_blank\" rel=\"noopener noreferrer\"><img loading=\"lazy\" decoding=\"async\" src=\"https:\/\/unstamps.org\/wp-content\/uploads\/2014\/04\/pdf_icon.gif\" alt=\"\" width=\"16\" height=\"16\" border=\"0\"><\/a> <a href=\"https:\/\/unstamps.org\/wp-content\/uploads\/2024\/06\/Fasc373_D.pdf\">373<\/a><\/td>\n<td><a href=\"https:\/\/unstamps.org\/wp-content\/uploads\/2020\/09\/362I_web.pdf\" target=\"_blank\" rel=\"noopener noreferrer\"><img loading=\"lazy\" decoding=\"async\" src=\"https:\/\/unstamps.org\/wp-content\/uploads\/2014\/04\/pdf_icon.gif\" alt=\"\" width=\"16\" height=\"16\" border=\"0\"><\/a> <a href=\"https:\/\/unstamps.org\/wp-content\/uploads\/2024\/06\/Fasc373_I.pdf\">373<\/a><\/td>\n<\/tr>\n<\/tbody>\n<\/table>\n<p><!--more--><\/p>\n<\/td>\n<\/tr>\n<\/tbody>\n<\/table>\n\n\n<p><\/p>\n","protected":false},"excerpt":{"rendered":"<p>Chargements des publications philat\u00e9liques Les journaux en PDF \u00e9tant des fichiers tr\u00e8s lourds, le temps de t\u00e9l\u00e9chargement peut prendre beaucoup de temps. Veuillez \u00eatre patients.Tous les communiqu\u00e9s de presse contiennent une formule de commande pour votre utilisation. Journal philat\u00e9lique&nbsp;&nbsp;&nbsp;&nbsp;&nbsp;&nbsp;&nbsp;&nbsp;&nbsp;&nbsp;&nbsp;&nbsp;&nbsp;&nbsp;&nbsp;&nbsp;&nbsp;&nbsp;&nbsp;&nbsp; Bulletin 149 Le journal philat\u00e9lique \u00e9mis par l&#8217;APNU, New York permet \u00e0 ses lecteurs de toujours [&hellip;]<\/p>\n","protected":false},"author":4,"featured_media":0,"parent":0,"menu_order":0,"comment_status":"open","ping_status":"open","template":"","meta":{"ngg_post_thumbnail":0,"footnotes":""},"class_list":["post-10862","page","type-page","status-publish","hentry"],"yoast_head":"<!-- This site is optimized with the Yoast SEO plugin v27.4 - https:\/\/yoast.com\/product\/yoast-seo-wordpress\/ -->\n<title>Bulletin - UN Timbres<\/title>\n<meta name=\"robots\" content=\"index, follow, max-snippet:-1, max-image-preview:large, max-video-preview:-1\" \/>\n<link rel=\"canonical\" href=\"https:\/\/unstamps.org\/fr\/fascination-5\/\" \/>\n<meta property=\"og:locale\" content=\"fr_FR\" \/>\n<meta property=\"og:type\" content=\"article\" \/>\n<meta property=\"og:title\" content=\"Bulletin - UN Timbres\" \/>\n<meta property=\"og:description\" content=\"Chargements des publications philat\u00e9liques Les journaux en PDF \u00e9tant des fichiers tr\u00e8s lourds, le temps de t\u00e9l\u00e9chargement peut prendre beaucoup de temps. Veuillez \u00eatre patients.Tous les communiqu\u00e9s de presse contiennent une formule de commande pour votre utilisation. Journal philat\u00e9lique&nbsp;&nbsp;&nbsp;&nbsp;&nbsp;&nbsp;&nbsp;&nbsp;&nbsp;&nbsp;&nbsp;&nbsp;&nbsp;&nbsp;&nbsp;&nbsp;&nbsp;&nbsp;&nbsp;&nbsp; Bulletin 149 Le journal philat\u00e9lique \u00e9mis par l&#8217;APNU, New York permet \u00e0 ses lecteurs de toujours [&hellip;]\" \/>\n<meta property=\"og:url\" content=\"https:\/\/unstamps.org\/fr\/fascination-5\/\" \/>\n<meta property=\"og:site_name\" content=\"UN Timbres\" \/>\n<meta property=\"article:modified_time\" content=\"2026-03-09T19:36:12+00:00\" \/>\n<meta property=\"og:image\" content=\"https:\/\/unstamps.org\/wp-content\/uploads\/2020\/06\/Bulletin132.jpg\" \/>\n\t<meta property=\"og:image:width\" content=\"500\" \/>\n\t<meta property=\"og:image:height\" content=\"364\" \/>\n\t<meta property=\"og:image:type\" content=\"image\/jpeg\" \/>\n<meta name=\"twitter:card\" content=\"summary_large_image\" \/>\n<meta name=\"twitter:label1\" content=\"Dur\u00e9e de lecture estim\u00e9e\" \/>\n\t<meta name=\"twitter:data1\" content=\"8 minutes\" \/>\n<script type=\"application\/ld+json\" class=\"yoast-schema-graph\">{\"@context\":\"https:\\\/\\\/schema.org\",\"@graph\":[{\"@type\":\"WebPage\",\"@id\":\"https:\\\/\\\/unstamps.org\\\/fr\\\/fascination-5\\\/\",\"url\":\"https:\\\/\\\/unstamps.org\\\/fr\\\/fascination-5\\\/\",\"name\":\"Bulletin - UN Timbres\",\"isPartOf\":{\"@id\":\"https:\\\/\\\/unstamps.org\\\/fr\\\/#website\"},\"primaryImageOfPage\":{\"@id\":\"https:\\\/\\\/unstamps.org\\\/fr\\\/fascination-5\\\/#primaryimage\"},\"image\":{\"@id\":\"https:\\\/\\\/unstamps.org\\\/fr\\\/fascination-5\\\/#primaryimage\"},\"thumbnailUrl\":\"https:\\\/\\\/unstamps.org\\\/wp-content\\\/uploads\\\/2026\\\/03\\\/Bulletin149.jpg\",\"datePublished\":\"2014-04-22T09:50:31+00:00\",\"dateModified\":\"2026-03-09T19:36:12+00:00\",\"breadcrumb\":{\"@id\":\"https:\\\/\\\/unstamps.org\\\/fr\\\/fascination-5\\\/#breadcrumb\"},\"inLanguage\":\"fr-FR\",\"potentialAction\":[{\"@type\":\"ReadAction\",\"target\":[\"https:\\\/\\\/unstamps.org\\\/fr\\\/fascination-5\\\/\"]}]},{\"@type\":\"ImageObject\",\"inLanguage\":\"fr-FR\",\"@id\":\"https:\\\/\\\/unstamps.org\\\/fr\\\/fascination-5\\\/#primaryimage\",\"url\":\"https:\\\/\\\/unstamps.org\\\/wp-content\\\/uploads\\\/2026\\\/03\\\/Bulletin149.jpg\",\"contentUrl\":\"https:\\\/\\\/unstamps.org\\\/wp-content\\\/uploads\\\/2026\\\/03\\\/Bulletin149.jpg\"},{\"@type\":\"BreadcrumbList\",\"@id\":\"https:\\\/\\\/unstamps.org\\\/fr\\\/fascination-5\\\/#breadcrumb\",\"itemListElement\":[{\"@type\":\"ListItem\",\"position\":1,\"name\":\"Home\",\"item\":\"https:\\\/\\\/unstamps.org\\\/fr\\\/\"},{\"@type\":\"ListItem\",\"position\":2,\"name\":\"Bulletin\"}]},{\"@type\":\"WebSite\",\"@id\":\"https:\\\/\\\/unstamps.org\\\/fr\\\/#website\",\"url\":\"https:\\\/\\\/unstamps.org\\\/fr\\\/\",\"name\":\"UN Stamps\",\"description\":\"United Nations Stamps\",\"publisher\":{\"@id\":\"https:\\\/\\\/unstamps.org\\\/fr\\\/#organization\"},\"potentialAction\":[{\"@type\":\"SearchAction\",\"target\":{\"@type\":\"EntryPoint\",\"urlTemplate\":\"https:\\\/\\\/unstamps.org\\\/fr\\\/?s={search_term_string}\"},\"query-input\":{\"@type\":\"PropertyValueSpecification\",\"valueRequired\":true,\"valueName\":\"search_term_string\"}}],\"inLanguage\":\"fr-FR\"},{\"@type\":\"Organization\",\"@id\":\"https:\\\/\\\/unstamps.org\\\/fr\\\/#organization\",\"name\":\"UN Stamps\",\"url\":\"https:\\\/\\\/unstamps.org\\\/fr\\\/\",\"logo\":{\"@type\":\"ImageObject\",\"inLanguage\":\"fr-FR\",\"@id\":\"https:\\\/\\\/unstamps.org\\\/fr\\\/#\\\/schema\\\/logo\\\/image\\\/\",\"url\":\"https:\\\/\\\/unstamps.org\\\/wp-content\\\/uploads\\\/2014\\\/01\\\/logo4web.jpg\",\"contentUrl\":\"https:\\\/\\\/unstamps.org\\\/wp-content\\\/uploads\\\/2014\\\/01\\\/logo4web.jpg\",\"width\":2500,\"height\":250,\"caption\":\"UN Stamps\"},\"image\":{\"@id\":\"https:\\\/\\\/unstamps.org\\\/fr\\\/#\\\/schema\\\/logo\\\/image\\\/\"}}]}<\/script>\n<!-- \/ Yoast SEO plugin. -->","yoast_head_json":{"title":"Bulletin - UN Timbres","robots":{"index":"index","follow":"follow","max-snippet":"max-snippet:-1","max-image-preview":"max-image-preview:large","max-video-preview":"max-video-preview:-1"},"canonical":"https:\/\/unstamps.org\/fr\/fascination-5\/","og_locale":"fr_FR","og_type":"article","og_title":"Bulletin - UN Timbres","og_description":"Chargements des publications philat\u00e9liques Les journaux en PDF \u00e9tant des fichiers tr\u00e8s lourds, le temps de t\u00e9l\u00e9chargement peut prendre beaucoup de temps. Veuillez \u00eatre patients.Tous les communiqu\u00e9s de presse contiennent une formule de commande pour votre utilisation. Journal philat\u00e9lique&nbsp;&nbsp;&nbsp;&nbsp;&nbsp;&nbsp;&nbsp;&nbsp;&nbsp;&nbsp;&nbsp;&nbsp;&nbsp;&nbsp;&nbsp;&nbsp;&nbsp;&nbsp;&nbsp;&nbsp; Bulletin 149 Le journal philat\u00e9lique \u00e9mis par l&#8217;APNU, New York permet \u00e0 ses lecteurs de toujours [&hellip;]","og_url":"https:\/\/unstamps.org\/fr\/fascination-5\/","og_site_name":"UN Timbres","article_modified_time":"2026-03-09T19:36:12+00:00","og_image":[{"width":500,"height":364,"url":"https:\/\/unstamps.org\/wp-content\/uploads\/2020\/06\/Bulletin132.jpg","type":"image\/jpeg"}],"twitter_card":"summary_large_image","twitter_misc":{"Dur\u00e9e de lecture estim\u00e9e":"8 minutes"},"schema":{"@context":"https:\/\/schema.org","@graph":[{"@type":"WebPage","@id":"https:\/\/unstamps.org\/fr\/fascination-5\/","url":"https:\/\/unstamps.org\/fr\/fascination-5\/","name":"Bulletin - UN Timbres","isPartOf":{"@id":"https:\/\/unstamps.org\/fr\/#website"},"primaryImageOfPage":{"@id":"https:\/\/unstamps.org\/fr\/fascination-5\/#primaryimage"},"image":{"@id":"https:\/\/unstamps.org\/fr\/fascination-5\/#primaryimage"},"thumbnailUrl":"https:\/\/unstamps.org\/wp-content\/uploads\/2026\/03\/Bulletin149.jpg","datePublished":"2014-04-22T09:50:31+00:00","dateModified":"2026-03-09T19:36:12+00:00","breadcrumb":{"@id":"https:\/\/unstamps.org\/fr\/fascination-5\/#breadcrumb"},"inLanguage":"fr-FR","potentialAction":[{"@type":"ReadAction","target":["https:\/\/unstamps.org\/fr\/fascination-5\/"]}]},{"@type":"ImageObject","inLanguage":"fr-FR","@id":"https:\/\/unstamps.org\/fr\/fascination-5\/#primaryimage","url":"https:\/\/unstamps.org\/wp-content\/uploads\/2026\/03\/Bulletin149.jpg","contentUrl":"https:\/\/unstamps.org\/wp-content\/uploads\/2026\/03\/Bulletin149.jpg"},{"@type":"BreadcrumbList","@id":"https:\/\/unstamps.org\/fr\/fascination-5\/#breadcrumb","itemListElement":[{"@type":"ListItem","position":1,"name":"Home","item":"https:\/\/unstamps.org\/fr\/"},{"@type":"ListItem","position":2,"name":"Bulletin"}]},{"@type":"WebSite","@id":"https:\/\/unstamps.org\/fr\/#website","url":"https:\/\/unstamps.org\/fr\/","name":"UN Stamps","description":"United Nations Stamps","publisher":{"@id":"https:\/\/unstamps.org\/fr\/#organization"},"potentialAction":[{"@type":"SearchAction","target":{"@type":"EntryPoint","urlTemplate":"https:\/\/unstamps.org\/fr\/?s={search_term_string}"},"query-input":{"@type":"PropertyValueSpecification","valueRequired":true,"valueName":"search_term_string"}}],"inLanguage":"fr-FR"},{"@type":"Organization","@id":"https:\/\/unstamps.org\/fr\/#organization","name":"UN Stamps","url":"https:\/\/unstamps.org\/fr\/","logo":{"@type":"ImageObject","inLanguage":"fr-FR","@id":"https:\/\/unstamps.org\/fr\/#\/schema\/logo\/image\/","url":"https:\/\/unstamps.org\/wp-content\/uploads\/2014\/01\/logo4web.jpg","contentUrl":"https:\/\/unstamps.org\/wp-content\/uploads\/2014\/01\/logo4web.jpg","width":2500,"height":250,"caption":"UN Stamps"},"image":{"@id":"https:\/\/unstamps.org\/fr\/#\/schema\/logo\/image\/"}}]}},"jetpack_sharing_enabled":true,"publishpress_future_action":{"enabled":false,"date":"2026-04-22 21:59:16","action":"change-status","newStatus":"draft","terms":[],"taxonomy":"translation_priority","extraData":[]},"publishpress_future_workflow_manual_trigger":{"enabledWorkflows":[]},"_links":{"self":[{"href":"https:\/\/unstamps.org\/fr\/wp-json\/wp\/v2\/pages\/10862","targetHints":{"allow":["GET"]}}],"collection":[{"href":"https:\/\/unstamps.org\/fr\/wp-json\/wp\/v2\/pages"}],"about":[{"href":"https:\/\/unstamps.org\/fr\/wp-json\/wp\/v2\/types\/page"}],"author":[{"embeddable":true,"href":"https:\/\/unstamps.org\/fr\/wp-json\/wp\/v2\/users\/4"}],"replies":[{"embeddable":true,"href":"https:\/\/unstamps.org\/fr\/wp-json\/wp\/v2\/comments?post=10862"}],"version-history":[{"count":0,"href":"https:\/\/unstamps.org\/fr\/wp-json\/wp\/v2\/pages\/10862\/revisions"}],"wp:attachment":[{"href":"https:\/\/unstamps.org\/fr\/wp-json\/wp\/v2\/media?parent=10862"}],"curies":[{"name":"wp","href":"https:\/\/api.w.org\/{rel}","templated":true}]}}