{"id":83230,"date":"2019-10-02T06:49:05","date_gmt":"2019-10-02T10:49:05","guid":{"rendered":"https:\/\/unstamps.org\/?post_type=product&#038;p=83230"},"modified":"2026-01-09T10:26:23","modified_gmt":"2026-01-09T15:26:23","slug":"mahatma-gandhi-sello-ordinario-de-ny-us-275-pagina-completa","status":"publish","type":"product","link":"https:\/\/unstamps.org\/es\/producto\/mahatma-gandhi-sello-ordinario-de-ny-us-275-pagina-completa\/","title":{"rendered":"Mahatma Gandhi &#8211; Sello Ordinario de NY &#8211; US$ 2,75 &#8211; P\u00e1gina completa"},"content":{"rendered":"<p>En 2019 se conmemora el 150\u00b0 aniversario del nacimiento de Mahatma Gandhi (1869-1948).<\/p>\n<p>El nombre de Mahatma Gandhi trasciende las fronteras de la raza, la religi\u00f3n y los Estados-naci\u00f3n, y se ha convertido en la voz prof\u00e9tica del siglo XXI. Gandhi ten\u00eda una personalidad polifac\u00e9tica. Fue nacionalista e internacionalista, tradicionalista y reformista, dirigente pol\u00edtico y mentor espiritual, escritor y pensador, as\u00ed como pacifista y activista de la reforma social y el cambio. El mundo recuerda a Gandhi no solo por su vehemente adhesi\u00f3n a la no violencia y el humanismo como ideal supremo, sino tambi\u00e9n como figura de referencia para hombres y mujeres en la vida p\u00fablica, el pensamiento pol\u00edtico y el gobierno, y como s\u00edmbolo de los anhelos y esperanzas de todos los habitantes del planeta.<\/p>\n<p>El pensamiento de Gandhi, sus formas de lucha y su ideal de alcanzar la libertad humana mediante la conciliaci\u00f3n y apelando a la conciencia del adversario han influido en varios de los grandes l\u00edderes de nuestra \u00e9poca. Gandhi dijo una vez: \u201cEl d\u00eda en que el poder del amor sea m\u00e1s grande que el amor al poder, el mundo conocer\u00e1 la paz\u201d. En momentos en que, en medio de una multitud de complejos problemas, la generaci\u00f3n actual se pregunta sobre el significado de la vida, la trayectoria y la filosof\u00eda de Mahatma Gandhi contienen valiosas ense\u00f1anzas sobre la forma de encontrar el camino.<\/p>\n<p><strong>Fecha de emisi\u00f3n:<\/strong> 2 de octubre de 2019<br \/>\n<strong>Artista: <\/strong>Martin M\u00f6rck (Noruega)<br \/>\n<strong>Dise\u00f1ador: <\/strong>Rorie Katz (Naciones Unidas)<br \/>\n<strong>Valor postal: <\/strong>US$ 2,75<br \/>\n<strong>Tama\u00f1o del sello: <\/strong>50 mm x 35 mm<br \/>\n<strong>N\u00famero de sellos por pliego: <\/strong>20<br \/>\n<strong>Impresor: <\/strong>Joh. Ensched\u00e9 Stamps BV (Pa\u00edses Bajos)<br \/>\n<strong>Proceso: <\/strong>Litograf\u00eda offset, Duotone<br \/>\n<strong>Perforaci\u00f3n: <\/strong>14 x 14 \u00bc<br \/>\n<strong>Cantidad: <\/strong>10.500 pliegos (210.000 sellos)<\/p>\n","protected":false},"excerpt":{"rendered":"<p>En 2019 se conmemora el 150\u00b0 aniversario del nacimiento de Mahatma Gandhi (1869-1948). El nombre de Mahatma Gandhi trasciende las fronteras de la raza, la religi\u00f3n y los Estados-naci\u00f3n, y se ha convertido en la voz prof\u00e9tica del siglo XXI. Gandhi ten\u00eda una personalidad polifac\u00e9tica. Fue nacionalista e internacionalista, tradicionalista y reformista, dirigente pol\u00edtico y [&hellip;]<\/p>\n","protected":false},"featured_media":83679,"comment_status":"closed","ping_status":"closed","template":"","meta":{"ngg_post_thumbnail":0},"product_brand":[],"product_cat":[1125,930,924],"product_tag":[],"class_list":{"0":"post-83230","1":"product","2":"type-product","3":"status-publish","4":"has-post-thumbnail","6":"product_cat-2019-year-es","7":"product_cat-definitivos","8":"product_cat-nueva-york","9":"pa_condition-cancelled-es","10":"pa_condition-mint-es","12":"first","13":"instock","14":"shipping-taxable","15":"purchasable","16":"product-type-variable"},"yoast_head":"<!-- This site is optimized with the Yoast SEO plugin v27.4 - https:\/\/yoast.com\/product\/yoast-seo-wordpress\/ -->\n<title>Mahatma Gandhi &#8211; Sello Ordinario de NY &#8211; US$ 2,75 &#8211; P\u00e1gina completa - UN Stamps<\/title>\n<meta name=\"robots\" content=\"index, follow, max-snippet:-1, max-image-preview:large, max-video-preview:-1\" \/>\n<link rel=\"canonical\" href=\"https:\/\/unstamps.org\/es\/producto\/mahatma-gandhi-sello-ordinario-de-ny-us-275-pagina-completa\/\" \/>\n<meta property=\"og:locale\" content=\"es_ES\" \/>\n<meta property=\"og:type\" content=\"article\" \/>\n<meta property=\"og:title\" content=\"Mahatma Gandhi &#8211; Sello Ordinario de NY &#8211; US$ 2,75 &#8211; P\u00e1gina completa - UN Stamps\" \/>\n<meta property=\"og:description\" content=\"En 2019 se conmemora el 150\u00b0 aniversario del nacimiento de Mahatma Gandhi (1869-1948). El nombre de Mahatma Gandhi trasciende las fronteras de la raza, la religi\u00f3n y los Estados-naci\u00f3n, y se ha convertido en la voz prof\u00e9tica del siglo XXI. Gandhi ten\u00eda una personalidad polifac\u00e9tica. Fue nacionalista e internacionalista, tradicionalista y reformista, dirigente pol\u00edtico y [&hellip;]\" \/>\n<meta property=\"og:url\" content=\"https:\/\/unstamps.org\/es\/producto\/mahatma-gandhi-sello-ordinario-de-ny-us-275-pagina-completa\/\" \/>\n<meta property=\"og:site_name\" content=\"UN Stamps\" \/>\n<meta property=\"article:modified_time\" content=\"2026-01-09T15:26:23+00:00\" \/>\n<meta property=\"og:image\" content=\"https:\/\/unstamps.org\/wp-content\/uploads\/2019\/10\/M.Gandhi19_NY-2.75-full-sheet.jpg\" \/>\n\t<meta property=\"og:image:width\" content=\"1024\" \/>\n\t<meta property=\"og:image:height\" content=\"1024\" \/>\n\t<meta property=\"og:image:type\" content=\"image\/jpeg\" \/>\n<meta name=\"twitter:card\" content=\"summary_large_image\" \/>\n<meta name=\"twitter:label1\" content=\"Tiempo de lectura\" \/>\n\t<meta name=\"twitter:data1\" content=\"1 minuto\" \/>\n<script type=\"application\/ld+json\" class=\"yoast-schema-graph\">{\"@context\":\"https:\\\/\\\/schema.org\",\"@graph\":[{\"@type\":\"WebPage\",\"@id\":\"https:\\\/\\\/unstamps.org\\\/es\\\/producto\\\/mahatma-gandhi-sello-ordinario-de-ny-us-275-pagina-completa\\\/\",\"url\":\"https:\\\/\\\/unstamps.org\\\/es\\\/producto\\\/mahatma-gandhi-sello-ordinario-de-ny-us-275-pagina-completa\\\/\",\"name\":\"Mahatma Gandhi &#8211; Sello Ordinario de NY &#8211; US$ 2,75 &#8211; P\u00e1gina completa - UN Stamps\",\"isPartOf\":{\"@id\":\"https:\\\/\\\/unstamps.org\\\/es\\\/#website\"},\"primaryImageOfPage\":{\"@id\":\"https:\\\/\\\/unstamps.org\\\/es\\\/producto\\\/mahatma-gandhi-sello-ordinario-de-ny-us-275-pagina-completa\\\/#primaryimage\"},\"image\":{\"@id\":\"https:\\\/\\\/unstamps.org\\\/es\\\/producto\\\/mahatma-gandhi-sello-ordinario-de-ny-us-275-pagina-completa\\\/#primaryimage\"},\"thumbnailUrl\":\"https:\\\/\\\/unstamps.org\\\/wp-content\\\/uploads\\\/2019\\\/10\\\/M.Gandhi19_NY-2.75-full-sheet.jpg\",\"datePublished\":\"2019-10-02T10:49:05+00:00\",\"dateModified\":\"2026-01-09T15:26:23+00:00\",\"breadcrumb\":{\"@id\":\"https:\\\/\\\/unstamps.org\\\/es\\\/producto\\\/mahatma-gandhi-sello-ordinario-de-ny-us-275-pagina-completa\\\/#breadcrumb\"},\"inLanguage\":\"es\",\"potentialAction\":[{\"@type\":\"ReadAction\",\"target\":[\"https:\\\/\\\/unstamps.org\\\/es\\\/producto\\\/mahatma-gandhi-sello-ordinario-de-ny-us-275-pagina-completa\\\/\"]}]},{\"@type\":\"ImageObject\",\"inLanguage\":\"es\",\"@id\":\"https:\\\/\\\/unstamps.org\\\/es\\\/producto\\\/mahatma-gandhi-sello-ordinario-de-ny-us-275-pagina-completa\\\/#primaryimage\",\"url\":\"https:\\\/\\\/unstamps.org\\\/wp-content\\\/uploads\\\/2019\\\/10\\\/M.Gandhi19_NY-2.75-full-sheet.jpg\",\"contentUrl\":\"https:\\\/\\\/unstamps.org\\\/wp-content\\\/uploads\\\/2019\\\/10\\\/M.Gandhi19_NY-2.75-full-sheet.jpg\",\"width\":1024,\"height\":1024},{\"@type\":\"BreadcrumbList\",\"@id\":\"https:\\\/\\\/unstamps.org\\\/es\\\/producto\\\/mahatma-gandhi-sello-ordinario-de-ny-us-275-pagina-completa\\\/#breadcrumb\",\"itemListElement\":[{\"@type\":\"ListItem\",\"position\":1,\"name\":\"Home\",\"item\":\"https:\\\/\\\/unstamps.org\\\/es\\\/\"},{\"@type\":\"ListItem\",\"position\":2,\"name\":\"Shop\",\"item\":\"https:\\\/\\\/unstamps.org\\\/es\\\/productos\\\/\"},{\"@type\":\"ListItem\",\"position\":3,\"name\":\"Mahatma Gandhi &#8211; Sello Ordinario de NY &#8211; US$ 2,75 &#8211; P\u00e1gina completa\"}]},{\"@type\":\"WebSite\",\"@id\":\"https:\\\/\\\/unstamps.org\\\/es\\\/#website\",\"url\":\"https:\\\/\\\/unstamps.org\\\/es\\\/\",\"name\":\"UN Stamps\",\"description\":\"United Nations Stamps\",\"publisher\":{\"@id\":\"https:\\\/\\\/unstamps.org\\\/es\\\/#organization\"},\"potentialAction\":[{\"@type\":\"SearchAction\",\"target\":{\"@type\":\"EntryPoint\",\"urlTemplate\":\"https:\\\/\\\/unstamps.org\\\/es\\\/?s={search_term_string}\"},\"query-input\":{\"@type\":\"PropertyValueSpecification\",\"valueRequired\":true,\"valueName\":\"search_term_string\"}}],\"inLanguage\":\"es\"},{\"@type\":\"Organization\",\"@id\":\"https:\\\/\\\/unstamps.org\\\/es\\\/#organization\",\"name\":\"UN Stamps\",\"url\":\"https:\\\/\\\/unstamps.org\\\/es\\\/\",\"logo\":{\"@type\":\"ImageObject\",\"inLanguage\":\"es\",\"@id\":\"https:\\\/\\\/unstamps.org\\\/es\\\/#\\\/schema\\\/logo\\\/image\\\/\",\"url\":\"https:\\\/\\\/unstamps.org\\\/wp-content\\\/uploads\\\/2014\\\/01\\\/logo4web.jpg\",\"contentUrl\":\"https:\\\/\\\/unstamps.org\\\/wp-content\\\/uploads\\\/2014\\\/01\\\/logo4web.jpg\",\"width\":2500,\"height\":250,\"caption\":\"UN Stamps\"},\"image\":{\"@id\":\"https:\\\/\\\/unstamps.org\\\/es\\\/#\\\/schema\\\/logo\\\/image\\\/\"}}]}<\/script>\n<!-- \/ Yoast SEO plugin. -->","yoast_head_json":{"title":"Mahatma Gandhi &#8211; Sello Ordinario de NY &#8211; US$ 2,75 &#8211; P\u00e1gina completa - UN Stamps","robots":{"index":"index","follow":"follow","max-snippet":"max-snippet:-1","max-image-preview":"max-image-preview:large","max-video-preview":"max-video-preview:-1"},"canonical":"https:\/\/unstamps.org\/es\/producto\/mahatma-gandhi-sello-ordinario-de-ny-us-275-pagina-completa\/","og_locale":"es_ES","og_type":"article","og_title":"Mahatma Gandhi &#8211; Sello Ordinario de NY &#8211; US$ 2,75 &#8211; P\u00e1gina completa - UN Stamps","og_description":"En 2019 se conmemora el 150\u00b0 aniversario del nacimiento de Mahatma Gandhi (1869-1948). El nombre de Mahatma Gandhi trasciende las fronteras de la raza, la religi\u00f3n y los Estados-naci\u00f3n, y se ha convertido en la voz prof\u00e9tica del siglo XXI. Gandhi ten\u00eda una personalidad polifac\u00e9tica. Fue nacionalista e internacionalista, tradicionalista y reformista, dirigente pol\u00edtico y [&hellip;]","og_url":"https:\/\/unstamps.org\/es\/producto\/mahatma-gandhi-sello-ordinario-de-ny-us-275-pagina-completa\/","og_site_name":"UN Stamps","article_modified_time":"2026-01-09T15:26:23+00:00","og_image":[{"width":1024,"height":1024,"url":"https:\/\/unstamps.org\/wp-content\/uploads\/2019\/10\/M.Gandhi19_NY-2.75-full-sheet.jpg","type":"image\/jpeg"}],"twitter_card":"summary_large_image","twitter_misc":{"Tiempo de lectura":"1 minuto"},"schema":{"@context":"https:\/\/schema.org","@graph":[{"@type":"WebPage","@id":"https:\/\/unstamps.org\/es\/producto\/mahatma-gandhi-sello-ordinario-de-ny-us-275-pagina-completa\/","url":"https:\/\/unstamps.org\/es\/producto\/mahatma-gandhi-sello-ordinario-de-ny-us-275-pagina-completa\/","name":"Mahatma Gandhi &#8211; Sello Ordinario de NY &#8211; US$ 2,75 &#8211; P\u00e1gina completa - UN Stamps","isPartOf":{"@id":"https:\/\/unstamps.org\/es\/#website"},"primaryImageOfPage":{"@id":"https:\/\/unstamps.org\/es\/producto\/mahatma-gandhi-sello-ordinario-de-ny-us-275-pagina-completa\/#primaryimage"},"image":{"@id":"https:\/\/unstamps.org\/es\/producto\/mahatma-gandhi-sello-ordinario-de-ny-us-275-pagina-completa\/#primaryimage"},"thumbnailUrl":"https:\/\/unstamps.org\/wp-content\/uploads\/2019\/10\/M.Gandhi19_NY-2.75-full-sheet.jpg","datePublished":"2019-10-02T10:49:05+00:00","dateModified":"2026-01-09T15:26:23+00:00","breadcrumb":{"@id":"https:\/\/unstamps.org\/es\/producto\/mahatma-gandhi-sello-ordinario-de-ny-us-275-pagina-completa\/#breadcrumb"},"inLanguage":"es","potentialAction":[{"@type":"ReadAction","target":["https:\/\/unstamps.org\/es\/producto\/mahatma-gandhi-sello-ordinario-de-ny-us-275-pagina-completa\/"]}]},{"@type":"ImageObject","inLanguage":"es","@id":"https:\/\/unstamps.org\/es\/producto\/mahatma-gandhi-sello-ordinario-de-ny-us-275-pagina-completa\/#primaryimage","url":"https:\/\/unstamps.org\/wp-content\/uploads\/2019\/10\/M.Gandhi19_NY-2.75-full-sheet.jpg","contentUrl":"https:\/\/unstamps.org\/wp-content\/uploads\/2019\/10\/M.Gandhi19_NY-2.75-full-sheet.jpg","width":1024,"height":1024},{"@type":"BreadcrumbList","@id":"https:\/\/unstamps.org\/es\/producto\/mahatma-gandhi-sello-ordinario-de-ny-us-275-pagina-completa\/#breadcrumb","itemListElement":[{"@type":"ListItem","position":1,"name":"Home","item":"https:\/\/unstamps.org\/es\/"},{"@type":"ListItem","position":2,"name":"Shop","item":"https:\/\/unstamps.org\/es\/productos\/"},{"@type":"ListItem","position":3,"name":"Mahatma Gandhi &#8211; Sello Ordinario de NY &#8211; US$ 2,75 &#8211; P\u00e1gina completa"}]},{"@type":"WebSite","@id":"https:\/\/unstamps.org\/es\/#website","url":"https:\/\/unstamps.org\/es\/","name":"UN Stamps","description":"United Nations Stamps","publisher":{"@id":"https:\/\/unstamps.org\/es\/#organization"},"potentialAction":[{"@type":"SearchAction","target":{"@type":"EntryPoint","urlTemplate":"https:\/\/unstamps.org\/es\/?s={search_term_string}"},"query-input":{"@type":"PropertyValueSpecification","valueRequired":true,"valueName":"search_term_string"}}],"inLanguage":"es"},{"@type":"Organization","@id":"https:\/\/unstamps.org\/es\/#organization","name":"UN Stamps","url":"https:\/\/unstamps.org\/es\/","logo":{"@type":"ImageObject","inLanguage":"es","@id":"https:\/\/unstamps.org\/es\/#\/schema\/logo\/image\/","url":"https:\/\/unstamps.org\/wp-content\/uploads\/2014\/01\/logo4web.jpg","contentUrl":"https:\/\/unstamps.org\/wp-content\/uploads\/2014\/01\/logo4web.jpg","width":2500,"height":250,"caption":"UN Stamps"},"image":{"@id":"https:\/\/unstamps.org\/es\/#\/schema\/logo\/image\/"}}]}},"jetpack_sharing_enabled":true,"publishpress_future_action":{"enabled":false,"date":"2026-04-29 09:40:55","action":"change-status","newStatus":"private","terms":[],"taxonomy":"product_cat","extraData":[]},"publishpress_future_workflow_manual_trigger":{"enabledWorkflows":[]},"_links":{"self":[{"href":"https:\/\/unstamps.org\/es\/wp-json\/wp\/v2\/product\/83230","targetHints":{"allow":["GET"]}}],"collection":[{"href":"https:\/\/unstamps.org\/es\/wp-json\/wp\/v2\/product"}],"about":[{"href":"https:\/\/unstamps.org\/es\/wp-json\/wp\/v2\/types\/product"}],"replies":[{"embeddable":true,"href":"https:\/\/unstamps.org\/es\/wp-json\/wp\/v2\/comments?post=83230"}],"wp:featuredmedia":[{"embeddable":true,"href":"https:\/\/unstamps.org\/es\/wp-json\/wp\/v2\/media\/83679"}],"wp:attachment":[{"href":"https:\/\/unstamps.org\/es\/wp-json\/wp\/v2\/media?parent=83230"}],"wp:term":[{"taxonomy":"product_brand","embeddable":true,"href":"https:\/\/unstamps.org\/es\/wp-json\/wp\/v2\/product_brand?post=83230"},{"taxonomy":"product_cat","embeddable":true,"href":"https:\/\/unstamps.org\/es\/wp-json\/wp\/v2\/product_cat?post=83230"},{"taxonomy":"product_tag","embeddable":true,"href":"https:\/\/unstamps.org\/es\/wp-json\/wp\/v2\/product_tag?post=83230"}],"curies":[{"name":"wp","href":"https:\/\/api.w.org\/{rel}","templated":true}]}}