{"id":79860,"date":"2019-08-19T11:09:38","date_gmt":"2019-08-19T15:11:46","guid":{"rendered":"https:\/\/unstamps.org\/?post_type=product&#038;p=79860"},"modified":"2026-01-09T10:54:16","modified_gmt":"2026-01-09T15:54:16","slug":"090-e-sobre-prefranqueado-2019","status":"publish","type":"product","link":"https:\/\/unstamps.org\/es\/producto\/090-e-sobre-prefranqueado-2019\/","title":{"rendered":"0,90 \u20ac Sobre Prefranqueado (2019)"},"content":{"rendered":"<p>El s\u00e1bado 24 de agosto de 2019, y por primera vez en la historia, la Administraci\u00f3n Postal de las Naciones Unidas en Viena emitir\u00e1 un sobre prefranqueado de 0,90 euros juntamente con el Servicio de Correos de Austria. Ese sobre, del que se imprimir\u00e1n 10.000 unidades en formato A6, contendr\u00e1 un dise\u00f1o de Kurt Regschek.<\/p>\n<p>Los clientes que hayan habilitado el pedido autom\u00e1tico de enteros postales en la moneda de Viena (Art. 21) recibir\u00e1n autom\u00e1ticamente este art\u00edculo a trav\u00e9s de sus cuentas.<\/p>\n","protected":false},"excerpt":{"rendered":"<p>El s\u00e1bado 24 de agosto de 2019, y por primera vez en la historia, la Administraci\u00f3n Postal de las Naciones Unidas en Viena emitir\u00e1 un sobre prefranqueado de 0,90 euros juntamente con el Servicio de Correos de Austria. Ese sobre, del que se imprimir\u00e1n 10.000 unidades en formato A6, contendr\u00e1 un dise\u00f1o de Kurt Regschek. [&hellip;]<\/p>\n","protected":false},"featured_media":77254,"comment_status":"closed","ping_status":"closed","template":"","meta":{"ngg_post_thumbnail":0},"product_brand":[],"product_cat":[1125,948,927],"product_tag":[],"class_list":{"0":"post-79860","1":"product","2":"type-product","3":"status-publish","4":"has-post-thumbnail","6":"product_cat-2019-year-es","7":"product_cat-enteros-postales","8":"product_cat-viena","9":"pa_condition-cancelled-es","10":"pa_condition-mint-es","12":"first","13":"instock","14":"shipping-taxable","15":"purchasable","16":"product-type-variable"},"yoast_head":"<!-- This site is optimized with the Yoast SEO plugin v27.4 - https:\/\/yoast.com\/product\/yoast-seo-wordpress\/ -->\n<title>0,90 \u20ac Sobre Prefranqueado (2019) - UN Stamps<\/title>\n<meta name=\"robots\" content=\"index, follow, max-snippet:-1, max-image-preview:large, max-video-preview:-1\" \/>\n<link rel=\"canonical\" href=\"https:\/\/unstamps.org\/es\/producto\/090-e-sobre-prefranqueado-2019\/\" \/>\n<meta property=\"og:locale\" content=\"es_ES\" \/>\n<meta property=\"og:type\" content=\"article\" \/>\n<meta property=\"og:title\" content=\"0,90 \u20ac Sobre Prefranqueado (2019) - UN Stamps\" \/>\n<meta property=\"og:description\" content=\"El s\u00e1bado 24 de agosto de 2019, y por primera vez en la historia, la Administraci\u00f3n Postal de las Naciones Unidas en Viena emitir\u00e1 un sobre prefranqueado de 0,90 euros juntamente con el Servicio de Correos de Austria. Ese sobre, del que se imprimir\u00e1n 10.000 unidades en formato A6, contendr\u00e1 un dise\u00f1o de Kurt Regschek. [&hellip;]\" \/>\n<meta property=\"og:url\" content=\"https:\/\/unstamps.org\/es\/producto\/090-e-sobre-prefranqueado-2019\/\" \/>\n<meta property=\"og:site_name\" content=\"UN Stamps\" \/>\n<meta property=\"article:modified_time\" content=\"2026-01-09T15:54:16+00:00\" \/>\n<meta property=\"og:image\" content=\"https:\/\/unstamps.org\/wp-content\/uploads\/2019\/07\/VI_Pre-stamped-Env19_m.jpg\" \/>\n\t<meta property=\"og:image:width\" content=\"1024\" \/>\n\t<meta property=\"og:image:height\" content=\"1024\" \/>\n\t<meta property=\"og:image:type\" content=\"image\/jpeg\" \/>\n<meta name=\"twitter:card\" content=\"summary_large_image\" \/>\n<script type=\"application\/ld+json\" class=\"yoast-schema-graph\">{\"@context\":\"https:\\\/\\\/schema.org\",\"@graph\":[{\"@type\":\"WebPage\",\"@id\":\"https:\\\/\\\/unstamps.org\\\/es\\\/producto\\\/090-e-sobre-prefranqueado-2019\\\/\",\"url\":\"https:\\\/\\\/unstamps.org\\\/es\\\/producto\\\/090-e-sobre-prefranqueado-2019\\\/\",\"name\":\"0,90 \u20ac Sobre Prefranqueado (2019) - UN Stamps\",\"isPartOf\":{\"@id\":\"https:\\\/\\\/unstamps.org\\\/es\\\/#website\"},\"primaryImageOfPage\":{\"@id\":\"https:\\\/\\\/unstamps.org\\\/es\\\/producto\\\/090-e-sobre-prefranqueado-2019\\\/#primaryimage\"},\"image\":{\"@id\":\"https:\\\/\\\/unstamps.org\\\/es\\\/producto\\\/090-e-sobre-prefranqueado-2019\\\/#primaryimage\"},\"thumbnailUrl\":\"https:\\\/\\\/unstamps.org\\\/wp-content\\\/uploads\\\/2019\\\/07\\\/VI_Pre-stamped-Env19_m.jpg\",\"datePublished\":\"2019-08-19T15:11:46+00:00\",\"dateModified\":\"2026-01-09T15:54:16+00:00\",\"breadcrumb\":{\"@id\":\"https:\\\/\\\/unstamps.org\\\/es\\\/producto\\\/090-e-sobre-prefranqueado-2019\\\/#breadcrumb\"},\"inLanguage\":\"es\",\"potentialAction\":[{\"@type\":\"ReadAction\",\"target\":[\"https:\\\/\\\/unstamps.org\\\/es\\\/producto\\\/090-e-sobre-prefranqueado-2019\\\/\"]}]},{\"@type\":\"ImageObject\",\"inLanguage\":\"es\",\"@id\":\"https:\\\/\\\/unstamps.org\\\/es\\\/producto\\\/090-e-sobre-prefranqueado-2019\\\/#primaryimage\",\"url\":\"https:\\\/\\\/unstamps.org\\\/wp-content\\\/uploads\\\/2019\\\/07\\\/VI_Pre-stamped-Env19_m.jpg\",\"contentUrl\":\"https:\\\/\\\/unstamps.org\\\/wp-content\\\/uploads\\\/2019\\\/07\\\/VI_Pre-stamped-Env19_m.jpg\",\"width\":1024,\"height\":1024},{\"@type\":\"BreadcrumbList\",\"@id\":\"https:\\\/\\\/unstamps.org\\\/es\\\/producto\\\/090-e-sobre-prefranqueado-2019\\\/#breadcrumb\",\"itemListElement\":[{\"@type\":\"ListItem\",\"position\":1,\"name\":\"Home\",\"item\":\"https:\\\/\\\/unstamps.org\\\/es\\\/\"},{\"@type\":\"ListItem\",\"position\":2,\"name\":\"Shop\",\"item\":\"https:\\\/\\\/unstamps.org\\\/es\\\/productos\\\/\"},{\"@type\":\"ListItem\",\"position\":3,\"name\":\"0,90 \u20ac Sobre Prefranqueado (2019)\"}]},{\"@type\":\"WebSite\",\"@id\":\"https:\\\/\\\/unstamps.org\\\/es\\\/#website\",\"url\":\"https:\\\/\\\/unstamps.org\\\/es\\\/\",\"name\":\"UN Stamps\",\"description\":\"United Nations Stamps\",\"publisher\":{\"@id\":\"https:\\\/\\\/unstamps.org\\\/es\\\/#organization\"},\"potentialAction\":[{\"@type\":\"SearchAction\",\"target\":{\"@type\":\"EntryPoint\",\"urlTemplate\":\"https:\\\/\\\/unstamps.org\\\/es\\\/?s={search_term_string}\"},\"query-input\":{\"@type\":\"PropertyValueSpecification\",\"valueRequired\":true,\"valueName\":\"search_term_string\"}}],\"inLanguage\":\"es\"},{\"@type\":\"Organization\",\"@id\":\"https:\\\/\\\/unstamps.org\\\/es\\\/#organization\",\"name\":\"UN Stamps\",\"url\":\"https:\\\/\\\/unstamps.org\\\/es\\\/\",\"logo\":{\"@type\":\"ImageObject\",\"inLanguage\":\"es\",\"@id\":\"https:\\\/\\\/unstamps.org\\\/es\\\/#\\\/schema\\\/logo\\\/image\\\/\",\"url\":\"https:\\\/\\\/unstamps.org\\\/wp-content\\\/uploads\\\/2014\\\/01\\\/logo4web.jpg\",\"contentUrl\":\"https:\\\/\\\/unstamps.org\\\/wp-content\\\/uploads\\\/2014\\\/01\\\/logo4web.jpg\",\"width\":2500,\"height\":250,\"caption\":\"UN Stamps\"},\"image\":{\"@id\":\"https:\\\/\\\/unstamps.org\\\/es\\\/#\\\/schema\\\/logo\\\/image\\\/\"}}]}<\/script>\n<!-- \/ Yoast SEO plugin. -->","yoast_head_json":{"title":"0,90 \u20ac Sobre Prefranqueado (2019) - UN Stamps","robots":{"index":"index","follow":"follow","max-snippet":"max-snippet:-1","max-image-preview":"max-image-preview:large","max-video-preview":"max-video-preview:-1"},"canonical":"https:\/\/unstamps.org\/es\/producto\/090-e-sobre-prefranqueado-2019\/","og_locale":"es_ES","og_type":"article","og_title":"0,90 \u20ac Sobre Prefranqueado (2019) - UN Stamps","og_description":"El s\u00e1bado 24 de agosto de 2019, y por primera vez en la historia, la Administraci\u00f3n Postal de las Naciones Unidas en Viena emitir\u00e1 un sobre prefranqueado de 0,90 euros juntamente con el Servicio de Correos de Austria. Ese sobre, del que se imprimir\u00e1n 10.000 unidades en formato A6, contendr\u00e1 un dise\u00f1o de Kurt Regschek. [&hellip;]","og_url":"https:\/\/unstamps.org\/es\/producto\/090-e-sobre-prefranqueado-2019\/","og_site_name":"UN Stamps","article_modified_time":"2026-01-09T15:54:16+00:00","og_image":[{"width":1024,"height":1024,"url":"https:\/\/unstamps.org\/wp-content\/uploads\/2019\/07\/VI_Pre-stamped-Env19_m.jpg","type":"image\/jpeg"}],"twitter_card":"summary_large_image","schema":{"@context":"https:\/\/schema.org","@graph":[{"@type":"WebPage","@id":"https:\/\/unstamps.org\/es\/producto\/090-e-sobre-prefranqueado-2019\/","url":"https:\/\/unstamps.org\/es\/producto\/090-e-sobre-prefranqueado-2019\/","name":"0,90 \u20ac Sobre Prefranqueado (2019) - UN Stamps","isPartOf":{"@id":"https:\/\/unstamps.org\/es\/#website"},"primaryImageOfPage":{"@id":"https:\/\/unstamps.org\/es\/producto\/090-e-sobre-prefranqueado-2019\/#primaryimage"},"image":{"@id":"https:\/\/unstamps.org\/es\/producto\/090-e-sobre-prefranqueado-2019\/#primaryimage"},"thumbnailUrl":"https:\/\/unstamps.org\/wp-content\/uploads\/2019\/07\/VI_Pre-stamped-Env19_m.jpg","datePublished":"2019-08-19T15:11:46+00:00","dateModified":"2026-01-09T15:54:16+00:00","breadcrumb":{"@id":"https:\/\/unstamps.org\/es\/producto\/090-e-sobre-prefranqueado-2019\/#breadcrumb"},"inLanguage":"es","potentialAction":[{"@type":"ReadAction","target":["https:\/\/unstamps.org\/es\/producto\/090-e-sobre-prefranqueado-2019\/"]}]},{"@type":"ImageObject","inLanguage":"es","@id":"https:\/\/unstamps.org\/es\/producto\/090-e-sobre-prefranqueado-2019\/#primaryimage","url":"https:\/\/unstamps.org\/wp-content\/uploads\/2019\/07\/VI_Pre-stamped-Env19_m.jpg","contentUrl":"https:\/\/unstamps.org\/wp-content\/uploads\/2019\/07\/VI_Pre-stamped-Env19_m.jpg","width":1024,"height":1024},{"@type":"BreadcrumbList","@id":"https:\/\/unstamps.org\/es\/producto\/090-e-sobre-prefranqueado-2019\/#breadcrumb","itemListElement":[{"@type":"ListItem","position":1,"name":"Home","item":"https:\/\/unstamps.org\/es\/"},{"@type":"ListItem","position":2,"name":"Shop","item":"https:\/\/unstamps.org\/es\/productos\/"},{"@type":"ListItem","position":3,"name":"0,90 \u20ac Sobre Prefranqueado (2019)"}]},{"@type":"WebSite","@id":"https:\/\/unstamps.org\/es\/#website","url":"https:\/\/unstamps.org\/es\/","name":"UN Stamps","description":"United Nations Stamps","publisher":{"@id":"https:\/\/unstamps.org\/es\/#organization"},"potentialAction":[{"@type":"SearchAction","target":{"@type":"EntryPoint","urlTemplate":"https:\/\/unstamps.org\/es\/?s={search_term_string}"},"query-input":{"@type":"PropertyValueSpecification","valueRequired":true,"valueName":"search_term_string"}}],"inLanguage":"es"},{"@type":"Organization","@id":"https:\/\/unstamps.org\/es\/#organization","name":"UN Stamps","url":"https:\/\/unstamps.org\/es\/","logo":{"@type":"ImageObject","inLanguage":"es","@id":"https:\/\/unstamps.org\/es\/#\/schema\/logo\/image\/","url":"https:\/\/unstamps.org\/wp-content\/uploads\/2014\/01\/logo4web.jpg","contentUrl":"https:\/\/unstamps.org\/wp-content\/uploads\/2014\/01\/logo4web.jpg","width":2500,"height":250,"caption":"UN Stamps"},"image":{"@id":"https:\/\/unstamps.org\/es\/#\/schema\/logo\/image\/"}}]}},"jetpack_sharing_enabled":true,"publishpress_future_action":{"enabled":false,"date":"2026-04-21 16:11:40","action":"change-status","newStatus":"private","terms":[],"taxonomy":"product_cat","extraData":[]},"publishpress_future_workflow_manual_trigger":{"enabledWorkflows":[]},"_links":{"self":[{"href":"https:\/\/unstamps.org\/es\/wp-json\/wp\/v2\/product\/79860","targetHints":{"allow":["GET"]}}],"collection":[{"href":"https:\/\/unstamps.org\/es\/wp-json\/wp\/v2\/product"}],"about":[{"href":"https:\/\/unstamps.org\/es\/wp-json\/wp\/v2\/types\/product"}],"replies":[{"embeddable":true,"href":"https:\/\/unstamps.org\/es\/wp-json\/wp\/v2\/comments?post=79860"}],"wp:featuredmedia":[{"embeddable":true,"href":"https:\/\/unstamps.org\/es\/wp-json\/wp\/v2\/media\/77254"}],"wp:attachment":[{"href":"https:\/\/unstamps.org\/es\/wp-json\/wp\/v2\/media?parent=79860"}],"wp:term":[{"taxonomy":"product_brand","embeddable":true,"href":"https:\/\/unstamps.org\/es\/wp-json\/wp\/v2\/product_brand?post=79860"},{"taxonomy":"product_cat","embeddable":true,"href":"https:\/\/unstamps.org\/es\/wp-json\/wp\/v2\/product_cat?post=79860"},{"taxonomy":"product_tag","embeddable":true,"href":"https:\/\/unstamps.org\/es\/wp-json\/wp\/v2\/product_tag?post=79860"}],"curies":[{"name":"wp","href":"https:\/\/api.w.org\/{rel}","templated":true}]}}