{"id":67150,"date":"2019-05-24T09:53:06","date_gmt":"2019-05-24T13:53:06","guid":{"rendered":"https:\/\/unstamps.org\/?post_type=product&#038;p=67150"},"modified":"2026-01-09T10:26:24","modified_gmt":"2026-01-09T15:26:24","slug":"kofi-annan-sello-ordinario-de-ny-us-135","status":"publish","type":"product","link":"https:\/\/unstamps.org\/es\/producto\/kofi-annan-sello-ordinario-de-ny-us-135\/","title":{"rendered":"Kofi Annan &#8211; Sello Ordinario de NY &#8211; US$ 1,35"},"content":{"rendered":"<p>El 31 de mayo de 2019 la Administraci\u00f3n Postal de las Naciones Unidas emitir\u00e1 un sello ordinario en honor a Kofi Annan, ex Secretario General de las Naciones Unidas.<\/p>\n<p>El sello, que tendr\u00e1 un valor de 1,30 d\u00f3lares, muestra un retrato del difunto Kofi Annan y fue ilustrado por el famoso artista y grabador Martin M\u00f6rck (Noruega). En los sellos aparece la siguiente cita: \u201cTo live is to choose. But to choose well, you must know who you are and what you stand for, where you want to go and why you want to get there\u201d (Vivir es elegir. Pero para elegir bien, debes saber qui\u00e9n eres y qu\u00e9 defiendes, ad\u00f3nde quieres ir y por qu\u00e9 quieres llegar all\u00ed).  <\/p>\n<p>Kofi A. Annan, oriundo de Ghana, fue el s\u00e9ptimo Secretario General de las Naciones Unidas, cargo que ocup\u00f3 entre 1997 y 2006, y el primero en salir de las filas del personal de las Naciones Unidas.<\/p>\n<p>Como Secretario General, el Sr. Annan dio prioridad a la revitalizaci\u00f3n de las Naciones Unidas mediante un amplio programa de reforma; al fortalecimiento de la labor tradicional de la Organizaci\u00f3n en las esferas del desarrollo y el mantenimiento de la paz y la seguridad internacionales; a la promoci\u00f3n de los derechos humanos, el estado de derecho y los valores universales de igualdad, tolerancia y dignidad humana; al restablecimiento de la confianza del p\u00fablico en la Organizaci\u00f3n mediante la b\u00fasqueda de nuevos asociados y, en sus propias palabras, mediante el \u201cacercamiento de las Naciones Unidas a la gente\u201d. El Sr. Annan tambi\u00e9n asumi\u00f3 un papel de liderazgo en la movilizaci\u00f3n de la comunidad internacional en favor de la lucha contra el VIH\/SIDA y contra la amenaza terrorista mundial.<\/p>\n<p>El Sr. Annan fue galardonado con el Premio Nobel de la Paz en 2001, junto con la Organizaci\u00f3n. Adem\u00e1s, recibi\u00f3 numerosos t\u00edtulos honor\u00edficos y muchos otros premios, medallas y honores nacionales e internacionales.<\/p>\n<p>Tras dejar las Naciones Unidas, el Sr. Annan cre\u00f3 la Fundaci\u00f3n Kofi Annan en 2007. La Fundaci\u00f3n es una organizaci\u00f3n independiente sin fines de lucro que trabaja para promover una mejor gobernanza mundial y fortalecer la capacidad de las personas y los pa\u00edses para lograr un mundo m\u00e1s justo y pac\u00edfico. <\/p>\n<p>Kofi Annan falleci\u00f3 el 18 de agosto de 2018 en Berna (Suiza) a los 80 a\u00f1os de edad.<\/p>\n","protected":false},"excerpt":{"rendered":"<p>El 31 de mayo de 2019 la Administraci\u00f3n Postal de las Naciones Unidas emitir\u00e1 un sello ordinario en honor a Kofi Annan, ex Secretario General de las Naciones Unidas. El sello, que tendr\u00e1 un valor de 1,30 d\u00f3lares, muestra un retrato del difunto Kofi Annan y fue ilustrado por el famoso artista y grabador Martin [&hellip;]<\/p>\n","protected":false},"featured_media":67105,"comment_status":"closed","ping_status":"closed","template":"","meta":{"ngg_post_thumbnail":0},"product_brand":[],"product_cat":[1125,930,924],"product_tag":[],"class_list":{"0":"post-67150","1":"product","2":"type-product","3":"status-publish","4":"has-post-thumbnail","6":"product_cat-2019-year-es","7":"product_cat-definitivos","8":"product_cat-nueva-york","9":"pa_condition-cancelled-es","10":"pa_condition-mint-es","12":"first","13":"instock","14":"shipping-taxable","15":"purchasable","16":"product-type-variable"},"yoast_head":"<!-- This site is optimized with the Yoast SEO plugin v27.4 - https:\/\/yoast.com\/product\/yoast-seo-wordpress\/ -->\n<title>Kofi Annan &#8211; Sello Ordinario de NY &#8211; US$ 1,35 - UN Stamps<\/title>\n<meta name=\"robots\" content=\"index, follow, max-snippet:-1, max-image-preview:large, max-video-preview:-1\" \/>\n<link rel=\"canonical\" href=\"https:\/\/unstamps.org\/es\/producto\/kofi-annan-sello-ordinario-de-ny-us-135\/\" \/>\n<meta property=\"og:locale\" content=\"es_ES\" \/>\n<meta property=\"og:type\" content=\"article\" \/>\n<meta property=\"og:title\" content=\"Kofi Annan &#8211; Sello Ordinario de NY &#8211; US$ 1,35 - UN Stamps\" \/>\n<meta property=\"og:description\" content=\"El 31 de mayo de 2019 la Administraci\u00f3n Postal de las Naciones Unidas emitir\u00e1 un sello ordinario en honor a Kofi Annan, ex Secretario General de las Naciones Unidas. El sello, que tendr\u00e1 un valor de 1,30 d\u00f3lares, muestra un retrato del difunto Kofi Annan y fue ilustrado por el famoso artista y grabador Martin [&hellip;]\" \/>\n<meta property=\"og:url\" content=\"https:\/\/unstamps.org\/es\/producto\/kofi-annan-sello-ordinario-de-ny-us-135\/\" \/>\n<meta property=\"og:site_name\" content=\"UN Stamps\" \/>\n<meta property=\"article:modified_time\" content=\"2026-01-09T15:26:24+00:00\" \/>\n<meta property=\"og:image\" content=\"https:\/\/unstamps.org\/wp-content\/uploads\/2019\/05\/K.Annan19_NY-1.30-stamp.jpg\" \/>\n\t<meta property=\"og:image:width\" content=\"1024\" \/>\n\t<meta property=\"og:image:height\" content=\"1024\" \/>\n\t<meta property=\"og:image:type\" content=\"image\/jpeg\" \/>\n<meta name=\"twitter:card\" content=\"summary_large_image\" \/>\n<meta name=\"twitter:label1\" content=\"Tiempo de lectura\" \/>\n\t<meta name=\"twitter:data1\" content=\"2 minutos\" \/>\n<script type=\"application\/ld+json\" class=\"yoast-schema-graph\">{\"@context\":\"https:\\\/\\\/schema.org\",\"@graph\":[{\"@type\":\"WebPage\",\"@id\":\"https:\\\/\\\/unstamps.org\\\/es\\\/producto\\\/kofi-annan-sello-ordinario-de-ny-us-135\\\/\",\"url\":\"https:\\\/\\\/unstamps.org\\\/es\\\/producto\\\/kofi-annan-sello-ordinario-de-ny-us-135\\\/\",\"name\":\"Kofi Annan &#8211; Sello Ordinario de NY &#8211; US$ 1,35 - UN Stamps\",\"isPartOf\":{\"@id\":\"https:\\\/\\\/unstamps.org\\\/es\\\/#website\"},\"primaryImageOfPage\":{\"@id\":\"https:\\\/\\\/unstamps.org\\\/es\\\/producto\\\/kofi-annan-sello-ordinario-de-ny-us-135\\\/#primaryimage\"},\"image\":{\"@id\":\"https:\\\/\\\/unstamps.org\\\/es\\\/producto\\\/kofi-annan-sello-ordinario-de-ny-us-135\\\/#primaryimage\"},\"thumbnailUrl\":\"https:\\\/\\\/unstamps.org\\\/wp-content\\\/uploads\\\/2019\\\/05\\\/K.Annan19_NY-1.30-stamp.jpg\",\"datePublished\":\"2019-05-24T13:53:06+00:00\",\"dateModified\":\"2026-01-09T15:26:24+00:00\",\"breadcrumb\":{\"@id\":\"https:\\\/\\\/unstamps.org\\\/es\\\/producto\\\/kofi-annan-sello-ordinario-de-ny-us-135\\\/#breadcrumb\"},\"inLanguage\":\"es\",\"potentialAction\":[{\"@type\":\"ReadAction\",\"target\":[\"https:\\\/\\\/unstamps.org\\\/es\\\/producto\\\/kofi-annan-sello-ordinario-de-ny-us-135\\\/\"]}]},{\"@type\":\"ImageObject\",\"inLanguage\":\"es\",\"@id\":\"https:\\\/\\\/unstamps.org\\\/es\\\/producto\\\/kofi-annan-sello-ordinario-de-ny-us-135\\\/#primaryimage\",\"url\":\"https:\\\/\\\/unstamps.org\\\/wp-content\\\/uploads\\\/2019\\\/05\\\/K.Annan19_NY-1.30-stamp.jpg\",\"contentUrl\":\"https:\\\/\\\/unstamps.org\\\/wp-content\\\/uploads\\\/2019\\\/05\\\/K.Annan19_NY-1.30-stamp.jpg\",\"width\":1024,\"height\":1024},{\"@type\":\"BreadcrumbList\",\"@id\":\"https:\\\/\\\/unstamps.org\\\/es\\\/producto\\\/kofi-annan-sello-ordinario-de-ny-us-135\\\/#breadcrumb\",\"itemListElement\":[{\"@type\":\"ListItem\",\"position\":1,\"name\":\"Home\",\"item\":\"https:\\\/\\\/unstamps.org\\\/es\\\/\"},{\"@type\":\"ListItem\",\"position\":2,\"name\":\"Shop\",\"item\":\"https:\\\/\\\/unstamps.org\\\/es\\\/productos\\\/\"},{\"@type\":\"ListItem\",\"position\":3,\"name\":\"Kofi Annan &#8211; Sello Ordinario de NY &#8211; US$ 1,35\"}]},{\"@type\":\"WebSite\",\"@id\":\"https:\\\/\\\/unstamps.org\\\/es\\\/#website\",\"url\":\"https:\\\/\\\/unstamps.org\\\/es\\\/\",\"name\":\"UN Stamps\",\"description\":\"United Nations Stamps\",\"publisher\":{\"@id\":\"https:\\\/\\\/unstamps.org\\\/es\\\/#organization\"},\"potentialAction\":[{\"@type\":\"SearchAction\",\"target\":{\"@type\":\"EntryPoint\",\"urlTemplate\":\"https:\\\/\\\/unstamps.org\\\/es\\\/?s={search_term_string}\"},\"query-input\":{\"@type\":\"PropertyValueSpecification\",\"valueRequired\":true,\"valueName\":\"search_term_string\"}}],\"inLanguage\":\"es\"},{\"@type\":\"Organization\",\"@id\":\"https:\\\/\\\/unstamps.org\\\/es\\\/#organization\",\"name\":\"UN Stamps\",\"url\":\"https:\\\/\\\/unstamps.org\\\/es\\\/\",\"logo\":{\"@type\":\"ImageObject\",\"inLanguage\":\"es\",\"@id\":\"https:\\\/\\\/unstamps.org\\\/es\\\/#\\\/schema\\\/logo\\\/image\\\/\",\"url\":\"https:\\\/\\\/unstamps.org\\\/wp-content\\\/uploads\\\/2014\\\/01\\\/logo4web.jpg\",\"contentUrl\":\"https:\\\/\\\/unstamps.org\\\/wp-content\\\/uploads\\\/2014\\\/01\\\/logo4web.jpg\",\"width\":2500,\"height\":250,\"caption\":\"UN Stamps\"},\"image\":{\"@id\":\"https:\\\/\\\/unstamps.org\\\/es\\\/#\\\/schema\\\/logo\\\/image\\\/\"}}]}<\/script>\n<!-- \/ Yoast SEO plugin. -->","yoast_head_json":{"title":"Kofi Annan &#8211; Sello Ordinario de NY &#8211; US$ 1,35 - UN Stamps","robots":{"index":"index","follow":"follow","max-snippet":"max-snippet:-1","max-image-preview":"max-image-preview:large","max-video-preview":"max-video-preview:-1"},"canonical":"https:\/\/unstamps.org\/es\/producto\/kofi-annan-sello-ordinario-de-ny-us-135\/","og_locale":"es_ES","og_type":"article","og_title":"Kofi Annan &#8211; Sello Ordinario de NY &#8211; US$ 1,35 - UN Stamps","og_description":"El 31 de mayo de 2019 la Administraci\u00f3n Postal de las Naciones Unidas emitir\u00e1 un sello ordinario en honor a Kofi Annan, ex Secretario General de las Naciones Unidas. El sello, que tendr\u00e1 un valor de 1,30 d\u00f3lares, muestra un retrato del difunto Kofi Annan y fue ilustrado por el famoso artista y grabador Martin [&hellip;]","og_url":"https:\/\/unstamps.org\/es\/producto\/kofi-annan-sello-ordinario-de-ny-us-135\/","og_site_name":"UN Stamps","article_modified_time":"2026-01-09T15:26:24+00:00","og_image":[{"width":1024,"height":1024,"url":"https:\/\/unstamps.org\/wp-content\/uploads\/2019\/05\/K.Annan19_NY-1.30-stamp.jpg","type":"image\/jpeg"}],"twitter_card":"summary_large_image","twitter_misc":{"Tiempo de lectura":"2 minutos"},"schema":{"@context":"https:\/\/schema.org","@graph":[{"@type":"WebPage","@id":"https:\/\/unstamps.org\/es\/producto\/kofi-annan-sello-ordinario-de-ny-us-135\/","url":"https:\/\/unstamps.org\/es\/producto\/kofi-annan-sello-ordinario-de-ny-us-135\/","name":"Kofi Annan &#8211; Sello Ordinario de NY &#8211; US$ 1,35 - UN Stamps","isPartOf":{"@id":"https:\/\/unstamps.org\/es\/#website"},"primaryImageOfPage":{"@id":"https:\/\/unstamps.org\/es\/producto\/kofi-annan-sello-ordinario-de-ny-us-135\/#primaryimage"},"image":{"@id":"https:\/\/unstamps.org\/es\/producto\/kofi-annan-sello-ordinario-de-ny-us-135\/#primaryimage"},"thumbnailUrl":"https:\/\/unstamps.org\/wp-content\/uploads\/2019\/05\/K.Annan19_NY-1.30-stamp.jpg","datePublished":"2019-05-24T13:53:06+00:00","dateModified":"2026-01-09T15:26:24+00:00","breadcrumb":{"@id":"https:\/\/unstamps.org\/es\/producto\/kofi-annan-sello-ordinario-de-ny-us-135\/#breadcrumb"},"inLanguage":"es","potentialAction":[{"@type":"ReadAction","target":["https:\/\/unstamps.org\/es\/producto\/kofi-annan-sello-ordinario-de-ny-us-135\/"]}]},{"@type":"ImageObject","inLanguage":"es","@id":"https:\/\/unstamps.org\/es\/producto\/kofi-annan-sello-ordinario-de-ny-us-135\/#primaryimage","url":"https:\/\/unstamps.org\/wp-content\/uploads\/2019\/05\/K.Annan19_NY-1.30-stamp.jpg","contentUrl":"https:\/\/unstamps.org\/wp-content\/uploads\/2019\/05\/K.Annan19_NY-1.30-stamp.jpg","width":1024,"height":1024},{"@type":"BreadcrumbList","@id":"https:\/\/unstamps.org\/es\/producto\/kofi-annan-sello-ordinario-de-ny-us-135\/#breadcrumb","itemListElement":[{"@type":"ListItem","position":1,"name":"Home","item":"https:\/\/unstamps.org\/es\/"},{"@type":"ListItem","position":2,"name":"Shop","item":"https:\/\/unstamps.org\/es\/productos\/"},{"@type":"ListItem","position":3,"name":"Kofi Annan &#8211; Sello Ordinario de NY &#8211; US$ 1,35"}]},{"@type":"WebSite","@id":"https:\/\/unstamps.org\/es\/#website","url":"https:\/\/unstamps.org\/es\/","name":"UN Stamps","description":"United Nations Stamps","publisher":{"@id":"https:\/\/unstamps.org\/es\/#organization"},"potentialAction":[{"@type":"SearchAction","target":{"@type":"EntryPoint","urlTemplate":"https:\/\/unstamps.org\/es\/?s={search_term_string}"},"query-input":{"@type":"PropertyValueSpecification","valueRequired":true,"valueName":"search_term_string"}}],"inLanguage":"es"},{"@type":"Organization","@id":"https:\/\/unstamps.org\/es\/#organization","name":"UN Stamps","url":"https:\/\/unstamps.org\/es\/","logo":{"@type":"ImageObject","inLanguage":"es","@id":"https:\/\/unstamps.org\/es\/#\/schema\/logo\/image\/","url":"https:\/\/unstamps.org\/wp-content\/uploads\/2014\/01\/logo4web.jpg","contentUrl":"https:\/\/unstamps.org\/wp-content\/uploads\/2014\/01\/logo4web.jpg","width":2500,"height":250,"caption":"UN Stamps"},"image":{"@id":"https:\/\/unstamps.org\/es\/#\/schema\/logo\/image\/"}}]}},"jetpack_sharing_enabled":true,"publishpress_future_action":{"enabled":false,"date":"2026-05-01 15:48:59","action":"change-status","newStatus":"private","terms":[],"taxonomy":"product_cat","extraData":[]},"publishpress_future_workflow_manual_trigger":{"enabledWorkflows":[]},"_links":{"self":[{"href":"https:\/\/unstamps.org\/es\/wp-json\/wp\/v2\/product\/67150","targetHints":{"allow":["GET"]}}],"collection":[{"href":"https:\/\/unstamps.org\/es\/wp-json\/wp\/v2\/product"}],"about":[{"href":"https:\/\/unstamps.org\/es\/wp-json\/wp\/v2\/types\/product"}],"replies":[{"embeddable":true,"href":"https:\/\/unstamps.org\/es\/wp-json\/wp\/v2\/comments?post=67150"}],"wp:featuredmedia":[{"embeddable":true,"href":"https:\/\/unstamps.org\/es\/wp-json\/wp\/v2\/media\/67105"}],"wp:attachment":[{"href":"https:\/\/unstamps.org\/es\/wp-json\/wp\/v2\/media?parent=67150"}],"wp:term":[{"taxonomy":"product_brand","embeddable":true,"href":"https:\/\/unstamps.org\/es\/wp-json\/wp\/v2\/product_brand?post=67150"},{"taxonomy":"product_cat","embeddable":true,"href":"https:\/\/unstamps.org\/es\/wp-json\/wp\/v2\/product_cat?post=67150"},{"taxonomy":"product_tag","embeddable":true,"href":"https:\/\/unstamps.org\/es\/wp-json\/wp\/v2\/product_tag?post=67150"}],"curies":[{"name":"wp","href":"https:\/\/api.w.org\/{rel}","templated":true}]}}