{"id":57749,"date":"2018-05-29T13:18:15","date_gmt":"2018-05-29T17:18:15","guid":{"rendered":"https:\/\/unstamps.org\/?post_type=product&#038;p=57749"},"modified":"2026-01-09T10:09:00","modified_gmt":"2026-01-09T15:09:00","slug":"series-basicas-de-2018-us-0-65-hoja","status":"publish","type":"product","link":"https:\/\/unstamps.org\/es\/producto\/series-basicas-de-2018-us-0-65-hoja\/","title":{"rendered":"Series b\u00e1sicas de 2018 &#8211; US$ 0.65 Hoja"},"content":{"rendered":"<h2><strong>\u00bfQU\u00c9 HACE USTED POR LA PAZ?<\/strong><\/h2>\n<p>El 17 de septiembre de 2015 se puso en marcha una campa\u00f1a mundial de divulgaci\u00f3n, destinada a poner de relieve las carreras que ofrecen las Naciones Unidas sobre el terreno y rendir homenaje a la fuerza de trabajo de la Organizaci\u00f3n, que es su recurso principal. Esa actividad, durante la cual se tom\u00f3 una fotograf\u00eda a\u00e9rea, se realiz\u00f3 en un magn\u00edfico d\u00eda de sol y en ella participaron m\u00e1s de 1.000\u00a0funcionarios de diversos departamentos y oficinas de la Sede de las Naciones Unidas, que se congregaron vestidos de blanco en torno a la rotonda situada frente al edificio de la Secretar\u00eda de las Naciones Unidas para formar las letras del lema de la campa\u00f1a en ingl\u00e9s What R U Doing 4 Peace? y en franc\u00e9s Que faites-vous pour la paix? (\u201c\u00bfQu\u00e9 hace usted por la paz?\u201d).<\/p>\n<p>Los participantes unidos por el color de la paz, posaron para que se crearan dos im\u00e1genes cuyo objetivo es proclamar la raz\u00f3n de ser de las Naciones Unidas, porque la promoci\u00f3n de la causa de la paz es la esencia de toda la labor diaria de la Organizaci\u00f3n. La actividad, en que tambi\u00e9n se conmemor\u00f3 el 70\u00ba aniversario de las Naciones Unidas, fue una gran iniciativa de coordinaci\u00f3n, cuyo resultado fueron dos emblem\u00e1ticas fotograf\u00edas con mensajes en los dos idiomas de trabajo de la Organizaci\u00f3n.<\/p>\n<p>La fotograf\u00eda a\u00e9rea estuvo organizada por la Divisi\u00f3n de Personal sobre el Terreno del Departamento de Apoyo a las Actividades sobre el Terreno. La idea de las im\u00e1genes surgi\u00f3 de una sesi\u00f3n de informaci\u00f3n en que se aludi\u00f3 a la consigna de que \u201cel cielo es el l\u00edmite\u201d, y fue aprobada por la entonces Jefa de Gabinete, Susana Malcorra. La actividad se aprovech\u00f3 para llamar la atenci\u00f3n sobre la diversidad de carreras que ofrecen las Naciones Unidas en numerosas disciplinas y diversos lugares de todo el mundo.<\/p>\n<p>El 29 de mayo de 2018, con ocasi\u00f3n del D\u00eda Internacional del Personal de Paz de las Naciones Unidas, la Administraci\u00f3n Postal de las Naciones Unidas emitir\u00e1 un sello ordinario de 65 centavos de d\u00f3lar de los EE.UU., para rendir homenaje a todos los que trabajan incansablemente por la paz.<\/p>\n","protected":false},"excerpt":{"rendered":"<p>\u00bfQU\u00c9 HACE USTED POR LA PAZ? El 17 de septiembre de 2015 se puso en marcha una campa\u00f1a mundial de divulgaci\u00f3n, destinada a poner de relieve las carreras que ofrecen las Naciones Unidas sobre el terreno y rendir homenaje a la fuerza de trabajo de la Organizaci\u00f3n, que es su recurso principal. Esa actividad, durante [&hellip;]<\/p>\n","protected":false},"featured_media":57822,"comment_status":"closed","ping_status":"closed","template":"","meta":{"ngg_post_thumbnail":0},"product_brand":[],"product_cat":[965,924],"product_tag":[],"class_list":{"0":"post-57749","1":"product","2":"type-product","3":"status-publish","4":"has-post-thumbnail","6":"product_cat-2018-es","7":"product_cat-nueva-york","8":"pa_condition-cancelled-es","9":"pa_condition-mint-es","11":"first","12":"instock","13":"shipping-taxable","14":"purchasable","15":"product-type-variable"},"yoast_head":"<!-- This site is optimized with the Yoast SEO plugin v27.4 - https:\/\/yoast.com\/product\/yoast-seo-wordpress\/ -->\n<title>Series b\u00e1sicas de 2018 &#8211; US$ 0.65 Hoja - UN Stamps<\/title>\n<meta name=\"robots\" content=\"index, follow, max-snippet:-1, max-image-preview:large, max-video-preview:-1\" \/>\n<link rel=\"canonical\" href=\"https:\/\/unstamps.org\/es\/producto\/series-basicas-de-2018-us-0-65-hoja\/\" \/>\n<meta property=\"og:locale\" content=\"es_ES\" \/>\n<meta property=\"og:type\" content=\"article\" \/>\n<meta property=\"og:title\" content=\"Series b\u00e1sicas de 2018 &#8211; US$ 0.65 Hoja - UN Stamps\" \/>\n<meta property=\"og:description\" content=\"\u00bfQU\u00c9 HACE USTED POR LA PAZ? El 17 de septiembre de 2015 se puso en marcha una campa\u00f1a mundial de divulgaci\u00f3n, destinada a poner de relieve las carreras que ofrecen las Naciones Unidas sobre el terreno y rendir homenaje a la fuerza de trabajo de la Organizaci\u00f3n, que es su recurso principal. Esa actividad, durante [&hellip;]\" \/>\n<meta property=\"og:url\" content=\"https:\/\/unstamps.org\/es\/producto\/series-basicas-de-2018-us-0-65-hoja\/\" \/>\n<meta property=\"og:site_name\" content=\"UN Stamps\" \/>\n<meta property=\"article:modified_time\" content=\"2026-01-09T15:09:00+00:00\" \/>\n<meta property=\"og:image\" content=\"https:\/\/unstamps.org\/wp-content\/uploads\/2018\/05\/WRUDFP18_NY-0.65-sheet.jpg\" \/>\n\t<meta property=\"og:image:width\" content=\"1024\" \/>\n\t<meta property=\"og:image:height\" content=\"1024\" \/>\n\t<meta property=\"og:image:type\" content=\"image\/jpeg\" \/>\n<meta name=\"twitter:card\" content=\"summary_large_image\" \/>\n<meta name=\"twitter:label1\" content=\"Tiempo de lectura\" \/>\n\t<meta name=\"twitter:data1\" content=\"2 minutos\" \/>\n<script type=\"application\/ld+json\" class=\"yoast-schema-graph\">{\"@context\":\"https:\\\/\\\/schema.org\",\"@graph\":[{\"@type\":\"WebPage\",\"@id\":\"https:\\\/\\\/unstamps.org\\\/es\\\/producto\\\/series-basicas-de-2018-us-0-65-hoja\\\/\",\"url\":\"https:\\\/\\\/unstamps.org\\\/es\\\/producto\\\/series-basicas-de-2018-us-0-65-hoja\\\/\",\"name\":\"Series b\u00e1sicas de 2018 &#8211; US$ 0.65 Hoja - UN Stamps\",\"isPartOf\":{\"@id\":\"https:\\\/\\\/unstamps.org\\\/es\\\/#website\"},\"primaryImageOfPage\":{\"@id\":\"https:\\\/\\\/unstamps.org\\\/es\\\/producto\\\/series-basicas-de-2018-us-0-65-hoja\\\/#primaryimage\"},\"image\":{\"@id\":\"https:\\\/\\\/unstamps.org\\\/es\\\/producto\\\/series-basicas-de-2018-us-0-65-hoja\\\/#primaryimage\"},\"thumbnailUrl\":\"https:\\\/\\\/unstamps.org\\\/wp-content\\\/uploads\\\/2018\\\/05\\\/WRUDFP18_NY-0.65-sheet.jpg\",\"datePublished\":\"2018-05-29T17:18:15+00:00\",\"dateModified\":\"2026-01-09T15:09:00+00:00\",\"breadcrumb\":{\"@id\":\"https:\\\/\\\/unstamps.org\\\/es\\\/producto\\\/series-basicas-de-2018-us-0-65-hoja\\\/#breadcrumb\"},\"inLanguage\":\"es\",\"potentialAction\":[{\"@type\":\"ReadAction\",\"target\":[\"https:\\\/\\\/unstamps.org\\\/es\\\/producto\\\/series-basicas-de-2018-us-0-65-hoja\\\/\"]}]},{\"@type\":\"ImageObject\",\"inLanguage\":\"es\",\"@id\":\"https:\\\/\\\/unstamps.org\\\/es\\\/producto\\\/series-basicas-de-2018-us-0-65-hoja\\\/#primaryimage\",\"url\":\"https:\\\/\\\/unstamps.org\\\/wp-content\\\/uploads\\\/2018\\\/05\\\/WRUDFP18_NY-0.65-sheet.jpg\",\"contentUrl\":\"https:\\\/\\\/unstamps.org\\\/wp-content\\\/uploads\\\/2018\\\/05\\\/WRUDFP18_NY-0.65-sheet.jpg\",\"width\":1024,\"height\":1024},{\"@type\":\"BreadcrumbList\",\"@id\":\"https:\\\/\\\/unstamps.org\\\/es\\\/producto\\\/series-basicas-de-2018-us-0-65-hoja\\\/#breadcrumb\",\"itemListElement\":[{\"@type\":\"ListItem\",\"position\":1,\"name\":\"Home\",\"item\":\"https:\\\/\\\/unstamps.org\\\/es\\\/\"},{\"@type\":\"ListItem\",\"position\":2,\"name\":\"Shop\",\"item\":\"https:\\\/\\\/unstamps.org\\\/es\\\/productos\\\/\"},{\"@type\":\"ListItem\",\"position\":3,\"name\":\"Series b\u00e1sicas de 2018 &#8211; US$ 0.65 Hoja\"}]},{\"@type\":\"WebSite\",\"@id\":\"https:\\\/\\\/unstamps.org\\\/es\\\/#website\",\"url\":\"https:\\\/\\\/unstamps.org\\\/es\\\/\",\"name\":\"UN Stamps\",\"description\":\"United Nations Stamps\",\"publisher\":{\"@id\":\"https:\\\/\\\/unstamps.org\\\/es\\\/#organization\"},\"potentialAction\":[{\"@type\":\"SearchAction\",\"target\":{\"@type\":\"EntryPoint\",\"urlTemplate\":\"https:\\\/\\\/unstamps.org\\\/es\\\/?s={search_term_string}\"},\"query-input\":{\"@type\":\"PropertyValueSpecification\",\"valueRequired\":true,\"valueName\":\"search_term_string\"}}],\"inLanguage\":\"es\"},{\"@type\":\"Organization\",\"@id\":\"https:\\\/\\\/unstamps.org\\\/es\\\/#organization\",\"name\":\"UN Stamps\",\"url\":\"https:\\\/\\\/unstamps.org\\\/es\\\/\",\"logo\":{\"@type\":\"ImageObject\",\"inLanguage\":\"es\",\"@id\":\"https:\\\/\\\/unstamps.org\\\/es\\\/#\\\/schema\\\/logo\\\/image\\\/\",\"url\":\"https:\\\/\\\/unstamps.org\\\/wp-content\\\/uploads\\\/2014\\\/01\\\/logo4web.jpg\",\"contentUrl\":\"https:\\\/\\\/unstamps.org\\\/wp-content\\\/uploads\\\/2014\\\/01\\\/logo4web.jpg\",\"width\":2500,\"height\":250,\"caption\":\"UN Stamps\"},\"image\":{\"@id\":\"https:\\\/\\\/unstamps.org\\\/es\\\/#\\\/schema\\\/logo\\\/image\\\/\"}}]}<\/script>\n<!-- \/ Yoast SEO plugin. -->","yoast_head_json":{"title":"Series b\u00e1sicas de 2018 &#8211; US$ 0.65 Hoja - UN Stamps","robots":{"index":"index","follow":"follow","max-snippet":"max-snippet:-1","max-image-preview":"max-image-preview:large","max-video-preview":"max-video-preview:-1"},"canonical":"https:\/\/unstamps.org\/es\/producto\/series-basicas-de-2018-us-0-65-hoja\/","og_locale":"es_ES","og_type":"article","og_title":"Series b\u00e1sicas de 2018 &#8211; US$ 0.65 Hoja - UN Stamps","og_description":"\u00bfQU\u00c9 HACE USTED POR LA PAZ? El 17 de septiembre de 2015 se puso en marcha una campa\u00f1a mundial de divulgaci\u00f3n, destinada a poner de relieve las carreras que ofrecen las Naciones Unidas sobre el terreno y rendir homenaje a la fuerza de trabajo de la Organizaci\u00f3n, que es su recurso principal. Esa actividad, durante [&hellip;]","og_url":"https:\/\/unstamps.org\/es\/producto\/series-basicas-de-2018-us-0-65-hoja\/","og_site_name":"UN Stamps","article_modified_time":"2026-01-09T15:09:00+00:00","og_image":[{"width":1024,"height":1024,"url":"https:\/\/unstamps.org\/wp-content\/uploads\/2018\/05\/WRUDFP18_NY-0.65-sheet.jpg","type":"image\/jpeg"}],"twitter_card":"summary_large_image","twitter_misc":{"Tiempo de lectura":"2 minutos"},"schema":{"@context":"https:\/\/schema.org","@graph":[{"@type":"WebPage","@id":"https:\/\/unstamps.org\/es\/producto\/series-basicas-de-2018-us-0-65-hoja\/","url":"https:\/\/unstamps.org\/es\/producto\/series-basicas-de-2018-us-0-65-hoja\/","name":"Series b\u00e1sicas de 2018 &#8211; US$ 0.65 Hoja - UN Stamps","isPartOf":{"@id":"https:\/\/unstamps.org\/es\/#website"},"primaryImageOfPage":{"@id":"https:\/\/unstamps.org\/es\/producto\/series-basicas-de-2018-us-0-65-hoja\/#primaryimage"},"image":{"@id":"https:\/\/unstamps.org\/es\/producto\/series-basicas-de-2018-us-0-65-hoja\/#primaryimage"},"thumbnailUrl":"https:\/\/unstamps.org\/wp-content\/uploads\/2018\/05\/WRUDFP18_NY-0.65-sheet.jpg","datePublished":"2018-05-29T17:18:15+00:00","dateModified":"2026-01-09T15:09:00+00:00","breadcrumb":{"@id":"https:\/\/unstamps.org\/es\/producto\/series-basicas-de-2018-us-0-65-hoja\/#breadcrumb"},"inLanguage":"es","potentialAction":[{"@type":"ReadAction","target":["https:\/\/unstamps.org\/es\/producto\/series-basicas-de-2018-us-0-65-hoja\/"]}]},{"@type":"ImageObject","inLanguage":"es","@id":"https:\/\/unstamps.org\/es\/producto\/series-basicas-de-2018-us-0-65-hoja\/#primaryimage","url":"https:\/\/unstamps.org\/wp-content\/uploads\/2018\/05\/WRUDFP18_NY-0.65-sheet.jpg","contentUrl":"https:\/\/unstamps.org\/wp-content\/uploads\/2018\/05\/WRUDFP18_NY-0.65-sheet.jpg","width":1024,"height":1024},{"@type":"BreadcrumbList","@id":"https:\/\/unstamps.org\/es\/producto\/series-basicas-de-2018-us-0-65-hoja\/#breadcrumb","itemListElement":[{"@type":"ListItem","position":1,"name":"Home","item":"https:\/\/unstamps.org\/es\/"},{"@type":"ListItem","position":2,"name":"Shop","item":"https:\/\/unstamps.org\/es\/productos\/"},{"@type":"ListItem","position":3,"name":"Series b\u00e1sicas de 2018 &#8211; US$ 0.65 Hoja"}]},{"@type":"WebSite","@id":"https:\/\/unstamps.org\/es\/#website","url":"https:\/\/unstamps.org\/es\/","name":"UN Stamps","description":"United Nations Stamps","publisher":{"@id":"https:\/\/unstamps.org\/es\/#organization"},"potentialAction":[{"@type":"SearchAction","target":{"@type":"EntryPoint","urlTemplate":"https:\/\/unstamps.org\/es\/?s={search_term_string}"},"query-input":{"@type":"PropertyValueSpecification","valueRequired":true,"valueName":"search_term_string"}}],"inLanguage":"es"},{"@type":"Organization","@id":"https:\/\/unstamps.org\/es\/#organization","name":"UN Stamps","url":"https:\/\/unstamps.org\/es\/","logo":{"@type":"ImageObject","inLanguage":"es","@id":"https:\/\/unstamps.org\/es\/#\/schema\/logo\/image\/","url":"https:\/\/unstamps.org\/wp-content\/uploads\/2014\/01\/logo4web.jpg","contentUrl":"https:\/\/unstamps.org\/wp-content\/uploads\/2014\/01\/logo4web.jpg","width":2500,"height":250,"caption":"UN Stamps"},"image":{"@id":"https:\/\/unstamps.org\/es\/#\/schema\/logo\/image\/"}}]}},"jetpack_sharing_enabled":true,"publishpress_future_action":{"enabled":false,"date":"2026-05-05 21:22:18","action":"change-status","newStatus":"private","terms":[],"taxonomy":"product_cat","extraData":[]},"publishpress_future_workflow_manual_trigger":{"enabledWorkflows":[]},"_links":{"self":[{"href":"https:\/\/unstamps.org\/es\/wp-json\/wp\/v2\/product\/57749","targetHints":{"allow":["GET"]}}],"collection":[{"href":"https:\/\/unstamps.org\/es\/wp-json\/wp\/v2\/product"}],"about":[{"href":"https:\/\/unstamps.org\/es\/wp-json\/wp\/v2\/types\/product"}],"replies":[{"embeddable":true,"href":"https:\/\/unstamps.org\/es\/wp-json\/wp\/v2\/comments?post=57749"}],"wp:featuredmedia":[{"embeddable":true,"href":"https:\/\/unstamps.org\/es\/wp-json\/wp\/v2\/media\/57822"}],"wp:attachment":[{"href":"https:\/\/unstamps.org\/es\/wp-json\/wp\/v2\/media?parent=57749"}],"wp:term":[{"taxonomy":"product_brand","embeddable":true,"href":"https:\/\/unstamps.org\/es\/wp-json\/wp\/v2\/product_brand?post=57749"},{"taxonomy":"product_cat","embeddable":true,"href":"https:\/\/unstamps.org\/es\/wp-json\/wp\/v2\/product_cat?post=57749"},{"taxonomy":"product_tag","embeddable":true,"href":"https:\/\/unstamps.org\/es\/wp-json\/wp\/v2\/product_tag?post=57749"}],"curies":[{"name":"wp","href":"https:\/\/api.w.org\/{rel}","templated":true}]}}