{"id":57192,"date":"2018-05-03T09:02:34","date_gmt":"2018-05-03T13:40:25","guid":{"rendered":"https:\/\/unstamps.org\/?post_type=product&#038;p=57192"},"modified":"2026-01-09T10:09:01","modified_gmt":"2026-01-09T15:09:01","slug":"series-basicas-de-2018-us-2-50-hoja","status":"publish","type":"product","link":"https:\/\/unstamps.org\/es\/producto\/series-basicas-de-2018-us-2-50-hoja\/","title":{"rendered":"Series b\u00e1sicas de 2018 &#8211; US$ 2.50 Hoja"},"content":{"rendered":"<p><strong>70\u00ba aniversario de la Declaraci\u00f3n Universal de Derechos Humanos<\/strong><\/p>\n<p>A fin de poner de relieve el significado de la Declaraci\u00f3n Universal de Derechos Humanos en la vida diaria de las personas, la Oficina de Derechos Humanos de las Naciones Unidas conmemora el 70\u00ba aniversario de la Declaraci\u00f3n, en 2018, con una campa\u00f1a que durar\u00e1 todo el a\u00f1o.<\/p>\n<p>En la Declaraci\u00f3n, proclamada por la Asamblea General de las Naciones Unidas el 10 de diciembre de 1948 y redactada por representantes de todas las regiones del mundo de diferentes tradiciones jur\u00eddicas y culturales, se establecen unos valores universales y un ideal com\u00fan para todos los pueblos y naciones. En ella se establece tambi\u00e9n que todas las personas son iguales en dignidad y valor.<\/p>\n<p>Gracias a la Declaraci\u00f3n y al compromiso de los Estados con sus principios se ha defendido la dignidad de millones de personas y se han sentado las bases de un mundo m\u00e1s justo. Si bien su promesa a\u00fan est\u00e1 por cumplirse del todo, el mero hecho de que haya superado el paso del tiempo da fe de la universalidad perdurable de sus valores imperecederos.<\/p>\n<p>El sello, cuyo valor postal es de 2,50 USD, muestra una imagen de Eleanor Roosevelt sosteniendo uno de los originales de la Declaraci\u00f3n. Eleanor Roosevelt fue la primera persona que presidi\u00f3 la Comisi\u00f3n de Derechos Humanos de las Naciones Unidas, y trabaj\u00f3 hasta el final de sus d\u00edas para que los derechos contenidos en la Declaraci\u00f3n se aceptaran y aplicaran.<\/p>\n","protected":false},"excerpt":{"rendered":"<p>70\u00ba aniversario de la Declaraci\u00f3n Universal de Derechos Humanos A fin de poner de relieve el significado de la Declaraci\u00f3n Universal de Derechos Humanos en la vida diaria de las personas, la Oficina de Derechos Humanos de las Naciones Unidas conmemora el 70\u00ba aniversario de la Declaraci\u00f3n, en 2018, con una campa\u00f1a que durar\u00e1 todo [&hellip;]<\/p>\n","protected":false},"featured_media":57295,"comment_status":"closed","ping_status":"closed","template":"","meta":{"ngg_post_thumbnail":0},"product_brand":[],"product_cat":[965,924,933],"product_tag":[],"class_list":{"0":"post-57192","1":"product","2":"type-product","3":"status-publish","4":"has-post-thumbnail","6":"product_cat-2018-es","7":"product_cat-nueva-york","8":"product_cat-pliegos-completos","9":"pa_condition-cancelled-es","10":"pa_condition-mint-es","12":"first","13":"instock","14":"shipping-taxable","15":"purchasable","16":"product-type-variable"},"yoast_head":"<!-- This site is optimized with the Yoast SEO plugin v27.4 - https:\/\/yoast.com\/product\/yoast-seo-wordpress\/ -->\n<title>Series b\u00e1sicas de 2018 &#8211; US$ 2.50 Hoja - UN Stamps<\/title>\n<meta name=\"robots\" content=\"index, follow, max-snippet:-1, max-image-preview:large, max-video-preview:-1\" \/>\n<link rel=\"canonical\" href=\"https:\/\/unstamps.org\/es\/producto\/series-basicas-de-2018-us-2-50-hoja\/\" \/>\n<meta property=\"og:locale\" content=\"es_ES\" \/>\n<meta property=\"og:type\" content=\"article\" \/>\n<meta property=\"og:title\" content=\"Series b\u00e1sicas de 2018 &#8211; US$ 2.50 Hoja - UN Stamps\" \/>\n<meta property=\"og:description\" content=\"70\u00ba aniversario de la Declaraci\u00f3n Universal de Derechos Humanos A fin de poner de relieve el significado de la Declaraci\u00f3n Universal de Derechos Humanos en la vida diaria de las personas, la Oficina de Derechos Humanos de las Naciones Unidas conmemora el 70\u00ba aniversario de la Declaraci\u00f3n, en 2018, con una campa\u00f1a que durar\u00e1 todo [&hellip;]\" \/>\n<meta property=\"og:url\" content=\"https:\/\/unstamps.org\/es\/producto\/series-basicas-de-2018-us-2-50-hoja\/\" \/>\n<meta property=\"og:site_name\" content=\"UN Stamps\" \/>\n<meta property=\"article:modified_time\" content=\"2026-01-09T15:09:01+00:00\" \/>\n<meta property=\"og:image\" content=\"https:\/\/unstamps.org\/wp-content\/uploads\/2018\/04\/UDOHR18_NY-2.50-sheet.jpg\" \/>\n\t<meta property=\"og:image:width\" content=\"1024\" \/>\n\t<meta property=\"og:image:height\" content=\"1024\" \/>\n\t<meta property=\"og:image:type\" content=\"image\/jpeg\" \/>\n<meta name=\"twitter:card\" content=\"summary_large_image\" \/>\n<meta name=\"twitter:label1\" content=\"Tiempo de lectura\" \/>\n\t<meta name=\"twitter:data1\" content=\"1 minuto\" \/>\n<script type=\"application\/ld+json\" class=\"yoast-schema-graph\">{\"@context\":\"https:\\\/\\\/schema.org\",\"@graph\":[{\"@type\":\"WebPage\",\"@id\":\"https:\\\/\\\/unstamps.org\\\/es\\\/producto\\\/series-basicas-de-2018-us-2-50-hoja\\\/\",\"url\":\"https:\\\/\\\/unstamps.org\\\/es\\\/producto\\\/series-basicas-de-2018-us-2-50-hoja\\\/\",\"name\":\"Series b\u00e1sicas de 2018 &#8211; US$ 2.50 Hoja - UN Stamps\",\"isPartOf\":{\"@id\":\"https:\\\/\\\/unstamps.org\\\/es\\\/#website\"},\"primaryImageOfPage\":{\"@id\":\"https:\\\/\\\/unstamps.org\\\/es\\\/producto\\\/series-basicas-de-2018-us-2-50-hoja\\\/#primaryimage\"},\"image\":{\"@id\":\"https:\\\/\\\/unstamps.org\\\/es\\\/producto\\\/series-basicas-de-2018-us-2-50-hoja\\\/#primaryimage\"},\"thumbnailUrl\":\"https:\\\/\\\/unstamps.org\\\/wp-content\\\/uploads\\\/2018\\\/04\\\/UDOHR18_NY-2.50-sheet.jpg\",\"datePublished\":\"2018-05-03T13:40:25+00:00\",\"dateModified\":\"2026-01-09T15:09:01+00:00\",\"breadcrumb\":{\"@id\":\"https:\\\/\\\/unstamps.org\\\/es\\\/producto\\\/series-basicas-de-2018-us-2-50-hoja\\\/#breadcrumb\"},\"inLanguage\":\"es\",\"potentialAction\":[{\"@type\":\"ReadAction\",\"target\":[\"https:\\\/\\\/unstamps.org\\\/es\\\/producto\\\/series-basicas-de-2018-us-2-50-hoja\\\/\"]}]},{\"@type\":\"ImageObject\",\"inLanguage\":\"es\",\"@id\":\"https:\\\/\\\/unstamps.org\\\/es\\\/producto\\\/series-basicas-de-2018-us-2-50-hoja\\\/#primaryimage\",\"url\":\"https:\\\/\\\/unstamps.org\\\/wp-content\\\/uploads\\\/2018\\\/04\\\/UDOHR18_NY-2.50-sheet.jpg\",\"contentUrl\":\"https:\\\/\\\/unstamps.org\\\/wp-content\\\/uploads\\\/2018\\\/04\\\/UDOHR18_NY-2.50-sheet.jpg\",\"width\":1024,\"height\":1024},{\"@type\":\"BreadcrumbList\",\"@id\":\"https:\\\/\\\/unstamps.org\\\/es\\\/producto\\\/series-basicas-de-2018-us-2-50-hoja\\\/#breadcrumb\",\"itemListElement\":[{\"@type\":\"ListItem\",\"position\":1,\"name\":\"Home\",\"item\":\"https:\\\/\\\/unstamps.org\\\/es\\\/\"},{\"@type\":\"ListItem\",\"position\":2,\"name\":\"Shop\",\"item\":\"https:\\\/\\\/unstamps.org\\\/es\\\/productos\\\/\"},{\"@type\":\"ListItem\",\"position\":3,\"name\":\"Series b\u00e1sicas de 2018 &#8211; US$ 2.50 Hoja\"}]},{\"@type\":\"WebSite\",\"@id\":\"https:\\\/\\\/unstamps.org\\\/es\\\/#website\",\"url\":\"https:\\\/\\\/unstamps.org\\\/es\\\/\",\"name\":\"UN Stamps\",\"description\":\"United Nations Stamps\",\"publisher\":{\"@id\":\"https:\\\/\\\/unstamps.org\\\/es\\\/#organization\"},\"potentialAction\":[{\"@type\":\"SearchAction\",\"target\":{\"@type\":\"EntryPoint\",\"urlTemplate\":\"https:\\\/\\\/unstamps.org\\\/es\\\/?s={search_term_string}\"},\"query-input\":{\"@type\":\"PropertyValueSpecification\",\"valueRequired\":true,\"valueName\":\"search_term_string\"}}],\"inLanguage\":\"es\"},{\"@type\":\"Organization\",\"@id\":\"https:\\\/\\\/unstamps.org\\\/es\\\/#organization\",\"name\":\"UN Stamps\",\"url\":\"https:\\\/\\\/unstamps.org\\\/es\\\/\",\"logo\":{\"@type\":\"ImageObject\",\"inLanguage\":\"es\",\"@id\":\"https:\\\/\\\/unstamps.org\\\/es\\\/#\\\/schema\\\/logo\\\/image\\\/\",\"url\":\"https:\\\/\\\/unstamps.org\\\/wp-content\\\/uploads\\\/2014\\\/01\\\/logo4web.jpg\",\"contentUrl\":\"https:\\\/\\\/unstamps.org\\\/wp-content\\\/uploads\\\/2014\\\/01\\\/logo4web.jpg\",\"width\":2500,\"height\":250,\"caption\":\"UN Stamps\"},\"image\":{\"@id\":\"https:\\\/\\\/unstamps.org\\\/es\\\/#\\\/schema\\\/logo\\\/image\\\/\"}}]}<\/script>\n<!-- \/ Yoast SEO plugin. -->","yoast_head_json":{"title":"Series b\u00e1sicas de 2018 &#8211; US$ 2.50 Hoja - UN Stamps","robots":{"index":"index","follow":"follow","max-snippet":"max-snippet:-1","max-image-preview":"max-image-preview:large","max-video-preview":"max-video-preview:-1"},"canonical":"https:\/\/unstamps.org\/es\/producto\/series-basicas-de-2018-us-2-50-hoja\/","og_locale":"es_ES","og_type":"article","og_title":"Series b\u00e1sicas de 2018 &#8211; US$ 2.50 Hoja - UN Stamps","og_description":"70\u00ba aniversario de la Declaraci\u00f3n Universal de Derechos Humanos A fin de poner de relieve el significado de la Declaraci\u00f3n Universal de Derechos Humanos en la vida diaria de las personas, la Oficina de Derechos Humanos de las Naciones Unidas conmemora el 70\u00ba aniversario de la Declaraci\u00f3n, en 2018, con una campa\u00f1a que durar\u00e1 todo [&hellip;]","og_url":"https:\/\/unstamps.org\/es\/producto\/series-basicas-de-2018-us-2-50-hoja\/","og_site_name":"UN Stamps","article_modified_time":"2026-01-09T15:09:01+00:00","og_image":[{"width":1024,"height":1024,"url":"https:\/\/unstamps.org\/wp-content\/uploads\/2018\/04\/UDOHR18_NY-2.50-sheet.jpg","type":"image\/jpeg"}],"twitter_card":"summary_large_image","twitter_misc":{"Tiempo de lectura":"1 minuto"},"schema":{"@context":"https:\/\/schema.org","@graph":[{"@type":"WebPage","@id":"https:\/\/unstamps.org\/es\/producto\/series-basicas-de-2018-us-2-50-hoja\/","url":"https:\/\/unstamps.org\/es\/producto\/series-basicas-de-2018-us-2-50-hoja\/","name":"Series b\u00e1sicas de 2018 &#8211; US$ 2.50 Hoja - UN Stamps","isPartOf":{"@id":"https:\/\/unstamps.org\/es\/#website"},"primaryImageOfPage":{"@id":"https:\/\/unstamps.org\/es\/producto\/series-basicas-de-2018-us-2-50-hoja\/#primaryimage"},"image":{"@id":"https:\/\/unstamps.org\/es\/producto\/series-basicas-de-2018-us-2-50-hoja\/#primaryimage"},"thumbnailUrl":"https:\/\/unstamps.org\/wp-content\/uploads\/2018\/04\/UDOHR18_NY-2.50-sheet.jpg","datePublished":"2018-05-03T13:40:25+00:00","dateModified":"2026-01-09T15:09:01+00:00","breadcrumb":{"@id":"https:\/\/unstamps.org\/es\/producto\/series-basicas-de-2018-us-2-50-hoja\/#breadcrumb"},"inLanguage":"es","potentialAction":[{"@type":"ReadAction","target":["https:\/\/unstamps.org\/es\/producto\/series-basicas-de-2018-us-2-50-hoja\/"]}]},{"@type":"ImageObject","inLanguage":"es","@id":"https:\/\/unstamps.org\/es\/producto\/series-basicas-de-2018-us-2-50-hoja\/#primaryimage","url":"https:\/\/unstamps.org\/wp-content\/uploads\/2018\/04\/UDOHR18_NY-2.50-sheet.jpg","contentUrl":"https:\/\/unstamps.org\/wp-content\/uploads\/2018\/04\/UDOHR18_NY-2.50-sheet.jpg","width":1024,"height":1024},{"@type":"BreadcrumbList","@id":"https:\/\/unstamps.org\/es\/producto\/series-basicas-de-2018-us-2-50-hoja\/#breadcrumb","itemListElement":[{"@type":"ListItem","position":1,"name":"Home","item":"https:\/\/unstamps.org\/es\/"},{"@type":"ListItem","position":2,"name":"Shop","item":"https:\/\/unstamps.org\/es\/productos\/"},{"@type":"ListItem","position":3,"name":"Series b\u00e1sicas de 2018 &#8211; US$ 2.50 Hoja"}]},{"@type":"WebSite","@id":"https:\/\/unstamps.org\/es\/#website","url":"https:\/\/unstamps.org\/es\/","name":"UN Stamps","description":"United Nations Stamps","publisher":{"@id":"https:\/\/unstamps.org\/es\/#organization"},"potentialAction":[{"@type":"SearchAction","target":{"@type":"EntryPoint","urlTemplate":"https:\/\/unstamps.org\/es\/?s={search_term_string}"},"query-input":{"@type":"PropertyValueSpecification","valueRequired":true,"valueName":"search_term_string"}}],"inLanguage":"es"},{"@type":"Organization","@id":"https:\/\/unstamps.org\/es\/#organization","name":"UN Stamps","url":"https:\/\/unstamps.org\/es\/","logo":{"@type":"ImageObject","inLanguage":"es","@id":"https:\/\/unstamps.org\/es\/#\/schema\/logo\/image\/","url":"https:\/\/unstamps.org\/wp-content\/uploads\/2014\/01\/logo4web.jpg","contentUrl":"https:\/\/unstamps.org\/wp-content\/uploads\/2014\/01\/logo4web.jpg","width":2500,"height":250,"caption":"UN Stamps"},"image":{"@id":"https:\/\/unstamps.org\/es\/#\/schema\/logo\/image\/"}}]}},"jetpack_sharing_enabled":true,"publishpress_future_action":{"enabled":false,"date":"2026-04-22 10:31:24","action":"change-status","newStatus":"private","terms":[],"taxonomy":"product_cat","extraData":[]},"publishpress_future_workflow_manual_trigger":{"enabledWorkflows":[]},"_links":{"self":[{"href":"https:\/\/unstamps.org\/es\/wp-json\/wp\/v2\/product\/57192","targetHints":{"allow":["GET"]}}],"collection":[{"href":"https:\/\/unstamps.org\/es\/wp-json\/wp\/v2\/product"}],"about":[{"href":"https:\/\/unstamps.org\/es\/wp-json\/wp\/v2\/types\/product"}],"replies":[{"embeddable":true,"href":"https:\/\/unstamps.org\/es\/wp-json\/wp\/v2\/comments?post=57192"}],"wp:featuredmedia":[{"embeddable":true,"href":"https:\/\/unstamps.org\/es\/wp-json\/wp\/v2\/media\/57295"}],"wp:attachment":[{"href":"https:\/\/unstamps.org\/es\/wp-json\/wp\/v2\/media?parent=57192"}],"wp:term":[{"taxonomy":"product_brand","embeddable":true,"href":"https:\/\/unstamps.org\/es\/wp-json\/wp\/v2\/product_brand?post=57192"},{"taxonomy":"product_cat","embeddable":true,"href":"https:\/\/unstamps.org\/es\/wp-json\/wp\/v2\/product_cat?post=57192"},{"taxonomy":"product_tag","embeddable":true,"href":"https:\/\/unstamps.org\/es\/wp-json\/wp\/v2\/product_tag?post=57192"}],"curies":[{"name":"wp","href":"https:\/\/api.w.org\/{rel}","templated":true}]}}