{"id":56173,"date":"2013-12-12T09:00:17","date_gmt":"2013-12-12T14:00:17","guid":{"rendered":"https:\/\/unstamps.org\/shop\/series-basicas-de-2008-vi-e-065-hoja\/"},"modified":"2024-01-26T11:17:16","modified_gmt":"2024-01-26T16:17:16","slug":"series-basicas-de-2008-vi-e-065-hoja","status":"publish","type":"product","link":"https:\/\/unstamps.org\/es\/producto\/series-basicas-de-2008-vi-e-065-hoja\/","title":{"rendered":"Series b\u00e1sicas de 2008 VI \u2013 0,65 \u20ac \u2013 Hoja"},"content":{"rendered":"<p>Valor facial:<\/p>\n<p>0,65 \u20ac (pliego de 20 sellos)<\/p>\n<p>Impresi\u00f3n:<\/p>\n<p>Sellos impresos en <em>offset<\/em> por Joh. Ensched\u00e9 Stamps Security Printers B. V. (Pa\u00edses Bajos).<\/p>\n<p>Tirada:<\/p>\n<p>320.000 sellos (16.000 pliegos)<\/p>\n<p>Dise\u00f1adora:<\/p>\n<p>Rorie Katz (Naciones Unidas) adapt\u00f3 las fotograf\u00edas para su uso en los sellos.<\/p>\n<p>Caracter\u00edsticas t\u00e9cnicas:<\/p>\n<p><strong>Formato<\/strong>: Pliego vertical con sellos de 30 mm x 40 mm y un valor facial de 0,65 \u20ac.<\/p>\n<p><strong>Dentado<\/strong>: 14 x 13,25<\/p>\n<p><strong>Inscripciones marginales:<\/strong> Los cuatro pliegos tienen cuatro inscripciones cada uno, dos en el margen izquierdo y otras dos en el derecho, compuestas por el emblema de las Naciones Unidas con el texto \u201cVereinte Nationen\u201d encima y el a\u00f1o 2008 debajo. Cada pliego lleva en su \u00e1ngulo inferior izquierdo el s\u00edmbolo de derechos de autor.<\/p>\n","protected":false},"excerpt":{"rendered":"<p>Valor facial: 0,65 \u20ac (pliego de 20 sellos) Impresi\u00f3n: Sellos impresos en offset por Joh. Ensched\u00e9 Stamps Security Printers B. V. (Pa\u00edses Bajos). Tirada: 320.000 sellos (16.000 pliegos) Dise\u00f1adora: Rorie Katz (Naciones Unidas) adapt\u00f3 las fotograf\u00edas para su uso en los sellos. Caracter\u00edsticas t\u00e9cnicas: Formato: Pliego vertical con sellos de 30 mm x 40 mm [&hellip;]<\/p>\n","protected":false},"featured_media":51964,"comment_status":"open","ping_status":"closed","template":"","meta":{"ngg_post_thumbnail":0},"product_brand":[],"product_cat":[1102,933,927],"product_tag":[],"class_list":{"0":"post-56173","1":"product","2":"type-product","3":"status-publish","4":"has-post-thumbnail","6":"product_cat-2008-year-es","7":"product_cat-pliegos-completos","8":"product_cat-viena","9":"pa_condition-cancelado","10":"pa_condition-cancelled-es","11":"pa_condition-mint-es","12":"pa_condition-nuevo","14":"first","15":"outofstock","16":"shipping-taxable","17":"product-type-variable"},"yoast_head":"<!-- This site is optimized with the Yoast SEO plugin v27.3 - https:\/\/yoast.com\/product\/yoast-seo-wordpress\/ -->\n<title>Series b\u00e1sicas de 2008 VI \u2013 0,65 \u20ac \u2013 Hoja - UN Stamps<\/title>\n<meta name=\"robots\" content=\"index, follow, max-snippet:-1, max-image-preview:large, max-video-preview:-1\" \/>\n<link rel=\"canonical\" href=\"https:\/\/unstamps.org\/es\/producto\/series-basicas-de-2008-vi-e-065-hoja\/\" \/>\n<meta property=\"og:locale\" content=\"es_ES\" \/>\n<meta property=\"og:type\" content=\"article\" \/>\n<meta property=\"og:title\" content=\"Series b\u00e1sicas de 2008 VI \u2013 0,65 \u20ac \u2013 Hoja - UN Stamps\" \/>\n<meta property=\"og:description\" content=\"Valor facial: 0,65 \u20ac (pliego de 20 sellos) Impresi\u00f3n: Sellos impresos en offset por Joh. Ensched\u00e9 Stamps Security Printers B. V. (Pa\u00edses Bajos). Tirada: 320.000 sellos (16.000 pliegos) Dise\u00f1adora: Rorie Katz (Naciones Unidas) adapt\u00f3 las fotograf\u00edas para su uso en los sellos. Caracter\u00edsticas t\u00e9cnicas: Formato: Pliego vertical con sellos de 30 mm x 40 mm [&hellip;]\" \/>\n<meta property=\"og:url\" content=\"https:\/\/unstamps.org\/es\/producto\/series-basicas-de-2008-vi-e-065-hoja\/\" \/>\n<meta property=\"og:site_name\" content=\"UN Stamps\" \/>\n<meta property=\"article:modified_time\" content=\"2024-01-26T16:17:16+00:00\" \/>\n<meta property=\"og:image\" content=\"https:\/\/unstamps.org\/wp-content\/uploads\/2014\/10\/DEF08_VI_EUR0.65_fullsheet.jpg\" \/>\n\t<meta property=\"og:image:width\" content=\"1024\" \/>\n\t<meta property=\"og:image:height\" content=\"1024\" \/>\n\t<meta property=\"og:image:type\" content=\"image\/jpeg\" \/>\n<meta name=\"twitter:card\" content=\"summary_large_image\" \/>\n<meta name=\"twitter:label1\" content=\"Tiempo de lectura\" \/>\n\t<meta name=\"twitter:data1\" content=\"1 minuto\" \/>\n<script type=\"application\/ld+json\" class=\"yoast-schema-graph\">{\"@context\":\"https:\\\/\\\/schema.org\",\"@graph\":[{\"@type\":\"WebPage\",\"@id\":\"https:\\\/\\\/unstamps.org\\\/es\\\/producto\\\/series-basicas-de-2008-vi-e-065-hoja\\\/\",\"url\":\"https:\\\/\\\/unstamps.org\\\/es\\\/producto\\\/series-basicas-de-2008-vi-e-065-hoja\\\/\",\"name\":\"Series b\u00e1sicas de 2008 VI \u2013 0,65 \u20ac \u2013 Hoja - UN Stamps\",\"isPartOf\":{\"@id\":\"https:\\\/\\\/unstamps.org\\\/es\\\/#website\"},\"primaryImageOfPage\":{\"@id\":\"https:\\\/\\\/unstamps.org\\\/es\\\/producto\\\/series-basicas-de-2008-vi-e-065-hoja\\\/#primaryimage\"},\"image\":{\"@id\":\"https:\\\/\\\/unstamps.org\\\/es\\\/producto\\\/series-basicas-de-2008-vi-e-065-hoja\\\/#primaryimage\"},\"thumbnailUrl\":\"https:\\\/\\\/unstamps.org\\\/wp-content\\\/uploads\\\/2014\\\/10\\\/DEF08_VI_EUR0.65_fullsheet.jpg\",\"datePublished\":\"2013-12-12T14:00:17+00:00\",\"dateModified\":\"2024-01-26T16:17:16+00:00\",\"breadcrumb\":{\"@id\":\"https:\\\/\\\/unstamps.org\\\/es\\\/producto\\\/series-basicas-de-2008-vi-e-065-hoja\\\/#breadcrumb\"},\"inLanguage\":\"es\",\"potentialAction\":[{\"@type\":\"ReadAction\",\"target\":[\"https:\\\/\\\/unstamps.org\\\/es\\\/producto\\\/series-basicas-de-2008-vi-e-065-hoja\\\/\"]}]},{\"@type\":\"ImageObject\",\"inLanguage\":\"es\",\"@id\":\"https:\\\/\\\/unstamps.org\\\/es\\\/producto\\\/series-basicas-de-2008-vi-e-065-hoja\\\/#primaryimage\",\"url\":\"https:\\\/\\\/unstamps.org\\\/wp-content\\\/uploads\\\/2014\\\/10\\\/DEF08_VI_EUR0.65_fullsheet.jpg\",\"contentUrl\":\"https:\\\/\\\/unstamps.org\\\/wp-content\\\/uploads\\\/2014\\\/10\\\/DEF08_VI_EUR0.65_fullsheet.jpg\",\"width\":1024,\"height\":1024},{\"@type\":\"BreadcrumbList\",\"@id\":\"https:\\\/\\\/unstamps.org\\\/es\\\/producto\\\/series-basicas-de-2008-vi-e-065-hoja\\\/#breadcrumb\",\"itemListElement\":[{\"@type\":\"ListItem\",\"position\":1,\"name\":\"Home\",\"item\":\"https:\\\/\\\/unstamps.org\\\/es\\\/\"},{\"@type\":\"ListItem\",\"position\":2,\"name\":\"Shop\",\"item\":\"https:\\\/\\\/unstamps.org\\\/es\\\/productos\\\/\"},{\"@type\":\"ListItem\",\"position\":3,\"name\":\"Series b\u00e1sicas de 2008 VI \u2013 0,65 \u20ac \u2013 Hoja\"}]},{\"@type\":\"WebSite\",\"@id\":\"https:\\\/\\\/unstamps.org\\\/es\\\/#website\",\"url\":\"https:\\\/\\\/unstamps.org\\\/es\\\/\",\"name\":\"UN Stamps\",\"description\":\"United Nations Stamps\",\"publisher\":{\"@id\":\"https:\\\/\\\/unstamps.org\\\/es\\\/#organization\"},\"potentialAction\":[{\"@type\":\"SearchAction\",\"target\":{\"@type\":\"EntryPoint\",\"urlTemplate\":\"https:\\\/\\\/unstamps.org\\\/es\\\/?s={search_term_string}\"},\"query-input\":{\"@type\":\"PropertyValueSpecification\",\"valueRequired\":true,\"valueName\":\"search_term_string\"}}],\"inLanguage\":\"es\"},{\"@type\":\"Organization\",\"@id\":\"https:\\\/\\\/unstamps.org\\\/es\\\/#organization\",\"name\":\"UN Stamps\",\"url\":\"https:\\\/\\\/unstamps.org\\\/es\\\/\",\"logo\":{\"@type\":\"ImageObject\",\"inLanguage\":\"es\",\"@id\":\"https:\\\/\\\/unstamps.org\\\/es\\\/#\\\/schema\\\/logo\\\/image\\\/\",\"url\":\"https:\\\/\\\/unstamps.org\\\/wp-content\\\/uploads\\\/2014\\\/01\\\/logo4web.jpg\",\"contentUrl\":\"https:\\\/\\\/unstamps.org\\\/wp-content\\\/uploads\\\/2014\\\/01\\\/logo4web.jpg\",\"width\":2500,\"height\":250,\"caption\":\"UN Stamps\"},\"image\":{\"@id\":\"https:\\\/\\\/unstamps.org\\\/es\\\/#\\\/schema\\\/logo\\\/image\\\/\"}}]}<\/script>\n<!-- \/ Yoast SEO plugin. -->","yoast_head_json":{"title":"Series b\u00e1sicas de 2008 VI \u2013 0,65 \u20ac \u2013 Hoja - UN Stamps","robots":{"index":"index","follow":"follow","max-snippet":"max-snippet:-1","max-image-preview":"max-image-preview:large","max-video-preview":"max-video-preview:-1"},"canonical":"https:\/\/unstamps.org\/es\/producto\/series-basicas-de-2008-vi-e-065-hoja\/","og_locale":"es_ES","og_type":"article","og_title":"Series b\u00e1sicas de 2008 VI \u2013 0,65 \u20ac \u2013 Hoja - UN Stamps","og_description":"Valor facial: 0,65 \u20ac (pliego de 20 sellos) Impresi\u00f3n: Sellos impresos en offset por Joh. Ensched\u00e9 Stamps Security Printers B. V. (Pa\u00edses Bajos). Tirada: 320.000 sellos (16.000 pliegos) Dise\u00f1adora: Rorie Katz (Naciones Unidas) adapt\u00f3 las fotograf\u00edas para su uso en los sellos. Caracter\u00edsticas t\u00e9cnicas: Formato: Pliego vertical con sellos de 30 mm x 40 mm [&hellip;]","og_url":"https:\/\/unstamps.org\/es\/producto\/series-basicas-de-2008-vi-e-065-hoja\/","og_site_name":"UN Stamps","article_modified_time":"2024-01-26T16:17:16+00:00","og_image":[{"width":1024,"height":1024,"url":"https:\/\/unstamps.org\/wp-content\/uploads\/2014\/10\/DEF08_VI_EUR0.65_fullsheet.jpg","type":"image\/jpeg"}],"twitter_card":"summary_large_image","twitter_misc":{"Tiempo de lectura":"1 minuto"},"schema":{"@context":"https:\/\/schema.org","@graph":[{"@type":"WebPage","@id":"https:\/\/unstamps.org\/es\/producto\/series-basicas-de-2008-vi-e-065-hoja\/","url":"https:\/\/unstamps.org\/es\/producto\/series-basicas-de-2008-vi-e-065-hoja\/","name":"Series b\u00e1sicas de 2008 VI \u2013 0,65 \u20ac \u2013 Hoja - UN Stamps","isPartOf":{"@id":"https:\/\/unstamps.org\/es\/#website"},"primaryImageOfPage":{"@id":"https:\/\/unstamps.org\/es\/producto\/series-basicas-de-2008-vi-e-065-hoja\/#primaryimage"},"image":{"@id":"https:\/\/unstamps.org\/es\/producto\/series-basicas-de-2008-vi-e-065-hoja\/#primaryimage"},"thumbnailUrl":"https:\/\/unstamps.org\/wp-content\/uploads\/2014\/10\/DEF08_VI_EUR0.65_fullsheet.jpg","datePublished":"2013-12-12T14:00:17+00:00","dateModified":"2024-01-26T16:17:16+00:00","breadcrumb":{"@id":"https:\/\/unstamps.org\/es\/producto\/series-basicas-de-2008-vi-e-065-hoja\/#breadcrumb"},"inLanguage":"es","potentialAction":[{"@type":"ReadAction","target":["https:\/\/unstamps.org\/es\/producto\/series-basicas-de-2008-vi-e-065-hoja\/"]}]},{"@type":"ImageObject","inLanguage":"es","@id":"https:\/\/unstamps.org\/es\/producto\/series-basicas-de-2008-vi-e-065-hoja\/#primaryimage","url":"https:\/\/unstamps.org\/wp-content\/uploads\/2014\/10\/DEF08_VI_EUR0.65_fullsheet.jpg","contentUrl":"https:\/\/unstamps.org\/wp-content\/uploads\/2014\/10\/DEF08_VI_EUR0.65_fullsheet.jpg","width":1024,"height":1024},{"@type":"BreadcrumbList","@id":"https:\/\/unstamps.org\/es\/producto\/series-basicas-de-2008-vi-e-065-hoja\/#breadcrumb","itemListElement":[{"@type":"ListItem","position":1,"name":"Home","item":"https:\/\/unstamps.org\/es\/"},{"@type":"ListItem","position":2,"name":"Shop","item":"https:\/\/unstamps.org\/es\/productos\/"},{"@type":"ListItem","position":3,"name":"Series b\u00e1sicas de 2008 VI \u2013 0,65 \u20ac \u2013 Hoja"}]},{"@type":"WebSite","@id":"https:\/\/unstamps.org\/es\/#website","url":"https:\/\/unstamps.org\/es\/","name":"UN Stamps","description":"United Nations Stamps","publisher":{"@id":"https:\/\/unstamps.org\/es\/#organization"},"potentialAction":[{"@type":"SearchAction","target":{"@type":"EntryPoint","urlTemplate":"https:\/\/unstamps.org\/es\/?s={search_term_string}"},"query-input":{"@type":"PropertyValueSpecification","valueRequired":true,"valueName":"search_term_string"}}],"inLanguage":"es"},{"@type":"Organization","@id":"https:\/\/unstamps.org\/es\/#organization","name":"UN Stamps","url":"https:\/\/unstamps.org\/es\/","logo":{"@type":"ImageObject","inLanguage":"es","@id":"https:\/\/unstamps.org\/es\/#\/schema\/logo\/image\/","url":"https:\/\/unstamps.org\/wp-content\/uploads\/2014\/01\/logo4web.jpg","contentUrl":"https:\/\/unstamps.org\/wp-content\/uploads\/2014\/01\/logo4web.jpg","width":2500,"height":250,"caption":"UN Stamps"},"image":{"@id":"https:\/\/unstamps.org\/es\/#\/schema\/logo\/image\/"}}]}},"jetpack_sharing_enabled":true,"publishpress_future_action":{"enabled":false,"date":"2026-04-14 09:41:41","action":"change-status","newStatus":"private","terms":[],"taxonomy":"product_cat","extraData":[]},"publishpress_future_workflow_manual_trigger":{"enabledWorkflows":[]},"_links":{"self":[{"href":"https:\/\/unstamps.org\/es\/wp-json\/wp\/v2\/product\/56173","targetHints":{"allow":["GET"]}}],"collection":[{"href":"https:\/\/unstamps.org\/es\/wp-json\/wp\/v2\/product"}],"about":[{"href":"https:\/\/unstamps.org\/es\/wp-json\/wp\/v2\/types\/product"}],"replies":[{"embeddable":true,"href":"https:\/\/unstamps.org\/es\/wp-json\/wp\/v2\/comments?post=56173"}],"wp:featuredmedia":[{"embeddable":true,"href":"https:\/\/unstamps.org\/es\/wp-json\/wp\/v2\/media\/51964"}],"wp:attachment":[{"href":"https:\/\/unstamps.org\/es\/wp-json\/wp\/v2\/media?parent=56173"}],"wp:term":[{"taxonomy":"product_brand","embeddable":true,"href":"https:\/\/unstamps.org\/es\/wp-json\/wp\/v2\/product_brand?post=56173"},{"taxonomy":"product_cat","embeddable":true,"href":"https:\/\/unstamps.org\/es\/wp-json\/wp\/v2\/product_cat?post=56173"},{"taxonomy":"product_tag","embeddable":true,"href":"https:\/\/unstamps.org\/es\/wp-json\/wp\/v2\/product_tag?post=56173"}],"curies":[{"name":"wp","href":"https:\/\/api.w.org\/{rel}","templated":true}]}}