{"id":55898,"date":"2015-05-06T12:09:08","date_gmt":"2015-05-06T16:09:08","guid":{"rendered":"https:\/\/unstamps.org\/shop\/series-basicas-de-2015\/"},"modified":"2024-01-26T11:10:58","modified_gmt":"2024-01-26T16:10:58","slug":"series-basicas-de-2015","status":"publish","type":"product","link":"https:\/\/unstamps.org\/es\/producto\/series-basicas-de-2015\/","title":{"rendered":"Series b\u00e1sicas de 2015"},"content":{"rendered":"<p>El 7 de mayo de 2015, las Oficinas de la APNU en Nueva York y Viena emitir\u00e1n dos series b\u00e1sicas cada una con los siguientes temas: \u201cLa comunidad de las Naciones Unidas\u201d ($ 0,35), \u201cEl cambio clim\u00e1tico\u201d ($ 0,40), \u201cLa paz\u201d (\u20ac 0,68) y \u201cLos derechos humanos\u201d (\u20ac 0,80).<br \/>\n<a href=\"https:\/\/unstamps.org\/wp-content\/uploads\/2015\/04\/DEF15_cancels2.jpg\"><img loading=\"lazy\" decoding=\"async\" class=\"alignnone size-full wp-image-26133\" src=\"https:\/\/unstamps.org\/wp-content\/uploads\/2015\/04\/DEF15_cancels2.jpg\" alt=\"DEF15_cancels2\" width=\"1278\" height=\"438\" srcset=\"https:\/\/unstamps.org\/wp-content\/uploads\/2015\/04\/DEF15_cancels2.jpg 1278w, https:\/\/unstamps.org\/wp-content\/uploads\/2015\/04\/DEF15_cancels2-600x206.jpg 600w\" sizes=\"auto, (max-width: 1278px) 100vw, 1278px\" \/><\/a><\/p>\n","protected":false},"excerpt":{"rendered":"<p>El 7 de mayo de 2015, las Oficinas de la APNU en Nueva York y Viena emitir\u00e1n dos series b\u00e1sicas cada una con los siguientes temas: \u201cLa comunidad de las Naciones Unidas\u201d ($ 0,35), \u201cEl cambio clim\u00e1tico\u201d ($ 0,40), \u201cLa paz\u201d (\u20ac 0,68) y \u201cLos derechos humanos\u201d (\u20ac 0,80).<\/p>\n","protected":false},"featured_media":52211,"comment_status":"closed","ping_status":"closed","template":"","meta":{"ngg_post_thumbnail":0},"product_brand":[],"product_cat":[1109,930],"product_tag":[],"class_list":{"0":"post-55898","1":"product","2":"type-product","3":"status-publish","4":"has-post-thumbnail","6":"product_cat-2015-year-es","7":"product_cat-definitivos","9":"first","10":"instock","11":"shipping-taxable","12":"product-type-grouped"},"yoast_head":"<!-- This site is optimized with the Yoast SEO plugin v27.4 - https:\/\/yoast.com\/product\/yoast-seo-wordpress\/ -->\n<title>Series b\u00e1sicas de 2015 - UN Stamps<\/title>\n<meta name=\"robots\" content=\"index, follow, max-snippet:-1, max-image-preview:large, max-video-preview:-1\" \/>\n<link rel=\"canonical\" href=\"https:\/\/unstamps.org\/es\/producto\/series-basicas-de-2015\/\" \/>\n<meta property=\"og:locale\" content=\"es_ES\" \/>\n<meta property=\"og:type\" content=\"article\" \/>\n<meta property=\"og:title\" content=\"Series b\u00e1sicas de 2015 - UN Stamps\" \/>\n<meta property=\"og:description\" content=\"El 7 de mayo de 2015, las Oficinas de la APNU en Nueva York y Viena emitir\u00e1n dos series b\u00e1sicas cada una con los siguientes temas: \u201cLa comunidad de las Naciones Unidas\u201d ($ 0,35), \u201cEl cambio clim\u00e1tico\u201d ($ 0,40), \u201cLa paz\u201d (\u20ac 0,68) y \u201cLos derechos humanos\u201d (\u20ac 0,80).\" \/>\n<meta property=\"og:url\" content=\"https:\/\/unstamps.org\/es\/producto\/series-basicas-de-2015\/\" \/>\n<meta property=\"og:site_name\" content=\"UN Stamps\" \/>\n<meta property=\"article:modified_time\" content=\"2024-01-26T16:10:58+00:00\" \/>\n<meta property=\"og:image\" content=\"https:\/\/unstamps.org\/wp-content\/uploads\/2015\/04\/DEF15_NY0.40_stamp.jpg\" \/>\n\t<meta property=\"og:image:width\" content=\"1024\" \/>\n\t<meta property=\"og:image:height\" content=\"1024\" \/>\n\t<meta property=\"og:image:type\" content=\"image\/jpeg\" \/>\n<meta name=\"twitter:card\" content=\"summary_large_image\" \/>\n<script type=\"application\/ld+json\" class=\"yoast-schema-graph\">{\"@context\":\"https:\\\/\\\/schema.org\",\"@graph\":[{\"@type\":\"WebPage\",\"@id\":\"https:\\\/\\\/unstamps.org\\\/es\\\/producto\\\/series-basicas-de-2015\\\/\",\"url\":\"https:\\\/\\\/unstamps.org\\\/es\\\/producto\\\/series-basicas-de-2015\\\/\",\"name\":\"Series b\u00e1sicas de 2015 - UN Stamps\",\"isPartOf\":{\"@id\":\"https:\\\/\\\/unstamps.org\\\/es\\\/#website\"},\"primaryImageOfPage\":{\"@id\":\"https:\\\/\\\/unstamps.org\\\/es\\\/producto\\\/series-basicas-de-2015\\\/#primaryimage\"},\"image\":{\"@id\":\"https:\\\/\\\/unstamps.org\\\/es\\\/producto\\\/series-basicas-de-2015\\\/#primaryimage\"},\"thumbnailUrl\":\"https:\\\/\\\/unstamps.org\\\/wp-content\\\/uploads\\\/2015\\\/04\\\/DEF15_NY0.40_stamp.jpg\",\"datePublished\":\"2015-05-06T16:09:08+00:00\",\"dateModified\":\"2024-01-26T16:10:58+00:00\",\"breadcrumb\":{\"@id\":\"https:\\\/\\\/unstamps.org\\\/es\\\/producto\\\/series-basicas-de-2015\\\/#breadcrumb\"},\"inLanguage\":\"es\",\"potentialAction\":[{\"@type\":\"ReadAction\",\"target\":[\"https:\\\/\\\/unstamps.org\\\/es\\\/producto\\\/series-basicas-de-2015\\\/\"]}]},{\"@type\":\"ImageObject\",\"inLanguage\":\"es\",\"@id\":\"https:\\\/\\\/unstamps.org\\\/es\\\/producto\\\/series-basicas-de-2015\\\/#primaryimage\",\"url\":\"https:\\\/\\\/unstamps.org\\\/wp-content\\\/uploads\\\/2015\\\/04\\\/DEF15_NY0.40_stamp.jpg\",\"contentUrl\":\"https:\\\/\\\/unstamps.org\\\/wp-content\\\/uploads\\\/2015\\\/04\\\/DEF15_NY0.40_stamp.jpg\",\"width\":1024,\"height\":1024},{\"@type\":\"BreadcrumbList\",\"@id\":\"https:\\\/\\\/unstamps.org\\\/es\\\/producto\\\/series-basicas-de-2015\\\/#breadcrumb\",\"itemListElement\":[{\"@type\":\"ListItem\",\"position\":1,\"name\":\"Home\",\"item\":\"https:\\\/\\\/unstamps.org\\\/es\\\/\"},{\"@type\":\"ListItem\",\"position\":2,\"name\":\"Shop\",\"item\":\"https:\\\/\\\/unstamps.org\\\/es\\\/productos\\\/\"},{\"@type\":\"ListItem\",\"position\":3,\"name\":\"Series b\u00e1sicas de 2015\"}]},{\"@type\":\"WebSite\",\"@id\":\"https:\\\/\\\/unstamps.org\\\/es\\\/#website\",\"url\":\"https:\\\/\\\/unstamps.org\\\/es\\\/\",\"name\":\"UN Stamps\",\"description\":\"United Nations Stamps\",\"publisher\":{\"@id\":\"https:\\\/\\\/unstamps.org\\\/es\\\/#organization\"},\"potentialAction\":[{\"@type\":\"SearchAction\",\"target\":{\"@type\":\"EntryPoint\",\"urlTemplate\":\"https:\\\/\\\/unstamps.org\\\/es\\\/?s={search_term_string}\"},\"query-input\":{\"@type\":\"PropertyValueSpecification\",\"valueRequired\":true,\"valueName\":\"search_term_string\"}}],\"inLanguage\":\"es\"},{\"@type\":\"Organization\",\"@id\":\"https:\\\/\\\/unstamps.org\\\/es\\\/#organization\",\"name\":\"UN Stamps\",\"url\":\"https:\\\/\\\/unstamps.org\\\/es\\\/\",\"logo\":{\"@type\":\"ImageObject\",\"inLanguage\":\"es\",\"@id\":\"https:\\\/\\\/unstamps.org\\\/es\\\/#\\\/schema\\\/logo\\\/image\\\/\",\"url\":\"https:\\\/\\\/unstamps.org\\\/wp-content\\\/uploads\\\/2014\\\/01\\\/logo4web.jpg\",\"contentUrl\":\"https:\\\/\\\/unstamps.org\\\/wp-content\\\/uploads\\\/2014\\\/01\\\/logo4web.jpg\",\"width\":2500,\"height\":250,\"caption\":\"UN Stamps\"},\"image\":{\"@id\":\"https:\\\/\\\/unstamps.org\\\/es\\\/#\\\/schema\\\/logo\\\/image\\\/\"}}]}<\/script>\n<!-- \/ Yoast SEO plugin. -->","yoast_head_json":{"title":"Series b\u00e1sicas de 2015 - UN Stamps","robots":{"index":"index","follow":"follow","max-snippet":"max-snippet:-1","max-image-preview":"max-image-preview:large","max-video-preview":"max-video-preview:-1"},"canonical":"https:\/\/unstamps.org\/es\/producto\/series-basicas-de-2015\/","og_locale":"es_ES","og_type":"article","og_title":"Series b\u00e1sicas de 2015 - UN Stamps","og_description":"El 7 de mayo de 2015, las Oficinas de la APNU en Nueva York y Viena emitir\u00e1n dos series b\u00e1sicas cada una con los siguientes temas: \u201cLa comunidad de las Naciones Unidas\u201d ($ 0,35), \u201cEl cambio clim\u00e1tico\u201d ($ 0,40), \u201cLa paz\u201d (\u20ac 0,68) y \u201cLos derechos humanos\u201d (\u20ac 0,80).","og_url":"https:\/\/unstamps.org\/es\/producto\/series-basicas-de-2015\/","og_site_name":"UN Stamps","article_modified_time":"2024-01-26T16:10:58+00:00","og_image":[{"width":1024,"height":1024,"url":"https:\/\/unstamps.org\/wp-content\/uploads\/2015\/04\/DEF15_NY0.40_stamp.jpg","type":"image\/jpeg"}],"twitter_card":"summary_large_image","schema":{"@context":"https:\/\/schema.org","@graph":[{"@type":"WebPage","@id":"https:\/\/unstamps.org\/es\/producto\/series-basicas-de-2015\/","url":"https:\/\/unstamps.org\/es\/producto\/series-basicas-de-2015\/","name":"Series b\u00e1sicas de 2015 - UN Stamps","isPartOf":{"@id":"https:\/\/unstamps.org\/es\/#website"},"primaryImageOfPage":{"@id":"https:\/\/unstamps.org\/es\/producto\/series-basicas-de-2015\/#primaryimage"},"image":{"@id":"https:\/\/unstamps.org\/es\/producto\/series-basicas-de-2015\/#primaryimage"},"thumbnailUrl":"https:\/\/unstamps.org\/wp-content\/uploads\/2015\/04\/DEF15_NY0.40_stamp.jpg","datePublished":"2015-05-06T16:09:08+00:00","dateModified":"2024-01-26T16:10:58+00:00","breadcrumb":{"@id":"https:\/\/unstamps.org\/es\/producto\/series-basicas-de-2015\/#breadcrumb"},"inLanguage":"es","potentialAction":[{"@type":"ReadAction","target":["https:\/\/unstamps.org\/es\/producto\/series-basicas-de-2015\/"]}]},{"@type":"ImageObject","inLanguage":"es","@id":"https:\/\/unstamps.org\/es\/producto\/series-basicas-de-2015\/#primaryimage","url":"https:\/\/unstamps.org\/wp-content\/uploads\/2015\/04\/DEF15_NY0.40_stamp.jpg","contentUrl":"https:\/\/unstamps.org\/wp-content\/uploads\/2015\/04\/DEF15_NY0.40_stamp.jpg","width":1024,"height":1024},{"@type":"BreadcrumbList","@id":"https:\/\/unstamps.org\/es\/producto\/series-basicas-de-2015\/#breadcrumb","itemListElement":[{"@type":"ListItem","position":1,"name":"Home","item":"https:\/\/unstamps.org\/es\/"},{"@type":"ListItem","position":2,"name":"Shop","item":"https:\/\/unstamps.org\/es\/productos\/"},{"@type":"ListItem","position":3,"name":"Series b\u00e1sicas de 2015"}]},{"@type":"WebSite","@id":"https:\/\/unstamps.org\/es\/#website","url":"https:\/\/unstamps.org\/es\/","name":"UN Stamps","description":"United Nations Stamps","publisher":{"@id":"https:\/\/unstamps.org\/es\/#organization"},"potentialAction":[{"@type":"SearchAction","target":{"@type":"EntryPoint","urlTemplate":"https:\/\/unstamps.org\/es\/?s={search_term_string}"},"query-input":{"@type":"PropertyValueSpecification","valueRequired":true,"valueName":"search_term_string"}}],"inLanguage":"es"},{"@type":"Organization","@id":"https:\/\/unstamps.org\/es\/#organization","name":"UN Stamps","url":"https:\/\/unstamps.org\/es\/","logo":{"@type":"ImageObject","inLanguage":"es","@id":"https:\/\/unstamps.org\/es\/#\/schema\/logo\/image\/","url":"https:\/\/unstamps.org\/wp-content\/uploads\/2014\/01\/logo4web.jpg","contentUrl":"https:\/\/unstamps.org\/wp-content\/uploads\/2014\/01\/logo4web.jpg","width":2500,"height":250,"caption":"UN Stamps"},"image":{"@id":"https:\/\/unstamps.org\/es\/#\/schema\/logo\/image\/"}}]}},"jetpack_sharing_enabled":true,"publishpress_future_action":{"enabled":false,"date":"2026-04-22 10:31:38","action":"change-status","newStatus":"private","terms":[],"taxonomy":"product_cat","extraData":[]},"publishpress_future_workflow_manual_trigger":{"enabledWorkflows":[]},"_links":{"self":[{"href":"https:\/\/unstamps.org\/es\/wp-json\/wp\/v2\/product\/55898","targetHints":{"allow":["GET"]}}],"collection":[{"href":"https:\/\/unstamps.org\/es\/wp-json\/wp\/v2\/product"}],"about":[{"href":"https:\/\/unstamps.org\/es\/wp-json\/wp\/v2\/types\/product"}],"replies":[{"embeddable":true,"href":"https:\/\/unstamps.org\/es\/wp-json\/wp\/v2\/comments?post=55898"}],"wp:featuredmedia":[{"embeddable":true,"href":"https:\/\/unstamps.org\/es\/wp-json\/wp\/v2\/media\/52211"}],"wp:attachment":[{"href":"https:\/\/unstamps.org\/es\/wp-json\/wp\/v2\/media?parent=55898"}],"wp:term":[{"taxonomy":"product_brand","embeddable":true,"href":"https:\/\/unstamps.org\/es\/wp-json\/wp\/v2\/product_brand?post=55898"},{"taxonomy":"product_cat","embeddable":true,"href":"https:\/\/unstamps.org\/es\/wp-json\/wp\/v2\/product_cat?post=55898"},{"taxonomy":"product_tag","embeddable":true,"href":"https:\/\/unstamps.org\/es\/wp-json\/wp\/v2\/product_tag?post=55898"}],"curies":[{"name":"wp","href":"https:\/\/api.w.org\/{rel}","templated":true}]}}