{"id":200745,"date":"2026-04-24T11:55:52","date_gmt":"2026-04-24T15:55:52","guid":{"rendered":"https:\/\/unstamps.org\/?post_type=product&#038;p=200745"},"modified":"2026-04-24T11:57:18","modified_gmt":"2026-04-24T15:57:18","slug":"especies-amenazadas-2026-juego-de-pliegos-completos","status":"publish","type":"product","link":"https:\/\/unstamps.org\/es\/producto\/especies-amenazadas-2026-juego-de-pliegos-completos\/","title":{"rendered":"Especies amenazadas 2026 \u2013 Juego de pliegos completos"},"content":{"rendered":"<p><strong>Fecha de emisi\u00f3n:<\/strong> 24 de abril de 2026<br \/>\n<strong>Dise\u00f1adora: <\/strong>Rorie Katz (Naciones Unidas)<br \/>\n<strong>Tama\u00f1o del sello:<\/strong> 39,2\u00a0mm x 28,6\u00a0mm<br \/>\n<strong>Sellos por pliego:<\/strong> 16 (4 dise\u00f1os por pliego)<br \/>\n<strong>Impresor:<\/strong> Joh. Ensched\u00e9 Stamps Security Printers B.V. (Pa\u00edses Bajos)<br \/>\n<strong>Proceso:<\/strong> Litograf\u00eda offset<br \/>\n<strong>Perforaci\u00f3n:<\/strong> 12 \u00bd x 12 \u00be<br \/>\n<strong>Cantidades:<\/strong><br \/>\n$1,70 7.000 hojas<br \/>\nCHF 1,90 7.000 hojas<br \/>\n\u20ac1,45 8.000 hojas<\/p>\n<p><strong>Los dise\u00f1os<\/strong><\/p>\n<p><strong>Nueva York \u2013 $1.70<\/strong><br \/>\nAloe aristata (\u00c1loe encaje)<br \/>\nCyathea medullaris (Helecho arb\u00f3reo negro)<br \/>\nDendrobium nobile (Orqu\u00eddea noble de roca)<br \/>\nDipteryx odorata (Frijol tonka) <\/p>\n<p><strong>Ginebra \u2013 CHF 1,90<\/strong><br \/>\nOpuntia ficus-indica (Chumbera)<br \/>\nPanax ginseng (Ginseng asi\u00e1tico)<br \/>\nEuphorbia antisyphilitica (Candelilla)<br \/>\nRhodiola semenovii (Ra\u00edz dorada) <\/p>\n<p><strong>Viena \u2013 \u20ac 1,45<\/strong><br \/>\nVanilla planifolia (Orqu\u00eddea de vainilla)<br \/>\nAloe Dawei (\u00c1loe de Dawe)<br \/>\nGastrodia elata (Tianma)<br \/>\nGalanthus woronowii (Campanilla verde) <\/p>\n","protected":false},"excerpt":{"rendered":"<p>Fecha de emisi\u00f3n: 24 de abril de 2026 Dise\u00f1adora: Rorie Katz (Naciones Unidas) Tama\u00f1o del sello: 39,2\u00a0mm x 28,6\u00a0mm Sellos por pliego: 16 (4 dise\u00f1os por pliego) Impresor: Joh. Ensched\u00e9 Stamps Security Printers B.V. (Pa\u00edses Bajos) Proceso: Litograf\u00eda offset Perforaci\u00f3n: 12 \u00bd x 12 \u00be Cantidades: $1,70 7.000 hojas CHF 1,90 7.000 hojas \u20ac1,45 8.000 [&hellip;]<\/p>\n","protected":false},"featured_media":200783,"comment_status":"closed","ping_status":"closed","template":"","meta":{"ngg_post_thumbnail":0},"product_brand":[],"product_cat":[2964,942,926,924,1088,927],"product_tag":[],"class_list":{"0":"post-200745","1":"product","2":"type-product","3":"status-publish","4":"has-post-thumbnail","6":"product_cat-2026-es","7":"product_cat-especies-amenazadas","8":"product_cat-ginebra","9":"product_cat-nueva-york","10":"product_cat-sheet-set-es","11":"product_cat-viena","12":"pa_condition-cancelled-es","13":"pa_condition-mint-es","15":"first","16":"instock","17":"shipping-taxable","18":"purchasable","19":"product-type-variable","20":"has-default-attributes"},"yoast_head":"<!-- This site is optimized with the Yoast SEO plugin v27.4 - https:\/\/yoast.com\/product\/yoast-seo-wordpress\/ -->\n<title>Especies amenazadas 2026 \u2013 Juego de pliegos completos - UN Stamps<\/title>\n<meta name=\"robots\" content=\"index, follow, max-snippet:-1, max-image-preview:large, max-video-preview:-1\" \/>\n<link rel=\"canonical\" href=\"https:\/\/unstamps.org\/es\/producto\/especies-amenazadas-2026-juego-de-pliegos-completos\/\" \/>\n<meta property=\"og:locale\" content=\"es_ES\" \/>\n<meta property=\"og:type\" content=\"article\" \/>\n<meta property=\"og:title\" content=\"Especies amenazadas 2026 \u2013 Juego de pliegos completos - UN Stamps\" \/>\n<meta property=\"og:description\" content=\"Fecha de emisi\u00f3n: 24 de abril de 2026 Dise\u00f1adora: Rorie Katz (Naciones Unidas) Tama\u00f1o del sello: 39,2\u00a0mm x 28,6\u00a0mm Sellos por pliego: 16 (4 dise\u00f1os por pliego) Impresor: Joh. Ensched\u00e9 Stamps Security Printers B.V. (Pa\u00edses Bajos) Proceso: Litograf\u00eda offset Perforaci\u00f3n: 12 \u00bd x 12 \u00be Cantidades: $1,70 7.000 hojas CHF 1,90 7.000 hojas \u20ac1,45 8.000 [&hellip;]\" \/>\n<meta property=\"og:url\" content=\"https:\/\/unstamps.org\/es\/producto\/especies-amenazadas-2026-juego-de-pliegos-completos\/\" \/>\n<meta property=\"og:site_name\" content=\"UN Stamps\" \/>\n<meta property=\"article:modified_time\" content=\"2026-04-24T15:57:18+00:00\" \/>\n<meta property=\"og:image\" content=\"https:\/\/unstamps.org\/wp-content\/uploads\/2026\/04\/2026-Species-FS-GROUP.jpg\" \/>\n\t<meta property=\"og:image:width\" content=\"1024\" \/>\n\t<meta property=\"og:image:height\" content=\"1024\" \/>\n\t<meta property=\"og:image:type\" content=\"image\/jpeg\" \/>\n<meta name=\"twitter:card\" content=\"summary_large_image\" \/>\n<meta name=\"twitter:label1\" content=\"Tiempo de lectura\" \/>\n\t<meta name=\"twitter:data1\" content=\"1 minuto\" \/>\n<script type=\"application\/ld+json\" class=\"yoast-schema-graph\">{\"@context\":\"https:\\\/\\\/schema.org\",\"@graph\":[{\"@type\":\"WebPage\",\"@id\":\"https:\\\/\\\/unstamps.org\\\/es\\\/producto\\\/especies-amenazadas-2026-juego-de-pliegos-completos\\\/\",\"url\":\"https:\\\/\\\/unstamps.org\\\/es\\\/producto\\\/especies-amenazadas-2026-juego-de-pliegos-completos\\\/\",\"name\":\"Especies amenazadas 2026 \u2013 Juego de pliegos completos - UN Stamps\",\"isPartOf\":{\"@id\":\"https:\\\/\\\/unstamps.org\\\/es\\\/#website\"},\"primaryImageOfPage\":{\"@id\":\"https:\\\/\\\/unstamps.org\\\/es\\\/producto\\\/especies-amenazadas-2026-juego-de-pliegos-completos\\\/#primaryimage\"},\"image\":{\"@id\":\"https:\\\/\\\/unstamps.org\\\/es\\\/producto\\\/especies-amenazadas-2026-juego-de-pliegos-completos\\\/#primaryimage\"},\"thumbnailUrl\":\"https:\\\/\\\/unstamps.org\\\/wp-content\\\/uploads\\\/2026\\\/04\\\/2026-Species-FS-GROUP.jpg\",\"datePublished\":\"2026-04-24T15:55:52+00:00\",\"dateModified\":\"2026-04-24T15:57:18+00:00\",\"breadcrumb\":{\"@id\":\"https:\\\/\\\/unstamps.org\\\/es\\\/producto\\\/especies-amenazadas-2026-juego-de-pliegos-completos\\\/#breadcrumb\"},\"inLanguage\":\"es\",\"potentialAction\":[{\"@type\":\"ReadAction\",\"target\":[\"https:\\\/\\\/unstamps.org\\\/es\\\/producto\\\/especies-amenazadas-2026-juego-de-pliegos-completos\\\/\"]}]},{\"@type\":\"ImageObject\",\"inLanguage\":\"es\",\"@id\":\"https:\\\/\\\/unstamps.org\\\/es\\\/producto\\\/especies-amenazadas-2026-juego-de-pliegos-completos\\\/#primaryimage\",\"url\":\"https:\\\/\\\/unstamps.org\\\/wp-content\\\/uploads\\\/2026\\\/04\\\/2026-Species-FS-GROUP.jpg\",\"contentUrl\":\"https:\\\/\\\/unstamps.org\\\/wp-content\\\/uploads\\\/2026\\\/04\\\/2026-Species-FS-GROUP.jpg\",\"width\":1024,\"height\":1024},{\"@type\":\"BreadcrumbList\",\"@id\":\"https:\\\/\\\/unstamps.org\\\/es\\\/producto\\\/especies-amenazadas-2026-juego-de-pliegos-completos\\\/#breadcrumb\",\"itemListElement\":[{\"@type\":\"ListItem\",\"position\":1,\"name\":\"Home\",\"item\":\"https:\\\/\\\/unstamps.org\\\/es\\\/\"},{\"@type\":\"ListItem\",\"position\":2,\"name\":\"Shop\",\"item\":\"https:\\\/\\\/unstamps.org\\\/es\\\/productos\\\/\"},{\"@type\":\"ListItem\",\"position\":3,\"name\":\"Especies amenazadas 2026 \u2013 Juego de pliegos completos\"}]},{\"@type\":\"WebSite\",\"@id\":\"https:\\\/\\\/unstamps.org\\\/es\\\/#website\",\"url\":\"https:\\\/\\\/unstamps.org\\\/es\\\/\",\"name\":\"UN Stamps\",\"description\":\"United Nations Stamps\",\"publisher\":{\"@id\":\"https:\\\/\\\/unstamps.org\\\/es\\\/#organization\"},\"potentialAction\":[{\"@type\":\"SearchAction\",\"target\":{\"@type\":\"EntryPoint\",\"urlTemplate\":\"https:\\\/\\\/unstamps.org\\\/es\\\/?s={search_term_string}\"},\"query-input\":{\"@type\":\"PropertyValueSpecification\",\"valueRequired\":true,\"valueName\":\"search_term_string\"}}],\"inLanguage\":\"es\"},{\"@type\":\"Organization\",\"@id\":\"https:\\\/\\\/unstamps.org\\\/es\\\/#organization\",\"name\":\"UN Stamps\",\"url\":\"https:\\\/\\\/unstamps.org\\\/es\\\/\",\"logo\":{\"@type\":\"ImageObject\",\"inLanguage\":\"es\",\"@id\":\"https:\\\/\\\/unstamps.org\\\/es\\\/#\\\/schema\\\/logo\\\/image\\\/\",\"url\":\"https:\\\/\\\/unstamps.org\\\/wp-content\\\/uploads\\\/2014\\\/01\\\/logo4web.jpg\",\"contentUrl\":\"https:\\\/\\\/unstamps.org\\\/wp-content\\\/uploads\\\/2014\\\/01\\\/logo4web.jpg\",\"width\":2500,\"height\":250,\"caption\":\"UN Stamps\"},\"image\":{\"@id\":\"https:\\\/\\\/unstamps.org\\\/es\\\/#\\\/schema\\\/logo\\\/image\\\/\"}}]}<\/script>\n<!-- \/ Yoast SEO plugin. -->","yoast_head_json":{"title":"Especies amenazadas 2026 \u2013 Juego de pliegos completos - UN Stamps","robots":{"index":"index","follow":"follow","max-snippet":"max-snippet:-1","max-image-preview":"max-image-preview:large","max-video-preview":"max-video-preview:-1"},"canonical":"https:\/\/unstamps.org\/es\/producto\/especies-amenazadas-2026-juego-de-pliegos-completos\/","og_locale":"es_ES","og_type":"article","og_title":"Especies amenazadas 2026 \u2013 Juego de pliegos completos - UN Stamps","og_description":"Fecha de emisi\u00f3n: 24 de abril de 2026 Dise\u00f1adora: Rorie Katz (Naciones Unidas) Tama\u00f1o del sello: 39,2\u00a0mm x 28,6\u00a0mm Sellos por pliego: 16 (4 dise\u00f1os por pliego) Impresor: Joh. Ensched\u00e9 Stamps Security Printers B.V. (Pa\u00edses Bajos) Proceso: Litograf\u00eda offset Perforaci\u00f3n: 12 \u00bd x 12 \u00be Cantidades: $1,70 7.000 hojas CHF 1,90 7.000 hojas \u20ac1,45 8.000 [&hellip;]","og_url":"https:\/\/unstamps.org\/es\/producto\/especies-amenazadas-2026-juego-de-pliegos-completos\/","og_site_name":"UN Stamps","article_modified_time":"2026-04-24T15:57:18+00:00","og_image":[{"width":1024,"height":1024,"url":"https:\/\/unstamps.org\/wp-content\/uploads\/2026\/04\/2026-Species-FS-GROUP.jpg","type":"image\/jpeg"}],"twitter_card":"summary_large_image","twitter_misc":{"Tiempo de lectura":"1 minuto"},"schema":{"@context":"https:\/\/schema.org","@graph":[{"@type":"WebPage","@id":"https:\/\/unstamps.org\/es\/producto\/especies-amenazadas-2026-juego-de-pliegos-completos\/","url":"https:\/\/unstamps.org\/es\/producto\/especies-amenazadas-2026-juego-de-pliegos-completos\/","name":"Especies amenazadas 2026 \u2013 Juego de pliegos completos - UN Stamps","isPartOf":{"@id":"https:\/\/unstamps.org\/es\/#website"},"primaryImageOfPage":{"@id":"https:\/\/unstamps.org\/es\/producto\/especies-amenazadas-2026-juego-de-pliegos-completos\/#primaryimage"},"image":{"@id":"https:\/\/unstamps.org\/es\/producto\/especies-amenazadas-2026-juego-de-pliegos-completos\/#primaryimage"},"thumbnailUrl":"https:\/\/unstamps.org\/wp-content\/uploads\/2026\/04\/2026-Species-FS-GROUP.jpg","datePublished":"2026-04-24T15:55:52+00:00","dateModified":"2026-04-24T15:57:18+00:00","breadcrumb":{"@id":"https:\/\/unstamps.org\/es\/producto\/especies-amenazadas-2026-juego-de-pliegos-completos\/#breadcrumb"},"inLanguage":"es","potentialAction":[{"@type":"ReadAction","target":["https:\/\/unstamps.org\/es\/producto\/especies-amenazadas-2026-juego-de-pliegos-completos\/"]}]},{"@type":"ImageObject","inLanguage":"es","@id":"https:\/\/unstamps.org\/es\/producto\/especies-amenazadas-2026-juego-de-pliegos-completos\/#primaryimage","url":"https:\/\/unstamps.org\/wp-content\/uploads\/2026\/04\/2026-Species-FS-GROUP.jpg","contentUrl":"https:\/\/unstamps.org\/wp-content\/uploads\/2026\/04\/2026-Species-FS-GROUP.jpg","width":1024,"height":1024},{"@type":"BreadcrumbList","@id":"https:\/\/unstamps.org\/es\/producto\/especies-amenazadas-2026-juego-de-pliegos-completos\/#breadcrumb","itemListElement":[{"@type":"ListItem","position":1,"name":"Home","item":"https:\/\/unstamps.org\/es\/"},{"@type":"ListItem","position":2,"name":"Shop","item":"https:\/\/unstamps.org\/es\/productos\/"},{"@type":"ListItem","position":3,"name":"Especies amenazadas 2026 \u2013 Juego de pliegos completos"}]},{"@type":"WebSite","@id":"https:\/\/unstamps.org\/es\/#website","url":"https:\/\/unstamps.org\/es\/","name":"UN Stamps","description":"United Nations Stamps","publisher":{"@id":"https:\/\/unstamps.org\/es\/#organization"},"potentialAction":[{"@type":"SearchAction","target":{"@type":"EntryPoint","urlTemplate":"https:\/\/unstamps.org\/es\/?s={search_term_string}"},"query-input":{"@type":"PropertyValueSpecification","valueRequired":true,"valueName":"search_term_string"}}],"inLanguage":"es"},{"@type":"Organization","@id":"https:\/\/unstamps.org\/es\/#organization","name":"UN Stamps","url":"https:\/\/unstamps.org\/es\/","logo":{"@type":"ImageObject","inLanguage":"es","@id":"https:\/\/unstamps.org\/es\/#\/schema\/logo\/image\/","url":"https:\/\/unstamps.org\/wp-content\/uploads\/2014\/01\/logo4web.jpg","contentUrl":"https:\/\/unstamps.org\/wp-content\/uploads\/2014\/01\/logo4web.jpg","width":2500,"height":250,"caption":"UN Stamps"},"image":{"@id":"https:\/\/unstamps.org\/es\/#\/schema\/logo\/image\/"}}]}},"jetpack_sharing_enabled":true,"publishpress_future_action":{"enabled":false,"date":"2026-05-01 20:24:33","action":"change-status","newStatus":"private","terms":[],"taxonomy":"product_cat","extraData":[]},"publishpress_future_workflow_manual_trigger":{"enabledWorkflows":[]},"_links":{"self":[{"href":"https:\/\/unstamps.org\/es\/wp-json\/wp\/v2\/product\/200745","targetHints":{"allow":["GET"]}}],"collection":[{"href":"https:\/\/unstamps.org\/es\/wp-json\/wp\/v2\/product"}],"about":[{"href":"https:\/\/unstamps.org\/es\/wp-json\/wp\/v2\/types\/product"}],"replies":[{"embeddable":true,"href":"https:\/\/unstamps.org\/es\/wp-json\/wp\/v2\/comments?post=200745"}],"wp:featuredmedia":[{"embeddable":true,"href":"https:\/\/unstamps.org\/es\/wp-json\/wp\/v2\/media\/200783"}],"wp:attachment":[{"href":"https:\/\/unstamps.org\/es\/wp-json\/wp\/v2\/media?parent=200745"}],"wp:term":[{"taxonomy":"product_brand","embeddable":true,"href":"https:\/\/unstamps.org\/es\/wp-json\/wp\/v2\/product_brand?post=200745"},{"taxonomy":"product_cat","embeddable":true,"href":"https:\/\/unstamps.org\/es\/wp-json\/wp\/v2\/product_cat?post=200745"},{"taxonomy":"product_tag","embeddable":true,"href":"https:\/\/unstamps.org\/es\/wp-json\/wp\/v2\/product_tag?post=200745"}],"curies":[{"name":"wp","href":"https:\/\/api.w.org\/{rel}","templated":true}]}}