{"id":200527,"date":"2026-04-24T12:03:13","date_gmt":"2026-04-24T16:03:13","guid":{"rendered":"https:\/\/unstamps.org\/?post_type=product&#038;p=200527"},"modified":"2026-04-24T12:05:05","modified_gmt":"2026-04-24T16:05:05","slug":"especies-amenazadas-2026","status":"publish","type":"product","link":"https:\/\/unstamps.org\/es\/producto\/especies-amenazadas-2026\/","title":{"rendered":"Especies amenazadas 2026"},"content":{"rendered":"<p>El 24 de abril de 2026, la Administraci\u00f3n Postal de las Naciones Unidas contin\u00faa su serie de sellos de Especies en Peligro de Extinci\u00f3n con la emisi\u00f3n de doce sellos, tres tarjetas m\u00e1ximas, un sobre de edici\u00f3n limitada en seda y la carpeta de Especies en Peligro 2026. Los sellos de Especies en Peligro de Extinci\u00f3n 2026 ponen de relieve especies que a menudo pasan desapercibidas en las conversaciones sobre conservaci\u00f3n: plantas medicinales y arom\u00e1ticas (PMA). Este grupo de flora no solo es vital para los ecosistemas, sino que tambi\u00e9n est\u00e1 profundamente integrado en la cultura, la salud y el comercio humanos.<\/p>\n<p>Las plantas medicinales y arom\u00e1ticas son indispensables para las sociedades de todo el mundo, proporcionando la base para la medicina tradicional en pa\u00edses en desarrollo, as\u00ed como compuestos activos para productos farmac\u00e9uticos modernos. M\u00e1s all\u00e1 de sus usos m\u00e9dicos, contribuyen a industrias como la cosm\u00e9tica, la alimentaci\u00f3n y los productos de lujo, al mismo tiempo que estabilizan los suelos, apoyan a los polinizadores y enriquecen la biodiversidad.<\/p>\n<p>Estas plantas demuestran las m\u00faltiples formas en que las sociedades dependen de la naturaleza, y subrayan la necesidad de pr\u00e1cticas sostenibles para garantizar que contin\u00faen apoyando tanto a las personas como a los ecosistemas. Su inclusi\u00f3n en la colecci\u00f3n de este a\u00f1o resalta el creciente reconocimiento de que la conservaci\u00f3n de la biodiversidad va mucho m\u00e1s all\u00e1 de los animales carism\u00e1ticos: llega hasta las ra\u00edces, hojas y flores que sustentan las tradiciones y la medicina moderna.<\/p>\n<p>Durante cincuenta a\u00f1os, la Convenci\u00f3n sobre el Comercio Internacional de Especies Amenazadas de Fauna y Flora Silvestres (CITES) ha proporcionado el marco global para que sus ahora 185 Partes (184 pa\u00edses y la Uni\u00f3n Europea) aseguren que el comercio de especies silvestres sea legal, rastreable y sostenible.<br \/>\nLa Administraci\u00f3n Postal de las Naciones Unidas se enorgullece de haber apoyado a CITES y sus esfuerzos de conservaci\u00f3n mediante la emisi\u00f3n de sellos de Especies en Peligro de Extinci\u00f3n de flora y fauna durante m\u00e1s de treinta a\u00f1os.<\/p>\n<p><strong>Fecha de emisi\u00f3n:<\/strong> 24 de abril de 2026<br \/>\n<strong>Dise\u00f1adora: <\/strong>Rorie Katz (Naciones Unidas)<br \/>\n<strong>Tama\u00f1o del sello:<\/strong> 39,2\u00a0mm x 28,6\u00a0mm<br \/>\n<strong>Sellos por pliego:<\/strong> 16 (4 dise\u00f1os por pliego)<br \/>\n<strong>Impresor:<\/strong> Joh. Ensched\u00e9 Stamps Security Printers B.V. (Pa\u00edses Bajos)<br \/>\n<strong>Proceso:<\/strong> Litograf\u00eda offset<br \/>\n<strong>Perforaci\u00f3n:<\/strong> 12 \u00bd x 12 \u00be<br \/>\n<strong>Cantidades:<\/strong><br \/>\n$1,70 7.000 hojas<br \/>\nCHF 1,90 7.000 hojas<br \/>\n\u20ac1,45 8.000 hojas<\/p>\n<p><strong>Los dise\u00f1os<\/strong><\/p>\n<p><strong>Nueva York \u2013 $1.70<\/strong><br \/>\nAloe aristata (\u00c1loe encaje)<br \/>\nCyathea medullaris (Helecho arb\u00f3reo negro)<br \/>\nDendrobium nobile (Orqu\u00eddea noble de roca)<br \/>\nDipteryx odorata (Frijol tonka) <\/p>\n<p><strong>Ginebra \u2013 CHF 1,90<\/strong><br \/>\nOpuntia ficus-indica (Chumbera)<br \/>\nPanax ginseng (Ginseng asi\u00e1tico)<br \/>\nEuphorbia antisyphilitica (Candelilla)<br \/>\nRhodiola semenovii (Ra\u00edz dorada) <\/p>\n<p><strong>Viena \u2013 \u20ac 1,45<\/strong><br \/>\nVanilla planifolia (Orqu\u00eddea de vainilla)<br \/>\nAloe Dawei (\u00c1loe de Dawe)<br \/>\nGastrodia elata (Tianma)<br \/>\nGalanthus woronowii (Campanilla verde) <\/p>\n","protected":false},"excerpt":{"rendered":"<p>El 24 de abril de 2026, la Administraci\u00f3n Postal de las Naciones Unidas contin\u00faa su serie de sellos de Especies en Peligro de Extinci\u00f3n con la emisi\u00f3n de doce sellos, tres tarjetas m\u00e1ximas, un sobre de edici\u00f3n limitada en seda y la carpeta de Especies en Peligro 2026. Los sellos de Especies en Peligro de [&hellip;]<\/p>\n","protected":false},"featured_media":200783,"comment_status":"closed","ping_status":"closed","template":"","meta":{"ngg_post_thumbnail":0},"product_brand":[],"product_cat":[2964,929,942],"product_tag":[],"class_list":{"0":"post-200527","1":"product","2":"type-product","3":"status-publish","4":"has-post-thumbnail","6":"product_cat-2026-es","7":"product_cat-conmemorativos","8":"product_cat-especies-amenazadas","10":"first","11":"outofstock","12":"shipping-taxable","13":"product-type-grouped"},"yoast_head":"<!-- This site is optimized with the Yoast SEO plugin v27.4 - https:\/\/yoast.com\/product\/yoast-seo-wordpress\/ -->\n<title>Especies amenazadas 2026 - UN Stamps<\/title>\n<meta name=\"robots\" content=\"index, follow, max-snippet:-1, max-image-preview:large, max-video-preview:-1\" \/>\n<link rel=\"canonical\" href=\"https:\/\/unstamps.org\/es\/producto\/especies-amenazadas-2026\/\" \/>\n<meta property=\"og:locale\" content=\"es_ES\" \/>\n<meta property=\"og:type\" content=\"article\" \/>\n<meta property=\"og:title\" content=\"Especies amenazadas 2026 - UN Stamps\" \/>\n<meta property=\"og:description\" content=\"El 24 de abril de 2026, la Administraci\u00f3n Postal de las Naciones Unidas contin\u00faa su serie de sellos de Especies en Peligro de Extinci\u00f3n con la emisi\u00f3n de doce sellos, tres tarjetas m\u00e1ximas, un sobre de edici\u00f3n limitada en seda y la carpeta de Especies en Peligro 2026. Los sellos de Especies en Peligro de [&hellip;]\" \/>\n<meta property=\"og:url\" content=\"https:\/\/unstamps.org\/es\/producto\/especies-amenazadas-2026\/\" \/>\n<meta property=\"og:site_name\" content=\"UN Stamps\" \/>\n<meta property=\"article:modified_time\" content=\"2026-04-24T16:05:05+00:00\" \/>\n<meta property=\"og:image\" content=\"https:\/\/unstamps.org\/wp-content\/uploads\/2026\/04\/2026-Species-FS-GROUP.jpg\" \/>\n\t<meta property=\"og:image:width\" content=\"1024\" \/>\n\t<meta property=\"og:image:height\" content=\"1024\" \/>\n\t<meta property=\"og:image:type\" content=\"image\/jpeg\" \/>\n<meta name=\"twitter:card\" content=\"summary_large_image\" \/>\n<meta name=\"twitter:label1\" content=\"Tiempo de lectura\" \/>\n\t<meta name=\"twitter:data1\" content=\"2 minutos\" \/>\n<script type=\"application\/ld+json\" class=\"yoast-schema-graph\">{\"@context\":\"https:\\\/\\\/schema.org\",\"@graph\":[{\"@type\":\"WebPage\",\"@id\":\"https:\\\/\\\/unstamps.org\\\/es\\\/producto\\\/especies-amenazadas-2026\\\/\",\"url\":\"https:\\\/\\\/unstamps.org\\\/es\\\/producto\\\/especies-amenazadas-2026\\\/\",\"name\":\"Especies amenazadas 2026 - UN Stamps\",\"isPartOf\":{\"@id\":\"https:\\\/\\\/unstamps.org\\\/es\\\/#website\"},\"primaryImageOfPage\":{\"@id\":\"https:\\\/\\\/unstamps.org\\\/es\\\/producto\\\/especies-amenazadas-2026\\\/#primaryimage\"},\"image\":{\"@id\":\"https:\\\/\\\/unstamps.org\\\/es\\\/producto\\\/especies-amenazadas-2026\\\/#primaryimage\"},\"thumbnailUrl\":\"https:\\\/\\\/unstamps.org\\\/wp-content\\\/uploads\\\/2026\\\/04\\\/2026-Species-FS-GROUP.jpg\",\"datePublished\":\"2026-04-24T16:03:13+00:00\",\"dateModified\":\"2026-04-24T16:05:05+00:00\",\"breadcrumb\":{\"@id\":\"https:\\\/\\\/unstamps.org\\\/es\\\/producto\\\/especies-amenazadas-2026\\\/#breadcrumb\"},\"inLanguage\":\"es\",\"potentialAction\":[{\"@type\":\"ReadAction\",\"target\":[\"https:\\\/\\\/unstamps.org\\\/es\\\/producto\\\/especies-amenazadas-2026\\\/\"]}]},{\"@type\":\"ImageObject\",\"inLanguage\":\"es\",\"@id\":\"https:\\\/\\\/unstamps.org\\\/es\\\/producto\\\/especies-amenazadas-2026\\\/#primaryimage\",\"url\":\"https:\\\/\\\/unstamps.org\\\/wp-content\\\/uploads\\\/2026\\\/04\\\/2026-Species-FS-GROUP.jpg\",\"contentUrl\":\"https:\\\/\\\/unstamps.org\\\/wp-content\\\/uploads\\\/2026\\\/04\\\/2026-Species-FS-GROUP.jpg\",\"width\":1024,\"height\":1024},{\"@type\":\"BreadcrumbList\",\"@id\":\"https:\\\/\\\/unstamps.org\\\/es\\\/producto\\\/especies-amenazadas-2026\\\/#breadcrumb\",\"itemListElement\":[{\"@type\":\"ListItem\",\"position\":1,\"name\":\"Home\",\"item\":\"https:\\\/\\\/unstamps.org\\\/es\\\/\"},{\"@type\":\"ListItem\",\"position\":2,\"name\":\"Shop\",\"item\":\"https:\\\/\\\/unstamps.org\\\/es\\\/productos\\\/\"},{\"@type\":\"ListItem\",\"position\":3,\"name\":\"Especies amenazadas 2026\"}]},{\"@type\":\"WebSite\",\"@id\":\"https:\\\/\\\/unstamps.org\\\/es\\\/#website\",\"url\":\"https:\\\/\\\/unstamps.org\\\/es\\\/\",\"name\":\"UN Stamps\",\"description\":\"United Nations Stamps\",\"publisher\":{\"@id\":\"https:\\\/\\\/unstamps.org\\\/es\\\/#organization\"},\"potentialAction\":[{\"@type\":\"SearchAction\",\"target\":{\"@type\":\"EntryPoint\",\"urlTemplate\":\"https:\\\/\\\/unstamps.org\\\/es\\\/?s={search_term_string}\"},\"query-input\":{\"@type\":\"PropertyValueSpecification\",\"valueRequired\":true,\"valueName\":\"search_term_string\"}}],\"inLanguage\":\"es\"},{\"@type\":\"Organization\",\"@id\":\"https:\\\/\\\/unstamps.org\\\/es\\\/#organization\",\"name\":\"UN Stamps\",\"url\":\"https:\\\/\\\/unstamps.org\\\/es\\\/\",\"logo\":{\"@type\":\"ImageObject\",\"inLanguage\":\"es\",\"@id\":\"https:\\\/\\\/unstamps.org\\\/es\\\/#\\\/schema\\\/logo\\\/image\\\/\",\"url\":\"https:\\\/\\\/unstamps.org\\\/wp-content\\\/uploads\\\/2014\\\/01\\\/logo4web.jpg\",\"contentUrl\":\"https:\\\/\\\/unstamps.org\\\/wp-content\\\/uploads\\\/2014\\\/01\\\/logo4web.jpg\",\"width\":2500,\"height\":250,\"caption\":\"UN Stamps\"},\"image\":{\"@id\":\"https:\\\/\\\/unstamps.org\\\/es\\\/#\\\/schema\\\/logo\\\/image\\\/\"}}]}<\/script>\n<!-- \/ Yoast SEO plugin. -->","yoast_head_json":{"title":"Especies amenazadas 2026 - UN Stamps","robots":{"index":"index","follow":"follow","max-snippet":"max-snippet:-1","max-image-preview":"max-image-preview:large","max-video-preview":"max-video-preview:-1"},"canonical":"https:\/\/unstamps.org\/es\/producto\/especies-amenazadas-2026\/","og_locale":"es_ES","og_type":"article","og_title":"Especies amenazadas 2026 - UN Stamps","og_description":"El 24 de abril de 2026, la Administraci\u00f3n Postal de las Naciones Unidas contin\u00faa su serie de sellos de Especies en Peligro de Extinci\u00f3n con la emisi\u00f3n de doce sellos, tres tarjetas m\u00e1ximas, un sobre de edici\u00f3n limitada en seda y la carpeta de Especies en Peligro 2026. Los sellos de Especies en Peligro de [&hellip;]","og_url":"https:\/\/unstamps.org\/es\/producto\/especies-amenazadas-2026\/","og_site_name":"UN Stamps","article_modified_time":"2026-04-24T16:05:05+00:00","og_image":[{"width":1024,"height":1024,"url":"https:\/\/unstamps.org\/wp-content\/uploads\/2026\/04\/2026-Species-FS-GROUP.jpg","type":"image\/jpeg"}],"twitter_card":"summary_large_image","twitter_misc":{"Tiempo de lectura":"2 minutos"},"schema":{"@context":"https:\/\/schema.org","@graph":[{"@type":"WebPage","@id":"https:\/\/unstamps.org\/es\/producto\/especies-amenazadas-2026\/","url":"https:\/\/unstamps.org\/es\/producto\/especies-amenazadas-2026\/","name":"Especies amenazadas 2026 - UN Stamps","isPartOf":{"@id":"https:\/\/unstamps.org\/es\/#website"},"primaryImageOfPage":{"@id":"https:\/\/unstamps.org\/es\/producto\/especies-amenazadas-2026\/#primaryimage"},"image":{"@id":"https:\/\/unstamps.org\/es\/producto\/especies-amenazadas-2026\/#primaryimage"},"thumbnailUrl":"https:\/\/unstamps.org\/wp-content\/uploads\/2026\/04\/2026-Species-FS-GROUP.jpg","datePublished":"2026-04-24T16:03:13+00:00","dateModified":"2026-04-24T16:05:05+00:00","breadcrumb":{"@id":"https:\/\/unstamps.org\/es\/producto\/especies-amenazadas-2026\/#breadcrumb"},"inLanguage":"es","potentialAction":[{"@type":"ReadAction","target":["https:\/\/unstamps.org\/es\/producto\/especies-amenazadas-2026\/"]}]},{"@type":"ImageObject","inLanguage":"es","@id":"https:\/\/unstamps.org\/es\/producto\/especies-amenazadas-2026\/#primaryimage","url":"https:\/\/unstamps.org\/wp-content\/uploads\/2026\/04\/2026-Species-FS-GROUP.jpg","contentUrl":"https:\/\/unstamps.org\/wp-content\/uploads\/2026\/04\/2026-Species-FS-GROUP.jpg","width":1024,"height":1024},{"@type":"BreadcrumbList","@id":"https:\/\/unstamps.org\/es\/producto\/especies-amenazadas-2026\/#breadcrumb","itemListElement":[{"@type":"ListItem","position":1,"name":"Home","item":"https:\/\/unstamps.org\/es\/"},{"@type":"ListItem","position":2,"name":"Shop","item":"https:\/\/unstamps.org\/es\/productos\/"},{"@type":"ListItem","position":3,"name":"Especies amenazadas 2026"}]},{"@type":"WebSite","@id":"https:\/\/unstamps.org\/es\/#website","url":"https:\/\/unstamps.org\/es\/","name":"UN Stamps","description":"United Nations Stamps","publisher":{"@id":"https:\/\/unstamps.org\/es\/#organization"},"potentialAction":[{"@type":"SearchAction","target":{"@type":"EntryPoint","urlTemplate":"https:\/\/unstamps.org\/es\/?s={search_term_string}"},"query-input":{"@type":"PropertyValueSpecification","valueRequired":true,"valueName":"search_term_string"}}],"inLanguage":"es"},{"@type":"Organization","@id":"https:\/\/unstamps.org\/es\/#organization","name":"UN Stamps","url":"https:\/\/unstamps.org\/es\/","logo":{"@type":"ImageObject","inLanguage":"es","@id":"https:\/\/unstamps.org\/es\/#\/schema\/logo\/image\/","url":"https:\/\/unstamps.org\/wp-content\/uploads\/2014\/01\/logo4web.jpg","contentUrl":"https:\/\/unstamps.org\/wp-content\/uploads\/2014\/01\/logo4web.jpg","width":2500,"height":250,"caption":"UN Stamps"},"image":{"@id":"https:\/\/unstamps.org\/es\/#\/schema\/logo\/image\/"}}]}},"jetpack_sharing_enabled":true,"publishpress_future_action":{"enabled":false,"date":"2026-05-01 23:02:06","action":"change-status","newStatus":"private","terms":[],"taxonomy":"product_cat","extraData":[]},"publishpress_future_workflow_manual_trigger":{"enabledWorkflows":[]},"_links":{"self":[{"href":"https:\/\/unstamps.org\/es\/wp-json\/wp\/v2\/product\/200527","targetHints":{"allow":["GET"]}}],"collection":[{"href":"https:\/\/unstamps.org\/es\/wp-json\/wp\/v2\/product"}],"about":[{"href":"https:\/\/unstamps.org\/es\/wp-json\/wp\/v2\/types\/product"}],"replies":[{"embeddable":true,"href":"https:\/\/unstamps.org\/es\/wp-json\/wp\/v2\/comments?post=200527"}],"wp:featuredmedia":[{"embeddable":true,"href":"https:\/\/unstamps.org\/es\/wp-json\/wp\/v2\/media\/200783"}],"wp:attachment":[{"href":"https:\/\/unstamps.org\/es\/wp-json\/wp\/v2\/media?parent=200527"}],"wp:term":[{"taxonomy":"product_brand","embeddable":true,"href":"https:\/\/unstamps.org\/es\/wp-json\/wp\/v2\/product_brand?post=200527"},{"taxonomy":"product_cat","embeddable":true,"href":"https:\/\/unstamps.org\/es\/wp-json\/wp\/v2\/product_cat?post=200527"},{"taxonomy":"product_tag","embeddable":true,"href":"https:\/\/unstamps.org\/es\/wp-json\/wp\/v2\/product_tag?post=200527"}],"curies":[{"name":"wp","href":"https:\/\/api.w.org\/{rel}","templated":true}]}}