{"id":200177,"date":"2026-03-30T13:53:46","date_gmt":"2026-03-30T17:53:46","guid":{"rendered":"https:\/\/unstamps.org\/?post_type=product&#038;p=200177"},"modified":"2026-03-30T14:03:25","modified_gmt":"2026-03-30T18:03:25","slug":"dia-internacional-de-los-bosques-juego-completo-de-pliegos","status":"publish","type":"product","link":"https:\/\/unstamps.org\/es\/producto\/dia-internacional-de-los-bosques-juego-completo-de-pliegos\/","title":{"rendered":"D\u00eda Internacional de Los Bosques &#8211; Juego completo de pliegos"},"content":{"rendered":"<p><strong>Fecha de emisi\u00f3n<\/strong>: 20 de marzo de 2026<br \/>\n<strong>Dise\u00f1ador<\/strong>: Sergio Baradat (EE UU)<br \/>\n<strong>Valores<\/strong>:US$ 1,70, CHF 1,90, \u20ac 1,45<br \/>\n<strong>Tama\u00f1o del sello<\/strong>: 37,7 mm x 49,5 mm<br \/>\n<strong>Tama\u00f1o de la hoja<\/strong>: 208,5 mm x 119 mm<br \/>\n<strong>N\u00famero de sellos por pliego<\/strong>: 10<br \/>\n<strong>Impresor<\/strong>: Royal Joh Ensched\u00e9 (Pa\u00edses Bajos)<br \/>\n<strong>Proceso<\/strong>: Litografia offset<\/p>\n<p><strong>Dise\u00f1os<\/strong><\/p>\n<p><strong>1,70 $<\/strong> \u2013 Los bosques impulsan el desarrollo sostenible al proporcionar medios de vida e ingresos a las comunidades, al tiempo que apoyan la biodiversidad. Suministran alimentos, aire limpio y agua dulce, y desempe\u00f1an un papel vital en la regulaci\u00f3n del clima mediante el almacenamiento de carbono. Los bosques saludables fortalecen la resiliencia, reducen la pobreza y garantizan la estabilidad ambiental y econ\u00f3mica a largo plazo.<\/p>\n<p><strong>1,90 CHF<\/strong> \u2013 Los bosques generan empleo y act\u00faan como motores del crecimiento econ\u00f3mico al sostener industrias como la silvicultura, la agricultura, el ecoturismo y los productos forestales no madereros. Son fuentes esenciales de medicina, seguridad alimentaria y nutrici\u00f3n, especialmente para las comunidades rurales e ind\u00edgenas. Al sustentar millones de medios de vida en todo el mundo, los bosques fortalecen las econom\u00edas locales al tiempo que promueven la resiliencia a largo plazo.<\/p>\n<p><strong>1,45 \u20ac<\/strong> \u2013 Los bosques impulsan el desarrollo sostenible al proporcionar medios de vida a millones de personas a trav\u00e9s de la silvicultura, la agricultura y las industrias basadas en los bosques. Apoyan las econom\u00edas locales mientras mantienen los ecosistemas de los que dependen las comunidades para su vida diaria. Cuando se gestionan de manera sostenible, los bosques ayudan a reducir la pobreza y garantizan la resiliencia ambiental y econ\u00f3mica a largo plazo.<\/p>\n","protected":false},"excerpt":{"rendered":"<p>Fecha de emisi\u00f3n: 20 de marzo de 2026 Dise\u00f1ador: Sergio Baradat (EE UU) Valores:US$ 1,70, CHF 1,90, \u20ac 1,45 Tama\u00f1o del sello: 37,7 mm x 49,5 mm Tama\u00f1o de la hoja: 208,5 mm x 119 mm N\u00famero de sellos por pliego: 10 Impresor: Royal Joh Ensched\u00e9 (Pa\u00edses Bajos) Proceso: Litografia offset Dise\u00f1os 1,70 $ \u2013 [&hellip;]<\/p>\n","protected":false},"featured_media":200219,"comment_status":"closed","ping_status":"closed","template":"","meta":{"ngg_post_thumbnail":0},"product_brand":[],"product_cat":[2964,926,924,1088,927],"product_tag":[],"class_list":{"0":"post-200177","1":"product","2":"type-product","3":"status-publish","4":"has-post-thumbnail","6":"product_cat-2026-es","7":"product_cat-ginebra","8":"product_cat-nueva-york","9":"product_cat-sheet-set-es","10":"product_cat-viena","11":"pa_condition-cancelled-es","12":"pa_condition-mint-es","14":"first","15":"instock","16":"shipping-taxable","17":"purchasable","18":"product-type-variable","19":"has-default-attributes"},"yoast_head":"<!-- This site is optimized with the Yoast SEO plugin v27.4 - https:\/\/yoast.com\/product\/yoast-seo-wordpress\/ -->\n<title>D\u00eda Internacional de Los Bosques - Juego completo de pliegos - UN Stamps<\/title>\n<meta name=\"robots\" content=\"index, follow, max-snippet:-1, max-image-preview:large, max-video-preview:-1\" \/>\n<link rel=\"canonical\" href=\"https:\/\/unstamps.org\/es\/producto\/dia-internacional-de-los-bosques-juego-completo-de-pliegos\/\" \/>\n<meta property=\"og:locale\" content=\"es_ES\" \/>\n<meta property=\"og:type\" content=\"article\" \/>\n<meta property=\"og:title\" content=\"D\u00eda Internacional de Los Bosques - Juego completo de pliegos - UN Stamps\" \/>\n<meta property=\"og:description\" content=\"Fecha de emisi\u00f3n: 20 de marzo de 2026 Dise\u00f1ador: Sergio Baradat (EE UU) Valores:US$ 1,70, CHF 1,90, \u20ac 1,45 Tama\u00f1o del sello: 37,7 mm x 49,5 mm Tama\u00f1o de la hoja: 208,5 mm x 119 mm N\u00famero de sellos por pliego: 10 Impresor: Royal Joh Ensched\u00e9 (Pa\u00edses Bajos) Proceso: Litografia offset Dise\u00f1os 1,70 $ \u2013 [&hellip;]\" \/>\n<meta property=\"og:url\" content=\"https:\/\/unstamps.org\/es\/producto\/dia-internacional-de-los-bosques-juego-completo-de-pliegos\/\" \/>\n<meta property=\"og:site_name\" content=\"UN Stamps\" \/>\n<meta property=\"article:modified_time\" content=\"2026-03-30T18:03:25+00:00\" \/>\n<meta property=\"og:image\" content=\"https:\/\/unstamps.org\/wp-content\/uploads\/2026\/03\/2026-Forests-FS-Group.jpg\" \/>\n\t<meta property=\"og:image:width\" content=\"1024\" \/>\n\t<meta property=\"og:image:height\" content=\"1024\" \/>\n\t<meta property=\"og:image:type\" content=\"image\/jpeg\" \/>\n<meta name=\"twitter:card\" content=\"summary_large_image\" \/>\n<meta name=\"twitter:label1\" content=\"Tiempo de lectura\" \/>\n\t<meta name=\"twitter:data1\" content=\"1 minuto\" \/>\n<script type=\"application\/ld+json\" class=\"yoast-schema-graph\">{\"@context\":\"https:\\\/\\\/schema.org\",\"@graph\":[{\"@type\":\"WebPage\",\"@id\":\"https:\\\/\\\/unstamps.org\\\/es\\\/producto\\\/dia-internacional-de-los-bosques-juego-completo-de-pliegos\\\/\",\"url\":\"https:\\\/\\\/unstamps.org\\\/es\\\/producto\\\/dia-internacional-de-los-bosques-juego-completo-de-pliegos\\\/\",\"name\":\"D\u00eda Internacional de Los Bosques - Juego completo de pliegos - UN Stamps\",\"isPartOf\":{\"@id\":\"https:\\\/\\\/unstamps.org\\\/es\\\/#website\"},\"primaryImageOfPage\":{\"@id\":\"https:\\\/\\\/unstamps.org\\\/es\\\/producto\\\/dia-internacional-de-los-bosques-juego-completo-de-pliegos\\\/#primaryimage\"},\"image\":{\"@id\":\"https:\\\/\\\/unstamps.org\\\/es\\\/producto\\\/dia-internacional-de-los-bosques-juego-completo-de-pliegos\\\/#primaryimage\"},\"thumbnailUrl\":\"https:\\\/\\\/unstamps.org\\\/wp-content\\\/uploads\\\/2026\\\/03\\\/2026-Forests-FS-Group.jpg\",\"datePublished\":\"2026-03-30T17:53:46+00:00\",\"dateModified\":\"2026-03-30T18:03:25+00:00\",\"breadcrumb\":{\"@id\":\"https:\\\/\\\/unstamps.org\\\/es\\\/producto\\\/dia-internacional-de-los-bosques-juego-completo-de-pliegos\\\/#breadcrumb\"},\"inLanguage\":\"es\",\"potentialAction\":[{\"@type\":\"ReadAction\",\"target\":[\"https:\\\/\\\/unstamps.org\\\/es\\\/producto\\\/dia-internacional-de-los-bosques-juego-completo-de-pliegos\\\/\"]}]},{\"@type\":\"ImageObject\",\"inLanguage\":\"es\",\"@id\":\"https:\\\/\\\/unstamps.org\\\/es\\\/producto\\\/dia-internacional-de-los-bosques-juego-completo-de-pliegos\\\/#primaryimage\",\"url\":\"https:\\\/\\\/unstamps.org\\\/wp-content\\\/uploads\\\/2026\\\/03\\\/2026-Forests-FS-Group.jpg\",\"contentUrl\":\"https:\\\/\\\/unstamps.org\\\/wp-content\\\/uploads\\\/2026\\\/03\\\/2026-Forests-FS-Group.jpg\",\"width\":1024,\"height\":1024},{\"@type\":\"BreadcrumbList\",\"@id\":\"https:\\\/\\\/unstamps.org\\\/es\\\/producto\\\/dia-internacional-de-los-bosques-juego-completo-de-pliegos\\\/#breadcrumb\",\"itemListElement\":[{\"@type\":\"ListItem\",\"position\":1,\"name\":\"Home\",\"item\":\"https:\\\/\\\/unstamps.org\\\/es\\\/\"},{\"@type\":\"ListItem\",\"position\":2,\"name\":\"Shop\",\"item\":\"https:\\\/\\\/unstamps.org\\\/es\\\/productos\\\/\"},{\"@type\":\"ListItem\",\"position\":3,\"name\":\"D\u00eda Internacional de Los Bosques &#8211; Juego completo de pliegos\"}]},{\"@type\":\"WebSite\",\"@id\":\"https:\\\/\\\/unstamps.org\\\/es\\\/#website\",\"url\":\"https:\\\/\\\/unstamps.org\\\/es\\\/\",\"name\":\"UN Stamps\",\"description\":\"United Nations Stamps\",\"publisher\":{\"@id\":\"https:\\\/\\\/unstamps.org\\\/es\\\/#organization\"},\"potentialAction\":[{\"@type\":\"SearchAction\",\"target\":{\"@type\":\"EntryPoint\",\"urlTemplate\":\"https:\\\/\\\/unstamps.org\\\/es\\\/?s={search_term_string}\"},\"query-input\":{\"@type\":\"PropertyValueSpecification\",\"valueRequired\":true,\"valueName\":\"search_term_string\"}}],\"inLanguage\":\"es\"},{\"@type\":\"Organization\",\"@id\":\"https:\\\/\\\/unstamps.org\\\/es\\\/#organization\",\"name\":\"UN Stamps\",\"url\":\"https:\\\/\\\/unstamps.org\\\/es\\\/\",\"logo\":{\"@type\":\"ImageObject\",\"inLanguage\":\"es\",\"@id\":\"https:\\\/\\\/unstamps.org\\\/es\\\/#\\\/schema\\\/logo\\\/image\\\/\",\"url\":\"https:\\\/\\\/unstamps.org\\\/wp-content\\\/uploads\\\/2014\\\/01\\\/logo4web.jpg\",\"contentUrl\":\"https:\\\/\\\/unstamps.org\\\/wp-content\\\/uploads\\\/2014\\\/01\\\/logo4web.jpg\",\"width\":2500,\"height\":250,\"caption\":\"UN Stamps\"},\"image\":{\"@id\":\"https:\\\/\\\/unstamps.org\\\/es\\\/#\\\/schema\\\/logo\\\/image\\\/\"}}]}<\/script>\n<!-- \/ Yoast SEO plugin. -->","yoast_head_json":{"title":"D\u00eda Internacional de Los Bosques - Juego completo de pliegos - UN Stamps","robots":{"index":"index","follow":"follow","max-snippet":"max-snippet:-1","max-image-preview":"max-image-preview:large","max-video-preview":"max-video-preview:-1"},"canonical":"https:\/\/unstamps.org\/es\/producto\/dia-internacional-de-los-bosques-juego-completo-de-pliegos\/","og_locale":"es_ES","og_type":"article","og_title":"D\u00eda Internacional de Los Bosques - Juego completo de pliegos - UN Stamps","og_description":"Fecha de emisi\u00f3n: 20 de marzo de 2026 Dise\u00f1ador: Sergio Baradat (EE UU) Valores:US$ 1,70, CHF 1,90, \u20ac 1,45 Tama\u00f1o del sello: 37,7 mm x 49,5 mm Tama\u00f1o de la hoja: 208,5 mm x 119 mm N\u00famero de sellos por pliego: 10 Impresor: Royal Joh Ensched\u00e9 (Pa\u00edses Bajos) Proceso: Litografia offset Dise\u00f1os 1,70 $ \u2013 [&hellip;]","og_url":"https:\/\/unstamps.org\/es\/producto\/dia-internacional-de-los-bosques-juego-completo-de-pliegos\/","og_site_name":"UN Stamps","article_modified_time":"2026-03-30T18:03:25+00:00","og_image":[{"width":1024,"height":1024,"url":"https:\/\/unstamps.org\/wp-content\/uploads\/2026\/03\/2026-Forests-FS-Group.jpg","type":"image\/jpeg"}],"twitter_card":"summary_large_image","twitter_misc":{"Tiempo de lectura":"1 minuto"},"schema":{"@context":"https:\/\/schema.org","@graph":[{"@type":"WebPage","@id":"https:\/\/unstamps.org\/es\/producto\/dia-internacional-de-los-bosques-juego-completo-de-pliegos\/","url":"https:\/\/unstamps.org\/es\/producto\/dia-internacional-de-los-bosques-juego-completo-de-pliegos\/","name":"D\u00eda Internacional de Los Bosques - Juego completo de pliegos - UN Stamps","isPartOf":{"@id":"https:\/\/unstamps.org\/es\/#website"},"primaryImageOfPage":{"@id":"https:\/\/unstamps.org\/es\/producto\/dia-internacional-de-los-bosques-juego-completo-de-pliegos\/#primaryimage"},"image":{"@id":"https:\/\/unstamps.org\/es\/producto\/dia-internacional-de-los-bosques-juego-completo-de-pliegos\/#primaryimage"},"thumbnailUrl":"https:\/\/unstamps.org\/wp-content\/uploads\/2026\/03\/2026-Forests-FS-Group.jpg","datePublished":"2026-03-30T17:53:46+00:00","dateModified":"2026-03-30T18:03:25+00:00","breadcrumb":{"@id":"https:\/\/unstamps.org\/es\/producto\/dia-internacional-de-los-bosques-juego-completo-de-pliegos\/#breadcrumb"},"inLanguage":"es","potentialAction":[{"@type":"ReadAction","target":["https:\/\/unstamps.org\/es\/producto\/dia-internacional-de-los-bosques-juego-completo-de-pliegos\/"]}]},{"@type":"ImageObject","inLanguage":"es","@id":"https:\/\/unstamps.org\/es\/producto\/dia-internacional-de-los-bosques-juego-completo-de-pliegos\/#primaryimage","url":"https:\/\/unstamps.org\/wp-content\/uploads\/2026\/03\/2026-Forests-FS-Group.jpg","contentUrl":"https:\/\/unstamps.org\/wp-content\/uploads\/2026\/03\/2026-Forests-FS-Group.jpg","width":1024,"height":1024},{"@type":"BreadcrumbList","@id":"https:\/\/unstamps.org\/es\/producto\/dia-internacional-de-los-bosques-juego-completo-de-pliegos\/#breadcrumb","itemListElement":[{"@type":"ListItem","position":1,"name":"Home","item":"https:\/\/unstamps.org\/es\/"},{"@type":"ListItem","position":2,"name":"Shop","item":"https:\/\/unstamps.org\/es\/productos\/"},{"@type":"ListItem","position":3,"name":"D\u00eda Internacional de Los Bosques &#8211; Juego completo de pliegos"}]},{"@type":"WebSite","@id":"https:\/\/unstamps.org\/es\/#website","url":"https:\/\/unstamps.org\/es\/","name":"UN Stamps","description":"United Nations Stamps","publisher":{"@id":"https:\/\/unstamps.org\/es\/#organization"},"potentialAction":[{"@type":"SearchAction","target":{"@type":"EntryPoint","urlTemplate":"https:\/\/unstamps.org\/es\/?s={search_term_string}"},"query-input":{"@type":"PropertyValueSpecification","valueRequired":true,"valueName":"search_term_string"}}],"inLanguage":"es"},{"@type":"Organization","@id":"https:\/\/unstamps.org\/es\/#organization","name":"UN Stamps","url":"https:\/\/unstamps.org\/es\/","logo":{"@type":"ImageObject","inLanguage":"es","@id":"https:\/\/unstamps.org\/es\/#\/schema\/logo\/image\/","url":"https:\/\/unstamps.org\/wp-content\/uploads\/2014\/01\/logo4web.jpg","contentUrl":"https:\/\/unstamps.org\/wp-content\/uploads\/2014\/01\/logo4web.jpg","width":2500,"height":250,"caption":"UN Stamps"},"image":{"@id":"https:\/\/unstamps.org\/es\/#\/schema\/logo\/image\/"}}]}},"jetpack_sharing_enabled":true,"publishpress_future_action":{"enabled":false,"date":"2026-05-05 10:16:59","action":"change-status","newStatus":"private","terms":[],"taxonomy":"product_cat","extraData":[]},"publishpress_future_workflow_manual_trigger":{"enabledWorkflows":[]},"_links":{"self":[{"href":"https:\/\/unstamps.org\/es\/wp-json\/wp\/v2\/product\/200177","targetHints":{"allow":["GET"]}}],"collection":[{"href":"https:\/\/unstamps.org\/es\/wp-json\/wp\/v2\/product"}],"about":[{"href":"https:\/\/unstamps.org\/es\/wp-json\/wp\/v2\/types\/product"}],"replies":[{"embeddable":true,"href":"https:\/\/unstamps.org\/es\/wp-json\/wp\/v2\/comments?post=200177"}],"wp:featuredmedia":[{"embeddable":true,"href":"https:\/\/unstamps.org\/es\/wp-json\/wp\/v2\/media\/200219"}],"wp:attachment":[{"href":"https:\/\/unstamps.org\/es\/wp-json\/wp\/v2\/media?parent=200177"}],"wp:term":[{"taxonomy":"product_brand","embeddable":true,"href":"https:\/\/unstamps.org\/es\/wp-json\/wp\/v2\/product_brand?post=200177"},{"taxonomy":"product_cat","embeddable":true,"href":"https:\/\/unstamps.org\/es\/wp-json\/wp\/v2\/product_cat?post=200177"},{"taxonomy":"product_tag","embeddable":true,"href":"https:\/\/unstamps.org\/es\/wp-json\/wp\/v2\/product_tag?post=200177"}],"curies":[{"name":"wp","href":"https:\/\/api.w.org\/{rel}","templated":true}]}}