{"id":198799,"date":"2026-01-23T12:10:02","date_gmt":"2026-01-23T17:10:02","guid":{"rendered":"https:\/\/unstamps.org\/?post_type=product&#038;p=198799"},"modified":"2026-01-23T12:19:02","modified_gmt":"2026-01-23T17:19:02","slug":"80o-aniversario-de-ecosoc-sello-ordinario-de-ny-us315-2","status":"publish","type":"product","link":"https:\/\/unstamps.org\/es\/producto\/80o-aniversario-de-ecosoc-sello-ordinario-de-ny-us315-2\/","title":{"rendered":"80\u00ba Aniversario de ECOSOC &#8211; Sello Ordinario de NY &#8211; Sobres de primer d\u00eda (US$3,15)"},"content":{"rendered":"<p>(Las im\u00e1genes de los sobres de primer d\u00eda son una muestra; los originales pueden ser ligeramente diferentes)<\/p>\n<p>Los sobres de primer d\u00eda de los sellos relativos a \u00ab80\u00ba Aniversario de ECOSOC\u00bb se emiten en las siguientes versiones:<\/p>\n<ul>\n<li>Individual: un sobre con uno sello del valor emitido, debidamente matasellado<\/li>\n<li>Bloque: un sobre con un bloque de cuatro sellos con inscripci\u00f3n marginal del valor emitido, debidamente matasellado<\/li>\n<\/ul>\n","protected":false},"excerpt":{"rendered":"<p>(Las im\u00e1genes de los sobres de primer d\u00eda son una muestra; los originales pueden ser ligeramente diferentes) Los sobres de primer d\u00eda de los sellos relativos a \u00ab80\u00ba Aniversario de ECOSOC\u00bb se emiten en las siguientes versiones: Individual: un sobre con uno sello del valor emitido, debidamente matasellado Bloque: un sobre con un bloque de [&hellip;]<\/p>\n","protected":false},"featured_media":198847,"comment_status":"closed","ping_status":"closed","template":"","meta":{"ngg_post_thumbnail":0},"product_brand":[],"product_cat":[2964,924,940],"product_tag":[],"class_list":{"0":"post-198799","1":"product","2":"type-product","3":"status-publish","4":"has-post-thumbnail","6":"product_cat-2026-es","7":"product_cat-nueva-york","8":"product_cat-sobres-de-primer-dia-de-emision","10":"first","11":"instock","12":"shipping-taxable","13":"purchasable","14":"product-type-simple"},"yoast_head":"<!-- This site is optimized with the Yoast SEO plugin v27.4 - https:\/\/yoast.com\/product\/yoast-seo-wordpress\/ -->\n<title>80\u00ba Aniversario de ECOSOC - Sello Ordinario de NY - Sobres de primer d\u00eda (US$3,15) - UN Stamps<\/title>\n<meta name=\"robots\" content=\"index, follow, max-snippet:-1, max-image-preview:large, max-video-preview:-1\" \/>\n<link rel=\"canonical\" href=\"https:\/\/unstamps.org\/es\/producto\/80o-aniversario-de-ecosoc-sello-ordinario-de-ny-us315-2\/\" \/>\n<meta property=\"og:locale\" content=\"es_ES\" \/>\n<meta property=\"og:type\" content=\"article\" \/>\n<meta property=\"og:title\" content=\"80\u00ba Aniversario de ECOSOC - Sello Ordinario de NY - Sobres de primer d\u00eda (US$3,15) - UN Stamps\" \/>\n<meta property=\"og:description\" content=\"(Las im\u00e1genes de los sobres de primer d\u00eda son una muestra; los originales pueden ser ligeramente diferentes) Los sobres de primer d\u00eda de los sellos relativos a \u00ab80\u00ba Aniversario de ECOSOC\u00bb se emiten en las siguientes versiones: Individual: un sobre con uno sello del valor emitido, debidamente matasellado Bloque: un sobre con un bloque de [&hellip;]\" \/>\n<meta property=\"og:url\" content=\"https:\/\/unstamps.org\/es\/producto\/80o-aniversario-de-ecosoc-sello-ordinario-de-ny-us315-2\/\" \/>\n<meta property=\"og:site_name\" content=\"UN Stamps\" \/>\n<meta property=\"article:modified_time\" content=\"2026-01-23T17:19:02+00:00\" \/>\n<meta property=\"og:image\" content=\"https:\/\/unstamps.org\/wp-content\/uploads\/2026\/01\/2026-ECOSOC-FDC-Single.jpg\" \/>\n\t<meta property=\"og:image:width\" content=\"1024\" \/>\n\t<meta property=\"og:image:height\" content=\"1024\" \/>\n\t<meta property=\"og:image:type\" content=\"image\/jpeg\" \/>\n<meta name=\"twitter:card\" content=\"summary_large_image\" \/>\n<script type=\"application\/ld+json\" class=\"yoast-schema-graph\">{\"@context\":\"https:\\\/\\\/schema.org\",\"@graph\":[{\"@type\":\"WebPage\",\"@id\":\"https:\\\/\\\/unstamps.org\\\/es\\\/producto\\\/80o-aniversario-de-ecosoc-sello-ordinario-de-ny-us315-2\\\/\",\"url\":\"https:\\\/\\\/unstamps.org\\\/es\\\/producto\\\/80o-aniversario-de-ecosoc-sello-ordinario-de-ny-us315-2\\\/\",\"name\":\"80\u00ba Aniversario de ECOSOC - Sello Ordinario de NY - Sobres de primer d\u00eda (US$3,15) - UN Stamps\",\"isPartOf\":{\"@id\":\"https:\\\/\\\/unstamps.org\\\/es\\\/#website\"},\"primaryImageOfPage\":{\"@id\":\"https:\\\/\\\/unstamps.org\\\/es\\\/producto\\\/80o-aniversario-de-ecosoc-sello-ordinario-de-ny-us315-2\\\/#primaryimage\"},\"image\":{\"@id\":\"https:\\\/\\\/unstamps.org\\\/es\\\/producto\\\/80o-aniversario-de-ecosoc-sello-ordinario-de-ny-us315-2\\\/#primaryimage\"},\"thumbnailUrl\":\"https:\\\/\\\/unstamps.org\\\/wp-content\\\/uploads\\\/2026\\\/01\\\/2026-ECOSOC-FDC-Single.jpg\",\"datePublished\":\"2026-01-23T17:10:02+00:00\",\"dateModified\":\"2026-01-23T17:19:02+00:00\",\"breadcrumb\":{\"@id\":\"https:\\\/\\\/unstamps.org\\\/es\\\/producto\\\/80o-aniversario-de-ecosoc-sello-ordinario-de-ny-us315-2\\\/#breadcrumb\"},\"inLanguage\":\"es\",\"potentialAction\":[{\"@type\":\"ReadAction\",\"target\":[\"https:\\\/\\\/unstamps.org\\\/es\\\/producto\\\/80o-aniversario-de-ecosoc-sello-ordinario-de-ny-us315-2\\\/\"]}]},{\"@type\":\"ImageObject\",\"inLanguage\":\"es\",\"@id\":\"https:\\\/\\\/unstamps.org\\\/es\\\/producto\\\/80o-aniversario-de-ecosoc-sello-ordinario-de-ny-us315-2\\\/#primaryimage\",\"url\":\"https:\\\/\\\/unstamps.org\\\/wp-content\\\/uploads\\\/2026\\\/01\\\/2026-ECOSOC-FDC-Single.jpg\",\"contentUrl\":\"https:\\\/\\\/unstamps.org\\\/wp-content\\\/uploads\\\/2026\\\/01\\\/2026-ECOSOC-FDC-Single.jpg\",\"width\":1024,\"height\":1024},{\"@type\":\"BreadcrumbList\",\"@id\":\"https:\\\/\\\/unstamps.org\\\/es\\\/producto\\\/80o-aniversario-de-ecosoc-sello-ordinario-de-ny-us315-2\\\/#breadcrumb\",\"itemListElement\":[{\"@type\":\"ListItem\",\"position\":1,\"name\":\"Home\",\"item\":\"https:\\\/\\\/unstamps.org\\\/es\\\/\"},{\"@type\":\"ListItem\",\"position\":2,\"name\":\"Shop\",\"item\":\"https:\\\/\\\/unstamps.org\\\/es\\\/productos\\\/\"},{\"@type\":\"ListItem\",\"position\":3,\"name\":\"80\u00ba Aniversario de ECOSOC &#8211; Sello Ordinario de NY &#8211; Sobres de primer d\u00eda (US$3,15)\"}]},{\"@type\":\"WebSite\",\"@id\":\"https:\\\/\\\/unstamps.org\\\/es\\\/#website\",\"url\":\"https:\\\/\\\/unstamps.org\\\/es\\\/\",\"name\":\"UN Stamps\",\"description\":\"United Nations Stamps\",\"publisher\":{\"@id\":\"https:\\\/\\\/unstamps.org\\\/es\\\/#organization\"},\"potentialAction\":[{\"@type\":\"SearchAction\",\"target\":{\"@type\":\"EntryPoint\",\"urlTemplate\":\"https:\\\/\\\/unstamps.org\\\/es\\\/?s={search_term_string}\"},\"query-input\":{\"@type\":\"PropertyValueSpecification\",\"valueRequired\":true,\"valueName\":\"search_term_string\"}}],\"inLanguage\":\"es\"},{\"@type\":\"Organization\",\"@id\":\"https:\\\/\\\/unstamps.org\\\/es\\\/#organization\",\"name\":\"UN Stamps\",\"url\":\"https:\\\/\\\/unstamps.org\\\/es\\\/\",\"logo\":{\"@type\":\"ImageObject\",\"inLanguage\":\"es\",\"@id\":\"https:\\\/\\\/unstamps.org\\\/es\\\/#\\\/schema\\\/logo\\\/image\\\/\",\"url\":\"https:\\\/\\\/unstamps.org\\\/wp-content\\\/uploads\\\/2014\\\/01\\\/logo4web.jpg\",\"contentUrl\":\"https:\\\/\\\/unstamps.org\\\/wp-content\\\/uploads\\\/2014\\\/01\\\/logo4web.jpg\",\"width\":2500,\"height\":250,\"caption\":\"UN Stamps\"},\"image\":{\"@id\":\"https:\\\/\\\/unstamps.org\\\/es\\\/#\\\/schema\\\/logo\\\/image\\\/\"}}]}<\/script>\n<!-- \/ Yoast SEO plugin. -->","yoast_head_json":{"title":"80\u00ba Aniversario de ECOSOC - Sello Ordinario de NY - Sobres de primer d\u00eda (US$3,15) - UN Stamps","robots":{"index":"index","follow":"follow","max-snippet":"max-snippet:-1","max-image-preview":"max-image-preview:large","max-video-preview":"max-video-preview:-1"},"canonical":"https:\/\/unstamps.org\/es\/producto\/80o-aniversario-de-ecosoc-sello-ordinario-de-ny-us315-2\/","og_locale":"es_ES","og_type":"article","og_title":"80\u00ba Aniversario de ECOSOC - Sello Ordinario de NY - Sobres de primer d\u00eda (US$3,15) - UN Stamps","og_description":"(Las im\u00e1genes de los sobres de primer d\u00eda son una muestra; los originales pueden ser ligeramente diferentes) Los sobres de primer d\u00eda de los sellos relativos a \u00ab80\u00ba Aniversario de ECOSOC\u00bb se emiten en las siguientes versiones: Individual: un sobre con uno sello del valor emitido, debidamente matasellado Bloque: un sobre con un bloque de [&hellip;]","og_url":"https:\/\/unstamps.org\/es\/producto\/80o-aniversario-de-ecosoc-sello-ordinario-de-ny-us315-2\/","og_site_name":"UN Stamps","article_modified_time":"2026-01-23T17:19:02+00:00","og_image":[{"width":1024,"height":1024,"url":"https:\/\/unstamps.org\/wp-content\/uploads\/2026\/01\/2026-ECOSOC-FDC-Single.jpg","type":"image\/jpeg"}],"twitter_card":"summary_large_image","schema":{"@context":"https:\/\/schema.org","@graph":[{"@type":"WebPage","@id":"https:\/\/unstamps.org\/es\/producto\/80o-aniversario-de-ecosoc-sello-ordinario-de-ny-us315-2\/","url":"https:\/\/unstamps.org\/es\/producto\/80o-aniversario-de-ecosoc-sello-ordinario-de-ny-us315-2\/","name":"80\u00ba Aniversario de ECOSOC - Sello Ordinario de NY - Sobres de primer d\u00eda (US$3,15) - UN Stamps","isPartOf":{"@id":"https:\/\/unstamps.org\/es\/#website"},"primaryImageOfPage":{"@id":"https:\/\/unstamps.org\/es\/producto\/80o-aniversario-de-ecosoc-sello-ordinario-de-ny-us315-2\/#primaryimage"},"image":{"@id":"https:\/\/unstamps.org\/es\/producto\/80o-aniversario-de-ecosoc-sello-ordinario-de-ny-us315-2\/#primaryimage"},"thumbnailUrl":"https:\/\/unstamps.org\/wp-content\/uploads\/2026\/01\/2026-ECOSOC-FDC-Single.jpg","datePublished":"2026-01-23T17:10:02+00:00","dateModified":"2026-01-23T17:19:02+00:00","breadcrumb":{"@id":"https:\/\/unstamps.org\/es\/producto\/80o-aniversario-de-ecosoc-sello-ordinario-de-ny-us315-2\/#breadcrumb"},"inLanguage":"es","potentialAction":[{"@type":"ReadAction","target":["https:\/\/unstamps.org\/es\/producto\/80o-aniversario-de-ecosoc-sello-ordinario-de-ny-us315-2\/"]}]},{"@type":"ImageObject","inLanguage":"es","@id":"https:\/\/unstamps.org\/es\/producto\/80o-aniversario-de-ecosoc-sello-ordinario-de-ny-us315-2\/#primaryimage","url":"https:\/\/unstamps.org\/wp-content\/uploads\/2026\/01\/2026-ECOSOC-FDC-Single.jpg","contentUrl":"https:\/\/unstamps.org\/wp-content\/uploads\/2026\/01\/2026-ECOSOC-FDC-Single.jpg","width":1024,"height":1024},{"@type":"BreadcrumbList","@id":"https:\/\/unstamps.org\/es\/producto\/80o-aniversario-de-ecosoc-sello-ordinario-de-ny-us315-2\/#breadcrumb","itemListElement":[{"@type":"ListItem","position":1,"name":"Home","item":"https:\/\/unstamps.org\/es\/"},{"@type":"ListItem","position":2,"name":"Shop","item":"https:\/\/unstamps.org\/es\/productos\/"},{"@type":"ListItem","position":3,"name":"80\u00ba Aniversario de ECOSOC &#8211; Sello Ordinario de NY &#8211; Sobres de primer d\u00eda (US$3,15)"}]},{"@type":"WebSite","@id":"https:\/\/unstamps.org\/es\/#website","url":"https:\/\/unstamps.org\/es\/","name":"UN Stamps","description":"United Nations Stamps","publisher":{"@id":"https:\/\/unstamps.org\/es\/#organization"},"potentialAction":[{"@type":"SearchAction","target":{"@type":"EntryPoint","urlTemplate":"https:\/\/unstamps.org\/es\/?s={search_term_string}"},"query-input":{"@type":"PropertyValueSpecification","valueRequired":true,"valueName":"search_term_string"}}],"inLanguage":"es"},{"@type":"Organization","@id":"https:\/\/unstamps.org\/es\/#organization","name":"UN Stamps","url":"https:\/\/unstamps.org\/es\/","logo":{"@type":"ImageObject","inLanguage":"es","@id":"https:\/\/unstamps.org\/es\/#\/schema\/logo\/image\/","url":"https:\/\/unstamps.org\/wp-content\/uploads\/2014\/01\/logo4web.jpg","contentUrl":"https:\/\/unstamps.org\/wp-content\/uploads\/2014\/01\/logo4web.jpg","width":2500,"height":250,"caption":"UN Stamps"},"image":{"@id":"https:\/\/unstamps.org\/es\/#\/schema\/logo\/image\/"}}]}},"jetpack_sharing_enabled":true,"publishpress_future_action":{"enabled":false,"date":"2026-04-27 19:52:20","action":"change-status","newStatus":"private","terms":[],"taxonomy":"product_cat","extraData":[]},"publishpress_future_workflow_manual_trigger":{"enabledWorkflows":[]},"_links":{"self":[{"href":"https:\/\/unstamps.org\/es\/wp-json\/wp\/v2\/product\/198799","targetHints":{"allow":["GET"]}}],"collection":[{"href":"https:\/\/unstamps.org\/es\/wp-json\/wp\/v2\/product"}],"about":[{"href":"https:\/\/unstamps.org\/es\/wp-json\/wp\/v2\/types\/product"}],"replies":[{"embeddable":true,"href":"https:\/\/unstamps.org\/es\/wp-json\/wp\/v2\/comments?post=198799"}],"wp:featuredmedia":[{"embeddable":true,"href":"https:\/\/unstamps.org\/es\/wp-json\/wp\/v2\/media\/198847"}],"wp:attachment":[{"href":"https:\/\/unstamps.org\/es\/wp-json\/wp\/v2\/media?parent=198799"}],"wp:term":[{"taxonomy":"product_brand","embeddable":true,"href":"https:\/\/unstamps.org\/es\/wp-json\/wp\/v2\/product_brand?post=198799"},{"taxonomy":"product_cat","embeddable":true,"href":"https:\/\/unstamps.org\/es\/wp-json\/wp\/v2\/product_cat?post=198799"},{"taxonomy":"product_tag","embeddable":true,"href":"https:\/\/unstamps.org\/es\/wp-json\/wp\/v2\/product_tag?post=198799"}],"curies":[{"name":"wp","href":"https:\/\/api.w.org\/{rel}","templated":true}]}}