{"id":198793,"date":"2026-01-23T12:11:29","date_gmt":"2026-01-23T17:11:29","guid":{"rendered":"https:\/\/unstamps.org\/?post_type=product&#038;p=198793"},"modified":"2026-01-23T12:10:33","modified_gmt":"2026-01-23T17:10:33","slug":"80o-aniversario-de-ecosoc-sello-ordinario-de-ny-us315-pagina-completa","status":"publish","type":"product","link":"https:\/\/unstamps.org\/es\/producto\/80o-aniversario-de-ecosoc-sello-ordinario-de-ny-us315-pagina-completa\/","title":{"rendered":"80\u00ba Aniversario de ECOSOC &#8211; Sello Ordinario de NY &#8211; US$3,15 &#8211; P\u00e1gina completa"},"content":{"rendered":"<p>El 23 de enero, la UNPA emitir\u00e1 un sello definitivo de 3,15 d\u00f3lares para conmemorar el 80\u00ba aniversario del Consejo Econ\u00f3mico y Social de las Naciones Unidas (ECOSOC). <\/p>\n<p>Creado en 1945 por la Carta de las Naciones Unidas, el ECOSOC celebr\u00f3 su primera reuni\u00f3n el 23 de enero de 1946. Su mandato \u2014coordinar las actividades econ\u00f3micas, sociales y culturales de las Naciones Unidas y promover la cooperaci\u00f3n y el desarrollo internacionales\u2014 lo ha situado en el centro de la promoci\u00f3n de los principios de la Carta de las Naciones Unidas. El multilateralismo, la inclusividad y la solidaridad mundial han sido fundamentales para la misi\u00f3n del ECOSOC desde sus inicios. Durante ocho d\u00e9cadas, el ECOSOC ha proporcionado una plataforma \u00fanica en la que los Estados miembros, el sistema de las Naciones Unidas, la sociedad civil y otras partes interesadas se re\u00fanen para abordar los retos m\u00e1s acuciantes del mundo. Desde la recuperaci\u00f3n de la posguerra y la descolonizaci\u00f3n hasta el cambio clim\u00e1tico, la desigualdad y la Agenda 2030 para el Desarrollo Sostenible, el ECOSOC ha contribuido a orientar las respuestas internacionales y a fomentar la acci\u00f3n colectiva en pro de un mundo m\u00e1s justo, sostenible y pac\u00edfico. <\/p>\n<p>La obra de arte del sello fue creada por el artista urbano brasile\u00f1o Eduardo Kobra. En septiembre de 2022, Kobra pint\u00f3 un gran mural para las Naciones Unidas, exhibido en la sede central de la ONU, que representa a un padre entregando la Tierra a su hija. Esta imagen simboliza el desarrollo sostenible y la responsabilidad intergeneracional hacia el planeta, en plena consonancia con los objetivos de la ONU en materia de acci\u00f3n clim\u00e1tica y paz.<\/p>\n<p>Esta instalaci\u00f3n temporal celebr\u00f3 la independencia de Brasil y llev\u00f3 el arte callejero a la ONU. Con la obra de Kobra caracterizada por colores vibrantes y temas universales como los derechos humanos y el cuidado del medio ambiente.<\/p>\n<p><strong>Fecha de emisi\u00f3n:<\/strong> 23 de enero de 2026<br \/>\n<strong>Artista: <\/strong>Eduardo Kobra (Brasil)<br \/>\n<strong>Dise\u00f1adora: <\/strong>Rorie Katz (Naciones Unidas)<br \/>\n<strong>Valor postal: <\/strong>US$ 3,15<br \/>\n<strong>Tama\u00f1o del sello: <\/strong>50 mm x 27 mm<br \/>\n<strong>Tama\u00f1o de la hoja: <\/strong>116 mm x 151 mm<br \/>\n<strong>N\u00famero de sellos por pliego: <\/strong>10<br \/>\n<strong>Impresor: <\/strong>Joh. Ensched\u00e9 Stamps BV (Pa\u00edses Bajos)<br \/>\n<strong>Proceso: <\/strong>Hexachrome<br \/>\n<strong>Cantidad: <\/strong>5.100 hojas (51.000 sellos)<\/p>\n","protected":false},"excerpt":{"rendered":"<p>El 23 de enero, la UNPA emitir\u00e1 un sello definitivo de 3,15 d\u00f3lares para conmemorar el 80\u00ba aniversario del Consejo Econ\u00f3mico y Social de las Naciones Unidas (ECOSOC). Creado en 1945 por la Carta de las Naciones Unidas, el ECOSOC celebr\u00f3 su primera reuni\u00f3n el 23 de enero de 1946. Su mandato \u2014coordinar las actividades [&hellip;]<\/p>\n","protected":false},"featured_media":198842,"comment_status":"closed","ping_status":"closed","template":"","meta":{"ngg_post_thumbnail":0},"product_brand":[],"product_cat":[2964,930,924,933],"product_tag":[],"class_list":{"0":"post-198793","1":"product","2":"type-product","3":"status-publish","4":"has-post-thumbnail","6":"product_cat-2026-es","7":"product_cat-definitivos","8":"product_cat-nueva-york","9":"product_cat-pliegos-completos","10":"pa_condition-cancelled-es","11":"pa_condition-mint-es","13":"first","14":"instock","15":"shipping-taxable","16":"purchasable","17":"product-type-variable","18":"has-default-attributes"},"yoast_head":"<!-- This site is optimized with the Yoast SEO plugin v27.4 - https:\/\/yoast.com\/product\/yoast-seo-wordpress\/ -->\n<title>80\u00ba Aniversario de ECOSOC - Sello Ordinario de NY - US$3,15 - P\u00e1gina completa - UN Stamps<\/title>\n<meta name=\"robots\" content=\"index, follow, max-snippet:-1, max-image-preview:large, max-video-preview:-1\" \/>\n<link rel=\"canonical\" href=\"https:\/\/unstamps.org\/es\/producto\/80o-aniversario-de-ecosoc-sello-ordinario-de-ny-us315-pagina-completa\/\" \/>\n<meta property=\"og:locale\" content=\"es_ES\" \/>\n<meta property=\"og:type\" content=\"article\" \/>\n<meta property=\"og:title\" content=\"80\u00ba Aniversario de ECOSOC - Sello Ordinario de NY - US$3,15 - P\u00e1gina completa - UN Stamps\" \/>\n<meta property=\"og:description\" content=\"El 23 de enero, la UNPA emitir\u00e1 un sello definitivo de 3,15 d\u00f3lares para conmemorar el 80\u00ba aniversario del Consejo Econ\u00f3mico y Social de las Naciones Unidas (ECOSOC). Creado en 1945 por la Carta de las Naciones Unidas, el ECOSOC celebr\u00f3 su primera reuni\u00f3n el 23 de enero de 1946. Su mandato \u2014coordinar las actividades [&hellip;]\" \/>\n<meta property=\"og:url\" content=\"https:\/\/unstamps.org\/es\/producto\/80o-aniversario-de-ecosoc-sello-ordinario-de-ny-us315-pagina-completa\/\" \/>\n<meta property=\"og:site_name\" content=\"UN Stamps\" \/>\n<meta property=\"og:image\" content=\"https:\/\/unstamps.org\/wp-content\/uploads\/2026\/01\/2026-ECOSOC-FS.jpg\" \/>\n\t<meta property=\"og:image:width\" content=\"1024\" \/>\n\t<meta property=\"og:image:height\" content=\"1024\" \/>\n\t<meta property=\"og:image:type\" content=\"image\/jpeg\" \/>\n<meta name=\"twitter:card\" content=\"summary_large_image\" \/>\n<meta name=\"twitter:label1\" content=\"Tiempo de lectura\" \/>\n\t<meta name=\"twitter:data1\" content=\"2 minutos\" \/>\n<script type=\"application\/ld+json\" class=\"yoast-schema-graph\">{\"@context\":\"https:\\\/\\\/schema.org\",\"@graph\":[{\"@type\":\"WebPage\",\"@id\":\"https:\\\/\\\/unstamps.org\\\/es\\\/producto\\\/80o-aniversario-de-ecosoc-sello-ordinario-de-ny-us315-pagina-completa\\\/\",\"url\":\"https:\\\/\\\/unstamps.org\\\/es\\\/producto\\\/80o-aniversario-de-ecosoc-sello-ordinario-de-ny-us315-pagina-completa\\\/\",\"name\":\"80\u00ba Aniversario de ECOSOC - Sello Ordinario de NY - US$3,15 - P\u00e1gina completa - UN Stamps\",\"isPartOf\":{\"@id\":\"https:\\\/\\\/unstamps.org\\\/es\\\/#website\"},\"primaryImageOfPage\":{\"@id\":\"https:\\\/\\\/unstamps.org\\\/es\\\/producto\\\/80o-aniversario-de-ecosoc-sello-ordinario-de-ny-us315-pagina-completa\\\/#primaryimage\"},\"image\":{\"@id\":\"https:\\\/\\\/unstamps.org\\\/es\\\/producto\\\/80o-aniversario-de-ecosoc-sello-ordinario-de-ny-us315-pagina-completa\\\/#primaryimage\"},\"thumbnailUrl\":\"https:\\\/\\\/unstamps.org\\\/wp-content\\\/uploads\\\/2026\\\/01\\\/2026-ECOSOC-FS.jpg\",\"datePublished\":\"2026-01-23T17:11:29+00:00\",\"breadcrumb\":{\"@id\":\"https:\\\/\\\/unstamps.org\\\/es\\\/producto\\\/80o-aniversario-de-ecosoc-sello-ordinario-de-ny-us315-pagina-completa\\\/#breadcrumb\"},\"inLanguage\":\"es\",\"potentialAction\":[{\"@type\":\"ReadAction\",\"target\":[\"https:\\\/\\\/unstamps.org\\\/es\\\/producto\\\/80o-aniversario-de-ecosoc-sello-ordinario-de-ny-us315-pagina-completa\\\/\"]}]},{\"@type\":\"ImageObject\",\"inLanguage\":\"es\",\"@id\":\"https:\\\/\\\/unstamps.org\\\/es\\\/producto\\\/80o-aniversario-de-ecosoc-sello-ordinario-de-ny-us315-pagina-completa\\\/#primaryimage\",\"url\":\"https:\\\/\\\/unstamps.org\\\/wp-content\\\/uploads\\\/2026\\\/01\\\/2026-ECOSOC-FS.jpg\",\"contentUrl\":\"https:\\\/\\\/unstamps.org\\\/wp-content\\\/uploads\\\/2026\\\/01\\\/2026-ECOSOC-FS.jpg\",\"width\":1024,\"height\":1024},{\"@type\":\"BreadcrumbList\",\"@id\":\"https:\\\/\\\/unstamps.org\\\/es\\\/producto\\\/80o-aniversario-de-ecosoc-sello-ordinario-de-ny-us315-pagina-completa\\\/#breadcrumb\",\"itemListElement\":[{\"@type\":\"ListItem\",\"position\":1,\"name\":\"Home\",\"item\":\"https:\\\/\\\/unstamps.org\\\/es\\\/\"},{\"@type\":\"ListItem\",\"position\":2,\"name\":\"Shop\",\"item\":\"https:\\\/\\\/unstamps.org\\\/es\\\/productos\\\/\"},{\"@type\":\"ListItem\",\"position\":3,\"name\":\"80\u00ba Aniversario de ECOSOC &#8211; Sello Ordinario de NY &#8211; US$3,15 &#8211; P\u00e1gina completa\"}]},{\"@type\":\"WebSite\",\"@id\":\"https:\\\/\\\/unstamps.org\\\/es\\\/#website\",\"url\":\"https:\\\/\\\/unstamps.org\\\/es\\\/\",\"name\":\"UN Stamps\",\"description\":\"United Nations Stamps\",\"publisher\":{\"@id\":\"https:\\\/\\\/unstamps.org\\\/es\\\/#organization\"},\"potentialAction\":[{\"@type\":\"SearchAction\",\"target\":{\"@type\":\"EntryPoint\",\"urlTemplate\":\"https:\\\/\\\/unstamps.org\\\/es\\\/?s={search_term_string}\"},\"query-input\":{\"@type\":\"PropertyValueSpecification\",\"valueRequired\":true,\"valueName\":\"search_term_string\"}}],\"inLanguage\":\"es\"},{\"@type\":\"Organization\",\"@id\":\"https:\\\/\\\/unstamps.org\\\/es\\\/#organization\",\"name\":\"UN Stamps\",\"url\":\"https:\\\/\\\/unstamps.org\\\/es\\\/\",\"logo\":{\"@type\":\"ImageObject\",\"inLanguage\":\"es\",\"@id\":\"https:\\\/\\\/unstamps.org\\\/es\\\/#\\\/schema\\\/logo\\\/image\\\/\",\"url\":\"https:\\\/\\\/unstamps.org\\\/wp-content\\\/uploads\\\/2014\\\/01\\\/logo4web.jpg\",\"contentUrl\":\"https:\\\/\\\/unstamps.org\\\/wp-content\\\/uploads\\\/2014\\\/01\\\/logo4web.jpg\",\"width\":2500,\"height\":250,\"caption\":\"UN Stamps\"},\"image\":{\"@id\":\"https:\\\/\\\/unstamps.org\\\/es\\\/#\\\/schema\\\/logo\\\/image\\\/\"}}]}<\/script>\n<!-- \/ Yoast SEO plugin. -->","yoast_head_json":{"title":"80\u00ba Aniversario de ECOSOC - Sello Ordinario de NY - US$3,15 - P\u00e1gina completa - UN Stamps","robots":{"index":"index","follow":"follow","max-snippet":"max-snippet:-1","max-image-preview":"max-image-preview:large","max-video-preview":"max-video-preview:-1"},"canonical":"https:\/\/unstamps.org\/es\/producto\/80o-aniversario-de-ecosoc-sello-ordinario-de-ny-us315-pagina-completa\/","og_locale":"es_ES","og_type":"article","og_title":"80\u00ba Aniversario de ECOSOC - Sello Ordinario de NY - US$3,15 - P\u00e1gina completa - UN Stamps","og_description":"El 23 de enero, la UNPA emitir\u00e1 un sello definitivo de 3,15 d\u00f3lares para conmemorar el 80\u00ba aniversario del Consejo Econ\u00f3mico y Social de las Naciones Unidas (ECOSOC). Creado en 1945 por la Carta de las Naciones Unidas, el ECOSOC celebr\u00f3 su primera reuni\u00f3n el 23 de enero de 1946. Su mandato \u2014coordinar las actividades [&hellip;]","og_url":"https:\/\/unstamps.org\/es\/producto\/80o-aniversario-de-ecosoc-sello-ordinario-de-ny-us315-pagina-completa\/","og_site_name":"UN Stamps","og_image":[{"width":1024,"height":1024,"url":"https:\/\/unstamps.org\/wp-content\/uploads\/2026\/01\/2026-ECOSOC-FS.jpg","type":"image\/jpeg"}],"twitter_card":"summary_large_image","twitter_misc":{"Tiempo de lectura":"2 minutos"},"schema":{"@context":"https:\/\/schema.org","@graph":[{"@type":"WebPage","@id":"https:\/\/unstamps.org\/es\/producto\/80o-aniversario-de-ecosoc-sello-ordinario-de-ny-us315-pagina-completa\/","url":"https:\/\/unstamps.org\/es\/producto\/80o-aniversario-de-ecosoc-sello-ordinario-de-ny-us315-pagina-completa\/","name":"80\u00ba Aniversario de ECOSOC - Sello Ordinario de NY - US$3,15 - P\u00e1gina completa - UN Stamps","isPartOf":{"@id":"https:\/\/unstamps.org\/es\/#website"},"primaryImageOfPage":{"@id":"https:\/\/unstamps.org\/es\/producto\/80o-aniversario-de-ecosoc-sello-ordinario-de-ny-us315-pagina-completa\/#primaryimage"},"image":{"@id":"https:\/\/unstamps.org\/es\/producto\/80o-aniversario-de-ecosoc-sello-ordinario-de-ny-us315-pagina-completa\/#primaryimage"},"thumbnailUrl":"https:\/\/unstamps.org\/wp-content\/uploads\/2026\/01\/2026-ECOSOC-FS.jpg","datePublished":"2026-01-23T17:11:29+00:00","breadcrumb":{"@id":"https:\/\/unstamps.org\/es\/producto\/80o-aniversario-de-ecosoc-sello-ordinario-de-ny-us315-pagina-completa\/#breadcrumb"},"inLanguage":"es","potentialAction":[{"@type":"ReadAction","target":["https:\/\/unstamps.org\/es\/producto\/80o-aniversario-de-ecosoc-sello-ordinario-de-ny-us315-pagina-completa\/"]}]},{"@type":"ImageObject","inLanguage":"es","@id":"https:\/\/unstamps.org\/es\/producto\/80o-aniversario-de-ecosoc-sello-ordinario-de-ny-us315-pagina-completa\/#primaryimage","url":"https:\/\/unstamps.org\/wp-content\/uploads\/2026\/01\/2026-ECOSOC-FS.jpg","contentUrl":"https:\/\/unstamps.org\/wp-content\/uploads\/2026\/01\/2026-ECOSOC-FS.jpg","width":1024,"height":1024},{"@type":"BreadcrumbList","@id":"https:\/\/unstamps.org\/es\/producto\/80o-aniversario-de-ecosoc-sello-ordinario-de-ny-us315-pagina-completa\/#breadcrumb","itemListElement":[{"@type":"ListItem","position":1,"name":"Home","item":"https:\/\/unstamps.org\/es\/"},{"@type":"ListItem","position":2,"name":"Shop","item":"https:\/\/unstamps.org\/es\/productos\/"},{"@type":"ListItem","position":3,"name":"80\u00ba Aniversario de ECOSOC &#8211; Sello Ordinario de NY &#8211; US$3,15 &#8211; P\u00e1gina completa"}]},{"@type":"WebSite","@id":"https:\/\/unstamps.org\/es\/#website","url":"https:\/\/unstamps.org\/es\/","name":"UN Stamps","description":"United Nations Stamps","publisher":{"@id":"https:\/\/unstamps.org\/es\/#organization"},"potentialAction":[{"@type":"SearchAction","target":{"@type":"EntryPoint","urlTemplate":"https:\/\/unstamps.org\/es\/?s={search_term_string}"},"query-input":{"@type":"PropertyValueSpecification","valueRequired":true,"valueName":"search_term_string"}}],"inLanguage":"es"},{"@type":"Organization","@id":"https:\/\/unstamps.org\/es\/#organization","name":"UN Stamps","url":"https:\/\/unstamps.org\/es\/","logo":{"@type":"ImageObject","inLanguage":"es","@id":"https:\/\/unstamps.org\/es\/#\/schema\/logo\/image\/","url":"https:\/\/unstamps.org\/wp-content\/uploads\/2014\/01\/logo4web.jpg","contentUrl":"https:\/\/unstamps.org\/wp-content\/uploads\/2014\/01\/logo4web.jpg","width":2500,"height":250,"caption":"UN Stamps"},"image":{"@id":"https:\/\/unstamps.org\/es\/#\/schema\/logo\/image\/"}}]}},"jetpack_sharing_enabled":true,"publishpress_future_action":{"enabled":false,"date":"2026-04-26 16:41:20","action":"change-status","newStatus":"private","terms":[],"taxonomy":"product_cat","extraData":[]},"publishpress_future_workflow_manual_trigger":{"enabledWorkflows":[]},"_links":{"self":[{"href":"https:\/\/unstamps.org\/es\/wp-json\/wp\/v2\/product\/198793","targetHints":{"allow":["GET"]}}],"collection":[{"href":"https:\/\/unstamps.org\/es\/wp-json\/wp\/v2\/product"}],"about":[{"href":"https:\/\/unstamps.org\/es\/wp-json\/wp\/v2\/types\/product"}],"replies":[{"embeddable":true,"href":"https:\/\/unstamps.org\/es\/wp-json\/wp\/v2\/comments?post=198793"}],"wp:featuredmedia":[{"embeddable":true,"href":"https:\/\/unstamps.org\/es\/wp-json\/wp\/v2\/media\/198842"}],"wp:attachment":[{"href":"https:\/\/unstamps.org\/es\/wp-json\/wp\/v2\/media?parent=198793"}],"wp:term":[{"taxonomy":"product_brand","embeddable":true,"href":"https:\/\/unstamps.org\/es\/wp-json\/wp\/v2\/product_brand?post=198793"},{"taxonomy":"product_cat","embeddable":true,"href":"https:\/\/unstamps.org\/es\/wp-json\/wp\/v2\/product_cat?post=198793"},{"taxonomy":"product_tag","embeddable":true,"href":"https:\/\/unstamps.org\/es\/wp-json\/wp\/v2\/product_tag?post=198793"}],"curies":[{"name":"wp","href":"https:\/\/api.w.org\/{rel}","templated":true}]}}