{"id":198686,"date":"2026-01-23T11:48:20","date_gmt":"2026-01-23T16:48:20","guid":{"rendered":"https:\/\/unstamps.org\/?post_type=product&#038;p=198686"},"modified":"2026-01-23T11:49:47","modified_gmt":"2026-01-23T16:49:47","slug":"calendario-lunar-chino-ano-del-caballo-sobre-de-primer-dia-combo","status":"publish","type":"product","link":"https:\/\/unstamps.org\/es\/producto\/calendario-lunar-chino-ano-del-caballo-sobre-de-primer-dia-combo\/","title":{"rendered":"Calendario Lunar Chino: A\u00f1o del Caballo &#8211; Sobre de primer d\u00eda Combo"},"content":{"rendered":"<p>El 16 de enero de 2026, la UNPA celebra el A\u00f1o Nuevo Lunar con la emisi\u00f3n de una hoja especial de 10 sellos con una denominaci\u00f3n de 1,70 d\u00f3lares para el \u00abA\u00f1o del Caballo\u00bb. El A\u00f1o Nuevo Lunar comienza oficialmente el 17 de febrero de 2026 y contin\u00faa hasta el 5 de febrero de 2027. <\/p>\n<p>El caballo representa la independencia, la perseverancia y la ambici\u00f3n. Este a\u00f1o fomenta la acci\u00f3n decisiva, la resiliencia y el aprovechamiento de nuevas oportunidades, por lo que es un momento para perseguir objetivos con confianza y determinaci\u00f3n. Lleno de optimismo y empuje, 2026 promete crecimiento, \u00e9xito y buena fortuna para todos aquellos que aprovechen su energ\u00eda din\u00e1mica.<\/p>\n<p>El dise\u00f1o se inspira en la obra de arte en bronce de la dinast\u00eda Han Oriental \u00abCaballo pisando una golondrina voladora\u00bb. El caballo se representa con las patas delanteras levantadas en el aire y las traseras firmemente plantadas, encarnando una belleza de poder que armoniza el movimiento din\u00e1mico y el equilibrio est\u00e1tico.<\/p>\n<p>Las pesta\u00f1as a la izquierda de los sellos muestran el logotipo de las Naciones Unidas sobre un fondo dorado.<\/p>\n<p>Los sellos y el dise\u00f1o del fondo fueron ilustrados por Tiger Pan (China). El Sr. Pan tambi\u00e9n ilustr\u00f3 la serie del calendario lunar de las Naciones Unidas para el A\u00f1o del Perro 2018, el A\u00f1o del Tigre 2022, el A\u00f1o del Conejo 2023, el A\u00f1o del Drag\u00f3n 2024 y el A\u00f1o de la Serpiente 2025.<\/p>\n<p>La UNPA tambi\u00e9n ofrecer\u00e1 una postal del \u00abA\u00f1o del Caballo\u00bb y un sobre de primer d\u00eda con el mismo dise\u00f1o que los sellos.<\/p>\n<p>Los clientes con pedidos permanentes de hojas para eventos especiales (94) recibir\u00e1n autom\u00e1ticamente las hojas de sellos a trav\u00e9s de sus cuentas. Los clientes con pedidos permanentes de productos diversos recibir\u00e1n autom\u00e1ticamente la postal (324) y un juego de un sobre de primer d\u00eda sencillo y otro combinado (424) a trav\u00e9s de sus cuentas.  <\/p>\n","protected":false},"excerpt":{"rendered":"<p>El 16 de enero de 2026, la UNPA celebra el A\u00f1o Nuevo Lunar con la emisi\u00f3n de una hoja especial de 10 sellos con una denominaci\u00f3n de 1,70 d\u00f3lares para el \u00abA\u00f1o del Caballo\u00bb. El A\u00f1o Nuevo Lunar comienza oficialmente el 17 de febrero de 2026 y contin\u00faa hasta el 5 de febrero de 2027. [&hellip;]<\/p>\n","protected":false},"featured_media":198814,"comment_status":"closed","ping_status":"closed","template":"","meta":{"ngg_post_thumbnail":0},"product_brand":[],"product_cat":[2964,939],"product_tag":[],"class_list":{"0":"post-198686","1":"product","2":"type-product","3":"status-publish","4":"has-post-thumbnail","6":"product_cat-2026-es","7":"product_cat-productos-exclusivos","9":"first","10":"instock","11":"shipping-taxable","12":"purchasable","13":"product-type-simple"},"yoast_head":"<!-- This site is optimized with the Yoast SEO plugin v27.4 - https:\/\/yoast.com\/product\/yoast-seo-wordpress\/ -->\n<title>Calendario Lunar Chino: A\u00f1o del Caballo - Sobre de primer d\u00eda Combo - UN Stamps<\/title>\n<meta name=\"robots\" content=\"index, follow, max-snippet:-1, max-image-preview:large, max-video-preview:-1\" \/>\n<link rel=\"canonical\" href=\"https:\/\/unstamps.org\/es\/producto\/calendario-lunar-chino-ano-del-caballo-sobre-de-primer-dia-combo\/\" \/>\n<meta property=\"og:locale\" content=\"es_ES\" \/>\n<meta property=\"og:type\" content=\"article\" \/>\n<meta property=\"og:title\" content=\"Calendario Lunar Chino: A\u00f1o del Caballo - Sobre de primer d\u00eda Combo - UN Stamps\" \/>\n<meta property=\"og:description\" content=\"El 16 de enero de 2026, la UNPA celebra el A\u00f1o Nuevo Lunar con la emisi\u00f3n de una hoja especial de 10 sellos con una denominaci\u00f3n de 1,70 d\u00f3lares para el \u00abA\u00f1o del Caballo\u00bb. El A\u00f1o Nuevo Lunar comienza oficialmente el 17 de febrero de 2026 y contin\u00faa hasta el 5 de febrero de 2027. [&hellip;]\" \/>\n<meta property=\"og:url\" content=\"https:\/\/unstamps.org\/es\/producto\/calendario-lunar-chino-ano-del-caballo-sobre-de-primer-dia-combo\/\" \/>\n<meta property=\"og:site_name\" content=\"UN Stamps\" \/>\n<meta property=\"article:modified_time\" content=\"2026-01-23T16:49:47+00:00\" \/>\n<meta property=\"og:image\" content=\"https:\/\/unstamps.org\/wp-content\/uploads\/2026\/01\/2026-Lunar-Horse-FDC-Combo.jpg\" \/>\n\t<meta property=\"og:image:width\" content=\"1024\" \/>\n\t<meta property=\"og:image:height\" content=\"1024\" \/>\n\t<meta property=\"og:image:type\" content=\"image\/jpeg\" \/>\n<meta name=\"twitter:card\" content=\"summary_large_image\" \/>\n<meta name=\"twitter:label1\" content=\"Tiempo de lectura\" \/>\n\t<meta name=\"twitter:data1\" content=\"2 minutos\" \/>\n<script type=\"application\/ld+json\" class=\"yoast-schema-graph\">{\"@context\":\"https:\\\/\\\/schema.org\",\"@graph\":[{\"@type\":\"WebPage\",\"@id\":\"https:\\\/\\\/unstamps.org\\\/es\\\/producto\\\/calendario-lunar-chino-ano-del-caballo-sobre-de-primer-dia-combo\\\/\",\"url\":\"https:\\\/\\\/unstamps.org\\\/es\\\/producto\\\/calendario-lunar-chino-ano-del-caballo-sobre-de-primer-dia-combo\\\/\",\"name\":\"Calendario Lunar Chino: A\u00f1o del Caballo - Sobre de primer d\u00eda Combo - UN Stamps\",\"isPartOf\":{\"@id\":\"https:\\\/\\\/unstamps.org\\\/es\\\/#website\"},\"primaryImageOfPage\":{\"@id\":\"https:\\\/\\\/unstamps.org\\\/es\\\/producto\\\/calendario-lunar-chino-ano-del-caballo-sobre-de-primer-dia-combo\\\/#primaryimage\"},\"image\":{\"@id\":\"https:\\\/\\\/unstamps.org\\\/es\\\/producto\\\/calendario-lunar-chino-ano-del-caballo-sobre-de-primer-dia-combo\\\/#primaryimage\"},\"thumbnailUrl\":\"https:\\\/\\\/unstamps.org\\\/wp-content\\\/uploads\\\/2026\\\/01\\\/2026-Lunar-Horse-FDC-Combo.jpg\",\"datePublished\":\"2026-01-23T16:48:20+00:00\",\"dateModified\":\"2026-01-23T16:49:47+00:00\",\"breadcrumb\":{\"@id\":\"https:\\\/\\\/unstamps.org\\\/es\\\/producto\\\/calendario-lunar-chino-ano-del-caballo-sobre-de-primer-dia-combo\\\/#breadcrumb\"},\"inLanguage\":\"es\",\"potentialAction\":[{\"@type\":\"ReadAction\",\"target\":[\"https:\\\/\\\/unstamps.org\\\/es\\\/producto\\\/calendario-lunar-chino-ano-del-caballo-sobre-de-primer-dia-combo\\\/\"]}]},{\"@type\":\"ImageObject\",\"inLanguage\":\"es\",\"@id\":\"https:\\\/\\\/unstamps.org\\\/es\\\/producto\\\/calendario-lunar-chino-ano-del-caballo-sobre-de-primer-dia-combo\\\/#primaryimage\",\"url\":\"https:\\\/\\\/unstamps.org\\\/wp-content\\\/uploads\\\/2026\\\/01\\\/2026-Lunar-Horse-FDC-Combo.jpg\",\"contentUrl\":\"https:\\\/\\\/unstamps.org\\\/wp-content\\\/uploads\\\/2026\\\/01\\\/2026-Lunar-Horse-FDC-Combo.jpg\",\"width\":1024,\"height\":1024},{\"@type\":\"BreadcrumbList\",\"@id\":\"https:\\\/\\\/unstamps.org\\\/es\\\/producto\\\/calendario-lunar-chino-ano-del-caballo-sobre-de-primer-dia-combo\\\/#breadcrumb\",\"itemListElement\":[{\"@type\":\"ListItem\",\"position\":1,\"name\":\"Home\",\"item\":\"https:\\\/\\\/unstamps.org\\\/es\\\/\"},{\"@type\":\"ListItem\",\"position\":2,\"name\":\"Shop\",\"item\":\"https:\\\/\\\/unstamps.org\\\/es\\\/productos\\\/\"},{\"@type\":\"ListItem\",\"position\":3,\"name\":\"Calendario Lunar Chino: A\u00f1o del Caballo &#8211; Sobre de primer d\u00eda Combo\"}]},{\"@type\":\"WebSite\",\"@id\":\"https:\\\/\\\/unstamps.org\\\/es\\\/#website\",\"url\":\"https:\\\/\\\/unstamps.org\\\/es\\\/\",\"name\":\"UN Stamps\",\"description\":\"United Nations Stamps\",\"publisher\":{\"@id\":\"https:\\\/\\\/unstamps.org\\\/es\\\/#organization\"},\"potentialAction\":[{\"@type\":\"SearchAction\",\"target\":{\"@type\":\"EntryPoint\",\"urlTemplate\":\"https:\\\/\\\/unstamps.org\\\/es\\\/?s={search_term_string}\"},\"query-input\":{\"@type\":\"PropertyValueSpecification\",\"valueRequired\":true,\"valueName\":\"search_term_string\"}}],\"inLanguage\":\"es\"},{\"@type\":\"Organization\",\"@id\":\"https:\\\/\\\/unstamps.org\\\/es\\\/#organization\",\"name\":\"UN Stamps\",\"url\":\"https:\\\/\\\/unstamps.org\\\/es\\\/\",\"logo\":{\"@type\":\"ImageObject\",\"inLanguage\":\"es\",\"@id\":\"https:\\\/\\\/unstamps.org\\\/es\\\/#\\\/schema\\\/logo\\\/image\\\/\",\"url\":\"https:\\\/\\\/unstamps.org\\\/wp-content\\\/uploads\\\/2014\\\/01\\\/logo4web.jpg\",\"contentUrl\":\"https:\\\/\\\/unstamps.org\\\/wp-content\\\/uploads\\\/2014\\\/01\\\/logo4web.jpg\",\"width\":2500,\"height\":250,\"caption\":\"UN Stamps\"},\"image\":{\"@id\":\"https:\\\/\\\/unstamps.org\\\/es\\\/#\\\/schema\\\/logo\\\/image\\\/\"}}]}<\/script>\n<!-- \/ Yoast SEO plugin. -->","yoast_head_json":{"title":"Calendario Lunar Chino: A\u00f1o del Caballo - Sobre de primer d\u00eda Combo - UN Stamps","robots":{"index":"index","follow":"follow","max-snippet":"max-snippet:-1","max-image-preview":"max-image-preview:large","max-video-preview":"max-video-preview:-1"},"canonical":"https:\/\/unstamps.org\/es\/producto\/calendario-lunar-chino-ano-del-caballo-sobre-de-primer-dia-combo\/","og_locale":"es_ES","og_type":"article","og_title":"Calendario Lunar Chino: A\u00f1o del Caballo - Sobre de primer d\u00eda Combo - UN Stamps","og_description":"El 16 de enero de 2026, la UNPA celebra el A\u00f1o Nuevo Lunar con la emisi\u00f3n de una hoja especial de 10 sellos con una denominaci\u00f3n de 1,70 d\u00f3lares para el \u00abA\u00f1o del Caballo\u00bb. El A\u00f1o Nuevo Lunar comienza oficialmente el 17 de febrero de 2026 y contin\u00faa hasta el 5 de febrero de 2027. [&hellip;]","og_url":"https:\/\/unstamps.org\/es\/producto\/calendario-lunar-chino-ano-del-caballo-sobre-de-primer-dia-combo\/","og_site_name":"UN Stamps","article_modified_time":"2026-01-23T16:49:47+00:00","og_image":[{"width":1024,"height":1024,"url":"https:\/\/unstamps.org\/wp-content\/uploads\/2026\/01\/2026-Lunar-Horse-FDC-Combo.jpg","type":"image\/jpeg"}],"twitter_card":"summary_large_image","twitter_misc":{"Tiempo de lectura":"2 minutos"},"schema":{"@context":"https:\/\/schema.org","@graph":[{"@type":"WebPage","@id":"https:\/\/unstamps.org\/es\/producto\/calendario-lunar-chino-ano-del-caballo-sobre-de-primer-dia-combo\/","url":"https:\/\/unstamps.org\/es\/producto\/calendario-lunar-chino-ano-del-caballo-sobre-de-primer-dia-combo\/","name":"Calendario Lunar Chino: A\u00f1o del Caballo - Sobre de primer d\u00eda Combo - UN Stamps","isPartOf":{"@id":"https:\/\/unstamps.org\/es\/#website"},"primaryImageOfPage":{"@id":"https:\/\/unstamps.org\/es\/producto\/calendario-lunar-chino-ano-del-caballo-sobre-de-primer-dia-combo\/#primaryimage"},"image":{"@id":"https:\/\/unstamps.org\/es\/producto\/calendario-lunar-chino-ano-del-caballo-sobre-de-primer-dia-combo\/#primaryimage"},"thumbnailUrl":"https:\/\/unstamps.org\/wp-content\/uploads\/2026\/01\/2026-Lunar-Horse-FDC-Combo.jpg","datePublished":"2026-01-23T16:48:20+00:00","dateModified":"2026-01-23T16:49:47+00:00","breadcrumb":{"@id":"https:\/\/unstamps.org\/es\/producto\/calendario-lunar-chino-ano-del-caballo-sobre-de-primer-dia-combo\/#breadcrumb"},"inLanguage":"es","potentialAction":[{"@type":"ReadAction","target":["https:\/\/unstamps.org\/es\/producto\/calendario-lunar-chino-ano-del-caballo-sobre-de-primer-dia-combo\/"]}]},{"@type":"ImageObject","inLanguage":"es","@id":"https:\/\/unstamps.org\/es\/producto\/calendario-lunar-chino-ano-del-caballo-sobre-de-primer-dia-combo\/#primaryimage","url":"https:\/\/unstamps.org\/wp-content\/uploads\/2026\/01\/2026-Lunar-Horse-FDC-Combo.jpg","contentUrl":"https:\/\/unstamps.org\/wp-content\/uploads\/2026\/01\/2026-Lunar-Horse-FDC-Combo.jpg","width":1024,"height":1024},{"@type":"BreadcrumbList","@id":"https:\/\/unstamps.org\/es\/producto\/calendario-lunar-chino-ano-del-caballo-sobre-de-primer-dia-combo\/#breadcrumb","itemListElement":[{"@type":"ListItem","position":1,"name":"Home","item":"https:\/\/unstamps.org\/es\/"},{"@type":"ListItem","position":2,"name":"Shop","item":"https:\/\/unstamps.org\/es\/productos\/"},{"@type":"ListItem","position":3,"name":"Calendario Lunar Chino: A\u00f1o del Caballo &#8211; Sobre de primer d\u00eda Combo"}]},{"@type":"WebSite","@id":"https:\/\/unstamps.org\/es\/#website","url":"https:\/\/unstamps.org\/es\/","name":"UN Stamps","description":"United Nations Stamps","publisher":{"@id":"https:\/\/unstamps.org\/es\/#organization"},"potentialAction":[{"@type":"SearchAction","target":{"@type":"EntryPoint","urlTemplate":"https:\/\/unstamps.org\/es\/?s={search_term_string}"},"query-input":{"@type":"PropertyValueSpecification","valueRequired":true,"valueName":"search_term_string"}}],"inLanguage":"es"},{"@type":"Organization","@id":"https:\/\/unstamps.org\/es\/#organization","name":"UN Stamps","url":"https:\/\/unstamps.org\/es\/","logo":{"@type":"ImageObject","inLanguage":"es","@id":"https:\/\/unstamps.org\/es\/#\/schema\/logo\/image\/","url":"https:\/\/unstamps.org\/wp-content\/uploads\/2014\/01\/logo4web.jpg","contentUrl":"https:\/\/unstamps.org\/wp-content\/uploads\/2014\/01\/logo4web.jpg","width":2500,"height":250,"caption":"UN Stamps"},"image":{"@id":"https:\/\/unstamps.org\/es\/#\/schema\/logo\/image\/"}}]}},"jetpack_sharing_enabled":true,"publishpress_future_action":{"enabled":false,"date":"2026-04-28 12:44:52","action":"change-status","newStatus":"private","terms":[],"taxonomy":"product_cat","extraData":[]},"publishpress_future_workflow_manual_trigger":{"enabledWorkflows":[]},"_links":{"self":[{"href":"https:\/\/unstamps.org\/es\/wp-json\/wp\/v2\/product\/198686","targetHints":{"allow":["GET"]}}],"collection":[{"href":"https:\/\/unstamps.org\/es\/wp-json\/wp\/v2\/product"}],"about":[{"href":"https:\/\/unstamps.org\/es\/wp-json\/wp\/v2\/types\/product"}],"replies":[{"embeddable":true,"href":"https:\/\/unstamps.org\/es\/wp-json\/wp\/v2\/comments?post=198686"}],"wp:featuredmedia":[{"embeddable":true,"href":"https:\/\/unstamps.org\/es\/wp-json\/wp\/v2\/media\/198814"}],"wp:attachment":[{"href":"https:\/\/unstamps.org\/es\/wp-json\/wp\/v2\/media?parent=198686"}],"wp:term":[{"taxonomy":"product_brand","embeddable":true,"href":"https:\/\/unstamps.org\/es\/wp-json\/wp\/v2\/product_brand?post=198686"},{"taxonomy":"product_cat","embeddable":true,"href":"https:\/\/unstamps.org\/es\/wp-json\/wp\/v2\/product_cat?post=198686"},{"taxonomy":"product_tag","embeddable":true,"href":"https:\/\/unstamps.org\/es\/wp-json\/wp\/v2\/product_tag?post=198686"}],"curies":[{"name":"wp","href":"https:\/\/api.w.org\/{rel}","templated":true}]}}