{"id":198586,"date":"2026-01-12T10:27:44","date_gmt":"2026-01-12T15:27:44","guid":{"rendered":"https:\/\/unstamps.org\/?post_type=product&#038;p=198586"},"modified":"2026-01-12T10:29:59","modified_gmt":"2026-01-12T15:29:59","slug":"80-anos-de-la-revista-de-la-onu","status":"publish","type":"product","link":"https:\/\/unstamps.org\/es\/producto\/80-anos-de-la-revista-de-la-onu\/","title":{"rendered":"80 A\u00f1os De La Revista De La ONU"},"content":{"rendered":"<p>El 12 de enero de 2026, la UNPA emiti\u00f3 una hoja especial de 10 sellos para conmemorar el 80\u00ba aniversario de la publicaci\u00f3n del primer Diario de las Naciones Unidas. La hoja de sellos, con un valor nominal de 1,70 d\u00f3lares, rinde homenaje al papel perdurable del Diario como repositorio oficial del pasado de las Naciones Unidas, visto a trav\u00e9s del prisma de sus reuniones y actividades diarias.<\/p>\n<p>La primera edici\u00f3n del Diario de las Naciones Unidas se public\u00f3 el 10 de enero de 1946, el mismo d\u00eda en que la Asamblea General de las Naciones Unidas inaugur\u00f3 su primer per\u00edodo de sesiones. Esta emisi\u00f3n de sellos celebra ocho d\u00e9cadas de esta publicaci\u00f3n hist\u00f3rica, que ha narrado la evoluci\u00f3n del multilateralismo al tiempo que ha mantenido la accesibilidad a la labor de la Organizaci\u00f3n.<\/p>\n<p>El Diario, que sirve como programa diario de reuniones oficiales y otras actividades de las Naciones Unidas, ha documentado fielmente la trayectoria de la diplomacia internacional, proporcionando a los delegados, al personal y al p\u00fablico una fuente de informaci\u00f3n transparente, multiling\u00fce y fidedigna. Al documentar la historia tal y como se ha desarrollado, desde los primeros a\u00f1os de la Organizaci\u00f3n hasta la actualidad, ha garantizado que todas las reuniones oficiales formen parte de la memoria institucional de las Naciones Unidas.<\/p>\n<p>Los sellos y las etiquetas muestran a delegados, dignatarios y personal de las Naciones Unidas leyendo el Diario, junto con im\u00e1genes de la publicaci\u00f3n en varios idiomas a lo largo de las d\u00e9cadas.<\/p>\n<p>La hoja de sellos fue dise\u00f1ada por Rorie Katz (Naciones Unidas), en colaboraci\u00f3n con el Departamento de la Asamblea General y de Gesti\u00f3n de Conferencias. <\/p>\n<p>Este aniversario ofrece un momento para reflexionar sobre el papel fundamental que desempe\u00f1a el Diario en la preservaci\u00f3n del legado de las Naciones Unidas, al tiempo que se adapta continuamente a las exigencias de un mundo interconectado digitalmente. En una era de r\u00e1pido intercambio de informaci\u00f3n, su compromiso con la precisi\u00f3n, la accesibilidad y el multiling\u00fcismo sigue siendo tan crucial como siempre.<\/p>\n<p>Los clientes con pedidos permanentes de hojas especiales de Nueva York (94) recibir\u00e1n autom\u00e1ticamente las hojas de sellos a trav\u00e9s de sus cuentas. <\/p>\n<p><strong>Fecha de emisi\u00f3n:<\/strong> 12 de enero de 2026<br \/>\n<strong>Dise\u00f1adores:<\/strong> Rorie Katz (Naciones Unidas) y el Departamento de Gesti\u00f3n de la Asamblea General y de Conferencias<br \/>\n<strong>Denominaci\u00f3n:<\/strong> US$ 1,70<br \/>\n<strong>Tama\u00f1o del sello:<\/strong> 40,6 x 29,8<br \/>\n<strong>Tama\u00f1o de pesta\u00f1a:<\/strong> 26,6 x 29,8<br \/>\n<strong>Tama\u00f1o de la hoja:<\/strong> 279,4 mm x 215,9 mm<br \/>\n<strong>Impresi\u00f3n:<\/strong>Interno<\/p>\n","protected":false},"excerpt":{"rendered":"<p>El 12 de enero de 2026, la UNPA emiti\u00f3 una hoja especial de 10 sellos para conmemorar el 80\u00ba aniversario de la publicaci\u00f3n del primer Diario de las Naciones Unidas. La hoja de sellos, con un valor nominal de 1,70 d\u00f3lares, rinde homenaje al papel perdurable del Diario como repositorio oficial del pasado de las [&hellip;]<\/p>\n","protected":false},"featured_media":198584,"comment_status":"closed","ping_status":"closed","template":"","meta":{"ngg_post_thumbnail":0},"product_brand":[],"product_cat":[2964,924,938],"product_tag":[],"class_list":{"0":"post-198586","1":"product","2":"type-product","3":"status-publish","4":"has-post-thumbnail","6":"product_cat-2026-es","7":"product_cat-nueva-york","8":"product_cat-pliegos-personalizados","9":"pa_condition-cancelled-es","10":"pa_condition-mint-es","12":"first","13":"instock","14":"shipping-taxable","15":"purchasable","16":"product-type-variable","17":"has-default-attributes"},"yoast_head":"<!-- This site is optimized with the Yoast SEO plugin v27.3 - https:\/\/yoast.com\/product\/yoast-seo-wordpress\/ -->\n<title>80 A\u00f1os De La Revista De La ONU - UN Stamps<\/title>\n<meta name=\"robots\" content=\"index, follow, max-snippet:-1, max-image-preview:large, max-video-preview:-1\" \/>\n<link rel=\"canonical\" href=\"https:\/\/unstamps.org\/es\/producto\/80-anos-de-la-revista-de-la-onu\/\" \/>\n<meta property=\"og:locale\" content=\"es_ES\" \/>\n<meta property=\"og:type\" content=\"article\" \/>\n<meta property=\"og:title\" content=\"80 A\u00f1os De La Revista De La ONU - UN Stamps\" \/>\n<meta property=\"og:description\" content=\"El 12 de enero de 2026, la UNPA emiti\u00f3 una hoja especial de 10 sellos para conmemorar el 80\u00ba aniversario de la publicaci\u00f3n del primer Diario de las Naciones Unidas. La hoja de sellos, con un valor nominal de 1,70 d\u00f3lares, rinde homenaje al papel perdurable del Diario como repositorio oficial del pasado de las [&hellip;]\" \/>\n<meta property=\"og:url\" content=\"https:\/\/unstamps.org\/es\/producto\/80-anos-de-la-revista-de-la-onu\/\" \/>\n<meta property=\"og:site_name\" content=\"UN Stamps\" \/>\n<meta property=\"article:modified_time\" content=\"2026-01-12T15:29:59+00:00\" \/>\n<meta property=\"og:image\" content=\"https:\/\/unstamps.org\/wp-content\/uploads\/2026\/01\/2026-80th-UN-Journal-PSS-Mint.jpg\" \/>\n\t<meta property=\"og:image:width\" content=\"1024\" \/>\n\t<meta property=\"og:image:height\" content=\"1024\" \/>\n\t<meta property=\"og:image:type\" content=\"image\/jpeg\" \/>\n<meta name=\"twitter:card\" content=\"summary_large_image\" \/>\n<meta name=\"twitter:label1\" content=\"Tiempo de lectura\" \/>\n\t<meta name=\"twitter:data1\" content=\"2 minutos\" \/>\n<script type=\"application\/ld+json\" class=\"yoast-schema-graph\">{\"@context\":\"https:\\\/\\\/schema.org\",\"@graph\":[{\"@type\":\"WebPage\",\"@id\":\"https:\\\/\\\/unstamps.org\\\/es\\\/producto\\\/80-anos-de-la-revista-de-la-onu\\\/\",\"url\":\"https:\\\/\\\/unstamps.org\\\/es\\\/producto\\\/80-anos-de-la-revista-de-la-onu\\\/\",\"name\":\"80 A\u00f1os De La Revista De La ONU - UN Stamps\",\"isPartOf\":{\"@id\":\"https:\\\/\\\/unstamps.org\\\/es\\\/#website\"},\"primaryImageOfPage\":{\"@id\":\"https:\\\/\\\/unstamps.org\\\/es\\\/producto\\\/80-anos-de-la-revista-de-la-onu\\\/#primaryimage\"},\"image\":{\"@id\":\"https:\\\/\\\/unstamps.org\\\/es\\\/producto\\\/80-anos-de-la-revista-de-la-onu\\\/#primaryimage\"},\"thumbnailUrl\":\"https:\\\/\\\/unstamps.org\\\/wp-content\\\/uploads\\\/2026\\\/01\\\/2026-80th-UN-Journal-PSS-Mint.jpg\",\"datePublished\":\"2026-01-12T15:27:44+00:00\",\"dateModified\":\"2026-01-12T15:29:59+00:00\",\"breadcrumb\":{\"@id\":\"https:\\\/\\\/unstamps.org\\\/es\\\/producto\\\/80-anos-de-la-revista-de-la-onu\\\/#breadcrumb\"},\"inLanguage\":\"es\",\"potentialAction\":[{\"@type\":\"ReadAction\",\"target\":[\"https:\\\/\\\/unstamps.org\\\/es\\\/producto\\\/80-anos-de-la-revista-de-la-onu\\\/\"]}]},{\"@type\":\"ImageObject\",\"inLanguage\":\"es\",\"@id\":\"https:\\\/\\\/unstamps.org\\\/es\\\/producto\\\/80-anos-de-la-revista-de-la-onu\\\/#primaryimage\",\"url\":\"https:\\\/\\\/unstamps.org\\\/wp-content\\\/uploads\\\/2026\\\/01\\\/2026-80th-UN-Journal-PSS-Mint.jpg\",\"contentUrl\":\"https:\\\/\\\/unstamps.org\\\/wp-content\\\/uploads\\\/2026\\\/01\\\/2026-80th-UN-Journal-PSS-Mint.jpg\",\"width\":1024,\"height\":1024},{\"@type\":\"BreadcrumbList\",\"@id\":\"https:\\\/\\\/unstamps.org\\\/es\\\/producto\\\/80-anos-de-la-revista-de-la-onu\\\/#breadcrumb\",\"itemListElement\":[{\"@type\":\"ListItem\",\"position\":1,\"name\":\"Home\",\"item\":\"https:\\\/\\\/unstamps.org\\\/es\\\/\"},{\"@type\":\"ListItem\",\"position\":2,\"name\":\"Shop\",\"item\":\"https:\\\/\\\/unstamps.org\\\/es\\\/productos\\\/\"},{\"@type\":\"ListItem\",\"position\":3,\"name\":\"80 A\u00f1os De La Revista De La ONU\"}]},{\"@type\":\"WebSite\",\"@id\":\"https:\\\/\\\/unstamps.org\\\/es\\\/#website\",\"url\":\"https:\\\/\\\/unstamps.org\\\/es\\\/\",\"name\":\"UN Stamps\",\"description\":\"United Nations Stamps\",\"publisher\":{\"@id\":\"https:\\\/\\\/unstamps.org\\\/es\\\/#organization\"},\"potentialAction\":[{\"@type\":\"SearchAction\",\"target\":{\"@type\":\"EntryPoint\",\"urlTemplate\":\"https:\\\/\\\/unstamps.org\\\/es\\\/?s={search_term_string}\"},\"query-input\":{\"@type\":\"PropertyValueSpecification\",\"valueRequired\":true,\"valueName\":\"search_term_string\"}}],\"inLanguage\":\"es\"},{\"@type\":\"Organization\",\"@id\":\"https:\\\/\\\/unstamps.org\\\/es\\\/#organization\",\"name\":\"UN Stamps\",\"url\":\"https:\\\/\\\/unstamps.org\\\/es\\\/\",\"logo\":{\"@type\":\"ImageObject\",\"inLanguage\":\"es\",\"@id\":\"https:\\\/\\\/unstamps.org\\\/es\\\/#\\\/schema\\\/logo\\\/image\\\/\",\"url\":\"https:\\\/\\\/unstamps.org\\\/wp-content\\\/uploads\\\/2014\\\/01\\\/logo4web.jpg\",\"contentUrl\":\"https:\\\/\\\/unstamps.org\\\/wp-content\\\/uploads\\\/2014\\\/01\\\/logo4web.jpg\",\"width\":2500,\"height\":250,\"caption\":\"UN Stamps\"},\"image\":{\"@id\":\"https:\\\/\\\/unstamps.org\\\/es\\\/#\\\/schema\\\/logo\\\/image\\\/\"}}]}<\/script>\n<!-- \/ Yoast SEO plugin. -->","yoast_head_json":{"title":"80 A\u00f1os De La Revista De La ONU - UN Stamps","robots":{"index":"index","follow":"follow","max-snippet":"max-snippet:-1","max-image-preview":"max-image-preview:large","max-video-preview":"max-video-preview:-1"},"canonical":"https:\/\/unstamps.org\/es\/producto\/80-anos-de-la-revista-de-la-onu\/","og_locale":"es_ES","og_type":"article","og_title":"80 A\u00f1os De La Revista De La ONU - UN Stamps","og_description":"El 12 de enero de 2026, la UNPA emiti\u00f3 una hoja especial de 10 sellos para conmemorar el 80\u00ba aniversario de la publicaci\u00f3n del primer Diario de las Naciones Unidas. La hoja de sellos, con un valor nominal de 1,70 d\u00f3lares, rinde homenaje al papel perdurable del Diario como repositorio oficial del pasado de las [&hellip;]","og_url":"https:\/\/unstamps.org\/es\/producto\/80-anos-de-la-revista-de-la-onu\/","og_site_name":"UN Stamps","article_modified_time":"2026-01-12T15:29:59+00:00","og_image":[{"width":1024,"height":1024,"url":"https:\/\/unstamps.org\/wp-content\/uploads\/2026\/01\/2026-80th-UN-Journal-PSS-Mint.jpg","type":"image\/jpeg"}],"twitter_card":"summary_large_image","twitter_misc":{"Tiempo de lectura":"2 minutos"},"schema":{"@context":"https:\/\/schema.org","@graph":[{"@type":"WebPage","@id":"https:\/\/unstamps.org\/es\/producto\/80-anos-de-la-revista-de-la-onu\/","url":"https:\/\/unstamps.org\/es\/producto\/80-anos-de-la-revista-de-la-onu\/","name":"80 A\u00f1os De La Revista De La ONU - UN Stamps","isPartOf":{"@id":"https:\/\/unstamps.org\/es\/#website"},"primaryImageOfPage":{"@id":"https:\/\/unstamps.org\/es\/producto\/80-anos-de-la-revista-de-la-onu\/#primaryimage"},"image":{"@id":"https:\/\/unstamps.org\/es\/producto\/80-anos-de-la-revista-de-la-onu\/#primaryimage"},"thumbnailUrl":"https:\/\/unstamps.org\/wp-content\/uploads\/2026\/01\/2026-80th-UN-Journal-PSS-Mint.jpg","datePublished":"2026-01-12T15:27:44+00:00","dateModified":"2026-01-12T15:29:59+00:00","breadcrumb":{"@id":"https:\/\/unstamps.org\/es\/producto\/80-anos-de-la-revista-de-la-onu\/#breadcrumb"},"inLanguage":"es","potentialAction":[{"@type":"ReadAction","target":["https:\/\/unstamps.org\/es\/producto\/80-anos-de-la-revista-de-la-onu\/"]}]},{"@type":"ImageObject","inLanguage":"es","@id":"https:\/\/unstamps.org\/es\/producto\/80-anos-de-la-revista-de-la-onu\/#primaryimage","url":"https:\/\/unstamps.org\/wp-content\/uploads\/2026\/01\/2026-80th-UN-Journal-PSS-Mint.jpg","contentUrl":"https:\/\/unstamps.org\/wp-content\/uploads\/2026\/01\/2026-80th-UN-Journal-PSS-Mint.jpg","width":1024,"height":1024},{"@type":"BreadcrumbList","@id":"https:\/\/unstamps.org\/es\/producto\/80-anos-de-la-revista-de-la-onu\/#breadcrumb","itemListElement":[{"@type":"ListItem","position":1,"name":"Home","item":"https:\/\/unstamps.org\/es\/"},{"@type":"ListItem","position":2,"name":"Shop","item":"https:\/\/unstamps.org\/es\/productos\/"},{"@type":"ListItem","position":3,"name":"80 A\u00f1os De La Revista De La ONU"}]},{"@type":"WebSite","@id":"https:\/\/unstamps.org\/es\/#website","url":"https:\/\/unstamps.org\/es\/","name":"UN Stamps","description":"United Nations Stamps","publisher":{"@id":"https:\/\/unstamps.org\/es\/#organization"},"potentialAction":[{"@type":"SearchAction","target":{"@type":"EntryPoint","urlTemplate":"https:\/\/unstamps.org\/es\/?s={search_term_string}"},"query-input":{"@type":"PropertyValueSpecification","valueRequired":true,"valueName":"search_term_string"}}],"inLanguage":"es"},{"@type":"Organization","@id":"https:\/\/unstamps.org\/es\/#organization","name":"UN Stamps","url":"https:\/\/unstamps.org\/es\/","logo":{"@type":"ImageObject","inLanguage":"es","@id":"https:\/\/unstamps.org\/es\/#\/schema\/logo\/image\/","url":"https:\/\/unstamps.org\/wp-content\/uploads\/2014\/01\/logo4web.jpg","contentUrl":"https:\/\/unstamps.org\/wp-content\/uploads\/2014\/01\/logo4web.jpg","width":2500,"height":250,"caption":"UN Stamps"},"image":{"@id":"https:\/\/unstamps.org\/es\/#\/schema\/logo\/image\/"}}]}},"jetpack_sharing_enabled":true,"publishpress_future_action":{"enabled":false,"date":"2026-04-19 02:53:44","action":"change-status","newStatus":"private","terms":[],"taxonomy":"product_cat","extraData":[]},"publishpress_future_workflow_manual_trigger":{"enabledWorkflows":[]},"_links":{"self":[{"href":"https:\/\/unstamps.org\/es\/wp-json\/wp\/v2\/product\/198586","targetHints":{"allow":["GET"]}}],"collection":[{"href":"https:\/\/unstamps.org\/es\/wp-json\/wp\/v2\/product"}],"about":[{"href":"https:\/\/unstamps.org\/es\/wp-json\/wp\/v2\/types\/product"}],"replies":[{"embeddable":true,"href":"https:\/\/unstamps.org\/es\/wp-json\/wp\/v2\/comments?post=198586"}],"wp:featuredmedia":[{"embeddable":true,"href":"https:\/\/unstamps.org\/es\/wp-json\/wp\/v2\/media\/198584"}],"wp:attachment":[{"href":"https:\/\/unstamps.org\/es\/wp-json\/wp\/v2\/media?parent=198586"}],"wp:term":[{"taxonomy":"product_brand","embeddable":true,"href":"https:\/\/unstamps.org\/es\/wp-json\/wp\/v2\/product_brand?post=198586"},{"taxonomy":"product_cat","embeddable":true,"href":"https:\/\/unstamps.org\/es\/wp-json\/wp\/v2\/product_cat?post=198586"},{"taxonomy":"product_tag","embeddable":true,"href":"https:\/\/unstamps.org\/es\/wp-json\/wp\/v2\/product_tag?post=198586"}],"curies":[{"name":"wp","href":"https:\/\/api.w.org\/{rel}","templated":true}]}}