{"id":198194,"date":"2025-12-09T15:01:28","date_gmt":"2025-12-09T20:01:28","guid":{"rendered":"https:\/\/unstamps.org\/?post_type=product&#038;p=198194"},"modified":"2026-01-09T11:53:24","modified_gmt":"2026-01-09T16:53:24","slug":"70-anos-de-pertenencia-a-las-naciones-unidas","status":"publish","type":"product","link":"https:\/\/unstamps.org\/es\/producto\/70-anos-de-pertenencia-a-las-naciones-unidas\/","title":{"rendered":"70 a\u00f1os de pertenencia a las Naciones Unidas"},"content":{"rendered":"<p>El 10 de diciembre de 2025, la Administraci\u00f3n Postal de las Naciones Unidas emitir\u00e1 una hoja especial de 10 sellos con un valor facial de 1,70 $ para homenajear a los Estados Miembros que se unieron a las Naciones Unidas hace 70 a\u00f1os.<\/p>\n<p>En 1955, 16 pa\u00edses se unieron a las Naciones Unidas, lo que supuso la mayor ampliaci\u00f3n en la historia de la Organizaci\u00f3n, pasando el n\u00famero total de Estados Miembros de 60 a 76. <\/p>\n<p>Esta hoja especial de sellos conmemora el 70.\u00ba aniversario de la adhesi\u00f3n de Albania, Austria, Bulgaria, Camboya, Finlandia, Hungr\u00eda, Irlanda, Italia, Jordania, la Rep\u00fablica Democr\u00e1tica Popular Lao, Libia, Nepal, Portugal, Rumania, Espa\u00f1a y Sri Lanka. <\/p>\n<p>La hoja de sellos destaca el compromiso continuo de estos Estados Miembros con la labor y los principios de las Naciones Unidas.<br \/>\nEl dise\u00f1o del sello de 1,70 $ muestra el emblema de las Naciones Unidas en blanco sobre un fondo azul. <\/p>\n<p>Las leng\u00fcetas del sello fueron dise\u00f1adas por Jo\u00e3o Varela (Portugal). El artista quiso que el dise\u00f1o celebrara el 70\u00ba aniversario de las admisiones de 1955 en la ONU mostrando a muchas naciones unidas.  Cre\u00f3 el n\u00famero \u00ab70\u00bb a partir de anillos entrelazados, utilizando colores extra\u00eddos de las diecis\u00e9is banderas nacionales que se mezclan en degradados en lugar de bordes estrictos. El fondo azul intenso de las Naciones Unidas lo vincula a la identidad de la organizaci\u00f3n, y los c\u00f3digos de dos letras de los pa\u00edses otorgan a cada miembro el mismo espacio y una voz clara en el dise\u00f1o.<br \/>\nEl fondo de la hoja muestra las banderas de los diecis\u00e9is pa\u00edses que se unieron a las Naciones Unidas en 1955.<\/p>\n<p>Los clientes con pedidos permanentes de hojas conmemorativas de Nueva York (95) recibir\u00e1n autom\u00e1ticamente este art\u00edculo a trav\u00e9s de sus cuentas.<\/p>\n<p><strong>Detalles t\u00e9cnicos:<\/strong><br \/>\n<strong>Tama\u00f1o del sello:<\/strong> 40,6 mm x 29,8 mm<br \/>\n<strong>Tama\u00f1o de la pesta\u00f1a:<\/strong> 26,6 mm x 29,8 mm<br \/>\n<strong>Tama\u00f1o de la hoja:<\/strong> 279,4 mm x 215,9 mm<br \/>\n<strong>Impresi\u00f3n:<\/strong>Interna<\/p>\n","protected":false},"excerpt":{"rendered":"<p>El 10 de diciembre de 2025, la Administraci\u00f3n Postal de las Naciones Unidas emitir\u00e1 una hoja especial de 10 sellos con un valor facial de 1,70 $ para homenajear a los Estados Miembros que se unieron a las Naciones Unidas hace 70 a\u00f1os. En 1955, 16 pa\u00edses se unieron a las Naciones Unidas, lo que [&hellip;]<\/p>\n","protected":false},"featured_media":198246,"comment_status":"closed","ping_status":"closed","template":"","meta":{"ngg_post_thumbnail":0},"product_brand":[],"product_cat":[2956,924,938],"product_tag":[],"class_list":{"0":"post-198194","1":"product","2":"type-product","3":"status-publish","4":"has-post-thumbnail","6":"product_cat-2025-es","7":"product_cat-nueva-york","8":"product_cat-pliegos-personalizados","9":"pa_condition-cancelled-es","10":"pa_condition-mint-es","12":"first","13":"instock","14":"shipping-taxable","15":"purchasable","16":"product-type-variable"},"yoast_head":"<!-- This site is optimized with the Yoast SEO plugin v27.4 - https:\/\/yoast.com\/product\/yoast-seo-wordpress\/ -->\n<title>70 a\u00f1os de pertenencia a las Naciones Unidas - UN Stamps<\/title>\n<meta name=\"robots\" content=\"index, follow, max-snippet:-1, max-image-preview:large, max-video-preview:-1\" \/>\n<link rel=\"canonical\" href=\"https:\/\/unstamps.org\/es\/producto\/70-anos-de-pertenencia-a-las-naciones-unidas\/\" \/>\n<meta property=\"og:locale\" content=\"es_ES\" \/>\n<meta property=\"og:type\" content=\"article\" \/>\n<meta property=\"og:title\" content=\"70 a\u00f1os de pertenencia a las Naciones Unidas - UN Stamps\" \/>\n<meta property=\"og:description\" content=\"El 10 de diciembre de 2025, la Administraci\u00f3n Postal de las Naciones Unidas emitir\u00e1 una hoja especial de 10 sellos con un valor facial de 1,70 $ para homenajear a los Estados Miembros que se unieron a las Naciones Unidas hace 70 a\u00f1os. En 1955, 16 pa\u00edses se unieron a las Naciones Unidas, lo que [&hellip;]\" \/>\n<meta property=\"og:url\" content=\"https:\/\/unstamps.org\/es\/producto\/70-anos-de-pertenencia-a-las-naciones-unidas\/\" \/>\n<meta property=\"og:site_name\" content=\"UN Stamps\" \/>\n<meta property=\"article:modified_time\" content=\"2026-01-09T16:53:24+00:00\" \/>\n<meta property=\"og:image\" content=\"https:\/\/unstamps.org\/wp-content\/uploads\/2025\/12\/2025-70th-Accession-MINT.jpg\" \/>\n\t<meta property=\"og:image:width\" content=\"1024\" \/>\n\t<meta property=\"og:image:height\" content=\"1024\" \/>\n\t<meta property=\"og:image:type\" content=\"image\/jpeg\" \/>\n<meta name=\"twitter:card\" content=\"summary_large_image\" \/>\n<meta name=\"twitter:label1\" content=\"Tiempo de lectura\" \/>\n\t<meta name=\"twitter:data1\" content=\"2 minutos\" \/>\n<script type=\"application\/ld+json\" class=\"yoast-schema-graph\">{\"@context\":\"https:\\\/\\\/schema.org\",\"@graph\":[{\"@type\":\"WebPage\",\"@id\":\"https:\\\/\\\/unstamps.org\\\/es\\\/producto\\\/70-anos-de-pertenencia-a-las-naciones-unidas\\\/\",\"url\":\"https:\\\/\\\/unstamps.org\\\/es\\\/producto\\\/70-anos-de-pertenencia-a-las-naciones-unidas\\\/\",\"name\":\"70 a\u00f1os de pertenencia a las Naciones Unidas - UN Stamps\",\"isPartOf\":{\"@id\":\"https:\\\/\\\/unstamps.org\\\/es\\\/#website\"},\"primaryImageOfPage\":{\"@id\":\"https:\\\/\\\/unstamps.org\\\/es\\\/producto\\\/70-anos-de-pertenencia-a-las-naciones-unidas\\\/#primaryimage\"},\"image\":{\"@id\":\"https:\\\/\\\/unstamps.org\\\/es\\\/producto\\\/70-anos-de-pertenencia-a-las-naciones-unidas\\\/#primaryimage\"},\"thumbnailUrl\":\"https:\\\/\\\/unstamps.org\\\/wp-content\\\/uploads\\\/2025\\\/12\\\/2025-70th-Accession-MINT.jpg\",\"datePublished\":\"2025-12-09T20:01:28+00:00\",\"dateModified\":\"2026-01-09T16:53:24+00:00\",\"breadcrumb\":{\"@id\":\"https:\\\/\\\/unstamps.org\\\/es\\\/producto\\\/70-anos-de-pertenencia-a-las-naciones-unidas\\\/#breadcrumb\"},\"inLanguage\":\"es\",\"potentialAction\":[{\"@type\":\"ReadAction\",\"target\":[\"https:\\\/\\\/unstamps.org\\\/es\\\/producto\\\/70-anos-de-pertenencia-a-las-naciones-unidas\\\/\"]}]},{\"@type\":\"ImageObject\",\"inLanguage\":\"es\",\"@id\":\"https:\\\/\\\/unstamps.org\\\/es\\\/producto\\\/70-anos-de-pertenencia-a-las-naciones-unidas\\\/#primaryimage\",\"url\":\"https:\\\/\\\/unstamps.org\\\/wp-content\\\/uploads\\\/2025\\\/12\\\/2025-70th-Accession-MINT.jpg\",\"contentUrl\":\"https:\\\/\\\/unstamps.org\\\/wp-content\\\/uploads\\\/2025\\\/12\\\/2025-70th-Accession-MINT.jpg\",\"width\":1024,\"height\":1024},{\"@type\":\"BreadcrumbList\",\"@id\":\"https:\\\/\\\/unstamps.org\\\/es\\\/producto\\\/70-anos-de-pertenencia-a-las-naciones-unidas\\\/#breadcrumb\",\"itemListElement\":[{\"@type\":\"ListItem\",\"position\":1,\"name\":\"Home\",\"item\":\"https:\\\/\\\/unstamps.org\\\/es\\\/\"},{\"@type\":\"ListItem\",\"position\":2,\"name\":\"Shop\",\"item\":\"https:\\\/\\\/unstamps.org\\\/es\\\/productos\\\/\"},{\"@type\":\"ListItem\",\"position\":3,\"name\":\"70 a\u00f1os de pertenencia a las Naciones Unidas\"}]},{\"@type\":\"WebSite\",\"@id\":\"https:\\\/\\\/unstamps.org\\\/es\\\/#website\",\"url\":\"https:\\\/\\\/unstamps.org\\\/es\\\/\",\"name\":\"UN Stamps\",\"description\":\"United Nations Stamps\",\"publisher\":{\"@id\":\"https:\\\/\\\/unstamps.org\\\/es\\\/#organization\"},\"potentialAction\":[{\"@type\":\"SearchAction\",\"target\":{\"@type\":\"EntryPoint\",\"urlTemplate\":\"https:\\\/\\\/unstamps.org\\\/es\\\/?s={search_term_string}\"},\"query-input\":{\"@type\":\"PropertyValueSpecification\",\"valueRequired\":true,\"valueName\":\"search_term_string\"}}],\"inLanguage\":\"es\"},{\"@type\":\"Organization\",\"@id\":\"https:\\\/\\\/unstamps.org\\\/es\\\/#organization\",\"name\":\"UN Stamps\",\"url\":\"https:\\\/\\\/unstamps.org\\\/es\\\/\",\"logo\":{\"@type\":\"ImageObject\",\"inLanguage\":\"es\",\"@id\":\"https:\\\/\\\/unstamps.org\\\/es\\\/#\\\/schema\\\/logo\\\/image\\\/\",\"url\":\"https:\\\/\\\/unstamps.org\\\/wp-content\\\/uploads\\\/2014\\\/01\\\/logo4web.jpg\",\"contentUrl\":\"https:\\\/\\\/unstamps.org\\\/wp-content\\\/uploads\\\/2014\\\/01\\\/logo4web.jpg\",\"width\":2500,\"height\":250,\"caption\":\"UN Stamps\"},\"image\":{\"@id\":\"https:\\\/\\\/unstamps.org\\\/es\\\/#\\\/schema\\\/logo\\\/image\\\/\"}}]}<\/script>\n<!-- \/ Yoast SEO plugin. -->","yoast_head_json":{"title":"70 a\u00f1os de pertenencia a las Naciones Unidas - UN Stamps","robots":{"index":"index","follow":"follow","max-snippet":"max-snippet:-1","max-image-preview":"max-image-preview:large","max-video-preview":"max-video-preview:-1"},"canonical":"https:\/\/unstamps.org\/es\/producto\/70-anos-de-pertenencia-a-las-naciones-unidas\/","og_locale":"es_ES","og_type":"article","og_title":"70 a\u00f1os de pertenencia a las Naciones Unidas - UN Stamps","og_description":"El 10 de diciembre de 2025, la Administraci\u00f3n Postal de las Naciones Unidas emitir\u00e1 una hoja especial de 10 sellos con un valor facial de 1,70 $ para homenajear a los Estados Miembros que se unieron a las Naciones Unidas hace 70 a\u00f1os. En 1955, 16 pa\u00edses se unieron a las Naciones Unidas, lo que [&hellip;]","og_url":"https:\/\/unstamps.org\/es\/producto\/70-anos-de-pertenencia-a-las-naciones-unidas\/","og_site_name":"UN Stamps","article_modified_time":"2026-01-09T16:53:24+00:00","og_image":[{"width":1024,"height":1024,"url":"https:\/\/unstamps.org\/wp-content\/uploads\/2025\/12\/2025-70th-Accession-MINT.jpg","type":"image\/jpeg"}],"twitter_card":"summary_large_image","twitter_misc":{"Tiempo de lectura":"2 minutos"},"schema":{"@context":"https:\/\/schema.org","@graph":[{"@type":"WebPage","@id":"https:\/\/unstamps.org\/es\/producto\/70-anos-de-pertenencia-a-las-naciones-unidas\/","url":"https:\/\/unstamps.org\/es\/producto\/70-anos-de-pertenencia-a-las-naciones-unidas\/","name":"70 a\u00f1os de pertenencia a las Naciones Unidas - UN Stamps","isPartOf":{"@id":"https:\/\/unstamps.org\/es\/#website"},"primaryImageOfPage":{"@id":"https:\/\/unstamps.org\/es\/producto\/70-anos-de-pertenencia-a-las-naciones-unidas\/#primaryimage"},"image":{"@id":"https:\/\/unstamps.org\/es\/producto\/70-anos-de-pertenencia-a-las-naciones-unidas\/#primaryimage"},"thumbnailUrl":"https:\/\/unstamps.org\/wp-content\/uploads\/2025\/12\/2025-70th-Accession-MINT.jpg","datePublished":"2025-12-09T20:01:28+00:00","dateModified":"2026-01-09T16:53:24+00:00","breadcrumb":{"@id":"https:\/\/unstamps.org\/es\/producto\/70-anos-de-pertenencia-a-las-naciones-unidas\/#breadcrumb"},"inLanguage":"es","potentialAction":[{"@type":"ReadAction","target":["https:\/\/unstamps.org\/es\/producto\/70-anos-de-pertenencia-a-las-naciones-unidas\/"]}]},{"@type":"ImageObject","inLanguage":"es","@id":"https:\/\/unstamps.org\/es\/producto\/70-anos-de-pertenencia-a-las-naciones-unidas\/#primaryimage","url":"https:\/\/unstamps.org\/wp-content\/uploads\/2025\/12\/2025-70th-Accession-MINT.jpg","contentUrl":"https:\/\/unstamps.org\/wp-content\/uploads\/2025\/12\/2025-70th-Accession-MINT.jpg","width":1024,"height":1024},{"@type":"BreadcrumbList","@id":"https:\/\/unstamps.org\/es\/producto\/70-anos-de-pertenencia-a-las-naciones-unidas\/#breadcrumb","itemListElement":[{"@type":"ListItem","position":1,"name":"Home","item":"https:\/\/unstamps.org\/es\/"},{"@type":"ListItem","position":2,"name":"Shop","item":"https:\/\/unstamps.org\/es\/productos\/"},{"@type":"ListItem","position":3,"name":"70 a\u00f1os de pertenencia a las Naciones Unidas"}]},{"@type":"WebSite","@id":"https:\/\/unstamps.org\/es\/#website","url":"https:\/\/unstamps.org\/es\/","name":"UN Stamps","description":"United Nations Stamps","publisher":{"@id":"https:\/\/unstamps.org\/es\/#organization"},"potentialAction":[{"@type":"SearchAction","target":{"@type":"EntryPoint","urlTemplate":"https:\/\/unstamps.org\/es\/?s={search_term_string}"},"query-input":{"@type":"PropertyValueSpecification","valueRequired":true,"valueName":"search_term_string"}}],"inLanguage":"es"},{"@type":"Organization","@id":"https:\/\/unstamps.org\/es\/#organization","name":"UN Stamps","url":"https:\/\/unstamps.org\/es\/","logo":{"@type":"ImageObject","inLanguage":"es","@id":"https:\/\/unstamps.org\/es\/#\/schema\/logo\/image\/","url":"https:\/\/unstamps.org\/wp-content\/uploads\/2014\/01\/logo4web.jpg","contentUrl":"https:\/\/unstamps.org\/wp-content\/uploads\/2014\/01\/logo4web.jpg","width":2500,"height":250,"caption":"UN Stamps"},"image":{"@id":"https:\/\/unstamps.org\/es\/#\/schema\/logo\/image\/"}}]}},"jetpack_sharing_enabled":true,"publishpress_future_action":{"enabled":false,"date":"2026-05-02 05:30:36","action":"change-status","newStatus":"private","terms":[],"taxonomy":"product_cat","extraData":[]},"publishpress_future_workflow_manual_trigger":{"enabledWorkflows":[]},"_links":{"self":[{"href":"https:\/\/unstamps.org\/es\/wp-json\/wp\/v2\/product\/198194","targetHints":{"allow":["GET"]}}],"collection":[{"href":"https:\/\/unstamps.org\/es\/wp-json\/wp\/v2\/product"}],"about":[{"href":"https:\/\/unstamps.org\/es\/wp-json\/wp\/v2\/types\/product"}],"replies":[{"embeddable":true,"href":"https:\/\/unstamps.org\/es\/wp-json\/wp\/v2\/comments?post=198194"}],"wp:featuredmedia":[{"embeddable":true,"href":"https:\/\/unstamps.org\/es\/wp-json\/wp\/v2\/media\/198246"}],"wp:attachment":[{"href":"https:\/\/unstamps.org\/es\/wp-json\/wp\/v2\/media?parent=198194"}],"wp:term":[{"taxonomy":"product_brand","embeddable":true,"href":"https:\/\/unstamps.org\/es\/wp-json\/wp\/v2\/product_brand?post=198194"},{"taxonomy":"product_cat","embeddable":true,"href":"https:\/\/unstamps.org\/es\/wp-json\/wp\/v2\/product_cat?post=198194"},{"taxonomy":"product_tag","embeddable":true,"href":"https:\/\/unstamps.org\/es\/wp-json\/wp\/v2\/product_tag?post=198194"}],"curies":[{"name":"wp","href":"https:\/\/api.w.org\/{rel}","templated":true}]}}