{"id":197131,"date":"2025-11-19T11:59:53","date_gmt":"2025-11-19T16:59:53","guid":{"rendered":"https:\/\/unstamps.org\/?post_type=product&#038;p=197131"},"modified":"2026-01-09T11:52:45","modified_gmt":"2026-01-09T16:52:45","slug":"2025-patrimonio-mundial-de-la-unesco-mexico","status":"publish","type":"product","link":"https:\/\/unstamps.org\/es\/producto\/2025-patrimonio-mundial-de-la-unesco-mexico\/","title":{"rendered":"2025 Patrimonio Mundial De La UNESCO &#8211; M\u00e9xico"},"content":{"rendered":"<p>La Convenci\u00f3n sobre el Patrimonio Mundial, adoptada por la Organizaci\u00f3n de las Naciones Unidas para la Educaci\u00f3n, la Ciencia y la Cultura (UNESCO) en 1972, enfatiza la responsabilidad colectiva de todas las naciones de proteger estos sitios para las generaciones presentes y futuras.<br \/>\nEl patrimonio mundial se refiere a los sitios culturales y naturales de \u201cvalor universal excepcional\u201d que son reconocidos por la UNESCO como merecedores de protecci\u00f3n en beneficio de toda la humanidad. Estos sitios, inscritos en la Lista del Patrimonio Mundial, representan un legado compartido y se consideran de importancia excepcional para el patrimonio cultural y natural del planeta.<br \/>\nDesde hace casi 30 a\u00f1os, la Administraci\u00f3n Postal de las Naciones Unidas (APNU) emite sellos dedicados a los sitios del patrimonio mundial de la UNESCO. La APNU se complace en presentar a los coleccionistas su serie de 2025, que presenta seis sitios en M\u00e9xico.<\/p>\n<p><strong>Fecha de emisi\u00f3n<\/strong>: 21 de noviembre de 2025<br \/>\n<strong>Dise\u00f1ador<\/strong>: Rorie Katz (Naciones Unidas)<br \/>\n<strong>Fotos<\/strong>: Abode Stock<br \/>\n<strong>Valores<\/strong>: US$ 0,78, US$ 1,70, CHF 1,20, CHF 1,90, \u20ac 1,00, \u20ac 1,20<br \/>\n<strong>Tama\u00f1o del sello<\/strong>: 50 mm x 35 mm<br \/>\n<strong>N\u00famero de sellos por pliego<\/strong>: 20<br \/>\n<strong>Impresor<\/strong>: Royal Joh Ensched\u00e9 (Pa\u00edses Bajos)<br \/>\n<strong>Proceso<\/strong>: Litografia offset<br \/>\n<strong>Perforaci\u00f3n<\/strong>: 14 \u00bd x 14 \u00bc<br \/>\n<strong>Dise\u00f1os<\/strong>:<br \/>\n&#8211; US$ 0.78 Centro Hist\u00f3rico de la Ciudad de M\u00e9xico y Xochimilco<br \/>\n&#8211; US$ 1.70 Ciudad Prehisp\u00e1nica y Parque Nacional de Palenque<br \/>\n&#8211; CHF 1,20 Reserva de la Biosfera de la Mariposa Monarca<br \/>\n&#8211; CHF 1,90 El Taj\u00edn, Ciudad Prehisp\u00e1nica<br \/>\n&#8211; \u20ac 1,00 Hospicio Caba\u00f1as, Guadalajara<br \/>\n&#8211; \u20ac 1,20 Ciudad Hist\u00f3rica de Guanajuato y Minas Adyacentes<br \/>\n<strong>Cantidad<\/strong>:<br \/>\n<em>Sellos<\/em><br \/>\n&#8211; US$ 0.78 4.500 pliegos (90.000 sellos)<br \/>\n&#8211; US$ 1.70 4.500 pliegos (90.000 sellos)<br \/>\n&#8211; CHF 1,20 3.500 pliegos (70.000 sellos)<br \/>\n&#8211; CHF 1,90 3.500 pliegos (70.000 sellos)<br \/>\n&#8211; \u20ac 1,00 3.500 pliegos (70.000 sellos)<br \/>\n&#8211; \u20ac 1,20 3.500 pliegos (70.000 sellos)<br \/>\n<em>Cuadernos prestige<\/em><br \/>\n&#8211; Nueva York (US$ 0.61, US$ 0.78) 3.750 cuadernos<br \/>\n&#8211; Ginebra (CHF 0,35, CHF 0,55) 4.000 cuadernos<br \/>\n&#8211; Viena (\u20ac 0,45, \u20ac 0,50) 4.750 cuadernos<\/p>\n","protected":false},"excerpt":{"rendered":"<p>La Convenci\u00f3n sobre el Patrimonio Mundial, adoptada por la Organizaci\u00f3n de las Naciones Unidas para la Educaci\u00f3n, la Ciencia y la Cultura (UNESCO) en 1972, enfatiza la responsabilidad colectiva de todas las naciones de proteger estos sitios para las generaciones presentes y futuras. El patrimonio mundial se refiere a los sitios culturales y naturales de [&hellip;]<\/p>\n","protected":false},"featured_media":197506,"comment_status":"closed","ping_status":"closed","template":"","meta":{"ngg_post_thumbnail":0},"product_brand":[],"product_cat":[2956,929],"product_tag":[],"class_list":{"0":"post-197131","1":"product","2":"type-product","3":"status-publish","4":"has-post-thumbnail","6":"product_cat-2025-es","7":"product_cat-conmemorativos","9":"first","10":"instock","11":"shipping-taxable","12":"product-type-grouped"},"yoast_head":"<!-- This site is optimized with the Yoast SEO plugin v27.4 - https:\/\/yoast.com\/product\/yoast-seo-wordpress\/ -->\n<title>2025 Patrimonio Mundial De La UNESCO - M\u00e9xico - UN Stamps<\/title>\n<meta name=\"robots\" content=\"index, follow, max-snippet:-1, max-image-preview:large, max-video-preview:-1\" \/>\n<link rel=\"canonical\" href=\"https:\/\/unstamps.org\/es\/producto\/2025-patrimonio-mundial-de-la-unesco-mexico\/\" \/>\n<meta property=\"og:locale\" content=\"es_ES\" \/>\n<meta property=\"og:type\" content=\"article\" \/>\n<meta property=\"og:title\" content=\"2025 Patrimonio Mundial De La UNESCO - M\u00e9xico - UN Stamps\" \/>\n<meta property=\"og:description\" content=\"La Convenci\u00f3n sobre el Patrimonio Mundial, adoptada por la Organizaci\u00f3n de las Naciones Unidas para la Educaci\u00f3n, la Ciencia y la Cultura (UNESCO) en 1972, enfatiza la responsabilidad colectiva de todas las naciones de proteger estos sitios para las generaciones presentes y futuras. El patrimonio mundial se refiere a los sitios culturales y naturales de [&hellip;]\" \/>\n<meta property=\"og:url\" content=\"https:\/\/unstamps.org\/es\/producto\/2025-patrimonio-mundial-de-la-unesco-mexico\/\" \/>\n<meta property=\"og:site_name\" content=\"UN Stamps\" \/>\n<meta property=\"article:modified_time\" content=\"2026-01-09T16:52:45+00:00\" \/>\n<meta property=\"og:image\" content=\"https:\/\/unstamps.org\/wp-content\/uploads\/2025\/11\/2025-WH-Mexico-FS-GROUP.jpg\" \/>\n\t<meta property=\"og:image:width\" content=\"1024\" \/>\n\t<meta property=\"og:image:height\" content=\"1024\" \/>\n\t<meta property=\"og:image:type\" content=\"image\/jpeg\" \/>\n<meta name=\"twitter:card\" content=\"summary_large_image\" \/>\n<meta name=\"twitter:label1\" content=\"Tiempo de lectura\" \/>\n\t<meta name=\"twitter:data1\" content=\"1 minuto\" \/>\n<script type=\"application\/ld+json\" class=\"yoast-schema-graph\">{\"@context\":\"https:\\\/\\\/schema.org\",\"@graph\":[{\"@type\":\"WebPage\",\"@id\":\"https:\\\/\\\/unstamps.org\\\/es\\\/producto\\\/2025-patrimonio-mundial-de-la-unesco-mexico\\\/\",\"url\":\"https:\\\/\\\/unstamps.org\\\/es\\\/producto\\\/2025-patrimonio-mundial-de-la-unesco-mexico\\\/\",\"name\":\"2025 Patrimonio Mundial De La UNESCO - M\u00e9xico - UN Stamps\",\"isPartOf\":{\"@id\":\"https:\\\/\\\/unstamps.org\\\/es\\\/#website\"},\"primaryImageOfPage\":{\"@id\":\"https:\\\/\\\/unstamps.org\\\/es\\\/producto\\\/2025-patrimonio-mundial-de-la-unesco-mexico\\\/#primaryimage\"},\"image\":{\"@id\":\"https:\\\/\\\/unstamps.org\\\/es\\\/producto\\\/2025-patrimonio-mundial-de-la-unesco-mexico\\\/#primaryimage\"},\"thumbnailUrl\":\"https:\\\/\\\/unstamps.org\\\/wp-content\\\/uploads\\\/2025\\\/11\\\/2025-WH-Mexico-FS-GROUP.jpg\",\"datePublished\":\"2025-11-19T16:59:53+00:00\",\"dateModified\":\"2026-01-09T16:52:45+00:00\",\"breadcrumb\":{\"@id\":\"https:\\\/\\\/unstamps.org\\\/es\\\/producto\\\/2025-patrimonio-mundial-de-la-unesco-mexico\\\/#breadcrumb\"},\"inLanguage\":\"es\",\"potentialAction\":[{\"@type\":\"ReadAction\",\"target\":[\"https:\\\/\\\/unstamps.org\\\/es\\\/producto\\\/2025-patrimonio-mundial-de-la-unesco-mexico\\\/\"]}]},{\"@type\":\"ImageObject\",\"inLanguage\":\"es\",\"@id\":\"https:\\\/\\\/unstamps.org\\\/es\\\/producto\\\/2025-patrimonio-mundial-de-la-unesco-mexico\\\/#primaryimage\",\"url\":\"https:\\\/\\\/unstamps.org\\\/wp-content\\\/uploads\\\/2025\\\/11\\\/2025-WH-Mexico-FS-GROUP.jpg\",\"contentUrl\":\"https:\\\/\\\/unstamps.org\\\/wp-content\\\/uploads\\\/2025\\\/11\\\/2025-WH-Mexico-FS-GROUP.jpg\",\"width\":1024,\"height\":1024},{\"@type\":\"BreadcrumbList\",\"@id\":\"https:\\\/\\\/unstamps.org\\\/es\\\/producto\\\/2025-patrimonio-mundial-de-la-unesco-mexico\\\/#breadcrumb\",\"itemListElement\":[{\"@type\":\"ListItem\",\"position\":1,\"name\":\"Home\",\"item\":\"https:\\\/\\\/unstamps.org\\\/es\\\/\"},{\"@type\":\"ListItem\",\"position\":2,\"name\":\"Shop\",\"item\":\"https:\\\/\\\/unstamps.org\\\/es\\\/productos\\\/\"},{\"@type\":\"ListItem\",\"position\":3,\"name\":\"2025 Patrimonio Mundial De La UNESCO &#8211; M\u00e9xico\"}]},{\"@type\":\"WebSite\",\"@id\":\"https:\\\/\\\/unstamps.org\\\/es\\\/#website\",\"url\":\"https:\\\/\\\/unstamps.org\\\/es\\\/\",\"name\":\"UN Stamps\",\"description\":\"United Nations Stamps\",\"publisher\":{\"@id\":\"https:\\\/\\\/unstamps.org\\\/es\\\/#organization\"},\"potentialAction\":[{\"@type\":\"SearchAction\",\"target\":{\"@type\":\"EntryPoint\",\"urlTemplate\":\"https:\\\/\\\/unstamps.org\\\/es\\\/?s={search_term_string}\"},\"query-input\":{\"@type\":\"PropertyValueSpecification\",\"valueRequired\":true,\"valueName\":\"search_term_string\"}}],\"inLanguage\":\"es\"},{\"@type\":\"Organization\",\"@id\":\"https:\\\/\\\/unstamps.org\\\/es\\\/#organization\",\"name\":\"UN Stamps\",\"url\":\"https:\\\/\\\/unstamps.org\\\/es\\\/\",\"logo\":{\"@type\":\"ImageObject\",\"inLanguage\":\"es\",\"@id\":\"https:\\\/\\\/unstamps.org\\\/es\\\/#\\\/schema\\\/logo\\\/image\\\/\",\"url\":\"https:\\\/\\\/unstamps.org\\\/wp-content\\\/uploads\\\/2014\\\/01\\\/logo4web.jpg\",\"contentUrl\":\"https:\\\/\\\/unstamps.org\\\/wp-content\\\/uploads\\\/2014\\\/01\\\/logo4web.jpg\",\"width\":2500,\"height\":250,\"caption\":\"UN Stamps\"},\"image\":{\"@id\":\"https:\\\/\\\/unstamps.org\\\/es\\\/#\\\/schema\\\/logo\\\/image\\\/\"}}]}<\/script>\n<!-- \/ Yoast SEO plugin. -->","yoast_head_json":{"title":"2025 Patrimonio Mundial De La UNESCO - M\u00e9xico - UN Stamps","robots":{"index":"index","follow":"follow","max-snippet":"max-snippet:-1","max-image-preview":"max-image-preview:large","max-video-preview":"max-video-preview:-1"},"canonical":"https:\/\/unstamps.org\/es\/producto\/2025-patrimonio-mundial-de-la-unesco-mexico\/","og_locale":"es_ES","og_type":"article","og_title":"2025 Patrimonio Mundial De La UNESCO - M\u00e9xico - UN Stamps","og_description":"La Convenci\u00f3n sobre el Patrimonio Mundial, adoptada por la Organizaci\u00f3n de las Naciones Unidas para la Educaci\u00f3n, la Ciencia y la Cultura (UNESCO) en 1972, enfatiza la responsabilidad colectiva de todas las naciones de proteger estos sitios para las generaciones presentes y futuras. El patrimonio mundial se refiere a los sitios culturales y naturales de [&hellip;]","og_url":"https:\/\/unstamps.org\/es\/producto\/2025-patrimonio-mundial-de-la-unesco-mexico\/","og_site_name":"UN Stamps","article_modified_time":"2026-01-09T16:52:45+00:00","og_image":[{"width":1024,"height":1024,"url":"https:\/\/unstamps.org\/wp-content\/uploads\/2025\/11\/2025-WH-Mexico-FS-GROUP.jpg","type":"image\/jpeg"}],"twitter_card":"summary_large_image","twitter_misc":{"Tiempo de lectura":"1 minuto"},"schema":{"@context":"https:\/\/schema.org","@graph":[{"@type":"WebPage","@id":"https:\/\/unstamps.org\/es\/producto\/2025-patrimonio-mundial-de-la-unesco-mexico\/","url":"https:\/\/unstamps.org\/es\/producto\/2025-patrimonio-mundial-de-la-unesco-mexico\/","name":"2025 Patrimonio Mundial De La UNESCO - M\u00e9xico - UN Stamps","isPartOf":{"@id":"https:\/\/unstamps.org\/es\/#website"},"primaryImageOfPage":{"@id":"https:\/\/unstamps.org\/es\/producto\/2025-patrimonio-mundial-de-la-unesco-mexico\/#primaryimage"},"image":{"@id":"https:\/\/unstamps.org\/es\/producto\/2025-patrimonio-mundial-de-la-unesco-mexico\/#primaryimage"},"thumbnailUrl":"https:\/\/unstamps.org\/wp-content\/uploads\/2025\/11\/2025-WH-Mexico-FS-GROUP.jpg","datePublished":"2025-11-19T16:59:53+00:00","dateModified":"2026-01-09T16:52:45+00:00","breadcrumb":{"@id":"https:\/\/unstamps.org\/es\/producto\/2025-patrimonio-mundial-de-la-unesco-mexico\/#breadcrumb"},"inLanguage":"es","potentialAction":[{"@type":"ReadAction","target":["https:\/\/unstamps.org\/es\/producto\/2025-patrimonio-mundial-de-la-unesco-mexico\/"]}]},{"@type":"ImageObject","inLanguage":"es","@id":"https:\/\/unstamps.org\/es\/producto\/2025-patrimonio-mundial-de-la-unesco-mexico\/#primaryimage","url":"https:\/\/unstamps.org\/wp-content\/uploads\/2025\/11\/2025-WH-Mexico-FS-GROUP.jpg","contentUrl":"https:\/\/unstamps.org\/wp-content\/uploads\/2025\/11\/2025-WH-Mexico-FS-GROUP.jpg","width":1024,"height":1024},{"@type":"BreadcrumbList","@id":"https:\/\/unstamps.org\/es\/producto\/2025-patrimonio-mundial-de-la-unesco-mexico\/#breadcrumb","itemListElement":[{"@type":"ListItem","position":1,"name":"Home","item":"https:\/\/unstamps.org\/es\/"},{"@type":"ListItem","position":2,"name":"Shop","item":"https:\/\/unstamps.org\/es\/productos\/"},{"@type":"ListItem","position":3,"name":"2025 Patrimonio Mundial De La UNESCO &#8211; M\u00e9xico"}]},{"@type":"WebSite","@id":"https:\/\/unstamps.org\/es\/#website","url":"https:\/\/unstamps.org\/es\/","name":"UN Stamps","description":"United Nations Stamps","publisher":{"@id":"https:\/\/unstamps.org\/es\/#organization"},"potentialAction":[{"@type":"SearchAction","target":{"@type":"EntryPoint","urlTemplate":"https:\/\/unstamps.org\/es\/?s={search_term_string}"},"query-input":{"@type":"PropertyValueSpecification","valueRequired":true,"valueName":"search_term_string"}}],"inLanguage":"es"},{"@type":"Organization","@id":"https:\/\/unstamps.org\/es\/#organization","name":"UN Stamps","url":"https:\/\/unstamps.org\/es\/","logo":{"@type":"ImageObject","inLanguage":"es","@id":"https:\/\/unstamps.org\/es\/#\/schema\/logo\/image\/","url":"https:\/\/unstamps.org\/wp-content\/uploads\/2014\/01\/logo4web.jpg","contentUrl":"https:\/\/unstamps.org\/wp-content\/uploads\/2014\/01\/logo4web.jpg","width":2500,"height":250,"caption":"UN Stamps"},"image":{"@id":"https:\/\/unstamps.org\/es\/#\/schema\/logo\/image\/"}}]}},"jetpack_sharing_enabled":true,"publishpress_future_action":{"enabled":false,"date":"2026-04-23 21:42:46","action":"change-status","newStatus":"private","terms":[],"taxonomy":"product_cat","extraData":[]},"publishpress_future_workflow_manual_trigger":{"enabledWorkflows":[]},"_links":{"self":[{"href":"https:\/\/unstamps.org\/es\/wp-json\/wp\/v2\/product\/197131","targetHints":{"allow":["GET"]}}],"collection":[{"href":"https:\/\/unstamps.org\/es\/wp-json\/wp\/v2\/product"}],"about":[{"href":"https:\/\/unstamps.org\/es\/wp-json\/wp\/v2\/types\/product"}],"replies":[{"embeddable":true,"href":"https:\/\/unstamps.org\/es\/wp-json\/wp\/v2\/comments?post=197131"}],"wp:featuredmedia":[{"embeddable":true,"href":"https:\/\/unstamps.org\/es\/wp-json\/wp\/v2\/media\/197506"}],"wp:attachment":[{"href":"https:\/\/unstamps.org\/es\/wp-json\/wp\/v2\/media?parent=197131"}],"wp:term":[{"taxonomy":"product_brand","embeddable":true,"href":"https:\/\/unstamps.org\/es\/wp-json\/wp\/v2\/product_brand?post=197131"},{"taxonomy":"product_cat","embeddable":true,"href":"https:\/\/unstamps.org\/es\/wp-json\/wp\/v2\/product_cat?post=197131"},{"taxonomy":"product_tag","embeddable":true,"href":"https:\/\/unstamps.org\/es\/wp-json\/wp\/v2\/product_tag?post=197131"}],"curies":[{"name":"wp","href":"https:\/\/api.w.org\/{rel}","templated":true}]}}