{"id":196686,"date":"2025-10-20T10:22:29","date_gmt":"2025-10-20T14:22:29","guid":{"rendered":"https:\/\/unstamps.org\/?post_type=product&#038;p=196686"},"modified":"2026-01-09T11:52:40","modified_gmt":"2026-01-09T16:52:40","slug":"80o-aniversario-de-las-naciones-unidas","status":"publish","type":"product","link":"https:\/\/unstamps.org\/es\/producto\/80o-aniversario-de-las-naciones-unidas\/","title":{"rendered":"80\u00ba Aniversario De Las Naciones Unidas"},"content":{"rendered":"<p>La Administraci\u00f3n Postal de la ONU emitir\u00e1 tres pliegos de sellos el 24 de octubre de 2025 para celebrar el 80\u00ba aniversario de las Naciones Unidas.<\/p>\n<p>En el marco del 80\u00ba aniversario de la ONU este a\u00f1o, el Secretario General lanz\u00f3 la Iniciativa UN80, un esfuerzo de reforma a nivel del sistema para plantear y responder una pregunta fundamental: \u00bfC\u00f3mo podemos ser m\u00e1s \u00e1giles, coordinados y efectivos para los pr\u00f3ximos 80 a\u00f1os?<\/p>\n<p>En un momento de crecientes crisis globales y presi\u00f3n sobre el multilateralismo, la Iniciativa UN80 busca replantear c\u00f3mo entrega la ONU \u2014 no haciendo menos, sino haciendo mejor.<br \/>\nLa iniciativa UN80 se centra en tres \u00e1reas de trabajo paralelas:<\/p>\n<ul>\n<li>Eficiencias y mejoras en la gesti\u00f3n y operaci\u00f3n<\/li>\n<li>Revisi\u00f3n de c\u00f3mo se implementan los mandatos, no de cu\u00e1les son<\/li>\n<li>Exploraci\u00f3n de la realineaci\u00f3n estructural y program\u00e1tica en todo el sistema de la ONU<\/li>\n<\/ul>\n<p>Este esfuerzo est\u00e1 dirigido a hacer que la ONU sea m\u00e1s efectiva, \u00e1gil y receptiva. Se trata de usar nuestros recursos limitados de la manera m\u00e1s eficaz posible, trabajando con mayor eficiencia, reduciendo la burocracia y apoyando mejor tanto a nuestro personal como a las personas a las que servimos.<\/p>\n<p><strong>Los Dise\u00f1os<\/strong><\/p>\n<p>Los tres pliegos de sellos con denominaciones de $1.70, CHF 1,70 y \u20ac 2,10 presentan cuatro sellos se-tanentes en un dise\u00f1o vertical. Los dise\u00f1os incorporan los temas de los pilares de la ONU: paz y seguridad, desarrollo y derechos humanos.<\/p>\n<p>El primer sello en la parte superior muestra la Tierra representada como un \u00e1rea verde, simbolizando crecimiento \u2014 las formas geom\u00e9tricas en su parte superior integran el desarrollo humano, arquitect\u00f3nico y comunitario.<\/p>\n<p>El segundo sello desde arriba refleja el enfoque en los derechos humanos \u2014 la paloma de la paz y la mano representan a la humanidad unida en el objetivo com\u00fan de tolerancia, aceptaci\u00f3n y amor.<\/p>\n<p>El tercer sello desde arriba muestra un arco\u00edris arquitect\u00f3nico que se integra con una paloma de la paz. Protege el follaje en crecimiento, lo que permite el crecimiento y desarrollo. Sin paz y seguridad, las comunidades no pueden prosperar.<\/p>\n<p>El sello en la parte inferior muestra la libertad de una mariposa, s\u00edmbolo de transformaci\u00f3n y esperanza. Integrada en la ala de la mariposa, una paloma est\u00e1 posada sobre un arco que es una ventana abierta en el cielo. Esto simboliza c\u00f3mo la paz necesita libertad para poder avanzar.<\/p>\n<p><strong>Fecha de emisi\u00f3n<\/strong>:24 de octubre de 2025<br \/>\n<strong>Dise\u00f1adora:<\/strong>Nora Rosansky (Naciones Unidas)<br \/>\n<strong>Tama\u00f1o del sello:<\/strong> 40\u00a0mm x 30\u00a0mm<br \/>\n<strong>Tama\u00f1o del pliego:<\/strong> 120\u00a0mm x 165\u00a0mm<br \/>\n<strong>Sellos por pliego:<\/strong> 4<br \/>\n<strong>Impresor:<\/strong> Joh. Ensched\u00e9 Stamps Security Printers B.V. (Reino de los Pa\u00edses Bajos)<br \/>\n<strong>Proceso:<\/strong> Litograf\u00eda offset<br \/>\n<strong>Cantidades:<\/strong><br \/>\n$1.70 10.000 pliegos<br \/>\nCHF 1,70 10.000 pliegos<br \/>\n\u20ac2,10 10.000 pliegos<\/p>\n","protected":false},"excerpt":{"rendered":"<p>La Administraci\u00f3n Postal de la ONU emitir\u00e1 tres pliegos de sellos el 24 de octubre de 2025 para celebrar el 80\u00ba aniversario de las Naciones Unidas. En el marco del 80\u00ba aniversario de la ONU este a\u00f1o, el Secretario General lanz\u00f3 la Iniciativa UN80, un esfuerzo de reforma a nivel del sistema para plantear y [&hellip;]<\/p>\n","protected":false},"featured_media":196791,"comment_status":"closed","ping_status":"closed","template":"","meta":{"ngg_post_thumbnail":0},"product_brand":[],"product_cat":[2956,929],"product_tag":[],"class_list":{"0":"post-196686","1":"product","2":"type-product","3":"status-publish","4":"has-post-thumbnail","6":"product_cat-2025-es","7":"product_cat-conmemorativos","9":"first","10":"instock","11":"shipping-taxable","12":"product-type-grouped"},"yoast_head":"<!-- This site is optimized with the Yoast SEO plugin v27.5 - https:\/\/yoast.com\/product\/yoast-seo-wordpress\/ -->\n<title>80\u00ba Aniversario De Las Naciones Unidas - UN Stamps<\/title>\n<meta name=\"robots\" content=\"index, follow, max-snippet:-1, max-image-preview:large, max-video-preview:-1\" \/>\n<link rel=\"canonical\" href=\"https:\/\/unstamps.org\/es\/producto\/80o-aniversario-de-las-naciones-unidas\/\" \/>\n<meta property=\"og:locale\" content=\"es_ES\" \/>\n<meta property=\"og:type\" content=\"article\" \/>\n<meta property=\"og:title\" content=\"80\u00ba Aniversario De Las Naciones Unidas - UN Stamps\" \/>\n<meta property=\"og:description\" content=\"La Administraci\u00f3n Postal de la ONU emitir\u00e1 tres pliegos de sellos el 24 de octubre de 2025 para celebrar el 80\u00ba aniversario de las Naciones Unidas. En el marco del 80\u00ba aniversario de la ONU este a\u00f1o, el Secretario General lanz\u00f3 la Iniciativa UN80, un esfuerzo de reforma a nivel del sistema para plantear y [&hellip;]\" \/>\n<meta property=\"og:url\" content=\"https:\/\/unstamps.org\/es\/producto\/80o-aniversario-de-las-naciones-unidas\/\" \/>\n<meta property=\"og:site_name\" content=\"UN Stamps\" \/>\n<meta property=\"article:modified_time\" content=\"2026-01-09T16:52:40+00:00\" \/>\n<meta property=\"og:image\" content=\"https:\/\/unstamps.org\/wp-content\/uploads\/2025\/10\/2025-UN80-FS-Group.jpg\" \/>\n\t<meta property=\"og:image:width\" content=\"1024\" \/>\n\t<meta property=\"og:image:height\" content=\"1024\" \/>\n\t<meta property=\"og:image:type\" content=\"image\/jpeg\" \/>\n<meta name=\"twitter:card\" content=\"summary_large_image\" \/>\n<meta name=\"twitter:label1\" content=\"Tiempo de lectura\" \/>\n\t<meta name=\"twitter:data1\" content=\"2 minutos\" \/>\n<script type=\"application\/ld+json\" class=\"yoast-schema-graph\">{\"@context\":\"https:\\\/\\\/schema.org\",\"@graph\":[{\"@type\":\"WebPage\",\"@id\":\"https:\\\/\\\/unstamps.org\\\/es\\\/producto\\\/80o-aniversario-de-las-naciones-unidas\\\/\",\"url\":\"https:\\\/\\\/unstamps.org\\\/es\\\/producto\\\/80o-aniversario-de-las-naciones-unidas\\\/\",\"name\":\"80\u00ba Aniversario De Las Naciones Unidas - UN Stamps\",\"isPartOf\":{\"@id\":\"https:\\\/\\\/unstamps.org\\\/es\\\/#website\"},\"primaryImageOfPage\":{\"@id\":\"https:\\\/\\\/unstamps.org\\\/es\\\/producto\\\/80o-aniversario-de-las-naciones-unidas\\\/#primaryimage\"},\"image\":{\"@id\":\"https:\\\/\\\/unstamps.org\\\/es\\\/producto\\\/80o-aniversario-de-las-naciones-unidas\\\/#primaryimage\"},\"thumbnailUrl\":\"https:\\\/\\\/unstamps.org\\\/wp-content\\\/uploads\\\/2025\\\/10\\\/2025-UN80-FS-Group.jpg\",\"datePublished\":\"2025-10-20T14:22:29+00:00\",\"dateModified\":\"2026-01-09T16:52:40+00:00\",\"breadcrumb\":{\"@id\":\"https:\\\/\\\/unstamps.org\\\/es\\\/producto\\\/80o-aniversario-de-las-naciones-unidas\\\/#breadcrumb\"},\"inLanguage\":\"es\",\"potentialAction\":[{\"@type\":\"ReadAction\",\"target\":[\"https:\\\/\\\/unstamps.org\\\/es\\\/producto\\\/80o-aniversario-de-las-naciones-unidas\\\/\"]}]},{\"@type\":\"ImageObject\",\"inLanguage\":\"es\",\"@id\":\"https:\\\/\\\/unstamps.org\\\/es\\\/producto\\\/80o-aniversario-de-las-naciones-unidas\\\/#primaryimage\",\"url\":\"https:\\\/\\\/unstamps.org\\\/wp-content\\\/uploads\\\/2025\\\/10\\\/2025-UN80-FS-Group.jpg\",\"contentUrl\":\"https:\\\/\\\/unstamps.org\\\/wp-content\\\/uploads\\\/2025\\\/10\\\/2025-UN80-FS-Group.jpg\",\"width\":1024,\"height\":1024},{\"@type\":\"BreadcrumbList\",\"@id\":\"https:\\\/\\\/unstamps.org\\\/es\\\/producto\\\/80o-aniversario-de-las-naciones-unidas\\\/#breadcrumb\",\"itemListElement\":[{\"@type\":\"ListItem\",\"position\":1,\"name\":\"Home\",\"item\":\"https:\\\/\\\/unstamps.org\\\/es\\\/\"},{\"@type\":\"ListItem\",\"position\":2,\"name\":\"Shop\",\"item\":\"https:\\\/\\\/unstamps.org\\\/es\\\/productos\\\/\"},{\"@type\":\"ListItem\",\"position\":3,\"name\":\"80\u00ba Aniversario De Las Naciones Unidas\"}]},{\"@type\":\"WebSite\",\"@id\":\"https:\\\/\\\/unstamps.org\\\/es\\\/#website\",\"url\":\"https:\\\/\\\/unstamps.org\\\/es\\\/\",\"name\":\"UN Stamps\",\"description\":\"United Nations Stamps\",\"publisher\":{\"@id\":\"https:\\\/\\\/unstamps.org\\\/es\\\/#organization\"},\"potentialAction\":[{\"@type\":\"SearchAction\",\"target\":{\"@type\":\"EntryPoint\",\"urlTemplate\":\"https:\\\/\\\/unstamps.org\\\/es\\\/?s={search_term_string}\"},\"query-input\":{\"@type\":\"PropertyValueSpecification\",\"valueRequired\":true,\"valueName\":\"search_term_string\"}}],\"inLanguage\":\"es\"},{\"@type\":\"Organization\",\"@id\":\"https:\\\/\\\/unstamps.org\\\/es\\\/#organization\",\"name\":\"UN Stamps\",\"url\":\"https:\\\/\\\/unstamps.org\\\/es\\\/\",\"logo\":{\"@type\":\"ImageObject\",\"inLanguage\":\"es\",\"@id\":\"https:\\\/\\\/unstamps.org\\\/es\\\/#\\\/schema\\\/logo\\\/image\\\/\",\"url\":\"https:\\\/\\\/unstamps.org\\\/wp-content\\\/uploads\\\/2014\\\/01\\\/logo4web.jpg\",\"contentUrl\":\"https:\\\/\\\/unstamps.org\\\/wp-content\\\/uploads\\\/2014\\\/01\\\/logo4web.jpg\",\"width\":2500,\"height\":250,\"caption\":\"UN Stamps\"},\"image\":{\"@id\":\"https:\\\/\\\/unstamps.org\\\/es\\\/#\\\/schema\\\/logo\\\/image\\\/\"}}]}<\/script>\n<!-- \/ Yoast SEO plugin. -->","yoast_head_json":{"title":"80\u00ba Aniversario De Las Naciones Unidas - UN Stamps","robots":{"index":"index","follow":"follow","max-snippet":"max-snippet:-1","max-image-preview":"max-image-preview:large","max-video-preview":"max-video-preview:-1"},"canonical":"https:\/\/unstamps.org\/es\/producto\/80o-aniversario-de-las-naciones-unidas\/","og_locale":"es_ES","og_type":"article","og_title":"80\u00ba Aniversario De Las Naciones Unidas - UN Stamps","og_description":"La Administraci\u00f3n Postal de la ONU emitir\u00e1 tres pliegos de sellos el 24 de octubre de 2025 para celebrar el 80\u00ba aniversario de las Naciones Unidas. En el marco del 80\u00ba aniversario de la ONU este a\u00f1o, el Secretario General lanz\u00f3 la Iniciativa UN80, un esfuerzo de reforma a nivel del sistema para plantear y [&hellip;]","og_url":"https:\/\/unstamps.org\/es\/producto\/80o-aniversario-de-las-naciones-unidas\/","og_site_name":"UN Stamps","article_modified_time":"2026-01-09T16:52:40+00:00","og_image":[{"width":1024,"height":1024,"url":"https:\/\/unstamps.org\/wp-content\/uploads\/2025\/10\/2025-UN80-FS-Group.jpg","type":"image\/jpeg"}],"twitter_card":"summary_large_image","twitter_misc":{"Tiempo de lectura":"2 minutos"},"schema":{"@context":"https:\/\/schema.org","@graph":[{"@type":"WebPage","@id":"https:\/\/unstamps.org\/es\/producto\/80o-aniversario-de-las-naciones-unidas\/","url":"https:\/\/unstamps.org\/es\/producto\/80o-aniversario-de-las-naciones-unidas\/","name":"80\u00ba Aniversario De Las Naciones Unidas - UN Stamps","isPartOf":{"@id":"https:\/\/unstamps.org\/es\/#website"},"primaryImageOfPage":{"@id":"https:\/\/unstamps.org\/es\/producto\/80o-aniversario-de-las-naciones-unidas\/#primaryimage"},"image":{"@id":"https:\/\/unstamps.org\/es\/producto\/80o-aniversario-de-las-naciones-unidas\/#primaryimage"},"thumbnailUrl":"https:\/\/unstamps.org\/wp-content\/uploads\/2025\/10\/2025-UN80-FS-Group.jpg","datePublished":"2025-10-20T14:22:29+00:00","dateModified":"2026-01-09T16:52:40+00:00","breadcrumb":{"@id":"https:\/\/unstamps.org\/es\/producto\/80o-aniversario-de-las-naciones-unidas\/#breadcrumb"},"inLanguage":"es","potentialAction":[{"@type":"ReadAction","target":["https:\/\/unstamps.org\/es\/producto\/80o-aniversario-de-las-naciones-unidas\/"]}]},{"@type":"ImageObject","inLanguage":"es","@id":"https:\/\/unstamps.org\/es\/producto\/80o-aniversario-de-las-naciones-unidas\/#primaryimage","url":"https:\/\/unstamps.org\/wp-content\/uploads\/2025\/10\/2025-UN80-FS-Group.jpg","contentUrl":"https:\/\/unstamps.org\/wp-content\/uploads\/2025\/10\/2025-UN80-FS-Group.jpg","width":1024,"height":1024},{"@type":"BreadcrumbList","@id":"https:\/\/unstamps.org\/es\/producto\/80o-aniversario-de-las-naciones-unidas\/#breadcrumb","itemListElement":[{"@type":"ListItem","position":1,"name":"Home","item":"https:\/\/unstamps.org\/es\/"},{"@type":"ListItem","position":2,"name":"Shop","item":"https:\/\/unstamps.org\/es\/productos\/"},{"@type":"ListItem","position":3,"name":"80\u00ba Aniversario De Las Naciones Unidas"}]},{"@type":"WebSite","@id":"https:\/\/unstamps.org\/es\/#website","url":"https:\/\/unstamps.org\/es\/","name":"UN Stamps","description":"United Nations Stamps","publisher":{"@id":"https:\/\/unstamps.org\/es\/#organization"},"potentialAction":[{"@type":"SearchAction","target":{"@type":"EntryPoint","urlTemplate":"https:\/\/unstamps.org\/es\/?s={search_term_string}"},"query-input":{"@type":"PropertyValueSpecification","valueRequired":true,"valueName":"search_term_string"}}],"inLanguage":"es"},{"@type":"Organization","@id":"https:\/\/unstamps.org\/es\/#organization","name":"UN Stamps","url":"https:\/\/unstamps.org\/es\/","logo":{"@type":"ImageObject","inLanguage":"es","@id":"https:\/\/unstamps.org\/es\/#\/schema\/logo\/image\/","url":"https:\/\/unstamps.org\/wp-content\/uploads\/2014\/01\/logo4web.jpg","contentUrl":"https:\/\/unstamps.org\/wp-content\/uploads\/2014\/01\/logo4web.jpg","width":2500,"height":250,"caption":"UN Stamps"},"image":{"@id":"https:\/\/unstamps.org\/es\/#\/schema\/logo\/image\/"}}]}},"jetpack_sharing_enabled":true,"publishpress_future_action":{"enabled":false,"date":"2026-05-15 23:22:48","action":"change-status","newStatus":"private","terms":[],"taxonomy":"product_cat","extraData":[]},"publishpress_future_workflow_manual_trigger":{"enabledWorkflows":[]},"_links":{"self":[{"href":"https:\/\/unstamps.org\/es\/wp-json\/wp\/v2\/product\/196686","targetHints":{"allow":["GET"]}}],"collection":[{"href":"https:\/\/unstamps.org\/es\/wp-json\/wp\/v2\/product"}],"about":[{"href":"https:\/\/unstamps.org\/es\/wp-json\/wp\/v2\/types\/product"}],"replies":[{"embeddable":true,"href":"https:\/\/unstamps.org\/es\/wp-json\/wp\/v2\/comments?post=196686"}],"wp:featuredmedia":[{"embeddable":true,"href":"https:\/\/unstamps.org\/es\/wp-json\/wp\/v2\/media\/196791"}],"wp:attachment":[{"href":"https:\/\/unstamps.org\/es\/wp-json\/wp\/v2\/media?parent=196686"}],"wp:term":[{"taxonomy":"product_brand","embeddable":true,"href":"https:\/\/unstamps.org\/es\/wp-json\/wp\/v2\/product_brand?post=196686"},{"taxonomy":"product_cat","embeddable":true,"href":"https:\/\/unstamps.org\/es\/wp-json\/wp\/v2\/product_cat?post=196686"},{"taxonomy":"product_tag","embeddable":true,"href":"https:\/\/unstamps.org\/es\/wp-json\/wp\/v2\/product_tag?post=196686"}],"curies":[{"name":"wp","href":"https:\/\/api.w.org\/{rel}","templated":true}]}}